{"id":288857,"date":"2017-05-30T10:36:31","date_gmt":"2017-05-30T07:36:31","guid":{"rendered":"https:\/\/sharks.ee\/vunder_2019\/lt\/product\/indelis-vandeniui-mara-by-marabu\/"},"modified":"2017-05-30T10:36:31","modified_gmt":"2017-05-30T07:36:31","slug":"indelis-vandeniui-mara-by-marabu","status":"publish","type":"product","link":"https:\/\/hobstop.ee\/lt\/produktas\/indelis-vandeniui-mara-by-marabu\/","title":{"rendered":"Indelis vandeniui mara by Marabu"},"content":{"rendered":"<p>Vandens indas skirtas teptukams i\u0161plauti. Indas yra padalintas \u012f dvi dalis \u2013 vienas su banguotu dugnu, skirtas teptukams i\u0161plauti ir kitas, su patogiais grioveliais, skirtais laikyti teptukus vandenyje. Kra\u0161te yra vieta 6 skirting\u0173 dyd\u017ei\u0173 12 teptukams saugiai laikyti. Dangtel\u012f galima naudoti kaip patogi\u0105 da\u017e\u0173 palet\u0119.<\/p>\n","protected":false},"excerpt":{"rendered":"<p>Vandens indas skirtas teptukams i\u0161plauti. Indas yra padalintas \u012f dvi dalis \u2013 vienas su banguotu dugnu, skirtas teptukams i\u0161plauti ir kitas, su patogiais grioveliais, skirtais laikyti teptukus vandenyje. Kra\u0161te yra vieta 6 skirting\u0173 dyd\u017ei\u0173 12 teptukams saugiai laikyti. Dangtel\u012f galima naudoti kaip patogi\u0105 da\u017e\u0173 palet\u0119.<\/p>\n","protected":false},"featured_media":0,"comment_status":"closed","ping_status":"closed","template":"","meta":{"_acf_changed":false,"ep_exclude_from_search":false},"product_cat":[18708,235,18926],"product_tag":[],"class_list":{"0":"post-288857","1":"product","2":"type-product","3":"status-publish","5":"product_cat-ivairus-10","6":"product_cat-mokyklines-prekes","7":"product_cat-tapymo-priemones","9":"first","10":"outofstock","11":"taxable","12":"shipping-taxable","13":"purchasable","14":"product-type-simple"},"acf":[],"yoast_head":"<!-- This site is optimized with the Yoast SEO plugin v24.1 - https:\/\/yoast.com\/wordpress\/plugins\/seo\/ -->\n<title>Indelis vandeniui mara by Marabu &#8211; Skizze<\/title>\n<meta name=\"robots\" content=\"noindex, follow, max-snippet:-1, max-image-preview:large, max-video-preview:-1\" \/>\n<meta property=\"og:locale\" content=\"lt_LT\" \/>\n<meta property=\"og:type\" content=\"article\" \/>\n<meta property=\"og:title\" content=\"Indelis vandeniui mara by Marabu &#8211; Skizze\" \/>\n<meta property=\"og:description\" content=\"Vandens indas skirtas teptukams i\u0161plauti. Indas yra padalintas \u012f dvi dalis \u2013 vienas su banguotu dugnu, skirtas teptukams i\u0161plauti ir kitas, su patogiais grioveliais, skirtais laikyti teptukus vandenyje. Kra\u0161te yra vieta 6 skirting\u0173 dyd\u017ei\u0173 12 teptukams saugiai laikyti. Dangtel\u012f galima naudoti kaip patogi\u0105 da\u017e\u0173 palet\u0119.\" \/>\n<meta property=\"og:url\" content=\"https:\/\/hobstop.ee\/lt\/produktas\/indelis-vandeniui-mara-by-marabu\/\" \/>\n<meta property=\"og:site_name\" content=\"Skizze\" \/>\n<meta property=\"article:publisher\" content=\"http:\/\/www.facebook.com\/VunderSkizze\" \/>\n<meta name=\"twitter:card\" content=\"summary_large_image\" \/>\n<script type=\"application\/ld+json\" class=\"yoast-schema-graph\">{\"@context\":\"https:\/\/schema.org\",\"@graph\":[{\"@type\":\"WebPage\",\"@id\":\"https:\/\/hobstop.ee\/lt\/produktas\/indelis-vandeniui-mara-by-marabu\/\",\"url\":\"https:\/\/hobstop.ee\/lt\/produktas\/indelis-vandeniui-mara-by-marabu\/\",\"name\":\"Indelis vandeniui mara by Marabu &#8211; Skizze\",\"isPartOf\":{\"@id\":\"https:\/\/hobstop.ee\/lt\/#website\"},\"datePublished\":\"2017-05-30T07:36:31+00:00\",\"dateModified\":\"2017-05-30T07:36:31+00:00\",\"breadcrumb\":{\"@id\":\"https:\/\/hobstop.ee\/lt\/produktas\/indelis-vandeniui-mara-by-marabu\/#breadcrumb\"},\"inLanguage\":\"lt\",\"potentialAction\":[{\"@type\":\"ReadAction\",\"target\":[\"https:\/\/hobstop.ee\/lt\/produktas\/indelis-vandeniui-mara-by-marabu\/\"]}]},{\"@type\":\"BreadcrumbList\",\"@id\":\"https:\/\/hobstop.ee\/lt\/produktas\/indelis-vandeniui-mara-by-marabu\/#breadcrumb\",\"itemListElement\":[{\"@type\":\"ListItem\",\"position\":1,\"name\":\"Avaleht\",\"item\":\"https:\/\/hobstop.ee\/lt\/\"},{\"@type\":\"ListItem\",\"position\":2,\"name\":\"Parduotuv\u0117\",\"item\":\"https:\/\/hobstop.ee\/lt\/parduotuve\/\"},{\"@type\":\"ListItem\",\"position\":3,\"name\":\"Indelis vandeniui mara by Marabu\"}]},{\"@type\":\"WebSite\",\"@id\":\"https:\/\/hobstop.ee\/lt\/#website\",\"url\":\"https:\/\/hobstop.ee\/lt\/\",\"name\":\"Skizze\",\"description\":\"Dail\u0117s, pom\u0117gi\u0173 ir mokykliniai reikm\u0117nys\",\"publisher\":{\"@id\":\"https:\/\/hobstop.ee\/lt\/#organization\"},\"potentialAction\":[{\"@type\":\"SearchAction\",\"target\":{\"@type\":\"EntryPoint\",\"urlTemplate\":\"https:\/\/hobstop.ee\/lt\/?s={search_term_string}\"},\"query-input\":{\"@type\":\"PropertyValueSpecification\",\"valueRequired\":true,\"valueName\":\"search_term_string\"}}],\"inLanguage\":\"lt\"},{\"@type\":\"Organization\",\"@id\":\"https:\/\/hobstop.ee\/lt\/#organization\",\"name\":\"Vunder AS\",\"url\":\"https:\/\/hobstop.ee\/lt\/\",\"logo\":{\"@type\":\"ImageObject\",\"inLanguage\":\"lt\",\"@id\":\"https:\/\/hobstop.ee\/lt\/#\/schema\/logo\/image\/\",\"url\":\"https:\/\/hobstop.ee\/media\/vunder-logo.png\",\"contentUrl\":\"https:\/\/hobstop.ee\/media\/vunder-logo.png\",\"width\":127,\"height\":55,\"caption\":\"Vunder AS\"},\"image\":{\"@id\":\"https:\/\/hobstop.ee\/lt\/#\/schema\/logo\/image\/\"},\"sameAs\":[\"http:\/\/www.facebook.com\/VunderSkizze\"]}]}<\/script>\n<!-- \/ Yoast SEO plugin. -->","yoast_head_json":{"title":"Indelis vandeniui mara by Marabu &#8211; Skizze","robots":{"index":"noindex","follow":"follow","max-snippet":"max-snippet:-1","max-image-preview":"max-image-preview:large","max-video-preview":"max-video-preview:-1"},"og_locale":"lt_LT","og_type":"article","og_title":"Indelis vandeniui mara by Marabu &#8211; Skizze","og_description":"Vandens indas skirtas teptukams i\u0161plauti. Indas yra padalintas \u012f dvi dalis \u2013 vienas su banguotu dugnu, skirtas teptukams i\u0161plauti ir kitas, su patogiais grioveliais, skirtais laikyti teptukus vandenyje. Kra\u0161te yra vieta 6 skirting\u0173 dyd\u017ei\u0173 12 teptukams saugiai laikyti. Dangtel\u012f galima naudoti kaip patogi\u0105 da\u017e\u0173 palet\u0119.","og_url":"https:\/\/hobstop.ee\/lt\/produktas\/indelis-vandeniui-mara-by-marabu\/","og_site_name":"Skizze","article_publisher":"http:\/\/www.facebook.com\/VunderSkizze","twitter_card":"summary_large_image","schema":{"@context":"https:\/\/schema.org","@graph":[{"@type":"WebPage","@id":"https:\/\/hobstop.ee\/lt\/produktas\/indelis-vandeniui-mara-by-marabu\/","url":"https:\/\/hobstop.ee\/lt\/produktas\/indelis-vandeniui-mara-by-marabu\/","name":"Indelis vandeniui mara by Marabu &#8211; Skizze","isPartOf":{"@id":"https:\/\/hobstop.ee\/lt\/#website"},"datePublished":"2017-05-30T07:36:31+00:00","dateModified":"2017-05-30T07:36:31+00:00","breadcrumb":{"@id":"https:\/\/hobstop.ee\/lt\/produktas\/indelis-vandeniui-mara-by-marabu\/#breadcrumb"},"inLanguage":"lt","potentialAction":[{"@type":"ReadAction","target":["https:\/\/hobstop.ee\/lt\/produktas\/indelis-vandeniui-mara-by-marabu\/"]}]},{"@type":"BreadcrumbList","@id":"https:\/\/hobstop.ee\/lt\/produktas\/indelis-vandeniui-mara-by-marabu\/#breadcrumb","itemListElement":[{"@type":"ListItem","position":1,"name":"Avaleht","item":"https:\/\/hobstop.ee\/lt\/"},{"@type":"ListItem","position":2,"name":"Parduotuv\u0117","item":"https:\/\/hobstop.ee\/lt\/parduotuve\/"},{"@type":"ListItem","position":3,"name":"Indelis vandeniui mara by Marabu"}]},{"@type":"WebSite","@id":"https:\/\/hobstop.ee\/lt\/#website","url":"https:\/\/hobstop.ee\/lt\/","name":"Skizze","description":"Dail\u0117s, pom\u0117gi\u0173 ir mokykliniai reikm\u0117nys","publisher":{"@id":"https:\/\/hobstop.ee\/lt\/#organization"},"potentialAction":[{"@type":"SearchAction","target":{"@type":"EntryPoint","urlTemplate":"https:\/\/hobstop.ee\/lt\/?s={search_term_string}"},"query-input":{"@type":"PropertyValueSpecification","valueRequired":true,"valueName":"search_term_string"}}],"inLanguage":"lt"},{"@type":"Organization","@id":"https:\/\/hobstop.ee\/lt\/#organization","name":"Vunder AS","url":"https:\/\/hobstop.ee\/lt\/","logo":{"@type":"ImageObject","inLanguage":"lt","@id":"https:\/\/hobstop.ee\/lt\/#\/schema\/logo\/image\/","url":"https:\/\/hobstop.ee\/media\/vunder-logo.png","contentUrl":"https:\/\/hobstop.ee\/media\/vunder-logo.png","width":127,"height":55,"caption":"Vunder AS"},"image":{"@id":"https:\/\/hobstop.ee\/lt\/#\/schema\/logo\/image\/"},"sameAs":["http:\/\/www.facebook.com\/VunderSkizze"]}]}},"_links":{"self":[{"href":"https:\/\/hobstop.ee\/lt\/wp-json\/wp\/v2\/product\/288857","targetHints":{"allow":["GET"]}}],"collection":[{"href":"https:\/\/hobstop.ee\/lt\/wp-json\/wp\/v2\/product"}],"about":[{"href":"https:\/\/hobstop.ee\/lt\/wp-json\/wp\/v2\/types\/product"}],"replies":[{"embeddable":true,"href":"https:\/\/hobstop.ee\/lt\/wp-json\/wp\/v2\/comments?post=288857"}],"wp:attachment":[{"href":"https:\/\/hobstop.ee\/lt\/wp-json\/wp\/v2\/media?parent=288857"}],"wp:term":[{"taxonomy":"product_cat","embeddable":true,"href":"https:\/\/hobstop.ee\/lt\/wp-json\/wp\/v2\/product_cat?post=288857"},{"taxonomy":"product_tag","embeddable":true,"href":"https:\/\/hobstop.ee\/lt\/wp-json\/wp\/v2\/product_tag?post=288857"}],"curies":[{"name":"wp","href":"https:\/\/api.w.org\/{rel}","templated":true}]}}