{"id":290521,"date":"2017-06-12T09:37:43","date_gmt":"2017-06-12T06:37:43","guid":{"rendered":"https:\/\/sharks.ee\/vunder_2019\/lt\/product\/droztukas-maped-i-gloo-eject\/"},"modified":"2017-06-12T09:37:43","modified_gmt":"2017-06-12T06:37:43","slug":"droztukas-maped-i-gloo-eject","status":"publish","type":"product","link":"https:\/\/hobstop.ee\/lt\/produktas\/droztukas-maped-i-gloo-eject\/","title":{"rendered":"Dro\u017etukas Maped I-gloo Eject"},"content":{"rendered":"<p>B\u016btinas tur\u0117ti dro\u017etukas \u201eI-Gloo\u201c su nul\u016b\u017eusi\u0173 \u0161erdeli\u0173 i\u0161traukimo funkcija. Nul\u016b\u017eusias \u0161erdeles galima i\u0161traukti, tod\u0117l dro\u017etukas niekada neu\u017esikem\u0161a \u2013 tik vienas spustel\u0117jimas ir nul\u016b\u017eusi \u0161erdel\u0117 i\u0161traukta. Ergonomi\u0161ka forma, tod\u0117l lengvai suimamas, puikiai telpa \u012f penal\u0105, nes yra nedidelis.<\/p>\n","protected":false},"excerpt":{"rendered":"<p>B\u016btinas tur\u0117ti dro\u017etukas \u201eI-Gloo\u201c su nul\u016b\u017eusi\u0173 \u0161erdeli\u0173 i\u0161traukimo funkcija. Nul\u016b\u017eusias \u0161erdeles galima i\u0161traukti, tod\u0117l dro\u017etukas niekada neu\u017esikem\u0161a \u2013 tik vienas spustel\u0117jimas ir nul\u016b\u017eusi \u0161erdel\u0117 i\u0161traukta. Ergonomi\u0161ka forma, tod\u0117l lengvai suimamas, puikiai telpa \u012f penal\u0105, nes yra nedidelis.<\/p>\n","protected":false},"featured_media":354468,"comment_status":"closed","ping_status":"closed","template":"","meta":{"_acf_changed":false,"ep_exclude_from_search":false},"product_cat":[10095,235,18634],"product_tag":[],"class_list":{"0":"post-290521","1":"product","2":"type-product","3":"status-publish","4":"has-post-thumbnail","6":"product_cat-muud-meisterdamist","7":"product_cat-mokyklines-prekes","8":"product_cat-piesimo-reikmenys-2","10":"first","11":"instock","12":"taxable","13":"shipping-taxable","14":"purchasable","15":"product-type-simple"},"acf":[],"yoast_head":"<!-- This site is optimized with the Yoast SEO plugin v24.1 - https:\/\/yoast.com\/wordpress\/plugins\/seo\/ -->\n<title>Dro\u017etukas Maped I-gloo Eject &#8211; Skizze<\/title>\n<meta name=\"robots\" content=\"noindex, follow, max-snippet:-1, max-image-preview:large, max-video-preview:-1\" \/>\n<meta property=\"og:locale\" content=\"lt_LT\" \/>\n<meta property=\"og:type\" content=\"article\" \/>\n<meta property=\"og:title\" content=\"Dro\u017etukas Maped I-gloo Eject &#8211; Skizze\" \/>\n<meta property=\"og:description\" content=\"B\u016btinas tur\u0117ti dro\u017etukas \u201eI-Gloo\u201c su nul\u016b\u017eusi\u0173 \u0161erdeli\u0173 i\u0161traukimo funkcija. Nul\u016b\u017eusias \u0161erdeles galima i\u0161traukti, tod\u0117l dro\u017etukas niekada neu\u017esikem\u0161a \u2013 tik vienas spustel\u0117jimas ir nul\u016b\u017eusi \u0161erdel\u0117 i\u0161traukta. Ergonomi\u0161ka forma, tod\u0117l lengvai suimamas, puikiai telpa \u012f penal\u0105, nes yra nedidelis.\" \/>\n<meta property=\"og:url\" content=\"https:\/\/hobstop.ee\/lt\/produktas\/droztukas-maped-i-gloo-eject\/\" \/>\n<meta property=\"og:site_name\" content=\"Skizze\" \/>\n<meta property=\"article:publisher\" content=\"http:\/\/www.facebook.com\/VunderSkizze\" \/>\n<meta property=\"og:image\" content=\"https:\/\/hobstop.ee\/media\/4450.jpg\" \/>\n\t<meta property=\"og:image:width\" content=\"1024\" \/>\n\t<meta property=\"og:image:height\" content=\"768\" \/>\n\t<meta property=\"og:image:type\" content=\"image\/jpeg\" \/>\n<meta name=\"twitter:card\" content=\"summary_large_image\" \/>\n<script type=\"application\/ld+json\" class=\"yoast-schema-graph\">{\"@context\":\"https:\/\/schema.org\",\"@graph\":[{\"@type\":\"WebPage\",\"@id\":\"https:\/\/hobstop.ee\/lt\/produktas\/droztukas-maped-i-gloo-eject\/\",\"url\":\"https:\/\/hobstop.ee\/lt\/produktas\/droztukas-maped-i-gloo-eject\/\",\"name\":\"Dro\u017etukas Maped I-gloo Eject &#8211; Skizze\",\"isPartOf\":{\"@id\":\"https:\/\/hobstop.ee\/lt\/#website\"},\"primaryImageOfPage\":{\"@id\":\"https:\/\/hobstop.ee\/lt\/produktas\/droztukas-maped-i-gloo-eject\/#primaryimage\"},\"image\":{\"@id\":\"https:\/\/hobstop.ee\/lt\/produktas\/droztukas-maped-i-gloo-eject\/#primaryimage\"},\"thumbnailUrl\":\"https:\/\/hobstop.ee\/media\/4450.jpg\",\"datePublished\":\"2017-06-12T06:37:43+00:00\",\"dateModified\":\"2017-06-12T06:37:43+00:00\",\"breadcrumb\":{\"@id\":\"https:\/\/hobstop.ee\/lt\/produktas\/droztukas-maped-i-gloo-eject\/#breadcrumb\"},\"inLanguage\":\"lt\",\"potentialAction\":[{\"@type\":\"ReadAction\",\"target\":[\"https:\/\/hobstop.ee\/lt\/produktas\/droztukas-maped-i-gloo-eject\/\"]}]},{\"@type\":\"ImageObject\",\"inLanguage\":\"lt\",\"@id\":\"https:\/\/hobstop.ee\/lt\/produktas\/droztukas-maped-i-gloo-eject\/#primaryimage\",\"url\":\"https:\/\/hobstop.ee\/media\/4450.jpg\",\"contentUrl\":\"https:\/\/hobstop.ee\/media\/4450.jpg\",\"width\":1024,\"height\":768},{\"@type\":\"BreadcrumbList\",\"@id\":\"https:\/\/hobstop.ee\/lt\/produktas\/droztukas-maped-i-gloo-eject\/#breadcrumb\",\"itemListElement\":[{\"@type\":\"ListItem\",\"position\":1,\"name\":\"Avaleht\",\"item\":\"https:\/\/hobstop.ee\/lt\/\"},{\"@type\":\"ListItem\",\"position\":2,\"name\":\"Parduotuv\u0117\",\"item\":\"https:\/\/hobstop.ee\/lt\/parduotuve\/\"},{\"@type\":\"ListItem\",\"position\":3,\"name\":\"Dro\u017etukas Maped I-gloo Eject\"}]},{\"@type\":\"WebSite\",\"@id\":\"https:\/\/hobstop.ee\/lt\/#website\",\"url\":\"https:\/\/hobstop.ee\/lt\/\",\"name\":\"Skizze\",\"description\":\"Dail\u0117s, pom\u0117gi\u0173 ir mokykliniai reikm\u0117nys\",\"publisher\":{\"@id\":\"https:\/\/hobstop.ee\/lt\/#organization\"},\"potentialAction\":[{\"@type\":\"SearchAction\",\"target\":{\"@type\":\"EntryPoint\",\"urlTemplate\":\"https:\/\/hobstop.ee\/lt\/?s={search_term_string}\"},\"query-input\":{\"@type\":\"PropertyValueSpecification\",\"valueRequired\":true,\"valueName\":\"search_term_string\"}}],\"inLanguage\":\"lt\"},{\"@type\":\"Organization\",\"@id\":\"https:\/\/hobstop.ee\/lt\/#organization\",\"name\":\"Vunder AS\",\"url\":\"https:\/\/hobstop.ee\/lt\/\",\"logo\":{\"@type\":\"ImageObject\",\"inLanguage\":\"lt\",\"@id\":\"https:\/\/hobstop.ee\/lt\/#\/schema\/logo\/image\/\",\"url\":\"https:\/\/hobstop.ee\/media\/vunder-logo.png\",\"contentUrl\":\"https:\/\/hobstop.ee\/media\/vunder-logo.png\",\"width\":127,\"height\":55,\"caption\":\"Vunder AS\"},\"image\":{\"@id\":\"https:\/\/hobstop.ee\/lt\/#\/schema\/logo\/image\/\"},\"sameAs\":[\"http:\/\/www.facebook.com\/VunderSkizze\"]}]}<\/script>\n<!-- \/ Yoast SEO plugin. -->","yoast_head_json":{"title":"Dro\u017etukas Maped I-gloo Eject &#8211; Skizze","robots":{"index":"noindex","follow":"follow","max-snippet":"max-snippet:-1","max-image-preview":"max-image-preview:large","max-video-preview":"max-video-preview:-1"},"og_locale":"lt_LT","og_type":"article","og_title":"Dro\u017etukas Maped I-gloo Eject &#8211; Skizze","og_description":"B\u016btinas tur\u0117ti dro\u017etukas \u201eI-Gloo\u201c su nul\u016b\u017eusi\u0173 \u0161erdeli\u0173 i\u0161traukimo funkcija. Nul\u016b\u017eusias \u0161erdeles galima i\u0161traukti, tod\u0117l dro\u017etukas niekada neu\u017esikem\u0161a \u2013 tik vienas spustel\u0117jimas ir nul\u016b\u017eusi \u0161erdel\u0117 i\u0161traukta. Ergonomi\u0161ka forma, tod\u0117l lengvai suimamas, puikiai telpa \u012f penal\u0105, nes yra nedidelis.","og_url":"https:\/\/hobstop.ee\/lt\/produktas\/droztukas-maped-i-gloo-eject\/","og_site_name":"Skizze","article_publisher":"http:\/\/www.facebook.com\/VunderSkizze","og_image":[{"width":1024,"height":768,"url":"https:\/\/hobstop.ee\/media\/4450.jpg","type":"image\/jpeg"}],"twitter_card":"summary_large_image","schema":{"@context":"https:\/\/schema.org","@graph":[{"@type":"WebPage","@id":"https:\/\/hobstop.ee\/lt\/produktas\/droztukas-maped-i-gloo-eject\/","url":"https:\/\/hobstop.ee\/lt\/produktas\/droztukas-maped-i-gloo-eject\/","name":"Dro\u017etukas Maped I-gloo Eject &#8211; Skizze","isPartOf":{"@id":"https:\/\/hobstop.ee\/lt\/#website"},"primaryImageOfPage":{"@id":"https:\/\/hobstop.ee\/lt\/produktas\/droztukas-maped-i-gloo-eject\/#primaryimage"},"image":{"@id":"https:\/\/hobstop.ee\/lt\/produktas\/droztukas-maped-i-gloo-eject\/#primaryimage"},"thumbnailUrl":"https:\/\/hobstop.ee\/media\/4450.jpg","datePublished":"2017-06-12T06:37:43+00:00","dateModified":"2017-06-12T06:37:43+00:00","breadcrumb":{"@id":"https:\/\/hobstop.ee\/lt\/produktas\/droztukas-maped-i-gloo-eject\/#breadcrumb"},"inLanguage":"lt","potentialAction":[{"@type":"ReadAction","target":["https:\/\/hobstop.ee\/lt\/produktas\/droztukas-maped-i-gloo-eject\/"]}]},{"@type":"ImageObject","inLanguage":"lt","@id":"https:\/\/hobstop.ee\/lt\/produktas\/droztukas-maped-i-gloo-eject\/#primaryimage","url":"https:\/\/hobstop.ee\/media\/4450.jpg","contentUrl":"https:\/\/hobstop.ee\/media\/4450.jpg","width":1024,"height":768},{"@type":"BreadcrumbList","@id":"https:\/\/hobstop.ee\/lt\/produktas\/droztukas-maped-i-gloo-eject\/#breadcrumb","itemListElement":[{"@type":"ListItem","position":1,"name":"Avaleht","item":"https:\/\/hobstop.ee\/lt\/"},{"@type":"ListItem","position":2,"name":"Parduotuv\u0117","item":"https:\/\/hobstop.ee\/lt\/parduotuve\/"},{"@type":"ListItem","position":3,"name":"Dro\u017etukas Maped I-gloo Eject"}]},{"@type":"WebSite","@id":"https:\/\/hobstop.ee\/lt\/#website","url":"https:\/\/hobstop.ee\/lt\/","name":"Skizze","description":"Dail\u0117s, pom\u0117gi\u0173 ir mokykliniai reikm\u0117nys","publisher":{"@id":"https:\/\/hobstop.ee\/lt\/#organization"},"potentialAction":[{"@type":"SearchAction","target":{"@type":"EntryPoint","urlTemplate":"https:\/\/hobstop.ee\/lt\/?s={search_term_string}"},"query-input":{"@type":"PropertyValueSpecification","valueRequired":true,"valueName":"search_term_string"}}],"inLanguage":"lt"},{"@type":"Organization","@id":"https:\/\/hobstop.ee\/lt\/#organization","name":"Vunder AS","url":"https:\/\/hobstop.ee\/lt\/","logo":{"@type":"ImageObject","inLanguage":"lt","@id":"https:\/\/hobstop.ee\/lt\/#\/schema\/logo\/image\/","url":"https:\/\/hobstop.ee\/media\/vunder-logo.png","contentUrl":"https:\/\/hobstop.ee\/media\/vunder-logo.png","width":127,"height":55,"caption":"Vunder AS"},"image":{"@id":"https:\/\/hobstop.ee\/lt\/#\/schema\/logo\/image\/"},"sameAs":["http:\/\/www.facebook.com\/VunderSkizze"]}]}},"_links":{"self":[{"href":"https:\/\/hobstop.ee\/lt\/wp-json\/wp\/v2\/product\/290521","targetHints":{"allow":["GET"]}}],"collection":[{"href":"https:\/\/hobstop.ee\/lt\/wp-json\/wp\/v2\/product"}],"about":[{"href":"https:\/\/hobstop.ee\/lt\/wp-json\/wp\/v2\/types\/product"}],"replies":[{"embeddable":true,"href":"https:\/\/hobstop.ee\/lt\/wp-json\/wp\/v2\/comments?post=290521"}],"wp:featuredmedia":[{"embeddable":true,"href":"https:\/\/hobstop.ee\/lt\/wp-json\/wp\/v2\/media\/354468"}],"wp:attachment":[{"href":"https:\/\/hobstop.ee\/lt\/wp-json\/wp\/v2\/media?parent=290521"}],"wp:term":[{"taxonomy":"product_cat","embeddable":true,"href":"https:\/\/hobstop.ee\/lt\/wp-json\/wp\/v2\/product_cat?post=290521"},{"taxonomy":"product_tag","embeddable":true,"href":"https:\/\/hobstop.ee\/lt\/wp-json\/wp\/v2\/product_tag?post=290521"}],"curies":[{"name":"wp","href":"https:\/\/api.w.org\/{rel}","templated":true}]}}