{"id":290541,"date":"2017-06-12T09:37:48","date_gmt":"2017-06-12T06:37:48","guid":{"rendered":"https:\/\/sharks.ee\/vunder_2019\/lt\/product\/piesimo-reikmenu-rinkinys-maped-colorpeps-my-first\/"},"modified":"2017-06-12T09:37:48","modified_gmt":"2017-06-12T06:37:48","slug":"piesimo-reikmenu-rinkinys-maped-colorpeps-early-age","status":"publish","type":"product","link":"https:\/\/hobstop.ee\/lt\/produktas\/piesimo-reikmenu-rinkinys-maped-colorpeps-early-age\/","title":{"rendered":"Pie\u0161imo reikmen\u0173 rinkinys Maped Color&#8217;Peps Early Age"},"content":{"rendered":"<p>\u201eMy first Color\u2018Peps\u201c rinkinys yra skirtas ma\u017eiems vaikams, nuo 1 met\u0173 am\u017eiaus. \u0160is rinkinys puikiai tinka pie\u0161imui bei spalvinimui ir yra visi\u0161kai saugus. Spalvinimo reikmenys yra supakuoti \u012f gra\u017e\u0173 nedidel\u012f ir ma\u017eomis rankut\u0117mis lengvai u\u017edarom\u0105 bei atidarom\u0105 lagamin\u0105 ir patogia rankena. <\/p>\n<p>Rinkinyje yra:<br \/>\n10 dideli\u0173 flomasteri\u0173<br \/>\n12 dideli\u0173 va\u0161kini\u0173 kreideli\u0173<br \/>\nDidelis plakatas (51&#215;33 cm)<br \/>\nPlastikinis lagaminas<\/p>\n","protected":false},"excerpt":{"rendered":"<p>\u201eMy first Color\u2018Peps\u201c rinkinys yra skirtas ma\u017eiems vaikams, nuo 1 met\u0173 am\u017eiaus. \u0160is rinkinys puikiai tinka pie\u0161imui bei spalvinimui ir yra visi\u0161kai saugus. Spalvinimo reikmenys yra supakuoti \u012f gra\u017e\u0173 nedidel\u012f ir ma\u017eomis rankut\u0117mis lengvai u\u017edarom\u0105 bei atidarom\u0105 lagamin\u0105 ir patogia rankena. Rinkinyje yra: 10 dideli\u0173 flomasteri\u0173 12 dideli\u0173 va\u0161kini\u0173 kreideli\u0173 Didelis plakatas (51&#215;33 cm) Plastikinis lagaminas<\/p>\n","protected":false},"featured_media":290677,"comment_status":"closed","ping_status":"closed","template":"","meta":{"_acf_changed":false,"ep_exclude_from_search":false},"product_cat":[20390,20396,19836],"product_tag":[],"class_list":{"0":"post-290541","1":"product","2":"type-product","3":"status-publish","4":"has-post-thumbnail","6":"product_cat-dailes-prekes-2","7":"product_cat-piesimas-2","8":"product_cat-vaiku-laisvalaikio-prekes","10":"first","11":"instock","12":"taxable","13":"shipping-taxable","14":"purchasable","15":"product-type-simple"},"acf":[],"yoast_head":"<!-- This site is optimized with the Yoast SEO plugin v24.1 - https:\/\/yoast.com\/wordpress\/plugins\/seo\/ -->\n<title>Pie\u0161imo reikmen\u0173 rinkinys Maped Color&#039;Peps Early Age &#8211; Skizze<\/title>\n<meta name=\"robots\" content=\"noindex, follow, max-snippet:-1, max-image-preview:large, max-video-preview:-1\" \/>\n<meta property=\"og:locale\" content=\"lt_LT\" \/>\n<meta property=\"og:type\" content=\"article\" \/>\n<meta property=\"og:title\" content=\"Pie\u0161imo reikmen\u0173 rinkinys Maped Color&#039;Peps Early Age &#8211; Skizze\" \/>\n<meta property=\"og:description\" content=\"\u201eMy first Color\u2018Peps\u201c rinkinys yra skirtas ma\u017eiems vaikams, nuo 1 met\u0173 am\u017eiaus. \u0160is rinkinys puikiai tinka pie\u0161imui bei spalvinimui ir yra visi\u0161kai saugus. Spalvinimo reikmenys yra supakuoti \u012f gra\u017e\u0173 nedidel\u012f ir ma\u017eomis rankut\u0117mis lengvai u\u017edarom\u0105 bei atidarom\u0105 lagamin\u0105 ir patogia rankena. Rinkinyje yra: 10 dideli\u0173 flomasteri\u0173 12 dideli\u0173 va\u0161kini\u0173 kreideli\u0173 Didelis plakatas (51&#215;33 cm) Plastikinis lagaminas\" \/>\n<meta property=\"og:url\" content=\"https:\/\/hobstop.ee\/lt\/produktas\/piesimo-reikmenu-rinkinys-maped-colorpeps-early-age\/\" \/>\n<meta property=\"og:site_name\" content=\"Skizze\" \/>\n<meta property=\"article:publisher\" content=\"http:\/\/www.facebook.com\/VunderSkizze\" \/>\n<meta property=\"og:image\" content=\"https:\/\/hobstop.ee\/media\/4572.jpg\" \/>\n\t<meta property=\"og:image:width\" content=\"1024\" \/>\n\t<meta property=\"og:image:height\" content=\"768\" \/>\n\t<meta property=\"og:image:type\" content=\"image\/jpeg\" \/>\n<meta name=\"twitter:card\" content=\"summary_large_image\" \/>\n<script type=\"application\/ld+json\" class=\"yoast-schema-graph\">{\"@context\":\"https:\/\/schema.org\",\"@graph\":[{\"@type\":\"WebPage\",\"@id\":\"https:\/\/hobstop.ee\/lt\/produktas\/piesimo-reikmenu-rinkinys-maped-colorpeps-early-age\/\",\"url\":\"https:\/\/hobstop.ee\/lt\/produktas\/piesimo-reikmenu-rinkinys-maped-colorpeps-early-age\/\",\"name\":\"Pie\u0161imo reikmen\u0173 rinkinys Maped Color'Peps Early Age &#8211; Skizze\",\"isPartOf\":{\"@id\":\"https:\/\/hobstop.ee\/lt\/#website\"},\"primaryImageOfPage\":{\"@id\":\"https:\/\/hobstop.ee\/lt\/produktas\/piesimo-reikmenu-rinkinys-maped-colorpeps-early-age\/#primaryimage\"},\"image\":{\"@id\":\"https:\/\/hobstop.ee\/lt\/produktas\/piesimo-reikmenu-rinkinys-maped-colorpeps-early-age\/#primaryimage\"},\"thumbnailUrl\":\"https:\/\/hobstop.ee\/media\/4572.jpg\",\"datePublished\":\"2017-06-12T06:37:48+00:00\",\"dateModified\":\"2017-06-12T06:37:48+00:00\",\"breadcrumb\":{\"@id\":\"https:\/\/hobstop.ee\/lt\/produktas\/piesimo-reikmenu-rinkinys-maped-colorpeps-early-age\/#breadcrumb\"},\"inLanguage\":\"lt\",\"potentialAction\":[{\"@type\":\"ReadAction\",\"target\":[\"https:\/\/hobstop.ee\/lt\/produktas\/piesimo-reikmenu-rinkinys-maped-colorpeps-early-age\/\"]}]},{\"@type\":\"ImageObject\",\"inLanguage\":\"lt\",\"@id\":\"https:\/\/hobstop.ee\/lt\/produktas\/piesimo-reikmenu-rinkinys-maped-colorpeps-early-age\/#primaryimage\",\"url\":\"https:\/\/hobstop.ee\/media\/4572.jpg\",\"contentUrl\":\"https:\/\/hobstop.ee\/media\/4572.jpg\",\"width\":1024,\"height\":768},{\"@type\":\"BreadcrumbList\",\"@id\":\"https:\/\/hobstop.ee\/lt\/produktas\/piesimo-reikmenu-rinkinys-maped-colorpeps-early-age\/#breadcrumb\",\"itemListElement\":[{\"@type\":\"ListItem\",\"position\":1,\"name\":\"Avaleht\",\"item\":\"https:\/\/hobstop.ee\/lt\/\"},{\"@type\":\"ListItem\",\"position\":2,\"name\":\"Parduotuv\u0117\",\"item\":\"https:\/\/hobstop.ee\/lt\/parduotuve\/\"},{\"@type\":\"ListItem\",\"position\":3,\"name\":\"Pie\u0161imo reikmen\u0173 rinkinys Maped Color&#8217;Peps Early Age\"}]},{\"@type\":\"WebSite\",\"@id\":\"https:\/\/hobstop.ee\/lt\/#website\",\"url\":\"https:\/\/hobstop.ee\/lt\/\",\"name\":\"Skizze\",\"description\":\"Dail\u0117s, pom\u0117gi\u0173 ir mokykliniai reikm\u0117nys\",\"publisher\":{\"@id\":\"https:\/\/hobstop.ee\/lt\/#organization\"},\"potentialAction\":[{\"@type\":\"SearchAction\",\"target\":{\"@type\":\"EntryPoint\",\"urlTemplate\":\"https:\/\/hobstop.ee\/lt\/?s={search_term_string}\"},\"query-input\":{\"@type\":\"PropertyValueSpecification\",\"valueRequired\":true,\"valueName\":\"search_term_string\"}}],\"inLanguage\":\"lt\"},{\"@type\":\"Organization\",\"@id\":\"https:\/\/hobstop.ee\/lt\/#organization\",\"name\":\"Vunder AS\",\"url\":\"https:\/\/hobstop.ee\/lt\/\",\"logo\":{\"@type\":\"ImageObject\",\"inLanguage\":\"lt\",\"@id\":\"https:\/\/hobstop.ee\/lt\/#\/schema\/logo\/image\/\",\"url\":\"https:\/\/hobstop.ee\/media\/vunder-logo.png\",\"contentUrl\":\"https:\/\/hobstop.ee\/media\/vunder-logo.png\",\"width\":127,\"height\":55,\"caption\":\"Vunder AS\"},\"image\":{\"@id\":\"https:\/\/hobstop.ee\/lt\/#\/schema\/logo\/image\/\"},\"sameAs\":[\"http:\/\/www.facebook.com\/VunderSkizze\"]}]}<\/script>\n<!-- \/ Yoast SEO plugin. -->","yoast_head_json":{"title":"Pie\u0161imo reikmen\u0173 rinkinys Maped Color'Peps Early Age &#8211; Skizze","robots":{"index":"noindex","follow":"follow","max-snippet":"max-snippet:-1","max-image-preview":"max-image-preview:large","max-video-preview":"max-video-preview:-1"},"og_locale":"lt_LT","og_type":"article","og_title":"Pie\u0161imo reikmen\u0173 rinkinys Maped Color'Peps Early Age &#8211; Skizze","og_description":"\u201eMy first Color\u2018Peps\u201c rinkinys yra skirtas ma\u017eiems vaikams, nuo 1 met\u0173 am\u017eiaus. \u0160is rinkinys puikiai tinka pie\u0161imui bei spalvinimui ir yra visi\u0161kai saugus. Spalvinimo reikmenys yra supakuoti \u012f gra\u017e\u0173 nedidel\u012f ir ma\u017eomis rankut\u0117mis lengvai u\u017edarom\u0105 bei atidarom\u0105 lagamin\u0105 ir patogia rankena. Rinkinyje yra: 10 dideli\u0173 flomasteri\u0173 12 dideli\u0173 va\u0161kini\u0173 kreideli\u0173 Didelis plakatas (51&#215;33 cm) Plastikinis lagaminas","og_url":"https:\/\/hobstop.ee\/lt\/produktas\/piesimo-reikmenu-rinkinys-maped-colorpeps-early-age\/","og_site_name":"Skizze","article_publisher":"http:\/\/www.facebook.com\/VunderSkizze","og_image":[{"width":1024,"height":768,"url":"https:\/\/hobstop.ee\/media\/4572.jpg","type":"image\/jpeg"}],"twitter_card":"summary_large_image","schema":{"@context":"https:\/\/schema.org","@graph":[{"@type":"WebPage","@id":"https:\/\/hobstop.ee\/lt\/produktas\/piesimo-reikmenu-rinkinys-maped-colorpeps-early-age\/","url":"https:\/\/hobstop.ee\/lt\/produktas\/piesimo-reikmenu-rinkinys-maped-colorpeps-early-age\/","name":"Pie\u0161imo reikmen\u0173 rinkinys Maped Color'Peps Early Age &#8211; Skizze","isPartOf":{"@id":"https:\/\/hobstop.ee\/lt\/#website"},"primaryImageOfPage":{"@id":"https:\/\/hobstop.ee\/lt\/produktas\/piesimo-reikmenu-rinkinys-maped-colorpeps-early-age\/#primaryimage"},"image":{"@id":"https:\/\/hobstop.ee\/lt\/produktas\/piesimo-reikmenu-rinkinys-maped-colorpeps-early-age\/#primaryimage"},"thumbnailUrl":"https:\/\/hobstop.ee\/media\/4572.jpg","datePublished":"2017-06-12T06:37:48+00:00","dateModified":"2017-06-12T06:37:48+00:00","breadcrumb":{"@id":"https:\/\/hobstop.ee\/lt\/produktas\/piesimo-reikmenu-rinkinys-maped-colorpeps-early-age\/#breadcrumb"},"inLanguage":"lt","potentialAction":[{"@type":"ReadAction","target":["https:\/\/hobstop.ee\/lt\/produktas\/piesimo-reikmenu-rinkinys-maped-colorpeps-early-age\/"]}]},{"@type":"ImageObject","inLanguage":"lt","@id":"https:\/\/hobstop.ee\/lt\/produktas\/piesimo-reikmenu-rinkinys-maped-colorpeps-early-age\/#primaryimage","url":"https:\/\/hobstop.ee\/media\/4572.jpg","contentUrl":"https:\/\/hobstop.ee\/media\/4572.jpg","width":1024,"height":768},{"@type":"BreadcrumbList","@id":"https:\/\/hobstop.ee\/lt\/produktas\/piesimo-reikmenu-rinkinys-maped-colorpeps-early-age\/#breadcrumb","itemListElement":[{"@type":"ListItem","position":1,"name":"Avaleht","item":"https:\/\/hobstop.ee\/lt\/"},{"@type":"ListItem","position":2,"name":"Parduotuv\u0117","item":"https:\/\/hobstop.ee\/lt\/parduotuve\/"},{"@type":"ListItem","position":3,"name":"Pie\u0161imo reikmen\u0173 rinkinys Maped Color&#8217;Peps Early Age"}]},{"@type":"WebSite","@id":"https:\/\/hobstop.ee\/lt\/#website","url":"https:\/\/hobstop.ee\/lt\/","name":"Skizze","description":"Dail\u0117s, pom\u0117gi\u0173 ir mokykliniai reikm\u0117nys","publisher":{"@id":"https:\/\/hobstop.ee\/lt\/#organization"},"potentialAction":[{"@type":"SearchAction","target":{"@type":"EntryPoint","urlTemplate":"https:\/\/hobstop.ee\/lt\/?s={search_term_string}"},"query-input":{"@type":"PropertyValueSpecification","valueRequired":true,"valueName":"search_term_string"}}],"inLanguage":"lt"},{"@type":"Organization","@id":"https:\/\/hobstop.ee\/lt\/#organization","name":"Vunder AS","url":"https:\/\/hobstop.ee\/lt\/","logo":{"@type":"ImageObject","inLanguage":"lt","@id":"https:\/\/hobstop.ee\/lt\/#\/schema\/logo\/image\/","url":"https:\/\/hobstop.ee\/media\/vunder-logo.png","contentUrl":"https:\/\/hobstop.ee\/media\/vunder-logo.png","width":127,"height":55,"caption":"Vunder AS"},"image":{"@id":"https:\/\/hobstop.ee\/lt\/#\/schema\/logo\/image\/"},"sameAs":["http:\/\/www.facebook.com\/VunderSkizze"]}]}},"_links":{"self":[{"href":"https:\/\/hobstop.ee\/lt\/wp-json\/wp\/v2\/product\/290541","targetHints":{"allow":["GET"]}}],"collection":[{"href":"https:\/\/hobstop.ee\/lt\/wp-json\/wp\/v2\/product"}],"about":[{"href":"https:\/\/hobstop.ee\/lt\/wp-json\/wp\/v2\/types\/product"}],"replies":[{"embeddable":true,"href":"https:\/\/hobstop.ee\/lt\/wp-json\/wp\/v2\/comments?post=290541"}],"wp:featuredmedia":[{"embeddable":true,"href":"https:\/\/hobstop.ee\/lt\/wp-json\/wp\/v2\/media\/290677"}],"wp:attachment":[{"href":"https:\/\/hobstop.ee\/lt\/wp-json\/wp\/v2\/media?parent=290541"}],"wp:term":[{"taxonomy":"product_cat","embeddable":true,"href":"https:\/\/hobstop.ee\/lt\/wp-json\/wp\/v2\/product_cat?post=290541"},{"taxonomy":"product_tag","embeddable":true,"href":"https:\/\/hobstop.ee\/lt\/wp-json\/wp\/v2\/product_tag?post=290541"}],"curies":[{"name":"wp","href":"https:\/\/api.w.org\/{rel}","templated":true}]}}