{"id":291189,"date":"2017-06-22T12:51:30","date_gmt":"2017-06-22T09:51:30","guid":{"rendered":"https:\/\/sharks.ee\/vunder_2019\/lt\/product\/spalvoto-popieriaus-bloknotas-tallinna-loomaaia-toetuseks\/"},"modified":"2017-06-22T12:51:30","modified_gmt":"2017-06-22T09:51:30","slug":"spalvoto-popieriaus-bloknotas-tallinna-loomaaia-toetuseks","status":"publish","type":"product","link":"https:\/\/hobstop.ee\/lt\/produktas\/spalvoto-popieriaus-bloknotas-tallinna-loomaaia-toetuseks\/","title":{"rendered":"Spalvoto popieriaus bloknotas Tallinna Loomaaia Toetuseks"},"content":{"rendered":"<p>Talino zoologijos sodo teminis spalvoto popieriaus bloknotas yra pagamintas bendradarbiaujant su Talino zoologijos sodo draug\u0173 draugija, kurios tikslas yra remti Talino zoologijos sod\u0105 \u2013 nuo kiekvieno parduoto bloknoto penki centai yra skiriami Talino zoologijos sodui. Ant bloknoto pavaizduoti gyv\u016bnai tikrai gyvena Talino zoologijos sode \u2013 \u0161iaur\u0117s me\u0161kos Nordas ir Frida, am\u016bro leopard\u0117 Darla ir \u017ealiasis pitonas Cedrikas. Bloknote yra 18 lap\u0173, penki\u0173 i\u0161 j\u0173 viena pus\u0117 yra spalvota, o kita pus\u0117 i\u0161marginta \u0161auniais gyv\u016bn\u0173 kailio ar odos ra\u0161tais. Bloknote yra popierius su spaudiniu. Bloknote yra 13 vienspalvi\u0173 lap\u0173: po du lapus raudonos, tamsiai m\u0117lynos, tamsiai \u017ealios ir geltonos spalvos, po vien\u0105 lap\u0105 tamsiai rudos, turkio, \u017ealios, rausvos ir \u0161viesiai m\u0117lyno spalvos. Be to penki dvipusiai lapai: juodos\/krokodilo odos, rusvos\/\u0161iaur\u0117s me\u0161kos, pilkos\/dramblio odos, oran\u017ein\u0117s\/leopardo kailio ra\u0161to ir \u017ealios\/pitono odos spalvos.<\/p>\n","protected":false},"excerpt":{"rendered":"<p>Talino zoologijos sodo teminis spalvoto popieriaus bloknotas yra pagamintas bendradarbiaujant su Talino zoologijos sodo draug\u0173 draugija, kurios tikslas yra remti Talino zoologijos sod\u0105 \u2013 nuo kiekvieno parduoto bloknoto penki centai yra skiriami Talino zoologijos sodui. Ant bloknoto pavaizduoti gyv\u016bnai tikrai gyvena Talino zoologijos sode \u2013 \u0161iaur\u0117s me\u0161kos Nordas ir Frida, am\u016bro leopard\u0117 Darla ir \u017ealiasis pitonas Cedrikas. Bloknote yra 18 lap\u0173, penki\u0173 i\u0161 j\u0173 viena pus\u0117 yra spalvota, o kita pus\u0117 i\u0161marginta \u0161auniais gyv\u016bn\u0173 kailio ar odos ra\u0161tais. Bloknote yra popierius su spaudiniu. Bloknote yra 13 vienspalvi\u0173 lap\u0173: po du lapus raudonos, tamsiai m\u0117lynos, tamsiai \u017ealios ir geltonos spalvos, po vien\u0105 lap\u0105 tamsiai rudos, turkio, \u017ealios, rausvos ir \u0161viesiai m\u0117lyno spalvos. Be to penki dvipusiai lapai: juodos\/krokodilo odos, rusvos\/\u0161iaur\u0117s me\u0161kos, pilkos\/dramblio odos, oran\u017ein\u0117s\/leopardo kailio ra\u0161to ir \u017ealios\/pitono odos spalvos.<\/p>\n","protected":false},"featured_media":353016,"comment_status":"closed","ping_status":"closed","template":"","meta":{"_acf_changed":false,"ep_exclude_from_search":false},"product_cat":[18941,17922,15039],"product_tag":[],"class_list":{"0":"post-291189","1":"product","2":"type-product","3":"status-publish","4":"has-post-thumbnail","6":"product_cat-mokykla-2","7":"product_cat-popieriaus-prekes","8":"product_cat-sunteetiline","10":"first","11":"instock","12":"taxable","13":"shipping-taxable","14":"purchasable","15":"product-type-simple"},"acf":[],"yoast_head":"<!-- This site is optimized with the Yoast SEO plugin v24.1 - https:\/\/yoast.com\/wordpress\/plugins\/seo\/ -->\n<title>Spalvoto popieriaus bloknotas Tallinna Loomaaia Toetuseks &#8211; Skizze<\/title>\n<meta name=\"robots\" content=\"noindex, follow, max-snippet:-1, max-image-preview:large, max-video-preview:-1\" \/>\n<meta property=\"og:locale\" content=\"lt_LT\" \/>\n<meta property=\"og:type\" content=\"article\" \/>\n<meta property=\"og:title\" content=\"Spalvoto popieriaus bloknotas Tallinna Loomaaia Toetuseks &#8211; Skizze\" \/>\n<meta property=\"og:description\" content=\"Talino zoologijos sodo teminis spalvoto popieriaus bloknotas yra pagamintas bendradarbiaujant su Talino zoologijos sodo draug\u0173 draugija, kurios tikslas yra remti Talino zoologijos sod\u0105 \u2013 nuo kiekvieno parduoto bloknoto penki centai yra skiriami Talino zoologijos sodui. Ant bloknoto pavaizduoti gyv\u016bnai tikrai gyvena Talino zoologijos sode \u2013 \u0161iaur\u0117s me\u0161kos Nordas ir Frida, am\u016bro leopard\u0117 Darla ir \u017ealiasis pitonas Cedrikas. Bloknote yra 18 lap\u0173, penki\u0173 i\u0161 j\u0173 viena pus\u0117 yra spalvota, o kita pus\u0117 i\u0161marginta \u0161auniais gyv\u016bn\u0173 kailio ar odos ra\u0161tais. Bloknote yra popierius su spaudiniu. Bloknote yra 13 vienspalvi\u0173 lap\u0173: po du lapus raudonos, tamsiai m\u0117lynos, tamsiai \u017ealios ir geltonos spalvos, po vien\u0105 lap\u0105 tamsiai rudos, turkio, \u017ealios, rausvos ir \u0161viesiai m\u0117lyno spalvos. Be to penki dvipusiai lapai: juodos\/krokodilo odos, rusvos\/\u0161iaur\u0117s me\u0161kos, pilkos\/dramblio odos, oran\u017ein\u0117s\/leopardo kailio ra\u0161to ir \u017ealios\/pitono odos spalvos.\" \/>\n<meta property=\"og:url\" content=\"https:\/\/hobstop.ee\/lt\/produktas\/spalvoto-popieriaus-bloknotas-tallinna-loomaaia-toetuseks\/\" \/>\n<meta property=\"og:site_name\" content=\"Skizze\" \/>\n<meta property=\"article:publisher\" content=\"http:\/\/www.facebook.com\/VunderSkizze\" \/>\n<meta property=\"og:image\" content=\"https:\/\/hobstop.ee\/media\/4595.jpg\" \/>\n\t<meta property=\"og:image:width\" content=\"1024\" \/>\n\t<meta property=\"og:image:height\" content=\"768\" \/>\n\t<meta property=\"og:image:type\" content=\"image\/jpeg\" \/>\n<meta name=\"twitter:card\" content=\"summary_large_image\" \/>\n<meta name=\"twitter:label1\" content=\"Est. reading time\" \/>\n\t<meta name=\"twitter:data1\" content=\"1 minute\" \/>\n<script type=\"application\/ld+json\" class=\"yoast-schema-graph\">{\"@context\":\"https:\/\/schema.org\",\"@graph\":[{\"@type\":\"WebPage\",\"@id\":\"https:\/\/hobstop.ee\/lt\/produktas\/spalvoto-popieriaus-bloknotas-tallinna-loomaaia-toetuseks\/\",\"url\":\"https:\/\/hobstop.ee\/lt\/produktas\/spalvoto-popieriaus-bloknotas-tallinna-loomaaia-toetuseks\/\",\"name\":\"Spalvoto popieriaus bloknotas Tallinna Loomaaia Toetuseks &#8211; Skizze\",\"isPartOf\":{\"@id\":\"https:\/\/hobstop.ee\/lt\/#website\"},\"primaryImageOfPage\":{\"@id\":\"https:\/\/hobstop.ee\/lt\/produktas\/spalvoto-popieriaus-bloknotas-tallinna-loomaaia-toetuseks\/#primaryimage\"},\"image\":{\"@id\":\"https:\/\/hobstop.ee\/lt\/produktas\/spalvoto-popieriaus-bloknotas-tallinna-loomaaia-toetuseks\/#primaryimage\"},\"thumbnailUrl\":\"https:\/\/hobstop.ee\/media\/4595.jpg\",\"datePublished\":\"2017-06-22T09:51:30+00:00\",\"dateModified\":\"2017-06-22T09:51:30+00:00\",\"breadcrumb\":{\"@id\":\"https:\/\/hobstop.ee\/lt\/produktas\/spalvoto-popieriaus-bloknotas-tallinna-loomaaia-toetuseks\/#breadcrumb\"},\"inLanguage\":\"lt\",\"potentialAction\":[{\"@type\":\"ReadAction\",\"target\":[\"https:\/\/hobstop.ee\/lt\/produktas\/spalvoto-popieriaus-bloknotas-tallinna-loomaaia-toetuseks\/\"]}]},{\"@type\":\"ImageObject\",\"inLanguage\":\"lt\",\"@id\":\"https:\/\/hobstop.ee\/lt\/produktas\/spalvoto-popieriaus-bloknotas-tallinna-loomaaia-toetuseks\/#primaryimage\",\"url\":\"https:\/\/hobstop.ee\/media\/4595.jpg\",\"contentUrl\":\"https:\/\/hobstop.ee\/media\/4595.jpg\",\"width\":1024,\"height\":768},{\"@type\":\"BreadcrumbList\",\"@id\":\"https:\/\/hobstop.ee\/lt\/produktas\/spalvoto-popieriaus-bloknotas-tallinna-loomaaia-toetuseks\/#breadcrumb\",\"itemListElement\":[{\"@type\":\"ListItem\",\"position\":1,\"name\":\"Avaleht\",\"item\":\"https:\/\/hobstop.ee\/lt\/\"},{\"@type\":\"ListItem\",\"position\":2,\"name\":\"Parduotuv\u0117\",\"item\":\"https:\/\/hobstop.ee\/lt\/parduotuve\/\"},{\"@type\":\"ListItem\",\"position\":3,\"name\":\"Spalvoto popieriaus bloknotas Tallinna Loomaaia Toetuseks\"}]},{\"@type\":\"WebSite\",\"@id\":\"https:\/\/hobstop.ee\/lt\/#website\",\"url\":\"https:\/\/hobstop.ee\/lt\/\",\"name\":\"Skizze\",\"description\":\"Dail\u0117s, pom\u0117gi\u0173 ir mokykliniai reikm\u0117nys\",\"publisher\":{\"@id\":\"https:\/\/hobstop.ee\/lt\/#organization\"},\"potentialAction\":[{\"@type\":\"SearchAction\",\"target\":{\"@type\":\"EntryPoint\",\"urlTemplate\":\"https:\/\/hobstop.ee\/lt\/?s={search_term_string}\"},\"query-input\":{\"@type\":\"PropertyValueSpecification\",\"valueRequired\":true,\"valueName\":\"search_term_string\"}}],\"inLanguage\":\"lt\"},{\"@type\":\"Organization\",\"@id\":\"https:\/\/hobstop.ee\/lt\/#organization\",\"name\":\"Vunder AS\",\"url\":\"https:\/\/hobstop.ee\/lt\/\",\"logo\":{\"@type\":\"ImageObject\",\"inLanguage\":\"lt\",\"@id\":\"https:\/\/hobstop.ee\/lt\/#\/schema\/logo\/image\/\",\"url\":\"https:\/\/hobstop.ee\/media\/vunder-logo.png\",\"contentUrl\":\"https:\/\/hobstop.ee\/media\/vunder-logo.png\",\"width\":127,\"height\":55,\"caption\":\"Vunder AS\"},\"image\":{\"@id\":\"https:\/\/hobstop.ee\/lt\/#\/schema\/logo\/image\/\"},\"sameAs\":[\"http:\/\/www.facebook.com\/VunderSkizze\"]}]}<\/script>\n<!-- \/ Yoast SEO plugin. -->","yoast_head_json":{"title":"Spalvoto popieriaus bloknotas Tallinna Loomaaia Toetuseks &#8211; Skizze","robots":{"index":"noindex","follow":"follow","max-snippet":"max-snippet:-1","max-image-preview":"max-image-preview:large","max-video-preview":"max-video-preview:-1"},"og_locale":"lt_LT","og_type":"article","og_title":"Spalvoto popieriaus bloknotas Tallinna Loomaaia Toetuseks &#8211; Skizze","og_description":"Talino zoologijos sodo teminis spalvoto popieriaus bloknotas yra pagamintas bendradarbiaujant su Talino zoologijos sodo draug\u0173 draugija, kurios tikslas yra remti Talino zoologijos sod\u0105 \u2013 nuo kiekvieno parduoto bloknoto penki centai yra skiriami Talino zoologijos sodui. Ant bloknoto pavaizduoti gyv\u016bnai tikrai gyvena Talino zoologijos sode \u2013 \u0161iaur\u0117s me\u0161kos Nordas ir Frida, am\u016bro leopard\u0117 Darla ir \u017ealiasis pitonas Cedrikas. Bloknote yra 18 lap\u0173, penki\u0173 i\u0161 j\u0173 viena pus\u0117 yra spalvota, o kita pus\u0117 i\u0161marginta \u0161auniais gyv\u016bn\u0173 kailio ar odos ra\u0161tais. Bloknote yra popierius su spaudiniu. Bloknote yra 13 vienspalvi\u0173 lap\u0173: po du lapus raudonos, tamsiai m\u0117lynos, tamsiai \u017ealios ir geltonos spalvos, po vien\u0105 lap\u0105 tamsiai rudos, turkio, \u017ealios, rausvos ir \u0161viesiai m\u0117lyno spalvos. Be to penki dvipusiai lapai: juodos\/krokodilo odos, rusvos\/\u0161iaur\u0117s me\u0161kos, pilkos\/dramblio odos, oran\u017ein\u0117s\/leopardo kailio ra\u0161to ir \u017ealios\/pitono odos spalvos.","og_url":"https:\/\/hobstop.ee\/lt\/produktas\/spalvoto-popieriaus-bloknotas-tallinna-loomaaia-toetuseks\/","og_site_name":"Skizze","article_publisher":"http:\/\/www.facebook.com\/VunderSkizze","og_image":[{"width":1024,"height":768,"url":"https:\/\/hobstop.ee\/media\/4595.jpg","type":"image\/jpeg"}],"twitter_card":"summary_large_image","twitter_misc":{"Est. reading time":"1 minute"},"schema":{"@context":"https:\/\/schema.org","@graph":[{"@type":"WebPage","@id":"https:\/\/hobstop.ee\/lt\/produktas\/spalvoto-popieriaus-bloknotas-tallinna-loomaaia-toetuseks\/","url":"https:\/\/hobstop.ee\/lt\/produktas\/spalvoto-popieriaus-bloknotas-tallinna-loomaaia-toetuseks\/","name":"Spalvoto popieriaus bloknotas Tallinna Loomaaia Toetuseks &#8211; Skizze","isPartOf":{"@id":"https:\/\/hobstop.ee\/lt\/#website"},"primaryImageOfPage":{"@id":"https:\/\/hobstop.ee\/lt\/produktas\/spalvoto-popieriaus-bloknotas-tallinna-loomaaia-toetuseks\/#primaryimage"},"image":{"@id":"https:\/\/hobstop.ee\/lt\/produktas\/spalvoto-popieriaus-bloknotas-tallinna-loomaaia-toetuseks\/#primaryimage"},"thumbnailUrl":"https:\/\/hobstop.ee\/media\/4595.jpg","datePublished":"2017-06-22T09:51:30+00:00","dateModified":"2017-06-22T09:51:30+00:00","breadcrumb":{"@id":"https:\/\/hobstop.ee\/lt\/produktas\/spalvoto-popieriaus-bloknotas-tallinna-loomaaia-toetuseks\/#breadcrumb"},"inLanguage":"lt","potentialAction":[{"@type":"ReadAction","target":["https:\/\/hobstop.ee\/lt\/produktas\/spalvoto-popieriaus-bloknotas-tallinna-loomaaia-toetuseks\/"]}]},{"@type":"ImageObject","inLanguage":"lt","@id":"https:\/\/hobstop.ee\/lt\/produktas\/spalvoto-popieriaus-bloknotas-tallinna-loomaaia-toetuseks\/#primaryimage","url":"https:\/\/hobstop.ee\/media\/4595.jpg","contentUrl":"https:\/\/hobstop.ee\/media\/4595.jpg","width":1024,"height":768},{"@type":"BreadcrumbList","@id":"https:\/\/hobstop.ee\/lt\/produktas\/spalvoto-popieriaus-bloknotas-tallinna-loomaaia-toetuseks\/#breadcrumb","itemListElement":[{"@type":"ListItem","position":1,"name":"Avaleht","item":"https:\/\/hobstop.ee\/lt\/"},{"@type":"ListItem","position":2,"name":"Parduotuv\u0117","item":"https:\/\/hobstop.ee\/lt\/parduotuve\/"},{"@type":"ListItem","position":3,"name":"Spalvoto popieriaus bloknotas Tallinna Loomaaia Toetuseks"}]},{"@type":"WebSite","@id":"https:\/\/hobstop.ee\/lt\/#website","url":"https:\/\/hobstop.ee\/lt\/","name":"Skizze","description":"Dail\u0117s, pom\u0117gi\u0173 ir mokykliniai reikm\u0117nys","publisher":{"@id":"https:\/\/hobstop.ee\/lt\/#organization"},"potentialAction":[{"@type":"SearchAction","target":{"@type":"EntryPoint","urlTemplate":"https:\/\/hobstop.ee\/lt\/?s={search_term_string}"},"query-input":{"@type":"PropertyValueSpecification","valueRequired":true,"valueName":"search_term_string"}}],"inLanguage":"lt"},{"@type":"Organization","@id":"https:\/\/hobstop.ee\/lt\/#organization","name":"Vunder AS","url":"https:\/\/hobstop.ee\/lt\/","logo":{"@type":"ImageObject","inLanguage":"lt","@id":"https:\/\/hobstop.ee\/lt\/#\/schema\/logo\/image\/","url":"https:\/\/hobstop.ee\/media\/vunder-logo.png","contentUrl":"https:\/\/hobstop.ee\/media\/vunder-logo.png","width":127,"height":55,"caption":"Vunder AS"},"image":{"@id":"https:\/\/hobstop.ee\/lt\/#\/schema\/logo\/image\/"},"sameAs":["http:\/\/www.facebook.com\/VunderSkizze"]}]}},"_links":{"self":[{"href":"https:\/\/hobstop.ee\/lt\/wp-json\/wp\/v2\/product\/291189","targetHints":{"allow":["GET"]}}],"collection":[{"href":"https:\/\/hobstop.ee\/lt\/wp-json\/wp\/v2\/product"}],"about":[{"href":"https:\/\/hobstop.ee\/lt\/wp-json\/wp\/v2\/types\/product"}],"replies":[{"embeddable":true,"href":"https:\/\/hobstop.ee\/lt\/wp-json\/wp\/v2\/comments?post=291189"}],"wp:featuredmedia":[{"embeddable":true,"href":"https:\/\/hobstop.ee\/lt\/wp-json\/wp\/v2\/media\/353016"}],"wp:attachment":[{"href":"https:\/\/hobstop.ee\/lt\/wp-json\/wp\/v2\/media?parent=291189"}],"wp:term":[{"taxonomy":"product_cat","embeddable":true,"href":"https:\/\/hobstop.ee\/lt\/wp-json\/wp\/v2\/product_cat?post=291189"},{"taxonomy":"product_tag","embeddable":true,"href":"https:\/\/hobstop.ee\/lt\/wp-json\/wp\/v2\/product_tag?post=291189"}],"curies":[{"name":"wp","href":"https:\/\/api.w.org\/{rel}","templated":true}]}}