{"id":291520,"date":"2015-07-03T14:36:21","date_gmt":"2017-07-03T11:36:22","guid":{"rendered":"https:\/\/sharks.ee\/vunder_2019\/lt\/product\/penalas-maped-su-1-uztrauktuku-pilnas\/"},"modified":"2017-07-03T14:36:22","modified_gmt":"2017-07-03T11:36:22","slug":"penalas-maped-su-1-uztrauktuku-pilnas","status":"publish","type":"product","link":"https:\/\/hobstop.ee\/lt\/produktas\/penalas-maped-su-1-uztrauktuku-pilnas\/","title":{"rendered":"Penalas Maped su 1 u\u017etrauktuku pilnas"},"content":{"rendered":"<p>Dekoruoti penalai su pilnu mokykliniu reikmen\u0173 komplektu.<\/p>\n<p>Komplekte yra:<br \/>\n8 spalvoti pie\u0161tukai \u201eColor&#8217;Peps\u201c<br \/>\n14 flomasteri\u0173 \u201eColor&#8217;Peps Jungle\u201c<br \/>\nDro\u017etukas \u201eBoogy\u201c, 1 skyl\u0117s<br \/>\nLiniuot\u0117 \u201eEssentials 146\u201c, 15 cm<br \/>\n2 trikampiai \u201eEssentials 146\u201c<br \/>\nTrintukas \u201eDomino 60\u201c<br \/>\n2 ra\u0161ikliai \u201eIce\u201c<\/p>\n","protected":false},"excerpt":{"rendered":"<p>Dekoruoti penalai su pilnu mokykliniu reikmen\u0173 komplektu. Komplekte yra: 8 spalvoti pie\u0161tukai \u201eColor&#8217;Peps\u201c 14 flomasteri\u0173 \u201eColor&#8217;Peps Jungle\u201c Dro\u017etukas \u201eBoogy\u201c, 1 skyl\u0117s Liniuot\u0117 \u201eEssentials 146\u201c, 15 cm 2 trikampiai \u201eEssentials 146\u201c Trintukas \u201eDomino 60\u201c 2 ra\u0161ikliai \u201eIce\u201c<\/p>\n","protected":false},"featured_media":291552,"comment_status":"closed","ping_status":"closed","template":"","meta":{"_acf_changed":false,"ep_exclude_from_search":false},"product_cat":[235,14955,18073],"product_tag":[],"class_list":{"0":"post-291520","1":"product","2":"type-product","3":"status-publish","4":"has-post-thumbnail","6":"product_cat-mokyklines-prekes","7":"product_cat-seaharjas","8":"product_cat-piestukines","10":"first","11":"instock","12":"taxable","13":"shipping-taxable","14":"purchasable","15":"product-type-variable"},"acf":[],"yoast_head":"<!-- This site is optimized with the Yoast SEO plugin v24.1 - https:\/\/yoast.com\/wordpress\/plugins\/seo\/ -->\n<title>Penalas Maped su 1 u\u017etrauktuku pilnas &#8211; Skizze<\/title>\n<meta name=\"robots\" content=\"noindex, follow, max-snippet:-1, max-image-preview:large, max-video-preview:-1\" \/>\n<meta property=\"og:locale\" content=\"lt_LT\" \/>\n<meta property=\"og:type\" content=\"article\" \/>\n<meta property=\"og:title\" content=\"Penalas Maped su 1 u\u017etrauktuku pilnas &#8211; Skizze\" \/>\n<meta property=\"og:description\" content=\"Dekoruoti penalai su pilnu mokykliniu reikmen\u0173 komplektu. Komplekte yra: 8 spalvoti pie\u0161tukai \u201eColor&#8217;Peps\u201c 14 flomasteri\u0173 \u201eColor&#8217;Peps Jungle\u201c Dro\u017etukas \u201eBoogy\u201c, 1 skyl\u0117s Liniuot\u0117 \u201eEssentials 146\u201c, 15 cm 2 trikampiai \u201eEssentials 146\u201c Trintukas \u201eDomino 60\u201c 2 ra\u0161ikliai \u201eIce\u201c\" \/>\n<meta property=\"og:url\" content=\"https:\/\/hobstop.ee\/lt\/produktas\/penalas-maped-su-1-uztrauktuku-pilnas\/\" \/>\n<meta property=\"og:site_name\" content=\"Skizze\" \/>\n<meta property=\"article:publisher\" content=\"http:\/\/www.facebook.com\/VunderSkizze\" \/>\n<meta property=\"og:image\" content=\"https:\/\/hobstop.ee\/media\/3862.jpg\" \/>\n\t<meta property=\"og:image:width\" content=\"1024\" \/>\n\t<meta property=\"og:image:height\" content=\"768\" \/>\n\t<meta property=\"og:image:type\" content=\"image\/jpeg\" \/>\n<meta name=\"twitter:card\" content=\"summary_large_image\" \/>\n<script type=\"application\/ld+json\" class=\"yoast-schema-graph\">{\"@context\":\"https:\/\/schema.org\",\"@graph\":[{\"@type\":\"WebPage\",\"@id\":\"https:\/\/hobstop.ee\/lt\/produktas\/penalas-maped-su-1-uztrauktuku-pilnas\/\",\"url\":\"https:\/\/hobstop.ee\/lt\/produktas\/penalas-maped-su-1-uztrauktuku-pilnas\/\",\"name\":\"Penalas Maped su 1 u\u017etrauktuku pilnas &#8211; Skizze\",\"isPartOf\":{\"@id\":\"https:\/\/hobstop.ee\/lt\/#website\"},\"primaryImageOfPage\":{\"@id\":\"https:\/\/hobstop.ee\/lt\/produktas\/penalas-maped-su-1-uztrauktuku-pilnas\/#primaryimage\"},\"image\":{\"@id\":\"https:\/\/hobstop.ee\/lt\/produktas\/penalas-maped-su-1-uztrauktuku-pilnas\/#primaryimage\"},\"thumbnailUrl\":\"https:\/\/hobstop.ee\/media\/3862.jpg\",\"datePublished\":\"2017-07-03T11:36:22+00:00\",\"dateModified\":\"2017-07-03T11:36:22+00:00\",\"breadcrumb\":{\"@id\":\"https:\/\/hobstop.ee\/lt\/produktas\/penalas-maped-su-1-uztrauktuku-pilnas\/#breadcrumb\"},\"inLanguage\":\"lt\",\"potentialAction\":[{\"@type\":\"ReadAction\",\"target\":[\"https:\/\/hobstop.ee\/lt\/produktas\/penalas-maped-su-1-uztrauktuku-pilnas\/\"]}]},{\"@type\":\"ImageObject\",\"inLanguage\":\"lt\",\"@id\":\"https:\/\/hobstop.ee\/lt\/produktas\/penalas-maped-su-1-uztrauktuku-pilnas\/#primaryimage\",\"url\":\"https:\/\/hobstop.ee\/media\/3862.jpg\",\"contentUrl\":\"https:\/\/hobstop.ee\/media\/3862.jpg\",\"width\":1024,\"height\":768},{\"@type\":\"BreadcrumbList\",\"@id\":\"https:\/\/hobstop.ee\/lt\/produktas\/penalas-maped-su-1-uztrauktuku-pilnas\/#breadcrumb\",\"itemListElement\":[{\"@type\":\"ListItem\",\"position\":1,\"name\":\"Avaleht\",\"item\":\"https:\/\/hobstop.ee\/lt\/\"},{\"@type\":\"ListItem\",\"position\":2,\"name\":\"Parduotuv\u0117\",\"item\":\"https:\/\/hobstop.ee\/lt\/parduotuve\/\"},{\"@type\":\"ListItem\",\"position\":3,\"name\":\"Penalas Maped su 1 u\u017etrauktuku pilnas\"}]},{\"@type\":\"WebSite\",\"@id\":\"https:\/\/hobstop.ee\/lt\/#website\",\"url\":\"https:\/\/hobstop.ee\/lt\/\",\"name\":\"Skizze\",\"description\":\"Dail\u0117s, pom\u0117gi\u0173 ir mokykliniai reikm\u0117nys\",\"publisher\":{\"@id\":\"https:\/\/hobstop.ee\/lt\/#organization\"},\"potentialAction\":[{\"@type\":\"SearchAction\",\"target\":{\"@type\":\"EntryPoint\",\"urlTemplate\":\"https:\/\/hobstop.ee\/lt\/?s={search_term_string}\"},\"query-input\":{\"@type\":\"PropertyValueSpecification\",\"valueRequired\":true,\"valueName\":\"search_term_string\"}}],\"inLanguage\":\"lt\"},{\"@type\":\"Organization\",\"@id\":\"https:\/\/hobstop.ee\/lt\/#organization\",\"name\":\"Vunder AS\",\"url\":\"https:\/\/hobstop.ee\/lt\/\",\"logo\":{\"@type\":\"ImageObject\",\"inLanguage\":\"lt\",\"@id\":\"https:\/\/hobstop.ee\/lt\/#\/schema\/logo\/image\/\",\"url\":\"https:\/\/hobstop.ee\/media\/vunder-logo.png\",\"contentUrl\":\"https:\/\/hobstop.ee\/media\/vunder-logo.png\",\"width\":127,\"height\":55,\"caption\":\"Vunder AS\"},\"image\":{\"@id\":\"https:\/\/hobstop.ee\/lt\/#\/schema\/logo\/image\/\"},\"sameAs\":[\"http:\/\/www.facebook.com\/VunderSkizze\"]}]}<\/script>\n<!-- \/ Yoast SEO plugin. -->","yoast_head_json":{"title":"Penalas Maped su 1 u\u017etrauktuku pilnas &#8211; Skizze","robots":{"index":"noindex","follow":"follow","max-snippet":"max-snippet:-1","max-image-preview":"max-image-preview:large","max-video-preview":"max-video-preview:-1"},"og_locale":"lt_LT","og_type":"article","og_title":"Penalas Maped su 1 u\u017etrauktuku pilnas &#8211; Skizze","og_description":"Dekoruoti penalai su pilnu mokykliniu reikmen\u0173 komplektu. Komplekte yra: 8 spalvoti pie\u0161tukai \u201eColor&#8217;Peps\u201c 14 flomasteri\u0173 \u201eColor&#8217;Peps Jungle\u201c Dro\u017etukas \u201eBoogy\u201c, 1 skyl\u0117s Liniuot\u0117 \u201eEssentials 146\u201c, 15 cm 2 trikampiai \u201eEssentials 146\u201c Trintukas \u201eDomino 60\u201c 2 ra\u0161ikliai \u201eIce\u201c","og_url":"https:\/\/hobstop.ee\/lt\/produktas\/penalas-maped-su-1-uztrauktuku-pilnas\/","og_site_name":"Skizze","article_publisher":"http:\/\/www.facebook.com\/VunderSkizze","og_image":[{"width":1024,"height":768,"url":"https:\/\/hobstop.ee\/media\/3862.jpg","type":"image\/jpeg"}],"twitter_card":"summary_large_image","schema":{"@context":"https:\/\/schema.org","@graph":[{"@type":"WebPage","@id":"https:\/\/hobstop.ee\/lt\/produktas\/penalas-maped-su-1-uztrauktuku-pilnas\/","url":"https:\/\/hobstop.ee\/lt\/produktas\/penalas-maped-su-1-uztrauktuku-pilnas\/","name":"Penalas Maped su 1 u\u017etrauktuku pilnas &#8211; Skizze","isPartOf":{"@id":"https:\/\/hobstop.ee\/lt\/#website"},"primaryImageOfPage":{"@id":"https:\/\/hobstop.ee\/lt\/produktas\/penalas-maped-su-1-uztrauktuku-pilnas\/#primaryimage"},"image":{"@id":"https:\/\/hobstop.ee\/lt\/produktas\/penalas-maped-su-1-uztrauktuku-pilnas\/#primaryimage"},"thumbnailUrl":"https:\/\/hobstop.ee\/media\/3862.jpg","datePublished":"2017-07-03T11:36:22+00:00","dateModified":"2017-07-03T11:36:22+00:00","breadcrumb":{"@id":"https:\/\/hobstop.ee\/lt\/produktas\/penalas-maped-su-1-uztrauktuku-pilnas\/#breadcrumb"},"inLanguage":"lt","potentialAction":[{"@type":"ReadAction","target":["https:\/\/hobstop.ee\/lt\/produktas\/penalas-maped-su-1-uztrauktuku-pilnas\/"]}]},{"@type":"ImageObject","inLanguage":"lt","@id":"https:\/\/hobstop.ee\/lt\/produktas\/penalas-maped-su-1-uztrauktuku-pilnas\/#primaryimage","url":"https:\/\/hobstop.ee\/media\/3862.jpg","contentUrl":"https:\/\/hobstop.ee\/media\/3862.jpg","width":1024,"height":768},{"@type":"BreadcrumbList","@id":"https:\/\/hobstop.ee\/lt\/produktas\/penalas-maped-su-1-uztrauktuku-pilnas\/#breadcrumb","itemListElement":[{"@type":"ListItem","position":1,"name":"Avaleht","item":"https:\/\/hobstop.ee\/lt\/"},{"@type":"ListItem","position":2,"name":"Parduotuv\u0117","item":"https:\/\/hobstop.ee\/lt\/parduotuve\/"},{"@type":"ListItem","position":3,"name":"Penalas Maped su 1 u\u017etrauktuku pilnas"}]},{"@type":"WebSite","@id":"https:\/\/hobstop.ee\/lt\/#website","url":"https:\/\/hobstop.ee\/lt\/","name":"Skizze","description":"Dail\u0117s, pom\u0117gi\u0173 ir mokykliniai reikm\u0117nys","publisher":{"@id":"https:\/\/hobstop.ee\/lt\/#organization"},"potentialAction":[{"@type":"SearchAction","target":{"@type":"EntryPoint","urlTemplate":"https:\/\/hobstop.ee\/lt\/?s={search_term_string}"},"query-input":{"@type":"PropertyValueSpecification","valueRequired":true,"valueName":"search_term_string"}}],"inLanguage":"lt"},{"@type":"Organization","@id":"https:\/\/hobstop.ee\/lt\/#organization","name":"Vunder AS","url":"https:\/\/hobstop.ee\/lt\/","logo":{"@type":"ImageObject","inLanguage":"lt","@id":"https:\/\/hobstop.ee\/lt\/#\/schema\/logo\/image\/","url":"https:\/\/hobstop.ee\/media\/vunder-logo.png","contentUrl":"https:\/\/hobstop.ee\/media\/vunder-logo.png","width":127,"height":55,"caption":"Vunder AS"},"image":{"@id":"https:\/\/hobstop.ee\/lt\/#\/schema\/logo\/image\/"},"sameAs":["http:\/\/www.facebook.com\/VunderSkizze"]}]}},"_links":{"self":[{"href":"https:\/\/hobstop.ee\/lt\/wp-json\/wp\/v2\/product\/291520","targetHints":{"allow":["GET"]}}],"collection":[{"href":"https:\/\/hobstop.ee\/lt\/wp-json\/wp\/v2\/product"}],"about":[{"href":"https:\/\/hobstop.ee\/lt\/wp-json\/wp\/v2\/types\/product"}],"replies":[{"embeddable":true,"href":"https:\/\/hobstop.ee\/lt\/wp-json\/wp\/v2\/comments?post=291520"}],"wp:featuredmedia":[{"embeddable":true,"href":"https:\/\/hobstop.ee\/lt\/wp-json\/wp\/v2\/media\/291552"}],"wp:attachment":[{"href":"https:\/\/hobstop.ee\/lt\/wp-json\/wp\/v2\/media?parent=291520"}],"wp:term":[{"taxonomy":"product_cat","embeddable":true,"href":"https:\/\/hobstop.ee\/lt\/wp-json\/wp\/v2\/product_cat?post=291520"},{"taxonomy":"product_tag","embeddable":true,"href":"https:\/\/hobstop.ee\/lt\/wp-json\/wp\/v2\/product_tag?post=291520"}],"curies":[{"name":"wp","href":"https:\/\/api.w.org\/{rel}","templated":true}]}}