{"id":291590,"date":"2015-09-04T09:37:34","date_gmt":"2017-07-04T06:37:35","guid":{"rendered":"https:\/\/sharks.ee\/vunder_2019\/lt\/product\/penalas-derwent-wrap\/"},"modified":"2017-07-04T09:37:35","modified_gmt":"2017-07-04T06:37:35","slug":"penalas-derwent-wrap","status":"publish","type":"product","link":"https:\/\/hobstop.ee\/lt\/produktas\/penalas-derwent-wrap\/","title":{"rendered":"Penalas Derwent Wrap"},"content":{"rendered":"<p>Vienas i\u0161 geriausi\u0173 b\u016bd\u0173 eskizuoti ir pie\u0161ti yra i\u0161eiti ir klajoti ie\u0161kant mus supan\u010diame pasaulyje \u012fkv\u0117pimo. Svarbu, kad pie\u0161tukai b\u016bt\u0173 sud\u0117ti patogiai.<br \/>\nStilingas \u201eDerwent\u201c drobinis pie\u0161tuk\u0173 penalas turi atskirus skyrelius 30 viso ilgio pie\u0161tukams ir reikmenims sud\u0117ti. Penal\u0105 galima visi\u0161kai i\u0161vynioti \u2013 visi pie\u0161tukai bus prie\u0161 akis, o kai ateis laikas keliauti \u2013 penal\u0105 tiesiog suvyniokite. J\u012f tiesiog yra b\u016btina tur\u0117ti keliaujant!<\/p>\n","protected":false},"excerpt":{"rendered":"<p>Vienas i\u0161 geriausi\u0173 b\u016bd\u0173 eskizuoti ir pie\u0161ti yra i\u0161eiti ir klajoti ie\u0161kant mus supan\u010diame pasaulyje \u012fkv\u0117pimo. Svarbu, kad pie\u0161tukai b\u016bt\u0173 sud\u0117ti patogiai. Stilingas \u201eDerwent\u201c drobinis pie\u0161tuk\u0173 penalas turi atskirus skyrelius 30 viso ilgio pie\u0161tukams ir reikmenims sud\u0117ti. Penal\u0105 galima visi\u0161kai i\u0161vynioti \u2013 visi pie\u0161tukai bus prie\u0161 akis, o kai ateis laikas keliauti \u2013 penal\u0105 tiesiog suvyniokite. J\u012f tiesiog yra b\u016btina tur\u0117ti keliaujant!<\/p>\n","protected":false},"featured_media":291606,"comment_status":"closed","ping_status":"closed","template":"","meta":{"_acf_changed":false,"ep_exclude_from_search":false},"product_cat":[235,14955,18073],"product_tag":[],"class_list":{"0":"post-291590","1":"product","2":"type-product","3":"status-publish","4":"has-post-thumbnail","6":"product_cat-mokyklines-prekes","7":"product_cat-seaharjas","8":"product_cat-piestukines","10":"first","11":"outofstock","12":"taxable","13":"shipping-taxable","14":"purchasable","15":"product-type-variable"},"acf":[],"yoast_head":"<!-- This site is optimized with the Yoast SEO plugin v24.1 - https:\/\/yoast.com\/wordpress\/plugins\/seo\/ -->\n<title>Penalas Derwent Wrap &#8211; Skizze<\/title>\n<meta name=\"robots\" content=\"noindex, follow, max-snippet:-1, max-image-preview:large, max-video-preview:-1\" \/>\n<meta property=\"og:locale\" content=\"lt_LT\" \/>\n<meta property=\"og:type\" content=\"article\" \/>\n<meta property=\"og:title\" content=\"Penalas Derwent Wrap &#8211; Skizze\" \/>\n<meta property=\"og:description\" content=\"Vienas i\u0161 geriausi\u0173 b\u016bd\u0173 eskizuoti ir pie\u0161ti yra i\u0161eiti ir klajoti ie\u0161kant mus supan\u010diame pasaulyje \u012fkv\u0117pimo. Svarbu, kad pie\u0161tukai b\u016bt\u0173 sud\u0117ti patogiai. Stilingas \u201eDerwent\u201c drobinis pie\u0161tuk\u0173 penalas turi atskirus skyrelius 30 viso ilgio pie\u0161tukams ir reikmenims sud\u0117ti. Penal\u0105 galima visi\u0161kai i\u0161vynioti \u2013 visi pie\u0161tukai bus prie\u0161 akis, o kai ateis laikas keliauti \u2013 penal\u0105 tiesiog suvyniokite. J\u012f tiesiog yra b\u016btina tur\u0117ti keliaujant!\" \/>\n<meta property=\"og:url\" content=\"https:\/\/hobstop.ee\/lt\/produktas\/penalas-derwent-wrap\/\" \/>\n<meta property=\"og:site_name\" content=\"Skizze\" \/>\n<meta property=\"article:publisher\" content=\"http:\/\/www.facebook.com\/VunderSkizze\" \/>\n<meta property=\"og:image\" content=\"https:\/\/hobstop.ee\/media\/4615.jpg\" \/>\n\t<meta property=\"og:image:width\" content=\"1024\" \/>\n\t<meta property=\"og:image:height\" content=\"768\" \/>\n\t<meta property=\"og:image:type\" content=\"image\/jpeg\" \/>\n<meta name=\"twitter:card\" content=\"summary_large_image\" \/>\n<script type=\"application\/ld+json\" class=\"yoast-schema-graph\">{\"@context\":\"https:\/\/schema.org\",\"@graph\":[{\"@type\":\"WebPage\",\"@id\":\"https:\/\/hobstop.ee\/lt\/produktas\/penalas-derwent-wrap\/\",\"url\":\"https:\/\/hobstop.ee\/lt\/produktas\/penalas-derwent-wrap\/\",\"name\":\"Penalas Derwent Wrap &#8211; Skizze\",\"isPartOf\":{\"@id\":\"https:\/\/hobstop.ee\/lt\/#website\"},\"primaryImageOfPage\":{\"@id\":\"https:\/\/hobstop.ee\/lt\/produktas\/penalas-derwent-wrap\/#primaryimage\"},\"image\":{\"@id\":\"https:\/\/hobstop.ee\/lt\/produktas\/penalas-derwent-wrap\/#primaryimage\"},\"thumbnailUrl\":\"https:\/\/hobstop.ee\/media\/4615.jpg\",\"datePublished\":\"2017-07-04T06:37:35+00:00\",\"dateModified\":\"2017-07-04T06:37:35+00:00\",\"breadcrumb\":{\"@id\":\"https:\/\/hobstop.ee\/lt\/produktas\/penalas-derwent-wrap\/#breadcrumb\"},\"inLanguage\":\"lt\",\"potentialAction\":[{\"@type\":\"ReadAction\",\"target\":[\"https:\/\/hobstop.ee\/lt\/produktas\/penalas-derwent-wrap\/\"]}]},{\"@type\":\"ImageObject\",\"inLanguage\":\"lt\",\"@id\":\"https:\/\/hobstop.ee\/lt\/produktas\/penalas-derwent-wrap\/#primaryimage\",\"url\":\"https:\/\/hobstop.ee\/media\/4615.jpg\",\"contentUrl\":\"https:\/\/hobstop.ee\/media\/4615.jpg\",\"width\":1024,\"height\":768},{\"@type\":\"BreadcrumbList\",\"@id\":\"https:\/\/hobstop.ee\/lt\/produktas\/penalas-derwent-wrap\/#breadcrumb\",\"itemListElement\":[{\"@type\":\"ListItem\",\"position\":1,\"name\":\"Avaleht\",\"item\":\"https:\/\/hobstop.ee\/lt\/\"},{\"@type\":\"ListItem\",\"position\":2,\"name\":\"Parduotuv\u0117\",\"item\":\"https:\/\/hobstop.ee\/lt\/parduotuve\/\"},{\"@type\":\"ListItem\",\"position\":3,\"name\":\"Penalas Derwent Wrap\"}]},{\"@type\":\"WebSite\",\"@id\":\"https:\/\/hobstop.ee\/lt\/#website\",\"url\":\"https:\/\/hobstop.ee\/lt\/\",\"name\":\"Skizze\",\"description\":\"Dail\u0117s, pom\u0117gi\u0173 ir mokykliniai reikm\u0117nys\",\"publisher\":{\"@id\":\"https:\/\/hobstop.ee\/lt\/#organization\"},\"potentialAction\":[{\"@type\":\"SearchAction\",\"target\":{\"@type\":\"EntryPoint\",\"urlTemplate\":\"https:\/\/hobstop.ee\/lt\/?s={search_term_string}\"},\"query-input\":{\"@type\":\"PropertyValueSpecification\",\"valueRequired\":true,\"valueName\":\"search_term_string\"}}],\"inLanguage\":\"lt\"},{\"@type\":\"Organization\",\"@id\":\"https:\/\/hobstop.ee\/lt\/#organization\",\"name\":\"Vunder AS\",\"url\":\"https:\/\/hobstop.ee\/lt\/\",\"logo\":{\"@type\":\"ImageObject\",\"inLanguage\":\"lt\",\"@id\":\"https:\/\/hobstop.ee\/lt\/#\/schema\/logo\/image\/\",\"url\":\"https:\/\/hobstop.ee\/media\/vunder-logo.png\",\"contentUrl\":\"https:\/\/hobstop.ee\/media\/vunder-logo.png\",\"width\":127,\"height\":55,\"caption\":\"Vunder AS\"},\"image\":{\"@id\":\"https:\/\/hobstop.ee\/lt\/#\/schema\/logo\/image\/\"},\"sameAs\":[\"http:\/\/www.facebook.com\/VunderSkizze\"]}]}<\/script>\n<!-- \/ Yoast SEO plugin. -->","yoast_head_json":{"title":"Penalas Derwent Wrap &#8211; Skizze","robots":{"index":"noindex","follow":"follow","max-snippet":"max-snippet:-1","max-image-preview":"max-image-preview:large","max-video-preview":"max-video-preview:-1"},"og_locale":"lt_LT","og_type":"article","og_title":"Penalas Derwent Wrap &#8211; Skizze","og_description":"Vienas i\u0161 geriausi\u0173 b\u016bd\u0173 eskizuoti ir pie\u0161ti yra i\u0161eiti ir klajoti ie\u0161kant mus supan\u010diame pasaulyje \u012fkv\u0117pimo. Svarbu, kad pie\u0161tukai b\u016bt\u0173 sud\u0117ti patogiai. Stilingas \u201eDerwent\u201c drobinis pie\u0161tuk\u0173 penalas turi atskirus skyrelius 30 viso ilgio pie\u0161tukams ir reikmenims sud\u0117ti. Penal\u0105 galima visi\u0161kai i\u0161vynioti \u2013 visi pie\u0161tukai bus prie\u0161 akis, o kai ateis laikas keliauti \u2013 penal\u0105 tiesiog suvyniokite. J\u012f tiesiog yra b\u016btina tur\u0117ti keliaujant!","og_url":"https:\/\/hobstop.ee\/lt\/produktas\/penalas-derwent-wrap\/","og_site_name":"Skizze","article_publisher":"http:\/\/www.facebook.com\/VunderSkizze","og_image":[{"width":1024,"height":768,"url":"https:\/\/hobstop.ee\/media\/4615.jpg","type":"image\/jpeg"}],"twitter_card":"summary_large_image","schema":{"@context":"https:\/\/schema.org","@graph":[{"@type":"WebPage","@id":"https:\/\/hobstop.ee\/lt\/produktas\/penalas-derwent-wrap\/","url":"https:\/\/hobstop.ee\/lt\/produktas\/penalas-derwent-wrap\/","name":"Penalas Derwent Wrap &#8211; Skizze","isPartOf":{"@id":"https:\/\/hobstop.ee\/lt\/#website"},"primaryImageOfPage":{"@id":"https:\/\/hobstop.ee\/lt\/produktas\/penalas-derwent-wrap\/#primaryimage"},"image":{"@id":"https:\/\/hobstop.ee\/lt\/produktas\/penalas-derwent-wrap\/#primaryimage"},"thumbnailUrl":"https:\/\/hobstop.ee\/media\/4615.jpg","datePublished":"2017-07-04T06:37:35+00:00","dateModified":"2017-07-04T06:37:35+00:00","breadcrumb":{"@id":"https:\/\/hobstop.ee\/lt\/produktas\/penalas-derwent-wrap\/#breadcrumb"},"inLanguage":"lt","potentialAction":[{"@type":"ReadAction","target":["https:\/\/hobstop.ee\/lt\/produktas\/penalas-derwent-wrap\/"]}]},{"@type":"ImageObject","inLanguage":"lt","@id":"https:\/\/hobstop.ee\/lt\/produktas\/penalas-derwent-wrap\/#primaryimage","url":"https:\/\/hobstop.ee\/media\/4615.jpg","contentUrl":"https:\/\/hobstop.ee\/media\/4615.jpg","width":1024,"height":768},{"@type":"BreadcrumbList","@id":"https:\/\/hobstop.ee\/lt\/produktas\/penalas-derwent-wrap\/#breadcrumb","itemListElement":[{"@type":"ListItem","position":1,"name":"Avaleht","item":"https:\/\/hobstop.ee\/lt\/"},{"@type":"ListItem","position":2,"name":"Parduotuv\u0117","item":"https:\/\/hobstop.ee\/lt\/parduotuve\/"},{"@type":"ListItem","position":3,"name":"Penalas Derwent Wrap"}]},{"@type":"WebSite","@id":"https:\/\/hobstop.ee\/lt\/#website","url":"https:\/\/hobstop.ee\/lt\/","name":"Skizze","description":"Dail\u0117s, pom\u0117gi\u0173 ir mokykliniai reikm\u0117nys","publisher":{"@id":"https:\/\/hobstop.ee\/lt\/#organization"},"potentialAction":[{"@type":"SearchAction","target":{"@type":"EntryPoint","urlTemplate":"https:\/\/hobstop.ee\/lt\/?s={search_term_string}"},"query-input":{"@type":"PropertyValueSpecification","valueRequired":true,"valueName":"search_term_string"}}],"inLanguage":"lt"},{"@type":"Organization","@id":"https:\/\/hobstop.ee\/lt\/#organization","name":"Vunder AS","url":"https:\/\/hobstop.ee\/lt\/","logo":{"@type":"ImageObject","inLanguage":"lt","@id":"https:\/\/hobstop.ee\/lt\/#\/schema\/logo\/image\/","url":"https:\/\/hobstop.ee\/media\/vunder-logo.png","contentUrl":"https:\/\/hobstop.ee\/media\/vunder-logo.png","width":127,"height":55,"caption":"Vunder AS"},"image":{"@id":"https:\/\/hobstop.ee\/lt\/#\/schema\/logo\/image\/"},"sameAs":["http:\/\/www.facebook.com\/VunderSkizze"]}]}},"_links":{"self":[{"href":"https:\/\/hobstop.ee\/lt\/wp-json\/wp\/v2\/product\/291590","targetHints":{"allow":["GET"]}}],"collection":[{"href":"https:\/\/hobstop.ee\/lt\/wp-json\/wp\/v2\/product"}],"about":[{"href":"https:\/\/hobstop.ee\/lt\/wp-json\/wp\/v2\/types\/product"}],"replies":[{"embeddable":true,"href":"https:\/\/hobstop.ee\/lt\/wp-json\/wp\/v2\/comments?post=291590"}],"wp:featuredmedia":[{"embeddable":true,"href":"https:\/\/hobstop.ee\/lt\/wp-json\/wp\/v2\/media\/291606"}],"wp:attachment":[{"href":"https:\/\/hobstop.ee\/lt\/wp-json\/wp\/v2\/media?parent=291590"}],"wp:term":[{"taxonomy":"product_cat","embeddable":true,"href":"https:\/\/hobstop.ee\/lt\/wp-json\/wp\/v2\/product_cat?post=291590"},{"taxonomy":"product_tag","embeddable":true,"href":"https:\/\/hobstop.ee\/lt\/wp-json\/wp\/v2\/product_tag?post=291590"}],"curies":[{"name":"wp","href":"https:\/\/api.w.org\/{rel}","templated":true}]}}