{"id":291730,"date":"2015-09-05T10:29:09","date_gmt":"2017-07-05T07:29:11","guid":{"rendered":"https:\/\/sharks.ee\/vunder_2019\/lt\/product\/zymeklis-porcelianui-ir-stiklui-marabu-0-8mm\/"},"modified":"2017-07-05T10:29:11","modified_gmt":"2017-07-05T07:29:11","slug":"zymeklis-porcelianui-ir-stiklui-marabu-0-8mm","status":"publish","type":"product","link":"https:\/\/hobstop.ee\/lt\/produktas\/zymeklis-porcelianui-ir-stiklui-marabu-0-8mm\/","title":{"rendered":"\u017dymeklis porcelianui ir stiklui Marabu 0.8mm"},"content":{"rendered":"<p>Itin blizgus porceliano ir stiklo dekoravimo markeris. Puikiai tinka dekoruoti porcelian\u0105, keramik\u0105 ir stikl\u0105. Sistema su purk\u0161tuku su itin daug pigmento sud\u0117tyje turin\u010diu tu\u0161u. Dekoruotus daiktus galima plauti indaplov\u0117je (maks. 50\u00b0C), i\u0161degus 30 minu\u010di\u0173 160\u00b0C krosnyje.<\/p>\n","protected":false},"excerpt":{"rendered":"<p>Itin blizgus porceliano ir stiklo dekoravimo markeris. Puikiai tinka dekoruoti porcelian\u0105, keramik\u0105 ir stikl\u0105. Sistema su purk\u0161tuku su itin daug pigmento sud\u0117tyje turin\u010diu tu\u0161u. Dekoruotus daiktus galima plauti indaplov\u0117je (maks. 50\u00b0C), i\u0161degus 30 minu\u010di\u0173 160\u00b0C krosnyje.<\/p>\n","protected":false},"featured_media":293838,"comment_status":"closed","ping_status":"closed","template":"","meta":{"_acf_changed":false,"ep_exclude_from_search":false},"product_cat":[239,17919,14930],"product_tag":[],"class_list":{"0":"post-291730","1":"product","2":"type-product","3":"status-publish","4":"has-post-thumbnail","6":"product_cat-aerosoolvarvid","7":"product_cat-pomegiu-prekes","8":"product_cat-zymekliai-2","10":"first","11":"outofstock","12":"taxable","13":"shipping-taxable","14":"purchasable","15":"product-type-variable"},"acf":[],"yoast_head":"<!-- This site is optimized with the Yoast SEO plugin v24.1 - https:\/\/yoast.com\/wordpress\/plugins\/seo\/ -->\n<title>\u017dymeklis porcelianui ir stiklui Marabu 0.8mm &#8211; Skizze<\/title>\n<meta name=\"robots\" content=\"noindex, follow, max-snippet:-1, max-image-preview:large, max-video-preview:-1\" \/>\n<meta property=\"og:locale\" content=\"lt_LT\" \/>\n<meta property=\"og:type\" content=\"article\" \/>\n<meta property=\"og:title\" content=\"\u017dymeklis porcelianui ir stiklui Marabu 0.8mm &#8211; Skizze\" \/>\n<meta property=\"og:description\" content=\"Itin blizgus porceliano ir stiklo dekoravimo markeris. Puikiai tinka dekoruoti porcelian\u0105, keramik\u0105 ir stikl\u0105. Sistema su purk\u0161tuku su itin daug pigmento sud\u0117tyje turin\u010diu tu\u0161u. Dekoruotus daiktus galima plauti indaplov\u0117je (maks. 50\u00b0C), i\u0161degus 30 minu\u010di\u0173 160\u00b0C krosnyje.\" \/>\n<meta property=\"og:url\" content=\"https:\/\/hobstop.ee\/lt\/produktas\/zymeklis-porcelianui-ir-stiklui-marabu-0-8mm\/\" \/>\n<meta property=\"og:site_name\" content=\"Skizze\" \/>\n<meta property=\"article:publisher\" content=\"http:\/\/www.facebook.com\/VunderSkizze\" \/>\n<meta property=\"og:image\" content=\"https:\/\/hobstop.ee\/media\/4597.jpg\" \/>\n\t<meta property=\"og:image:width\" content=\"1024\" \/>\n\t<meta property=\"og:image:height\" content=\"768\" \/>\n\t<meta property=\"og:image:type\" content=\"image\/jpeg\" \/>\n<meta name=\"twitter:card\" content=\"summary_large_image\" \/>\n<script type=\"application\/ld+json\" class=\"yoast-schema-graph\">{\"@context\":\"https:\/\/schema.org\",\"@graph\":[{\"@type\":\"WebPage\",\"@id\":\"https:\/\/hobstop.ee\/lt\/produktas\/zymeklis-porcelianui-ir-stiklui-marabu-0-8mm\/\",\"url\":\"https:\/\/hobstop.ee\/lt\/produktas\/zymeklis-porcelianui-ir-stiklui-marabu-0-8mm\/\",\"name\":\"\u017dymeklis porcelianui ir stiklui Marabu 0.8mm &#8211; Skizze\",\"isPartOf\":{\"@id\":\"https:\/\/hobstop.ee\/lt\/#website\"},\"primaryImageOfPage\":{\"@id\":\"https:\/\/hobstop.ee\/lt\/produktas\/zymeklis-porcelianui-ir-stiklui-marabu-0-8mm\/#primaryimage\"},\"image\":{\"@id\":\"https:\/\/hobstop.ee\/lt\/produktas\/zymeklis-porcelianui-ir-stiklui-marabu-0-8mm\/#primaryimage\"},\"thumbnailUrl\":\"https:\/\/hobstop.ee\/media\/4597.jpg\",\"datePublished\":\"2017-07-05T07:29:11+00:00\",\"dateModified\":\"2017-07-05T07:29:11+00:00\",\"breadcrumb\":{\"@id\":\"https:\/\/hobstop.ee\/lt\/produktas\/zymeklis-porcelianui-ir-stiklui-marabu-0-8mm\/#breadcrumb\"},\"inLanguage\":\"lt\",\"potentialAction\":[{\"@type\":\"ReadAction\",\"target\":[\"https:\/\/hobstop.ee\/lt\/produktas\/zymeklis-porcelianui-ir-stiklui-marabu-0-8mm\/\"]}]},{\"@type\":\"ImageObject\",\"inLanguage\":\"lt\",\"@id\":\"https:\/\/hobstop.ee\/lt\/produktas\/zymeklis-porcelianui-ir-stiklui-marabu-0-8mm\/#primaryimage\",\"url\":\"https:\/\/hobstop.ee\/media\/4597.jpg\",\"contentUrl\":\"https:\/\/hobstop.ee\/media\/4597.jpg\",\"width\":1024,\"height\":768},{\"@type\":\"BreadcrumbList\",\"@id\":\"https:\/\/hobstop.ee\/lt\/produktas\/zymeklis-porcelianui-ir-stiklui-marabu-0-8mm\/#breadcrumb\",\"itemListElement\":[{\"@type\":\"ListItem\",\"position\":1,\"name\":\"Avaleht\",\"item\":\"https:\/\/hobstop.ee\/lt\/\"},{\"@type\":\"ListItem\",\"position\":2,\"name\":\"Parduotuv\u0117\",\"item\":\"https:\/\/hobstop.ee\/lt\/parduotuve\/\"},{\"@type\":\"ListItem\",\"position\":3,\"name\":\"\u017dymeklis porcelianui ir stiklui Marabu 0.8mm\"}]},{\"@type\":\"WebSite\",\"@id\":\"https:\/\/hobstop.ee\/lt\/#website\",\"url\":\"https:\/\/hobstop.ee\/lt\/\",\"name\":\"Skizze\",\"description\":\"Dail\u0117s, pom\u0117gi\u0173 ir mokykliniai reikm\u0117nys\",\"publisher\":{\"@id\":\"https:\/\/hobstop.ee\/lt\/#organization\"},\"potentialAction\":[{\"@type\":\"SearchAction\",\"target\":{\"@type\":\"EntryPoint\",\"urlTemplate\":\"https:\/\/hobstop.ee\/lt\/?s={search_term_string}\"},\"query-input\":{\"@type\":\"PropertyValueSpecification\",\"valueRequired\":true,\"valueName\":\"search_term_string\"}}],\"inLanguage\":\"lt\"},{\"@type\":\"Organization\",\"@id\":\"https:\/\/hobstop.ee\/lt\/#organization\",\"name\":\"Vunder AS\",\"url\":\"https:\/\/hobstop.ee\/lt\/\",\"logo\":{\"@type\":\"ImageObject\",\"inLanguage\":\"lt\",\"@id\":\"https:\/\/hobstop.ee\/lt\/#\/schema\/logo\/image\/\",\"url\":\"https:\/\/hobstop.ee\/media\/vunder-logo.png\",\"contentUrl\":\"https:\/\/hobstop.ee\/media\/vunder-logo.png\",\"width\":127,\"height\":55,\"caption\":\"Vunder AS\"},\"image\":{\"@id\":\"https:\/\/hobstop.ee\/lt\/#\/schema\/logo\/image\/\"},\"sameAs\":[\"http:\/\/www.facebook.com\/VunderSkizze\"]}]}<\/script>\n<!-- \/ Yoast SEO plugin. -->","yoast_head_json":{"title":"\u017dymeklis porcelianui ir stiklui Marabu 0.8mm &#8211; Skizze","robots":{"index":"noindex","follow":"follow","max-snippet":"max-snippet:-1","max-image-preview":"max-image-preview:large","max-video-preview":"max-video-preview:-1"},"og_locale":"lt_LT","og_type":"article","og_title":"\u017dymeklis porcelianui ir stiklui Marabu 0.8mm &#8211; Skizze","og_description":"Itin blizgus porceliano ir stiklo dekoravimo markeris. Puikiai tinka dekoruoti porcelian\u0105, keramik\u0105 ir stikl\u0105. Sistema su purk\u0161tuku su itin daug pigmento sud\u0117tyje turin\u010diu tu\u0161u. Dekoruotus daiktus galima plauti indaplov\u0117je (maks. 50\u00b0C), i\u0161degus 30 minu\u010di\u0173 160\u00b0C krosnyje.","og_url":"https:\/\/hobstop.ee\/lt\/produktas\/zymeklis-porcelianui-ir-stiklui-marabu-0-8mm\/","og_site_name":"Skizze","article_publisher":"http:\/\/www.facebook.com\/VunderSkizze","og_image":[{"width":1024,"height":768,"url":"https:\/\/hobstop.ee\/media\/4597.jpg","type":"image\/jpeg"}],"twitter_card":"summary_large_image","schema":{"@context":"https:\/\/schema.org","@graph":[{"@type":"WebPage","@id":"https:\/\/hobstop.ee\/lt\/produktas\/zymeklis-porcelianui-ir-stiklui-marabu-0-8mm\/","url":"https:\/\/hobstop.ee\/lt\/produktas\/zymeklis-porcelianui-ir-stiklui-marabu-0-8mm\/","name":"\u017dymeklis porcelianui ir stiklui Marabu 0.8mm &#8211; Skizze","isPartOf":{"@id":"https:\/\/hobstop.ee\/lt\/#website"},"primaryImageOfPage":{"@id":"https:\/\/hobstop.ee\/lt\/produktas\/zymeklis-porcelianui-ir-stiklui-marabu-0-8mm\/#primaryimage"},"image":{"@id":"https:\/\/hobstop.ee\/lt\/produktas\/zymeklis-porcelianui-ir-stiklui-marabu-0-8mm\/#primaryimage"},"thumbnailUrl":"https:\/\/hobstop.ee\/media\/4597.jpg","datePublished":"2017-07-05T07:29:11+00:00","dateModified":"2017-07-05T07:29:11+00:00","breadcrumb":{"@id":"https:\/\/hobstop.ee\/lt\/produktas\/zymeklis-porcelianui-ir-stiklui-marabu-0-8mm\/#breadcrumb"},"inLanguage":"lt","potentialAction":[{"@type":"ReadAction","target":["https:\/\/hobstop.ee\/lt\/produktas\/zymeklis-porcelianui-ir-stiklui-marabu-0-8mm\/"]}]},{"@type":"ImageObject","inLanguage":"lt","@id":"https:\/\/hobstop.ee\/lt\/produktas\/zymeklis-porcelianui-ir-stiklui-marabu-0-8mm\/#primaryimage","url":"https:\/\/hobstop.ee\/media\/4597.jpg","contentUrl":"https:\/\/hobstop.ee\/media\/4597.jpg","width":1024,"height":768},{"@type":"BreadcrumbList","@id":"https:\/\/hobstop.ee\/lt\/produktas\/zymeklis-porcelianui-ir-stiklui-marabu-0-8mm\/#breadcrumb","itemListElement":[{"@type":"ListItem","position":1,"name":"Avaleht","item":"https:\/\/hobstop.ee\/lt\/"},{"@type":"ListItem","position":2,"name":"Parduotuv\u0117","item":"https:\/\/hobstop.ee\/lt\/parduotuve\/"},{"@type":"ListItem","position":3,"name":"\u017dymeklis porcelianui ir stiklui Marabu 0.8mm"}]},{"@type":"WebSite","@id":"https:\/\/hobstop.ee\/lt\/#website","url":"https:\/\/hobstop.ee\/lt\/","name":"Skizze","description":"Dail\u0117s, pom\u0117gi\u0173 ir mokykliniai reikm\u0117nys","publisher":{"@id":"https:\/\/hobstop.ee\/lt\/#organization"},"potentialAction":[{"@type":"SearchAction","target":{"@type":"EntryPoint","urlTemplate":"https:\/\/hobstop.ee\/lt\/?s={search_term_string}"},"query-input":{"@type":"PropertyValueSpecification","valueRequired":true,"valueName":"search_term_string"}}],"inLanguage":"lt"},{"@type":"Organization","@id":"https:\/\/hobstop.ee\/lt\/#organization","name":"Vunder AS","url":"https:\/\/hobstop.ee\/lt\/","logo":{"@type":"ImageObject","inLanguage":"lt","@id":"https:\/\/hobstop.ee\/lt\/#\/schema\/logo\/image\/","url":"https:\/\/hobstop.ee\/media\/vunder-logo.png","contentUrl":"https:\/\/hobstop.ee\/media\/vunder-logo.png","width":127,"height":55,"caption":"Vunder AS"},"image":{"@id":"https:\/\/hobstop.ee\/lt\/#\/schema\/logo\/image\/"},"sameAs":["http:\/\/www.facebook.com\/VunderSkizze"]}]}},"_links":{"self":[{"href":"https:\/\/hobstop.ee\/lt\/wp-json\/wp\/v2\/product\/291730","targetHints":{"allow":["GET"]}}],"collection":[{"href":"https:\/\/hobstop.ee\/lt\/wp-json\/wp\/v2\/product"}],"about":[{"href":"https:\/\/hobstop.ee\/lt\/wp-json\/wp\/v2\/types\/product"}],"replies":[{"embeddable":true,"href":"https:\/\/hobstop.ee\/lt\/wp-json\/wp\/v2\/comments?post=291730"}],"wp:featuredmedia":[{"embeddable":true,"href":"https:\/\/hobstop.ee\/lt\/wp-json\/wp\/v2\/media\/293838"}],"wp:attachment":[{"href":"https:\/\/hobstop.ee\/lt\/wp-json\/wp\/v2\/media?parent=291730"}],"wp:term":[{"taxonomy":"product_cat","embeddable":true,"href":"https:\/\/hobstop.ee\/lt\/wp-json\/wp\/v2\/product_cat?post=291730"},{"taxonomy":"product_tag","embeddable":true,"href":"https:\/\/hobstop.ee\/lt\/wp-json\/wp\/v2\/product_tag?post=291730"}],"curies":[{"name":"wp","href":"https:\/\/api.w.org\/{rel}","templated":true}]}}