{"id":292449,"date":"2017-08-29T09:35:28","date_gmt":"2017-08-29T06:35:28","guid":{"rendered":"https:\/\/sharks.ee\/vunder_2019\/lt\/product\/geliniai-rasikliai-pilot-poplol\/"},"modified":"2017-08-29T09:35:28","modified_gmt":"2017-08-29T06:35:28","slug":"geliniai-rasikliai-pilot-poplol","status":"publish","type":"product","link":"https:\/\/hobstop.ee\/lt\/produktas\/geliniai-rasikliai-pilot-poplol\/","title":{"rendered":"Geliniai ra\u0161ikliai Pilot pop&#8217;lol"},"content":{"rendered":"<p>Dalyvaukite laim\u0117s terapijoje! Su \u201ePilot Pop\u2019lol\u201c J\u016bs\u0173 gyvenimas gali tapti dar \u012fdomesniu ir tikrai spalvingesniu! Vidutinio dyd\u017eio galiukas ir ry\u0161kus, linksmas gelinis ra\u0161alas \u2013 \u0161is ra\u0161iklis neabejotinai taps j\u016bs\u0173 m\u0117gstamiausiu \u2013 j\u012f galima pritvirtinti prie u\u017era\u0161\u0173 knygut\u0117s ar i\u0161karp\u0173 albumo. O jei esate \u012f\u017evalgi madi\u0161\u0117, prie jo galite pritvirtinti savo amulet\u0105 arba aksesuarus ir suteikti savo &#8220;Pop&#8217;lol&#8221; ra\u0161ikliui individualumo. Galiuko dydis \u2013 0,7mm, linijos plotis: 0,34mm.<\/p>\n","protected":false},"excerpt":{"rendered":"<p>Dalyvaukite laim\u0117s terapijoje! Su \u201ePilot Pop\u2019lol\u201c J\u016bs\u0173 gyvenimas gali tapti dar \u012fdomesniu ir tikrai spalvingesniu! Vidutinio dyd\u017eio galiukas ir ry\u0161kus, linksmas gelinis ra\u0161alas \u2013 \u0161is ra\u0161iklis neabejotinai taps j\u016bs\u0173 m\u0117gstamiausiu \u2013 j\u012f galima pritvirtinti prie u\u017era\u0161\u0173 knygut\u0117s ar i\u0161karp\u0173 albumo. O jei esate \u012f\u017evalgi madi\u0161\u0117, prie jo galite pritvirtinti savo amulet\u0105 arba aksesuarus ir suteikti savo &#8220;Pop&#8217;lol&#8221; ra\u0161ikliui individualumo. Galiuko dydis \u2013 0,7mm, linijos plotis: 0,34mm.<\/p>\n","protected":false},"featured_media":292858,"comment_status":"closed","ping_status":"closed","template":"","meta":{"_acf_changed":false,"ep_exclude_from_search":false},"product_cat":[19694,17042],"product_tag":[],"class_list":{"0":"post-292449","1":"product","2":"type-product","3":"status-publish","4":"has-post-thumbnail","6":"product_cat-geliniai-rasikliai","7":"product_cat-rasymo-priemones-2","9":"first","10":"instock","11":"taxable","12":"shipping-taxable","13":"product-type-simple"},"acf":[],"yoast_head":"<!-- This site is optimized with the Yoast SEO plugin v24.1 - https:\/\/yoast.com\/wordpress\/plugins\/seo\/ -->\n<title>Geliniai ra\u0161ikliai Pilot pop&#039;lol &#8211; Skizze<\/title>\n<meta name=\"robots\" content=\"noindex, follow, max-snippet:-1, max-image-preview:large, max-video-preview:-1\" \/>\n<meta property=\"og:locale\" content=\"lt_LT\" \/>\n<meta property=\"og:type\" content=\"article\" \/>\n<meta property=\"og:title\" content=\"Geliniai ra\u0161ikliai Pilot pop&#039;lol &#8211; Skizze\" \/>\n<meta property=\"og:description\" content=\"Dalyvaukite laim\u0117s terapijoje! Su \u201ePilot Pop\u2019lol\u201c J\u016bs\u0173 gyvenimas gali tapti dar \u012fdomesniu ir tikrai spalvingesniu! Vidutinio dyd\u017eio galiukas ir ry\u0161kus, linksmas gelinis ra\u0161alas \u2013 \u0161is ra\u0161iklis neabejotinai taps j\u016bs\u0173 m\u0117gstamiausiu \u2013 j\u012f galima pritvirtinti prie u\u017era\u0161\u0173 knygut\u0117s ar i\u0161karp\u0173 albumo. O jei esate \u012f\u017evalgi madi\u0161\u0117, prie jo galite pritvirtinti savo amulet\u0105 arba aksesuarus ir suteikti savo &#8220;Pop&#8217;lol&#8221; ra\u0161ikliui individualumo. Galiuko dydis \u2013 0,7mm, linijos plotis: 0,34mm.\" \/>\n<meta property=\"og:url\" content=\"https:\/\/hobstop.ee\/lt\/produktas\/geliniai-rasikliai-pilot-poplol\/\" \/>\n<meta property=\"og:site_name\" content=\"Skizze\" \/>\n<meta property=\"article:publisher\" content=\"http:\/\/www.facebook.com\/VunderSkizze\" \/>\n<meta property=\"og:image\" content=\"https:\/\/hobstop.ee\/media\/4495.jpg\" \/>\n\t<meta property=\"og:image:width\" content=\"1024\" \/>\n\t<meta property=\"og:image:height\" content=\"768\" \/>\n\t<meta property=\"og:image:type\" content=\"image\/jpeg\" \/>\n<meta name=\"twitter:card\" content=\"summary_large_image\" \/>\n<script type=\"application\/ld+json\" class=\"yoast-schema-graph\">{\"@context\":\"https:\/\/schema.org\",\"@graph\":[{\"@type\":\"WebPage\",\"@id\":\"https:\/\/hobstop.ee\/lt\/produktas\/geliniai-rasikliai-pilot-poplol\/\",\"url\":\"https:\/\/hobstop.ee\/lt\/produktas\/geliniai-rasikliai-pilot-poplol\/\",\"name\":\"Geliniai ra\u0161ikliai Pilot pop'lol &#8211; Skizze\",\"isPartOf\":{\"@id\":\"https:\/\/hobstop.ee\/lt\/#website\"},\"primaryImageOfPage\":{\"@id\":\"https:\/\/hobstop.ee\/lt\/produktas\/geliniai-rasikliai-pilot-poplol\/#primaryimage\"},\"image\":{\"@id\":\"https:\/\/hobstop.ee\/lt\/produktas\/geliniai-rasikliai-pilot-poplol\/#primaryimage\"},\"thumbnailUrl\":\"https:\/\/hobstop.ee\/media\/4495.jpg\",\"datePublished\":\"2017-08-29T06:35:28+00:00\",\"dateModified\":\"2017-08-29T06:35:28+00:00\",\"breadcrumb\":{\"@id\":\"https:\/\/hobstop.ee\/lt\/produktas\/geliniai-rasikliai-pilot-poplol\/#breadcrumb\"},\"inLanguage\":\"lt\",\"potentialAction\":[{\"@type\":\"ReadAction\",\"target\":[\"https:\/\/hobstop.ee\/lt\/produktas\/geliniai-rasikliai-pilot-poplol\/\"]}]},{\"@type\":\"ImageObject\",\"inLanguage\":\"lt\",\"@id\":\"https:\/\/hobstop.ee\/lt\/produktas\/geliniai-rasikliai-pilot-poplol\/#primaryimage\",\"url\":\"https:\/\/hobstop.ee\/media\/4495.jpg\",\"contentUrl\":\"https:\/\/hobstop.ee\/media\/4495.jpg\",\"width\":1024,\"height\":768},{\"@type\":\"BreadcrumbList\",\"@id\":\"https:\/\/hobstop.ee\/lt\/produktas\/geliniai-rasikliai-pilot-poplol\/#breadcrumb\",\"itemListElement\":[{\"@type\":\"ListItem\",\"position\":1,\"name\":\"Avaleht\",\"item\":\"https:\/\/hobstop.ee\/lt\/\"},{\"@type\":\"ListItem\",\"position\":2,\"name\":\"Parduotuv\u0117\",\"item\":\"https:\/\/hobstop.ee\/lt\/parduotuve\/\"},{\"@type\":\"ListItem\",\"position\":3,\"name\":\"Geliniai ra\u0161ikliai Pilot pop&#8217;lol\"}]},{\"@type\":\"WebSite\",\"@id\":\"https:\/\/hobstop.ee\/lt\/#website\",\"url\":\"https:\/\/hobstop.ee\/lt\/\",\"name\":\"Skizze\",\"description\":\"Dail\u0117s, pom\u0117gi\u0173 ir mokykliniai reikm\u0117nys\",\"publisher\":{\"@id\":\"https:\/\/hobstop.ee\/lt\/#organization\"},\"potentialAction\":[{\"@type\":\"SearchAction\",\"target\":{\"@type\":\"EntryPoint\",\"urlTemplate\":\"https:\/\/hobstop.ee\/lt\/?s={search_term_string}\"},\"query-input\":{\"@type\":\"PropertyValueSpecification\",\"valueRequired\":true,\"valueName\":\"search_term_string\"}}],\"inLanguage\":\"lt\"},{\"@type\":\"Organization\",\"@id\":\"https:\/\/hobstop.ee\/lt\/#organization\",\"name\":\"Vunder AS\",\"url\":\"https:\/\/hobstop.ee\/lt\/\",\"logo\":{\"@type\":\"ImageObject\",\"inLanguage\":\"lt\",\"@id\":\"https:\/\/hobstop.ee\/lt\/#\/schema\/logo\/image\/\",\"url\":\"https:\/\/hobstop.ee\/media\/vunder-logo.png\",\"contentUrl\":\"https:\/\/hobstop.ee\/media\/vunder-logo.png\",\"width\":127,\"height\":55,\"caption\":\"Vunder AS\"},\"image\":{\"@id\":\"https:\/\/hobstop.ee\/lt\/#\/schema\/logo\/image\/\"},\"sameAs\":[\"http:\/\/www.facebook.com\/VunderSkizze\"]}]}<\/script>\n<!-- \/ Yoast SEO plugin. -->","yoast_head_json":{"title":"Geliniai ra\u0161ikliai Pilot pop'lol &#8211; Skizze","robots":{"index":"noindex","follow":"follow","max-snippet":"max-snippet:-1","max-image-preview":"max-image-preview:large","max-video-preview":"max-video-preview:-1"},"og_locale":"lt_LT","og_type":"article","og_title":"Geliniai ra\u0161ikliai Pilot pop'lol &#8211; Skizze","og_description":"Dalyvaukite laim\u0117s terapijoje! Su \u201ePilot Pop\u2019lol\u201c J\u016bs\u0173 gyvenimas gali tapti dar \u012fdomesniu ir tikrai spalvingesniu! Vidutinio dyd\u017eio galiukas ir ry\u0161kus, linksmas gelinis ra\u0161alas \u2013 \u0161is ra\u0161iklis neabejotinai taps j\u016bs\u0173 m\u0117gstamiausiu \u2013 j\u012f galima pritvirtinti prie u\u017era\u0161\u0173 knygut\u0117s ar i\u0161karp\u0173 albumo. O jei esate \u012f\u017evalgi madi\u0161\u0117, prie jo galite pritvirtinti savo amulet\u0105 arba aksesuarus ir suteikti savo &#8220;Pop&#8217;lol&#8221; ra\u0161ikliui individualumo. Galiuko dydis \u2013 0,7mm, linijos plotis: 0,34mm.","og_url":"https:\/\/hobstop.ee\/lt\/produktas\/geliniai-rasikliai-pilot-poplol\/","og_site_name":"Skizze","article_publisher":"http:\/\/www.facebook.com\/VunderSkizze","og_image":[{"width":1024,"height":768,"url":"https:\/\/hobstop.ee\/media\/4495.jpg","type":"image\/jpeg"}],"twitter_card":"summary_large_image","schema":{"@context":"https:\/\/schema.org","@graph":[{"@type":"WebPage","@id":"https:\/\/hobstop.ee\/lt\/produktas\/geliniai-rasikliai-pilot-poplol\/","url":"https:\/\/hobstop.ee\/lt\/produktas\/geliniai-rasikliai-pilot-poplol\/","name":"Geliniai ra\u0161ikliai Pilot pop'lol &#8211; Skizze","isPartOf":{"@id":"https:\/\/hobstop.ee\/lt\/#website"},"primaryImageOfPage":{"@id":"https:\/\/hobstop.ee\/lt\/produktas\/geliniai-rasikliai-pilot-poplol\/#primaryimage"},"image":{"@id":"https:\/\/hobstop.ee\/lt\/produktas\/geliniai-rasikliai-pilot-poplol\/#primaryimage"},"thumbnailUrl":"https:\/\/hobstop.ee\/media\/4495.jpg","datePublished":"2017-08-29T06:35:28+00:00","dateModified":"2017-08-29T06:35:28+00:00","breadcrumb":{"@id":"https:\/\/hobstop.ee\/lt\/produktas\/geliniai-rasikliai-pilot-poplol\/#breadcrumb"},"inLanguage":"lt","potentialAction":[{"@type":"ReadAction","target":["https:\/\/hobstop.ee\/lt\/produktas\/geliniai-rasikliai-pilot-poplol\/"]}]},{"@type":"ImageObject","inLanguage":"lt","@id":"https:\/\/hobstop.ee\/lt\/produktas\/geliniai-rasikliai-pilot-poplol\/#primaryimage","url":"https:\/\/hobstop.ee\/media\/4495.jpg","contentUrl":"https:\/\/hobstop.ee\/media\/4495.jpg","width":1024,"height":768},{"@type":"BreadcrumbList","@id":"https:\/\/hobstop.ee\/lt\/produktas\/geliniai-rasikliai-pilot-poplol\/#breadcrumb","itemListElement":[{"@type":"ListItem","position":1,"name":"Avaleht","item":"https:\/\/hobstop.ee\/lt\/"},{"@type":"ListItem","position":2,"name":"Parduotuv\u0117","item":"https:\/\/hobstop.ee\/lt\/parduotuve\/"},{"@type":"ListItem","position":3,"name":"Geliniai ra\u0161ikliai Pilot pop&#8217;lol"}]},{"@type":"WebSite","@id":"https:\/\/hobstop.ee\/lt\/#website","url":"https:\/\/hobstop.ee\/lt\/","name":"Skizze","description":"Dail\u0117s, pom\u0117gi\u0173 ir mokykliniai reikm\u0117nys","publisher":{"@id":"https:\/\/hobstop.ee\/lt\/#organization"},"potentialAction":[{"@type":"SearchAction","target":{"@type":"EntryPoint","urlTemplate":"https:\/\/hobstop.ee\/lt\/?s={search_term_string}"},"query-input":{"@type":"PropertyValueSpecification","valueRequired":true,"valueName":"search_term_string"}}],"inLanguage":"lt"},{"@type":"Organization","@id":"https:\/\/hobstop.ee\/lt\/#organization","name":"Vunder AS","url":"https:\/\/hobstop.ee\/lt\/","logo":{"@type":"ImageObject","inLanguage":"lt","@id":"https:\/\/hobstop.ee\/lt\/#\/schema\/logo\/image\/","url":"https:\/\/hobstop.ee\/media\/vunder-logo.png","contentUrl":"https:\/\/hobstop.ee\/media\/vunder-logo.png","width":127,"height":55,"caption":"Vunder AS"},"image":{"@id":"https:\/\/hobstop.ee\/lt\/#\/schema\/logo\/image\/"},"sameAs":["http:\/\/www.facebook.com\/VunderSkizze"]}]}},"_links":{"self":[{"href":"https:\/\/hobstop.ee\/lt\/wp-json\/wp\/v2\/product\/292449","targetHints":{"allow":["GET"]}}],"collection":[{"href":"https:\/\/hobstop.ee\/lt\/wp-json\/wp\/v2\/product"}],"about":[{"href":"https:\/\/hobstop.ee\/lt\/wp-json\/wp\/v2\/types\/product"}],"replies":[{"embeddable":true,"href":"https:\/\/hobstop.ee\/lt\/wp-json\/wp\/v2\/comments?post=292449"}],"wp:featuredmedia":[{"embeddable":true,"href":"https:\/\/hobstop.ee\/lt\/wp-json\/wp\/v2\/media\/292858"}],"wp:attachment":[{"href":"https:\/\/hobstop.ee\/lt\/wp-json\/wp\/v2\/media?parent=292449"}],"wp:term":[{"taxonomy":"product_cat","embeddable":true,"href":"https:\/\/hobstop.ee\/lt\/wp-json\/wp\/v2\/product_cat?post=292449"},{"taxonomy":"product_tag","embeddable":true,"href":"https:\/\/hobstop.ee\/lt\/wp-json\/wp\/v2\/product_tag?post=292449"}],"curies":[{"name":"wp","href":"https:\/\/api.w.org\/{rel}","templated":true}]}}