{"id":292461,"date":"2017-08-29T09:35:34","date_gmt":"2017-08-29T06:35:34","guid":{"rendered":"https:\/\/sharks.ee\/vunder_2019\/lt\/product\/geliniai-rasikliai-pilot-maica\/"},"modified":"2017-08-29T09:35:34","modified_gmt":"2017-08-29T06:35:34","slug":"geliniai-rasikliai-pilot-maica","status":"publish","type":"product","link":"https:\/\/hobstop.ee\/lt\/produktas\/geliniai-rasikliai-pilot-maica\/","title":{"rendered":"Geliniai ra\u0161ikliai Pilot Maica"},"content":{"rendered":"<p>Ra\u0161ikli\u0173 \u017evaig\u017ed\u0117 \u201ePilot Maica\u201c \u2013 nuo dangtelio iki pa\u010dio galiuko i\u0161siskiria savo rafinuotumu. Ra\u0161iklis \u201eMaica\u201c blizga kaip joks kitas \u2013 spindintis gelinis tu\u0161as, o ra\u0161iklio kam\u0161telis yra kar\u016bnuotas nuostabaus brangakmenio imitacija. Sukurkite savo individual\u0173, unikal\u0173 ra\u0161ikl\u012f pritaikydami j\u012f bet kokiems gyvenimo atvejams \u2013 ant dangtelio pritvirtintas fiksatorius, tod\u0117l ant ra\u0161iklio \u201ePilot Maica\u201c galite pritvirtinti dir\u017eel\u012f arba m\u0117gstamus dekoratyvinius pakabukus! Papuo\u0161tas stilingu logotipu, \u201ePilot Maica\u201c yra kur kas daugiau nei ra\u0161iklis \u2013 tai yra mados aksesuaras. Dvylikos skirting\u0173 spalv\u0173 skland\u017eiai ra\u0161antys ra\u0161ikliai J\u016bs\u0173 brai\u017eui suteiks rafinuotumo ir ry\u0161kumo. Galiuko dydis \u2013 0,4mm, linijos plotis: 0,2mm.<\/p>\n","protected":false},"excerpt":{"rendered":"<p>Ra\u0161ikli\u0173 \u017evaig\u017ed\u0117 \u201ePilot Maica\u201c \u2013 nuo dangtelio iki pa\u010dio galiuko i\u0161siskiria savo rafinuotumu. Ra\u0161iklis \u201eMaica\u201c blizga kaip joks kitas \u2013 spindintis gelinis tu\u0161as, o ra\u0161iklio kam\u0161telis yra kar\u016bnuotas nuostabaus brangakmenio imitacija. Sukurkite savo individual\u0173, unikal\u0173 ra\u0161ikl\u012f pritaikydami j\u012f bet kokiems gyvenimo atvejams \u2013 ant dangtelio pritvirtintas fiksatorius, tod\u0117l ant ra\u0161iklio \u201ePilot Maica\u201c galite pritvirtinti dir\u017eel\u012f arba m\u0117gstamus dekoratyvinius pakabukus! Papuo\u0161tas stilingu logotipu, \u201ePilot Maica\u201c yra kur kas daugiau nei ra\u0161iklis \u2013 tai yra mados aksesuaras. Dvylikos skirting\u0173 spalv\u0173 skland\u017eiai ra\u0161antys ra\u0161ikliai J\u016bs\u0173 brai\u017eui suteiks rafinuotumo ir ry\u0161kumo. Galiuko dydis \u2013 0,4mm, linijos plotis: 0,2mm.<\/p>\n","protected":false},"featured_media":292870,"comment_status":"closed","ping_status":"closed","template":"","meta":{"_acf_changed":false,"ep_exclude_from_search":false},"product_cat":[19694,17042],"product_tag":[],"class_list":{"0":"post-292461","1":"product","2":"type-product","3":"status-publish","4":"has-post-thumbnail","6":"product_cat-geliniai-rasikliai","7":"product_cat-rasymo-priemones-2","9":"first","10":"instock","11":"taxable","12":"shipping-taxable","13":"purchasable","14":"product-type-simple"},"acf":[],"yoast_head":"<!-- This site is optimized with the Yoast SEO plugin v24.1 - https:\/\/yoast.com\/wordpress\/plugins\/seo\/ -->\n<title>Geliniai ra\u0161ikliai Pilot Maica &#8211; Skizze<\/title>\n<meta name=\"robots\" content=\"noindex, follow, max-snippet:-1, max-image-preview:large, max-video-preview:-1\" \/>\n<meta property=\"og:locale\" content=\"lt_LT\" \/>\n<meta property=\"og:type\" content=\"article\" \/>\n<meta property=\"og:title\" content=\"Geliniai ra\u0161ikliai Pilot Maica &#8211; Skizze\" \/>\n<meta property=\"og:description\" content=\"Ra\u0161ikli\u0173 \u017evaig\u017ed\u0117 \u201ePilot Maica\u201c \u2013 nuo dangtelio iki pa\u010dio galiuko i\u0161siskiria savo rafinuotumu. Ra\u0161iklis \u201eMaica\u201c blizga kaip joks kitas \u2013 spindintis gelinis tu\u0161as, o ra\u0161iklio kam\u0161telis yra kar\u016bnuotas nuostabaus brangakmenio imitacija. Sukurkite savo individual\u0173, unikal\u0173 ra\u0161ikl\u012f pritaikydami j\u012f bet kokiems gyvenimo atvejams \u2013 ant dangtelio pritvirtintas fiksatorius, tod\u0117l ant ra\u0161iklio \u201ePilot Maica\u201c galite pritvirtinti dir\u017eel\u012f arba m\u0117gstamus dekoratyvinius pakabukus! Papuo\u0161tas stilingu logotipu, \u201ePilot Maica\u201c yra kur kas daugiau nei ra\u0161iklis \u2013 tai yra mados aksesuaras. Dvylikos skirting\u0173 spalv\u0173 skland\u017eiai ra\u0161antys ra\u0161ikliai J\u016bs\u0173 brai\u017eui suteiks rafinuotumo ir ry\u0161kumo. Galiuko dydis \u2013 0,4mm, linijos plotis: 0,2mm.\" \/>\n<meta property=\"og:url\" content=\"https:\/\/hobstop.ee\/lt\/produktas\/geliniai-rasikliai-pilot-maica\/\" \/>\n<meta property=\"og:site_name\" content=\"Skizze\" \/>\n<meta property=\"article:publisher\" content=\"http:\/\/www.facebook.com\/VunderSkizze\" \/>\n<meta property=\"og:image\" content=\"https:\/\/hobstop.ee\/media\/4528.jpg\" \/>\n\t<meta property=\"og:image:width\" content=\"1024\" \/>\n\t<meta property=\"og:image:height\" content=\"768\" \/>\n\t<meta property=\"og:image:type\" content=\"image\/jpeg\" \/>\n<meta name=\"twitter:card\" content=\"summary_large_image\" \/>\n<meta name=\"twitter:label1\" content=\"Est. reading time\" \/>\n\t<meta name=\"twitter:data1\" content=\"1 minute\" \/>\n<script type=\"application\/ld+json\" class=\"yoast-schema-graph\">{\"@context\":\"https:\/\/schema.org\",\"@graph\":[{\"@type\":\"WebPage\",\"@id\":\"https:\/\/hobstop.ee\/lt\/produktas\/geliniai-rasikliai-pilot-maica\/\",\"url\":\"https:\/\/hobstop.ee\/lt\/produktas\/geliniai-rasikliai-pilot-maica\/\",\"name\":\"Geliniai ra\u0161ikliai Pilot Maica &#8211; Skizze\",\"isPartOf\":{\"@id\":\"https:\/\/hobstop.ee\/lt\/#website\"},\"primaryImageOfPage\":{\"@id\":\"https:\/\/hobstop.ee\/lt\/produktas\/geliniai-rasikliai-pilot-maica\/#primaryimage\"},\"image\":{\"@id\":\"https:\/\/hobstop.ee\/lt\/produktas\/geliniai-rasikliai-pilot-maica\/#primaryimage\"},\"thumbnailUrl\":\"https:\/\/hobstop.ee\/media\/4528.jpg\",\"datePublished\":\"2017-08-29T06:35:34+00:00\",\"dateModified\":\"2017-08-29T06:35:34+00:00\",\"breadcrumb\":{\"@id\":\"https:\/\/hobstop.ee\/lt\/produktas\/geliniai-rasikliai-pilot-maica\/#breadcrumb\"},\"inLanguage\":\"lt\",\"potentialAction\":[{\"@type\":\"ReadAction\",\"target\":[\"https:\/\/hobstop.ee\/lt\/produktas\/geliniai-rasikliai-pilot-maica\/\"]}]},{\"@type\":\"ImageObject\",\"inLanguage\":\"lt\",\"@id\":\"https:\/\/hobstop.ee\/lt\/produktas\/geliniai-rasikliai-pilot-maica\/#primaryimage\",\"url\":\"https:\/\/hobstop.ee\/media\/4528.jpg\",\"contentUrl\":\"https:\/\/hobstop.ee\/media\/4528.jpg\",\"width\":1024,\"height\":768},{\"@type\":\"BreadcrumbList\",\"@id\":\"https:\/\/hobstop.ee\/lt\/produktas\/geliniai-rasikliai-pilot-maica\/#breadcrumb\",\"itemListElement\":[{\"@type\":\"ListItem\",\"position\":1,\"name\":\"Avaleht\",\"item\":\"https:\/\/hobstop.ee\/lt\/\"},{\"@type\":\"ListItem\",\"position\":2,\"name\":\"Parduotuv\u0117\",\"item\":\"https:\/\/hobstop.ee\/lt\/parduotuve\/\"},{\"@type\":\"ListItem\",\"position\":3,\"name\":\"Geliniai ra\u0161ikliai Pilot Maica\"}]},{\"@type\":\"WebSite\",\"@id\":\"https:\/\/hobstop.ee\/lt\/#website\",\"url\":\"https:\/\/hobstop.ee\/lt\/\",\"name\":\"Skizze\",\"description\":\"Dail\u0117s, pom\u0117gi\u0173 ir mokykliniai reikm\u0117nys\",\"publisher\":{\"@id\":\"https:\/\/hobstop.ee\/lt\/#organization\"},\"potentialAction\":[{\"@type\":\"SearchAction\",\"target\":{\"@type\":\"EntryPoint\",\"urlTemplate\":\"https:\/\/hobstop.ee\/lt\/?s={search_term_string}\"},\"query-input\":{\"@type\":\"PropertyValueSpecification\",\"valueRequired\":true,\"valueName\":\"search_term_string\"}}],\"inLanguage\":\"lt\"},{\"@type\":\"Organization\",\"@id\":\"https:\/\/hobstop.ee\/lt\/#organization\",\"name\":\"Vunder AS\",\"url\":\"https:\/\/hobstop.ee\/lt\/\",\"logo\":{\"@type\":\"ImageObject\",\"inLanguage\":\"lt\",\"@id\":\"https:\/\/hobstop.ee\/lt\/#\/schema\/logo\/image\/\",\"url\":\"https:\/\/hobstop.ee\/media\/vunder-logo.png\",\"contentUrl\":\"https:\/\/hobstop.ee\/media\/vunder-logo.png\",\"width\":127,\"height\":55,\"caption\":\"Vunder AS\"},\"image\":{\"@id\":\"https:\/\/hobstop.ee\/lt\/#\/schema\/logo\/image\/\"},\"sameAs\":[\"http:\/\/www.facebook.com\/VunderSkizze\"]}]}<\/script>\n<!-- \/ Yoast SEO plugin. -->","yoast_head_json":{"title":"Geliniai ra\u0161ikliai Pilot Maica &#8211; Skizze","robots":{"index":"noindex","follow":"follow","max-snippet":"max-snippet:-1","max-image-preview":"max-image-preview:large","max-video-preview":"max-video-preview:-1"},"og_locale":"lt_LT","og_type":"article","og_title":"Geliniai ra\u0161ikliai Pilot Maica &#8211; Skizze","og_description":"Ra\u0161ikli\u0173 \u017evaig\u017ed\u0117 \u201ePilot Maica\u201c \u2013 nuo dangtelio iki pa\u010dio galiuko i\u0161siskiria savo rafinuotumu. Ra\u0161iklis \u201eMaica\u201c blizga kaip joks kitas \u2013 spindintis gelinis tu\u0161as, o ra\u0161iklio kam\u0161telis yra kar\u016bnuotas nuostabaus brangakmenio imitacija. Sukurkite savo individual\u0173, unikal\u0173 ra\u0161ikl\u012f pritaikydami j\u012f bet kokiems gyvenimo atvejams \u2013 ant dangtelio pritvirtintas fiksatorius, tod\u0117l ant ra\u0161iklio \u201ePilot Maica\u201c galite pritvirtinti dir\u017eel\u012f arba m\u0117gstamus dekoratyvinius pakabukus! Papuo\u0161tas stilingu logotipu, \u201ePilot Maica\u201c yra kur kas daugiau nei ra\u0161iklis \u2013 tai yra mados aksesuaras. Dvylikos skirting\u0173 spalv\u0173 skland\u017eiai ra\u0161antys ra\u0161ikliai J\u016bs\u0173 brai\u017eui suteiks rafinuotumo ir ry\u0161kumo. Galiuko dydis \u2013 0,4mm, linijos plotis: 0,2mm.","og_url":"https:\/\/hobstop.ee\/lt\/produktas\/geliniai-rasikliai-pilot-maica\/","og_site_name":"Skizze","article_publisher":"http:\/\/www.facebook.com\/VunderSkizze","og_image":[{"width":1024,"height":768,"url":"https:\/\/hobstop.ee\/media\/4528.jpg","type":"image\/jpeg"}],"twitter_card":"summary_large_image","twitter_misc":{"Est. reading time":"1 minute"},"schema":{"@context":"https:\/\/schema.org","@graph":[{"@type":"WebPage","@id":"https:\/\/hobstop.ee\/lt\/produktas\/geliniai-rasikliai-pilot-maica\/","url":"https:\/\/hobstop.ee\/lt\/produktas\/geliniai-rasikliai-pilot-maica\/","name":"Geliniai ra\u0161ikliai Pilot Maica &#8211; Skizze","isPartOf":{"@id":"https:\/\/hobstop.ee\/lt\/#website"},"primaryImageOfPage":{"@id":"https:\/\/hobstop.ee\/lt\/produktas\/geliniai-rasikliai-pilot-maica\/#primaryimage"},"image":{"@id":"https:\/\/hobstop.ee\/lt\/produktas\/geliniai-rasikliai-pilot-maica\/#primaryimage"},"thumbnailUrl":"https:\/\/hobstop.ee\/media\/4528.jpg","datePublished":"2017-08-29T06:35:34+00:00","dateModified":"2017-08-29T06:35:34+00:00","breadcrumb":{"@id":"https:\/\/hobstop.ee\/lt\/produktas\/geliniai-rasikliai-pilot-maica\/#breadcrumb"},"inLanguage":"lt","potentialAction":[{"@type":"ReadAction","target":["https:\/\/hobstop.ee\/lt\/produktas\/geliniai-rasikliai-pilot-maica\/"]}]},{"@type":"ImageObject","inLanguage":"lt","@id":"https:\/\/hobstop.ee\/lt\/produktas\/geliniai-rasikliai-pilot-maica\/#primaryimage","url":"https:\/\/hobstop.ee\/media\/4528.jpg","contentUrl":"https:\/\/hobstop.ee\/media\/4528.jpg","width":1024,"height":768},{"@type":"BreadcrumbList","@id":"https:\/\/hobstop.ee\/lt\/produktas\/geliniai-rasikliai-pilot-maica\/#breadcrumb","itemListElement":[{"@type":"ListItem","position":1,"name":"Avaleht","item":"https:\/\/hobstop.ee\/lt\/"},{"@type":"ListItem","position":2,"name":"Parduotuv\u0117","item":"https:\/\/hobstop.ee\/lt\/parduotuve\/"},{"@type":"ListItem","position":3,"name":"Geliniai ra\u0161ikliai Pilot Maica"}]},{"@type":"WebSite","@id":"https:\/\/hobstop.ee\/lt\/#website","url":"https:\/\/hobstop.ee\/lt\/","name":"Skizze","description":"Dail\u0117s, pom\u0117gi\u0173 ir mokykliniai reikm\u0117nys","publisher":{"@id":"https:\/\/hobstop.ee\/lt\/#organization"},"potentialAction":[{"@type":"SearchAction","target":{"@type":"EntryPoint","urlTemplate":"https:\/\/hobstop.ee\/lt\/?s={search_term_string}"},"query-input":{"@type":"PropertyValueSpecification","valueRequired":true,"valueName":"search_term_string"}}],"inLanguage":"lt"},{"@type":"Organization","@id":"https:\/\/hobstop.ee\/lt\/#organization","name":"Vunder AS","url":"https:\/\/hobstop.ee\/lt\/","logo":{"@type":"ImageObject","inLanguage":"lt","@id":"https:\/\/hobstop.ee\/lt\/#\/schema\/logo\/image\/","url":"https:\/\/hobstop.ee\/media\/vunder-logo.png","contentUrl":"https:\/\/hobstop.ee\/media\/vunder-logo.png","width":127,"height":55,"caption":"Vunder AS"},"image":{"@id":"https:\/\/hobstop.ee\/lt\/#\/schema\/logo\/image\/"},"sameAs":["http:\/\/www.facebook.com\/VunderSkizze"]}]}},"_links":{"self":[{"href":"https:\/\/hobstop.ee\/lt\/wp-json\/wp\/v2\/product\/292461","targetHints":{"allow":["GET"]}}],"collection":[{"href":"https:\/\/hobstop.ee\/lt\/wp-json\/wp\/v2\/product"}],"about":[{"href":"https:\/\/hobstop.ee\/lt\/wp-json\/wp\/v2\/types\/product"}],"replies":[{"embeddable":true,"href":"https:\/\/hobstop.ee\/lt\/wp-json\/wp\/v2\/comments?post=292461"}],"wp:featuredmedia":[{"embeddable":true,"href":"https:\/\/hobstop.ee\/lt\/wp-json\/wp\/v2\/media\/292870"}],"wp:attachment":[{"href":"https:\/\/hobstop.ee\/lt\/wp-json\/wp\/v2\/media?parent=292461"}],"wp:term":[{"taxonomy":"product_cat","embeddable":true,"href":"https:\/\/hobstop.ee\/lt\/wp-json\/wp\/v2\/product_cat?post=292461"},{"taxonomy":"product_tag","embeddable":true,"href":"https:\/\/hobstop.ee\/lt\/wp-json\/wp\/v2\/product_tag?post=292461"}],"curies":[{"name":"wp","href":"https:\/\/api.w.org\/{rel}","templated":true}]}}