{"id":292485,"date":"2015-09-29T09:35:40","date_gmt":"2017-08-29T06:35:40","guid":{"rendered":"https:\/\/sharks.ee\/vunder_2019\/lt\/product\/fotopopierius-canson-infinity-rag-photographique\/"},"modified":"2017-08-29T09:35:40","modified_gmt":"2017-08-29T06:35:40","slug":"fotopopierius-canson-infinity-rag-photographique","status":"publish","type":"product","link":"https:\/\/hobstop.ee\/lt\/produktas\/fotopopierius-canson-infinity-rag-photographique\/","title":{"rendered":"Fotopopierius Canson Infinity Rag Photographique"},"content":{"rendered":"<p>Muziejin\u0117s kokyb\u0117s, i\u0161 grynos medviln\u0117s pagamintas, itin baltos spalvos, be optini\u0173 ry\u0161kumo pried\u0173 pagamintas itin lygaus ir \u0161velnaus pavir\u0161iaus popierius. Popierius atitinka rinkos keliamus reikalavimus sen\u0117jimui ir spausdinimo atsparumui.  Viena i\u0161 did\u017eiausi\u0173 \u201eDmax\u201c ver\u010di\u0173 rinkoje (optinio tankio giliausias juodumas). Puikiai tinka menin\u0117ms fotografijoms ir meno k\u016brini\u0173 spausdinimui.<\/p>\n","protected":false},"excerpt":{"rendered":"<p>Muziejin\u0117s kokyb\u0117s, i\u0161 grynos medviln\u0117s pagamintas, itin baltos spalvos, be optini\u0173 ry\u0161kumo pried\u0173 pagamintas itin lygaus ir \u0161velnaus pavir\u0161iaus popierius. Popierius atitinka rinkos keliamus reikalavimus sen\u0117jimui ir spausdinimo atsparumui. Viena i\u0161 did\u017eiausi\u0173 \u201eDmax\u201c ver\u010di\u0173 rinkoje (optinio tankio giliausias juodumas). Puikiai tinka menin\u0117ms fotografijoms ir meno k\u016brini\u0173 spausdinimui.<\/p>\n","protected":false},"featured_media":0,"comment_status":"closed","ping_status":"closed","template":"","meta":{"_acf_changed":false,"ep_exclude_from_search":false},"product_cat":[19684,17922,18661],"product_tag":[],"class_list":{"0":"post-292485","1":"product","2":"type-product","3":"status-publish","5":"product_cat-fotopopieriai","6":"product_cat-popieriaus-prekes","7":"product_cat-spausdinimo-popierius-3","9":"first","10":"instock","11":"taxable","12":"shipping-taxable","13":"purchasable","14":"product-type-variable"},"acf":[],"yoast_head":"<!-- This site is optimized with the Yoast SEO plugin v24.1 - https:\/\/yoast.com\/wordpress\/plugins\/seo\/ -->\n<title>Fotopopierius Canson Infinity Rag Photographique &#8211; Skizze<\/title>\n<meta name=\"robots\" content=\"noindex, follow, max-snippet:-1, max-image-preview:large, max-video-preview:-1\" \/>\n<meta property=\"og:locale\" content=\"lt_LT\" \/>\n<meta property=\"og:type\" content=\"article\" \/>\n<meta property=\"og:title\" content=\"Fotopopierius Canson Infinity Rag Photographique &#8211; Skizze\" \/>\n<meta property=\"og:description\" content=\"Muziejin\u0117s kokyb\u0117s, i\u0161 grynos medviln\u0117s pagamintas, itin baltos spalvos, be optini\u0173 ry\u0161kumo pried\u0173 pagamintas itin lygaus ir \u0161velnaus pavir\u0161iaus popierius. Popierius atitinka rinkos keliamus reikalavimus sen\u0117jimui ir spausdinimo atsparumui. Viena i\u0161 did\u017eiausi\u0173 \u201eDmax\u201c ver\u010di\u0173 rinkoje (optinio tankio giliausias juodumas). Puikiai tinka menin\u0117ms fotografijoms ir meno k\u016brini\u0173 spausdinimui.\" \/>\n<meta property=\"og:url\" content=\"https:\/\/hobstop.ee\/lt\/produktas\/fotopopierius-canson-infinity-rag-photographique\/\" \/>\n<meta property=\"og:site_name\" content=\"Skizze\" \/>\n<meta property=\"article:publisher\" content=\"http:\/\/www.facebook.com\/VunderSkizze\" \/>\n<meta name=\"twitter:card\" content=\"summary_large_image\" \/>\n<script type=\"application\/ld+json\" class=\"yoast-schema-graph\">{\"@context\":\"https:\/\/schema.org\",\"@graph\":[{\"@type\":\"WebPage\",\"@id\":\"https:\/\/hobstop.ee\/lt\/produktas\/fotopopierius-canson-infinity-rag-photographique\/\",\"url\":\"https:\/\/hobstop.ee\/lt\/produktas\/fotopopierius-canson-infinity-rag-photographique\/\",\"name\":\"Fotopopierius Canson Infinity Rag Photographique &#8211; Skizze\",\"isPartOf\":{\"@id\":\"https:\/\/hobstop.ee\/lt\/#website\"},\"datePublished\":\"2017-08-29T06:35:40+00:00\",\"dateModified\":\"2017-08-29T06:35:40+00:00\",\"breadcrumb\":{\"@id\":\"https:\/\/hobstop.ee\/lt\/produktas\/fotopopierius-canson-infinity-rag-photographique\/#breadcrumb\"},\"inLanguage\":\"lt\",\"potentialAction\":[{\"@type\":\"ReadAction\",\"target\":[\"https:\/\/hobstop.ee\/lt\/produktas\/fotopopierius-canson-infinity-rag-photographique\/\"]}]},{\"@type\":\"BreadcrumbList\",\"@id\":\"https:\/\/hobstop.ee\/lt\/produktas\/fotopopierius-canson-infinity-rag-photographique\/#breadcrumb\",\"itemListElement\":[{\"@type\":\"ListItem\",\"position\":1,\"name\":\"Avaleht\",\"item\":\"https:\/\/hobstop.ee\/lt\/\"},{\"@type\":\"ListItem\",\"position\":2,\"name\":\"Parduotuv\u0117\",\"item\":\"https:\/\/hobstop.ee\/lt\/parduotuve\/\"},{\"@type\":\"ListItem\",\"position\":3,\"name\":\"Fotopopierius Canson Infinity Rag Photographique\"}]},{\"@type\":\"WebSite\",\"@id\":\"https:\/\/hobstop.ee\/lt\/#website\",\"url\":\"https:\/\/hobstop.ee\/lt\/\",\"name\":\"Skizze\",\"description\":\"Dail\u0117s, pom\u0117gi\u0173 ir mokykliniai reikm\u0117nys\",\"publisher\":{\"@id\":\"https:\/\/hobstop.ee\/lt\/#organization\"},\"potentialAction\":[{\"@type\":\"SearchAction\",\"target\":{\"@type\":\"EntryPoint\",\"urlTemplate\":\"https:\/\/hobstop.ee\/lt\/?s={search_term_string}\"},\"query-input\":{\"@type\":\"PropertyValueSpecification\",\"valueRequired\":true,\"valueName\":\"search_term_string\"}}],\"inLanguage\":\"lt\"},{\"@type\":\"Organization\",\"@id\":\"https:\/\/hobstop.ee\/lt\/#organization\",\"name\":\"Vunder AS\",\"url\":\"https:\/\/hobstop.ee\/lt\/\",\"logo\":{\"@type\":\"ImageObject\",\"inLanguage\":\"lt\",\"@id\":\"https:\/\/hobstop.ee\/lt\/#\/schema\/logo\/image\/\",\"url\":\"https:\/\/hobstop.ee\/media\/vunder-logo.png\",\"contentUrl\":\"https:\/\/hobstop.ee\/media\/vunder-logo.png\",\"width\":127,\"height\":55,\"caption\":\"Vunder AS\"},\"image\":{\"@id\":\"https:\/\/hobstop.ee\/lt\/#\/schema\/logo\/image\/\"},\"sameAs\":[\"http:\/\/www.facebook.com\/VunderSkizze\"]}]}<\/script>\n<!-- \/ Yoast SEO plugin. -->","yoast_head_json":{"title":"Fotopopierius Canson Infinity Rag Photographique &#8211; Skizze","robots":{"index":"noindex","follow":"follow","max-snippet":"max-snippet:-1","max-image-preview":"max-image-preview:large","max-video-preview":"max-video-preview:-1"},"og_locale":"lt_LT","og_type":"article","og_title":"Fotopopierius Canson Infinity Rag Photographique &#8211; Skizze","og_description":"Muziejin\u0117s kokyb\u0117s, i\u0161 grynos medviln\u0117s pagamintas, itin baltos spalvos, be optini\u0173 ry\u0161kumo pried\u0173 pagamintas itin lygaus ir \u0161velnaus pavir\u0161iaus popierius. Popierius atitinka rinkos keliamus reikalavimus sen\u0117jimui ir spausdinimo atsparumui. Viena i\u0161 did\u017eiausi\u0173 \u201eDmax\u201c ver\u010di\u0173 rinkoje (optinio tankio giliausias juodumas). Puikiai tinka menin\u0117ms fotografijoms ir meno k\u016brini\u0173 spausdinimui.","og_url":"https:\/\/hobstop.ee\/lt\/produktas\/fotopopierius-canson-infinity-rag-photographique\/","og_site_name":"Skizze","article_publisher":"http:\/\/www.facebook.com\/VunderSkizze","twitter_card":"summary_large_image","schema":{"@context":"https:\/\/schema.org","@graph":[{"@type":"WebPage","@id":"https:\/\/hobstop.ee\/lt\/produktas\/fotopopierius-canson-infinity-rag-photographique\/","url":"https:\/\/hobstop.ee\/lt\/produktas\/fotopopierius-canson-infinity-rag-photographique\/","name":"Fotopopierius Canson Infinity Rag Photographique &#8211; Skizze","isPartOf":{"@id":"https:\/\/hobstop.ee\/lt\/#website"},"datePublished":"2017-08-29T06:35:40+00:00","dateModified":"2017-08-29T06:35:40+00:00","breadcrumb":{"@id":"https:\/\/hobstop.ee\/lt\/produktas\/fotopopierius-canson-infinity-rag-photographique\/#breadcrumb"},"inLanguage":"lt","potentialAction":[{"@type":"ReadAction","target":["https:\/\/hobstop.ee\/lt\/produktas\/fotopopierius-canson-infinity-rag-photographique\/"]}]},{"@type":"BreadcrumbList","@id":"https:\/\/hobstop.ee\/lt\/produktas\/fotopopierius-canson-infinity-rag-photographique\/#breadcrumb","itemListElement":[{"@type":"ListItem","position":1,"name":"Avaleht","item":"https:\/\/hobstop.ee\/lt\/"},{"@type":"ListItem","position":2,"name":"Parduotuv\u0117","item":"https:\/\/hobstop.ee\/lt\/parduotuve\/"},{"@type":"ListItem","position":3,"name":"Fotopopierius Canson Infinity Rag Photographique"}]},{"@type":"WebSite","@id":"https:\/\/hobstop.ee\/lt\/#website","url":"https:\/\/hobstop.ee\/lt\/","name":"Skizze","description":"Dail\u0117s, pom\u0117gi\u0173 ir mokykliniai reikm\u0117nys","publisher":{"@id":"https:\/\/hobstop.ee\/lt\/#organization"},"potentialAction":[{"@type":"SearchAction","target":{"@type":"EntryPoint","urlTemplate":"https:\/\/hobstop.ee\/lt\/?s={search_term_string}"},"query-input":{"@type":"PropertyValueSpecification","valueRequired":true,"valueName":"search_term_string"}}],"inLanguage":"lt"},{"@type":"Organization","@id":"https:\/\/hobstop.ee\/lt\/#organization","name":"Vunder AS","url":"https:\/\/hobstop.ee\/lt\/","logo":{"@type":"ImageObject","inLanguage":"lt","@id":"https:\/\/hobstop.ee\/lt\/#\/schema\/logo\/image\/","url":"https:\/\/hobstop.ee\/media\/vunder-logo.png","contentUrl":"https:\/\/hobstop.ee\/media\/vunder-logo.png","width":127,"height":55,"caption":"Vunder AS"},"image":{"@id":"https:\/\/hobstop.ee\/lt\/#\/schema\/logo\/image\/"},"sameAs":["http:\/\/www.facebook.com\/VunderSkizze"]}]}},"_links":{"self":[{"href":"https:\/\/hobstop.ee\/lt\/wp-json\/wp\/v2\/product\/292485","targetHints":{"allow":["GET"]}}],"collection":[{"href":"https:\/\/hobstop.ee\/lt\/wp-json\/wp\/v2\/product"}],"about":[{"href":"https:\/\/hobstop.ee\/lt\/wp-json\/wp\/v2\/types\/product"}],"replies":[{"embeddable":true,"href":"https:\/\/hobstop.ee\/lt\/wp-json\/wp\/v2\/comments?post=292485"}],"wp:attachment":[{"href":"https:\/\/hobstop.ee\/lt\/wp-json\/wp\/v2\/media?parent=292485"}],"wp:term":[{"taxonomy":"product_cat","embeddable":true,"href":"https:\/\/hobstop.ee\/lt\/wp-json\/wp\/v2\/product_cat?post=292485"},{"taxonomy":"product_tag","embeddable":true,"href":"https:\/\/hobstop.ee\/lt\/wp-json\/wp\/v2\/product_tag?post=292485"}],"curies":[{"name":"wp","href":"https:\/\/api.w.org\/{rel}","templated":true}]}}