{"id":292493,"date":"2015-09-29T09:35:42","date_gmt":"2017-08-29T06:35:42","guid":{"rendered":"https:\/\/sharks.ee\/vunder_2019\/lt\/product\/fotopopierius-canson-infinity-platine-fibre-rag\/"},"modified":"2017-08-29T09:35:42","modified_gmt":"2017-08-29T06:35:42","slug":"fotopopierius-canson-infinity-platine-fibre-rag","status":"publish","type":"product","link":"https:\/\/hobstop.ee\/lt\/produktas\/fotopopierius-canson-infinity-platine-fibre-rag\/","title":{"rendered":"Fotopopierius Canson Infinity Platine Fibre Rag"},"content":{"rendered":"<p>Unikalus derinys i\u0161 medviln\u0117s ir itin baltos spalvos dailei skirto popieriaus, kuriame n\u0117ra joki\u0173 optinio ry\u0161kumo pried\u0173, nat\u016braliai atsparus sen\u0117jimui su mikroporiniu ra\u0161al\u0105 sugerian\u010diu sluoksniu, kuris atrodo tarsi tradicinis \u201eBaryta\u201c popierius. D\u0117l juod\u0173 ir pilk\u0173 \u0161e\u0161\u0117li\u0173, \u0161is popierius puikiai juodai-baltai fotografijai.<\/p>\n","protected":false},"excerpt":{"rendered":"<p>Unikalus derinys i\u0161 medviln\u0117s ir itin baltos spalvos dailei skirto popieriaus, kuriame n\u0117ra joki\u0173 optinio ry\u0161kumo pried\u0173, nat\u016braliai atsparus sen\u0117jimui su mikroporiniu ra\u0161al\u0105 sugerian\u010diu sluoksniu, kuris atrodo tarsi tradicinis \u201eBaryta\u201c popierius. D\u0117l juod\u0173 ir pilk\u0173 \u0161e\u0161\u0117li\u0173, \u0161is popierius puikiai juodai-baltai fotografijai.<\/p>\n","protected":false},"featured_media":0,"comment_status":"closed","ping_status":"closed","template":"","meta":{"_acf_changed":false,"ep_exclude_from_search":false},"product_cat":[19684,17922,18661],"product_tag":[],"class_list":{"0":"post-292493","1":"product","2":"type-product","3":"status-publish","5":"product_cat-fotopopieriai","6":"product_cat-popieriaus-prekes","7":"product_cat-spausdinimo-popierius-3","9":"first","10":"instock","11":"taxable","12":"shipping-taxable","13":"purchasable","14":"product-type-variable"},"acf":[],"yoast_head":"<!-- This site is optimized with the Yoast SEO plugin v24.1 - https:\/\/yoast.com\/wordpress\/plugins\/seo\/ -->\n<title>Fotopopierius Canson Infinity Platine Fibre Rag &#8211; Skizze<\/title>\n<meta name=\"robots\" content=\"noindex, follow, max-snippet:-1, max-image-preview:large, max-video-preview:-1\" \/>\n<meta property=\"og:locale\" content=\"lt_LT\" \/>\n<meta property=\"og:type\" content=\"article\" \/>\n<meta property=\"og:title\" content=\"Fotopopierius Canson Infinity Platine Fibre Rag &#8211; Skizze\" \/>\n<meta property=\"og:description\" content=\"Unikalus derinys i\u0161 medviln\u0117s ir itin baltos spalvos dailei skirto popieriaus, kuriame n\u0117ra joki\u0173 optinio ry\u0161kumo pried\u0173, nat\u016braliai atsparus sen\u0117jimui su mikroporiniu ra\u0161al\u0105 sugerian\u010diu sluoksniu, kuris atrodo tarsi tradicinis \u201eBaryta\u201c popierius. D\u0117l juod\u0173 ir pilk\u0173 \u0161e\u0161\u0117li\u0173, \u0161is popierius puikiai juodai-baltai fotografijai.\" \/>\n<meta property=\"og:url\" content=\"https:\/\/hobstop.ee\/lt\/produktas\/fotopopierius-canson-infinity-platine-fibre-rag\/\" \/>\n<meta property=\"og:site_name\" content=\"Skizze\" \/>\n<meta property=\"article:publisher\" content=\"http:\/\/www.facebook.com\/VunderSkizze\" \/>\n<meta name=\"twitter:card\" content=\"summary_large_image\" \/>\n<script type=\"application\/ld+json\" class=\"yoast-schema-graph\">{\"@context\":\"https:\/\/schema.org\",\"@graph\":[{\"@type\":\"WebPage\",\"@id\":\"https:\/\/hobstop.ee\/lt\/produktas\/fotopopierius-canson-infinity-platine-fibre-rag\/\",\"url\":\"https:\/\/hobstop.ee\/lt\/produktas\/fotopopierius-canson-infinity-platine-fibre-rag\/\",\"name\":\"Fotopopierius Canson Infinity Platine Fibre Rag &#8211; Skizze\",\"isPartOf\":{\"@id\":\"https:\/\/hobstop.ee\/lt\/#website\"},\"datePublished\":\"2017-08-29T06:35:42+00:00\",\"dateModified\":\"2017-08-29T06:35:42+00:00\",\"breadcrumb\":{\"@id\":\"https:\/\/hobstop.ee\/lt\/produktas\/fotopopierius-canson-infinity-platine-fibre-rag\/#breadcrumb\"},\"inLanguage\":\"lt\",\"potentialAction\":[{\"@type\":\"ReadAction\",\"target\":[\"https:\/\/hobstop.ee\/lt\/produktas\/fotopopierius-canson-infinity-platine-fibre-rag\/\"]}]},{\"@type\":\"BreadcrumbList\",\"@id\":\"https:\/\/hobstop.ee\/lt\/produktas\/fotopopierius-canson-infinity-platine-fibre-rag\/#breadcrumb\",\"itemListElement\":[{\"@type\":\"ListItem\",\"position\":1,\"name\":\"Avaleht\",\"item\":\"https:\/\/hobstop.ee\/lt\/\"},{\"@type\":\"ListItem\",\"position\":2,\"name\":\"Parduotuv\u0117\",\"item\":\"https:\/\/hobstop.ee\/lt\/parduotuve\/\"},{\"@type\":\"ListItem\",\"position\":3,\"name\":\"Fotopopierius Canson Infinity Platine Fibre Rag\"}]},{\"@type\":\"WebSite\",\"@id\":\"https:\/\/hobstop.ee\/lt\/#website\",\"url\":\"https:\/\/hobstop.ee\/lt\/\",\"name\":\"Skizze\",\"description\":\"Dail\u0117s, pom\u0117gi\u0173 ir mokykliniai reikm\u0117nys\",\"publisher\":{\"@id\":\"https:\/\/hobstop.ee\/lt\/#organization\"},\"potentialAction\":[{\"@type\":\"SearchAction\",\"target\":{\"@type\":\"EntryPoint\",\"urlTemplate\":\"https:\/\/hobstop.ee\/lt\/?s={search_term_string}\"},\"query-input\":{\"@type\":\"PropertyValueSpecification\",\"valueRequired\":true,\"valueName\":\"search_term_string\"}}],\"inLanguage\":\"lt\"},{\"@type\":\"Organization\",\"@id\":\"https:\/\/hobstop.ee\/lt\/#organization\",\"name\":\"Vunder AS\",\"url\":\"https:\/\/hobstop.ee\/lt\/\",\"logo\":{\"@type\":\"ImageObject\",\"inLanguage\":\"lt\",\"@id\":\"https:\/\/hobstop.ee\/lt\/#\/schema\/logo\/image\/\",\"url\":\"https:\/\/hobstop.ee\/media\/vunder-logo.png\",\"contentUrl\":\"https:\/\/hobstop.ee\/media\/vunder-logo.png\",\"width\":127,\"height\":55,\"caption\":\"Vunder AS\"},\"image\":{\"@id\":\"https:\/\/hobstop.ee\/lt\/#\/schema\/logo\/image\/\"},\"sameAs\":[\"http:\/\/www.facebook.com\/VunderSkizze\"]}]}<\/script>\n<!-- \/ Yoast SEO plugin. -->","yoast_head_json":{"title":"Fotopopierius Canson Infinity Platine Fibre Rag &#8211; Skizze","robots":{"index":"noindex","follow":"follow","max-snippet":"max-snippet:-1","max-image-preview":"max-image-preview:large","max-video-preview":"max-video-preview:-1"},"og_locale":"lt_LT","og_type":"article","og_title":"Fotopopierius Canson Infinity Platine Fibre Rag &#8211; Skizze","og_description":"Unikalus derinys i\u0161 medviln\u0117s ir itin baltos spalvos dailei skirto popieriaus, kuriame n\u0117ra joki\u0173 optinio ry\u0161kumo pried\u0173, nat\u016braliai atsparus sen\u0117jimui su mikroporiniu ra\u0161al\u0105 sugerian\u010diu sluoksniu, kuris atrodo tarsi tradicinis \u201eBaryta\u201c popierius. D\u0117l juod\u0173 ir pilk\u0173 \u0161e\u0161\u0117li\u0173, \u0161is popierius puikiai juodai-baltai fotografijai.","og_url":"https:\/\/hobstop.ee\/lt\/produktas\/fotopopierius-canson-infinity-platine-fibre-rag\/","og_site_name":"Skizze","article_publisher":"http:\/\/www.facebook.com\/VunderSkizze","twitter_card":"summary_large_image","schema":{"@context":"https:\/\/schema.org","@graph":[{"@type":"WebPage","@id":"https:\/\/hobstop.ee\/lt\/produktas\/fotopopierius-canson-infinity-platine-fibre-rag\/","url":"https:\/\/hobstop.ee\/lt\/produktas\/fotopopierius-canson-infinity-platine-fibre-rag\/","name":"Fotopopierius Canson Infinity Platine Fibre Rag &#8211; Skizze","isPartOf":{"@id":"https:\/\/hobstop.ee\/lt\/#website"},"datePublished":"2017-08-29T06:35:42+00:00","dateModified":"2017-08-29T06:35:42+00:00","breadcrumb":{"@id":"https:\/\/hobstop.ee\/lt\/produktas\/fotopopierius-canson-infinity-platine-fibre-rag\/#breadcrumb"},"inLanguage":"lt","potentialAction":[{"@type":"ReadAction","target":["https:\/\/hobstop.ee\/lt\/produktas\/fotopopierius-canson-infinity-platine-fibre-rag\/"]}]},{"@type":"BreadcrumbList","@id":"https:\/\/hobstop.ee\/lt\/produktas\/fotopopierius-canson-infinity-platine-fibre-rag\/#breadcrumb","itemListElement":[{"@type":"ListItem","position":1,"name":"Avaleht","item":"https:\/\/hobstop.ee\/lt\/"},{"@type":"ListItem","position":2,"name":"Parduotuv\u0117","item":"https:\/\/hobstop.ee\/lt\/parduotuve\/"},{"@type":"ListItem","position":3,"name":"Fotopopierius Canson Infinity Platine Fibre Rag"}]},{"@type":"WebSite","@id":"https:\/\/hobstop.ee\/lt\/#website","url":"https:\/\/hobstop.ee\/lt\/","name":"Skizze","description":"Dail\u0117s, pom\u0117gi\u0173 ir mokykliniai reikm\u0117nys","publisher":{"@id":"https:\/\/hobstop.ee\/lt\/#organization"},"potentialAction":[{"@type":"SearchAction","target":{"@type":"EntryPoint","urlTemplate":"https:\/\/hobstop.ee\/lt\/?s={search_term_string}"},"query-input":{"@type":"PropertyValueSpecification","valueRequired":true,"valueName":"search_term_string"}}],"inLanguage":"lt"},{"@type":"Organization","@id":"https:\/\/hobstop.ee\/lt\/#organization","name":"Vunder AS","url":"https:\/\/hobstop.ee\/lt\/","logo":{"@type":"ImageObject","inLanguage":"lt","@id":"https:\/\/hobstop.ee\/lt\/#\/schema\/logo\/image\/","url":"https:\/\/hobstop.ee\/media\/vunder-logo.png","contentUrl":"https:\/\/hobstop.ee\/media\/vunder-logo.png","width":127,"height":55,"caption":"Vunder AS"},"image":{"@id":"https:\/\/hobstop.ee\/lt\/#\/schema\/logo\/image\/"},"sameAs":["http:\/\/www.facebook.com\/VunderSkizze"]}]}},"_links":{"self":[{"href":"https:\/\/hobstop.ee\/lt\/wp-json\/wp\/v2\/product\/292493","targetHints":{"allow":["GET"]}}],"collection":[{"href":"https:\/\/hobstop.ee\/lt\/wp-json\/wp\/v2\/product"}],"about":[{"href":"https:\/\/hobstop.ee\/lt\/wp-json\/wp\/v2\/types\/product"}],"replies":[{"embeddable":true,"href":"https:\/\/hobstop.ee\/lt\/wp-json\/wp\/v2\/comments?post=292493"}],"wp:attachment":[{"href":"https:\/\/hobstop.ee\/lt\/wp-json\/wp\/v2\/media?parent=292493"}],"wp:term":[{"taxonomy":"product_cat","embeddable":true,"href":"https:\/\/hobstop.ee\/lt\/wp-json\/wp\/v2\/product_cat?post=292493"},{"taxonomy":"product_tag","embeddable":true,"href":"https:\/\/hobstop.ee\/lt\/wp-json\/wp\/v2\/product_tag?post=292493"}],"curies":[{"name":"wp","href":"https:\/\/api.w.org\/{rel}","templated":true}]}}