{"id":293397,"date":"2017-09-08T12:56:24","date_gmt":"2017-09-08T09:56:24","guid":{"rendered":"https:\/\/sharks.ee\/vunder_2019\/lt\/product\/putoplastis-canson-mousse\/"},"modified":"2017-09-08T12:56:24","modified_gmt":"2017-09-08T09:56:24","slug":"putoplastis-canson-mousse","status":"publish","type":"product","link":"https:\/\/hobstop.ee\/lt\/produktas\/putoplastis-canson-mousse\/","title":{"rendered":"Putoplastis Canson Mousse"},"content":{"rendered":"<p>Lengvos i\u0161 polistireno pagamintos plok\u0161t\u0117s, idealiai tinka naudoti kiekvien\u0105 dien\u0105 su vis\u0173 r\u016b\u0161i\u0173 klijais, kuri\u0173 sud\u0117tyje n\u0117ra tirpikli\u0173. Sud\u0117tyje n\u0117ra chlorfluorangliavandenili\u0173 (CFC), laikui b\u0117gant negeltonuoja. Polistireno \u201eCarton Mousse\u201c gali b\u016bti naudojamas \u012fvairiems k\u016brybiniams darbams (dekoravimui, modeliavimui, rankdarbiams ir pan.), kuriems reikia nebrangi\u0173 med\u017eiag\u0173.<\/p>\n","protected":false},"excerpt":{"rendered":"<p>Lengvos i\u0161 polistireno pagamintos plok\u0161t\u0117s, idealiai tinka naudoti kiekvien\u0105 dien\u0105 su vis\u0173 r\u016b\u0161i\u0173 klijais, kuri\u0173 sud\u0117tyje n\u0117ra tirpikli\u0173. Sud\u0117tyje n\u0117ra chlorfluorangliavandenili\u0173 (CFC), laikui b\u0117gant negeltonuoja. Polistireno \u201eCarton Mousse\u201c gali b\u016bti naudojamas \u012fvairiems k\u016brybiniams darbams (dekoravimui, modeliavimui, rankdarbiams ir pan.), kuriems reikia nebrangi\u0173 med\u017eiag\u0173.<\/p>\n","protected":false},"featured_media":293862,"comment_status":"closed","ping_status":"closed","template":"","meta":{"_acf_changed":false,"ep_exclude_from_search":false},"product_cat":[19941,17922],"product_tag":[],"class_list":{"0":"post-293397","1":"product","2":"type-product","3":"status-publish","4":"has-post-thumbnail","6":"product_cat-ivairus-40","7":"product_cat-popieriaus-prekes","9":"first","10":"outofstock","11":"taxable","12":"shipping-taxable","13":"purchasable","14":"product-type-simple"},"acf":[],"yoast_head":"<!-- This site is optimized with the Yoast SEO plugin v24.1 - https:\/\/yoast.com\/wordpress\/plugins\/seo\/ -->\n<title>Putoplastis Canson Mousse &#8211; Skizze<\/title>\n<meta name=\"robots\" content=\"noindex, follow, max-snippet:-1, max-image-preview:large, max-video-preview:-1\" \/>\n<meta property=\"og:locale\" content=\"lt_LT\" \/>\n<meta property=\"og:type\" content=\"article\" \/>\n<meta property=\"og:title\" content=\"Putoplastis Canson Mousse &#8211; Skizze\" \/>\n<meta property=\"og:description\" content=\"Lengvos i\u0161 polistireno pagamintos plok\u0161t\u0117s, idealiai tinka naudoti kiekvien\u0105 dien\u0105 su vis\u0173 r\u016b\u0161i\u0173 klijais, kuri\u0173 sud\u0117tyje n\u0117ra tirpikli\u0173. Sud\u0117tyje n\u0117ra chlorfluorangliavandenili\u0173 (CFC), laikui b\u0117gant negeltonuoja. Polistireno \u201eCarton Mousse\u201c gali b\u016bti naudojamas \u012fvairiems k\u016brybiniams darbams (dekoravimui, modeliavimui, rankdarbiams ir pan.), kuriems reikia nebrangi\u0173 med\u017eiag\u0173.\" \/>\n<meta property=\"og:url\" content=\"https:\/\/hobstop.ee\/lt\/produktas\/putoplastis-canson-mousse\/\" \/>\n<meta property=\"og:site_name\" content=\"Skizze\" \/>\n<meta property=\"article:publisher\" content=\"http:\/\/www.facebook.com\/VunderSkizze\" \/>\n<meta property=\"og:image\" content=\"https:\/\/hobstop.ee\/media\/4625.jpg\" \/>\n\t<meta property=\"og:image:width\" content=\"1024\" \/>\n\t<meta property=\"og:image:height\" content=\"768\" \/>\n\t<meta property=\"og:image:type\" content=\"image\/jpeg\" \/>\n<meta name=\"twitter:card\" content=\"summary_large_image\" \/>\n<script type=\"application\/ld+json\" class=\"yoast-schema-graph\">{\"@context\":\"https:\/\/schema.org\",\"@graph\":[{\"@type\":\"WebPage\",\"@id\":\"https:\/\/hobstop.ee\/lt\/produktas\/putoplastis-canson-mousse\/\",\"url\":\"https:\/\/hobstop.ee\/lt\/produktas\/putoplastis-canson-mousse\/\",\"name\":\"Putoplastis Canson Mousse &#8211; Skizze\",\"isPartOf\":{\"@id\":\"https:\/\/hobstop.ee\/lt\/#website\"},\"primaryImageOfPage\":{\"@id\":\"https:\/\/hobstop.ee\/lt\/produktas\/putoplastis-canson-mousse\/#primaryimage\"},\"image\":{\"@id\":\"https:\/\/hobstop.ee\/lt\/produktas\/putoplastis-canson-mousse\/#primaryimage\"},\"thumbnailUrl\":\"https:\/\/hobstop.ee\/media\/4625.jpg\",\"datePublished\":\"2017-09-08T09:56:24+00:00\",\"dateModified\":\"2017-09-08T09:56:24+00:00\",\"breadcrumb\":{\"@id\":\"https:\/\/hobstop.ee\/lt\/produktas\/putoplastis-canson-mousse\/#breadcrumb\"},\"inLanguage\":\"lt\",\"potentialAction\":[{\"@type\":\"ReadAction\",\"target\":[\"https:\/\/hobstop.ee\/lt\/produktas\/putoplastis-canson-mousse\/\"]}]},{\"@type\":\"ImageObject\",\"inLanguage\":\"lt\",\"@id\":\"https:\/\/hobstop.ee\/lt\/produktas\/putoplastis-canson-mousse\/#primaryimage\",\"url\":\"https:\/\/hobstop.ee\/media\/4625.jpg\",\"contentUrl\":\"https:\/\/hobstop.ee\/media\/4625.jpg\",\"width\":1024,\"height\":768},{\"@type\":\"BreadcrumbList\",\"@id\":\"https:\/\/hobstop.ee\/lt\/produktas\/putoplastis-canson-mousse\/#breadcrumb\",\"itemListElement\":[{\"@type\":\"ListItem\",\"position\":1,\"name\":\"Avaleht\",\"item\":\"https:\/\/hobstop.ee\/lt\/\"},{\"@type\":\"ListItem\",\"position\":2,\"name\":\"Parduotuv\u0117\",\"item\":\"https:\/\/hobstop.ee\/lt\/parduotuve\/\"},{\"@type\":\"ListItem\",\"position\":3,\"name\":\"Putoplastis Canson Mousse\"}]},{\"@type\":\"WebSite\",\"@id\":\"https:\/\/hobstop.ee\/lt\/#website\",\"url\":\"https:\/\/hobstop.ee\/lt\/\",\"name\":\"Skizze\",\"description\":\"Dail\u0117s, pom\u0117gi\u0173 ir mokykliniai reikm\u0117nys\",\"publisher\":{\"@id\":\"https:\/\/hobstop.ee\/lt\/#organization\"},\"potentialAction\":[{\"@type\":\"SearchAction\",\"target\":{\"@type\":\"EntryPoint\",\"urlTemplate\":\"https:\/\/hobstop.ee\/lt\/?s={search_term_string}\"},\"query-input\":{\"@type\":\"PropertyValueSpecification\",\"valueRequired\":true,\"valueName\":\"search_term_string\"}}],\"inLanguage\":\"lt\"},{\"@type\":\"Organization\",\"@id\":\"https:\/\/hobstop.ee\/lt\/#organization\",\"name\":\"Vunder AS\",\"url\":\"https:\/\/hobstop.ee\/lt\/\",\"logo\":{\"@type\":\"ImageObject\",\"inLanguage\":\"lt\",\"@id\":\"https:\/\/hobstop.ee\/lt\/#\/schema\/logo\/image\/\",\"url\":\"https:\/\/hobstop.ee\/media\/vunder-logo.png\",\"contentUrl\":\"https:\/\/hobstop.ee\/media\/vunder-logo.png\",\"width\":127,\"height\":55,\"caption\":\"Vunder AS\"},\"image\":{\"@id\":\"https:\/\/hobstop.ee\/lt\/#\/schema\/logo\/image\/\"},\"sameAs\":[\"http:\/\/www.facebook.com\/VunderSkizze\"]}]}<\/script>\n<!-- \/ Yoast SEO plugin. -->","yoast_head_json":{"title":"Putoplastis Canson Mousse &#8211; Skizze","robots":{"index":"noindex","follow":"follow","max-snippet":"max-snippet:-1","max-image-preview":"max-image-preview:large","max-video-preview":"max-video-preview:-1"},"og_locale":"lt_LT","og_type":"article","og_title":"Putoplastis Canson Mousse &#8211; Skizze","og_description":"Lengvos i\u0161 polistireno pagamintos plok\u0161t\u0117s, idealiai tinka naudoti kiekvien\u0105 dien\u0105 su vis\u0173 r\u016b\u0161i\u0173 klijais, kuri\u0173 sud\u0117tyje n\u0117ra tirpikli\u0173. Sud\u0117tyje n\u0117ra chlorfluorangliavandenili\u0173 (CFC), laikui b\u0117gant negeltonuoja. Polistireno \u201eCarton Mousse\u201c gali b\u016bti naudojamas \u012fvairiems k\u016brybiniams darbams (dekoravimui, modeliavimui, rankdarbiams ir pan.), kuriems reikia nebrangi\u0173 med\u017eiag\u0173.","og_url":"https:\/\/hobstop.ee\/lt\/produktas\/putoplastis-canson-mousse\/","og_site_name":"Skizze","article_publisher":"http:\/\/www.facebook.com\/VunderSkizze","og_image":[{"width":1024,"height":768,"url":"https:\/\/hobstop.ee\/media\/4625.jpg","type":"image\/jpeg"}],"twitter_card":"summary_large_image","schema":{"@context":"https:\/\/schema.org","@graph":[{"@type":"WebPage","@id":"https:\/\/hobstop.ee\/lt\/produktas\/putoplastis-canson-mousse\/","url":"https:\/\/hobstop.ee\/lt\/produktas\/putoplastis-canson-mousse\/","name":"Putoplastis Canson Mousse &#8211; Skizze","isPartOf":{"@id":"https:\/\/hobstop.ee\/lt\/#website"},"primaryImageOfPage":{"@id":"https:\/\/hobstop.ee\/lt\/produktas\/putoplastis-canson-mousse\/#primaryimage"},"image":{"@id":"https:\/\/hobstop.ee\/lt\/produktas\/putoplastis-canson-mousse\/#primaryimage"},"thumbnailUrl":"https:\/\/hobstop.ee\/media\/4625.jpg","datePublished":"2017-09-08T09:56:24+00:00","dateModified":"2017-09-08T09:56:24+00:00","breadcrumb":{"@id":"https:\/\/hobstop.ee\/lt\/produktas\/putoplastis-canson-mousse\/#breadcrumb"},"inLanguage":"lt","potentialAction":[{"@type":"ReadAction","target":["https:\/\/hobstop.ee\/lt\/produktas\/putoplastis-canson-mousse\/"]}]},{"@type":"ImageObject","inLanguage":"lt","@id":"https:\/\/hobstop.ee\/lt\/produktas\/putoplastis-canson-mousse\/#primaryimage","url":"https:\/\/hobstop.ee\/media\/4625.jpg","contentUrl":"https:\/\/hobstop.ee\/media\/4625.jpg","width":1024,"height":768},{"@type":"BreadcrumbList","@id":"https:\/\/hobstop.ee\/lt\/produktas\/putoplastis-canson-mousse\/#breadcrumb","itemListElement":[{"@type":"ListItem","position":1,"name":"Avaleht","item":"https:\/\/hobstop.ee\/lt\/"},{"@type":"ListItem","position":2,"name":"Parduotuv\u0117","item":"https:\/\/hobstop.ee\/lt\/parduotuve\/"},{"@type":"ListItem","position":3,"name":"Putoplastis Canson Mousse"}]},{"@type":"WebSite","@id":"https:\/\/hobstop.ee\/lt\/#website","url":"https:\/\/hobstop.ee\/lt\/","name":"Skizze","description":"Dail\u0117s, pom\u0117gi\u0173 ir mokykliniai reikm\u0117nys","publisher":{"@id":"https:\/\/hobstop.ee\/lt\/#organization"},"potentialAction":[{"@type":"SearchAction","target":{"@type":"EntryPoint","urlTemplate":"https:\/\/hobstop.ee\/lt\/?s={search_term_string}"},"query-input":{"@type":"PropertyValueSpecification","valueRequired":true,"valueName":"search_term_string"}}],"inLanguage":"lt"},{"@type":"Organization","@id":"https:\/\/hobstop.ee\/lt\/#organization","name":"Vunder AS","url":"https:\/\/hobstop.ee\/lt\/","logo":{"@type":"ImageObject","inLanguage":"lt","@id":"https:\/\/hobstop.ee\/lt\/#\/schema\/logo\/image\/","url":"https:\/\/hobstop.ee\/media\/vunder-logo.png","contentUrl":"https:\/\/hobstop.ee\/media\/vunder-logo.png","width":127,"height":55,"caption":"Vunder AS"},"image":{"@id":"https:\/\/hobstop.ee\/lt\/#\/schema\/logo\/image\/"},"sameAs":["http:\/\/www.facebook.com\/VunderSkizze"]}]}},"_links":{"self":[{"href":"https:\/\/hobstop.ee\/lt\/wp-json\/wp\/v2\/product\/293397","targetHints":{"allow":["GET"]}}],"collection":[{"href":"https:\/\/hobstop.ee\/lt\/wp-json\/wp\/v2\/product"}],"about":[{"href":"https:\/\/hobstop.ee\/lt\/wp-json\/wp\/v2\/types\/product"}],"replies":[{"embeddable":true,"href":"https:\/\/hobstop.ee\/lt\/wp-json\/wp\/v2\/comments?post=293397"}],"wp:featuredmedia":[{"embeddable":true,"href":"https:\/\/hobstop.ee\/lt\/wp-json\/wp\/v2\/media\/293862"}],"wp:attachment":[{"href":"https:\/\/hobstop.ee\/lt\/wp-json\/wp\/v2\/media?parent=293397"}],"wp:term":[{"taxonomy":"product_cat","embeddable":true,"href":"https:\/\/hobstop.ee\/lt\/wp-json\/wp\/v2\/product_cat?post=293397"},{"taxonomy":"product_tag","embeddable":true,"href":"https:\/\/hobstop.ee\/lt\/wp-json\/wp\/v2\/product_tag?post=293397"}],"curies":[{"name":"wp","href":"https:\/\/api.w.org\/{rel}","templated":true}]}}