{"id":293409,"date":"2017-09-08T12:56:27","date_gmt":"2017-09-08T09:56:27","guid":{"rendered":"https:\/\/sharks.ee\/vunder_2019\/lt\/product\/braizybos-bloknotas-canson-xl-bristol\/"},"modified":"2017-09-08T12:56:27","modified_gmt":"2017-09-08T09:56:27","slug":"braizybos-bloknotas-canson-xl-bristol","status":"publish","type":"product","link":"https:\/\/hobstop.ee\/lt\/produktas\/braizybos-bloknotas-canson-xl-bristol\/","title":{"rendered":"Brai\u017eybos bloknotas Canson XL Bristol"},"content":{"rendered":"<p>Satininio blizgesio popierius \u201eCanson XL Bristol\u201c yra itin baltas ir labai lygus. Itin atsparus, jis atlaiko pakartotinius pataisymus ir i\u0161trynimus. Idealiai tinka pie\u0161tukams, ra\u0161ikliams, liejimui, ra\u0161aliniams pie\u0161tukams, pur\u0161kimui ir bet kokiai kitai technikai, kur yra reikalingas lygus pavir\u0161ius ir ry\u0161kios ai\u0161kios linijos.<\/p>\n","protected":false},"excerpt":{"rendered":"<p>Satininio blizgesio popierius \u201eCanson XL Bristol\u201c yra itin baltas ir labai lygus. Itin atsparus, jis atlaiko pakartotinius pataisymus ir i\u0161trynimus. Idealiai tinka pie\u0161tukams, ra\u0161ikliams, liejimui, ra\u0161aliniams pie\u0161tukams, pur\u0161kimui ir bet kokiai kitai technikai, kur yra reikalingas lygus pavir\u0161ius ir ry\u0161kios ai\u0161kios linijos.<\/p>\n","protected":false},"featured_media":354416,"comment_status":"closed","ping_status":"closed","template":"","meta":{"_acf_changed":false,"ep_exclude_from_search":false},"product_cat":[19025,17922,18944],"product_tag":[],"class_list":{"0":"post-293409","1":"product","2":"type-product","3":"status-publish","4":"has-post-thumbnail","6":"product_cat-piesimo-popierius-ir-bloknotai","7":"product_cat-popieriaus-prekes","8":"product_cat-specialus-popierius-ir-kartonas","10":"first","11":"outofstock","12":"taxable","13":"shipping-taxable","14":"purchasable","15":"product-type-simple"},"acf":[],"yoast_head":"<!-- This site is optimized with the Yoast SEO plugin v24.1 - https:\/\/yoast.com\/wordpress\/plugins\/seo\/ -->\n<title>Brai\u017eybos bloknotas Canson XL Bristol &#8211; Skizze<\/title>\n<meta name=\"robots\" content=\"noindex, follow, max-snippet:-1, max-image-preview:large, max-video-preview:-1\" \/>\n<meta property=\"og:locale\" content=\"lt_LT\" \/>\n<meta property=\"og:type\" content=\"article\" \/>\n<meta property=\"og:title\" content=\"Brai\u017eybos bloknotas Canson XL Bristol &#8211; Skizze\" \/>\n<meta property=\"og:description\" content=\"Satininio blizgesio popierius \u201eCanson XL Bristol\u201c yra itin baltas ir labai lygus. Itin atsparus, jis atlaiko pakartotinius pataisymus ir i\u0161trynimus. Idealiai tinka pie\u0161tukams, ra\u0161ikliams, liejimui, ra\u0161aliniams pie\u0161tukams, pur\u0161kimui ir bet kokiai kitai technikai, kur yra reikalingas lygus pavir\u0161ius ir ry\u0161kios ai\u0161kios linijos.\" \/>\n<meta property=\"og:url\" content=\"https:\/\/hobstop.ee\/lt\/produktas\/braizybos-bloknotas-canson-xl-bristol\/\" \/>\n<meta property=\"og:site_name\" content=\"Skizze\" \/>\n<meta property=\"article:publisher\" content=\"http:\/\/www.facebook.com\/VunderSkizze\" \/>\n<meta property=\"og:image\" content=\"https:\/\/hobstop.ee\/media\/4629.jpg\" \/>\n\t<meta property=\"og:image:width\" content=\"1024\" \/>\n\t<meta property=\"og:image:height\" content=\"768\" \/>\n\t<meta property=\"og:image:type\" content=\"image\/jpeg\" \/>\n<meta name=\"twitter:card\" content=\"summary_large_image\" \/>\n<script type=\"application\/ld+json\" class=\"yoast-schema-graph\">{\"@context\":\"https:\/\/schema.org\",\"@graph\":[{\"@type\":\"WebPage\",\"@id\":\"https:\/\/hobstop.ee\/lt\/produktas\/braizybos-bloknotas-canson-xl-bristol\/\",\"url\":\"https:\/\/hobstop.ee\/lt\/produktas\/braizybos-bloknotas-canson-xl-bristol\/\",\"name\":\"Brai\u017eybos bloknotas Canson XL Bristol &#8211; Skizze\",\"isPartOf\":{\"@id\":\"https:\/\/www.hobstop.ee\/lt\/#website\"},\"primaryImageOfPage\":{\"@id\":\"https:\/\/hobstop.ee\/lt\/produktas\/braizybos-bloknotas-canson-xl-bristol\/#primaryimage\"},\"image\":{\"@id\":\"https:\/\/hobstop.ee\/lt\/produktas\/braizybos-bloknotas-canson-xl-bristol\/#primaryimage\"},\"thumbnailUrl\":\"https:\/\/hobstop.ee\/media\/4629.jpg\",\"datePublished\":\"2017-09-08T09:56:27+00:00\",\"dateModified\":\"2017-09-08T09:56:27+00:00\",\"breadcrumb\":{\"@id\":\"https:\/\/hobstop.ee\/lt\/produktas\/braizybos-bloknotas-canson-xl-bristol\/#breadcrumb\"},\"inLanguage\":\"lt\",\"potentialAction\":[{\"@type\":\"ReadAction\",\"target\":[\"https:\/\/hobstop.ee\/lt\/produktas\/braizybos-bloknotas-canson-xl-bristol\/\"]}]},{\"@type\":\"ImageObject\",\"inLanguage\":\"lt\",\"@id\":\"https:\/\/hobstop.ee\/lt\/produktas\/braizybos-bloknotas-canson-xl-bristol\/#primaryimage\",\"url\":\"https:\/\/hobstop.ee\/media\/4629.jpg\",\"contentUrl\":\"https:\/\/hobstop.ee\/media\/4629.jpg\",\"width\":1024,\"height\":768},{\"@type\":\"BreadcrumbList\",\"@id\":\"https:\/\/hobstop.ee\/lt\/produktas\/braizybos-bloknotas-canson-xl-bristol\/#breadcrumb\",\"itemListElement\":[{\"@type\":\"ListItem\",\"position\":1,\"name\":\"Avaleht\",\"item\":\"https:\/\/hobstop.ee\/lt\/\"},{\"@type\":\"ListItem\",\"position\":2,\"name\":\"Parduotuv\u0117\",\"item\":\"https:\/\/www.hobstop.ee\/lt\/parduotuve\/\"},{\"@type\":\"ListItem\",\"position\":3,\"name\":\"Brai\u017eybos bloknotas Canson XL Bristol\"}]},{\"@type\":\"WebSite\",\"@id\":\"https:\/\/www.hobstop.ee\/lt\/#website\",\"url\":\"https:\/\/www.hobstop.ee\/lt\/\",\"name\":\"Skizze\",\"description\":\"Dail\u0117s, pom\u0117gi\u0173 ir mokykliniai reikm\u0117nys\",\"publisher\":{\"@id\":\"https:\/\/www.hobstop.ee\/lt\/#organization\"},\"potentialAction\":[{\"@type\":\"SearchAction\",\"target\":{\"@type\":\"EntryPoint\",\"urlTemplate\":\"https:\/\/www.hobstop.ee\/lt\/?s={search_term_string}\"},\"query-input\":{\"@type\":\"PropertyValueSpecification\",\"valueRequired\":true,\"valueName\":\"search_term_string\"}}],\"inLanguage\":\"lt\"},{\"@type\":\"Organization\",\"@id\":\"https:\/\/www.hobstop.ee\/lt\/#organization\",\"name\":\"Vunder AS\",\"url\":\"https:\/\/www.hobstop.ee\/lt\/\",\"logo\":{\"@type\":\"ImageObject\",\"inLanguage\":\"lt\",\"@id\":\"https:\/\/www.hobstop.ee\/lt\/#\/schema\/logo\/image\/\",\"url\":\"https:\/\/hobstop.ee\/media\/vunder-logo.png\",\"contentUrl\":\"https:\/\/hobstop.ee\/media\/vunder-logo.png\",\"width\":127,\"height\":55,\"caption\":\"Vunder AS\"},\"image\":{\"@id\":\"https:\/\/www.hobstop.ee\/lt\/#\/schema\/logo\/image\/\"},\"sameAs\":[\"http:\/\/www.facebook.com\/VunderSkizze\"]}]}<\/script>\n<!-- \/ Yoast SEO plugin. -->","yoast_head_json":{"title":"Brai\u017eybos bloknotas Canson XL Bristol &#8211; Skizze","robots":{"index":"noindex","follow":"follow","max-snippet":"max-snippet:-1","max-image-preview":"max-image-preview:large","max-video-preview":"max-video-preview:-1"},"og_locale":"lt_LT","og_type":"article","og_title":"Brai\u017eybos bloknotas Canson XL Bristol &#8211; Skizze","og_description":"Satininio blizgesio popierius \u201eCanson XL Bristol\u201c yra itin baltas ir labai lygus. Itin atsparus, jis atlaiko pakartotinius pataisymus ir i\u0161trynimus. Idealiai tinka pie\u0161tukams, ra\u0161ikliams, liejimui, ra\u0161aliniams pie\u0161tukams, pur\u0161kimui ir bet kokiai kitai technikai, kur yra reikalingas lygus pavir\u0161ius ir ry\u0161kios ai\u0161kios linijos.","og_url":"https:\/\/hobstop.ee\/lt\/produktas\/braizybos-bloknotas-canson-xl-bristol\/","og_site_name":"Skizze","article_publisher":"http:\/\/www.facebook.com\/VunderSkizze","og_image":[{"width":1024,"height":768,"url":"https:\/\/hobstop.ee\/media\/4629.jpg","type":"image\/jpeg"}],"twitter_card":"summary_large_image","schema":{"@context":"https:\/\/schema.org","@graph":[{"@type":"WebPage","@id":"https:\/\/hobstop.ee\/lt\/produktas\/braizybos-bloknotas-canson-xl-bristol\/","url":"https:\/\/hobstop.ee\/lt\/produktas\/braizybos-bloknotas-canson-xl-bristol\/","name":"Brai\u017eybos bloknotas Canson XL Bristol &#8211; Skizze","isPartOf":{"@id":"https:\/\/www.hobstop.ee\/lt\/#website"},"primaryImageOfPage":{"@id":"https:\/\/hobstop.ee\/lt\/produktas\/braizybos-bloknotas-canson-xl-bristol\/#primaryimage"},"image":{"@id":"https:\/\/hobstop.ee\/lt\/produktas\/braizybos-bloknotas-canson-xl-bristol\/#primaryimage"},"thumbnailUrl":"https:\/\/hobstop.ee\/media\/4629.jpg","datePublished":"2017-09-08T09:56:27+00:00","dateModified":"2017-09-08T09:56:27+00:00","breadcrumb":{"@id":"https:\/\/hobstop.ee\/lt\/produktas\/braizybos-bloknotas-canson-xl-bristol\/#breadcrumb"},"inLanguage":"lt","potentialAction":[{"@type":"ReadAction","target":["https:\/\/hobstop.ee\/lt\/produktas\/braizybos-bloknotas-canson-xl-bristol\/"]}]},{"@type":"ImageObject","inLanguage":"lt","@id":"https:\/\/hobstop.ee\/lt\/produktas\/braizybos-bloknotas-canson-xl-bristol\/#primaryimage","url":"https:\/\/hobstop.ee\/media\/4629.jpg","contentUrl":"https:\/\/hobstop.ee\/media\/4629.jpg","width":1024,"height":768},{"@type":"BreadcrumbList","@id":"https:\/\/hobstop.ee\/lt\/produktas\/braizybos-bloknotas-canson-xl-bristol\/#breadcrumb","itemListElement":[{"@type":"ListItem","position":1,"name":"Avaleht","item":"https:\/\/hobstop.ee\/lt\/"},{"@type":"ListItem","position":2,"name":"Parduotuv\u0117","item":"https:\/\/www.hobstop.ee\/lt\/parduotuve\/"},{"@type":"ListItem","position":3,"name":"Brai\u017eybos bloknotas Canson XL Bristol"}]},{"@type":"WebSite","@id":"https:\/\/www.hobstop.ee\/lt\/#website","url":"https:\/\/www.hobstop.ee\/lt\/","name":"Skizze","description":"Dail\u0117s, pom\u0117gi\u0173 ir mokykliniai reikm\u0117nys","publisher":{"@id":"https:\/\/www.hobstop.ee\/lt\/#organization"},"potentialAction":[{"@type":"SearchAction","target":{"@type":"EntryPoint","urlTemplate":"https:\/\/www.hobstop.ee\/lt\/?s={search_term_string}"},"query-input":{"@type":"PropertyValueSpecification","valueRequired":true,"valueName":"search_term_string"}}],"inLanguage":"lt"},{"@type":"Organization","@id":"https:\/\/www.hobstop.ee\/lt\/#organization","name":"Vunder AS","url":"https:\/\/www.hobstop.ee\/lt\/","logo":{"@type":"ImageObject","inLanguage":"lt","@id":"https:\/\/www.hobstop.ee\/lt\/#\/schema\/logo\/image\/","url":"https:\/\/hobstop.ee\/media\/vunder-logo.png","contentUrl":"https:\/\/hobstop.ee\/media\/vunder-logo.png","width":127,"height":55,"caption":"Vunder AS"},"image":{"@id":"https:\/\/www.hobstop.ee\/lt\/#\/schema\/logo\/image\/"},"sameAs":["http:\/\/www.facebook.com\/VunderSkizze"]}]}},"_links":{"self":[{"href":"https:\/\/hobstop.ee\/lt\/wp-json\/wp\/v2\/product\/293409","targetHints":{"allow":["GET"]}}],"collection":[{"href":"https:\/\/hobstop.ee\/lt\/wp-json\/wp\/v2\/product"}],"about":[{"href":"https:\/\/hobstop.ee\/lt\/wp-json\/wp\/v2\/types\/product"}],"replies":[{"embeddable":true,"href":"https:\/\/hobstop.ee\/lt\/wp-json\/wp\/v2\/comments?post=293409"}],"wp:featuredmedia":[{"embeddable":true,"href":"https:\/\/hobstop.ee\/lt\/wp-json\/wp\/v2\/media\/354416"}],"wp:attachment":[{"href":"https:\/\/hobstop.ee\/lt\/wp-json\/wp\/v2\/media?parent=293409"}],"wp:term":[{"taxonomy":"product_cat","embeddable":true,"href":"https:\/\/hobstop.ee\/lt\/wp-json\/wp\/v2\/product_cat?post=293409"},{"taxonomy":"product_tag","embeddable":true,"href":"https:\/\/hobstop.ee\/lt\/wp-json\/wp\/v2\/product_tag?post=293409"}],"curies":[{"name":"wp","href":"https:\/\/api.w.org\/{rel}","templated":true}]}}