{"id":293421,"date":"2017-09-08T12:56:29","date_gmt":"2017-09-08T09:56:29","guid":{"rendered":"https:\/\/sharks.ee\/vunder_2019\/lt\/product\/piesimo-bloknotas-canson-the-wall\/"},"modified":"2017-09-08T12:56:29","modified_gmt":"2017-09-08T09:56:29","slug":"piesimo-bloknotas-canson-the-wall","status":"publish","type":"product","link":"https:\/\/hobstop.ee\/lt\/produktas\/piesimo-bloknotas-canson-the-wall\/","title":{"rendered":"Pie\u0161imo bloknotas Canson The Wall"},"content":{"rendered":"<p>Naujovi\u0161kas popierius \u201eCanson The Wall\u201c, skirtas grafi\u010dio menininkams, iliustratoriams ir dizaineriams. Jis yra tarsi siena, visi\u0161kai matinis, nepersigeriantis, dvipusis. Popierius yra atsparus markeriams, kuri\u0173 sud\u0117tyje yra alkoholio ir pur\u0161kiamiems da\u017eams, tod\u0117l tiek itin plonais flomasteriais ar storais markeriais atliktas pie\u0161inys bus ai\u0161kus ir tikslus. D\u0117l unikali\u0173 naujovi\u0161k\u0173 gamybos proces\u0173, ra\u0161alas niekada nepersigers per popieri\u0173 \u201eThe Wall\u201c, nesvarbu, kiek ant jo bus pie\u0161iama. Lygiame ir itin baltame popieriuje dar ry\u0161kiau matomas spalv\u0173 kontrastas ir leid\u017eia spalvomis padengti didelius plotus, tod\u0117l atrodo profesionaliai ir nepalieka d\u0117mi\u0173. Popieri\u0173 yra patogu naudoti, o jo svoris puikiai dera su popieriaus tvirtumu ir lankstumu. Naudojant \u201eThe Wall\u201c nelieka atrai\u017e\u0173, o rezultatas yra puikus, net ir pie\u0161iant ant abiej\u0173 jo pusi\u0173.<\/p>\n","protected":false},"excerpt":{"rendered":"<p>Naujovi\u0161kas popierius \u201eCanson The Wall\u201c, skirtas grafi\u010dio menininkams, iliustratoriams ir dizaineriams. Jis yra tarsi siena, visi\u0161kai matinis, nepersigeriantis, dvipusis. Popierius yra atsparus markeriams, kuri\u0173 sud\u0117tyje yra alkoholio ir pur\u0161kiamiems da\u017eams, tod\u0117l tiek itin plonais flomasteriais ar storais markeriais atliktas pie\u0161inys bus ai\u0161kus ir tikslus. D\u0117l unikali\u0173 naujovi\u0161k\u0173 gamybos proces\u0173, ra\u0161alas niekada nepersigers per popieri\u0173 \u201eThe Wall\u201c, nesvarbu, kiek ant jo bus pie\u0161iama. Lygiame ir itin baltame popieriuje dar ry\u0161kiau matomas spalv\u0173 kontrastas ir leid\u017eia spalvomis padengti didelius plotus, tod\u0117l atrodo profesionaliai ir nepalieka d\u0117mi\u0173. Popieri\u0173 yra patogu naudoti, o jo svoris puikiai dera su popieriaus tvirtumu ir lankstumu. Naudojant \u201eThe Wall\u201c nelieka atrai\u017e\u0173, o rezultatas yra puikus, net ir pie\u0161iant ant abiej\u0173 jo pusi\u0173.<\/p>\n","protected":false},"featured_media":354176,"comment_status":"closed","ping_status":"closed","template":"","meta":{"_acf_changed":false,"ep_exclude_from_search":false},"product_cat":[19025,17922,18944],"product_tag":[],"class_list":{"0":"post-293421","1":"product","2":"type-product","3":"status-publish","4":"has-post-thumbnail","6":"product_cat-piesimo-popierius-ir-bloknotai","7":"product_cat-popieriaus-prekes","8":"product_cat-specialus-popierius-ir-kartonas","10":"first","11":"instock","12":"taxable","13":"shipping-taxable","14":"purchasable","15":"product-type-simple"},"acf":[],"yoast_head":"<!-- This site is optimized with the Yoast SEO plugin v24.1 - https:\/\/yoast.com\/wordpress\/plugins\/seo\/ -->\n<title>Pie\u0161imo bloknotas Canson The Wall &#8211; Skizze<\/title>\n<meta name=\"robots\" content=\"noindex, follow, max-snippet:-1, max-image-preview:large, max-video-preview:-1\" \/>\n<meta property=\"og:locale\" content=\"lt_LT\" \/>\n<meta property=\"og:type\" content=\"article\" \/>\n<meta property=\"og:title\" content=\"Pie\u0161imo bloknotas Canson The Wall &#8211; Skizze\" \/>\n<meta property=\"og:description\" content=\"Naujovi\u0161kas popierius \u201eCanson The Wall\u201c, skirtas grafi\u010dio menininkams, iliustratoriams ir dizaineriams. Jis yra tarsi siena, visi\u0161kai matinis, nepersigeriantis, dvipusis. Popierius yra atsparus markeriams, kuri\u0173 sud\u0117tyje yra alkoholio ir pur\u0161kiamiems da\u017eams, tod\u0117l tiek itin plonais flomasteriais ar storais markeriais atliktas pie\u0161inys bus ai\u0161kus ir tikslus. D\u0117l unikali\u0173 naujovi\u0161k\u0173 gamybos proces\u0173, ra\u0161alas niekada nepersigers per popieri\u0173 \u201eThe Wall\u201c, nesvarbu, kiek ant jo bus pie\u0161iama. Lygiame ir itin baltame popieriuje dar ry\u0161kiau matomas spalv\u0173 kontrastas ir leid\u017eia spalvomis padengti didelius plotus, tod\u0117l atrodo profesionaliai ir nepalieka d\u0117mi\u0173. Popieri\u0173 yra patogu naudoti, o jo svoris puikiai dera su popieriaus tvirtumu ir lankstumu. Naudojant \u201eThe Wall\u201c nelieka atrai\u017e\u0173, o rezultatas yra puikus, net ir pie\u0161iant ant abiej\u0173 jo pusi\u0173.\" \/>\n<meta property=\"og:url\" content=\"https:\/\/hobstop.ee\/lt\/produktas\/piesimo-bloknotas-canson-the-wall\/\" \/>\n<meta property=\"og:site_name\" content=\"Skizze\" \/>\n<meta property=\"article:publisher\" content=\"http:\/\/www.facebook.com\/VunderSkizze\" \/>\n<meta property=\"og:image\" content=\"https:\/\/hobstop.ee\/media\/4632.jpg\" \/>\n\t<meta property=\"og:image:width\" content=\"1024\" \/>\n\t<meta property=\"og:image:height\" content=\"768\" \/>\n\t<meta property=\"og:image:type\" content=\"image\/jpeg\" \/>\n<meta name=\"twitter:card\" content=\"summary_large_image\" \/>\n<meta name=\"twitter:label1\" content=\"Est. reading time\" \/>\n\t<meta name=\"twitter:data1\" content=\"1 minute\" \/>\n<script type=\"application\/ld+json\" class=\"yoast-schema-graph\">{\"@context\":\"https:\/\/schema.org\",\"@graph\":[{\"@type\":\"WebPage\",\"@id\":\"https:\/\/hobstop.ee\/lt\/produktas\/piesimo-bloknotas-canson-the-wall\/\",\"url\":\"https:\/\/hobstop.ee\/lt\/produktas\/piesimo-bloknotas-canson-the-wall\/\",\"name\":\"Pie\u0161imo bloknotas Canson The Wall &#8211; Skizze\",\"isPartOf\":{\"@id\":\"https:\/\/hobstop.ee\/lt\/#website\"},\"primaryImageOfPage\":{\"@id\":\"https:\/\/hobstop.ee\/lt\/produktas\/piesimo-bloknotas-canson-the-wall\/#primaryimage\"},\"image\":{\"@id\":\"https:\/\/hobstop.ee\/lt\/produktas\/piesimo-bloknotas-canson-the-wall\/#primaryimage\"},\"thumbnailUrl\":\"https:\/\/hobstop.ee\/media\/4632.jpg\",\"datePublished\":\"2017-09-08T09:56:29+00:00\",\"dateModified\":\"2017-09-08T09:56:29+00:00\",\"breadcrumb\":{\"@id\":\"https:\/\/hobstop.ee\/lt\/produktas\/piesimo-bloknotas-canson-the-wall\/#breadcrumb\"},\"inLanguage\":\"lt\",\"potentialAction\":[{\"@type\":\"ReadAction\",\"target\":[\"https:\/\/hobstop.ee\/lt\/produktas\/piesimo-bloknotas-canson-the-wall\/\"]}]},{\"@type\":\"ImageObject\",\"inLanguage\":\"lt\",\"@id\":\"https:\/\/hobstop.ee\/lt\/produktas\/piesimo-bloknotas-canson-the-wall\/#primaryimage\",\"url\":\"https:\/\/hobstop.ee\/media\/4632.jpg\",\"contentUrl\":\"https:\/\/hobstop.ee\/media\/4632.jpg\",\"width\":1024,\"height\":768},{\"@type\":\"BreadcrumbList\",\"@id\":\"https:\/\/hobstop.ee\/lt\/produktas\/piesimo-bloknotas-canson-the-wall\/#breadcrumb\",\"itemListElement\":[{\"@type\":\"ListItem\",\"position\":1,\"name\":\"Avaleht\",\"item\":\"https:\/\/hobstop.ee\/lt\/\"},{\"@type\":\"ListItem\",\"position\":2,\"name\":\"Parduotuv\u0117\",\"item\":\"https:\/\/hobstop.ee\/lt\/parduotuve\/\"},{\"@type\":\"ListItem\",\"position\":3,\"name\":\"Pie\u0161imo bloknotas Canson The Wall\"}]},{\"@type\":\"WebSite\",\"@id\":\"https:\/\/hobstop.ee\/lt\/#website\",\"url\":\"https:\/\/hobstop.ee\/lt\/\",\"name\":\"Skizze\",\"description\":\"Dail\u0117s, pom\u0117gi\u0173 ir mokykliniai reikm\u0117nys\",\"publisher\":{\"@id\":\"https:\/\/hobstop.ee\/lt\/#organization\"},\"potentialAction\":[{\"@type\":\"SearchAction\",\"target\":{\"@type\":\"EntryPoint\",\"urlTemplate\":\"https:\/\/hobstop.ee\/lt\/?s={search_term_string}\"},\"query-input\":{\"@type\":\"PropertyValueSpecification\",\"valueRequired\":true,\"valueName\":\"search_term_string\"}}],\"inLanguage\":\"lt\"},{\"@type\":\"Organization\",\"@id\":\"https:\/\/hobstop.ee\/lt\/#organization\",\"name\":\"Vunder AS\",\"url\":\"https:\/\/hobstop.ee\/lt\/\",\"logo\":{\"@type\":\"ImageObject\",\"inLanguage\":\"lt\",\"@id\":\"https:\/\/hobstop.ee\/lt\/#\/schema\/logo\/image\/\",\"url\":\"https:\/\/hobstop.ee\/media\/vunder-logo.png\",\"contentUrl\":\"https:\/\/hobstop.ee\/media\/vunder-logo.png\",\"width\":127,\"height\":55,\"caption\":\"Vunder AS\"},\"image\":{\"@id\":\"https:\/\/hobstop.ee\/lt\/#\/schema\/logo\/image\/\"},\"sameAs\":[\"http:\/\/www.facebook.com\/VunderSkizze\"]}]}<\/script>\n<!-- \/ Yoast SEO plugin. -->","yoast_head_json":{"title":"Pie\u0161imo bloknotas Canson The Wall &#8211; Skizze","robots":{"index":"noindex","follow":"follow","max-snippet":"max-snippet:-1","max-image-preview":"max-image-preview:large","max-video-preview":"max-video-preview:-1"},"og_locale":"lt_LT","og_type":"article","og_title":"Pie\u0161imo bloknotas Canson The Wall &#8211; Skizze","og_description":"Naujovi\u0161kas popierius \u201eCanson The Wall\u201c, skirtas grafi\u010dio menininkams, iliustratoriams ir dizaineriams. Jis yra tarsi siena, visi\u0161kai matinis, nepersigeriantis, dvipusis. Popierius yra atsparus markeriams, kuri\u0173 sud\u0117tyje yra alkoholio ir pur\u0161kiamiems da\u017eams, tod\u0117l tiek itin plonais flomasteriais ar storais markeriais atliktas pie\u0161inys bus ai\u0161kus ir tikslus. D\u0117l unikali\u0173 naujovi\u0161k\u0173 gamybos proces\u0173, ra\u0161alas niekada nepersigers per popieri\u0173 \u201eThe Wall\u201c, nesvarbu, kiek ant jo bus pie\u0161iama. Lygiame ir itin baltame popieriuje dar ry\u0161kiau matomas spalv\u0173 kontrastas ir leid\u017eia spalvomis padengti didelius plotus, tod\u0117l atrodo profesionaliai ir nepalieka d\u0117mi\u0173. Popieri\u0173 yra patogu naudoti, o jo svoris puikiai dera su popieriaus tvirtumu ir lankstumu. Naudojant \u201eThe Wall\u201c nelieka atrai\u017e\u0173, o rezultatas yra puikus, net ir pie\u0161iant ant abiej\u0173 jo pusi\u0173.","og_url":"https:\/\/hobstop.ee\/lt\/produktas\/piesimo-bloknotas-canson-the-wall\/","og_site_name":"Skizze","article_publisher":"http:\/\/www.facebook.com\/VunderSkizze","og_image":[{"width":1024,"height":768,"url":"https:\/\/hobstop.ee\/media\/4632.jpg","type":"image\/jpeg"}],"twitter_card":"summary_large_image","twitter_misc":{"Est. reading time":"1 minute"},"schema":{"@context":"https:\/\/schema.org","@graph":[{"@type":"WebPage","@id":"https:\/\/hobstop.ee\/lt\/produktas\/piesimo-bloknotas-canson-the-wall\/","url":"https:\/\/hobstop.ee\/lt\/produktas\/piesimo-bloknotas-canson-the-wall\/","name":"Pie\u0161imo bloknotas Canson The Wall &#8211; Skizze","isPartOf":{"@id":"https:\/\/hobstop.ee\/lt\/#website"},"primaryImageOfPage":{"@id":"https:\/\/hobstop.ee\/lt\/produktas\/piesimo-bloknotas-canson-the-wall\/#primaryimage"},"image":{"@id":"https:\/\/hobstop.ee\/lt\/produktas\/piesimo-bloknotas-canson-the-wall\/#primaryimage"},"thumbnailUrl":"https:\/\/hobstop.ee\/media\/4632.jpg","datePublished":"2017-09-08T09:56:29+00:00","dateModified":"2017-09-08T09:56:29+00:00","breadcrumb":{"@id":"https:\/\/hobstop.ee\/lt\/produktas\/piesimo-bloknotas-canson-the-wall\/#breadcrumb"},"inLanguage":"lt","potentialAction":[{"@type":"ReadAction","target":["https:\/\/hobstop.ee\/lt\/produktas\/piesimo-bloknotas-canson-the-wall\/"]}]},{"@type":"ImageObject","inLanguage":"lt","@id":"https:\/\/hobstop.ee\/lt\/produktas\/piesimo-bloknotas-canson-the-wall\/#primaryimage","url":"https:\/\/hobstop.ee\/media\/4632.jpg","contentUrl":"https:\/\/hobstop.ee\/media\/4632.jpg","width":1024,"height":768},{"@type":"BreadcrumbList","@id":"https:\/\/hobstop.ee\/lt\/produktas\/piesimo-bloknotas-canson-the-wall\/#breadcrumb","itemListElement":[{"@type":"ListItem","position":1,"name":"Avaleht","item":"https:\/\/hobstop.ee\/lt\/"},{"@type":"ListItem","position":2,"name":"Parduotuv\u0117","item":"https:\/\/hobstop.ee\/lt\/parduotuve\/"},{"@type":"ListItem","position":3,"name":"Pie\u0161imo bloknotas Canson The Wall"}]},{"@type":"WebSite","@id":"https:\/\/hobstop.ee\/lt\/#website","url":"https:\/\/hobstop.ee\/lt\/","name":"Skizze","description":"Dail\u0117s, pom\u0117gi\u0173 ir mokykliniai reikm\u0117nys","publisher":{"@id":"https:\/\/hobstop.ee\/lt\/#organization"},"potentialAction":[{"@type":"SearchAction","target":{"@type":"EntryPoint","urlTemplate":"https:\/\/hobstop.ee\/lt\/?s={search_term_string}"},"query-input":{"@type":"PropertyValueSpecification","valueRequired":true,"valueName":"search_term_string"}}],"inLanguage":"lt"},{"@type":"Organization","@id":"https:\/\/hobstop.ee\/lt\/#organization","name":"Vunder AS","url":"https:\/\/hobstop.ee\/lt\/","logo":{"@type":"ImageObject","inLanguage":"lt","@id":"https:\/\/hobstop.ee\/lt\/#\/schema\/logo\/image\/","url":"https:\/\/hobstop.ee\/media\/vunder-logo.png","contentUrl":"https:\/\/hobstop.ee\/media\/vunder-logo.png","width":127,"height":55,"caption":"Vunder AS"},"image":{"@id":"https:\/\/hobstop.ee\/lt\/#\/schema\/logo\/image\/"},"sameAs":["http:\/\/www.facebook.com\/VunderSkizze"]}]}},"_links":{"self":[{"href":"https:\/\/hobstop.ee\/lt\/wp-json\/wp\/v2\/product\/293421","targetHints":{"allow":["GET"]}}],"collection":[{"href":"https:\/\/hobstop.ee\/lt\/wp-json\/wp\/v2\/product"}],"about":[{"href":"https:\/\/hobstop.ee\/lt\/wp-json\/wp\/v2\/types\/product"}],"replies":[{"embeddable":true,"href":"https:\/\/hobstop.ee\/lt\/wp-json\/wp\/v2\/comments?post=293421"}],"wp:featuredmedia":[{"embeddable":true,"href":"https:\/\/hobstop.ee\/lt\/wp-json\/wp\/v2\/media\/354176"}],"wp:attachment":[{"href":"https:\/\/hobstop.ee\/lt\/wp-json\/wp\/v2\/media?parent=293421"}],"wp:term":[{"taxonomy":"product_cat","embeddable":true,"href":"https:\/\/hobstop.ee\/lt\/wp-json\/wp\/v2\/product_cat?post=293421"},{"taxonomy":"product_tag","embeddable":true,"href":"https:\/\/hobstop.ee\/lt\/wp-json\/wp\/v2\/product_tag?post=293421"}],"curies":[{"name":"wp","href":"https:\/\/api.w.org\/{rel}","templated":true}]}}