{"id":293425,"date":"2017-09-08T12:56:30","date_gmt":"2017-09-08T09:56:30","guid":{"rendered":"https:\/\/sharks.ee\/vunder_2019\/lt\/product\/fotopopierius-canson-infinity-baryta-photographique\/"},"modified":"2017-09-08T12:56:30","modified_gmt":"2017-09-08T09:56:30","slug":"fotopopierius-canson-infinity-baryta-photographique","status":"publish","type":"product","link":"https:\/\/hobstop.ee\/lt\/produktas\/fotopopierius-canson-infinity-baryta-photographique\/","title":{"rendered":"Fotopopierius Canson Infinity Baryta Photographique"},"content":{"rendered":"<p>\u201eBaryta Photographique\u201c yra ra\u0161alinio spausdinimo technologijai sukurtas \u201eBaryta\u201c popierius. Jo sud\u0117tyje yra ac alfaceliulioz\u0117s, grynos baltos spalvos popierius, kurio sud\u0117tyje n\u0117ra r\u016bg\u0161\u010di\u0173, su tokia pa\u010dia bario sulfato danga, kaip ir tradicini\u0173 sidabro halogenid\u0173 ir auk\u0161\u010diausios kokyb\u0117s ra\u0161alini\u0173 spalv\u0173 sug\u0117rimo sluoksniu. Ant popierius \u201eBaryta Photographique\u201c atspausta fotografija atrodo kaip tikroje fotolaboratorijoje padaryta nuotrauka ant \u201eBaryta\u201c popieriaus, \u0161is popierius atitinka standarto ISO 9706 reikalavimus d\u0117l patvarumo. Muziejinio lygio fotopopierius turi puik\u0173 juodos spalvos tank\u012f ir ger\u0105 vaizdo ry\u0161kum\u0105, tod\u0117l idealiai tinka juodai baltai fotografijai.<\/p>\n","protected":false},"excerpt":{"rendered":"<p>\u201eBaryta Photographique\u201c yra ra\u0161alinio spausdinimo technologijai sukurtas \u201eBaryta\u201c popierius. Jo sud\u0117tyje yra ac alfaceliulioz\u0117s, grynos baltos spalvos popierius, kurio sud\u0117tyje n\u0117ra r\u016bg\u0161\u010di\u0173, su tokia pa\u010dia bario sulfato danga, kaip ir tradicini\u0173 sidabro halogenid\u0173 ir auk\u0161\u010diausios kokyb\u0117s ra\u0161alini\u0173 spalv\u0173 sug\u0117rimo sluoksniu. Ant popierius \u201eBaryta Photographique\u201c atspausta fotografija atrodo kaip tikroje fotolaboratorijoje padaryta nuotrauka ant \u201eBaryta\u201c popieriaus, \u0161is popierius atitinka standarto ISO 9706 reikalavimus d\u0117l patvarumo. Muziejinio lygio fotopopierius turi puik\u0173 juodos spalvos tank\u012f ir ger\u0105 vaizdo ry\u0161kum\u0105, tod\u0117l idealiai tinka juodai baltai fotografijai.<\/p>\n","protected":false},"featured_media":0,"comment_status":"closed","ping_status":"closed","template":"","meta":{"_acf_changed":false,"ep_exclude_from_search":false},"product_cat":[19684,17922,18661],"product_tag":[],"class_list":{"0":"post-293425","1":"product","2":"type-product","3":"status-publish","5":"product_cat-fotopopieriai","6":"product_cat-popieriaus-prekes","7":"product_cat-spausdinimo-popierius-3","9":"first","10":"instock","11":"taxable","12":"shipping-taxable","13":"product-type-simple"},"acf":[],"yoast_head":"<!-- This site is optimized with the Yoast SEO plugin v24.1 - https:\/\/yoast.com\/wordpress\/plugins\/seo\/ -->\n<title>Fotopopierius Canson Infinity Baryta Photographique &#8211; Skizze<\/title>\n<meta name=\"robots\" content=\"noindex, follow, max-snippet:-1, max-image-preview:large, max-video-preview:-1\" \/>\n<meta property=\"og:locale\" content=\"lt_LT\" \/>\n<meta property=\"og:type\" content=\"article\" \/>\n<meta property=\"og:title\" content=\"Fotopopierius Canson Infinity Baryta Photographique &#8211; Skizze\" \/>\n<meta property=\"og:description\" content=\"\u201eBaryta Photographique\u201c yra ra\u0161alinio spausdinimo technologijai sukurtas \u201eBaryta\u201c popierius. Jo sud\u0117tyje yra ac alfaceliulioz\u0117s, grynos baltos spalvos popierius, kurio sud\u0117tyje n\u0117ra r\u016bg\u0161\u010di\u0173, su tokia pa\u010dia bario sulfato danga, kaip ir tradicini\u0173 sidabro halogenid\u0173 ir auk\u0161\u010diausios kokyb\u0117s ra\u0161alini\u0173 spalv\u0173 sug\u0117rimo sluoksniu. Ant popierius \u201eBaryta Photographique\u201c atspausta fotografija atrodo kaip tikroje fotolaboratorijoje padaryta nuotrauka ant \u201eBaryta\u201c popieriaus, \u0161is popierius atitinka standarto ISO 9706 reikalavimus d\u0117l patvarumo. Muziejinio lygio fotopopierius turi puik\u0173 juodos spalvos tank\u012f ir ger\u0105 vaizdo ry\u0161kum\u0105, tod\u0117l idealiai tinka juodai baltai fotografijai.\" \/>\n<meta property=\"og:url\" content=\"https:\/\/hobstop.ee\/lt\/produktas\/fotopopierius-canson-infinity-baryta-photographique\/\" \/>\n<meta property=\"og:site_name\" content=\"Skizze\" \/>\n<meta property=\"article:publisher\" content=\"http:\/\/www.facebook.com\/VunderSkizze\" \/>\n<meta name=\"twitter:card\" content=\"summary_large_image\" \/>\n<script type=\"application\/ld+json\" class=\"yoast-schema-graph\">{\"@context\":\"https:\/\/schema.org\",\"@graph\":[{\"@type\":\"WebPage\",\"@id\":\"https:\/\/hobstop.ee\/lt\/produktas\/fotopopierius-canson-infinity-baryta-photographique\/\",\"url\":\"https:\/\/hobstop.ee\/lt\/produktas\/fotopopierius-canson-infinity-baryta-photographique\/\",\"name\":\"Fotopopierius Canson Infinity Baryta Photographique &#8211; Skizze\",\"isPartOf\":{\"@id\":\"https:\/\/hobstop.ee\/lt\/#website\"},\"datePublished\":\"2017-09-08T09:56:30+00:00\",\"dateModified\":\"2017-09-08T09:56:30+00:00\",\"breadcrumb\":{\"@id\":\"https:\/\/hobstop.ee\/lt\/produktas\/fotopopierius-canson-infinity-baryta-photographique\/#breadcrumb\"},\"inLanguage\":\"lt\",\"potentialAction\":[{\"@type\":\"ReadAction\",\"target\":[\"https:\/\/hobstop.ee\/lt\/produktas\/fotopopierius-canson-infinity-baryta-photographique\/\"]}]},{\"@type\":\"BreadcrumbList\",\"@id\":\"https:\/\/hobstop.ee\/lt\/produktas\/fotopopierius-canson-infinity-baryta-photographique\/#breadcrumb\",\"itemListElement\":[{\"@type\":\"ListItem\",\"position\":1,\"name\":\"Avaleht\",\"item\":\"https:\/\/hobstop.ee\/lt\/\"},{\"@type\":\"ListItem\",\"position\":2,\"name\":\"Parduotuv\u0117\",\"item\":\"https:\/\/hobstop.ee\/lt\/parduotuve\/\"},{\"@type\":\"ListItem\",\"position\":3,\"name\":\"Fotopopierius Canson Infinity Baryta Photographique\"}]},{\"@type\":\"WebSite\",\"@id\":\"https:\/\/hobstop.ee\/lt\/#website\",\"url\":\"https:\/\/hobstop.ee\/lt\/\",\"name\":\"Skizze\",\"description\":\"Dail\u0117s, pom\u0117gi\u0173 ir mokykliniai reikm\u0117nys\",\"publisher\":{\"@id\":\"https:\/\/hobstop.ee\/lt\/#organization\"},\"potentialAction\":[{\"@type\":\"SearchAction\",\"target\":{\"@type\":\"EntryPoint\",\"urlTemplate\":\"https:\/\/hobstop.ee\/lt\/?s={search_term_string}\"},\"query-input\":{\"@type\":\"PropertyValueSpecification\",\"valueRequired\":true,\"valueName\":\"search_term_string\"}}],\"inLanguage\":\"lt\"},{\"@type\":\"Organization\",\"@id\":\"https:\/\/hobstop.ee\/lt\/#organization\",\"name\":\"Vunder AS\",\"url\":\"https:\/\/hobstop.ee\/lt\/\",\"logo\":{\"@type\":\"ImageObject\",\"inLanguage\":\"lt\",\"@id\":\"https:\/\/hobstop.ee\/lt\/#\/schema\/logo\/image\/\",\"url\":\"https:\/\/hobstop.ee\/media\/vunder-logo.png\",\"contentUrl\":\"https:\/\/hobstop.ee\/media\/vunder-logo.png\",\"width\":127,\"height\":55,\"caption\":\"Vunder AS\"},\"image\":{\"@id\":\"https:\/\/hobstop.ee\/lt\/#\/schema\/logo\/image\/\"},\"sameAs\":[\"http:\/\/www.facebook.com\/VunderSkizze\"]}]}<\/script>\n<!-- \/ Yoast SEO plugin. -->","yoast_head_json":{"title":"Fotopopierius Canson Infinity Baryta Photographique &#8211; Skizze","robots":{"index":"noindex","follow":"follow","max-snippet":"max-snippet:-1","max-image-preview":"max-image-preview:large","max-video-preview":"max-video-preview:-1"},"og_locale":"lt_LT","og_type":"article","og_title":"Fotopopierius Canson Infinity Baryta Photographique &#8211; Skizze","og_description":"\u201eBaryta Photographique\u201c yra ra\u0161alinio spausdinimo technologijai sukurtas \u201eBaryta\u201c popierius. Jo sud\u0117tyje yra ac alfaceliulioz\u0117s, grynos baltos spalvos popierius, kurio sud\u0117tyje n\u0117ra r\u016bg\u0161\u010di\u0173, su tokia pa\u010dia bario sulfato danga, kaip ir tradicini\u0173 sidabro halogenid\u0173 ir auk\u0161\u010diausios kokyb\u0117s ra\u0161alini\u0173 spalv\u0173 sug\u0117rimo sluoksniu. Ant popierius \u201eBaryta Photographique\u201c atspausta fotografija atrodo kaip tikroje fotolaboratorijoje padaryta nuotrauka ant \u201eBaryta\u201c popieriaus, \u0161is popierius atitinka standarto ISO 9706 reikalavimus d\u0117l patvarumo. Muziejinio lygio fotopopierius turi puik\u0173 juodos spalvos tank\u012f ir ger\u0105 vaizdo ry\u0161kum\u0105, tod\u0117l idealiai tinka juodai baltai fotografijai.","og_url":"https:\/\/hobstop.ee\/lt\/produktas\/fotopopierius-canson-infinity-baryta-photographique\/","og_site_name":"Skizze","article_publisher":"http:\/\/www.facebook.com\/VunderSkizze","twitter_card":"summary_large_image","schema":{"@context":"https:\/\/schema.org","@graph":[{"@type":"WebPage","@id":"https:\/\/hobstop.ee\/lt\/produktas\/fotopopierius-canson-infinity-baryta-photographique\/","url":"https:\/\/hobstop.ee\/lt\/produktas\/fotopopierius-canson-infinity-baryta-photographique\/","name":"Fotopopierius Canson Infinity Baryta Photographique &#8211; Skizze","isPartOf":{"@id":"https:\/\/hobstop.ee\/lt\/#website"},"datePublished":"2017-09-08T09:56:30+00:00","dateModified":"2017-09-08T09:56:30+00:00","breadcrumb":{"@id":"https:\/\/hobstop.ee\/lt\/produktas\/fotopopierius-canson-infinity-baryta-photographique\/#breadcrumb"},"inLanguage":"lt","potentialAction":[{"@type":"ReadAction","target":["https:\/\/hobstop.ee\/lt\/produktas\/fotopopierius-canson-infinity-baryta-photographique\/"]}]},{"@type":"BreadcrumbList","@id":"https:\/\/hobstop.ee\/lt\/produktas\/fotopopierius-canson-infinity-baryta-photographique\/#breadcrumb","itemListElement":[{"@type":"ListItem","position":1,"name":"Avaleht","item":"https:\/\/hobstop.ee\/lt\/"},{"@type":"ListItem","position":2,"name":"Parduotuv\u0117","item":"https:\/\/hobstop.ee\/lt\/parduotuve\/"},{"@type":"ListItem","position":3,"name":"Fotopopierius Canson Infinity Baryta Photographique"}]},{"@type":"WebSite","@id":"https:\/\/hobstop.ee\/lt\/#website","url":"https:\/\/hobstop.ee\/lt\/","name":"Skizze","description":"Dail\u0117s, pom\u0117gi\u0173 ir mokykliniai reikm\u0117nys","publisher":{"@id":"https:\/\/hobstop.ee\/lt\/#organization"},"potentialAction":[{"@type":"SearchAction","target":{"@type":"EntryPoint","urlTemplate":"https:\/\/hobstop.ee\/lt\/?s={search_term_string}"},"query-input":{"@type":"PropertyValueSpecification","valueRequired":true,"valueName":"search_term_string"}}],"inLanguage":"lt"},{"@type":"Organization","@id":"https:\/\/hobstop.ee\/lt\/#organization","name":"Vunder AS","url":"https:\/\/hobstop.ee\/lt\/","logo":{"@type":"ImageObject","inLanguage":"lt","@id":"https:\/\/hobstop.ee\/lt\/#\/schema\/logo\/image\/","url":"https:\/\/hobstop.ee\/media\/vunder-logo.png","contentUrl":"https:\/\/hobstop.ee\/media\/vunder-logo.png","width":127,"height":55,"caption":"Vunder AS"},"image":{"@id":"https:\/\/hobstop.ee\/lt\/#\/schema\/logo\/image\/"},"sameAs":["http:\/\/www.facebook.com\/VunderSkizze"]}]}},"_links":{"self":[{"href":"https:\/\/hobstop.ee\/lt\/wp-json\/wp\/v2\/product\/293425","targetHints":{"allow":["GET"]}}],"collection":[{"href":"https:\/\/hobstop.ee\/lt\/wp-json\/wp\/v2\/product"}],"about":[{"href":"https:\/\/hobstop.ee\/lt\/wp-json\/wp\/v2\/types\/product"}],"replies":[{"embeddable":true,"href":"https:\/\/hobstop.ee\/lt\/wp-json\/wp\/v2\/comments?post=293425"}],"wp:attachment":[{"href":"https:\/\/hobstop.ee\/lt\/wp-json\/wp\/v2\/media?parent=293425"}],"wp:term":[{"taxonomy":"product_cat","embeddable":true,"href":"https:\/\/hobstop.ee\/lt\/wp-json\/wp\/v2\/product_cat?post=293425"},{"taxonomy":"product_tag","embeddable":true,"href":"https:\/\/hobstop.ee\/lt\/wp-json\/wp\/v2\/product_tag?post=293425"}],"curies":[{"name":"wp","href":"https:\/\/api.w.org\/{rel}","templated":true}]}}