{"id":294498,"date":"2017-09-14T09:03:02","date_gmt":"2017-09-14T06:03:02","guid":{"rendered":"https:\/\/sharks.ee\/vunder_2019\/lt\/product\/teptuku-rinkinys-raphael-travel\/"},"modified":"2017-09-14T09:03:02","modified_gmt":"2017-09-14T06:03:02","slug":"teptuku-rinkinys-raphael-travel","status":"publish","type":"product","link":"https:\/\/hobstop.ee\/lt\/produktas\/teptuku-rinkinys-raphael-travel\/","title":{"rendered":"Teptuk\u0173 rinkinys Raphael Travel"},"content":{"rendered":"<p>\u0160io \u201eRaphael\u201c rinkinio, sudaryto i\u0161 \u201eSoft Aqua\u201c ir \u201ePrecision\u201c serij\u0173, 6 nedideli teptukai turi trumpesnius kotelius nei kit\u0173 serij\u0173 teptukai ir puikiai tinka pasiimti su savimi \u012f kelion\u0119. \u201ePrecision\u201c serija tiksliai atkartoja sabalo plaukeli\u0173 pot\u0117p\u012f, o \u201eSoftAqua\u201c tarsi vover\u0117s plaukeliai, puikiai sugeria vanden\u012f. Komplekte yra plonas bambukinis susukamas d\u0117klas. Puikiai tinka akvareliniams ir kitiems vandeniniams da\u017eams.<\/p>\n<p>Rinkinyje yra:<br \/>\n\u201eMini Precision\u201c 85046, apvalus (0 ir 2 dydis)<br \/>\n\u201eMini Precision\u201c 89406, \u201eFilbert\u201c (1 dydis)<br \/>\n\u201eMini Precision\u201c 85346, plok\u0161\u010dias (0 ir 2 dydis)<br \/>\n\u201eMini Softaqua\u201c 8056, \u201eQuill mop\u201c (4 dydis)<\/p>\n","protected":false},"excerpt":{"rendered":"<p>\u0160io \u201eRaphael\u201c rinkinio, sudaryto i\u0161 \u201eSoft Aqua\u201c ir \u201ePrecision\u201c serij\u0173, 6 nedideli teptukai turi trumpesnius kotelius nei kit\u0173 serij\u0173 teptukai ir puikiai tinka pasiimti su savimi \u012f kelion\u0119. \u201ePrecision\u201c serija tiksliai atkartoja sabalo plaukeli\u0173 pot\u0117p\u012f, o \u201eSoftAqua\u201c tarsi vover\u0117s plaukeliai, puikiai sugeria vanden\u012f. Komplekte yra plonas bambukinis susukamas d\u0117klas. Puikiai tinka akvareliniams ir kitiems vandeniniams da\u017eams. Rinkinyje yra: \u201eMini Precision\u201c 85046, apvalus (0 ir 2 dydis) \u201eMini Precision\u201c 89406, \u201eFilbert\u201c (1 dydis) \u201eMini Precision\u201c 85346, plok\u0161\u010dias (0 ir 2 dydis) \u201eMini Softaqua\u201c 8056, \u201eQuill mop\u201c (4 dydis)<\/p>\n","protected":false},"featured_media":294706,"comment_status":"closed","ping_status":"closed","template":"","meta":{"_acf_changed":false,"ep_exclude_from_search":false},"product_cat":[16124,15042,18651],"product_tag":[],"class_list":{"0":"post-294498","1":"product","2":"type-product","3":"status-publish","4":"has-post-thumbnail","6":"product_cat-dailes-prekes","7":"product_cat-sintetiniai-teptukai-2","8":"product_cat-teptukai-ir-irankiai-tapymui","10":"first","11":"outofstock","12":"taxable","13":"shipping-taxable","14":"purchasable","15":"product-type-simple"},"acf":[],"yoast_head":"<!-- This site is optimized with the Yoast SEO plugin v24.1 - https:\/\/yoast.com\/wordpress\/plugins\/seo\/ -->\n<title>Teptuk\u0173 rinkinys Raphael Travel &#8211; Skizze<\/title>\n<meta name=\"robots\" content=\"noindex, follow, max-snippet:-1, max-image-preview:large, max-video-preview:-1\" \/>\n<meta property=\"og:locale\" content=\"lt_LT\" \/>\n<meta property=\"og:type\" content=\"article\" \/>\n<meta property=\"og:title\" content=\"Teptuk\u0173 rinkinys Raphael Travel &#8211; Skizze\" \/>\n<meta property=\"og:description\" content=\"\u0160io \u201eRaphael\u201c rinkinio, sudaryto i\u0161 \u201eSoft Aqua\u201c ir \u201ePrecision\u201c serij\u0173, 6 nedideli teptukai turi trumpesnius kotelius nei kit\u0173 serij\u0173 teptukai ir puikiai tinka pasiimti su savimi \u012f kelion\u0119. \u201ePrecision\u201c serija tiksliai atkartoja sabalo plaukeli\u0173 pot\u0117p\u012f, o \u201eSoftAqua\u201c tarsi vover\u0117s plaukeliai, puikiai sugeria vanden\u012f. Komplekte yra plonas bambukinis susukamas d\u0117klas. Puikiai tinka akvareliniams ir kitiems vandeniniams da\u017eams. Rinkinyje yra: \u201eMini Precision\u201c 85046, apvalus (0 ir 2 dydis) \u201eMini Precision\u201c 89406, \u201eFilbert\u201c (1 dydis) \u201eMini Precision\u201c 85346, plok\u0161\u010dias (0 ir 2 dydis) \u201eMini Softaqua\u201c 8056, \u201eQuill mop\u201c (4 dydis)\" \/>\n<meta property=\"og:url\" content=\"https:\/\/hobstop.ee\/lt\/produktas\/teptuku-rinkinys-raphael-travel\/\" \/>\n<meta property=\"og:site_name\" content=\"Skizze\" \/>\n<meta property=\"article:publisher\" content=\"http:\/\/www.facebook.com\/VunderSkizze\" \/>\n<meta property=\"og:image\" content=\"https:\/\/hobstop.ee\/media\/4489.jpg\" \/>\n\t<meta property=\"og:image:width\" content=\"1024\" \/>\n\t<meta property=\"og:image:height\" content=\"768\" \/>\n\t<meta property=\"og:image:type\" content=\"image\/jpeg\" \/>\n<meta name=\"twitter:card\" content=\"summary_large_image\" \/>\n<script type=\"application\/ld+json\" class=\"yoast-schema-graph\">{\"@context\":\"https:\/\/schema.org\",\"@graph\":[{\"@type\":\"WebPage\",\"@id\":\"https:\/\/hobstop.ee\/lt\/produktas\/teptuku-rinkinys-raphael-travel\/\",\"url\":\"https:\/\/hobstop.ee\/lt\/produktas\/teptuku-rinkinys-raphael-travel\/\",\"name\":\"Teptuk\u0173 rinkinys Raphael Travel &#8211; Skizze\",\"isPartOf\":{\"@id\":\"https:\/\/hobstop.ee\/lt\/#website\"},\"primaryImageOfPage\":{\"@id\":\"https:\/\/hobstop.ee\/lt\/produktas\/teptuku-rinkinys-raphael-travel\/#primaryimage\"},\"image\":{\"@id\":\"https:\/\/hobstop.ee\/lt\/produktas\/teptuku-rinkinys-raphael-travel\/#primaryimage\"},\"thumbnailUrl\":\"https:\/\/hobstop.ee\/media\/4489.jpg\",\"datePublished\":\"2017-09-14T06:03:02+00:00\",\"dateModified\":\"2017-09-14T06:03:02+00:00\",\"breadcrumb\":{\"@id\":\"https:\/\/hobstop.ee\/lt\/produktas\/teptuku-rinkinys-raphael-travel\/#breadcrumb\"},\"inLanguage\":\"lt\",\"potentialAction\":[{\"@type\":\"ReadAction\",\"target\":[\"https:\/\/hobstop.ee\/lt\/produktas\/teptuku-rinkinys-raphael-travel\/\"]}]},{\"@type\":\"ImageObject\",\"inLanguage\":\"lt\",\"@id\":\"https:\/\/hobstop.ee\/lt\/produktas\/teptuku-rinkinys-raphael-travel\/#primaryimage\",\"url\":\"https:\/\/hobstop.ee\/media\/4489.jpg\",\"contentUrl\":\"https:\/\/hobstop.ee\/media\/4489.jpg\",\"width\":1024,\"height\":768},{\"@type\":\"BreadcrumbList\",\"@id\":\"https:\/\/hobstop.ee\/lt\/produktas\/teptuku-rinkinys-raphael-travel\/#breadcrumb\",\"itemListElement\":[{\"@type\":\"ListItem\",\"position\":1,\"name\":\"Avaleht\",\"item\":\"https:\/\/hobstop.ee\/lt\/\"},{\"@type\":\"ListItem\",\"position\":2,\"name\":\"Parduotuv\u0117\",\"item\":\"https:\/\/hobstop.ee\/lt\/parduotuve\/\"},{\"@type\":\"ListItem\",\"position\":3,\"name\":\"Teptuk\u0173 rinkinys Raphael Travel\"}]},{\"@type\":\"WebSite\",\"@id\":\"https:\/\/hobstop.ee\/lt\/#website\",\"url\":\"https:\/\/hobstop.ee\/lt\/\",\"name\":\"Skizze\",\"description\":\"Dail\u0117s, pom\u0117gi\u0173 ir mokykliniai reikm\u0117nys\",\"publisher\":{\"@id\":\"https:\/\/hobstop.ee\/lt\/#organization\"},\"potentialAction\":[{\"@type\":\"SearchAction\",\"target\":{\"@type\":\"EntryPoint\",\"urlTemplate\":\"https:\/\/hobstop.ee\/lt\/?s={search_term_string}\"},\"query-input\":{\"@type\":\"PropertyValueSpecification\",\"valueRequired\":true,\"valueName\":\"search_term_string\"}}],\"inLanguage\":\"lt\"},{\"@type\":\"Organization\",\"@id\":\"https:\/\/hobstop.ee\/lt\/#organization\",\"name\":\"Vunder AS\",\"url\":\"https:\/\/hobstop.ee\/lt\/\",\"logo\":{\"@type\":\"ImageObject\",\"inLanguage\":\"lt\",\"@id\":\"https:\/\/hobstop.ee\/lt\/#\/schema\/logo\/image\/\",\"url\":\"https:\/\/hobstop.ee\/media\/vunder-logo.png\",\"contentUrl\":\"https:\/\/hobstop.ee\/media\/vunder-logo.png\",\"width\":127,\"height\":55,\"caption\":\"Vunder AS\"},\"image\":{\"@id\":\"https:\/\/hobstop.ee\/lt\/#\/schema\/logo\/image\/\"},\"sameAs\":[\"http:\/\/www.facebook.com\/VunderSkizze\"]}]}<\/script>\n<!-- \/ Yoast SEO plugin. -->","yoast_head_json":{"title":"Teptuk\u0173 rinkinys Raphael Travel &#8211; Skizze","robots":{"index":"noindex","follow":"follow","max-snippet":"max-snippet:-1","max-image-preview":"max-image-preview:large","max-video-preview":"max-video-preview:-1"},"og_locale":"lt_LT","og_type":"article","og_title":"Teptuk\u0173 rinkinys Raphael Travel &#8211; Skizze","og_description":"\u0160io \u201eRaphael\u201c rinkinio, sudaryto i\u0161 \u201eSoft Aqua\u201c ir \u201ePrecision\u201c serij\u0173, 6 nedideli teptukai turi trumpesnius kotelius nei kit\u0173 serij\u0173 teptukai ir puikiai tinka pasiimti su savimi \u012f kelion\u0119. \u201ePrecision\u201c serija tiksliai atkartoja sabalo plaukeli\u0173 pot\u0117p\u012f, o \u201eSoftAqua\u201c tarsi vover\u0117s plaukeliai, puikiai sugeria vanden\u012f. Komplekte yra plonas bambukinis susukamas d\u0117klas. Puikiai tinka akvareliniams ir kitiems vandeniniams da\u017eams. Rinkinyje yra: \u201eMini Precision\u201c 85046, apvalus (0 ir 2 dydis) \u201eMini Precision\u201c 89406, \u201eFilbert\u201c (1 dydis) \u201eMini Precision\u201c 85346, plok\u0161\u010dias (0 ir 2 dydis) \u201eMini Softaqua\u201c 8056, \u201eQuill mop\u201c (4 dydis)","og_url":"https:\/\/hobstop.ee\/lt\/produktas\/teptuku-rinkinys-raphael-travel\/","og_site_name":"Skizze","article_publisher":"http:\/\/www.facebook.com\/VunderSkizze","og_image":[{"width":1024,"height":768,"url":"https:\/\/hobstop.ee\/media\/4489.jpg","type":"image\/jpeg"}],"twitter_card":"summary_large_image","schema":{"@context":"https:\/\/schema.org","@graph":[{"@type":"WebPage","@id":"https:\/\/hobstop.ee\/lt\/produktas\/teptuku-rinkinys-raphael-travel\/","url":"https:\/\/hobstop.ee\/lt\/produktas\/teptuku-rinkinys-raphael-travel\/","name":"Teptuk\u0173 rinkinys Raphael Travel &#8211; Skizze","isPartOf":{"@id":"https:\/\/hobstop.ee\/lt\/#website"},"primaryImageOfPage":{"@id":"https:\/\/hobstop.ee\/lt\/produktas\/teptuku-rinkinys-raphael-travel\/#primaryimage"},"image":{"@id":"https:\/\/hobstop.ee\/lt\/produktas\/teptuku-rinkinys-raphael-travel\/#primaryimage"},"thumbnailUrl":"https:\/\/hobstop.ee\/media\/4489.jpg","datePublished":"2017-09-14T06:03:02+00:00","dateModified":"2017-09-14T06:03:02+00:00","breadcrumb":{"@id":"https:\/\/hobstop.ee\/lt\/produktas\/teptuku-rinkinys-raphael-travel\/#breadcrumb"},"inLanguage":"lt","potentialAction":[{"@type":"ReadAction","target":["https:\/\/hobstop.ee\/lt\/produktas\/teptuku-rinkinys-raphael-travel\/"]}]},{"@type":"ImageObject","inLanguage":"lt","@id":"https:\/\/hobstop.ee\/lt\/produktas\/teptuku-rinkinys-raphael-travel\/#primaryimage","url":"https:\/\/hobstop.ee\/media\/4489.jpg","contentUrl":"https:\/\/hobstop.ee\/media\/4489.jpg","width":1024,"height":768},{"@type":"BreadcrumbList","@id":"https:\/\/hobstop.ee\/lt\/produktas\/teptuku-rinkinys-raphael-travel\/#breadcrumb","itemListElement":[{"@type":"ListItem","position":1,"name":"Avaleht","item":"https:\/\/hobstop.ee\/lt\/"},{"@type":"ListItem","position":2,"name":"Parduotuv\u0117","item":"https:\/\/hobstop.ee\/lt\/parduotuve\/"},{"@type":"ListItem","position":3,"name":"Teptuk\u0173 rinkinys Raphael Travel"}]},{"@type":"WebSite","@id":"https:\/\/hobstop.ee\/lt\/#website","url":"https:\/\/hobstop.ee\/lt\/","name":"Skizze","description":"Dail\u0117s, pom\u0117gi\u0173 ir mokykliniai reikm\u0117nys","publisher":{"@id":"https:\/\/hobstop.ee\/lt\/#organization"},"potentialAction":[{"@type":"SearchAction","target":{"@type":"EntryPoint","urlTemplate":"https:\/\/hobstop.ee\/lt\/?s={search_term_string}"},"query-input":{"@type":"PropertyValueSpecification","valueRequired":true,"valueName":"search_term_string"}}],"inLanguage":"lt"},{"@type":"Organization","@id":"https:\/\/hobstop.ee\/lt\/#organization","name":"Vunder AS","url":"https:\/\/hobstop.ee\/lt\/","logo":{"@type":"ImageObject","inLanguage":"lt","@id":"https:\/\/hobstop.ee\/lt\/#\/schema\/logo\/image\/","url":"https:\/\/hobstop.ee\/media\/vunder-logo.png","contentUrl":"https:\/\/hobstop.ee\/media\/vunder-logo.png","width":127,"height":55,"caption":"Vunder AS"},"image":{"@id":"https:\/\/hobstop.ee\/lt\/#\/schema\/logo\/image\/"},"sameAs":["http:\/\/www.facebook.com\/VunderSkizze"]}]}},"_links":{"self":[{"href":"https:\/\/hobstop.ee\/lt\/wp-json\/wp\/v2\/product\/294498","targetHints":{"allow":["GET"]}}],"collection":[{"href":"https:\/\/hobstop.ee\/lt\/wp-json\/wp\/v2\/product"}],"about":[{"href":"https:\/\/hobstop.ee\/lt\/wp-json\/wp\/v2\/types\/product"}],"replies":[{"embeddable":true,"href":"https:\/\/hobstop.ee\/lt\/wp-json\/wp\/v2\/comments?post=294498"}],"wp:featuredmedia":[{"embeddable":true,"href":"https:\/\/hobstop.ee\/lt\/wp-json\/wp\/v2\/media\/294706"}],"wp:attachment":[{"href":"https:\/\/hobstop.ee\/lt\/wp-json\/wp\/v2\/media?parent=294498"}],"wp:term":[{"taxonomy":"product_cat","embeddable":true,"href":"https:\/\/hobstop.ee\/lt\/wp-json\/wp\/v2\/product_cat?post=294498"},{"taxonomy":"product_tag","embeddable":true,"href":"https:\/\/hobstop.ee\/lt\/wp-json\/wp\/v2\/product_tag?post=294498"}],"curies":[{"name":"wp","href":"https:\/\/api.w.org\/{rel}","templated":true}]}}