{"id":294510,"date":"2017-09-14T09:03:05","date_gmt":"2017-09-14T06:03:05","guid":{"rendered":"https:\/\/sharks.ee\/vunder_2019\/lt\/product\/dazu-gremztukas-is-silikono-catalyst-contour\/"},"modified":"2017-09-14T09:03:05","modified_gmt":"2017-09-14T06:03:05","slug":"dazu-gremztukas-is-silikono-catalyst-contour","status":"publish","type":"product","link":"https:\/\/hobstop.ee\/lt\/produktas\/dazu-gremztukas-is-silikono-catalyst-contour\/","title":{"rendered":"Da\u017e\u0173 grem\u017etukas i\u0161 silikono Catalyst Contour"},"content":{"rendered":"<p>Ne visai \u0161epet\u0117lis ir ne visai mentel\u0117! Pagaminti i\u0161 lankstaus silikono da\u017e\u0173 grem\u017etukai \u201ePrinceton Catalyst\u201c leid\u017eia menininkams patirti naujas k\u016brybos formas. Da\u017e\u0173 grem\u017etukai \u201eCatalyst\u201c yra labai patog\u016bs laikyti rankose, ergonomi\u0161kos formos ir malon\u016bs suimti. Jie yra atspar\u016bs kar\u0161\u010diui, tirpalams, da\u017e\u0173 grem\u017etukus galima plauti indaplov\u0117je, jie tinka naudoti maistui dekoruoti, nes turi FDA patvirtinim\u0105. Universali da\u017e\u0173 grem\u017etuko forma leid\u017eia pasireik\u0161ti k\u016brybingumui dekoruojant tortus, maisto produktus, keramik\u0105, gips\u0105, tir\u0161tas akrilo pagalbines priemones. Jie yra atspar\u016bs temperat\u016brai iki 232\u00b0C, tod\u0117l puikiai tinka enkaustikos technikai. Su \u201eCatalyst\u201c \u012frankiais darbas yra vieni juokai \u2013 silikon\u0105 yra lengva nuvalyti, jis yra atsparus tirpikliams. Galima nuvalyti \u0161velniu muilu ir vandeniu, i\u0161d\u017ei\u016bvusius da\u017eus nuo silikoninio pavir\u0161iaus galima nupl\u0117\u0161ti.<\/p>\n","protected":false},"excerpt":{"rendered":"<p>Ne visai \u0161epet\u0117lis ir ne visai mentel\u0117! Pagaminti i\u0161 lankstaus silikono da\u017e\u0173 grem\u017etukai \u201ePrinceton Catalyst\u201c leid\u017eia menininkams patirti naujas k\u016brybos formas. Da\u017e\u0173 grem\u017etukai \u201eCatalyst\u201c yra labai patog\u016bs laikyti rankose, ergonomi\u0161kos formos ir malon\u016bs suimti. Jie yra atspar\u016bs kar\u0161\u010diui, tirpalams, da\u017e\u0173 grem\u017etukus galima plauti indaplov\u0117je, jie tinka naudoti maistui dekoruoti, nes turi FDA patvirtinim\u0105. Universali da\u017e\u0173 grem\u017etuko forma leid\u017eia pasireik\u0161ti k\u016brybingumui dekoruojant tortus, maisto produktus, keramik\u0105, gips\u0105, tir\u0161tas akrilo pagalbines priemones. Jie yra atspar\u016bs temperat\u016brai iki 232\u00b0C, tod\u0117l puikiai tinka enkaustikos technikai. Su \u201eCatalyst\u201c \u012frankiais darbas yra vieni juokai \u2013 silikon\u0105 yra lengva nuvalyti, jis yra atsparus tirpikliams. Galima nuvalyti \u0161velniu muilu ir vandeniu, i\u0161d\u017ei\u016bvusius da\u017eus nuo silikoninio pavir\u0161iaus galima nupl\u0117\u0161ti.<\/p>\n","protected":false},"featured_media":294718,"comment_status":"closed","ping_status":"closed","template":"","meta":{"_acf_changed":false,"ep_exclude_from_search":false},"product_cat":[16124,18768,18651],"product_tag":[],"class_list":{"0":"post-294510","1":"product","2":"type-product","3":"status-publish","4":"has-post-thumbnail","6":"product_cat-dailes-prekes","7":"product_cat-ivairus-26","8":"product_cat-teptukai-ir-irankiai-tapymui","10":"first","11":"instock","12":"taxable","13":"shipping-taxable","14":"purchasable","15":"product-type-simple"},"acf":[],"yoast_head":"<!-- This site is optimized with the Yoast SEO plugin v24.1 - https:\/\/yoast.com\/wordpress\/plugins\/seo\/ -->\n<title>Da\u017e\u0173 grem\u017etukas i\u0161 silikono Catalyst Contour &#8211; Skizze<\/title>\n<meta name=\"robots\" content=\"noindex, follow, max-snippet:-1, max-image-preview:large, max-video-preview:-1\" \/>\n<meta property=\"og:locale\" content=\"lt_LT\" \/>\n<meta property=\"og:type\" content=\"article\" \/>\n<meta property=\"og:title\" content=\"Da\u017e\u0173 grem\u017etukas i\u0161 silikono Catalyst Contour &#8211; Skizze\" \/>\n<meta property=\"og:description\" content=\"Ne visai \u0161epet\u0117lis ir ne visai mentel\u0117! Pagaminti i\u0161 lankstaus silikono da\u017e\u0173 grem\u017etukai \u201ePrinceton Catalyst\u201c leid\u017eia menininkams patirti naujas k\u016brybos formas. Da\u017e\u0173 grem\u017etukai \u201eCatalyst\u201c yra labai patog\u016bs laikyti rankose, ergonomi\u0161kos formos ir malon\u016bs suimti. Jie yra atspar\u016bs kar\u0161\u010diui, tirpalams, da\u017e\u0173 grem\u017etukus galima plauti indaplov\u0117je, jie tinka naudoti maistui dekoruoti, nes turi FDA patvirtinim\u0105. Universali da\u017e\u0173 grem\u017etuko forma leid\u017eia pasireik\u0161ti k\u016brybingumui dekoruojant tortus, maisto produktus, keramik\u0105, gips\u0105, tir\u0161tas akrilo pagalbines priemones. Jie yra atspar\u016bs temperat\u016brai iki 232\u00b0C, tod\u0117l puikiai tinka enkaustikos technikai. Su \u201eCatalyst\u201c \u012frankiais darbas yra vieni juokai \u2013 silikon\u0105 yra lengva nuvalyti, jis yra atsparus tirpikliams. Galima nuvalyti \u0161velniu muilu ir vandeniu, i\u0161d\u017ei\u016bvusius da\u017eus nuo silikoninio pavir\u0161iaus galima nupl\u0117\u0161ti.\" \/>\n<meta property=\"og:url\" content=\"https:\/\/hobstop.ee\/lt\/produktas\/dazu-gremztukas-is-silikono-catalyst-contour\/\" \/>\n<meta property=\"og:site_name\" content=\"Skizze\" \/>\n<meta property=\"article:publisher\" content=\"http:\/\/www.facebook.com\/VunderSkizze\" \/>\n<meta property=\"og:image\" content=\"https:\/\/www.hobstop.ee\/media\/4621.jpg\" \/>\n\t<meta property=\"og:image:width\" content=\"1024\" \/>\n\t<meta property=\"og:image:height\" content=\"768\" \/>\n\t<meta property=\"og:image:type\" content=\"image\/jpeg\" \/>\n<meta name=\"twitter:card\" content=\"summary_large_image\" \/>\n<meta name=\"twitter:label1\" content=\"Est. reading time\" \/>\n\t<meta name=\"twitter:data1\" content=\"1 minute\" \/>\n<script type=\"application\/ld+json\" class=\"yoast-schema-graph\">{\"@context\":\"https:\/\/schema.org\",\"@graph\":[{\"@type\":\"WebPage\",\"@id\":\"https:\/\/hobstop.ee\/lt\/produktas\/dazu-gremztukas-is-silikono-catalyst-contour\/\",\"url\":\"https:\/\/hobstop.ee\/lt\/produktas\/dazu-gremztukas-is-silikono-catalyst-contour\/\",\"name\":\"Da\u017e\u0173 grem\u017etukas i\u0161 silikono Catalyst Contour &#8211; Skizze\",\"isPartOf\":{\"@id\":\"https:\/\/hobstop.ee\/lt\/#website\"},\"primaryImageOfPage\":{\"@id\":\"https:\/\/hobstop.ee\/lt\/produktas\/dazu-gremztukas-is-silikono-catalyst-contour\/#primaryimage\"},\"image\":{\"@id\":\"https:\/\/hobstop.ee\/lt\/produktas\/dazu-gremztukas-is-silikono-catalyst-contour\/#primaryimage\"},\"thumbnailUrl\":\"https:\/\/hobstop.ee\/media\/4621.jpg\",\"datePublished\":\"2017-09-14T06:03:05+00:00\",\"dateModified\":\"2017-09-14T06:03:05+00:00\",\"breadcrumb\":{\"@id\":\"https:\/\/hobstop.ee\/lt\/produktas\/dazu-gremztukas-is-silikono-catalyst-contour\/#breadcrumb\"},\"inLanguage\":\"lt\",\"potentialAction\":[{\"@type\":\"ReadAction\",\"target\":[\"https:\/\/hobstop.ee\/lt\/produktas\/dazu-gremztukas-is-silikono-catalyst-contour\/\"]}]},{\"@type\":\"ImageObject\",\"inLanguage\":\"lt\",\"@id\":\"https:\/\/hobstop.ee\/lt\/produktas\/dazu-gremztukas-is-silikono-catalyst-contour\/#primaryimage\",\"url\":\"https:\/\/hobstop.ee\/media\/4621.jpg\",\"contentUrl\":\"https:\/\/hobstop.ee\/media\/4621.jpg\",\"width\":1024,\"height\":768},{\"@type\":\"BreadcrumbList\",\"@id\":\"https:\/\/hobstop.ee\/lt\/produktas\/dazu-gremztukas-is-silikono-catalyst-contour\/#breadcrumb\",\"itemListElement\":[{\"@type\":\"ListItem\",\"position\":1,\"name\":\"Avaleht\",\"item\":\"https:\/\/hobstop.ee\/lt\/\"},{\"@type\":\"ListItem\",\"position\":2,\"name\":\"Parduotuv\u0117\",\"item\":\"https:\/\/hobstop.ee\/lt\/parduotuve\/\"},{\"@type\":\"ListItem\",\"position\":3,\"name\":\"Da\u017e\u0173 grem\u017etukas i\u0161 silikono Catalyst Contour\"}]},{\"@type\":\"WebSite\",\"@id\":\"https:\/\/hobstop.ee\/lt\/#website\",\"url\":\"https:\/\/hobstop.ee\/lt\/\",\"name\":\"Skizze\",\"description\":\"Dail\u0117s, pom\u0117gi\u0173 ir mokykliniai reikm\u0117nys\",\"publisher\":{\"@id\":\"https:\/\/hobstop.ee\/lt\/#organization\"},\"potentialAction\":[{\"@type\":\"SearchAction\",\"target\":{\"@type\":\"EntryPoint\",\"urlTemplate\":\"https:\/\/hobstop.ee\/lt\/?s={search_term_string}\"},\"query-input\":{\"@type\":\"PropertyValueSpecification\",\"valueRequired\":true,\"valueName\":\"search_term_string\"}}],\"inLanguage\":\"lt\"},{\"@type\":\"Organization\",\"@id\":\"https:\/\/hobstop.ee\/lt\/#organization\",\"name\":\"Vunder AS\",\"url\":\"https:\/\/hobstop.ee\/lt\/\",\"logo\":{\"@type\":\"ImageObject\",\"inLanguage\":\"lt\",\"@id\":\"https:\/\/hobstop.ee\/lt\/#\/schema\/logo\/image\/\",\"url\":\"https:\/\/hobstop.ee\/media\/vunder-logo.png\",\"contentUrl\":\"https:\/\/hobstop.ee\/media\/vunder-logo.png\",\"width\":127,\"height\":55,\"caption\":\"Vunder AS\"},\"image\":{\"@id\":\"https:\/\/hobstop.ee\/lt\/#\/schema\/logo\/image\/\"},\"sameAs\":[\"http:\/\/www.facebook.com\/VunderSkizze\"]}]}<\/script>\n<!-- \/ Yoast SEO plugin. -->","yoast_head_json":{"title":"Da\u017e\u0173 grem\u017etukas i\u0161 silikono Catalyst Contour &#8211; Skizze","robots":{"index":"noindex","follow":"follow","max-snippet":"max-snippet:-1","max-image-preview":"max-image-preview:large","max-video-preview":"max-video-preview:-1"},"og_locale":"lt_LT","og_type":"article","og_title":"Da\u017e\u0173 grem\u017etukas i\u0161 silikono Catalyst Contour &#8211; Skizze","og_description":"Ne visai \u0161epet\u0117lis ir ne visai mentel\u0117! Pagaminti i\u0161 lankstaus silikono da\u017e\u0173 grem\u017etukai \u201ePrinceton Catalyst\u201c leid\u017eia menininkams patirti naujas k\u016brybos formas. Da\u017e\u0173 grem\u017etukai \u201eCatalyst\u201c yra labai patog\u016bs laikyti rankose, ergonomi\u0161kos formos ir malon\u016bs suimti. Jie yra atspar\u016bs kar\u0161\u010diui, tirpalams, da\u017e\u0173 grem\u017etukus galima plauti indaplov\u0117je, jie tinka naudoti maistui dekoruoti, nes turi FDA patvirtinim\u0105. Universali da\u017e\u0173 grem\u017etuko forma leid\u017eia pasireik\u0161ti k\u016brybingumui dekoruojant tortus, maisto produktus, keramik\u0105, gips\u0105, tir\u0161tas akrilo pagalbines priemones. Jie yra atspar\u016bs temperat\u016brai iki 232\u00b0C, tod\u0117l puikiai tinka enkaustikos technikai. Su \u201eCatalyst\u201c \u012frankiais darbas yra vieni juokai \u2013 silikon\u0105 yra lengva nuvalyti, jis yra atsparus tirpikliams. Galima nuvalyti \u0161velniu muilu ir vandeniu, i\u0161d\u017ei\u016bvusius da\u017eus nuo silikoninio pavir\u0161iaus galima nupl\u0117\u0161ti.","og_url":"https:\/\/hobstop.ee\/lt\/produktas\/dazu-gremztukas-is-silikono-catalyst-contour\/","og_site_name":"Skizze","article_publisher":"http:\/\/www.facebook.com\/VunderSkizze","og_image":[{"width":1024,"height":768,"url":"https:\/\/www.hobstop.ee\/media\/4621.jpg","type":"image\/jpeg"}],"twitter_card":"summary_large_image","twitter_misc":{"Est. reading time":"1 minute"},"schema":{"@context":"https:\/\/schema.org","@graph":[{"@type":"WebPage","@id":"https:\/\/hobstop.ee\/lt\/produktas\/dazu-gremztukas-is-silikono-catalyst-contour\/","url":"https:\/\/hobstop.ee\/lt\/produktas\/dazu-gremztukas-is-silikono-catalyst-contour\/","name":"Da\u017e\u0173 grem\u017etukas i\u0161 silikono Catalyst Contour &#8211; Skizze","isPartOf":{"@id":"https:\/\/hobstop.ee\/lt\/#website"},"primaryImageOfPage":{"@id":"https:\/\/hobstop.ee\/lt\/produktas\/dazu-gremztukas-is-silikono-catalyst-contour\/#primaryimage"},"image":{"@id":"https:\/\/hobstop.ee\/lt\/produktas\/dazu-gremztukas-is-silikono-catalyst-contour\/#primaryimage"},"thumbnailUrl":"https:\/\/hobstop.ee\/media\/4621.jpg","datePublished":"2017-09-14T06:03:05+00:00","dateModified":"2017-09-14T06:03:05+00:00","breadcrumb":{"@id":"https:\/\/hobstop.ee\/lt\/produktas\/dazu-gremztukas-is-silikono-catalyst-contour\/#breadcrumb"},"inLanguage":"lt","potentialAction":[{"@type":"ReadAction","target":["https:\/\/hobstop.ee\/lt\/produktas\/dazu-gremztukas-is-silikono-catalyst-contour\/"]}]},{"@type":"ImageObject","inLanguage":"lt","@id":"https:\/\/hobstop.ee\/lt\/produktas\/dazu-gremztukas-is-silikono-catalyst-contour\/#primaryimage","url":"https:\/\/hobstop.ee\/media\/4621.jpg","contentUrl":"https:\/\/hobstop.ee\/media\/4621.jpg","width":1024,"height":768},{"@type":"BreadcrumbList","@id":"https:\/\/hobstop.ee\/lt\/produktas\/dazu-gremztukas-is-silikono-catalyst-contour\/#breadcrumb","itemListElement":[{"@type":"ListItem","position":1,"name":"Avaleht","item":"https:\/\/hobstop.ee\/lt\/"},{"@type":"ListItem","position":2,"name":"Parduotuv\u0117","item":"https:\/\/hobstop.ee\/lt\/parduotuve\/"},{"@type":"ListItem","position":3,"name":"Da\u017e\u0173 grem\u017etukas i\u0161 silikono Catalyst Contour"}]},{"@type":"WebSite","@id":"https:\/\/hobstop.ee\/lt\/#website","url":"https:\/\/hobstop.ee\/lt\/","name":"Skizze","description":"Dail\u0117s, pom\u0117gi\u0173 ir mokykliniai reikm\u0117nys","publisher":{"@id":"https:\/\/hobstop.ee\/lt\/#organization"},"potentialAction":[{"@type":"SearchAction","target":{"@type":"EntryPoint","urlTemplate":"https:\/\/hobstop.ee\/lt\/?s={search_term_string}"},"query-input":{"@type":"PropertyValueSpecification","valueRequired":true,"valueName":"search_term_string"}}],"inLanguage":"lt"},{"@type":"Organization","@id":"https:\/\/hobstop.ee\/lt\/#organization","name":"Vunder AS","url":"https:\/\/hobstop.ee\/lt\/","logo":{"@type":"ImageObject","inLanguage":"lt","@id":"https:\/\/hobstop.ee\/lt\/#\/schema\/logo\/image\/","url":"https:\/\/hobstop.ee\/media\/vunder-logo.png","contentUrl":"https:\/\/hobstop.ee\/media\/vunder-logo.png","width":127,"height":55,"caption":"Vunder AS"},"image":{"@id":"https:\/\/hobstop.ee\/lt\/#\/schema\/logo\/image\/"},"sameAs":["http:\/\/www.facebook.com\/VunderSkizze"]}]}},"_links":{"self":[{"href":"https:\/\/hobstop.ee\/lt\/wp-json\/wp\/v2\/product\/294510","targetHints":{"allow":["GET"]}}],"collection":[{"href":"https:\/\/hobstop.ee\/lt\/wp-json\/wp\/v2\/product"}],"about":[{"href":"https:\/\/hobstop.ee\/lt\/wp-json\/wp\/v2\/types\/product"}],"replies":[{"embeddable":true,"href":"https:\/\/hobstop.ee\/lt\/wp-json\/wp\/v2\/comments?post=294510"}],"wp:featuredmedia":[{"embeddable":true,"href":"https:\/\/hobstop.ee\/lt\/wp-json\/wp\/v2\/media\/294718"}],"wp:attachment":[{"href":"https:\/\/hobstop.ee\/lt\/wp-json\/wp\/v2\/media?parent=294510"}],"wp:term":[{"taxonomy":"product_cat","embeddable":true,"href":"https:\/\/hobstop.ee\/lt\/wp-json\/wp\/v2\/product_cat?post=294510"},{"taxonomy":"product_tag","embeddable":true,"href":"https:\/\/hobstop.ee\/lt\/wp-json\/wp\/v2\/product_tag?post=294510"}],"curies":[{"name":"wp","href":"https:\/\/api.w.org\/{rel}","templated":true}]}}