{"id":294522,"date":"2017-09-14T09:03:08","date_gmt":"2017-09-14T06:03:08","guid":{"rendered":"https:\/\/sharks.ee\/vunder_2019\/lt\/product\/dezute-nuotraukoms-canson-infinity\/"},"modified":"2017-09-14T09:03:08","modified_gmt":"2017-09-14T06:03:08","slug":"dezute-nuotraukoms-canson-infinity","status":"publish","type":"product","link":"https:\/\/hobstop.ee\/lt\/produktas\/dezute-nuotraukoms-canson-infinity\/","title":{"rendered":"D\u0117\u017eut\u0117 nuotraukoms Canson Infinity"},"content":{"rendered":"<p>Skirtas  nuotraukoms bei dokumentams archyvuoti ir saugoti skirtas kalkinis popierius. Jo pavir\u0161ius yra padengtas specialiu juodu \u201eWibalin Buckram\u201c popieriumi itin atspariu vandeniui ir \u0161viesos poveikiui. Pagamintas i\u0161 specialaus archyvavimui skirto lak\u0161to, kuris atitinka standarto ISO 9706 popieriaus ilgalaiki\u0161kumui keliamus reikalavimus. \u0160io popieriaus sud\u0117tyje yra daug alfa celiulioz\u0117s, pagamintas neutraliomis r\u016bg\u0161tin\u0117mis s\u0105lygomis (sud\u0117tyje n\u0117ra r\u016bg\u0161\u010di\u0173), n\u0117ra prid\u0117ta optini\u0173 balikli\u0173 arba antrini\u0173 med\u017eiag\u0173, taip pat atitinka PAT (Photographic Activity Test, ISO 18916) keliamus reikalavimus, tod\u0117l spaudiniai yra ilgaam\u017eiai. Kiekvienoje d\u0117\u017eut\u0117je yra neutrali patogi nuotraukoms arba dokumentams  tvarkyti ir i\u0161imti juostel\u0117 ir 25 kalkinio popieriaus lak\u0161tai, saugantys spaudinius nuo subrai\u017eymo ir trinties.<\/p>\n","protected":false},"excerpt":{"rendered":"<p>Skirtas nuotraukoms bei dokumentams archyvuoti ir saugoti skirtas kalkinis popierius. Jo pavir\u0161ius yra padengtas specialiu juodu \u201eWibalin Buckram\u201c popieriumi itin atspariu vandeniui ir \u0161viesos poveikiui. Pagamintas i\u0161 specialaus archyvavimui skirto lak\u0161to, kuris atitinka standarto ISO 9706 popieriaus ilgalaiki\u0161kumui keliamus reikalavimus. \u0160io popieriaus sud\u0117tyje yra daug alfa celiulioz\u0117s, pagamintas neutraliomis r\u016bg\u0161tin\u0117mis s\u0105lygomis (sud\u0117tyje n\u0117ra r\u016bg\u0161\u010di\u0173), n\u0117ra prid\u0117ta optini\u0173 balikli\u0173 arba antrini\u0173 med\u017eiag\u0173, taip pat atitinka PAT (Photographic Activity Test, ISO 18916) keliamus reikalavimus, tod\u0117l spaudiniai yra ilgaam\u017eiai. Kiekvienoje d\u0117\u017eut\u0117je yra neutrali patogi nuotraukoms arba dokumentams tvarkyti ir i\u0161imti juostel\u0117 ir 25 kalkinio popieriaus lak\u0161tai, saugantys spaudinius nuo subrai\u017eymo ir trinties.<\/p>\n","protected":false},"featured_media":294730,"comment_status":"closed","ping_status":"closed","template":"","meta":{"_acf_changed":false,"ep_exclude_from_search":false},"product_cat":[20211,20217,17922],"product_tag":[],"class_list":{"0":"post-294522","1":"product","2":"type-product","3":"status-publish","4":"has-post-thumbnail","6":"product_cat-archyvavimo-reikmenys","7":"product_cat-dezes","8":"product_cat-popieriaus-prekes","10":"first","11":"instock","12":"taxable","13":"shipping-taxable","14":"product-type-simple"},"acf":[],"yoast_head":"<!-- This site is optimized with the Yoast SEO plugin v24.1 - https:\/\/yoast.com\/wordpress\/plugins\/seo\/ -->\n<title>D\u0117\u017eut\u0117 nuotraukoms Canson Infinity &#8211; Skizze<\/title>\n<meta name=\"robots\" content=\"noindex, follow, max-snippet:-1, max-image-preview:large, max-video-preview:-1\" \/>\n<meta property=\"og:locale\" content=\"lt_LT\" \/>\n<meta property=\"og:type\" content=\"article\" \/>\n<meta property=\"og:title\" content=\"D\u0117\u017eut\u0117 nuotraukoms Canson Infinity &#8211; Skizze\" \/>\n<meta property=\"og:description\" content=\"Skirtas nuotraukoms bei dokumentams archyvuoti ir saugoti skirtas kalkinis popierius. Jo pavir\u0161ius yra padengtas specialiu juodu \u201eWibalin Buckram\u201c popieriumi itin atspariu vandeniui ir \u0161viesos poveikiui. Pagamintas i\u0161 specialaus archyvavimui skirto lak\u0161to, kuris atitinka standarto ISO 9706 popieriaus ilgalaiki\u0161kumui keliamus reikalavimus. \u0160io popieriaus sud\u0117tyje yra daug alfa celiulioz\u0117s, pagamintas neutraliomis r\u016bg\u0161tin\u0117mis s\u0105lygomis (sud\u0117tyje n\u0117ra r\u016bg\u0161\u010di\u0173), n\u0117ra prid\u0117ta optini\u0173 balikli\u0173 arba antrini\u0173 med\u017eiag\u0173, taip pat atitinka PAT (Photographic Activity Test, ISO 18916) keliamus reikalavimus, tod\u0117l spaudiniai yra ilgaam\u017eiai. Kiekvienoje d\u0117\u017eut\u0117je yra neutrali patogi nuotraukoms arba dokumentams tvarkyti ir i\u0161imti juostel\u0117 ir 25 kalkinio popieriaus lak\u0161tai, saugantys spaudinius nuo subrai\u017eymo ir trinties.\" \/>\n<meta property=\"og:url\" content=\"https:\/\/hobstop.ee\/lt\/produktas\/dezute-nuotraukoms-canson-infinity\/\" \/>\n<meta property=\"og:site_name\" content=\"Skizze\" \/>\n<meta property=\"article:publisher\" content=\"http:\/\/www.facebook.com\/VunderSkizze\" \/>\n<meta property=\"og:image\" content=\"https:\/\/hobstop.ee\/media\/4628.jpg\" \/>\n\t<meta property=\"og:image:width\" content=\"1024\" \/>\n\t<meta property=\"og:image:height\" content=\"768\" \/>\n\t<meta property=\"og:image:type\" content=\"image\/jpeg\" \/>\n<meta name=\"twitter:card\" content=\"summary_large_image\" \/>\n<meta name=\"twitter:label1\" content=\"Est. reading time\" \/>\n\t<meta name=\"twitter:data1\" content=\"1 minute\" \/>\n<script type=\"application\/ld+json\" class=\"yoast-schema-graph\">{\"@context\":\"https:\/\/schema.org\",\"@graph\":[{\"@type\":\"WebPage\",\"@id\":\"https:\/\/hobstop.ee\/lt\/produktas\/dezute-nuotraukoms-canson-infinity\/\",\"url\":\"https:\/\/hobstop.ee\/lt\/produktas\/dezute-nuotraukoms-canson-infinity\/\",\"name\":\"D\u0117\u017eut\u0117 nuotraukoms Canson Infinity &#8211; Skizze\",\"isPartOf\":{\"@id\":\"https:\/\/hobstop.ee\/lt\/#website\"},\"primaryImageOfPage\":{\"@id\":\"https:\/\/hobstop.ee\/lt\/produktas\/dezute-nuotraukoms-canson-infinity\/#primaryimage\"},\"image\":{\"@id\":\"https:\/\/hobstop.ee\/lt\/produktas\/dezute-nuotraukoms-canson-infinity\/#primaryimage\"},\"thumbnailUrl\":\"https:\/\/hobstop.ee\/media\/4628.jpg\",\"datePublished\":\"2017-09-14T06:03:08+00:00\",\"dateModified\":\"2017-09-14T06:03:08+00:00\",\"breadcrumb\":{\"@id\":\"https:\/\/hobstop.ee\/lt\/produktas\/dezute-nuotraukoms-canson-infinity\/#breadcrumb\"},\"inLanguage\":\"lt\",\"potentialAction\":[{\"@type\":\"ReadAction\",\"target\":[\"https:\/\/hobstop.ee\/lt\/produktas\/dezute-nuotraukoms-canson-infinity\/\"]}]},{\"@type\":\"ImageObject\",\"inLanguage\":\"lt\",\"@id\":\"https:\/\/hobstop.ee\/lt\/produktas\/dezute-nuotraukoms-canson-infinity\/#primaryimage\",\"url\":\"https:\/\/hobstop.ee\/media\/4628.jpg\",\"contentUrl\":\"https:\/\/hobstop.ee\/media\/4628.jpg\",\"width\":1024,\"height\":768},{\"@type\":\"BreadcrumbList\",\"@id\":\"https:\/\/hobstop.ee\/lt\/produktas\/dezute-nuotraukoms-canson-infinity\/#breadcrumb\",\"itemListElement\":[{\"@type\":\"ListItem\",\"position\":1,\"name\":\"Avaleht\",\"item\":\"https:\/\/hobstop.ee\/lt\/\"},{\"@type\":\"ListItem\",\"position\":2,\"name\":\"Parduotuv\u0117\",\"item\":\"https:\/\/hobstop.ee\/lt\/parduotuve\/\"},{\"@type\":\"ListItem\",\"position\":3,\"name\":\"D\u0117\u017eut\u0117 nuotraukoms Canson Infinity\"}]},{\"@type\":\"WebSite\",\"@id\":\"https:\/\/hobstop.ee\/lt\/#website\",\"url\":\"https:\/\/hobstop.ee\/lt\/\",\"name\":\"Skizze\",\"description\":\"Dail\u0117s, pom\u0117gi\u0173 ir mokykliniai reikm\u0117nys\",\"publisher\":{\"@id\":\"https:\/\/hobstop.ee\/lt\/#organization\"},\"potentialAction\":[{\"@type\":\"SearchAction\",\"target\":{\"@type\":\"EntryPoint\",\"urlTemplate\":\"https:\/\/hobstop.ee\/lt\/?s={search_term_string}\"},\"query-input\":{\"@type\":\"PropertyValueSpecification\",\"valueRequired\":true,\"valueName\":\"search_term_string\"}}],\"inLanguage\":\"lt\"},{\"@type\":\"Organization\",\"@id\":\"https:\/\/hobstop.ee\/lt\/#organization\",\"name\":\"Vunder AS\",\"url\":\"https:\/\/hobstop.ee\/lt\/\",\"logo\":{\"@type\":\"ImageObject\",\"inLanguage\":\"lt\",\"@id\":\"https:\/\/hobstop.ee\/lt\/#\/schema\/logo\/image\/\",\"url\":\"https:\/\/hobstop.ee\/media\/vunder-logo.png\",\"contentUrl\":\"https:\/\/hobstop.ee\/media\/vunder-logo.png\",\"width\":127,\"height\":55,\"caption\":\"Vunder AS\"},\"image\":{\"@id\":\"https:\/\/hobstop.ee\/lt\/#\/schema\/logo\/image\/\"},\"sameAs\":[\"http:\/\/www.facebook.com\/VunderSkizze\"]}]}<\/script>\n<!-- \/ Yoast SEO plugin. -->","yoast_head_json":{"title":"D\u0117\u017eut\u0117 nuotraukoms Canson Infinity &#8211; Skizze","robots":{"index":"noindex","follow":"follow","max-snippet":"max-snippet:-1","max-image-preview":"max-image-preview:large","max-video-preview":"max-video-preview:-1"},"og_locale":"lt_LT","og_type":"article","og_title":"D\u0117\u017eut\u0117 nuotraukoms Canson Infinity &#8211; Skizze","og_description":"Skirtas nuotraukoms bei dokumentams archyvuoti ir saugoti skirtas kalkinis popierius. Jo pavir\u0161ius yra padengtas specialiu juodu \u201eWibalin Buckram\u201c popieriumi itin atspariu vandeniui ir \u0161viesos poveikiui. Pagamintas i\u0161 specialaus archyvavimui skirto lak\u0161to, kuris atitinka standarto ISO 9706 popieriaus ilgalaiki\u0161kumui keliamus reikalavimus. \u0160io popieriaus sud\u0117tyje yra daug alfa celiulioz\u0117s, pagamintas neutraliomis r\u016bg\u0161tin\u0117mis s\u0105lygomis (sud\u0117tyje n\u0117ra r\u016bg\u0161\u010di\u0173), n\u0117ra prid\u0117ta optini\u0173 balikli\u0173 arba antrini\u0173 med\u017eiag\u0173, taip pat atitinka PAT (Photographic Activity Test, ISO 18916) keliamus reikalavimus, tod\u0117l spaudiniai yra ilgaam\u017eiai. Kiekvienoje d\u0117\u017eut\u0117je yra neutrali patogi nuotraukoms arba dokumentams tvarkyti ir i\u0161imti juostel\u0117 ir 25 kalkinio popieriaus lak\u0161tai, saugantys spaudinius nuo subrai\u017eymo ir trinties.","og_url":"https:\/\/hobstop.ee\/lt\/produktas\/dezute-nuotraukoms-canson-infinity\/","og_site_name":"Skizze","article_publisher":"http:\/\/www.facebook.com\/VunderSkizze","og_image":[{"width":1024,"height":768,"url":"https:\/\/hobstop.ee\/media\/4628.jpg","type":"image\/jpeg"}],"twitter_card":"summary_large_image","twitter_misc":{"Est. reading time":"1 minute"},"schema":{"@context":"https:\/\/schema.org","@graph":[{"@type":"WebPage","@id":"https:\/\/hobstop.ee\/lt\/produktas\/dezute-nuotraukoms-canson-infinity\/","url":"https:\/\/hobstop.ee\/lt\/produktas\/dezute-nuotraukoms-canson-infinity\/","name":"D\u0117\u017eut\u0117 nuotraukoms Canson Infinity &#8211; Skizze","isPartOf":{"@id":"https:\/\/hobstop.ee\/lt\/#website"},"primaryImageOfPage":{"@id":"https:\/\/hobstop.ee\/lt\/produktas\/dezute-nuotraukoms-canson-infinity\/#primaryimage"},"image":{"@id":"https:\/\/hobstop.ee\/lt\/produktas\/dezute-nuotraukoms-canson-infinity\/#primaryimage"},"thumbnailUrl":"https:\/\/hobstop.ee\/media\/4628.jpg","datePublished":"2017-09-14T06:03:08+00:00","dateModified":"2017-09-14T06:03:08+00:00","breadcrumb":{"@id":"https:\/\/hobstop.ee\/lt\/produktas\/dezute-nuotraukoms-canson-infinity\/#breadcrumb"},"inLanguage":"lt","potentialAction":[{"@type":"ReadAction","target":["https:\/\/hobstop.ee\/lt\/produktas\/dezute-nuotraukoms-canson-infinity\/"]}]},{"@type":"ImageObject","inLanguage":"lt","@id":"https:\/\/hobstop.ee\/lt\/produktas\/dezute-nuotraukoms-canson-infinity\/#primaryimage","url":"https:\/\/hobstop.ee\/media\/4628.jpg","contentUrl":"https:\/\/hobstop.ee\/media\/4628.jpg","width":1024,"height":768},{"@type":"BreadcrumbList","@id":"https:\/\/hobstop.ee\/lt\/produktas\/dezute-nuotraukoms-canson-infinity\/#breadcrumb","itemListElement":[{"@type":"ListItem","position":1,"name":"Avaleht","item":"https:\/\/hobstop.ee\/lt\/"},{"@type":"ListItem","position":2,"name":"Parduotuv\u0117","item":"https:\/\/hobstop.ee\/lt\/parduotuve\/"},{"@type":"ListItem","position":3,"name":"D\u0117\u017eut\u0117 nuotraukoms Canson Infinity"}]},{"@type":"WebSite","@id":"https:\/\/hobstop.ee\/lt\/#website","url":"https:\/\/hobstop.ee\/lt\/","name":"Skizze","description":"Dail\u0117s, pom\u0117gi\u0173 ir mokykliniai reikm\u0117nys","publisher":{"@id":"https:\/\/hobstop.ee\/lt\/#organization"},"potentialAction":[{"@type":"SearchAction","target":{"@type":"EntryPoint","urlTemplate":"https:\/\/hobstop.ee\/lt\/?s={search_term_string}"},"query-input":{"@type":"PropertyValueSpecification","valueRequired":true,"valueName":"search_term_string"}}],"inLanguage":"lt"},{"@type":"Organization","@id":"https:\/\/hobstop.ee\/lt\/#organization","name":"Vunder AS","url":"https:\/\/hobstop.ee\/lt\/","logo":{"@type":"ImageObject","inLanguage":"lt","@id":"https:\/\/hobstop.ee\/lt\/#\/schema\/logo\/image\/","url":"https:\/\/hobstop.ee\/media\/vunder-logo.png","contentUrl":"https:\/\/hobstop.ee\/media\/vunder-logo.png","width":127,"height":55,"caption":"Vunder AS"},"image":{"@id":"https:\/\/hobstop.ee\/lt\/#\/schema\/logo\/image\/"},"sameAs":["http:\/\/www.facebook.com\/VunderSkizze"]}]}},"_links":{"self":[{"href":"https:\/\/hobstop.ee\/lt\/wp-json\/wp\/v2\/product\/294522","targetHints":{"allow":["GET"]}}],"collection":[{"href":"https:\/\/hobstop.ee\/lt\/wp-json\/wp\/v2\/product"}],"about":[{"href":"https:\/\/hobstop.ee\/lt\/wp-json\/wp\/v2\/types\/product"}],"replies":[{"embeddable":true,"href":"https:\/\/hobstop.ee\/lt\/wp-json\/wp\/v2\/comments?post=294522"}],"wp:featuredmedia":[{"embeddable":true,"href":"https:\/\/hobstop.ee\/lt\/wp-json\/wp\/v2\/media\/294730"}],"wp:attachment":[{"href":"https:\/\/hobstop.ee\/lt\/wp-json\/wp\/v2\/media?parent=294522"}],"wp:term":[{"taxonomy":"product_cat","embeddable":true,"href":"https:\/\/hobstop.ee\/lt\/wp-json\/wp\/v2\/product_cat?post=294522"},{"taxonomy":"product_tag","embeddable":true,"href":"https:\/\/hobstop.ee\/lt\/wp-json\/wp\/v2\/product_tag?post=294522"}],"curies":[{"name":"wp","href":"https:\/\/api.w.org\/{rel}","templated":true}]}}