{"id":295425,"date":"2017-09-26T11:18:14","date_gmt":"2017-09-26T08:18:14","guid":{"rendered":"https:\/\/sharks.ee\/vunder_2019\/lt\/product\/glazuruotas-popierius-canson\/"},"modified":"2017-09-26T11:18:14","modified_gmt":"2017-09-26T08:18:14","slug":"glazuruotas-popierius-canson","status":"publish","type":"product","link":"https:\/\/hobstop.ee\/lt\/produktas\/glazuruotas-popierius-canson\/","title":{"rendered":"Glaz\u016bruotas popierius Canson"},"content":{"rendered":"<p>Konservavimo popierius saugo meno k\u016brinius ir dokumentus nuo i\u0161orini\u0173 \u017ealing\u0173 veiksni\u0173 \u2013 \u0161viesos, dulki\u0173, d\u0117mi\u0173, trinties, \u012fvairi\u0173 pa\u017eeidim\u0173 ir t.t. bei u\u017etikrina puiki\u0105 ilgalaik\u0119 apsaug\u0105. Plonas, pusiau permatomas kalkinis popierius, skirtas delika\u010di\u0173 dokument\u0173 ir pie\u0161ini\u0173 pie\u0161tuku, pastele arba anglimi apsaugai nuo trinties. Taip pat perskyroms, portfeliams, nuotrauk\u0173 albumams ir t.t.<\/p>\n","protected":false},"excerpt":{"rendered":"<p>Konservavimo popierius saugo meno k\u016brinius ir dokumentus nuo i\u0161orini\u0173 \u017ealing\u0173 veiksni\u0173 \u2013 \u0161viesos, dulki\u0173, d\u0117mi\u0173, trinties, \u012fvairi\u0173 pa\u017eeidim\u0173 ir t.t. bei u\u017etikrina puiki\u0105 ilgalaik\u0119 apsaug\u0105. Plonas, pusiau permatomas kalkinis popierius, skirtas delika\u010di\u0173 dokument\u0173 ir pie\u0161ini\u0173 pie\u0161tuku, pastele arba anglimi apsaugai nuo trinties. Taip pat perskyroms, portfeliams, nuotrauk\u0173 albumams ir t.t.<\/p>\n","protected":false},"featured_media":295873,"comment_status":"closed","ping_status":"closed","template":"","meta":{"_acf_changed":false,"ep_exclude_from_search":false},"product_cat":[20211,17922,20214],"product_tag":[],"class_list":{"0":"post-295425","1":"product","2":"type-product","3":"status-publish","4":"has-post-thumbnail","6":"product_cat-archyvavimo-reikmenys","7":"product_cat-popieriaus-prekes","8":"product_cat-popierius-2","10":"first","11":"outofstock","12":"taxable","13":"shipping-taxable","14":"purchasable","15":"product-type-simple"},"acf":[],"yoast_head":"<!-- This site is optimized with the Yoast SEO plugin v24.1 - https:\/\/yoast.com\/wordpress\/plugins\/seo\/ -->\n<title>Glaz\u016bruotas popierius Canson &#8211; Skizze<\/title>\n<meta name=\"robots\" content=\"noindex, follow, max-snippet:-1, max-image-preview:large, max-video-preview:-1\" \/>\n<meta property=\"og:locale\" content=\"lt_LT\" \/>\n<meta property=\"og:type\" content=\"article\" \/>\n<meta property=\"og:title\" content=\"Glaz\u016bruotas popierius Canson &#8211; Skizze\" \/>\n<meta property=\"og:description\" content=\"Konservavimo popierius saugo meno k\u016brinius ir dokumentus nuo i\u0161orini\u0173 \u017ealing\u0173 veiksni\u0173 \u2013 \u0161viesos, dulki\u0173, d\u0117mi\u0173, trinties, \u012fvairi\u0173 pa\u017eeidim\u0173 ir t.t. bei u\u017etikrina puiki\u0105 ilgalaik\u0119 apsaug\u0105. Plonas, pusiau permatomas kalkinis popierius, skirtas delika\u010di\u0173 dokument\u0173 ir pie\u0161ini\u0173 pie\u0161tuku, pastele arba anglimi apsaugai nuo trinties. Taip pat perskyroms, portfeliams, nuotrauk\u0173 albumams ir t.t.\" \/>\n<meta property=\"og:url\" content=\"https:\/\/hobstop.ee\/lt\/produktas\/glazuruotas-popierius-canson\/\" \/>\n<meta property=\"og:site_name\" content=\"Skizze\" \/>\n<meta property=\"article:publisher\" content=\"http:\/\/www.facebook.com\/VunderSkizze\" \/>\n<meta property=\"og:image\" content=\"https:\/\/hobstop.ee\/media\/4634.jpg\" \/>\n\t<meta property=\"og:image:width\" content=\"1024\" \/>\n\t<meta property=\"og:image:height\" content=\"768\" \/>\n\t<meta property=\"og:image:type\" content=\"image\/jpeg\" \/>\n<meta name=\"twitter:card\" content=\"summary_large_image\" \/>\n<script type=\"application\/ld+json\" class=\"yoast-schema-graph\">{\"@context\":\"https:\/\/schema.org\",\"@graph\":[{\"@type\":\"WebPage\",\"@id\":\"https:\/\/hobstop.ee\/lt\/produktas\/glazuruotas-popierius-canson\/\",\"url\":\"https:\/\/hobstop.ee\/lt\/produktas\/glazuruotas-popierius-canson\/\",\"name\":\"Glaz\u016bruotas popierius Canson &#8211; Skizze\",\"isPartOf\":{\"@id\":\"https:\/\/hobstop.ee\/lt\/#website\"},\"primaryImageOfPage\":{\"@id\":\"https:\/\/hobstop.ee\/lt\/produktas\/glazuruotas-popierius-canson\/#primaryimage\"},\"image\":{\"@id\":\"https:\/\/hobstop.ee\/lt\/produktas\/glazuruotas-popierius-canson\/#primaryimage\"},\"thumbnailUrl\":\"https:\/\/hobstop.ee\/media\/4634.jpg\",\"datePublished\":\"2017-09-26T08:18:14+00:00\",\"dateModified\":\"2017-09-26T08:18:14+00:00\",\"breadcrumb\":{\"@id\":\"https:\/\/hobstop.ee\/lt\/produktas\/glazuruotas-popierius-canson\/#breadcrumb\"},\"inLanguage\":\"lt\",\"potentialAction\":[{\"@type\":\"ReadAction\",\"target\":[\"https:\/\/hobstop.ee\/lt\/produktas\/glazuruotas-popierius-canson\/\"]}]},{\"@type\":\"ImageObject\",\"inLanguage\":\"lt\",\"@id\":\"https:\/\/hobstop.ee\/lt\/produktas\/glazuruotas-popierius-canson\/#primaryimage\",\"url\":\"https:\/\/hobstop.ee\/media\/4634.jpg\",\"contentUrl\":\"https:\/\/hobstop.ee\/media\/4634.jpg\",\"width\":1024,\"height\":768},{\"@type\":\"BreadcrumbList\",\"@id\":\"https:\/\/hobstop.ee\/lt\/produktas\/glazuruotas-popierius-canson\/#breadcrumb\",\"itemListElement\":[{\"@type\":\"ListItem\",\"position\":1,\"name\":\"Avaleht\",\"item\":\"https:\/\/hobstop.ee\/lt\/\"},{\"@type\":\"ListItem\",\"position\":2,\"name\":\"Parduotuv\u0117\",\"item\":\"https:\/\/hobstop.ee\/lt\/parduotuve\/\"},{\"@type\":\"ListItem\",\"position\":3,\"name\":\"Glaz\u016bruotas popierius Canson\"}]},{\"@type\":\"WebSite\",\"@id\":\"https:\/\/hobstop.ee\/lt\/#website\",\"url\":\"https:\/\/hobstop.ee\/lt\/\",\"name\":\"Skizze\",\"description\":\"Dail\u0117s, pom\u0117gi\u0173 ir mokykliniai reikm\u0117nys\",\"publisher\":{\"@id\":\"https:\/\/hobstop.ee\/lt\/#organization\"},\"potentialAction\":[{\"@type\":\"SearchAction\",\"target\":{\"@type\":\"EntryPoint\",\"urlTemplate\":\"https:\/\/hobstop.ee\/lt\/?s={search_term_string}\"},\"query-input\":{\"@type\":\"PropertyValueSpecification\",\"valueRequired\":true,\"valueName\":\"search_term_string\"}}],\"inLanguage\":\"lt\"},{\"@type\":\"Organization\",\"@id\":\"https:\/\/hobstop.ee\/lt\/#organization\",\"name\":\"Vunder AS\",\"url\":\"https:\/\/hobstop.ee\/lt\/\",\"logo\":{\"@type\":\"ImageObject\",\"inLanguage\":\"lt\",\"@id\":\"https:\/\/hobstop.ee\/lt\/#\/schema\/logo\/image\/\",\"url\":\"https:\/\/hobstop.ee\/media\/vunder-logo.png\",\"contentUrl\":\"https:\/\/hobstop.ee\/media\/vunder-logo.png\",\"width\":127,\"height\":55,\"caption\":\"Vunder AS\"},\"image\":{\"@id\":\"https:\/\/hobstop.ee\/lt\/#\/schema\/logo\/image\/\"},\"sameAs\":[\"http:\/\/www.facebook.com\/VunderSkizze\"]}]}<\/script>\n<!-- \/ Yoast SEO plugin. -->","yoast_head_json":{"title":"Glaz\u016bruotas popierius Canson &#8211; Skizze","robots":{"index":"noindex","follow":"follow","max-snippet":"max-snippet:-1","max-image-preview":"max-image-preview:large","max-video-preview":"max-video-preview:-1"},"og_locale":"lt_LT","og_type":"article","og_title":"Glaz\u016bruotas popierius Canson &#8211; Skizze","og_description":"Konservavimo popierius saugo meno k\u016brinius ir dokumentus nuo i\u0161orini\u0173 \u017ealing\u0173 veiksni\u0173 \u2013 \u0161viesos, dulki\u0173, d\u0117mi\u0173, trinties, \u012fvairi\u0173 pa\u017eeidim\u0173 ir t.t. bei u\u017etikrina puiki\u0105 ilgalaik\u0119 apsaug\u0105. Plonas, pusiau permatomas kalkinis popierius, skirtas delika\u010di\u0173 dokument\u0173 ir pie\u0161ini\u0173 pie\u0161tuku, pastele arba anglimi apsaugai nuo trinties. Taip pat perskyroms, portfeliams, nuotrauk\u0173 albumams ir t.t.","og_url":"https:\/\/hobstop.ee\/lt\/produktas\/glazuruotas-popierius-canson\/","og_site_name":"Skizze","article_publisher":"http:\/\/www.facebook.com\/VunderSkizze","og_image":[{"width":1024,"height":768,"url":"https:\/\/hobstop.ee\/media\/4634.jpg","type":"image\/jpeg"}],"twitter_card":"summary_large_image","schema":{"@context":"https:\/\/schema.org","@graph":[{"@type":"WebPage","@id":"https:\/\/hobstop.ee\/lt\/produktas\/glazuruotas-popierius-canson\/","url":"https:\/\/hobstop.ee\/lt\/produktas\/glazuruotas-popierius-canson\/","name":"Glaz\u016bruotas popierius Canson &#8211; Skizze","isPartOf":{"@id":"https:\/\/hobstop.ee\/lt\/#website"},"primaryImageOfPage":{"@id":"https:\/\/hobstop.ee\/lt\/produktas\/glazuruotas-popierius-canson\/#primaryimage"},"image":{"@id":"https:\/\/hobstop.ee\/lt\/produktas\/glazuruotas-popierius-canson\/#primaryimage"},"thumbnailUrl":"https:\/\/hobstop.ee\/media\/4634.jpg","datePublished":"2017-09-26T08:18:14+00:00","dateModified":"2017-09-26T08:18:14+00:00","breadcrumb":{"@id":"https:\/\/hobstop.ee\/lt\/produktas\/glazuruotas-popierius-canson\/#breadcrumb"},"inLanguage":"lt","potentialAction":[{"@type":"ReadAction","target":["https:\/\/hobstop.ee\/lt\/produktas\/glazuruotas-popierius-canson\/"]}]},{"@type":"ImageObject","inLanguage":"lt","@id":"https:\/\/hobstop.ee\/lt\/produktas\/glazuruotas-popierius-canson\/#primaryimage","url":"https:\/\/hobstop.ee\/media\/4634.jpg","contentUrl":"https:\/\/hobstop.ee\/media\/4634.jpg","width":1024,"height":768},{"@type":"BreadcrumbList","@id":"https:\/\/hobstop.ee\/lt\/produktas\/glazuruotas-popierius-canson\/#breadcrumb","itemListElement":[{"@type":"ListItem","position":1,"name":"Avaleht","item":"https:\/\/hobstop.ee\/lt\/"},{"@type":"ListItem","position":2,"name":"Parduotuv\u0117","item":"https:\/\/hobstop.ee\/lt\/parduotuve\/"},{"@type":"ListItem","position":3,"name":"Glaz\u016bruotas popierius Canson"}]},{"@type":"WebSite","@id":"https:\/\/hobstop.ee\/lt\/#website","url":"https:\/\/hobstop.ee\/lt\/","name":"Skizze","description":"Dail\u0117s, pom\u0117gi\u0173 ir mokykliniai reikm\u0117nys","publisher":{"@id":"https:\/\/hobstop.ee\/lt\/#organization"},"potentialAction":[{"@type":"SearchAction","target":{"@type":"EntryPoint","urlTemplate":"https:\/\/hobstop.ee\/lt\/?s={search_term_string}"},"query-input":{"@type":"PropertyValueSpecification","valueRequired":true,"valueName":"search_term_string"}}],"inLanguage":"lt"},{"@type":"Organization","@id":"https:\/\/hobstop.ee\/lt\/#organization","name":"Vunder AS","url":"https:\/\/hobstop.ee\/lt\/","logo":{"@type":"ImageObject","inLanguage":"lt","@id":"https:\/\/hobstop.ee\/lt\/#\/schema\/logo\/image\/","url":"https:\/\/hobstop.ee\/media\/vunder-logo.png","contentUrl":"https:\/\/hobstop.ee\/media\/vunder-logo.png","width":127,"height":55,"caption":"Vunder AS"},"image":{"@id":"https:\/\/hobstop.ee\/lt\/#\/schema\/logo\/image\/"},"sameAs":["http:\/\/www.facebook.com\/VunderSkizze"]}]}},"_links":{"self":[{"href":"https:\/\/hobstop.ee\/lt\/wp-json\/wp\/v2\/product\/295425","targetHints":{"allow":["GET"]}}],"collection":[{"href":"https:\/\/hobstop.ee\/lt\/wp-json\/wp\/v2\/product"}],"about":[{"href":"https:\/\/hobstop.ee\/lt\/wp-json\/wp\/v2\/types\/product"}],"replies":[{"embeddable":true,"href":"https:\/\/hobstop.ee\/lt\/wp-json\/wp\/v2\/comments?post=295425"}],"wp:featuredmedia":[{"embeddable":true,"href":"https:\/\/hobstop.ee\/lt\/wp-json\/wp\/v2\/media\/295873"}],"wp:attachment":[{"href":"https:\/\/hobstop.ee\/lt\/wp-json\/wp\/v2\/media?parent=295425"}],"wp:term":[{"taxonomy":"product_cat","embeddable":true,"href":"https:\/\/hobstop.ee\/lt\/wp-json\/wp\/v2\/product_cat?post=295425"},{"taxonomy":"product_tag","embeddable":true,"href":"https:\/\/hobstop.ee\/lt\/wp-json\/wp\/v2\/product_tag?post=295425"}],"curies":[{"name":"wp","href":"https:\/\/api.w.org\/{rel}","templated":true}]}}