{"id":295429,"date":"2017-09-26T11:18:15","date_gmt":"2017-09-26T08:18:15","guid":{"rendered":"https:\/\/sharks.ee\/vunder_2019\/lt\/product\/drobe-ant-remo-reeves-medvilne\/"},"modified":"2017-09-26T11:18:15","modified_gmt":"2017-09-26T08:18:15","slug":"drobe-ant-remo-reeves-medvilne","status":"publish","type":"product","link":"https:\/\/hobstop.ee\/lt\/produktas\/drobe-ant-remo-reeves-medvilne\/","title":{"rendered":"Drob\u0117 ant r\u0117mo Reeves medviln\u0117"},"content":{"rendered":"<p>Nebereikia bijoti tu\u0161\u010di\u0173 drobi\u0173, nes vienintelis dalykas, kurio reikia bijoti, yra bauginan\u010diai nuostabios k\u016brybin\u0117s galimyb\u0117s! Ant por\u0117mi\u0173 i\u0161tempt\u0173 grynos medviln\u0117s drobi\u0173 (230g\/m\u00b2) \u201eReeves\u201c sud\u0117tyje n\u0117ra r\u016bg\u0161\u010di\u0173, jos yra nugruntuotos du kartus ir pritvirtintos kitoje r\u0117mo pus\u0117je. Pavir\u0161ius yra paruo\u0161tas ir tiesiog laukia, kada u\u017etepsite aliejinius arba akrilinius da\u017eus. Nesvarbu, kuo tapysite \u2013 teptukais ar mentel\u0117mis, jauskit\u0117s dr\u0105siai ir numal\u0161inkite k\u016brybin\u012f jaudul\u012f! Rinkinyje yra medin\u0117s kalad\u0117l\u0117s drob\u0117s \u012ftempimui reguliuoti.<\/p>\n","protected":false},"excerpt":{"rendered":"<p>Nebereikia bijoti tu\u0161\u010di\u0173 drobi\u0173, nes vienintelis dalykas, kurio reikia bijoti, yra bauginan\u010diai nuostabios k\u016brybin\u0117s galimyb\u0117s! Ant por\u0117mi\u0173 i\u0161tempt\u0173 grynos medviln\u0117s drobi\u0173 (230g\/m\u00b2) \u201eReeves\u201c sud\u0117tyje n\u0117ra r\u016bg\u0161\u010di\u0173, jos yra nugruntuotos du kartus ir pritvirtintos kitoje r\u0117mo pus\u0117je. Pavir\u0161ius yra paruo\u0161tas ir tiesiog laukia, kada u\u017etepsite aliejinius arba akrilinius da\u017eus. Nesvarbu, kuo tapysite \u2013 teptukais ar mentel\u0117mis, jauskit\u0117s dr\u0105siai ir numal\u0161inkite k\u016brybin\u012f jaudul\u012f! Rinkinyje yra medin\u0117s kalad\u0117l\u0117s drob\u0117s \u012ftempimui reguliuoti.<\/p>\n","protected":false},"featured_media":0,"comment_status":"closed","ping_status":"closed","template":"","meta":{"_acf_changed":false,"ep_exclude_from_search":false},"product_cat":[16124,17978,18348],"product_tag":[],"class_list":{"0":"post-295429","1":"product","2":"type-product","3":"status-publish","5":"product_cat-dailes-prekes","6":"product_cat-drobes-ir-tapybos-priedai","7":"product_cat-istemptos-drobes","9":"first","10":"instock","11":"taxable","12":"shipping-taxable","13":"purchasable","14":"product-type-simple"},"acf":[],"yoast_head":"<!-- This site is optimized with the Yoast SEO plugin v24.1 - https:\/\/yoast.com\/wordpress\/plugins\/seo\/ -->\n<title>Drob\u0117 ant r\u0117mo Reeves medviln\u0117 &#8211; Skizze<\/title>\n<meta name=\"robots\" content=\"noindex, follow, max-snippet:-1, max-image-preview:large, max-video-preview:-1\" \/>\n<meta property=\"og:locale\" content=\"lt_LT\" \/>\n<meta property=\"og:type\" content=\"article\" \/>\n<meta property=\"og:title\" content=\"Drob\u0117 ant r\u0117mo Reeves medviln\u0117 &#8211; Skizze\" \/>\n<meta property=\"og:description\" content=\"Nebereikia bijoti tu\u0161\u010di\u0173 drobi\u0173, nes vienintelis dalykas, kurio reikia bijoti, yra bauginan\u010diai nuostabios k\u016brybin\u0117s galimyb\u0117s! Ant por\u0117mi\u0173 i\u0161tempt\u0173 grynos medviln\u0117s drobi\u0173 (230g\/m\u00b2) \u201eReeves\u201c sud\u0117tyje n\u0117ra r\u016bg\u0161\u010di\u0173, jos yra nugruntuotos du kartus ir pritvirtintos kitoje r\u0117mo pus\u0117je. Pavir\u0161ius yra paruo\u0161tas ir tiesiog laukia, kada u\u017etepsite aliejinius arba akrilinius da\u017eus. Nesvarbu, kuo tapysite \u2013 teptukais ar mentel\u0117mis, jauskit\u0117s dr\u0105siai ir numal\u0161inkite k\u016brybin\u012f jaudul\u012f! Rinkinyje yra medin\u0117s kalad\u0117l\u0117s drob\u0117s \u012ftempimui reguliuoti.\" \/>\n<meta property=\"og:url\" content=\"https:\/\/hobstop.ee\/lt\/produktas\/drobe-ant-remo-reeves-medvilne\/\" \/>\n<meta property=\"og:site_name\" content=\"Skizze\" \/>\n<meta property=\"article:publisher\" content=\"http:\/\/www.facebook.com\/VunderSkizze\" \/>\n<meta name=\"twitter:card\" content=\"summary_large_image\" \/>\n<script type=\"application\/ld+json\" class=\"yoast-schema-graph\">{\"@context\":\"https:\/\/schema.org\",\"@graph\":[{\"@type\":\"WebPage\",\"@id\":\"https:\/\/hobstop.ee\/lt\/produktas\/drobe-ant-remo-reeves-medvilne\/\",\"url\":\"https:\/\/hobstop.ee\/lt\/produktas\/drobe-ant-remo-reeves-medvilne\/\",\"name\":\"Drob\u0117 ant r\u0117mo Reeves medviln\u0117 &#8211; Skizze\",\"isPartOf\":{\"@id\":\"https:\/\/hobstop.ee\/lt\/#website\"},\"datePublished\":\"2017-09-26T08:18:15+00:00\",\"dateModified\":\"2017-09-26T08:18:15+00:00\",\"breadcrumb\":{\"@id\":\"https:\/\/hobstop.ee\/lt\/produktas\/drobe-ant-remo-reeves-medvilne\/#breadcrumb\"},\"inLanguage\":\"lt\",\"potentialAction\":[{\"@type\":\"ReadAction\",\"target\":[\"https:\/\/hobstop.ee\/lt\/produktas\/drobe-ant-remo-reeves-medvilne\/\"]}]},{\"@type\":\"BreadcrumbList\",\"@id\":\"https:\/\/hobstop.ee\/lt\/produktas\/drobe-ant-remo-reeves-medvilne\/#breadcrumb\",\"itemListElement\":[{\"@type\":\"ListItem\",\"position\":1,\"name\":\"Avaleht\",\"item\":\"https:\/\/hobstop.ee\/lt\/\"},{\"@type\":\"ListItem\",\"position\":2,\"name\":\"Parduotuv\u0117\",\"item\":\"https:\/\/hobstop.ee\/lt\/parduotuve\/\"},{\"@type\":\"ListItem\",\"position\":3,\"name\":\"Drob\u0117 ant r\u0117mo Reeves medviln\u0117\"}]},{\"@type\":\"WebSite\",\"@id\":\"https:\/\/hobstop.ee\/lt\/#website\",\"url\":\"https:\/\/hobstop.ee\/lt\/\",\"name\":\"Skizze\",\"description\":\"Dail\u0117s, pom\u0117gi\u0173 ir mokykliniai reikm\u0117nys\",\"publisher\":{\"@id\":\"https:\/\/hobstop.ee\/lt\/#organization\"},\"potentialAction\":[{\"@type\":\"SearchAction\",\"target\":{\"@type\":\"EntryPoint\",\"urlTemplate\":\"https:\/\/hobstop.ee\/lt\/?s={search_term_string}\"},\"query-input\":{\"@type\":\"PropertyValueSpecification\",\"valueRequired\":true,\"valueName\":\"search_term_string\"}}],\"inLanguage\":\"lt\"},{\"@type\":\"Organization\",\"@id\":\"https:\/\/hobstop.ee\/lt\/#organization\",\"name\":\"Vunder AS\",\"url\":\"https:\/\/hobstop.ee\/lt\/\",\"logo\":{\"@type\":\"ImageObject\",\"inLanguage\":\"lt\",\"@id\":\"https:\/\/hobstop.ee\/lt\/#\/schema\/logo\/image\/\",\"url\":\"https:\/\/hobstop.ee\/media\/vunder-logo.png\",\"contentUrl\":\"https:\/\/hobstop.ee\/media\/vunder-logo.png\",\"width\":127,\"height\":55,\"caption\":\"Vunder AS\"},\"image\":{\"@id\":\"https:\/\/hobstop.ee\/lt\/#\/schema\/logo\/image\/\"},\"sameAs\":[\"http:\/\/www.facebook.com\/VunderSkizze\"]}]}<\/script>\n<!-- \/ Yoast SEO plugin. -->","yoast_head_json":{"title":"Drob\u0117 ant r\u0117mo Reeves medviln\u0117 &#8211; Skizze","robots":{"index":"noindex","follow":"follow","max-snippet":"max-snippet:-1","max-image-preview":"max-image-preview:large","max-video-preview":"max-video-preview:-1"},"og_locale":"lt_LT","og_type":"article","og_title":"Drob\u0117 ant r\u0117mo Reeves medviln\u0117 &#8211; Skizze","og_description":"Nebereikia bijoti tu\u0161\u010di\u0173 drobi\u0173, nes vienintelis dalykas, kurio reikia bijoti, yra bauginan\u010diai nuostabios k\u016brybin\u0117s galimyb\u0117s! Ant por\u0117mi\u0173 i\u0161tempt\u0173 grynos medviln\u0117s drobi\u0173 (230g\/m\u00b2) \u201eReeves\u201c sud\u0117tyje n\u0117ra r\u016bg\u0161\u010di\u0173, jos yra nugruntuotos du kartus ir pritvirtintos kitoje r\u0117mo pus\u0117je. Pavir\u0161ius yra paruo\u0161tas ir tiesiog laukia, kada u\u017etepsite aliejinius arba akrilinius da\u017eus. Nesvarbu, kuo tapysite \u2013 teptukais ar mentel\u0117mis, jauskit\u0117s dr\u0105siai ir numal\u0161inkite k\u016brybin\u012f jaudul\u012f! Rinkinyje yra medin\u0117s kalad\u0117l\u0117s drob\u0117s \u012ftempimui reguliuoti.","og_url":"https:\/\/hobstop.ee\/lt\/produktas\/drobe-ant-remo-reeves-medvilne\/","og_site_name":"Skizze","article_publisher":"http:\/\/www.facebook.com\/VunderSkizze","twitter_card":"summary_large_image","schema":{"@context":"https:\/\/schema.org","@graph":[{"@type":"WebPage","@id":"https:\/\/hobstop.ee\/lt\/produktas\/drobe-ant-remo-reeves-medvilne\/","url":"https:\/\/hobstop.ee\/lt\/produktas\/drobe-ant-remo-reeves-medvilne\/","name":"Drob\u0117 ant r\u0117mo Reeves medviln\u0117 &#8211; Skizze","isPartOf":{"@id":"https:\/\/hobstop.ee\/lt\/#website"},"datePublished":"2017-09-26T08:18:15+00:00","dateModified":"2017-09-26T08:18:15+00:00","breadcrumb":{"@id":"https:\/\/hobstop.ee\/lt\/produktas\/drobe-ant-remo-reeves-medvilne\/#breadcrumb"},"inLanguage":"lt","potentialAction":[{"@type":"ReadAction","target":["https:\/\/hobstop.ee\/lt\/produktas\/drobe-ant-remo-reeves-medvilne\/"]}]},{"@type":"BreadcrumbList","@id":"https:\/\/hobstop.ee\/lt\/produktas\/drobe-ant-remo-reeves-medvilne\/#breadcrumb","itemListElement":[{"@type":"ListItem","position":1,"name":"Avaleht","item":"https:\/\/hobstop.ee\/lt\/"},{"@type":"ListItem","position":2,"name":"Parduotuv\u0117","item":"https:\/\/hobstop.ee\/lt\/parduotuve\/"},{"@type":"ListItem","position":3,"name":"Drob\u0117 ant r\u0117mo Reeves medviln\u0117"}]},{"@type":"WebSite","@id":"https:\/\/hobstop.ee\/lt\/#website","url":"https:\/\/hobstop.ee\/lt\/","name":"Skizze","description":"Dail\u0117s, pom\u0117gi\u0173 ir mokykliniai reikm\u0117nys","publisher":{"@id":"https:\/\/hobstop.ee\/lt\/#organization"},"potentialAction":[{"@type":"SearchAction","target":{"@type":"EntryPoint","urlTemplate":"https:\/\/hobstop.ee\/lt\/?s={search_term_string}"},"query-input":{"@type":"PropertyValueSpecification","valueRequired":true,"valueName":"search_term_string"}}],"inLanguage":"lt"},{"@type":"Organization","@id":"https:\/\/hobstop.ee\/lt\/#organization","name":"Vunder AS","url":"https:\/\/hobstop.ee\/lt\/","logo":{"@type":"ImageObject","inLanguage":"lt","@id":"https:\/\/hobstop.ee\/lt\/#\/schema\/logo\/image\/","url":"https:\/\/hobstop.ee\/media\/vunder-logo.png","contentUrl":"https:\/\/hobstop.ee\/media\/vunder-logo.png","width":127,"height":55,"caption":"Vunder AS"},"image":{"@id":"https:\/\/hobstop.ee\/lt\/#\/schema\/logo\/image\/"},"sameAs":["http:\/\/www.facebook.com\/VunderSkizze"]}]}},"_links":{"self":[{"href":"https:\/\/hobstop.ee\/lt\/wp-json\/wp\/v2\/product\/295429","targetHints":{"allow":["GET"]}}],"collection":[{"href":"https:\/\/hobstop.ee\/lt\/wp-json\/wp\/v2\/product"}],"about":[{"href":"https:\/\/hobstop.ee\/lt\/wp-json\/wp\/v2\/types\/product"}],"replies":[{"embeddable":true,"href":"https:\/\/hobstop.ee\/lt\/wp-json\/wp\/v2\/comments?post=295429"}],"wp:attachment":[{"href":"https:\/\/hobstop.ee\/lt\/wp-json\/wp\/v2\/media?parent=295429"}],"wp:term":[{"taxonomy":"product_cat","embeddable":true,"href":"https:\/\/hobstop.ee\/lt\/wp-json\/wp\/v2\/product_cat?post=295429"},{"taxonomy":"product_tag","embeddable":true,"href":"https:\/\/hobstop.ee\/lt\/wp-json\/wp\/v2\/product_tag?post=295429"}],"curies":[{"name":"wp","href":"https:\/\/api.w.org\/{rel}","templated":true}]}}