{"id":295433,"date":"2017-09-26T11:18:16","date_gmt":"2017-09-26T08:18:16","guid":{"rendered":"https:\/\/sharks.ee\/vunder_2019\/lt\/product\/drobe-ant-remo-lb-classic-medvilne\/"},"modified":"2017-09-26T11:18:16","modified_gmt":"2017-09-26T08:18:16","slug":"drobe-ant-remo-lb-classic-medvilne","status":"publish","type":"product","link":"https:\/\/hobstop.ee\/lt\/produktas\/drobe-ant-remo-lb-classic-medvilne\/","title":{"rendered":"Drob\u0117 ant r\u0117mo LB Classic medviln\u0117"},"content":{"rendered":"<p>Nuo 1720 m. firma \u201eLefranc Bourgeois\u201c yra \u017einoma savo dailininkams skirtais da\u017eais, med\u017eiagomis ir \u012frankiais. \u201eLefranc Bourgeois\u201c temptos drob\u0117s yra gaminamos pagal de\u0161imtme\u010dius nusistov\u0117jusius standartus. Jos yra \u012ftempiamos rankomis ir kruop\u0161\u010diai paruo\u0161tos, kad geriausiai i\u0161ry\u0161kint\u0173 spalvas. \u201eLefranc Bourgeois Classic Cotton\u201c ant por\u0117mi\u0173 i\u0161temptos grynos medviln\u0117s drob\u0117s (350 g\/m\u00b2) yra nugruntuotos auk\u0161tos pigmentacijos puikiai dengian\u010diu ir spalvas i\u0161ry\u0161kinan\u010diu titano dioksido \u201egesso\u201c gruntu. Krosnyje d\u017eiovintos \u012ftempimo lystel\u0117s yra pagamintos i\u0161 egl\u0117s medienos, tod\u0117l yra atsparios dr\u0117gmei ir deformacijai. Tradiciniu ir profesionaliu b\u016bdu \u0161onuose vinimis sukaltos ir tinkamai rankomis \u012ftemptos drob\u0117s. Archyvavimo kokyb\u0117, sud\u0117tyje n\u0117ra r\u016bg\u0161\u010di\u0173, tod\u0117l labai ilgaam\u017e\u0117s. Rinkinyje yra medin\u0117s kalad\u0117l\u0117s drob\u0117s \u012ftempimui reguliuoti. Tinka tapyti aliejiniais ir akriliniais da\u017eais.<\/p>\n","protected":false},"excerpt":{"rendered":"<p>Nuo 1720 m. firma \u201eLefranc Bourgeois\u201c yra \u017einoma savo dailininkams skirtais da\u017eais, med\u017eiagomis ir \u012frankiais. \u201eLefranc Bourgeois\u201c temptos drob\u0117s yra gaminamos pagal de\u0161imtme\u010dius nusistov\u0117jusius standartus. Jos yra \u012ftempiamos rankomis ir kruop\u0161\u010diai paruo\u0161tos, kad geriausiai i\u0161ry\u0161kint\u0173 spalvas. \u201eLefranc Bourgeois Classic Cotton\u201c ant por\u0117mi\u0173 i\u0161temptos grynos medviln\u0117s drob\u0117s (350 g\/m\u00b2) yra nugruntuotos auk\u0161tos pigmentacijos puikiai dengian\u010diu ir spalvas i\u0161ry\u0161kinan\u010diu titano dioksido \u201egesso\u201c gruntu. Krosnyje d\u017eiovintos \u012ftempimo lystel\u0117s yra pagamintos i\u0161 egl\u0117s medienos, tod\u0117l yra atsparios dr\u0117gmei ir deformacijai. Tradiciniu ir profesionaliu b\u016bdu \u0161onuose vinimis sukaltos ir tinkamai rankomis \u012ftemptos drob\u0117s. Archyvavimo kokyb\u0117, sud\u0117tyje n\u0117ra r\u016bg\u0161\u010di\u0173, tod\u0117l labai ilgaam\u017e\u0117s. Rinkinyje yra medin\u0117s kalad\u0117l\u0117s drob\u0117s \u012ftempimui reguliuoti. Tinka tapyti aliejiniais ir akriliniais da\u017eais.<\/p>\n","protected":false},"featured_media":295881,"comment_status":"closed","ping_status":"closed","template":"","meta":{"_acf_changed":false,"ep_exclude_from_search":false},"product_cat":[16124,17978,18348],"product_tag":[],"class_list":{"0":"post-295433","1":"product","2":"type-product","3":"status-publish","4":"has-post-thumbnail","6":"product_cat-dailes-prekes","7":"product_cat-drobes-ir-tapybos-priedai","8":"product_cat-istemptos-drobes","10":"first","11":"instock","12":"taxable","13":"shipping-taxable","14":"purchasable","15":"product-type-simple"},"acf":[],"yoast_head":"<!-- This site is optimized with the Yoast SEO plugin v24.1 - https:\/\/yoast.com\/wordpress\/plugins\/seo\/ -->\n<title>Drob\u0117 ant r\u0117mo LB Classic medviln\u0117 &#8211; Skizze<\/title>\n<meta name=\"robots\" content=\"noindex, follow, max-snippet:-1, max-image-preview:large, max-video-preview:-1\" \/>\n<meta property=\"og:locale\" content=\"lt_LT\" \/>\n<meta property=\"og:type\" content=\"article\" \/>\n<meta property=\"og:title\" content=\"Drob\u0117 ant r\u0117mo LB Classic medviln\u0117 &#8211; Skizze\" \/>\n<meta property=\"og:description\" content=\"Nuo 1720 m. firma \u201eLefranc Bourgeois\u201c yra \u017einoma savo dailininkams skirtais da\u017eais, med\u017eiagomis ir \u012frankiais. \u201eLefranc Bourgeois\u201c temptos drob\u0117s yra gaminamos pagal de\u0161imtme\u010dius nusistov\u0117jusius standartus. Jos yra \u012ftempiamos rankomis ir kruop\u0161\u010diai paruo\u0161tos, kad geriausiai i\u0161ry\u0161kint\u0173 spalvas. \u201eLefranc Bourgeois Classic Cotton\u201c ant por\u0117mi\u0173 i\u0161temptos grynos medviln\u0117s drob\u0117s (350 g\/m\u00b2) yra nugruntuotos auk\u0161tos pigmentacijos puikiai dengian\u010diu ir spalvas i\u0161ry\u0161kinan\u010diu titano dioksido \u201egesso\u201c gruntu. Krosnyje d\u017eiovintos \u012ftempimo lystel\u0117s yra pagamintos i\u0161 egl\u0117s medienos, tod\u0117l yra atsparios dr\u0117gmei ir deformacijai. Tradiciniu ir profesionaliu b\u016bdu \u0161onuose vinimis sukaltos ir tinkamai rankomis \u012ftemptos drob\u0117s. Archyvavimo kokyb\u0117, sud\u0117tyje n\u0117ra r\u016bg\u0161\u010di\u0173, tod\u0117l labai ilgaam\u017e\u0117s. Rinkinyje yra medin\u0117s kalad\u0117l\u0117s drob\u0117s \u012ftempimui reguliuoti. Tinka tapyti aliejiniais ir akriliniais da\u017eais.\" \/>\n<meta property=\"og:url\" content=\"https:\/\/hobstop.ee\/lt\/produktas\/drobe-ant-remo-lb-classic-medvilne\/\" \/>\n<meta property=\"og:site_name\" content=\"Skizze\" \/>\n<meta property=\"article:publisher\" content=\"http:\/\/www.facebook.com\/VunderSkizze\" \/>\n<meta property=\"og:image\" content=\"https:\/\/hobstop.ee\/media\/4645.jpg\" \/>\n\t<meta property=\"og:image:width\" content=\"1024\" \/>\n\t<meta property=\"og:image:height\" content=\"768\" \/>\n\t<meta property=\"og:image:type\" content=\"image\/jpeg\" \/>\n<meta name=\"twitter:card\" content=\"summary_large_image\" \/>\n<meta name=\"twitter:label1\" content=\"Est. reading time\" \/>\n\t<meta name=\"twitter:data1\" content=\"1 minute\" \/>\n<script type=\"application\/ld+json\" class=\"yoast-schema-graph\">{\"@context\":\"https:\/\/schema.org\",\"@graph\":[{\"@type\":\"WebPage\",\"@id\":\"https:\/\/hobstop.ee\/lt\/produktas\/drobe-ant-remo-lb-classic-medvilne\/\",\"url\":\"https:\/\/hobstop.ee\/lt\/produktas\/drobe-ant-remo-lb-classic-medvilne\/\",\"name\":\"Drob\u0117 ant r\u0117mo LB Classic medviln\u0117 &#8211; Skizze\",\"isPartOf\":{\"@id\":\"https:\/\/hobstop.ee\/lt\/#website\"},\"primaryImageOfPage\":{\"@id\":\"https:\/\/hobstop.ee\/lt\/produktas\/drobe-ant-remo-lb-classic-medvilne\/#primaryimage\"},\"image\":{\"@id\":\"https:\/\/hobstop.ee\/lt\/produktas\/drobe-ant-remo-lb-classic-medvilne\/#primaryimage\"},\"thumbnailUrl\":\"https:\/\/hobstop.ee\/media\/4645.jpg\",\"datePublished\":\"2017-09-26T08:18:16+00:00\",\"dateModified\":\"2017-09-26T08:18:16+00:00\",\"breadcrumb\":{\"@id\":\"https:\/\/hobstop.ee\/lt\/produktas\/drobe-ant-remo-lb-classic-medvilne\/#breadcrumb\"},\"inLanguage\":\"lt\",\"potentialAction\":[{\"@type\":\"ReadAction\",\"target\":[\"https:\/\/hobstop.ee\/lt\/produktas\/drobe-ant-remo-lb-classic-medvilne\/\"]}]},{\"@type\":\"ImageObject\",\"inLanguage\":\"lt\",\"@id\":\"https:\/\/hobstop.ee\/lt\/produktas\/drobe-ant-remo-lb-classic-medvilne\/#primaryimage\",\"url\":\"https:\/\/hobstop.ee\/media\/4645.jpg\",\"contentUrl\":\"https:\/\/hobstop.ee\/media\/4645.jpg\",\"width\":1024,\"height\":768},{\"@type\":\"BreadcrumbList\",\"@id\":\"https:\/\/hobstop.ee\/lt\/produktas\/drobe-ant-remo-lb-classic-medvilne\/#breadcrumb\",\"itemListElement\":[{\"@type\":\"ListItem\",\"position\":1,\"name\":\"Avaleht\",\"item\":\"https:\/\/hobstop.ee\/lt\/\"},{\"@type\":\"ListItem\",\"position\":2,\"name\":\"Parduotuv\u0117\",\"item\":\"https:\/\/hobstop.ee\/lt\/parduotuve\/\"},{\"@type\":\"ListItem\",\"position\":3,\"name\":\"Drob\u0117 ant r\u0117mo LB Classic medviln\u0117\"}]},{\"@type\":\"WebSite\",\"@id\":\"https:\/\/hobstop.ee\/lt\/#website\",\"url\":\"https:\/\/hobstop.ee\/lt\/\",\"name\":\"Skizze\",\"description\":\"Dail\u0117s, pom\u0117gi\u0173 ir mokykliniai reikm\u0117nys\",\"publisher\":{\"@id\":\"https:\/\/hobstop.ee\/lt\/#organization\"},\"potentialAction\":[{\"@type\":\"SearchAction\",\"target\":{\"@type\":\"EntryPoint\",\"urlTemplate\":\"https:\/\/hobstop.ee\/lt\/?s={search_term_string}\"},\"query-input\":{\"@type\":\"PropertyValueSpecification\",\"valueRequired\":true,\"valueName\":\"search_term_string\"}}],\"inLanguage\":\"lt\"},{\"@type\":\"Organization\",\"@id\":\"https:\/\/hobstop.ee\/lt\/#organization\",\"name\":\"Vunder AS\",\"url\":\"https:\/\/hobstop.ee\/lt\/\",\"logo\":{\"@type\":\"ImageObject\",\"inLanguage\":\"lt\",\"@id\":\"https:\/\/hobstop.ee\/lt\/#\/schema\/logo\/image\/\",\"url\":\"https:\/\/hobstop.ee\/media\/vunder-logo.png\",\"contentUrl\":\"https:\/\/hobstop.ee\/media\/vunder-logo.png\",\"width\":127,\"height\":55,\"caption\":\"Vunder AS\"},\"image\":{\"@id\":\"https:\/\/hobstop.ee\/lt\/#\/schema\/logo\/image\/\"},\"sameAs\":[\"http:\/\/www.facebook.com\/VunderSkizze\"]}]}<\/script>\n<!-- \/ Yoast SEO plugin. -->","yoast_head_json":{"title":"Drob\u0117 ant r\u0117mo LB Classic medviln\u0117 &#8211; Skizze","robots":{"index":"noindex","follow":"follow","max-snippet":"max-snippet:-1","max-image-preview":"max-image-preview:large","max-video-preview":"max-video-preview:-1"},"og_locale":"lt_LT","og_type":"article","og_title":"Drob\u0117 ant r\u0117mo LB Classic medviln\u0117 &#8211; Skizze","og_description":"Nuo 1720 m. firma \u201eLefranc Bourgeois\u201c yra \u017einoma savo dailininkams skirtais da\u017eais, med\u017eiagomis ir \u012frankiais. \u201eLefranc Bourgeois\u201c temptos drob\u0117s yra gaminamos pagal de\u0161imtme\u010dius nusistov\u0117jusius standartus. Jos yra \u012ftempiamos rankomis ir kruop\u0161\u010diai paruo\u0161tos, kad geriausiai i\u0161ry\u0161kint\u0173 spalvas. \u201eLefranc Bourgeois Classic Cotton\u201c ant por\u0117mi\u0173 i\u0161temptos grynos medviln\u0117s drob\u0117s (350 g\/m\u00b2) yra nugruntuotos auk\u0161tos pigmentacijos puikiai dengian\u010diu ir spalvas i\u0161ry\u0161kinan\u010diu titano dioksido \u201egesso\u201c gruntu. Krosnyje d\u017eiovintos \u012ftempimo lystel\u0117s yra pagamintos i\u0161 egl\u0117s medienos, tod\u0117l yra atsparios dr\u0117gmei ir deformacijai. Tradiciniu ir profesionaliu b\u016bdu \u0161onuose vinimis sukaltos ir tinkamai rankomis \u012ftemptos drob\u0117s. Archyvavimo kokyb\u0117, sud\u0117tyje n\u0117ra r\u016bg\u0161\u010di\u0173, tod\u0117l labai ilgaam\u017e\u0117s. Rinkinyje yra medin\u0117s kalad\u0117l\u0117s drob\u0117s \u012ftempimui reguliuoti. Tinka tapyti aliejiniais ir akriliniais da\u017eais.","og_url":"https:\/\/hobstop.ee\/lt\/produktas\/drobe-ant-remo-lb-classic-medvilne\/","og_site_name":"Skizze","article_publisher":"http:\/\/www.facebook.com\/VunderSkizze","og_image":[{"width":1024,"height":768,"url":"https:\/\/hobstop.ee\/media\/4645.jpg","type":"image\/jpeg"}],"twitter_card":"summary_large_image","twitter_misc":{"Est. reading time":"1 minute"},"schema":{"@context":"https:\/\/schema.org","@graph":[{"@type":"WebPage","@id":"https:\/\/hobstop.ee\/lt\/produktas\/drobe-ant-remo-lb-classic-medvilne\/","url":"https:\/\/hobstop.ee\/lt\/produktas\/drobe-ant-remo-lb-classic-medvilne\/","name":"Drob\u0117 ant r\u0117mo LB Classic medviln\u0117 &#8211; Skizze","isPartOf":{"@id":"https:\/\/hobstop.ee\/lt\/#website"},"primaryImageOfPage":{"@id":"https:\/\/hobstop.ee\/lt\/produktas\/drobe-ant-remo-lb-classic-medvilne\/#primaryimage"},"image":{"@id":"https:\/\/hobstop.ee\/lt\/produktas\/drobe-ant-remo-lb-classic-medvilne\/#primaryimage"},"thumbnailUrl":"https:\/\/hobstop.ee\/media\/4645.jpg","datePublished":"2017-09-26T08:18:16+00:00","dateModified":"2017-09-26T08:18:16+00:00","breadcrumb":{"@id":"https:\/\/hobstop.ee\/lt\/produktas\/drobe-ant-remo-lb-classic-medvilne\/#breadcrumb"},"inLanguage":"lt","potentialAction":[{"@type":"ReadAction","target":["https:\/\/hobstop.ee\/lt\/produktas\/drobe-ant-remo-lb-classic-medvilne\/"]}]},{"@type":"ImageObject","inLanguage":"lt","@id":"https:\/\/hobstop.ee\/lt\/produktas\/drobe-ant-remo-lb-classic-medvilne\/#primaryimage","url":"https:\/\/hobstop.ee\/media\/4645.jpg","contentUrl":"https:\/\/hobstop.ee\/media\/4645.jpg","width":1024,"height":768},{"@type":"BreadcrumbList","@id":"https:\/\/hobstop.ee\/lt\/produktas\/drobe-ant-remo-lb-classic-medvilne\/#breadcrumb","itemListElement":[{"@type":"ListItem","position":1,"name":"Avaleht","item":"https:\/\/hobstop.ee\/lt\/"},{"@type":"ListItem","position":2,"name":"Parduotuv\u0117","item":"https:\/\/hobstop.ee\/lt\/parduotuve\/"},{"@type":"ListItem","position":3,"name":"Drob\u0117 ant r\u0117mo LB Classic medviln\u0117"}]},{"@type":"WebSite","@id":"https:\/\/hobstop.ee\/lt\/#website","url":"https:\/\/hobstop.ee\/lt\/","name":"Skizze","description":"Dail\u0117s, pom\u0117gi\u0173 ir mokykliniai reikm\u0117nys","publisher":{"@id":"https:\/\/hobstop.ee\/lt\/#organization"},"potentialAction":[{"@type":"SearchAction","target":{"@type":"EntryPoint","urlTemplate":"https:\/\/hobstop.ee\/lt\/?s={search_term_string}"},"query-input":{"@type":"PropertyValueSpecification","valueRequired":true,"valueName":"search_term_string"}}],"inLanguage":"lt"},{"@type":"Organization","@id":"https:\/\/hobstop.ee\/lt\/#organization","name":"Vunder AS","url":"https:\/\/hobstop.ee\/lt\/","logo":{"@type":"ImageObject","inLanguage":"lt","@id":"https:\/\/hobstop.ee\/lt\/#\/schema\/logo\/image\/","url":"https:\/\/hobstop.ee\/media\/vunder-logo.png","contentUrl":"https:\/\/hobstop.ee\/media\/vunder-logo.png","width":127,"height":55,"caption":"Vunder AS"},"image":{"@id":"https:\/\/hobstop.ee\/lt\/#\/schema\/logo\/image\/"},"sameAs":["http:\/\/www.facebook.com\/VunderSkizze"]}]}},"_links":{"self":[{"href":"https:\/\/hobstop.ee\/lt\/wp-json\/wp\/v2\/product\/295433","targetHints":{"allow":["GET"]}}],"collection":[{"href":"https:\/\/hobstop.ee\/lt\/wp-json\/wp\/v2\/product"}],"about":[{"href":"https:\/\/hobstop.ee\/lt\/wp-json\/wp\/v2\/types\/product"}],"replies":[{"embeddable":true,"href":"https:\/\/hobstop.ee\/lt\/wp-json\/wp\/v2\/comments?post=295433"}],"wp:featuredmedia":[{"embeddable":true,"href":"https:\/\/hobstop.ee\/lt\/wp-json\/wp\/v2\/media\/295881"}],"wp:attachment":[{"href":"https:\/\/hobstop.ee\/lt\/wp-json\/wp\/v2\/media?parent=295433"}],"wp:term":[{"taxonomy":"product_cat","embeddable":true,"href":"https:\/\/hobstop.ee\/lt\/wp-json\/wp\/v2\/product_cat?post=295433"},{"taxonomy":"product_tag","embeddable":true,"href":"https:\/\/hobstop.ee\/lt\/wp-json\/wp\/v2\/product_tag?post=295433"}],"curies":[{"name":"wp","href":"https:\/\/api.w.org\/{rel}","templated":true}]}}