{"id":295437,"date":"2017-09-26T11:18:17","date_gmt":"2017-09-26T08:18:17","guid":{"rendered":"https:\/\/sharks.ee\/vunder_2019\/lt\/product\/drobe-ant-remo-winsornewton-classic-medvilne-gilus-remas\/"},"modified":"2017-09-26T11:18:17","modified_gmt":"2017-09-26T08:18:17","slug":"drobe-ant-remo-winsornewton-classic-medvilne-gilus-remas","status":"publish","type":"product","link":"https:\/\/hobstop.ee\/lt\/produktas\/drobe-ant-remo-winsornewton-classic-medvilne-gilus-remas\/","title":{"rendered":"Drob\u0117 ant r\u0117mo Winsor&#038;Newton Classic medviln\u0117 gilus r\u0117mas"},"content":{"rendered":"<p>Nuo pat 1832 m. firma \u201eWinsor&#038;Newton\u201c nepaliaujamai darbuojasi pad\u0117dama dailininkams sukurti nuostabiausius darbus. \u201eWinsor&#038;Newton\u201c drob\u0117s yra pa\u010dios auk\u0161\u010diausios kokyb\u0117s, tod\u0117l niekada nenuvils. Visos drob\u0117s yra pagamintos i\u0161 nepriekai\u0161tingo geriausios kokyb\u0117s audinio, kruop\u0161\u010diai i\u0161temptos rankomis ir idealiai i\u0161lygintais kampais. Profesionaliai sukalti r\u0117mai yra pagaminti i\u0161 krosnyje d\u017eiovinto medienos masyvo ir kruop\u0161\u010diai i\u0161bandyti nuo deformacijos. \u201eGesso\u201c gruntas, kuriame yra gausu pigmento, o sud\u0117tyje n\u0117ra r\u016bg\u010di\u0173, puikiai padengia muziejin\u0117s kokyb\u0117s drob\u0119, kuri puikiai reaguoja \u012f kiekvien\u0105 teptuko pot\u0117p\u012f. Subalansuotos grunto kibumo savyb\u0117s ir \u012fgeriamumas pagerina sukibim\u0105 ir nuostabiai pagyvina spalvas. \u201eWinsor&#038;Newton Classic\u201c por\u0117mis yra pagamintas i\u0161 egl\u0117s medienos \u012ftempta med\u017eiaga (350g\/m\u00b2 drob\u0117) yra vidutin\u0117s tekst\u016bros, idealiai tinka tapybai aliejiniais arba akriliniais da\u017eais. Rinkinyje yra medin\u0117s kalad\u0117l\u0117s drob\u0117s \u012ftempimui reguliuoti.<\/p>\n","protected":false},"excerpt":{"rendered":"<p>Nuo pat 1832 m. firma \u201eWinsor&#038;Newton\u201c nepaliaujamai darbuojasi pad\u0117dama dailininkams sukurti nuostabiausius darbus. \u201eWinsor&#038;Newton\u201c drob\u0117s yra pa\u010dios auk\u0161\u010diausios kokyb\u0117s, tod\u0117l niekada nenuvils. Visos drob\u0117s yra pagamintos i\u0161 nepriekai\u0161tingo geriausios kokyb\u0117s audinio, kruop\u0161\u010diai i\u0161temptos rankomis ir idealiai i\u0161lygintais kampais. Profesionaliai sukalti r\u0117mai yra pagaminti i\u0161 krosnyje d\u017eiovinto medienos masyvo ir kruop\u0161\u010diai i\u0161bandyti nuo deformacijos. \u201eGesso\u201c gruntas, kuriame yra gausu pigmento, o sud\u0117tyje n\u0117ra r\u016bg\u010di\u0173, puikiai padengia muziejin\u0117s kokyb\u0117s drob\u0119, kuri puikiai reaguoja \u012f kiekvien\u0105 teptuko pot\u0117p\u012f. Subalansuotos grunto kibumo savyb\u0117s ir \u012fgeriamumas pagerina sukibim\u0105 ir nuostabiai pagyvina spalvas. \u201eWinsor&#038;Newton Classic\u201c por\u0117mis yra pagamintas i\u0161 egl\u0117s medienos \u012ftempta med\u017eiaga (350g\/m\u00b2 drob\u0117) yra vidutin\u0117s tekst\u016bros, idealiai tinka tapybai aliejiniais arba akriliniais da\u017eais. Rinkinyje yra medin\u0117s kalad\u0117l\u0117s drob\u0117s \u012ftempimui reguliuoti.<\/p>\n","protected":false},"featured_media":295885,"comment_status":"closed","ping_status":"closed","template":"","meta":{"_acf_changed":false,"ep_exclude_from_search":false},"product_cat":[16124,17978,18348],"product_tag":[],"class_list":{"0":"post-295437","1":"product","2":"type-product","3":"status-publish","4":"has-post-thumbnail","6":"product_cat-dailes-prekes","7":"product_cat-drobes-ir-tapybos-priedai","8":"product_cat-istemptos-drobes","10":"first","11":"instock","12":"taxable","13":"shipping-taxable","14":"purchasable","15":"product-type-simple"},"acf":[],"yoast_head":"<!-- This site is optimized with the Yoast SEO plugin v24.1 - https:\/\/yoast.com\/wordpress\/plugins\/seo\/ -->\n<title>Drob\u0117 ant r\u0117mo Winsor&amp;Newton Classic medviln\u0117 gilus r\u0117mas &#8211; Skizze<\/title>\n<meta name=\"robots\" content=\"noindex, follow, max-snippet:-1, max-image-preview:large, max-video-preview:-1\" \/>\n<meta property=\"og:locale\" content=\"lt_LT\" \/>\n<meta property=\"og:type\" content=\"article\" \/>\n<meta property=\"og:title\" content=\"Drob\u0117 ant r\u0117mo Winsor&amp;Newton Classic medviln\u0117 gilus r\u0117mas &#8211; Skizze\" \/>\n<meta property=\"og:description\" content=\"Nuo pat 1832 m. firma \u201eWinsor&#038;Newton\u201c nepaliaujamai darbuojasi pad\u0117dama dailininkams sukurti nuostabiausius darbus. \u201eWinsor&#038;Newton\u201c drob\u0117s yra pa\u010dios auk\u0161\u010diausios kokyb\u0117s, tod\u0117l niekada nenuvils. Visos drob\u0117s yra pagamintos i\u0161 nepriekai\u0161tingo geriausios kokyb\u0117s audinio, kruop\u0161\u010diai i\u0161temptos rankomis ir idealiai i\u0161lygintais kampais. Profesionaliai sukalti r\u0117mai yra pagaminti i\u0161 krosnyje d\u017eiovinto medienos masyvo ir kruop\u0161\u010diai i\u0161bandyti nuo deformacijos. \u201eGesso\u201c gruntas, kuriame yra gausu pigmento, o sud\u0117tyje n\u0117ra r\u016bg\u010di\u0173, puikiai padengia muziejin\u0117s kokyb\u0117s drob\u0119, kuri puikiai reaguoja \u012f kiekvien\u0105 teptuko pot\u0117p\u012f. Subalansuotos grunto kibumo savyb\u0117s ir \u012fgeriamumas pagerina sukibim\u0105 ir nuostabiai pagyvina spalvas. \u201eWinsor&#038;Newton Classic\u201c por\u0117mis yra pagamintas i\u0161 egl\u0117s medienos \u012ftempta med\u017eiaga (350g\/m\u00b2 drob\u0117) yra vidutin\u0117s tekst\u016bros, idealiai tinka tapybai aliejiniais arba akriliniais da\u017eais. Rinkinyje yra medin\u0117s kalad\u0117l\u0117s drob\u0117s \u012ftempimui reguliuoti.\" \/>\n<meta property=\"og:url\" content=\"https:\/\/hobstop.ee\/lt\/produktas\/drobe-ant-remo-winsornewton-classic-medvilne-gilus-remas\/\" \/>\n<meta property=\"og:site_name\" content=\"Skizze\" \/>\n<meta property=\"article:publisher\" content=\"http:\/\/www.facebook.com\/VunderSkizze\" \/>\n<meta property=\"og:image\" content=\"https:\/\/hobstop.ee\/media\/4646.jpg\" \/>\n\t<meta property=\"og:image:width\" content=\"1024\" \/>\n\t<meta property=\"og:image:height\" content=\"768\" \/>\n\t<meta property=\"og:image:type\" content=\"image\/jpeg\" \/>\n<meta name=\"twitter:card\" content=\"summary_large_image\" \/>\n<meta name=\"twitter:label1\" content=\"Est. reading time\" \/>\n\t<meta name=\"twitter:data1\" content=\"1 minute\" \/>\n<script type=\"application\/ld+json\" class=\"yoast-schema-graph\">{\"@context\":\"https:\/\/schema.org\",\"@graph\":[{\"@type\":\"WebPage\",\"@id\":\"https:\/\/hobstop.ee\/lt\/produktas\/drobe-ant-remo-winsornewton-classic-medvilne-gilus-remas\/\",\"url\":\"https:\/\/hobstop.ee\/lt\/produktas\/drobe-ant-remo-winsornewton-classic-medvilne-gilus-remas\/\",\"name\":\"Drob\u0117 ant r\u0117mo Winsor&Newton Classic medviln\u0117 gilus r\u0117mas &#8211; Skizze\",\"isPartOf\":{\"@id\":\"https:\/\/hobstop.ee\/lt\/#website\"},\"primaryImageOfPage\":{\"@id\":\"https:\/\/hobstop.ee\/lt\/produktas\/drobe-ant-remo-winsornewton-classic-medvilne-gilus-remas\/#primaryimage\"},\"image\":{\"@id\":\"https:\/\/hobstop.ee\/lt\/produktas\/drobe-ant-remo-winsornewton-classic-medvilne-gilus-remas\/#primaryimage\"},\"thumbnailUrl\":\"https:\/\/hobstop.ee\/media\/4646.jpg\",\"datePublished\":\"2017-09-26T08:18:17+00:00\",\"dateModified\":\"2017-09-26T08:18:17+00:00\",\"breadcrumb\":{\"@id\":\"https:\/\/hobstop.ee\/lt\/produktas\/drobe-ant-remo-winsornewton-classic-medvilne-gilus-remas\/#breadcrumb\"},\"inLanguage\":\"lt\",\"potentialAction\":[{\"@type\":\"ReadAction\",\"target\":[\"https:\/\/hobstop.ee\/lt\/produktas\/drobe-ant-remo-winsornewton-classic-medvilne-gilus-remas\/\"]}]},{\"@type\":\"ImageObject\",\"inLanguage\":\"lt\",\"@id\":\"https:\/\/hobstop.ee\/lt\/produktas\/drobe-ant-remo-winsornewton-classic-medvilne-gilus-remas\/#primaryimage\",\"url\":\"https:\/\/hobstop.ee\/media\/4646.jpg\",\"contentUrl\":\"https:\/\/hobstop.ee\/media\/4646.jpg\",\"width\":1024,\"height\":768},{\"@type\":\"BreadcrumbList\",\"@id\":\"https:\/\/hobstop.ee\/lt\/produktas\/drobe-ant-remo-winsornewton-classic-medvilne-gilus-remas\/#breadcrumb\",\"itemListElement\":[{\"@type\":\"ListItem\",\"position\":1,\"name\":\"Avaleht\",\"item\":\"https:\/\/hobstop.ee\/lt\/\"},{\"@type\":\"ListItem\",\"position\":2,\"name\":\"Parduotuv\u0117\",\"item\":\"https:\/\/hobstop.ee\/lt\/parduotuve\/\"},{\"@type\":\"ListItem\",\"position\":3,\"name\":\"Drob\u0117 ant r\u0117mo Winsor&#038;Newton Classic medviln\u0117 gilus r\u0117mas\"}]},{\"@type\":\"WebSite\",\"@id\":\"https:\/\/hobstop.ee\/lt\/#website\",\"url\":\"https:\/\/hobstop.ee\/lt\/\",\"name\":\"Skizze\",\"description\":\"Dail\u0117s, pom\u0117gi\u0173 ir mokykliniai reikm\u0117nys\",\"publisher\":{\"@id\":\"https:\/\/hobstop.ee\/lt\/#organization\"},\"potentialAction\":[{\"@type\":\"SearchAction\",\"target\":{\"@type\":\"EntryPoint\",\"urlTemplate\":\"https:\/\/hobstop.ee\/lt\/?s={search_term_string}\"},\"query-input\":{\"@type\":\"PropertyValueSpecification\",\"valueRequired\":true,\"valueName\":\"search_term_string\"}}],\"inLanguage\":\"lt\"},{\"@type\":\"Organization\",\"@id\":\"https:\/\/hobstop.ee\/lt\/#organization\",\"name\":\"Vunder AS\",\"url\":\"https:\/\/hobstop.ee\/lt\/\",\"logo\":{\"@type\":\"ImageObject\",\"inLanguage\":\"lt\",\"@id\":\"https:\/\/hobstop.ee\/lt\/#\/schema\/logo\/image\/\",\"url\":\"https:\/\/hobstop.ee\/media\/vunder-logo.png\",\"contentUrl\":\"https:\/\/hobstop.ee\/media\/vunder-logo.png\",\"width\":127,\"height\":55,\"caption\":\"Vunder AS\"},\"image\":{\"@id\":\"https:\/\/hobstop.ee\/lt\/#\/schema\/logo\/image\/\"},\"sameAs\":[\"http:\/\/www.facebook.com\/VunderSkizze\"]}]}<\/script>\n<!-- \/ Yoast SEO plugin. -->","yoast_head_json":{"title":"Drob\u0117 ant r\u0117mo Winsor&Newton Classic medviln\u0117 gilus r\u0117mas &#8211; Skizze","robots":{"index":"noindex","follow":"follow","max-snippet":"max-snippet:-1","max-image-preview":"max-image-preview:large","max-video-preview":"max-video-preview:-1"},"og_locale":"lt_LT","og_type":"article","og_title":"Drob\u0117 ant r\u0117mo Winsor&Newton Classic medviln\u0117 gilus r\u0117mas &#8211; Skizze","og_description":"Nuo pat 1832 m. firma \u201eWinsor&#038;Newton\u201c nepaliaujamai darbuojasi pad\u0117dama dailininkams sukurti nuostabiausius darbus. \u201eWinsor&#038;Newton\u201c drob\u0117s yra pa\u010dios auk\u0161\u010diausios kokyb\u0117s, tod\u0117l niekada nenuvils. Visos drob\u0117s yra pagamintos i\u0161 nepriekai\u0161tingo geriausios kokyb\u0117s audinio, kruop\u0161\u010diai i\u0161temptos rankomis ir idealiai i\u0161lygintais kampais. Profesionaliai sukalti r\u0117mai yra pagaminti i\u0161 krosnyje d\u017eiovinto medienos masyvo ir kruop\u0161\u010diai i\u0161bandyti nuo deformacijos. \u201eGesso\u201c gruntas, kuriame yra gausu pigmento, o sud\u0117tyje n\u0117ra r\u016bg\u010di\u0173, puikiai padengia muziejin\u0117s kokyb\u0117s drob\u0119, kuri puikiai reaguoja \u012f kiekvien\u0105 teptuko pot\u0117p\u012f. Subalansuotos grunto kibumo savyb\u0117s ir \u012fgeriamumas pagerina sukibim\u0105 ir nuostabiai pagyvina spalvas. \u201eWinsor&#038;Newton Classic\u201c por\u0117mis yra pagamintas i\u0161 egl\u0117s medienos \u012ftempta med\u017eiaga (350g\/m\u00b2 drob\u0117) yra vidutin\u0117s tekst\u016bros, idealiai tinka tapybai aliejiniais arba akriliniais da\u017eais. Rinkinyje yra medin\u0117s kalad\u0117l\u0117s drob\u0117s \u012ftempimui reguliuoti.","og_url":"https:\/\/hobstop.ee\/lt\/produktas\/drobe-ant-remo-winsornewton-classic-medvilne-gilus-remas\/","og_site_name":"Skizze","article_publisher":"http:\/\/www.facebook.com\/VunderSkizze","og_image":[{"width":1024,"height":768,"url":"https:\/\/hobstop.ee\/media\/4646.jpg","type":"image\/jpeg"}],"twitter_card":"summary_large_image","twitter_misc":{"Est. reading time":"1 minute"},"schema":{"@context":"https:\/\/schema.org","@graph":[{"@type":"WebPage","@id":"https:\/\/hobstop.ee\/lt\/produktas\/drobe-ant-remo-winsornewton-classic-medvilne-gilus-remas\/","url":"https:\/\/hobstop.ee\/lt\/produktas\/drobe-ant-remo-winsornewton-classic-medvilne-gilus-remas\/","name":"Drob\u0117 ant r\u0117mo Winsor&Newton Classic medviln\u0117 gilus r\u0117mas &#8211; Skizze","isPartOf":{"@id":"https:\/\/hobstop.ee\/lt\/#website"},"primaryImageOfPage":{"@id":"https:\/\/hobstop.ee\/lt\/produktas\/drobe-ant-remo-winsornewton-classic-medvilne-gilus-remas\/#primaryimage"},"image":{"@id":"https:\/\/hobstop.ee\/lt\/produktas\/drobe-ant-remo-winsornewton-classic-medvilne-gilus-remas\/#primaryimage"},"thumbnailUrl":"https:\/\/hobstop.ee\/media\/4646.jpg","datePublished":"2017-09-26T08:18:17+00:00","dateModified":"2017-09-26T08:18:17+00:00","breadcrumb":{"@id":"https:\/\/hobstop.ee\/lt\/produktas\/drobe-ant-remo-winsornewton-classic-medvilne-gilus-remas\/#breadcrumb"},"inLanguage":"lt","potentialAction":[{"@type":"ReadAction","target":["https:\/\/hobstop.ee\/lt\/produktas\/drobe-ant-remo-winsornewton-classic-medvilne-gilus-remas\/"]}]},{"@type":"ImageObject","inLanguage":"lt","@id":"https:\/\/hobstop.ee\/lt\/produktas\/drobe-ant-remo-winsornewton-classic-medvilne-gilus-remas\/#primaryimage","url":"https:\/\/hobstop.ee\/media\/4646.jpg","contentUrl":"https:\/\/hobstop.ee\/media\/4646.jpg","width":1024,"height":768},{"@type":"BreadcrumbList","@id":"https:\/\/hobstop.ee\/lt\/produktas\/drobe-ant-remo-winsornewton-classic-medvilne-gilus-remas\/#breadcrumb","itemListElement":[{"@type":"ListItem","position":1,"name":"Avaleht","item":"https:\/\/hobstop.ee\/lt\/"},{"@type":"ListItem","position":2,"name":"Parduotuv\u0117","item":"https:\/\/hobstop.ee\/lt\/parduotuve\/"},{"@type":"ListItem","position":3,"name":"Drob\u0117 ant r\u0117mo Winsor&#038;Newton Classic medviln\u0117 gilus r\u0117mas"}]},{"@type":"WebSite","@id":"https:\/\/hobstop.ee\/lt\/#website","url":"https:\/\/hobstop.ee\/lt\/","name":"Skizze","description":"Dail\u0117s, pom\u0117gi\u0173 ir mokykliniai reikm\u0117nys","publisher":{"@id":"https:\/\/hobstop.ee\/lt\/#organization"},"potentialAction":[{"@type":"SearchAction","target":{"@type":"EntryPoint","urlTemplate":"https:\/\/hobstop.ee\/lt\/?s={search_term_string}"},"query-input":{"@type":"PropertyValueSpecification","valueRequired":true,"valueName":"search_term_string"}}],"inLanguage":"lt"},{"@type":"Organization","@id":"https:\/\/hobstop.ee\/lt\/#organization","name":"Vunder AS","url":"https:\/\/hobstop.ee\/lt\/","logo":{"@type":"ImageObject","inLanguage":"lt","@id":"https:\/\/hobstop.ee\/lt\/#\/schema\/logo\/image\/","url":"https:\/\/hobstop.ee\/media\/vunder-logo.png","contentUrl":"https:\/\/hobstop.ee\/media\/vunder-logo.png","width":127,"height":55,"caption":"Vunder AS"},"image":{"@id":"https:\/\/hobstop.ee\/lt\/#\/schema\/logo\/image\/"},"sameAs":["http:\/\/www.facebook.com\/VunderSkizze"]}]}},"_links":{"self":[{"href":"https:\/\/hobstop.ee\/lt\/wp-json\/wp\/v2\/product\/295437","targetHints":{"allow":["GET"]}}],"collection":[{"href":"https:\/\/hobstop.ee\/lt\/wp-json\/wp\/v2\/product"}],"about":[{"href":"https:\/\/hobstop.ee\/lt\/wp-json\/wp\/v2\/types\/product"}],"replies":[{"embeddable":true,"href":"https:\/\/hobstop.ee\/lt\/wp-json\/wp\/v2\/comments?post=295437"}],"wp:featuredmedia":[{"embeddable":true,"href":"https:\/\/hobstop.ee\/lt\/wp-json\/wp\/v2\/media\/295885"}],"wp:attachment":[{"href":"https:\/\/hobstop.ee\/lt\/wp-json\/wp\/v2\/media?parent=295437"}],"wp:term":[{"taxonomy":"product_cat","embeddable":true,"href":"https:\/\/hobstop.ee\/lt\/wp-json\/wp\/v2\/product_cat?post=295437"},{"taxonomy":"product_tag","embeddable":true,"href":"https:\/\/hobstop.ee\/lt\/wp-json\/wp\/v2\/product_tag?post=295437"}],"curies":[{"name":"wp","href":"https:\/\/api.w.org\/{rel}","templated":true}]}}