{"id":296362,"date":"2017-09-26T11:52:43","date_gmt":"2017-09-26T08:52:43","guid":{"rendered":"https:\/\/sharks.ee\/vunder_2019\/lt\/product\/aliejiniai-dazai-lb-fine-40ml\/"},"modified":"2017-09-26T11:52:43","modified_gmt":"2017-09-26T08:52:43","slug":"aliejiniai-dazai-lb-fine-40ml","status":"publish","type":"product","link":"https:\/\/hobstop.ee\/lt\/produktas\/aliejiniai-dazai-lb-fine-40ml\/","title":{"rendered":"Aliejiniai da\u017eai LB Fine 40ml"},"content":{"rendered":"<p>Nuo pat 1720 m., kai buvo \u012fkurta \u201eLefranc Burgeois\u201c, aliejiniai da\u017eai buvo \u0161io prek\u0117s \u017eenklo pa\u017eiba, kuriais legendiniai dailininkai \u2013 Picasso ir Matise gal\u0117jo vienas po kito kurti am\u017einus \u0161edevrus. \u201eLefranc Burgeois Fine\u201c aliejiniai da\u017eai yra idealios tekst\u016bros, tinka tiek m\u0117g\u0117jams, tiek ir moksleiviams, o taip pat ir profesionalams \u2013 naudoti eskizams, fonui arba pirmajam sluoksniui, kai reikia didelio kiekio da\u017e\u0173. \u0160ioje serijoje yra 48 spalv\u0173 palet\u0117, kurioje yra atrinktos da\u017eniausiai naudojamos ir populiariausios kompakti\u0161kos spalvos.<\/p>\n","protected":false},"excerpt":{"rendered":"<p>Nuo pat 1720 m., kai buvo \u012fkurta \u201eLefranc Burgeois\u201c, aliejiniai da\u017eai buvo \u0161io prek\u0117s \u017eenklo pa\u017eiba, kuriais legendiniai dailininkai \u2013 Picasso ir Matise gal\u0117jo vienas po kito kurti am\u017einus \u0161edevrus. \u201eLefranc Burgeois Fine\u201c aliejiniai da\u017eai yra idealios tekst\u016bros, tinka tiek m\u0117g\u0117jams, tiek ir moksleiviams, o taip pat ir profesionalams \u2013 naudoti eskizams, fonui arba pirmajam sluoksniui, kai reikia didelio kiekio da\u017e\u0173. \u0160ioje serijoje yra 48 spalv\u0173 palet\u0117, kurioje yra atrinktos da\u017eniausiai naudojamos ir populiariausios kompakti\u0161kos spalvos.<\/p>\n","protected":false},"featured_media":297959,"comment_status":"closed","ping_status":"closed","template":"","meta":{"_acf_changed":false,"ep_exclude_from_search":false},"product_cat":[18166,16124,17981],"product_tag":[],"class_list":{"0":"post-296362","1":"product","2":"type-product","3":"status-publish","4":"has-post-thumbnail","6":"product_cat-aliejiniai-dazai","7":"product_cat-dailes-prekes","8":"product_cat-dazai-ir-priedai-tapybai","10":"first","11":"instock","12":"taxable","13":"shipping-taxable","14":"purchasable","15":"product-type-simple"},"acf":[],"yoast_head":"<!-- This site is optimized with the Yoast SEO plugin v24.1 - https:\/\/yoast.com\/wordpress\/plugins\/seo\/ -->\n<title>Aliejiniai da\u017eai LB Fine 40ml &#8211; Skizze<\/title>\n<meta name=\"robots\" content=\"noindex, follow, max-snippet:-1, max-image-preview:large, max-video-preview:-1\" \/>\n<meta property=\"og:locale\" content=\"lt_LT\" \/>\n<meta property=\"og:type\" content=\"article\" \/>\n<meta property=\"og:title\" content=\"Aliejiniai da\u017eai LB Fine 40ml &#8211; Skizze\" \/>\n<meta property=\"og:description\" content=\"Nuo pat 1720 m., kai buvo \u012fkurta \u201eLefranc Burgeois\u201c, aliejiniai da\u017eai buvo \u0161io prek\u0117s \u017eenklo pa\u017eiba, kuriais legendiniai dailininkai \u2013 Picasso ir Matise gal\u0117jo vienas po kito kurti am\u017einus \u0161edevrus. \u201eLefranc Burgeois Fine\u201c aliejiniai da\u017eai yra idealios tekst\u016bros, tinka tiek m\u0117g\u0117jams, tiek ir moksleiviams, o taip pat ir profesionalams \u2013 naudoti eskizams, fonui arba pirmajam sluoksniui, kai reikia didelio kiekio da\u017e\u0173. \u0160ioje serijoje yra 48 spalv\u0173 palet\u0117, kurioje yra atrinktos da\u017eniausiai naudojamos ir populiariausios kompakti\u0161kos spalvos.\" \/>\n<meta property=\"og:url\" content=\"https:\/\/hobstop.ee\/lt\/produktas\/aliejiniai-dazai-lb-fine-40ml\/\" \/>\n<meta property=\"og:site_name\" content=\"Skizze\" \/>\n<meta property=\"article:publisher\" content=\"http:\/\/www.facebook.com\/VunderSkizze\" \/>\n<meta property=\"og:image\" content=\"https:\/\/www.hobstop.ee\/media\/4613.jpg\" \/>\n\t<meta property=\"og:image:width\" content=\"1024\" \/>\n\t<meta property=\"og:image:height\" content=\"768\" \/>\n\t<meta property=\"og:image:type\" content=\"image\/jpeg\" \/>\n<meta name=\"twitter:card\" content=\"summary_large_image\" \/>\n<script type=\"application\/ld+json\" class=\"yoast-schema-graph\">{\"@context\":\"https:\/\/schema.org\",\"@graph\":[{\"@type\":\"WebPage\",\"@id\":\"https:\/\/hobstop.ee\/lt\/produktas\/aliejiniai-dazai-lb-fine-40ml\/\",\"url\":\"https:\/\/hobstop.ee\/lt\/produktas\/aliejiniai-dazai-lb-fine-40ml\/\",\"name\":\"Aliejiniai da\u017eai LB Fine 40ml &#8211; Skizze\",\"isPartOf\":{\"@id\":\"https:\/\/hobstop.ee\/lt\/#website\"},\"primaryImageOfPage\":{\"@id\":\"https:\/\/hobstop.ee\/lt\/produktas\/aliejiniai-dazai-lb-fine-40ml\/#primaryimage\"},\"image\":{\"@id\":\"https:\/\/hobstop.ee\/lt\/produktas\/aliejiniai-dazai-lb-fine-40ml\/#primaryimage\"},\"thumbnailUrl\":\"https:\/\/hobstop.ee\/media\/4613.jpg\",\"datePublished\":\"2017-09-26T08:52:43+00:00\",\"dateModified\":\"2017-09-26T08:52:43+00:00\",\"breadcrumb\":{\"@id\":\"https:\/\/hobstop.ee\/lt\/produktas\/aliejiniai-dazai-lb-fine-40ml\/#breadcrumb\"},\"inLanguage\":\"lt\",\"potentialAction\":[{\"@type\":\"ReadAction\",\"target\":[\"https:\/\/hobstop.ee\/lt\/produktas\/aliejiniai-dazai-lb-fine-40ml\/\"]}]},{\"@type\":\"ImageObject\",\"inLanguage\":\"lt\",\"@id\":\"https:\/\/hobstop.ee\/lt\/produktas\/aliejiniai-dazai-lb-fine-40ml\/#primaryimage\",\"url\":\"https:\/\/hobstop.ee\/media\/4613.jpg\",\"contentUrl\":\"https:\/\/hobstop.ee\/media\/4613.jpg\",\"width\":1024,\"height\":768},{\"@type\":\"BreadcrumbList\",\"@id\":\"https:\/\/hobstop.ee\/lt\/produktas\/aliejiniai-dazai-lb-fine-40ml\/#breadcrumb\",\"itemListElement\":[{\"@type\":\"ListItem\",\"position\":1,\"name\":\"Avaleht\",\"item\":\"https:\/\/hobstop.ee\/lt\/\"},{\"@type\":\"ListItem\",\"position\":2,\"name\":\"Parduotuv\u0117\",\"item\":\"https:\/\/hobstop.ee\/lt\/parduotuve\/\"},{\"@type\":\"ListItem\",\"position\":3,\"name\":\"Aliejiniai da\u017eai LB Fine 40ml\"}]},{\"@type\":\"WebSite\",\"@id\":\"https:\/\/hobstop.ee\/lt\/#website\",\"url\":\"https:\/\/hobstop.ee\/lt\/\",\"name\":\"Skizze\",\"description\":\"Dail\u0117s, pom\u0117gi\u0173 ir mokykliniai reikm\u0117nys\",\"publisher\":{\"@id\":\"https:\/\/hobstop.ee\/lt\/#organization\"},\"potentialAction\":[{\"@type\":\"SearchAction\",\"target\":{\"@type\":\"EntryPoint\",\"urlTemplate\":\"https:\/\/hobstop.ee\/lt\/?s={search_term_string}\"},\"query-input\":{\"@type\":\"PropertyValueSpecification\",\"valueRequired\":true,\"valueName\":\"search_term_string\"}}],\"inLanguage\":\"lt\"},{\"@type\":\"Organization\",\"@id\":\"https:\/\/hobstop.ee\/lt\/#organization\",\"name\":\"Vunder AS\",\"url\":\"https:\/\/hobstop.ee\/lt\/\",\"logo\":{\"@type\":\"ImageObject\",\"inLanguage\":\"lt\",\"@id\":\"https:\/\/hobstop.ee\/lt\/#\/schema\/logo\/image\/\",\"url\":\"https:\/\/hobstop.ee\/media\/vunder-logo.png\",\"contentUrl\":\"https:\/\/hobstop.ee\/media\/vunder-logo.png\",\"width\":127,\"height\":55,\"caption\":\"Vunder AS\"},\"image\":{\"@id\":\"https:\/\/hobstop.ee\/lt\/#\/schema\/logo\/image\/\"},\"sameAs\":[\"http:\/\/www.facebook.com\/VunderSkizze\"]}]}<\/script>\n<!-- \/ Yoast SEO plugin. -->","yoast_head_json":{"title":"Aliejiniai da\u017eai LB Fine 40ml &#8211; Skizze","robots":{"index":"noindex","follow":"follow","max-snippet":"max-snippet:-1","max-image-preview":"max-image-preview:large","max-video-preview":"max-video-preview:-1"},"og_locale":"lt_LT","og_type":"article","og_title":"Aliejiniai da\u017eai LB Fine 40ml &#8211; Skizze","og_description":"Nuo pat 1720 m., kai buvo \u012fkurta \u201eLefranc Burgeois\u201c, aliejiniai da\u017eai buvo \u0161io prek\u0117s \u017eenklo pa\u017eiba, kuriais legendiniai dailininkai \u2013 Picasso ir Matise gal\u0117jo vienas po kito kurti am\u017einus \u0161edevrus. \u201eLefranc Burgeois Fine\u201c aliejiniai da\u017eai yra idealios tekst\u016bros, tinka tiek m\u0117g\u0117jams, tiek ir moksleiviams, o taip pat ir profesionalams \u2013 naudoti eskizams, fonui arba pirmajam sluoksniui, kai reikia didelio kiekio da\u017e\u0173. \u0160ioje serijoje yra 48 spalv\u0173 palet\u0117, kurioje yra atrinktos da\u017eniausiai naudojamos ir populiariausios kompakti\u0161kos spalvos.","og_url":"https:\/\/hobstop.ee\/lt\/produktas\/aliejiniai-dazai-lb-fine-40ml\/","og_site_name":"Skizze","article_publisher":"http:\/\/www.facebook.com\/VunderSkizze","og_image":[{"width":1024,"height":768,"url":"https:\/\/www.hobstop.ee\/media\/4613.jpg","type":"image\/jpeg"}],"twitter_card":"summary_large_image","schema":{"@context":"https:\/\/schema.org","@graph":[{"@type":"WebPage","@id":"https:\/\/hobstop.ee\/lt\/produktas\/aliejiniai-dazai-lb-fine-40ml\/","url":"https:\/\/hobstop.ee\/lt\/produktas\/aliejiniai-dazai-lb-fine-40ml\/","name":"Aliejiniai da\u017eai LB Fine 40ml &#8211; Skizze","isPartOf":{"@id":"https:\/\/hobstop.ee\/lt\/#website"},"primaryImageOfPage":{"@id":"https:\/\/hobstop.ee\/lt\/produktas\/aliejiniai-dazai-lb-fine-40ml\/#primaryimage"},"image":{"@id":"https:\/\/hobstop.ee\/lt\/produktas\/aliejiniai-dazai-lb-fine-40ml\/#primaryimage"},"thumbnailUrl":"https:\/\/hobstop.ee\/media\/4613.jpg","datePublished":"2017-09-26T08:52:43+00:00","dateModified":"2017-09-26T08:52:43+00:00","breadcrumb":{"@id":"https:\/\/hobstop.ee\/lt\/produktas\/aliejiniai-dazai-lb-fine-40ml\/#breadcrumb"},"inLanguage":"lt","potentialAction":[{"@type":"ReadAction","target":["https:\/\/hobstop.ee\/lt\/produktas\/aliejiniai-dazai-lb-fine-40ml\/"]}]},{"@type":"ImageObject","inLanguage":"lt","@id":"https:\/\/hobstop.ee\/lt\/produktas\/aliejiniai-dazai-lb-fine-40ml\/#primaryimage","url":"https:\/\/hobstop.ee\/media\/4613.jpg","contentUrl":"https:\/\/hobstop.ee\/media\/4613.jpg","width":1024,"height":768},{"@type":"BreadcrumbList","@id":"https:\/\/hobstop.ee\/lt\/produktas\/aliejiniai-dazai-lb-fine-40ml\/#breadcrumb","itemListElement":[{"@type":"ListItem","position":1,"name":"Avaleht","item":"https:\/\/hobstop.ee\/lt\/"},{"@type":"ListItem","position":2,"name":"Parduotuv\u0117","item":"https:\/\/hobstop.ee\/lt\/parduotuve\/"},{"@type":"ListItem","position":3,"name":"Aliejiniai da\u017eai LB Fine 40ml"}]},{"@type":"WebSite","@id":"https:\/\/hobstop.ee\/lt\/#website","url":"https:\/\/hobstop.ee\/lt\/","name":"Skizze","description":"Dail\u0117s, pom\u0117gi\u0173 ir mokykliniai reikm\u0117nys","publisher":{"@id":"https:\/\/hobstop.ee\/lt\/#organization"},"potentialAction":[{"@type":"SearchAction","target":{"@type":"EntryPoint","urlTemplate":"https:\/\/hobstop.ee\/lt\/?s={search_term_string}"},"query-input":{"@type":"PropertyValueSpecification","valueRequired":true,"valueName":"search_term_string"}}],"inLanguage":"lt"},{"@type":"Organization","@id":"https:\/\/hobstop.ee\/lt\/#organization","name":"Vunder AS","url":"https:\/\/hobstop.ee\/lt\/","logo":{"@type":"ImageObject","inLanguage":"lt","@id":"https:\/\/hobstop.ee\/lt\/#\/schema\/logo\/image\/","url":"https:\/\/hobstop.ee\/media\/vunder-logo.png","contentUrl":"https:\/\/hobstop.ee\/media\/vunder-logo.png","width":127,"height":55,"caption":"Vunder AS"},"image":{"@id":"https:\/\/hobstop.ee\/lt\/#\/schema\/logo\/image\/"},"sameAs":["http:\/\/www.facebook.com\/VunderSkizze"]}]}},"_links":{"self":[{"href":"https:\/\/hobstop.ee\/lt\/wp-json\/wp\/v2\/product\/296362","targetHints":{"allow":["GET"]}}],"collection":[{"href":"https:\/\/hobstop.ee\/lt\/wp-json\/wp\/v2\/product"}],"about":[{"href":"https:\/\/hobstop.ee\/lt\/wp-json\/wp\/v2\/types\/product"}],"replies":[{"embeddable":true,"href":"https:\/\/hobstop.ee\/lt\/wp-json\/wp\/v2\/comments?post=296362"}],"wp:featuredmedia":[{"embeddable":true,"href":"https:\/\/hobstop.ee\/lt\/wp-json\/wp\/v2\/media\/297959"}],"wp:attachment":[{"href":"https:\/\/hobstop.ee\/lt\/wp-json\/wp\/v2\/media?parent=296362"}],"wp:term":[{"taxonomy":"product_cat","embeddable":true,"href":"https:\/\/hobstop.ee\/lt\/wp-json\/wp\/v2\/product_cat?post=296362"},{"taxonomy":"product_tag","embeddable":true,"href":"https:\/\/hobstop.ee\/lt\/wp-json\/wp\/v2\/product_tag?post=296362"}],"curies":[{"name":"wp","href":"https:\/\/api.w.org\/{rel}","templated":true}]}}