{"id":300529,"date":"2017-12-07T10:49:49","date_gmt":"2017-12-07T08:49:49","guid":{"rendered":"https:\/\/sharks.ee\/vunder_2019\/lt\/product\/spalvotas-piestukas-derwent-procolour-metaline-dezute\/"},"modified":"2017-12-07T10:49:49","modified_gmt":"2017-12-07T08:49:49","slug":"spalvotas-piestukas-derwent-procolour-metaline-dezute","status":"publish","type":"product","link":"https:\/\/hobstop.ee\/lt\/produktas\/spalvotas-piestukas-derwent-procolour-metaline-dezute\/","title":{"rendered":"Spalvotas pie\u0161tukas Derwent Procolour metalin\u0117 d\u0117\u017eut\u0117"},"content":{"rendered":"<p>\u201eDerwent Procolour\u201c pie\u0161tukai yra puikus smailaus galiuko ir skland\u017eios dangos derinys \u2013 pie\u0161tukai dengia tarsi va\u0161kas, ta\u010diau skland\u017eiai, tarsi alyva. Pie\u0161tukai, kuriuose yra gausu pigmento, yra smail\u016bs, tod\u0117l lengvai nupie\u0161ite detalius pie\u0161inius, be to jie nedulka, tod\u0117l darbas i\u0161lieka \u0161varus ir nesuteptas. \u201eProcolour\u201c dera geriausios linij\u0173 \u201eDerwent Artists\u201c ir \u201eDerwent Coloursoft\u201c savyb\u0117s \u2013 a\u0161trus \u201eArtists\u201c galiukas ir \u201eColoursoft\u201c \u2013 suteikia dailininkui ilgai trunkant\u012f tikslum\u0105 ir skland\u0173 dengim\u0105. Kiekvieno &#8220;Procolour&#8221; pie\u0161tuko sud\u0117tis visada u\u017etikrina \u0161var\u0173 pie\u0161in\u012f. Profesional\u016bs dailininkai vertina \u0161ios serijos pie\u0161tuk\u0173 smailius galiukus, ry\u0161kias, gyvas ir glotnias spalvas, kurias galima mai\u0161yti tarpusavyje ir dengti vien\u0105 ant kitos, pie\u0161ti ant \u012fvairaus dailininkams skirto popieriaus. \u201eProcolour\u201c pie\u0161tukus galima lengvai mai\u0161yti su \u012fvairiais priedais ir naudoti su dailininkams skirtais reikmenimis, pavyzd\u017eiui, suliejimui skirtais pie\u0161tukais ir popieriaus koteliais.<br \/>\n&#8211; Kieta \u0161erdel\u0117 ir galiukas, palieka nedaug dro\u017eli\u0173 ir nedulka.<br \/>\n&#8211; Glotnios linijos, pie\u0161inio pavir\u0161ius neatrodo tarsi va\u0161kinis.<br \/>\n&#8211; Itin daug pigmento.<br \/>\n&#8211; Lengvai mai\u0161omas su priedais, galima naudoti suliejimo \u012frankius.<\/p>\n","protected":false},"excerpt":{"rendered":"<p>\u201eDerwent Procolour\u201c pie\u0161tukai yra puikus smailaus galiuko ir skland\u017eios dangos derinys \u2013 pie\u0161tukai dengia tarsi va\u0161kas, ta\u010diau skland\u017eiai, tarsi alyva. Pie\u0161tukai, kuriuose yra gausu pigmento, yra smail\u016bs, tod\u0117l lengvai nupie\u0161ite detalius pie\u0161inius, be to jie nedulka, tod\u0117l darbas i\u0161lieka \u0161varus ir nesuteptas. \u201eProcolour\u201c dera geriausios linij\u0173 \u201eDerwent Artists\u201c ir \u201eDerwent Coloursoft\u201c savyb\u0117s \u2013 a\u0161trus \u201eArtists\u201c galiukas ir \u201eColoursoft\u201c \u2013 suteikia dailininkui ilgai trunkant\u012f tikslum\u0105 ir skland\u0173 dengim\u0105. Kiekvieno &#8220;Procolour&#8221; pie\u0161tuko sud\u0117tis visada u\u017etikrina \u0161var\u0173 pie\u0161in\u012f. Profesional\u016bs dailininkai vertina \u0161ios serijos pie\u0161tuk\u0173 smailius galiukus, ry\u0161kias, gyvas ir glotnias spalvas, kurias galima mai\u0161yti tarpusavyje ir dengti vien\u0105 ant kitos, pie\u0161ti ant \u012fvairaus dailininkams skirto popieriaus. \u201eProcolour\u201c pie\u0161tukus galima lengvai mai\u0161yti su \u012fvairiais priedais ir naudoti su dailininkams skirtais reikmenimis, pavyzd\u017eiui, suliejimui skirtais pie\u0161tukais ir popieriaus koteliais. &#8211; Kieta \u0161erdel\u0117 ir galiukas, palieka nedaug dro\u017eli\u0173 ir nedulka. &#8211; Glotnios linijos, pie\u0161inio pavir\u0161ius neatrodo tarsi va\u0161kinis. &#8211; Itin daug pigmento. &#8211; Lengvai mai\u0161omas su priedais, galima naudoti suliejimo \u012frankius.<\/p>\n","protected":false},"featured_media":301057,"comment_status":"closed","ping_status":"closed","template":"","meta":{"_acf_changed":false,"ep_exclude_from_search":false},"product_cat":[16124,18932,15017],"product_tag":[],"class_list":{"0":"post-300529","1":"product","2":"type-product","3":"status-publish","4":"has-post-thumbnail","6":"product_cat-dailes-prekes","7":"product_cat-piesimo-reikmenys-3","8":"product_cat-olivarvid","10":"first","11":"instock","12":"taxable","13":"shipping-taxable","14":"purchasable","15":"product-type-simple"},"acf":[],"yoast_head":"<!-- This site is optimized with the Yoast SEO plugin v24.1 - https:\/\/yoast.com\/wordpress\/plugins\/seo\/ -->\n<title>Spalvotas pie\u0161tukas Derwent Procolour metalin\u0117 d\u0117\u017eut\u0117 &#8211; Skizze<\/title>\n<meta name=\"robots\" content=\"noindex, follow, max-snippet:-1, max-image-preview:large, max-video-preview:-1\" \/>\n<meta property=\"og:locale\" content=\"lt_LT\" \/>\n<meta property=\"og:type\" content=\"article\" \/>\n<meta property=\"og:title\" content=\"Spalvotas pie\u0161tukas Derwent Procolour metalin\u0117 d\u0117\u017eut\u0117 &#8211; Skizze\" \/>\n<meta property=\"og:description\" content=\"\u201eDerwent Procolour\u201c pie\u0161tukai yra puikus smailaus galiuko ir skland\u017eios dangos derinys \u2013 pie\u0161tukai dengia tarsi va\u0161kas, ta\u010diau skland\u017eiai, tarsi alyva. Pie\u0161tukai, kuriuose yra gausu pigmento, yra smail\u016bs, tod\u0117l lengvai nupie\u0161ite detalius pie\u0161inius, be to jie nedulka, tod\u0117l darbas i\u0161lieka \u0161varus ir nesuteptas. \u201eProcolour\u201c dera geriausios linij\u0173 \u201eDerwent Artists\u201c ir \u201eDerwent Coloursoft\u201c savyb\u0117s \u2013 a\u0161trus \u201eArtists\u201c galiukas ir \u201eColoursoft\u201c \u2013 suteikia dailininkui ilgai trunkant\u012f tikslum\u0105 ir skland\u0173 dengim\u0105. Kiekvieno &#8220;Procolour&#8221; pie\u0161tuko sud\u0117tis visada u\u017etikrina \u0161var\u0173 pie\u0161in\u012f. Profesional\u016bs dailininkai vertina \u0161ios serijos pie\u0161tuk\u0173 smailius galiukus, ry\u0161kias, gyvas ir glotnias spalvas, kurias galima mai\u0161yti tarpusavyje ir dengti vien\u0105 ant kitos, pie\u0161ti ant \u012fvairaus dailininkams skirto popieriaus. \u201eProcolour\u201c pie\u0161tukus galima lengvai mai\u0161yti su \u012fvairiais priedais ir naudoti su dailininkams skirtais reikmenimis, pavyzd\u017eiui, suliejimui skirtais pie\u0161tukais ir popieriaus koteliais. &#8211; Kieta \u0161erdel\u0117 ir galiukas, palieka nedaug dro\u017eli\u0173 ir nedulka. &#8211; Glotnios linijos, pie\u0161inio pavir\u0161ius neatrodo tarsi va\u0161kinis. &#8211; Itin daug pigmento. &#8211; Lengvai mai\u0161omas su priedais, galima naudoti suliejimo \u012frankius.\" \/>\n<meta property=\"og:url\" content=\"https:\/\/hobstop.ee\/lt\/produktas\/spalvotas-piestukas-derwent-procolour-metaline-dezute\/\" \/>\n<meta property=\"og:site_name\" content=\"Skizze\" \/>\n<meta property=\"article:publisher\" content=\"http:\/\/www.facebook.com\/VunderSkizze\" \/>\n<meta property=\"og:image\" content=\"https:\/\/hobstop.ee\/media\/4651.jpg\" \/>\n\t<meta property=\"og:image:width\" content=\"1024\" \/>\n\t<meta property=\"og:image:height\" content=\"768\" \/>\n\t<meta property=\"og:image:type\" content=\"image\/jpeg\" \/>\n<meta name=\"twitter:card\" content=\"summary_large_image\" \/>\n<meta name=\"twitter:label1\" content=\"Est. reading time\" \/>\n\t<meta name=\"twitter:data1\" content=\"1 minute\" \/>\n<script type=\"application\/ld+json\" class=\"yoast-schema-graph\">{\"@context\":\"https:\/\/schema.org\",\"@graph\":[{\"@type\":\"WebPage\",\"@id\":\"https:\/\/hobstop.ee\/lt\/produktas\/spalvotas-piestukas-derwent-procolour-metaline-dezute\/\",\"url\":\"https:\/\/hobstop.ee\/lt\/produktas\/spalvotas-piestukas-derwent-procolour-metaline-dezute\/\",\"name\":\"Spalvotas pie\u0161tukas Derwent Procolour metalin\u0117 d\u0117\u017eut\u0117 &#8211; Skizze\",\"isPartOf\":{\"@id\":\"https:\/\/hobstop.ee\/lt\/#website\"},\"primaryImageOfPage\":{\"@id\":\"https:\/\/hobstop.ee\/lt\/produktas\/spalvotas-piestukas-derwent-procolour-metaline-dezute\/#primaryimage\"},\"image\":{\"@id\":\"https:\/\/hobstop.ee\/lt\/produktas\/spalvotas-piestukas-derwent-procolour-metaline-dezute\/#primaryimage\"},\"thumbnailUrl\":\"https:\/\/hobstop.ee\/media\/4651.jpg\",\"datePublished\":\"2017-12-07T08:49:49+00:00\",\"dateModified\":\"2017-12-07T08:49:49+00:00\",\"breadcrumb\":{\"@id\":\"https:\/\/hobstop.ee\/lt\/produktas\/spalvotas-piestukas-derwent-procolour-metaline-dezute\/#breadcrumb\"},\"inLanguage\":\"lt\",\"potentialAction\":[{\"@type\":\"ReadAction\",\"target\":[\"https:\/\/hobstop.ee\/lt\/produktas\/spalvotas-piestukas-derwent-procolour-metaline-dezute\/\"]}]},{\"@type\":\"ImageObject\",\"inLanguage\":\"lt\",\"@id\":\"https:\/\/hobstop.ee\/lt\/produktas\/spalvotas-piestukas-derwent-procolour-metaline-dezute\/#primaryimage\",\"url\":\"https:\/\/hobstop.ee\/media\/4651.jpg\",\"contentUrl\":\"https:\/\/hobstop.ee\/media\/4651.jpg\",\"width\":1024,\"height\":768},{\"@type\":\"BreadcrumbList\",\"@id\":\"https:\/\/hobstop.ee\/lt\/produktas\/spalvotas-piestukas-derwent-procolour-metaline-dezute\/#breadcrumb\",\"itemListElement\":[{\"@type\":\"ListItem\",\"position\":1,\"name\":\"Avaleht\",\"item\":\"https:\/\/hobstop.ee\/lt\/\"},{\"@type\":\"ListItem\",\"position\":2,\"name\":\"Parduotuv\u0117\",\"item\":\"https:\/\/hobstop.ee\/lt\/parduotuve\/\"},{\"@type\":\"ListItem\",\"position\":3,\"name\":\"Spalvotas pie\u0161tukas Derwent Procolour metalin\u0117 d\u0117\u017eut\u0117\"}]},{\"@type\":\"WebSite\",\"@id\":\"https:\/\/hobstop.ee\/lt\/#website\",\"url\":\"https:\/\/hobstop.ee\/lt\/\",\"name\":\"Skizze\",\"description\":\"Dail\u0117s, pom\u0117gi\u0173 ir mokykliniai reikm\u0117nys\",\"publisher\":{\"@id\":\"https:\/\/hobstop.ee\/lt\/#organization\"},\"potentialAction\":[{\"@type\":\"SearchAction\",\"target\":{\"@type\":\"EntryPoint\",\"urlTemplate\":\"https:\/\/hobstop.ee\/lt\/?s={search_term_string}\"},\"query-input\":{\"@type\":\"PropertyValueSpecification\",\"valueRequired\":true,\"valueName\":\"search_term_string\"}}],\"inLanguage\":\"lt\"},{\"@type\":\"Organization\",\"@id\":\"https:\/\/hobstop.ee\/lt\/#organization\",\"name\":\"Vunder AS\",\"url\":\"https:\/\/hobstop.ee\/lt\/\",\"logo\":{\"@type\":\"ImageObject\",\"inLanguage\":\"lt\",\"@id\":\"https:\/\/hobstop.ee\/lt\/#\/schema\/logo\/image\/\",\"url\":\"https:\/\/hobstop.ee\/media\/vunder-logo.png\",\"contentUrl\":\"https:\/\/hobstop.ee\/media\/vunder-logo.png\",\"width\":127,\"height\":55,\"caption\":\"Vunder AS\"},\"image\":{\"@id\":\"https:\/\/hobstop.ee\/lt\/#\/schema\/logo\/image\/\"},\"sameAs\":[\"http:\/\/www.facebook.com\/VunderSkizze\"]}]}<\/script>\n<!-- \/ Yoast SEO plugin. -->","yoast_head_json":{"title":"Spalvotas pie\u0161tukas Derwent Procolour metalin\u0117 d\u0117\u017eut\u0117 &#8211; Skizze","robots":{"index":"noindex","follow":"follow","max-snippet":"max-snippet:-1","max-image-preview":"max-image-preview:large","max-video-preview":"max-video-preview:-1"},"og_locale":"lt_LT","og_type":"article","og_title":"Spalvotas pie\u0161tukas Derwent Procolour metalin\u0117 d\u0117\u017eut\u0117 &#8211; Skizze","og_description":"\u201eDerwent Procolour\u201c pie\u0161tukai yra puikus smailaus galiuko ir skland\u017eios dangos derinys \u2013 pie\u0161tukai dengia tarsi va\u0161kas, ta\u010diau skland\u017eiai, tarsi alyva. Pie\u0161tukai, kuriuose yra gausu pigmento, yra smail\u016bs, tod\u0117l lengvai nupie\u0161ite detalius pie\u0161inius, be to jie nedulka, tod\u0117l darbas i\u0161lieka \u0161varus ir nesuteptas. \u201eProcolour\u201c dera geriausios linij\u0173 \u201eDerwent Artists\u201c ir \u201eDerwent Coloursoft\u201c savyb\u0117s \u2013 a\u0161trus \u201eArtists\u201c galiukas ir \u201eColoursoft\u201c \u2013 suteikia dailininkui ilgai trunkant\u012f tikslum\u0105 ir skland\u0173 dengim\u0105. Kiekvieno &#8220;Procolour&#8221; pie\u0161tuko sud\u0117tis visada u\u017etikrina \u0161var\u0173 pie\u0161in\u012f. Profesional\u016bs dailininkai vertina \u0161ios serijos pie\u0161tuk\u0173 smailius galiukus, ry\u0161kias, gyvas ir glotnias spalvas, kurias galima mai\u0161yti tarpusavyje ir dengti vien\u0105 ant kitos, pie\u0161ti ant \u012fvairaus dailininkams skirto popieriaus. \u201eProcolour\u201c pie\u0161tukus galima lengvai mai\u0161yti su \u012fvairiais priedais ir naudoti su dailininkams skirtais reikmenimis, pavyzd\u017eiui, suliejimui skirtais pie\u0161tukais ir popieriaus koteliais. &#8211; Kieta \u0161erdel\u0117 ir galiukas, palieka nedaug dro\u017eli\u0173 ir nedulka. &#8211; Glotnios linijos, pie\u0161inio pavir\u0161ius neatrodo tarsi va\u0161kinis. &#8211; Itin daug pigmento. &#8211; Lengvai mai\u0161omas su priedais, galima naudoti suliejimo \u012frankius.","og_url":"https:\/\/hobstop.ee\/lt\/produktas\/spalvotas-piestukas-derwent-procolour-metaline-dezute\/","og_site_name":"Skizze","article_publisher":"http:\/\/www.facebook.com\/VunderSkizze","og_image":[{"width":1024,"height":768,"url":"https:\/\/hobstop.ee\/media\/4651.jpg","type":"image\/jpeg"}],"twitter_card":"summary_large_image","twitter_misc":{"Est. reading time":"1 minute"},"schema":{"@context":"https:\/\/schema.org","@graph":[{"@type":"WebPage","@id":"https:\/\/hobstop.ee\/lt\/produktas\/spalvotas-piestukas-derwent-procolour-metaline-dezute\/","url":"https:\/\/hobstop.ee\/lt\/produktas\/spalvotas-piestukas-derwent-procolour-metaline-dezute\/","name":"Spalvotas pie\u0161tukas Derwent Procolour metalin\u0117 d\u0117\u017eut\u0117 &#8211; Skizze","isPartOf":{"@id":"https:\/\/hobstop.ee\/lt\/#website"},"primaryImageOfPage":{"@id":"https:\/\/hobstop.ee\/lt\/produktas\/spalvotas-piestukas-derwent-procolour-metaline-dezute\/#primaryimage"},"image":{"@id":"https:\/\/hobstop.ee\/lt\/produktas\/spalvotas-piestukas-derwent-procolour-metaline-dezute\/#primaryimage"},"thumbnailUrl":"https:\/\/hobstop.ee\/media\/4651.jpg","datePublished":"2017-12-07T08:49:49+00:00","dateModified":"2017-12-07T08:49:49+00:00","breadcrumb":{"@id":"https:\/\/hobstop.ee\/lt\/produktas\/spalvotas-piestukas-derwent-procolour-metaline-dezute\/#breadcrumb"},"inLanguage":"lt","potentialAction":[{"@type":"ReadAction","target":["https:\/\/hobstop.ee\/lt\/produktas\/spalvotas-piestukas-derwent-procolour-metaline-dezute\/"]}]},{"@type":"ImageObject","inLanguage":"lt","@id":"https:\/\/hobstop.ee\/lt\/produktas\/spalvotas-piestukas-derwent-procolour-metaline-dezute\/#primaryimage","url":"https:\/\/hobstop.ee\/media\/4651.jpg","contentUrl":"https:\/\/hobstop.ee\/media\/4651.jpg","width":1024,"height":768},{"@type":"BreadcrumbList","@id":"https:\/\/hobstop.ee\/lt\/produktas\/spalvotas-piestukas-derwent-procolour-metaline-dezute\/#breadcrumb","itemListElement":[{"@type":"ListItem","position":1,"name":"Avaleht","item":"https:\/\/hobstop.ee\/lt\/"},{"@type":"ListItem","position":2,"name":"Parduotuv\u0117","item":"https:\/\/hobstop.ee\/lt\/parduotuve\/"},{"@type":"ListItem","position":3,"name":"Spalvotas pie\u0161tukas Derwent Procolour metalin\u0117 d\u0117\u017eut\u0117"}]},{"@type":"WebSite","@id":"https:\/\/hobstop.ee\/lt\/#website","url":"https:\/\/hobstop.ee\/lt\/","name":"Skizze","description":"Dail\u0117s, pom\u0117gi\u0173 ir mokykliniai reikm\u0117nys","publisher":{"@id":"https:\/\/hobstop.ee\/lt\/#organization"},"potentialAction":[{"@type":"SearchAction","target":{"@type":"EntryPoint","urlTemplate":"https:\/\/hobstop.ee\/lt\/?s={search_term_string}"},"query-input":{"@type":"PropertyValueSpecification","valueRequired":true,"valueName":"search_term_string"}}],"inLanguage":"lt"},{"@type":"Organization","@id":"https:\/\/hobstop.ee\/lt\/#organization","name":"Vunder AS","url":"https:\/\/hobstop.ee\/lt\/","logo":{"@type":"ImageObject","inLanguage":"lt","@id":"https:\/\/hobstop.ee\/lt\/#\/schema\/logo\/image\/","url":"https:\/\/hobstop.ee\/media\/vunder-logo.png","contentUrl":"https:\/\/hobstop.ee\/media\/vunder-logo.png","width":127,"height":55,"caption":"Vunder AS"},"image":{"@id":"https:\/\/hobstop.ee\/lt\/#\/schema\/logo\/image\/"},"sameAs":["http:\/\/www.facebook.com\/VunderSkizze"]}]}},"_links":{"self":[{"href":"https:\/\/hobstop.ee\/lt\/wp-json\/wp\/v2\/product\/300529","targetHints":{"allow":["GET"]}}],"collection":[{"href":"https:\/\/hobstop.ee\/lt\/wp-json\/wp\/v2\/product"}],"about":[{"href":"https:\/\/hobstop.ee\/lt\/wp-json\/wp\/v2\/types\/product"}],"replies":[{"embeddable":true,"href":"https:\/\/hobstop.ee\/lt\/wp-json\/wp\/v2\/comments?post=300529"}],"wp:featuredmedia":[{"embeddable":true,"href":"https:\/\/hobstop.ee\/lt\/wp-json\/wp\/v2\/media\/301057"}],"wp:attachment":[{"href":"https:\/\/hobstop.ee\/lt\/wp-json\/wp\/v2\/media?parent=300529"}],"wp:term":[{"taxonomy":"product_cat","embeddable":true,"href":"https:\/\/hobstop.ee\/lt\/wp-json\/wp\/v2\/product_cat?post=300529"},{"taxonomy":"product_tag","embeddable":true,"href":"https:\/\/hobstop.ee\/lt\/wp-json\/wp\/v2\/product_tag?post=300529"}],"curies":[{"name":"wp","href":"https:\/\/api.w.org\/{rel}","templated":true}]}}