{"id":300537,"date":"2017-12-07T10:49:52","date_gmt":"2017-12-07T08:49:52","guid":{"rendered":"https:\/\/sharks.ee\/vunder_2019\/lt\/product\/kliju-piestukas-quickie-glue\/"},"modified":"2017-12-07T10:49:52","modified_gmt":"2017-12-07T08:49:52","slug":"kliju-piestukas-quickie-glue","status":"publish","type":"product","link":"https:\/\/hobstop.ee\/lt\/produktas\/kliju-piestukas-quickie-glue\/","title":{"rendered":"Klij\u0173 pie\u0161tukas Quickie Glue"},"content":{"rendered":"<p>Rutulinis klij\u0173 pie\u0161tukas pad\u0117s tiksliai u\u017etepti klijus. Puikiai tinka \u012fvairioms dekoracijoms i\u0161 popieriaus daryti, pavyzd\u017eiui, prie popieriaus priklijuoti karoliukus arba kitus puo\u0161imui skirtus daiktus. Pavir\u0161ius turi b\u016bti \u0161varus ir sausas. Kad suklijuota vieta laikyt\u0173 tvirtai, klijuokite, kol klijai yra dar dr\u0117gni ir m\u0117lynos spalvos. Jeigu norite priklijuoti laikinai, klijuokite, kai klijai i\u0161d\u017eius ir taps skaidr\u016bs.<\/p>\n","protected":false},"excerpt":{"rendered":"<p>Rutulinis klij\u0173 pie\u0161tukas pad\u0117s tiksliai u\u017etepti klijus. Puikiai tinka \u012fvairioms dekoracijoms i\u0161 popieriaus daryti, pavyzd\u017eiui, prie popieriaus priklijuoti karoliukus arba kitus puo\u0161imui skirtus daiktus. Pavir\u0161ius turi b\u016bti \u0161varus ir sausas. Kad suklijuota vieta laikyt\u0173 tvirtai, klijuokite, kol klijai yra dar dr\u0117gni ir m\u0117lynos spalvos. Jeigu norite priklijuoti laikinai, klijuokite, kai klijai i\u0161d\u017eius ir taps skaidr\u016bs.<\/p>\n","protected":false},"featured_media":301065,"comment_status":"closed","ping_status":"closed","template":"","meta":{"_acf_changed":false,"ep_exclude_from_search":false},"product_cat":[20039,19847,17919],"product_tag":[],"class_list":{"0":"post-300537","1":"product","2":"type-product","3":"status-publish","4":"has-post-thumbnail","6":"product_cat-kita-5","7":"product_cat-klijai-ir-lakai","8":"product_cat-pomegiu-prekes","10":"first","11":"instock","12":"taxable","13":"shipping-taxable","14":"purchasable","15":"product-type-simple"},"acf":[],"yoast_head":"<!-- This site is optimized with the Yoast SEO plugin v24.1 - https:\/\/yoast.com\/wordpress\/plugins\/seo\/ -->\n<title>Klij\u0173 pie\u0161tukas Quickie Glue &#8211; Skizze<\/title>\n<meta name=\"robots\" content=\"noindex, follow, max-snippet:-1, max-image-preview:large, max-video-preview:-1\" \/>\n<meta property=\"og:locale\" content=\"lt_LT\" \/>\n<meta property=\"og:type\" content=\"article\" \/>\n<meta property=\"og:title\" content=\"Klij\u0173 pie\u0161tukas Quickie Glue &#8211; Skizze\" \/>\n<meta property=\"og:description\" content=\"Rutulinis klij\u0173 pie\u0161tukas pad\u0117s tiksliai u\u017etepti klijus. Puikiai tinka \u012fvairioms dekoracijoms i\u0161 popieriaus daryti, pavyzd\u017eiui, prie popieriaus priklijuoti karoliukus arba kitus puo\u0161imui skirtus daiktus. Pavir\u0161ius turi b\u016bti \u0161varus ir sausas. Kad suklijuota vieta laikyt\u0173 tvirtai, klijuokite, kol klijai yra dar dr\u0117gni ir m\u0117lynos spalvos. Jeigu norite priklijuoti laikinai, klijuokite, kai klijai i\u0161d\u017eius ir taps skaidr\u016bs.\" \/>\n<meta property=\"og:url\" content=\"https:\/\/hobstop.ee\/lt\/produktas\/kliju-piestukas-quickie-glue\/\" \/>\n<meta property=\"og:site_name\" content=\"Skizze\" \/>\n<meta property=\"article:publisher\" content=\"http:\/\/www.facebook.com\/VunderSkizze\" \/>\n<meta property=\"og:image\" content=\"https:\/\/hobstop.ee\/media\/4684.jpg\" \/>\n\t<meta property=\"og:image:width\" content=\"1024\" \/>\n\t<meta property=\"og:image:height\" content=\"768\" \/>\n\t<meta property=\"og:image:type\" content=\"image\/jpeg\" \/>\n<meta name=\"twitter:card\" content=\"summary_large_image\" \/>\n<script type=\"application\/ld+json\" class=\"yoast-schema-graph\">{\"@context\":\"https:\/\/schema.org\",\"@graph\":[{\"@type\":\"WebPage\",\"@id\":\"https:\/\/hobstop.ee\/lt\/produktas\/kliju-piestukas-quickie-glue\/\",\"url\":\"https:\/\/hobstop.ee\/lt\/produktas\/kliju-piestukas-quickie-glue\/\",\"name\":\"Klij\u0173 pie\u0161tukas Quickie Glue &#8211; Skizze\",\"isPartOf\":{\"@id\":\"https:\/\/hobstop.ee\/lt\/#website\"},\"primaryImageOfPage\":{\"@id\":\"https:\/\/hobstop.ee\/lt\/produktas\/kliju-piestukas-quickie-glue\/#primaryimage\"},\"image\":{\"@id\":\"https:\/\/hobstop.ee\/lt\/produktas\/kliju-piestukas-quickie-glue\/#primaryimage\"},\"thumbnailUrl\":\"https:\/\/hobstop.ee\/media\/4684.jpg\",\"datePublished\":\"2017-12-07T08:49:52+00:00\",\"dateModified\":\"2017-12-07T08:49:52+00:00\",\"breadcrumb\":{\"@id\":\"https:\/\/hobstop.ee\/lt\/produktas\/kliju-piestukas-quickie-glue\/#breadcrumb\"},\"inLanguage\":\"lt\",\"potentialAction\":[{\"@type\":\"ReadAction\",\"target\":[\"https:\/\/hobstop.ee\/lt\/produktas\/kliju-piestukas-quickie-glue\/\"]}]},{\"@type\":\"ImageObject\",\"inLanguage\":\"lt\",\"@id\":\"https:\/\/hobstop.ee\/lt\/produktas\/kliju-piestukas-quickie-glue\/#primaryimage\",\"url\":\"https:\/\/hobstop.ee\/media\/4684.jpg\",\"contentUrl\":\"https:\/\/hobstop.ee\/media\/4684.jpg\",\"width\":1024,\"height\":768},{\"@type\":\"BreadcrumbList\",\"@id\":\"https:\/\/hobstop.ee\/lt\/produktas\/kliju-piestukas-quickie-glue\/#breadcrumb\",\"itemListElement\":[{\"@type\":\"ListItem\",\"position\":1,\"name\":\"Avaleht\",\"item\":\"https:\/\/hobstop.ee\/lt\/\"},{\"@type\":\"ListItem\",\"position\":2,\"name\":\"Parduotuv\u0117\",\"item\":\"https:\/\/hobstop.ee\/lt\/parduotuve\/\"},{\"@type\":\"ListItem\",\"position\":3,\"name\":\"Klij\u0173 pie\u0161tukas Quickie Glue\"}]},{\"@type\":\"WebSite\",\"@id\":\"https:\/\/hobstop.ee\/lt\/#website\",\"url\":\"https:\/\/hobstop.ee\/lt\/\",\"name\":\"Skizze\",\"description\":\"Dail\u0117s, pom\u0117gi\u0173 ir mokykliniai reikm\u0117nys\",\"publisher\":{\"@id\":\"https:\/\/hobstop.ee\/lt\/#organization\"},\"potentialAction\":[{\"@type\":\"SearchAction\",\"target\":{\"@type\":\"EntryPoint\",\"urlTemplate\":\"https:\/\/hobstop.ee\/lt\/?s={search_term_string}\"},\"query-input\":{\"@type\":\"PropertyValueSpecification\",\"valueRequired\":true,\"valueName\":\"search_term_string\"}}],\"inLanguage\":\"lt\"},{\"@type\":\"Organization\",\"@id\":\"https:\/\/hobstop.ee\/lt\/#organization\",\"name\":\"Vunder AS\",\"url\":\"https:\/\/hobstop.ee\/lt\/\",\"logo\":{\"@type\":\"ImageObject\",\"inLanguage\":\"lt\",\"@id\":\"https:\/\/hobstop.ee\/lt\/#\/schema\/logo\/image\/\",\"url\":\"https:\/\/hobstop.ee\/media\/vunder-logo.png\",\"contentUrl\":\"https:\/\/hobstop.ee\/media\/vunder-logo.png\",\"width\":127,\"height\":55,\"caption\":\"Vunder AS\"},\"image\":{\"@id\":\"https:\/\/hobstop.ee\/lt\/#\/schema\/logo\/image\/\"},\"sameAs\":[\"http:\/\/www.facebook.com\/VunderSkizze\"]}]}<\/script>\n<!-- \/ Yoast SEO plugin. -->","yoast_head_json":{"title":"Klij\u0173 pie\u0161tukas Quickie Glue &#8211; Skizze","robots":{"index":"noindex","follow":"follow","max-snippet":"max-snippet:-1","max-image-preview":"max-image-preview:large","max-video-preview":"max-video-preview:-1"},"og_locale":"lt_LT","og_type":"article","og_title":"Klij\u0173 pie\u0161tukas Quickie Glue &#8211; Skizze","og_description":"Rutulinis klij\u0173 pie\u0161tukas pad\u0117s tiksliai u\u017etepti klijus. Puikiai tinka \u012fvairioms dekoracijoms i\u0161 popieriaus daryti, pavyzd\u017eiui, prie popieriaus priklijuoti karoliukus arba kitus puo\u0161imui skirtus daiktus. Pavir\u0161ius turi b\u016bti \u0161varus ir sausas. Kad suklijuota vieta laikyt\u0173 tvirtai, klijuokite, kol klijai yra dar dr\u0117gni ir m\u0117lynos spalvos. Jeigu norite priklijuoti laikinai, klijuokite, kai klijai i\u0161d\u017eius ir taps skaidr\u016bs.","og_url":"https:\/\/hobstop.ee\/lt\/produktas\/kliju-piestukas-quickie-glue\/","og_site_name":"Skizze","article_publisher":"http:\/\/www.facebook.com\/VunderSkizze","og_image":[{"width":1024,"height":768,"url":"https:\/\/hobstop.ee\/media\/4684.jpg","type":"image\/jpeg"}],"twitter_card":"summary_large_image","schema":{"@context":"https:\/\/schema.org","@graph":[{"@type":"WebPage","@id":"https:\/\/hobstop.ee\/lt\/produktas\/kliju-piestukas-quickie-glue\/","url":"https:\/\/hobstop.ee\/lt\/produktas\/kliju-piestukas-quickie-glue\/","name":"Klij\u0173 pie\u0161tukas Quickie Glue &#8211; Skizze","isPartOf":{"@id":"https:\/\/hobstop.ee\/lt\/#website"},"primaryImageOfPage":{"@id":"https:\/\/hobstop.ee\/lt\/produktas\/kliju-piestukas-quickie-glue\/#primaryimage"},"image":{"@id":"https:\/\/hobstop.ee\/lt\/produktas\/kliju-piestukas-quickie-glue\/#primaryimage"},"thumbnailUrl":"https:\/\/hobstop.ee\/media\/4684.jpg","datePublished":"2017-12-07T08:49:52+00:00","dateModified":"2017-12-07T08:49:52+00:00","breadcrumb":{"@id":"https:\/\/hobstop.ee\/lt\/produktas\/kliju-piestukas-quickie-glue\/#breadcrumb"},"inLanguage":"lt","potentialAction":[{"@type":"ReadAction","target":["https:\/\/hobstop.ee\/lt\/produktas\/kliju-piestukas-quickie-glue\/"]}]},{"@type":"ImageObject","inLanguage":"lt","@id":"https:\/\/hobstop.ee\/lt\/produktas\/kliju-piestukas-quickie-glue\/#primaryimage","url":"https:\/\/hobstop.ee\/media\/4684.jpg","contentUrl":"https:\/\/hobstop.ee\/media\/4684.jpg","width":1024,"height":768},{"@type":"BreadcrumbList","@id":"https:\/\/hobstop.ee\/lt\/produktas\/kliju-piestukas-quickie-glue\/#breadcrumb","itemListElement":[{"@type":"ListItem","position":1,"name":"Avaleht","item":"https:\/\/hobstop.ee\/lt\/"},{"@type":"ListItem","position":2,"name":"Parduotuv\u0117","item":"https:\/\/hobstop.ee\/lt\/parduotuve\/"},{"@type":"ListItem","position":3,"name":"Klij\u0173 pie\u0161tukas Quickie Glue"}]},{"@type":"WebSite","@id":"https:\/\/hobstop.ee\/lt\/#website","url":"https:\/\/hobstop.ee\/lt\/","name":"Skizze","description":"Dail\u0117s, pom\u0117gi\u0173 ir mokykliniai reikm\u0117nys","publisher":{"@id":"https:\/\/hobstop.ee\/lt\/#organization"},"potentialAction":[{"@type":"SearchAction","target":{"@type":"EntryPoint","urlTemplate":"https:\/\/hobstop.ee\/lt\/?s={search_term_string}"},"query-input":{"@type":"PropertyValueSpecification","valueRequired":true,"valueName":"search_term_string"}}],"inLanguage":"lt"},{"@type":"Organization","@id":"https:\/\/hobstop.ee\/lt\/#organization","name":"Vunder AS","url":"https:\/\/hobstop.ee\/lt\/","logo":{"@type":"ImageObject","inLanguage":"lt","@id":"https:\/\/hobstop.ee\/lt\/#\/schema\/logo\/image\/","url":"https:\/\/hobstop.ee\/media\/vunder-logo.png","contentUrl":"https:\/\/hobstop.ee\/media\/vunder-logo.png","width":127,"height":55,"caption":"Vunder AS"},"image":{"@id":"https:\/\/hobstop.ee\/lt\/#\/schema\/logo\/image\/"},"sameAs":["http:\/\/www.facebook.com\/VunderSkizze"]}]}},"_links":{"self":[{"href":"https:\/\/hobstop.ee\/lt\/wp-json\/wp\/v2\/product\/300537","targetHints":{"allow":["GET"]}}],"collection":[{"href":"https:\/\/hobstop.ee\/lt\/wp-json\/wp\/v2\/product"}],"about":[{"href":"https:\/\/hobstop.ee\/lt\/wp-json\/wp\/v2\/types\/product"}],"replies":[{"embeddable":true,"href":"https:\/\/hobstop.ee\/lt\/wp-json\/wp\/v2\/comments?post=300537"}],"wp:featuredmedia":[{"embeddable":true,"href":"https:\/\/hobstop.ee\/lt\/wp-json\/wp\/v2\/media\/301065"}],"wp:attachment":[{"href":"https:\/\/hobstop.ee\/lt\/wp-json\/wp\/v2\/media?parent=300537"}],"wp:term":[{"taxonomy":"product_cat","embeddable":true,"href":"https:\/\/hobstop.ee\/lt\/wp-json\/wp\/v2\/product_cat?post=300537"},{"taxonomy":"product_tag","embeddable":true,"href":"https:\/\/hobstop.ee\/lt\/wp-json\/wp\/v2\/product_tag?post=300537"}],"curies":[{"name":"wp","href":"https:\/\/api.w.org\/{rel}","templated":true}]}}