{"id":300541,"date":"2017-12-07T10:49:55","date_gmt":"2017-12-07T08:49:55","guid":{"rendered":"https:\/\/sharks.ee\/vunder_2019\/lt\/product\/muilas-rayher-skaidrus\/"},"modified":"2017-12-07T10:49:55","modified_gmt":"2017-12-07T08:49:55","slug":"muilas-rayher-skaidrus","status":"publish","type":"product","link":"https:\/\/hobstop.ee\/lt\/produktas\/muilas-rayher-skaidrus\/","title":{"rendered":"Muilas Rayher skaidrus"},"content":{"rendered":"<p>Turint tinkamas sudedam\u0105sias dalis ir receptus muil\u0105 pagaminti yra taip pat lengva, kaip kepti pyragus \u2013 i\u0161lietas formoje, su meile sumai\u0161ytas ir meni\u0161kai dekoruotas muilas tampa tikru \u0161edevru. Galite pasirinkti norimas sudedam\u0105sias dalis ir jas derinti, taip, kaip norite \u2013 formas, spalvas, kvapus &#8230; taip, kaip jums labiausiai patinka. Vonios kambaryje pad\u0117tas J\u016bs\u0173 sukurtas dekoratyvinis muilas visada patrauks d\u0117mes\u012f, be to visada bus puiki nedidel\u0117 dovana.<br \/>\n\u201eRayher\u201c muilas yra pagamintas i\u0161 od\u0105 tausojan\u010dio muilo, jo sud\u0117tyje n\u0117ra gyv\u016bnini\u0173 riebal\u0173 ir aliej\u0173 \u2013 taigi, jis puikiai tinka veganams. Muilas yra patikrintas dermatologi\u0161kai, visos jo sudedamosios dalys atitinka Vokietijos kosmetikai taikom\u0173 normatyv\u0173 reikalavimus (German Cosmetics Ordinance). Muilo gabal\u0105 i\u0161tirpinkite ant virykl\u0117s vandens vonel\u0117je, ne auk\u0161tesn\u0117je nei 60\u00b0C temperat\u016broje. Skyst\u0105 muil\u0105 galima sumai\u0161yti su muilo da\u017eikliais ir muilui kv\u0117pinti skirtais aliejais bei kitais odos prie\u017ei\u016bros produktais ir gaut\u0105 mas\u0119 supilti \u012f muilo liejimo formeles.<\/p>\n","protected":false},"excerpt":{"rendered":"<p>Turint tinkamas sudedam\u0105sias dalis ir receptus muil\u0105 pagaminti yra taip pat lengva, kaip kepti pyragus \u2013 i\u0161lietas formoje, su meile sumai\u0161ytas ir meni\u0161kai dekoruotas muilas tampa tikru \u0161edevru. Galite pasirinkti norimas sudedam\u0105sias dalis ir jas derinti, taip, kaip norite \u2013 formas, spalvas, kvapus &#8230; taip, kaip jums labiausiai patinka. Vonios kambaryje pad\u0117tas J\u016bs\u0173 sukurtas dekoratyvinis muilas visada patrauks d\u0117mes\u012f, be to visada bus puiki nedidel\u0117 dovana. \u201eRayher\u201c muilas yra pagamintas i\u0161 od\u0105 tausojan\u010dio muilo, jo sud\u0117tyje n\u0117ra gyv\u016bnini\u0173 riebal\u0173 ir aliej\u0173 \u2013 taigi, jis puikiai tinka veganams. Muilas yra patikrintas dermatologi\u0161kai, visos jo sudedamosios dalys atitinka Vokietijos kosmetikai taikom\u0173 normatyv\u0173 reikalavimus (German Cosmetics Ordinance). Muilo gabal\u0105 i\u0161tirpinkite ant virykl\u0117s vandens vonel\u0117je, ne auk\u0161tesn\u0117je nei 60\u00b0C temperat\u016broje. Skyst\u0105 muil\u0105 galima sumai\u0161yti su muilo da\u017eikliais ir muilui kv\u0117pinti skirtais aliejais bei kitais odos prie\u017ei\u016bros produktais ir gaut\u0105 mas\u0119 supilti \u012f muilo liejimo formeles.<\/p>\n","protected":false},"featured_media":301069,"comment_status":"closed","ping_status":"closed","template":"","meta":{"_acf_changed":false,"ep_exclude_from_search":false},"product_cat":[20277,20274,17919],"product_tag":[],"class_list":{"0":"post-300541","1":"product","2":"type-product","3":"status-publish","4":"has-post-thumbnail","6":"product_cat-muilo-baze","7":"product_cat-muilo-gamyba","8":"product_cat-pomegiu-prekes","10":"first","11":"instock","12":"taxable","13":"shipping-taxable","14":"purchasable","15":"product-type-simple"},"acf":[],"yoast_head":"<!-- This site is optimized with the Yoast SEO plugin v24.1 - https:\/\/yoast.com\/wordpress\/plugins\/seo\/ -->\n<title>Muilas Rayher skaidrus &#8211; Skizze<\/title>\n<meta name=\"robots\" content=\"noindex, follow, max-snippet:-1, max-image-preview:large, max-video-preview:-1\" \/>\n<meta property=\"og:locale\" content=\"lt_LT\" \/>\n<meta property=\"og:type\" content=\"article\" \/>\n<meta property=\"og:title\" content=\"Muilas Rayher skaidrus &#8211; Skizze\" \/>\n<meta property=\"og:description\" content=\"Turint tinkamas sudedam\u0105sias dalis ir receptus muil\u0105 pagaminti yra taip pat lengva, kaip kepti pyragus \u2013 i\u0161lietas formoje, su meile sumai\u0161ytas ir meni\u0161kai dekoruotas muilas tampa tikru \u0161edevru. Galite pasirinkti norimas sudedam\u0105sias dalis ir jas derinti, taip, kaip norite \u2013 formas, spalvas, kvapus &#8230; taip, kaip jums labiausiai patinka. Vonios kambaryje pad\u0117tas J\u016bs\u0173 sukurtas dekoratyvinis muilas visada patrauks d\u0117mes\u012f, be to visada bus puiki nedidel\u0117 dovana. \u201eRayher\u201c muilas yra pagamintas i\u0161 od\u0105 tausojan\u010dio muilo, jo sud\u0117tyje n\u0117ra gyv\u016bnini\u0173 riebal\u0173 ir aliej\u0173 \u2013 taigi, jis puikiai tinka veganams. Muilas yra patikrintas dermatologi\u0161kai, visos jo sudedamosios dalys atitinka Vokietijos kosmetikai taikom\u0173 normatyv\u0173 reikalavimus (German Cosmetics Ordinance). Muilo gabal\u0105 i\u0161tirpinkite ant virykl\u0117s vandens vonel\u0117je, ne auk\u0161tesn\u0117je nei 60\u00b0C temperat\u016broje. Skyst\u0105 muil\u0105 galima sumai\u0161yti su muilo da\u017eikliais ir muilui kv\u0117pinti skirtais aliejais bei kitais odos prie\u017ei\u016bros produktais ir gaut\u0105 mas\u0119 supilti \u012f muilo liejimo formeles.\" \/>\n<meta property=\"og:url\" content=\"https:\/\/hobstop.ee\/lt\/produktas\/muilas-rayher-skaidrus\/\" \/>\n<meta property=\"og:site_name\" content=\"Skizze\" \/>\n<meta property=\"article:publisher\" content=\"http:\/\/www.facebook.com\/VunderSkizze\" \/>\n<meta property=\"og:image\" content=\"https:\/\/hobstop.ee\/media\/4686.jpg\" \/>\n\t<meta property=\"og:image:width\" content=\"1024\" \/>\n\t<meta property=\"og:image:height\" content=\"768\" \/>\n\t<meta property=\"og:image:type\" content=\"image\/jpeg\" \/>\n<meta name=\"twitter:card\" content=\"summary_large_image\" \/>\n<meta name=\"twitter:label1\" content=\"Est. reading time\" \/>\n\t<meta name=\"twitter:data1\" content=\"1 minute\" \/>\n<script type=\"application\/ld+json\" class=\"yoast-schema-graph\">{\"@context\":\"https:\/\/schema.org\",\"@graph\":[{\"@type\":\"WebPage\",\"@id\":\"https:\/\/hobstop.ee\/lt\/produktas\/muilas-rayher-skaidrus\/\",\"url\":\"https:\/\/hobstop.ee\/lt\/produktas\/muilas-rayher-skaidrus\/\",\"name\":\"Muilas Rayher skaidrus &#8211; Skizze\",\"isPartOf\":{\"@id\":\"https:\/\/hobstop.ee\/lt\/#website\"},\"primaryImageOfPage\":{\"@id\":\"https:\/\/hobstop.ee\/lt\/produktas\/muilas-rayher-skaidrus\/#primaryimage\"},\"image\":{\"@id\":\"https:\/\/hobstop.ee\/lt\/produktas\/muilas-rayher-skaidrus\/#primaryimage\"},\"thumbnailUrl\":\"https:\/\/hobstop.ee\/media\/4686.jpg\",\"datePublished\":\"2017-12-07T08:49:55+00:00\",\"dateModified\":\"2017-12-07T08:49:55+00:00\",\"breadcrumb\":{\"@id\":\"https:\/\/hobstop.ee\/lt\/produktas\/muilas-rayher-skaidrus\/#breadcrumb\"},\"inLanguage\":\"lt\",\"potentialAction\":[{\"@type\":\"ReadAction\",\"target\":[\"https:\/\/hobstop.ee\/lt\/produktas\/muilas-rayher-skaidrus\/\"]}]},{\"@type\":\"ImageObject\",\"inLanguage\":\"lt\",\"@id\":\"https:\/\/hobstop.ee\/lt\/produktas\/muilas-rayher-skaidrus\/#primaryimage\",\"url\":\"https:\/\/hobstop.ee\/media\/4686.jpg\",\"contentUrl\":\"https:\/\/hobstop.ee\/media\/4686.jpg\",\"width\":1024,\"height\":768},{\"@type\":\"BreadcrumbList\",\"@id\":\"https:\/\/hobstop.ee\/lt\/produktas\/muilas-rayher-skaidrus\/#breadcrumb\",\"itemListElement\":[{\"@type\":\"ListItem\",\"position\":1,\"name\":\"Avaleht\",\"item\":\"https:\/\/hobstop.ee\/lt\/\"},{\"@type\":\"ListItem\",\"position\":2,\"name\":\"Parduotuv\u0117\",\"item\":\"https:\/\/hobstop.ee\/lt\/parduotuve\/\"},{\"@type\":\"ListItem\",\"position\":3,\"name\":\"Muilas Rayher skaidrus\"}]},{\"@type\":\"WebSite\",\"@id\":\"https:\/\/hobstop.ee\/lt\/#website\",\"url\":\"https:\/\/hobstop.ee\/lt\/\",\"name\":\"Skizze\",\"description\":\"Dail\u0117s, pom\u0117gi\u0173 ir mokykliniai reikm\u0117nys\",\"publisher\":{\"@id\":\"https:\/\/hobstop.ee\/lt\/#organization\"},\"potentialAction\":[{\"@type\":\"SearchAction\",\"target\":{\"@type\":\"EntryPoint\",\"urlTemplate\":\"https:\/\/hobstop.ee\/lt\/?s={search_term_string}\"},\"query-input\":{\"@type\":\"PropertyValueSpecification\",\"valueRequired\":true,\"valueName\":\"search_term_string\"}}],\"inLanguage\":\"lt\"},{\"@type\":\"Organization\",\"@id\":\"https:\/\/hobstop.ee\/lt\/#organization\",\"name\":\"Vunder AS\",\"url\":\"https:\/\/hobstop.ee\/lt\/\",\"logo\":{\"@type\":\"ImageObject\",\"inLanguage\":\"lt\",\"@id\":\"https:\/\/hobstop.ee\/lt\/#\/schema\/logo\/image\/\",\"url\":\"https:\/\/hobstop.ee\/media\/vunder-logo.png\",\"contentUrl\":\"https:\/\/hobstop.ee\/media\/vunder-logo.png\",\"width\":127,\"height\":55,\"caption\":\"Vunder AS\"},\"image\":{\"@id\":\"https:\/\/hobstop.ee\/lt\/#\/schema\/logo\/image\/\"},\"sameAs\":[\"http:\/\/www.facebook.com\/VunderSkizze\"]}]}<\/script>\n<!-- \/ Yoast SEO plugin. -->","yoast_head_json":{"title":"Muilas Rayher skaidrus &#8211; Skizze","robots":{"index":"noindex","follow":"follow","max-snippet":"max-snippet:-1","max-image-preview":"max-image-preview:large","max-video-preview":"max-video-preview:-1"},"og_locale":"lt_LT","og_type":"article","og_title":"Muilas Rayher skaidrus &#8211; Skizze","og_description":"Turint tinkamas sudedam\u0105sias dalis ir receptus muil\u0105 pagaminti yra taip pat lengva, kaip kepti pyragus \u2013 i\u0161lietas formoje, su meile sumai\u0161ytas ir meni\u0161kai dekoruotas muilas tampa tikru \u0161edevru. Galite pasirinkti norimas sudedam\u0105sias dalis ir jas derinti, taip, kaip norite \u2013 formas, spalvas, kvapus &#8230; taip, kaip jums labiausiai patinka. Vonios kambaryje pad\u0117tas J\u016bs\u0173 sukurtas dekoratyvinis muilas visada patrauks d\u0117mes\u012f, be to visada bus puiki nedidel\u0117 dovana. \u201eRayher\u201c muilas yra pagamintas i\u0161 od\u0105 tausojan\u010dio muilo, jo sud\u0117tyje n\u0117ra gyv\u016bnini\u0173 riebal\u0173 ir aliej\u0173 \u2013 taigi, jis puikiai tinka veganams. Muilas yra patikrintas dermatologi\u0161kai, visos jo sudedamosios dalys atitinka Vokietijos kosmetikai taikom\u0173 normatyv\u0173 reikalavimus (German Cosmetics Ordinance). Muilo gabal\u0105 i\u0161tirpinkite ant virykl\u0117s vandens vonel\u0117je, ne auk\u0161tesn\u0117je nei 60\u00b0C temperat\u016broje. Skyst\u0105 muil\u0105 galima sumai\u0161yti su muilo da\u017eikliais ir muilui kv\u0117pinti skirtais aliejais bei kitais odos prie\u017ei\u016bros produktais ir gaut\u0105 mas\u0119 supilti \u012f muilo liejimo formeles.","og_url":"https:\/\/hobstop.ee\/lt\/produktas\/muilas-rayher-skaidrus\/","og_site_name":"Skizze","article_publisher":"http:\/\/www.facebook.com\/VunderSkizze","og_image":[{"width":1024,"height":768,"url":"https:\/\/hobstop.ee\/media\/4686.jpg","type":"image\/jpeg"}],"twitter_card":"summary_large_image","twitter_misc":{"Est. reading time":"1 minute"},"schema":{"@context":"https:\/\/schema.org","@graph":[{"@type":"WebPage","@id":"https:\/\/hobstop.ee\/lt\/produktas\/muilas-rayher-skaidrus\/","url":"https:\/\/hobstop.ee\/lt\/produktas\/muilas-rayher-skaidrus\/","name":"Muilas Rayher skaidrus &#8211; Skizze","isPartOf":{"@id":"https:\/\/hobstop.ee\/lt\/#website"},"primaryImageOfPage":{"@id":"https:\/\/hobstop.ee\/lt\/produktas\/muilas-rayher-skaidrus\/#primaryimage"},"image":{"@id":"https:\/\/hobstop.ee\/lt\/produktas\/muilas-rayher-skaidrus\/#primaryimage"},"thumbnailUrl":"https:\/\/hobstop.ee\/media\/4686.jpg","datePublished":"2017-12-07T08:49:55+00:00","dateModified":"2017-12-07T08:49:55+00:00","breadcrumb":{"@id":"https:\/\/hobstop.ee\/lt\/produktas\/muilas-rayher-skaidrus\/#breadcrumb"},"inLanguage":"lt","potentialAction":[{"@type":"ReadAction","target":["https:\/\/hobstop.ee\/lt\/produktas\/muilas-rayher-skaidrus\/"]}]},{"@type":"ImageObject","inLanguage":"lt","@id":"https:\/\/hobstop.ee\/lt\/produktas\/muilas-rayher-skaidrus\/#primaryimage","url":"https:\/\/hobstop.ee\/media\/4686.jpg","contentUrl":"https:\/\/hobstop.ee\/media\/4686.jpg","width":1024,"height":768},{"@type":"BreadcrumbList","@id":"https:\/\/hobstop.ee\/lt\/produktas\/muilas-rayher-skaidrus\/#breadcrumb","itemListElement":[{"@type":"ListItem","position":1,"name":"Avaleht","item":"https:\/\/hobstop.ee\/lt\/"},{"@type":"ListItem","position":2,"name":"Parduotuv\u0117","item":"https:\/\/hobstop.ee\/lt\/parduotuve\/"},{"@type":"ListItem","position":3,"name":"Muilas Rayher skaidrus"}]},{"@type":"WebSite","@id":"https:\/\/hobstop.ee\/lt\/#website","url":"https:\/\/hobstop.ee\/lt\/","name":"Skizze","description":"Dail\u0117s, pom\u0117gi\u0173 ir mokykliniai reikm\u0117nys","publisher":{"@id":"https:\/\/hobstop.ee\/lt\/#organization"},"potentialAction":[{"@type":"SearchAction","target":{"@type":"EntryPoint","urlTemplate":"https:\/\/hobstop.ee\/lt\/?s={search_term_string}"},"query-input":{"@type":"PropertyValueSpecification","valueRequired":true,"valueName":"search_term_string"}}],"inLanguage":"lt"},{"@type":"Organization","@id":"https:\/\/hobstop.ee\/lt\/#organization","name":"Vunder AS","url":"https:\/\/hobstop.ee\/lt\/","logo":{"@type":"ImageObject","inLanguage":"lt","@id":"https:\/\/hobstop.ee\/lt\/#\/schema\/logo\/image\/","url":"https:\/\/hobstop.ee\/media\/vunder-logo.png","contentUrl":"https:\/\/hobstop.ee\/media\/vunder-logo.png","width":127,"height":55,"caption":"Vunder AS"},"image":{"@id":"https:\/\/hobstop.ee\/lt\/#\/schema\/logo\/image\/"},"sameAs":["http:\/\/www.facebook.com\/VunderSkizze"]}]}},"_links":{"self":[{"href":"https:\/\/hobstop.ee\/lt\/wp-json\/wp\/v2\/product\/300541","targetHints":{"allow":["GET"]}}],"collection":[{"href":"https:\/\/hobstop.ee\/lt\/wp-json\/wp\/v2\/product"}],"about":[{"href":"https:\/\/hobstop.ee\/lt\/wp-json\/wp\/v2\/types\/product"}],"replies":[{"embeddable":true,"href":"https:\/\/hobstop.ee\/lt\/wp-json\/wp\/v2\/comments?post=300541"}],"wp:featuredmedia":[{"embeddable":true,"href":"https:\/\/hobstop.ee\/lt\/wp-json\/wp\/v2\/media\/301069"}],"wp:attachment":[{"href":"https:\/\/hobstop.ee\/lt\/wp-json\/wp\/v2\/media?parent=300541"}],"wp:term":[{"taxonomy":"product_cat","embeddable":true,"href":"https:\/\/hobstop.ee\/lt\/wp-json\/wp\/v2\/product_cat?post=300541"},{"taxonomy":"product_tag","embeddable":true,"href":"https:\/\/hobstop.ee\/lt\/wp-json\/wp\/v2\/product_tag?post=300541"}],"curies":[{"name":"wp","href":"https:\/\/api.w.org\/{rel}","templated":true}]}}