{"id":300545,"date":"2017-12-07T10:49:57","date_gmt":"2017-12-07T08:49:57","guid":{"rendered":"https:\/\/sharks.ee\/vunder_2019\/lt\/product\/aromatinis-aliejus-muilui-rayher\/"},"modified":"2017-12-07T10:49:57","modified_gmt":"2017-12-07T08:49:57","slug":"aromatinis-aliejus-muilui-rayher","status":"publish","type":"product","link":"https:\/\/hobstop.ee\/lt\/produktas\/aromatinis-aliejus-muilui-rayher\/","title":{"rendered":"Aromatinis aliejus muilui Rayher"},"content":{"rendered":"<p>Turint tinkamas sudedam\u0105sias dalis ir receptus muil\u0105 pagaminti yra taip pat lengva, kaip kepti pyragus \u2013 i\u0161lietas formoje, su meile sumai\u0161ytas ir meni\u0161kai dekoruotas muilas tampa tikru \u0161edevru. Galite pasirinkti norimas sudedam\u0105sias dalis ir jas derinti, taip, kaip norite \u2013 formas, spalvas, kvapus &#8230; taip, kaip jums labiausiai patinka. Vonios kambaryje pad\u0117tas J\u016bs\u0173 sukurtas dekoratyvinis muilas visada patrauks d\u0117mes\u012f, be to visada bus puiki nedidel\u0117 dovana.<br \/>\nKvapniuosius \u201eRayher\u201c aliejus galima naudoti darant muil\u0105, vonios kamuoliukus, druskas arba minkom\u0105 muil\u0105. \u0160ie eteriniai aliejai nat\u016braliai tausoja od\u0105 ir turi raminant\u012f poveik\u012f. \u012e kvepalus yra prid\u0117ta aktyvi\u0173j\u0173 kosmetikos pavir\u0161iaus med\u017eiag\u0173, kad jas b\u016bt\u0173 galima sumai\u0161yti su skystu muilo ruo\u0161iniu, kurio sud\u0117tyje yra vandens. Sudedamosios dalys atitinka dermatologinei kosmetikai keliamus reikalavimus, jose n\u0117ra ter\u0161al\u0173 ir nekenkia aplinkai.<\/p>\n","protected":false},"excerpt":{"rendered":"<p>Turint tinkamas sudedam\u0105sias dalis ir receptus muil\u0105 pagaminti yra taip pat lengva, kaip kepti pyragus \u2013 i\u0161lietas formoje, su meile sumai\u0161ytas ir meni\u0161kai dekoruotas muilas tampa tikru \u0161edevru. Galite pasirinkti norimas sudedam\u0105sias dalis ir jas derinti, taip, kaip norite \u2013 formas, spalvas, kvapus &#8230; taip, kaip jums labiausiai patinka. Vonios kambaryje pad\u0117tas J\u016bs\u0173 sukurtas dekoratyvinis muilas visada patrauks d\u0117mes\u012f, be to visada bus puiki nedidel\u0117 dovana. Kvapniuosius \u201eRayher\u201c aliejus galima naudoti darant muil\u0105, vonios kamuoliukus, druskas arba minkom\u0105 muil\u0105. \u0160ie eteriniai aliejai nat\u016braliai tausoja od\u0105 ir turi raminant\u012f poveik\u012f. \u012e kvepalus yra prid\u0117ta aktyvi\u0173j\u0173 kosmetikos pavir\u0161iaus med\u017eiag\u0173, kad jas b\u016bt\u0173 galima sumai\u0161yti su skystu muilo ruo\u0161iniu, kurio sud\u0117tyje yra vandens. Sudedamosios dalys atitinka dermatologinei kosmetikai keliamus reikalavimus, jose n\u0117ra ter\u0161al\u0173 ir nekenkia aplinkai.<\/p>\n","protected":false},"featured_media":301073,"comment_status":"closed","ping_status":"closed","template":"","meta":{"_acf_changed":false,"ep_exclude_from_search":false},"product_cat":[20274,17919,20239],"product_tag":[],"class_list":{"0":"post-300545","1":"product","2":"type-product","3":"status-publish","4":"has-post-thumbnail","6":"product_cat-muilo-gamyba","7":"product_cat-pomegiu-prekes","8":"product_cat-priedai-2","10":"first","11":"instock","12":"taxable","13":"shipping-taxable","14":"purchasable","15":"product-type-simple"},"acf":[],"yoast_head":"<!-- This site is optimized with the Yoast SEO plugin v24.1 - https:\/\/yoast.com\/wordpress\/plugins\/seo\/ -->\n<title>Aromatinis aliejus muilui Rayher &#8211; Skizze<\/title>\n<meta name=\"robots\" content=\"noindex, follow, max-snippet:-1, max-image-preview:large, max-video-preview:-1\" \/>\n<meta property=\"og:locale\" content=\"lt_LT\" \/>\n<meta property=\"og:type\" content=\"article\" \/>\n<meta property=\"og:title\" content=\"Aromatinis aliejus muilui Rayher &#8211; Skizze\" \/>\n<meta property=\"og:description\" content=\"Turint tinkamas sudedam\u0105sias dalis ir receptus muil\u0105 pagaminti yra taip pat lengva, kaip kepti pyragus \u2013 i\u0161lietas formoje, su meile sumai\u0161ytas ir meni\u0161kai dekoruotas muilas tampa tikru \u0161edevru. Galite pasirinkti norimas sudedam\u0105sias dalis ir jas derinti, taip, kaip norite \u2013 formas, spalvas, kvapus &#8230; taip, kaip jums labiausiai patinka. Vonios kambaryje pad\u0117tas J\u016bs\u0173 sukurtas dekoratyvinis muilas visada patrauks d\u0117mes\u012f, be to visada bus puiki nedidel\u0117 dovana. Kvapniuosius \u201eRayher\u201c aliejus galima naudoti darant muil\u0105, vonios kamuoliukus, druskas arba minkom\u0105 muil\u0105. \u0160ie eteriniai aliejai nat\u016braliai tausoja od\u0105 ir turi raminant\u012f poveik\u012f. \u012e kvepalus yra prid\u0117ta aktyvi\u0173j\u0173 kosmetikos pavir\u0161iaus med\u017eiag\u0173, kad jas b\u016bt\u0173 galima sumai\u0161yti su skystu muilo ruo\u0161iniu, kurio sud\u0117tyje yra vandens. Sudedamosios dalys atitinka dermatologinei kosmetikai keliamus reikalavimus, jose n\u0117ra ter\u0161al\u0173 ir nekenkia aplinkai.\" \/>\n<meta property=\"og:url\" content=\"https:\/\/hobstop.ee\/lt\/produktas\/aromatinis-aliejus-muilui-rayher\/\" \/>\n<meta property=\"og:site_name\" content=\"Skizze\" \/>\n<meta property=\"article:publisher\" content=\"http:\/\/www.facebook.com\/VunderSkizze\" \/>\n<meta property=\"og:image\" content=\"https:\/\/hobstop.ee\/media\/4687.jpg\" \/>\n\t<meta property=\"og:image:width\" content=\"1024\" \/>\n\t<meta property=\"og:image:height\" content=\"768\" \/>\n\t<meta property=\"og:image:type\" content=\"image\/jpeg\" \/>\n<meta name=\"twitter:card\" content=\"summary_large_image\" \/>\n<meta name=\"twitter:label1\" content=\"Est. reading time\" \/>\n\t<meta name=\"twitter:data1\" content=\"1 minute\" \/>\n<script type=\"application\/ld+json\" class=\"yoast-schema-graph\">{\"@context\":\"https:\/\/schema.org\",\"@graph\":[{\"@type\":\"WebPage\",\"@id\":\"https:\/\/hobstop.ee\/lt\/produktas\/aromatinis-aliejus-muilui-rayher\/\",\"url\":\"https:\/\/hobstop.ee\/lt\/produktas\/aromatinis-aliejus-muilui-rayher\/\",\"name\":\"Aromatinis aliejus muilui Rayher &#8211; Skizze\",\"isPartOf\":{\"@id\":\"https:\/\/hobstop.ee\/lt\/#website\"},\"primaryImageOfPage\":{\"@id\":\"https:\/\/hobstop.ee\/lt\/produktas\/aromatinis-aliejus-muilui-rayher\/#primaryimage\"},\"image\":{\"@id\":\"https:\/\/hobstop.ee\/lt\/produktas\/aromatinis-aliejus-muilui-rayher\/#primaryimage\"},\"thumbnailUrl\":\"https:\/\/hobstop.ee\/media\/4687.jpg\",\"datePublished\":\"2017-12-07T08:49:57+00:00\",\"dateModified\":\"2017-12-07T08:49:57+00:00\",\"breadcrumb\":{\"@id\":\"https:\/\/hobstop.ee\/lt\/produktas\/aromatinis-aliejus-muilui-rayher\/#breadcrumb\"},\"inLanguage\":\"lt\",\"potentialAction\":[{\"@type\":\"ReadAction\",\"target\":[\"https:\/\/hobstop.ee\/lt\/produktas\/aromatinis-aliejus-muilui-rayher\/\"]}]},{\"@type\":\"ImageObject\",\"inLanguage\":\"lt\",\"@id\":\"https:\/\/hobstop.ee\/lt\/produktas\/aromatinis-aliejus-muilui-rayher\/#primaryimage\",\"url\":\"https:\/\/hobstop.ee\/media\/4687.jpg\",\"contentUrl\":\"https:\/\/hobstop.ee\/media\/4687.jpg\",\"width\":1024,\"height\":768},{\"@type\":\"BreadcrumbList\",\"@id\":\"https:\/\/hobstop.ee\/lt\/produktas\/aromatinis-aliejus-muilui-rayher\/#breadcrumb\",\"itemListElement\":[{\"@type\":\"ListItem\",\"position\":1,\"name\":\"Avaleht\",\"item\":\"https:\/\/hobstop.ee\/lt\/\"},{\"@type\":\"ListItem\",\"position\":2,\"name\":\"Parduotuv\u0117\",\"item\":\"https:\/\/hobstop.ee\/lt\/parduotuve\/\"},{\"@type\":\"ListItem\",\"position\":3,\"name\":\"Aromatinis aliejus muilui Rayher\"}]},{\"@type\":\"WebSite\",\"@id\":\"https:\/\/hobstop.ee\/lt\/#website\",\"url\":\"https:\/\/hobstop.ee\/lt\/\",\"name\":\"Skizze\",\"description\":\"Dail\u0117s, pom\u0117gi\u0173 ir mokykliniai reikm\u0117nys\",\"publisher\":{\"@id\":\"https:\/\/hobstop.ee\/lt\/#organization\"},\"potentialAction\":[{\"@type\":\"SearchAction\",\"target\":{\"@type\":\"EntryPoint\",\"urlTemplate\":\"https:\/\/hobstop.ee\/lt\/?s={search_term_string}\"},\"query-input\":{\"@type\":\"PropertyValueSpecification\",\"valueRequired\":true,\"valueName\":\"search_term_string\"}}],\"inLanguage\":\"lt\"},{\"@type\":\"Organization\",\"@id\":\"https:\/\/hobstop.ee\/lt\/#organization\",\"name\":\"Vunder AS\",\"url\":\"https:\/\/hobstop.ee\/lt\/\",\"logo\":{\"@type\":\"ImageObject\",\"inLanguage\":\"lt\",\"@id\":\"https:\/\/hobstop.ee\/lt\/#\/schema\/logo\/image\/\",\"url\":\"https:\/\/hobstop.ee\/media\/vunder-logo.png\",\"contentUrl\":\"https:\/\/hobstop.ee\/media\/vunder-logo.png\",\"width\":127,\"height\":55,\"caption\":\"Vunder AS\"},\"image\":{\"@id\":\"https:\/\/hobstop.ee\/lt\/#\/schema\/logo\/image\/\"},\"sameAs\":[\"http:\/\/www.facebook.com\/VunderSkizze\"]}]}<\/script>\n<!-- \/ Yoast SEO plugin. -->","yoast_head_json":{"title":"Aromatinis aliejus muilui Rayher &#8211; Skizze","robots":{"index":"noindex","follow":"follow","max-snippet":"max-snippet:-1","max-image-preview":"max-image-preview:large","max-video-preview":"max-video-preview:-1"},"og_locale":"lt_LT","og_type":"article","og_title":"Aromatinis aliejus muilui Rayher &#8211; Skizze","og_description":"Turint tinkamas sudedam\u0105sias dalis ir receptus muil\u0105 pagaminti yra taip pat lengva, kaip kepti pyragus \u2013 i\u0161lietas formoje, su meile sumai\u0161ytas ir meni\u0161kai dekoruotas muilas tampa tikru \u0161edevru. Galite pasirinkti norimas sudedam\u0105sias dalis ir jas derinti, taip, kaip norite \u2013 formas, spalvas, kvapus &#8230; taip, kaip jums labiausiai patinka. Vonios kambaryje pad\u0117tas J\u016bs\u0173 sukurtas dekoratyvinis muilas visada patrauks d\u0117mes\u012f, be to visada bus puiki nedidel\u0117 dovana. Kvapniuosius \u201eRayher\u201c aliejus galima naudoti darant muil\u0105, vonios kamuoliukus, druskas arba minkom\u0105 muil\u0105. \u0160ie eteriniai aliejai nat\u016braliai tausoja od\u0105 ir turi raminant\u012f poveik\u012f. \u012e kvepalus yra prid\u0117ta aktyvi\u0173j\u0173 kosmetikos pavir\u0161iaus med\u017eiag\u0173, kad jas b\u016bt\u0173 galima sumai\u0161yti su skystu muilo ruo\u0161iniu, kurio sud\u0117tyje yra vandens. Sudedamosios dalys atitinka dermatologinei kosmetikai keliamus reikalavimus, jose n\u0117ra ter\u0161al\u0173 ir nekenkia aplinkai.","og_url":"https:\/\/hobstop.ee\/lt\/produktas\/aromatinis-aliejus-muilui-rayher\/","og_site_name":"Skizze","article_publisher":"http:\/\/www.facebook.com\/VunderSkizze","og_image":[{"width":1024,"height":768,"url":"https:\/\/hobstop.ee\/media\/4687.jpg","type":"image\/jpeg"}],"twitter_card":"summary_large_image","twitter_misc":{"Est. reading time":"1 minute"},"schema":{"@context":"https:\/\/schema.org","@graph":[{"@type":"WebPage","@id":"https:\/\/hobstop.ee\/lt\/produktas\/aromatinis-aliejus-muilui-rayher\/","url":"https:\/\/hobstop.ee\/lt\/produktas\/aromatinis-aliejus-muilui-rayher\/","name":"Aromatinis aliejus muilui Rayher &#8211; Skizze","isPartOf":{"@id":"https:\/\/hobstop.ee\/lt\/#website"},"primaryImageOfPage":{"@id":"https:\/\/hobstop.ee\/lt\/produktas\/aromatinis-aliejus-muilui-rayher\/#primaryimage"},"image":{"@id":"https:\/\/hobstop.ee\/lt\/produktas\/aromatinis-aliejus-muilui-rayher\/#primaryimage"},"thumbnailUrl":"https:\/\/hobstop.ee\/media\/4687.jpg","datePublished":"2017-12-07T08:49:57+00:00","dateModified":"2017-12-07T08:49:57+00:00","breadcrumb":{"@id":"https:\/\/hobstop.ee\/lt\/produktas\/aromatinis-aliejus-muilui-rayher\/#breadcrumb"},"inLanguage":"lt","potentialAction":[{"@type":"ReadAction","target":["https:\/\/hobstop.ee\/lt\/produktas\/aromatinis-aliejus-muilui-rayher\/"]}]},{"@type":"ImageObject","inLanguage":"lt","@id":"https:\/\/hobstop.ee\/lt\/produktas\/aromatinis-aliejus-muilui-rayher\/#primaryimage","url":"https:\/\/hobstop.ee\/media\/4687.jpg","contentUrl":"https:\/\/hobstop.ee\/media\/4687.jpg","width":1024,"height":768},{"@type":"BreadcrumbList","@id":"https:\/\/hobstop.ee\/lt\/produktas\/aromatinis-aliejus-muilui-rayher\/#breadcrumb","itemListElement":[{"@type":"ListItem","position":1,"name":"Avaleht","item":"https:\/\/hobstop.ee\/lt\/"},{"@type":"ListItem","position":2,"name":"Parduotuv\u0117","item":"https:\/\/hobstop.ee\/lt\/parduotuve\/"},{"@type":"ListItem","position":3,"name":"Aromatinis aliejus muilui Rayher"}]},{"@type":"WebSite","@id":"https:\/\/hobstop.ee\/lt\/#website","url":"https:\/\/hobstop.ee\/lt\/","name":"Skizze","description":"Dail\u0117s, pom\u0117gi\u0173 ir mokykliniai reikm\u0117nys","publisher":{"@id":"https:\/\/hobstop.ee\/lt\/#organization"},"potentialAction":[{"@type":"SearchAction","target":{"@type":"EntryPoint","urlTemplate":"https:\/\/hobstop.ee\/lt\/?s={search_term_string}"},"query-input":{"@type":"PropertyValueSpecification","valueRequired":true,"valueName":"search_term_string"}}],"inLanguage":"lt"},{"@type":"Organization","@id":"https:\/\/hobstop.ee\/lt\/#organization","name":"Vunder AS","url":"https:\/\/hobstop.ee\/lt\/","logo":{"@type":"ImageObject","inLanguage":"lt","@id":"https:\/\/hobstop.ee\/lt\/#\/schema\/logo\/image\/","url":"https:\/\/hobstop.ee\/media\/vunder-logo.png","contentUrl":"https:\/\/hobstop.ee\/media\/vunder-logo.png","width":127,"height":55,"caption":"Vunder AS"},"image":{"@id":"https:\/\/hobstop.ee\/lt\/#\/schema\/logo\/image\/"},"sameAs":["http:\/\/www.facebook.com\/VunderSkizze"]}]}},"_links":{"self":[{"href":"https:\/\/hobstop.ee\/lt\/wp-json\/wp\/v2\/product\/300545","targetHints":{"allow":["GET"]}}],"collection":[{"href":"https:\/\/hobstop.ee\/lt\/wp-json\/wp\/v2\/product"}],"about":[{"href":"https:\/\/hobstop.ee\/lt\/wp-json\/wp\/v2\/types\/product"}],"replies":[{"embeddable":true,"href":"https:\/\/hobstop.ee\/lt\/wp-json\/wp\/v2\/comments?post=300545"}],"wp:featuredmedia":[{"embeddable":true,"href":"https:\/\/hobstop.ee\/lt\/wp-json\/wp\/v2\/media\/301073"}],"wp:attachment":[{"href":"https:\/\/hobstop.ee\/lt\/wp-json\/wp\/v2\/media?parent=300545"}],"wp:term":[{"taxonomy":"product_cat","embeddable":true,"href":"https:\/\/hobstop.ee\/lt\/wp-json\/wp\/v2\/product_cat?post=300545"},{"taxonomy":"product_tag","embeddable":true,"href":"https:\/\/hobstop.ee\/lt\/wp-json\/wp\/v2\/product_tag?post=300545"}],"curies":[{"name":"wp","href":"https:\/\/api.w.org\/{rel}","templated":true}]}}