{"id":300577,"date":"2017-12-07T10:50:16","date_gmt":"2017-12-07T08:50:16","guid":{"rendered":"https:\/\/sharks.ee\/vunder_2019\/lt\/product\/kinetinis-smelis-aladine-happy-sand-250g\/"},"modified":"2017-12-07T10:50:16","modified_gmt":"2017-12-07T08:50:16","slug":"kinetinis-smelis-aladine-happy-sand-250g","status":"publish","type":"product","link":"https:\/\/hobstop.ee\/lt\/produktas\/kinetinis-smelis-aladine-happy-sand-250g\/","title":{"rendered":"Kinetinis sm\u0117lis Aladine Happy Sand 250g"},"content":{"rendered":"<p>Kinetinis sm\u0117lis \u201eAladine Happy Sand\u201c \u2013 modeliavimo sm\u0117lis be toksin\u0173, rankose ned\u017ei\u016bsta. Vaikas gali leisti pasireik\u0161ti savo fantazijai ir kurti \u012fvairias formas, skulpt\u016bras ir visada prad\u0117ti i\u0161 naujo. Sm\u0117lis \u201eHappy Sand\u201c yra malonios tekst\u016bros, lengvai minkomas. I\u0161 mink\u0161t\u0173 ir lengv\u0173 smil\u010di\u0173 sm\u0117lio galima sukurti ir detalius darbus. Tinka vyresniems nei 3 met\u0173 vaikams.<\/p>\n","protected":false},"excerpt":{"rendered":"<p>Kinetinis sm\u0117lis \u201eAladine Happy Sand\u201c \u2013 modeliavimo sm\u0117lis be toksin\u0173, rankose ned\u017ei\u016bsta. Vaikas gali leisti pasireik\u0161ti savo fantazijai ir kurti \u012fvairias formas, skulpt\u016bras ir visada prad\u0117ti i\u0161 naujo. Sm\u0117lis \u201eHappy Sand\u201c yra malonios tekst\u016bros, lengvai minkomas. I\u0161 mink\u0161t\u0173 ir lengv\u0173 smil\u010di\u0173 sm\u0117lio galima sukurti ir detalius darbus. Tinka vyresniems nei 3 met\u0173 vaikams.<\/p>\n","protected":false},"featured_media":301105,"comment_status":"closed","ping_status":"closed","template":"","meta":{"_acf_changed":false,"ep_exclude_from_search":false},"product_cat":[20405,20028,19836],"product_tag":[],"class_list":{"0":"post-300577","1":"product","2":"type-product","3":"status-publish","4":"has-post-thumbnail","6":"product_cat-smelis","7":"product_cat-ugdomieji-zaislai","8":"product_cat-vaiku-laisvalaikio-prekes","10":"first","11":"instock","12":"taxable","13":"shipping-taxable","14":"purchasable","15":"product-type-simple"},"acf":[],"yoast_head":"<!-- This site is optimized with the Yoast SEO plugin v24.1 - https:\/\/yoast.com\/wordpress\/plugins\/seo\/ -->\n<title>Kinetinis sm\u0117lis Aladine Happy Sand 250g &#8211; Skizze<\/title>\n<meta name=\"robots\" content=\"noindex, follow, max-snippet:-1, max-image-preview:large, max-video-preview:-1\" \/>\n<meta property=\"og:locale\" content=\"lt_LT\" \/>\n<meta property=\"og:type\" content=\"article\" \/>\n<meta property=\"og:title\" content=\"Kinetinis sm\u0117lis Aladine Happy Sand 250g &#8211; Skizze\" \/>\n<meta property=\"og:description\" content=\"Kinetinis sm\u0117lis \u201eAladine Happy Sand\u201c \u2013 modeliavimo sm\u0117lis be toksin\u0173, rankose ned\u017ei\u016bsta. Vaikas gali leisti pasireik\u0161ti savo fantazijai ir kurti \u012fvairias formas, skulpt\u016bras ir visada prad\u0117ti i\u0161 naujo. Sm\u0117lis \u201eHappy Sand\u201c yra malonios tekst\u016bros, lengvai minkomas. I\u0161 mink\u0161t\u0173 ir lengv\u0173 smil\u010di\u0173 sm\u0117lio galima sukurti ir detalius darbus. Tinka vyresniems nei 3 met\u0173 vaikams.\" \/>\n<meta property=\"og:url\" content=\"https:\/\/hobstop.ee\/lt\/produktas\/kinetinis-smelis-aladine-happy-sand-250g\/\" \/>\n<meta property=\"og:site_name\" content=\"Skizze\" \/>\n<meta property=\"article:publisher\" content=\"http:\/\/www.facebook.com\/VunderSkizze\" \/>\n<meta property=\"og:image\" content=\"https:\/\/www.hobstop.ee\/media\/4705.jpg\" \/>\n\t<meta property=\"og:image:width\" content=\"1024\" \/>\n\t<meta property=\"og:image:height\" content=\"768\" \/>\n\t<meta property=\"og:image:type\" content=\"image\/jpeg\" \/>\n<meta name=\"twitter:card\" content=\"summary_large_image\" \/>\n<script type=\"application\/ld+json\" class=\"yoast-schema-graph\">{\"@context\":\"https:\/\/schema.org\",\"@graph\":[{\"@type\":\"WebPage\",\"@id\":\"https:\/\/hobstop.ee\/lt\/produktas\/kinetinis-smelis-aladine-happy-sand-250g\/\",\"url\":\"https:\/\/hobstop.ee\/lt\/produktas\/kinetinis-smelis-aladine-happy-sand-250g\/\",\"name\":\"Kinetinis sm\u0117lis Aladine Happy Sand 250g &#8211; Skizze\",\"isPartOf\":{\"@id\":\"https:\/\/hobstop.ee\/lt\/#website\"},\"primaryImageOfPage\":{\"@id\":\"https:\/\/hobstop.ee\/lt\/produktas\/kinetinis-smelis-aladine-happy-sand-250g\/#primaryimage\"},\"image\":{\"@id\":\"https:\/\/hobstop.ee\/lt\/produktas\/kinetinis-smelis-aladine-happy-sand-250g\/#primaryimage\"},\"thumbnailUrl\":\"https:\/\/hobstop.ee\/media\/4705.jpg\",\"datePublished\":\"2017-12-07T08:50:16+00:00\",\"dateModified\":\"2017-12-07T08:50:16+00:00\",\"breadcrumb\":{\"@id\":\"https:\/\/hobstop.ee\/lt\/produktas\/kinetinis-smelis-aladine-happy-sand-250g\/#breadcrumb\"},\"inLanguage\":\"lt\",\"potentialAction\":[{\"@type\":\"ReadAction\",\"target\":[\"https:\/\/hobstop.ee\/lt\/produktas\/kinetinis-smelis-aladine-happy-sand-250g\/\"]}]},{\"@type\":\"ImageObject\",\"inLanguage\":\"lt\",\"@id\":\"https:\/\/hobstop.ee\/lt\/produktas\/kinetinis-smelis-aladine-happy-sand-250g\/#primaryimage\",\"url\":\"https:\/\/hobstop.ee\/media\/4705.jpg\",\"contentUrl\":\"https:\/\/hobstop.ee\/media\/4705.jpg\",\"width\":1024,\"height\":768},{\"@type\":\"BreadcrumbList\",\"@id\":\"https:\/\/hobstop.ee\/lt\/produktas\/kinetinis-smelis-aladine-happy-sand-250g\/#breadcrumb\",\"itemListElement\":[{\"@type\":\"ListItem\",\"position\":1,\"name\":\"Avaleht\",\"item\":\"https:\/\/hobstop.ee\/lt\/\"},{\"@type\":\"ListItem\",\"position\":2,\"name\":\"Parduotuv\u0117\",\"item\":\"https:\/\/hobstop.ee\/lt\/parduotuve\/\"},{\"@type\":\"ListItem\",\"position\":3,\"name\":\"Kinetinis sm\u0117lis Aladine Happy Sand 250g\"}]},{\"@type\":\"WebSite\",\"@id\":\"https:\/\/hobstop.ee\/lt\/#website\",\"url\":\"https:\/\/hobstop.ee\/lt\/\",\"name\":\"Skizze\",\"description\":\"Dail\u0117s, pom\u0117gi\u0173 ir mokykliniai reikm\u0117nys\",\"publisher\":{\"@id\":\"https:\/\/hobstop.ee\/lt\/#organization\"},\"potentialAction\":[{\"@type\":\"SearchAction\",\"target\":{\"@type\":\"EntryPoint\",\"urlTemplate\":\"https:\/\/hobstop.ee\/lt\/?s={search_term_string}\"},\"query-input\":{\"@type\":\"PropertyValueSpecification\",\"valueRequired\":true,\"valueName\":\"search_term_string\"}}],\"inLanguage\":\"lt\"},{\"@type\":\"Organization\",\"@id\":\"https:\/\/hobstop.ee\/lt\/#organization\",\"name\":\"Vunder AS\",\"url\":\"https:\/\/hobstop.ee\/lt\/\",\"logo\":{\"@type\":\"ImageObject\",\"inLanguage\":\"lt\",\"@id\":\"https:\/\/hobstop.ee\/lt\/#\/schema\/logo\/image\/\",\"url\":\"https:\/\/hobstop.ee\/media\/vunder-logo.png\",\"contentUrl\":\"https:\/\/hobstop.ee\/media\/vunder-logo.png\",\"width\":127,\"height\":55,\"caption\":\"Vunder AS\"},\"image\":{\"@id\":\"https:\/\/hobstop.ee\/lt\/#\/schema\/logo\/image\/\"},\"sameAs\":[\"http:\/\/www.facebook.com\/VunderSkizze\"]}]}<\/script>\n<!-- \/ Yoast SEO plugin. -->","yoast_head_json":{"title":"Kinetinis sm\u0117lis Aladine Happy Sand 250g &#8211; Skizze","robots":{"index":"noindex","follow":"follow","max-snippet":"max-snippet:-1","max-image-preview":"max-image-preview:large","max-video-preview":"max-video-preview:-1"},"og_locale":"lt_LT","og_type":"article","og_title":"Kinetinis sm\u0117lis Aladine Happy Sand 250g &#8211; Skizze","og_description":"Kinetinis sm\u0117lis \u201eAladine Happy Sand\u201c \u2013 modeliavimo sm\u0117lis be toksin\u0173, rankose ned\u017ei\u016bsta. Vaikas gali leisti pasireik\u0161ti savo fantazijai ir kurti \u012fvairias formas, skulpt\u016bras ir visada prad\u0117ti i\u0161 naujo. Sm\u0117lis \u201eHappy Sand\u201c yra malonios tekst\u016bros, lengvai minkomas. I\u0161 mink\u0161t\u0173 ir lengv\u0173 smil\u010di\u0173 sm\u0117lio galima sukurti ir detalius darbus. Tinka vyresniems nei 3 met\u0173 vaikams.","og_url":"https:\/\/hobstop.ee\/lt\/produktas\/kinetinis-smelis-aladine-happy-sand-250g\/","og_site_name":"Skizze","article_publisher":"http:\/\/www.facebook.com\/VunderSkizze","og_image":[{"width":1024,"height":768,"url":"https:\/\/www.hobstop.ee\/media\/4705.jpg","type":"image\/jpeg"}],"twitter_card":"summary_large_image","schema":{"@context":"https:\/\/schema.org","@graph":[{"@type":"WebPage","@id":"https:\/\/hobstop.ee\/lt\/produktas\/kinetinis-smelis-aladine-happy-sand-250g\/","url":"https:\/\/hobstop.ee\/lt\/produktas\/kinetinis-smelis-aladine-happy-sand-250g\/","name":"Kinetinis sm\u0117lis Aladine Happy Sand 250g &#8211; Skizze","isPartOf":{"@id":"https:\/\/hobstop.ee\/lt\/#website"},"primaryImageOfPage":{"@id":"https:\/\/hobstop.ee\/lt\/produktas\/kinetinis-smelis-aladine-happy-sand-250g\/#primaryimage"},"image":{"@id":"https:\/\/hobstop.ee\/lt\/produktas\/kinetinis-smelis-aladine-happy-sand-250g\/#primaryimage"},"thumbnailUrl":"https:\/\/hobstop.ee\/media\/4705.jpg","datePublished":"2017-12-07T08:50:16+00:00","dateModified":"2017-12-07T08:50:16+00:00","breadcrumb":{"@id":"https:\/\/hobstop.ee\/lt\/produktas\/kinetinis-smelis-aladine-happy-sand-250g\/#breadcrumb"},"inLanguage":"lt","potentialAction":[{"@type":"ReadAction","target":["https:\/\/hobstop.ee\/lt\/produktas\/kinetinis-smelis-aladine-happy-sand-250g\/"]}]},{"@type":"ImageObject","inLanguage":"lt","@id":"https:\/\/hobstop.ee\/lt\/produktas\/kinetinis-smelis-aladine-happy-sand-250g\/#primaryimage","url":"https:\/\/hobstop.ee\/media\/4705.jpg","contentUrl":"https:\/\/hobstop.ee\/media\/4705.jpg","width":1024,"height":768},{"@type":"BreadcrumbList","@id":"https:\/\/hobstop.ee\/lt\/produktas\/kinetinis-smelis-aladine-happy-sand-250g\/#breadcrumb","itemListElement":[{"@type":"ListItem","position":1,"name":"Avaleht","item":"https:\/\/hobstop.ee\/lt\/"},{"@type":"ListItem","position":2,"name":"Parduotuv\u0117","item":"https:\/\/hobstop.ee\/lt\/parduotuve\/"},{"@type":"ListItem","position":3,"name":"Kinetinis sm\u0117lis Aladine Happy Sand 250g"}]},{"@type":"WebSite","@id":"https:\/\/hobstop.ee\/lt\/#website","url":"https:\/\/hobstop.ee\/lt\/","name":"Skizze","description":"Dail\u0117s, pom\u0117gi\u0173 ir mokykliniai reikm\u0117nys","publisher":{"@id":"https:\/\/hobstop.ee\/lt\/#organization"},"potentialAction":[{"@type":"SearchAction","target":{"@type":"EntryPoint","urlTemplate":"https:\/\/hobstop.ee\/lt\/?s={search_term_string}"},"query-input":{"@type":"PropertyValueSpecification","valueRequired":true,"valueName":"search_term_string"}}],"inLanguage":"lt"},{"@type":"Organization","@id":"https:\/\/hobstop.ee\/lt\/#organization","name":"Vunder AS","url":"https:\/\/hobstop.ee\/lt\/","logo":{"@type":"ImageObject","inLanguage":"lt","@id":"https:\/\/hobstop.ee\/lt\/#\/schema\/logo\/image\/","url":"https:\/\/hobstop.ee\/media\/vunder-logo.png","contentUrl":"https:\/\/hobstop.ee\/media\/vunder-logo.png","width":127,"height":55,"caption":"Vunder AS"},"image":{"@id":"https:\/\/hobstop.ee\/lt\/#\/schema\/logo\/image\/"},"sameAs":["http:\/\/www.facebook.com\/VunderSkizze"]}]}},"_links":{"self":[{"href":"https:\/\/hobstop.ee\/lt\/wp-json\/wp\/v2\/product\/300577","targetHints":{"allow":["GET"]}}],"collection":[{"href":"https:\/\/hobstop.ee\/lt\/wp-json\/wp\/v2\/product"}],"about":[{"href":"https:\/\/hobstop.ee\/lt\/wp-json\/wp\/v2\/types\/product"}],"replies":[{"embeddable":true,"href":"https:\/\/hobstop.ee\/lt\/wp-json\/wp\/v2\/comments?post=300577"}],"wp:featuredmedia":[{"embeddable":true,"href":"https:\/\/hobstop.ee\/lt\/wp-json\/wp\/v2\/media\/301105"}],"wp:attachment":[{"href":"https:\/\/hobstop.ee\/lt\/wp-json\/wp\/v2\/media?parent=300577"}],"wp:term":[{"taxonomy":"product_cat","embeddable":true,"href":"https:\/\/hobstop.ee\/lt\/wp-json\/wp\/v2\/product_cat?post=300577"},{"taxonomy":"product_tag","embeddable":true,"href":"https:\/\/hobstop.ee\/lt\/wp-json\/wp\/v2\/product_tag?post=300577"}],"curies":[{"name":"wp","href":"https:\/\/api.w.org\/{rel}","templated":true}]}}