{"id":300597,"date":"2017-12-07T10:50:25","date_gmt":"2017-12-07T08:50:25","guid":{"rendered":"https:\/\/sharks.ee\/vunder_2019\/lt\/product\/kniedziu-imusimo-irankis-crop-a-dile-plastikine-dezute\/"},"modified":"2017-12-07T10:50:25","modified_gmt":"2017-12-07T08:50:25","slug":"kniedziu-imusimo-irankis-crop-a-dile-plastikine-dezute","status":"publish","type":"product","link":"https:\/\/hobstop.ee\/lt\/produktas\/kniedziu-imusimo-irankis-crop-a-dile-plastikine-dezute\/","title":{"rendered":"Knied\u017ei\u0173 \u012fmu\u0161imo \u012frankis Crop-a-Dile plastikin\u0117 d\u0117\u017eut\u0117"},"content":{"rendered":"<p>Knied\u017ei\u0173 ir kniediklio komplektas \u201eWe R Memory Keepers Crop-A-Dile\u201c patvariame plastikiniame d\u0117kle. Unikaliame a\u0161tuoni\u0173 dali\u0173 komplekte yra knied\u0117s, knied\u0117s-pover\u017el\u0117s, plok\u0161ti spraustukai ir dar daugiau. Lengvai permu\u0161a \u012fvairias, tiek storas, tiek ir plonas med\u017eiagas \u2013 popieri\u0173, od\u0105, plastik\u0105, metal\u0105, karton\u0105, akril\u0105, audin\u012f, medien\u0105 ir pan. Plastikinis d\u0117klas yra pagamintas i\u0161 tvirto plastiko, su rankenomis ir spraustais. Viduryje yra skyrius \u201eCrop-A-Dile\u201c kniedikliui, taip pat atskiri skyriai knied\u0117ms sud\u0117ti. Komplekte yra 100 vnt. knied\u017ei\u0173 rinkinys (po 25 vnt. keturi\u0173 spalv\u0173 metalo), naudojimo instrukcija ir lapas su id\u0117jomis.<\/p>\n","protected":false},"excerpt":{"rendered":"<p>Knied\u017ei\u0173 ir kniediklio komplektas \u201eWe R Memory Keepers Crop-A-Dile\u201c patvariame plastikiniame d\u0117kle. Unikaliame a\u0161tuoni\u0173 dali\u0173 komplekte yra knied\u0117s, knied\u0117s-pover\u017el\u0117s, plok\u0161ti spraustukai ir dar daugiau. Lengvai permu\u0161a \u012fvairias, tiek storas, tiek ir plonas med\u017eiagas \u2013 popieri\u0173, od\u0105, plastik\u0105, metal\u0105, karton\u0105, akril\u0105, audin\u012f, medien\u0105 ir pan. Plastikinis d\u0117klas yra pagamintas i\u0161 tvirto plastiko, su rankenomis ir spraustais. Viduryje yra skyrius \u201eCrop-A-Dile\u201c kniedikliui, taip pat atskiri skyriai knied\u0117ms sud\u0117ti. Komplekte yra 100 vnt. knied\u017ei\u0173 rinkinys (po 25 vnt. keturi\u0173 spalv\u0173 metalo), naudojimo instrukcija ir lapas su id\u0117jomis.<\/p>\n","protected":false},"featured_media":301125,"comment_status":"closed","ping_status":"closed","template":"","meta":{"_acf_changed":false,"ep_exclude_from_search":false},"product_cat":[20046,17919,19876],"product_tag":[],"class_list":{"0":"post-300597","1":"product","2":"type-product","3":"status-publish","4":"has-post-thumbnail","6":"product_cat-darbo-irankiai-3","7":"product_cat-pomegiu-prekes","8":"product_cat-popieriaus-menas","10":"first","11":"outofstock","12":"taxable","13":"shipping-taxable","14":"purchasable","15":"product-type-simple"},"acf":[],"yoast_head":"<!-- This site is optimized with the Yoast SEO plugin v24.1 - https:\/\/yoast.com\/wordpress\/plugins\/seo\/ -->\n<title>Knied\u017ei\u0173 \u012fmu\u0161imo \u012frankis Crop-a-Dile plastikin\u0117 d\u0117\u017eut\u0117 &#8211; Skizze<\/title>\n<meta name=\"robots\" content=\"noindex, follow, max-snippet:-1, max-image-preview:large, max-video-preview:-1\" \/>\n<meta property=\"og:locale\" content=\"lt_LT\" \/>\n<meta property=\"og:type\" content=\"article\" \/>\n<meta property=\"og:title\" content=\"Knied\u017ei\u0173 \u012fmu\u0161imo \u012frankis Crop-a-Dile plastikin\u0117 d\u0117\u017eut\u0117 &#8211; Skizze\" \/>\n<meta property=\"og:description\" content=\"Knied\u017ei\u0173 ir kniediklio komplektas \u201eWe R Memory Keepers Crop-A-Dile\u201c patvariame plastikiniame d\u0117kle. Unikaliame a\u0161tuoni\u0173 dali\u0173 komplekte yra knied\u0117s, knied\u0117s-pover\u017el\u0117s, plok\u0161ti spraustukai ir dar daugiau. Lengvai permu\u0161a \u012fvairias, tiek storas, tiek ir plonas med\u017eiagas \u2013 popieri\u0173, od\u0105, plastik\u0105, metal\u0105, karton\u0105, akril\u0105, audin\u012f, medien\u0105 ir pan. Plastikinis d\u0117klas yra pagamintas i\u0161 tvirto plastiko, su rankenomis ir spraustais. Viduryje yra skyrius \u201eCrop-A-Dile\u201c kniedikliui, taip pat atskiri skyriai knied\u0117ms sud\u0117ti. Komplekte yra 100 vnt. knied\u017ei\u0173 rinkinys (po 25 vnt. keturi\u0173 spalv\u0173 metalo), naudojimo instrukcija ir lapas su id\u0117jomis.\" \/>\n<meta property=\"og:url\" content=\"https:\/\/hobstop.ee\/lt\/produktas\/kniedziu-imusimo-irankis-crop-a-dile-plastikine-dezute\/\" \/>\n<meta property=\"og:site_name\" content=\"Skizze\" \/>\n<meta property=\"article:publisher\" content=\"http:\/\/www.facebook.com\/VunderSkizze\" \/>\n<meta property=\"og:image\" content=\"https:\/\/hobstop.ee\/media\/4716.jpg\" \/>\n\t<meta property=\"og:image:width\" content=\"1024\" \/>\n\t<meta property=\"og:image:height\" content=\"768\" \/>\n\t<meta property=\"og:image:type\" content=\"image\/jpeg\" \/>\n<meta name=\"twitter:card\" content=\"summary_large_image\" \/>\n<script type=\"application\/ld+json\" class=\"yoast-schema-graph\">{\"@context\":\"https:\/\/schema.org\",\"@graph\":[{\"@type\":\"WebPage\",\"@id\":\"https:\/\/hobstop.ee\/lt\/produktas\/kniedziu-imusimo-irankis-crop-a-dile-plastikine-dezute\/\",\"url\":\"https:\/\/hobstop.ee\/lt\/produktas\/kniedziu-imusimo-irankis-crop-a-dile-plastikine-dezute\/\",\"name\":\"Knied\u017ei\u0173 \u012fmu\u0161imo \u012frankis Crop-a-Dile plastikin\u0117 d\u0117\u017eut\u0117 &#8211; Skizze\",\"isPartOf\":{\"@id\":\"https:\/\/hobstop.ee\/lt\/#website\"},\"primaryImageOfPage\":{\"@id\":\"https:\/\/hobstop.ee\/lt\/produktas\/kniedziu-imusimo-irankis-crop-a-dile-plastikine-dezute\/#primaryimage\"},\"image\":{\"@id\":\"https:\/\/hobstop.ee\/lt\/produktas\/kniedziu-imusimo-irankis-crop-a-dile-plastikine-dezute\/#primaryimage\"},\"thumbnailUrl\":\"https:\/\/hobstop.ee\/media\/4716.jpg\",\"datePublished\":\"2017-12-07T08:50:25+00:00\",\"dateModified\":\"2017-12-07T08:50:25+00:00\",\"breadcrumb\":{\"@id\":\"https:\/\/hobstop.ee\/lt\/produktas\/kniedziu-imusimo-irankis-crop-a-dile-plastikine-dezute\/#breadcrumb\"},\"inLanguage\":\"lt\",\"potentialAction\":[{\"@type\":\"ReadAction\",\"target\":[\"https:\/\/hobstop.ee\/lt\/produktas\/kniedziu-imusimo-irankis-crop-a-dile-plastikine-dezute\/\"]}]},{\"@type\":\"ImageObject\",\"inLanguage\":\"lt\",\"@id\":\"https:\/\/hobstop.ee\/lt\/produktas\/kniedziu-imusimo-irankis-crop-a-dile-plastikine-dezute\/#primaryimage\",\"url\":\"https:\/\/hobstop.ee\/media\/4716.jpg\",\"contentUrl\":\"https:\/\/hobstop.ee\/media\/4716.jpg\",\"width\":1024,\"height\":768},{\"@type\":\"BreadcrumbList\",\"@id\":\"https:\/\/hobstop.ee\/lt\/produktas\/kniedziu-imusimo-irankis-crop-a-dile-plastikine-dezute\/#breadcrumb\",\"itemListElement\":[{\"@type\":\"ListItem\",\"position\":1,\"name\":\"Avaleht\",\"item\":\"https:\/\/hobstop.ee\/lt\/\"},{\"@type\":\"ListItem\",\"position\":2,\"name\":\"Parduotuv\u0117\",\"item\":\"https:\/\/hobstop.ee\/lt\/parduotuve\/\"},{\"@type\":\"ListItem\",\"position\":3,\"name\":\"Knied\u017ei\u0173 \u012fmu\u0161imo \u012frankis Crop-a-Dile plastikin\u0117 d\u0117\u017eut\u0117\"}]},{\"@type\":\"WebSite\",\"@id\":\"https:\/\/hobstop.ee\/lt\/#website\",\"url\":\"https:\/\/hobstop.ee\/lt\/\",\"name\":\"Skizze\",\"description\":\"Dail\u0117s, pom\u0117gi\u0173 ir mokykliniai reikm\u0117nys\",\"publisher\":{\"@id\":\"https:\/\/hobstop.ee\/lt\/#organization\"},\"potentialAction\":[{\"@type\":\"SearchAction\",\"target\":{\"@type\":\"EntryPoint\",\"urlTemplate\":\"https:\/\/hobstop.ee\/lt\/?s={search_term_string}\"},\"query-input\":{\"@type\":\"PropertyValueSpecification\",\"valueRequired\":true,\"valueName\":\"search_term_string\"}}],\"inLanguage\":\"lt\"},{\"@type\":\"Organization\",\"@id\":\"https:\/\/hobstop.ee\/lt\/#organization\",\"name\":\"Vunder AS\",\"url\":\"https:\/\/hobstop.ee\/lt\/\",\"logo\":{\"@type\":\"ImageObject\",\"inLanguage\":\"lt\",\"@id\":\"https:\/\/hobstop.ee\/lt\/#\/schema\/logo\/image\/\",\"url\":\"https:\/\/hobstop.ee\/media\/vunder-logo.png\",\"contentUrl\":\"https:\/\/hobstop.ee\/media\/vunder-logo.png\",\"width\":127,\"height\":55,\"caption\":\"Vunder AS\"},\"image\":{\"@id\":\"https:\/\/hobstop.ee\/lt\/#\/schema\/logo\/image\/\"},\"sameAs\":[\"http:\/\/www.facebook.com\/VunderSkizze\"]}]}<\/script>\n<!-- \/ Yoast SEO plugin. -->","yoast_head_json":{"title":"Knied\u017ei\u0173 \u012fmu\u0161imo \u012frankis Crop-a-Dile plastikin\u0117 d\u0117\u017eut\u0117 &#8211; Skizze","robots":{"index":"noindex","follow":"follow","max-snippet":"max-snippet:-1","max-image-preview":"max-image-preview:large","max-video-preview":"max-video-preview:-1"},"og_locale":"lt_LT","og_type":"article","og_title":"Knied\u017ei\u0173 \u012fmu\u0161imo \u012frankis Crop-a-Dile plastikin\u0117 d\u0117\u017eut\u0117 &#8211; Skizze","og_description":"Knied\u017ei\u0173 ir kniediklio komplektas \u201eWe R Memory Keepers Crop-A-Dile\u201c patvariame plastikiniame d\u0117kle. Unikaliame a\u0161tuoni\u0173 dali\u0173 komplekte yra knied\u0117s, knied\u0117s-pover\u017el\u0117s, plok\u0161ti spraustukai ir dar daugiau. Lengvai permu\u0161a \u012fvairias, tiek storas, tiek ir plonas med\u017eiagas \u2013 popieri\u0173, od\u0105, plastik\u0105, metal\u0105, karton\u0105, akril\u0105, audin\u012f, medien\u0105 ir pan. Plastikinis d\u0117klas yra pagamintas i\u0161 tvirto plastiko, su rankenomis ir spraustais. Viduryje yra skyrius \u201eCrop-A-Dile\u201c kniedikliui, taip pat atskiri skyriai knied\u0117ms sud\u0117ti. Komplekte yra 100 vnt. knied\u017ei\u0173 rinkinys (po 25 vnt. keturi\u0173 spalv\u0173 metalo), naudojimo instrukcija ir lapas su id\u0117jomis.","og_url":"https:\/\/hobstop.ee\/lt\/produktas\/kniedziu-imusimo-irankis-crop-a-dile-plastikine-dezute\/","og_site_name":"Skizze","article_publisher":"http:\/\/www.facebook.com\/VunderSkizze","og_image":[{"width":1024,"height":768,"url":"https:\/\/hobstop.ee\/media\/4716.jpg","type":"image\/jpeg"}],"twitter_card":"summary_large_image","schema":{"@context":"https:\/\/schema.org","@graph":[{"@type":"WebPage","@id":"https:\/\/hobstop.ee\/lt\/produktas\/kniedziu-imusimo-irankis-crop-a-dile-plastikine-dezute\/","url":"https:\/\/hobstop.ee\/lt\/produktas\/kniedziu-imusimo-irankis-crop-a-dile-plastikine-dezute\/","name":"Knied\u017ei\u0173 \u012fmu\u0161imo \u012frankis Crop-a-Dile plastikin\u0117 d\u0117\u017eut\u0117 &#8211; Skizze","isPartOf":{"@id":"https:\/\/hobstop.ee\/lt\/#website"},"primaryImageOfPage":{"@id":"https:\/\/hobstop.ee\/lt\/produktas\/kniedziu-imusimo-irankis-crop-a-dile-plastikine-dezute\/#primaryimage"},"image":{"@id":"https:\/\/hobstop.ee\/lt\/produktas\/kniedziu-imusimo-irankis-crop-a-dile-plastikine-dezute\/#primaryimage"},"thumbnailUrl":"https:\/\/hobstop.ee\/media\/4716.jpg","datePublished":"2017-12-07T08:50:25+00:00","dateModified":"2017-12-07T08:50:25+00:00","breadcrumb":{"@id":"https:\/\/hobstop.ee\/lt\/produktas\/kniedziu-imusimo-irankis-crop-a-dile-plastikine-dezute\/#breadcrumb"},"inLanguage":"lt","potentialAction":[{"@type":"ReadAction","target":["https:\/\/hobstop.ee\/lt\/produktas\/kniedziu-imusimo-irankis-crop-a-dile-plastikine-dezute\/"]}]},{"@type":"ImageObject","inLanguage":"lt","@id":"https:\/\/hobstop.ee\/lt\/produktas\/kniedziu-imusimo-irankis-crop-a-dile-plastikine-dezute\/#primaryimage","url":"https:\/\/hobstop.ee\/media\/4716.jpg","contentUrl":"https:\/\/hobstop.ee\/media\/4716.jpg","width":1024,"height":768},{"@type":"BreadcrumbList","@id":"https:\/\/hobstop.ee\/lt\/produktas\/kniedziu-imusimo-irankis-crop-a-dile-plastikine-dezute\/#breadcrumb","itemListElement":[{"@type":"ListItem","position":1,"name":"Avaleht","item":"https:\/\/hobstop.ee\/lt\/"},{"@type":"ListItem","position":2,"name":"Parduotuv\u0117","item":"https:\/\/hobstop.ee\/lt\/parduotuve\/"},{"@type":"ListItem","position":3,"name":"Knied\u017ei\u0173 \u012fmu\u0161imo \u012frankis Crop-a-Dile plastikin\u0117 d\u0117\u017eut\u0117"}]},{"@type":"WebSite","@id":"https:\/\/hobstop.ee\/lt\/#website","url":"https:\/\/hobstop.ee\/lt\/","name":"Skizze","description":"Dail\u0117s, pom\u0117gi\u0173 ir mokykliniai reikm\u0117nys","publisher":{"@id":"https:\/\/hobstop.ee\/lt\/#organization"},"potentialAction":[{"@type":"SearchAction","target":{"@type":"EntryPoint","urlTemplate":"https:\/\/hobstop.ee\/lt\/?s={search_term_string}"},"query-input":{"@type":"PropertyValueSpecification","valueRequired":true,"valueName":"search_term_string"}}],"inLanguage":"lt"},{"@type":"Organization","@id":"https:\/\/hobstop.ee\/lt\/#organization","name":"Vunder AS","url":"https:\/\/hobstop.ee\/lt\/","logo":{"@type":"ImageObject","inLanguage":"lt","@id":"https:\/\/hobstop.ee\/lt\/#\/schema\/logo\/image\/","url":"https:\/\/hobstop.ee\/media\/vunder-logo.png","contentUrl":"https:\/\/hobstop.ee\/media\/vunder-logo.png","width":127,"height":55,"caption":"Vunder AS"},"image":{"@id":"https:\/\/hobstop.ee\/lt\/#\/schema\/logo\/image\/"},"sameAs":["http:\/\/www.facebook.com\/VunderSkizze"]}]}},"_links":{"self":[{"href":"https:\/\/hobstop.ee\/lt\/wp-json\/wp\/v2\/product\/300597","targetHints":{"allow":["GET"]}}],"collection":[{"href":"https:\/\/hobstop.ee\/lt\/wp-json\/wp\/v2\/product"}],"about":[{"href":"https:\/\/hobstop.ee\/lt\/wp-json\/wp\/v2\/types\/product"}],"replies":[{"embeddable":true,"href":"https:\/\/hobstop.ee\/lt\/wp-json\/wp\/v2\/comments?post=300597"}],"wp:featuredmedia":[{"embeddable":true,"href":"https:\/\/hobstop.ee\/lt\/wp-json\/wp\/v2\/media\/301125"}],"wp:attachment":[{"href":"https:\/\/hobstop.ee\/lt\/wp-json\/wp\/v2\/media?parent=300597"}],"wp:term":[{"taxonomy":"product_cat","embeddable":true,"href":"https:\/\/hobstop.ee\/lt\/wp-json\/wp\/v2\/product_cat?post=300597"},{"taxonomy":"product_tag","embeddable":true,"href":"https:\/\/hobstop.ee\/lt\/wp-json\/wp\/v2\/product_tag?post=300597"}],"curies":[{"name":"wp","href":"https:\/\/api.w.org\/{rel}","templated":true}]}}