{"id":300601,"date":"2017-12-07T10:50:26","date_gmt":"2017-12-07T08:50:26","guid":{"rendered":"https:\/\/sharks.ee\/vunder_2019\/lt\/product\/aliejiniai-dazai-lb-extra-fine-40ml\/"},"modified":"2017-12-07T10:50:26","modified_gmt":"2017-12-07T08:50:26","slug":"aliejiniai-dazai-lb-extra-fine-40ml","status":"publish","type":"product","link":"https:\/\/hobstop.ee\/lt\/produktas\/aliejiniai-dazai-lb-extra-fine-40ml\/","title":{"rendered":"Aliejiniai da\u017eai LB Extra-Fine 40ml"},"content":{"rendered":"<p>Nuo pat 1720 m., kai buvo \u012fkurta \u201eLefranc Burgeois\u201c, aliejiniai da\u017eai buvo \u0161io prek\u0117s \u017eenklo pa\u017eiba, kuriais legendiniai dailininkai \u2013 Picasso ir Matise gal\u0117jo vienas po kito kurti am\u017einus \u0161edevrus. Aliejiniai da\u017eai \u201eLB Extra-Fine\u201c yra skirti profesionaliems dailininkams ir rimtiems m\u0117g\u0117jams; Da\u017eai yra idealios tekst\u016bros ir tvirtos, nealiejingos bei vientisos da\u017e\u0173 konsistencijos. I\u0161samus ir sunkus darbas buvo atliktas siekiant sureguliuoti aliejaus kiek\u012f kiekvienoje pigmento kompozicijoje, siekiant optimizuoti kiekvienos spalvos spektr\u0105 ant drob\u0117s. Kiekviena spalva unikaliai suformuota su neapdorotu ir rafinuotu tirpikliu \u2013 s\u0117men\u0173 arba dygmin\u0173 aliejumi. Aliejus buvo pasirinktas atsi\u017evelgiant \u012f pigment\u0173 chemin\u012f pob\u016bd\u012f. Abu aliejai garantuoja puik\u0173 spalv\u0173 stabilum\u0105. \u201eLB Extra-Fine\u201c aliejini\u0173 da\u017eai yra pagaminti i\u0161 itin ry\u0161ki\u0173 gryn\u0173 pigment\u0173, \u0161ie da\u017eai yra dailininko s\u0105jungininkas jo am\u017einajame \u0161viesos ir intensyvumo i\u0161\u0161\u016bkyje.<\/p>\n","protected":false},"excerpt":{"rendered":"<p>Nuo pat 1720 m., kai buvo \u012fkurta \u201eLefranc Burgeois\u201c, aliejiniai da\u017eai buvo \u0161io prek\u0117s \u017eenklo pa\u017eiba, kuriais legendiniai dailininkai \u2013 Picasso ir Matise gal\u0117jo vienas po kito kurti am\u017einus \u0161edevrus. Aliejiniai da\u017eai \u201eLB Extra-Fine\u201c yra skirti profesionaliems dailininkams ir rimtiems m\u0117g\u0117jams; Da\u017eai yra idealios tekst\u016bros ir tvirtos, nealiejingos bei vientisos da\u017e\u0173 konsistencijos. I\u0161samus ir sunkus darbas buvo atliktas siekiant sureguliuoti aliejaus kiek\u012f kiekvienoje pigmento kompozicijoje, siekiant optimizuoti kiekvienos spalvos spektr\u0105 ant drob\u0117s. Kiekviena spalva unikaliai suformuota su neapdorotu ir rafinuotu tirpikliu \u2013 s\u0117men\u0173 arba dygmin\u0173 aliejumi. Aliejus buvo pasirinktas atsi\u017evelgiant \u012f pigment\u0173 chemin\u012f pob\u016bd\u012f. Abu aliejai garantuoja puik\u0173 spalv\u0173 stabilum\u0105. \u201eLB Extra-Fine\u201c aliejini\u0173 da\u017eai yra pagaminti i\u0161 itin ry\u0161ki\u0173 gryn\u0173 pigment\u0173, \u0161ie da\u017eai yra dailininko s\u0105jungininkas jo am\u017einajame \u0161viesos ir intensyvumo i\u0161\u0161\u016bkyje.<\/p>\n","protected":false},"featured_media":301129,"comment_status":"closed","ping_status":"closed","template":"","meta":{"_acf_changed":false,"ep_exclude_from_search":false},"product_cat":[18166,16124,17981],"product_tag":[],"class_list":{"0":"post-300601","1":"product","2":"type-product","3":"status-publish","4":"has-post-thumbnail","6":"product_cat-aliejiniai-dazai","7":"product_cat-dailes-prekes","8":"product_cat-dazai-ir-priedai-tapybai","10":"first","11":"instock","12":"taxable","13":"shipping-taxable","14":"product-type-simple"},"acf":[],"yoast_head":"<!-- This site is optimized with the Yoast SEO plugin v24.1 - https:\/\/yoast.com\/wordpress\/plugins\/seo\/ -->\n<title>Aliejiniai da\u017eai LB Extra-Fine 40ml &#8211; Skizze<\/title>\n<meta name=\"robots\" content=\"noindex, follow, max-snippet:-1, max-image-preview:large, max-video-preview:-1\" \/>\n<meta property=\"og:locale\" content=\"lt_LT\" \/>\n<meta property=\"og:type\" content=\"article\" \/>\n<meta property=\"og:title\" content=\"Aliejiniai da\u017eai LB Extra-Fine 40ml &#8211; Skizze\" \/>\n<meta property=\"og:description\" content=\"Nuo pat 1720 m., kai buvo \u012fkurta \u201eLefranc Burgeois\u201c, aliejiniai da\u017eai buvo \u0161io prek\u0117s \u017eenklo pa\u017eiba, kuriais legendiniai dailininkai \u2013 Picasso ir Matise gal\u0117jo vienas po kito kurti am\u017einus \u0161edevrus. Aliejiniai da\u017eai \u201eLB Extra-Fine\u201c yra skirti profesionaliems dailininkams ir rimtiems m\u0117g\u0117jams; Da\u017eai yra idealios tekst\u016bros ir tvirtos, nealiejingos bei vientisos da\u017e\u0173 konsistencijos. I\u0161samus ir sunkus darbas buvo atliktas siekiant sureguliuoti aliejaus kiek\u012f kiekvienoje pigmento kompozicijoje, siekiant optimizuoti kiekvienos spalvos spektr\u0105 ant drob\u0117s. Kiekviena spalva unikaliai suformuota su neapdorotu ir rafinuotu tirpikliu \u2013 s\u0117men\u0173 arba dygmin\u0173 aliejumi. Aliejus buvo pasirinktas atsi\u017evelgiant \u012f pigment\u0173 chemin\u012f pob\u016bd\u012f. Abu aliejai garantuoja puik\u0173 spalv\u0173 stabilum\u0105. \u201eLB Extra-Fine\u201c aliejini\u0173 da\u017eai yra pagaminti i\u0161 itin ry\u0161ki\u0173 gryn\u0173 pigment\u0173, \u0161ie da\u017eai yra dailininko s\u0105jungininkas jo am\u017einajame \u0161viesos ir intensyvumo i\u0161\u0161\u016bkyje.\" \/>\n<meta property=\"og:url\" content=\"https:\/\/hobstop.ee\/lt\/produktas\/aliejiniai-dazai-lb-extra-fine-40ml\/\" \/>\n<meta property=\"og:site_name\" content=\"Skizze\" \/>\n<meta property=\"article:publisher\" content=\"http:\/\/www.facebook.com\/VunderSkizze\" \/>\n<meta property=\"og:image\" content=\"https:\/\/hobstop.ee\/media\/4729.jpg\" \/>\n\t<meta property=\"og:image:width\" content=\"1024\" \/>\n\t<meta property=\"og:image:height\" content=\"768\" \/>\n\t<meta property=\"og:image:type\" content=\"image\/jpeg\" \/>\n<meta name=\"twitter:card\" content=\"summary_large_image\" \/>\n<meta name=\"twitter:label1\" content=\"Est. reading time\" \/>\n\t<meta name=\"twitter:data1\" content=\"1 minute\" \/>\n<script type=\"application\/ld+json\" class=\"yoast-schema-graph\">{\"@context\":\"https:\/\/schema.org\",\"@graph\":[{\"@type\":\"WebPage\",\"@id\":\"https:\/\/hobstop.ee\/lt\/produktas\/aliejiniai-dazai-lb-extra-fine-40ml\/\",\"url\":\"https:\/\/hobstop.ee\/lt\/produktas\/aliejiniai-dazai-lb-extra-fine-40ml\/\",\"name\":\"Aliejiniai da\u017eai LB Extra-Fine 40ml &#8211; Skizze\",\"isPartOf\":{\"@id\":\"https:\/\/hobstop.ee\/lt\/#website\"},\"primaryImageOfPage\":{\"@id\":\"https:\/\/hobstop.ee\/lt\/produktas\/aliejiniai-dazai-lb-extra-fine-40ml\/#primaryimage\"},\"image\":{\"@id\":\"https:\/\/hobstop.ee\/lt\/produktas\/aliejiniai-dazai-lb-extra-fine-40ml\/#primaryimage\"},\"thumbnailUrl\":\"https:\/\/hobstop.ee\/media\/4729.jpg\",\"datePublished\":\"2017-12-07T08:50:26+00:00\",\"dateModified\":\"2017-12-07T08:50:26+00:00\",\"breadcrumb\":{\"@id\":\"https:\/\/hobstop.ee\/lt\/produktas\/aliejiniai-dazai-lb-extra-fine-40ml\/#breadcrumb\"},\"inLanguage\":\"lt\",\"potentialAction\":[{\"@type\":\"ReadAction\",\"target\":[\"https:\/\/hobstop.ee\/lt\/produktas\/aliejiniai-dazai-lb-extra-fine-40ml\/\"]}]},{\"@type\":\"ImageObject\",\"inLanguage\":\"lt\",\"@id\":\"https:\/\/hobstop.ee\/lt\/produktas\/aliejiniai-dazai-lb-extra-fine-40ml\/#primaryimage\",\"url\":\"https:\/\/hobstop.ee\/media\/4729.jpg\",\"contentUrl\":\"https:\/\/hobstop.ee\/media\/4729.jpg\",\"width\":1024,\"height\":768},{\"@type\":\"BreadcrumbList\",\"@id\":\"https:\/\/hobstop.ee\/lt\/produktas\/aliejiniai-dazai-lb-extra-fine-40ml\/#breadcrumb\",\"itemListElement\":[{\"@type\":\"ListItem\",\"position\":1,\"name\":\"Avaleht\",\"item\":\"https:\/\/hobstop.ee\/lt\/\"},{\"@type\":\"ListItem\",\"position\":2,\"name\":\"Parduotuv\u0117\",\"item\":\"https:\/\/hobstop.ee\/lt\/parduotuve\/\"},{\"@type\":\"ListItem\",\"position\":3,\"name\":\"Aliejiniai da\u017eai LB Extra-Fine 40ml\"}]},{\"@type\":\"WebSite\",\"@id\":\"https:\/\/hobstop.ee\/lt\/#website\",\"url\":\"https:\/\/hobstop.ee\/lt\/\",\"name\":\"Skizze\",\"description\":\"Dail\u0117s, pom\u0117gi\u0173 ir mokykliniai reikm\u0117nys\",\"publisher\":{\"@id\":\"https:\/\/hobstop.ee\/lt\/#organization\"},\"potentialAction\":[{\"@type\":\"SearchAction\",\"target\":{\"@type\":\"EntryPoint\",\"urlTemplate\":\"https:\/\/hobstop.ee\/lt\/?s={search_term_string}\"},\"query-input\":{\"@type\":\"PropertyValueSpecification\",\"valueRequired\":true,\"valueName\":\"search_term_string\"}}],\"inLanguage\":\"lt\"},{\"@type\":\"Organization\",\"@id\":\"https:\/\/hobstop.ee\/lt\/#organization\",\"name\":\"Vunder AS\",\"url\":\"https:\/\/hobstop.ee\/lt\/\",\"logo\":{\"@type\":\"ImageObject\",\"inLanguage\":\"lt\",\"@id\":\"https:\/\/hobstop.ee\/lt\/#\/schema\/logo\/image\/\",\"url\":\"https:\/\/hobstop.ee\/media\/vunder-logo.png\",\"contentUrl\":\"https:\/\/hobstop.ee\/media\/vunder-logo.png\",\"width\":127,\"height\":55,\"caption\":\"Vunder AS\"},\"image\":{\"@id\":\"https:\/\/hobstop.ee\/lt\/#\/schema\/logo\/image\/\"},\"sameAs\":[\"http:\/\/www.facebook.com\/VunderSkizze\"]}]}<\/script>\n<!-- \/ Yoast SEO plugin. -->","yoast_head_json":{"title":"Aliejiniai da\u017eai LB Extra-Fine 40ml &#8211; Skizze","robots":{"index":"noindex","follow":"follow","max-snippet":"max-snippet:-1","max-image-preview":"max-image-preview:large","max-video-preview":"max-video-preview:-1"},"og_locale":"lt_LT","og_type":"article","og_title":"Aliejiniai da\u017eai LB Extra-Fine 40ml &#8211; Skizze","og_description":"Nuo pat 1720 m., kai buvo \u012fkurta \u201eLefranc Burgeois\u201c, aliejiniai da\u017eai buvo \u0161io prek\u0117s \u017eenklo pa\u017eiba, kuriais legendiniai dailininkai \u2013 Picasso ir Matise gal\u0117jo vienas po kito kurti am\u017einus \u0161edevrus. Aliejiniai da\u017eai \u201eLB Extra-Fine\u201c yra skirti profesionaliems dailininkams ir rimtiems m\u0117g\u0117jams; Da\u017eai yra idealios tekst\u016bros ir tvirtos, nealiejingos bei vientisos da\u017e\u0173 konsistencijos. I\u0161samus ir sunkus darbas buvo atliktas siekiant sureguliuoti aliejaus kiek\u012f kiekvienoje pigmento kompozicijoje, siekiant optimizuoti kiekvienos spalvos spektr\u0105 ant drob\u0117s. Kiekviena spalva unikaliai suformuota su neapdorotu ir rafinuotu tirpikliu \u2013 s\u0117men\u0173 arba dygmin\u0173 aliejumi. Aliejus buvo pasirinktas atsi\u017evelgiant \u012f pigment\u0173 chemin\u012f pob\u016bd\u012f. Abu aliejai garantuoja puik\u0173 spalv\u0173 stabilum\u0105. \u201eLB Extra-Fine\u201c aliejini\u0173 da\u017eai yra pagaminti i\u0161 itin ry\u0161ki\u0173 gryn\u0173 pigment\u0173, \u0161ie da\u017eai yra dailininko s\u0105jungininkas jo am\u017einajame \u0161viesos ir intensyvumo i\u0161\u0161\u016bkyje.","og_url":"https:\/\/hobstop.ee\/lt\/produktas\/aliejiniai-dazai-lb-extra-fine-40ml\/","og_site_name":"Skizze","article_publisher":"http:\/\/www.facebook.com\/VunderSkizze","og_image":[{"width":1024,"height":768,"url":"https:\/\/hobstop.ee\/media\/4729.jpg","type":"image\/jpeg"}],"twitter_card":"summary_large_image","twitter_misc":{"Est. reading time":"1 minute"},"schema":{"@context":"https:\/\/schema.org","@graph":[{"@type":"WebPage","@id":"https:\/\/hobstop.ee\/lt\/produktas\/aliejiniai-dazai-lb-extra-fine-40ml\/","url":"https:\/\/hobstop.ee\/lt\/produktas\/aliejiniai-dazai-lb-extra-fine-40ml\/","name":"Aliejiniai da\u017eai LB Extra-Fine 40ml &#8211; Skizze","isPartOf":{"@id":"https:\/\/hobstop.ee\/lt\/#website"},"primaryImageOfPage":{"@id":"https:\/\/hobstop.ee\/lt\/produktas\/aliejiniai-dazai-lb-extra-fine-40ml\/#primaryimage"},"image":{"@id":"https:\/\/hobstop.ee\/lt\/produktas\/aliejiniai-dazai-lb-extra-fine-40ml\/#primaryimage"},"thumbnailUrl":"https:\/\/hobstop.ee\/media\/4729.jpg","datePublished":"2017-12-07T08:50:26+00:00","dateModified":"2017-12-07T08:50:26+00:00","breadcrumb":{"@id":"https:\/\/hobstop.ee\/lt\/produktas\/aliejiniai-dazai-lb-extra-fine-40ml\/#breadcrumb"},"inLanguage":"lt","potentialAction":[{"@type":"ReadAction","target":["https:\/\/hobstop.ee\/lt\/produktas\/aliejiniai-dazai-lb-extra-fine-40ml\/"]}]},{"@type":"ImageObject","inLanguage":"lt","@id":"https:\/\/hobstop.ee\/lt\/produktas\/aliejiniai-dazai-lb-extra-fine-40ml\/#primaryimage","url":"https:\/\/hobstop.ee\/media\/4729.jpg","contentUrl":"https:\/\/hobstop.ee\/media\/4729.jpg","width":1024,"height":768},{"@type":"BreadcrumbList","@id":"https:\/\/hobstop.ee\/lt\/produktas\/aliejiniai-dazai-lb-extra-fine-40ml\/#breadcrumb","itemListElement":[{"@type":"ListItem","position":1,"name":"Avaleht","item":"https:\/\/hobstop.ee\/lt\/"},{"@type":"ListItem","position":2,"name":"Parduotuv\u0117","item":"https:\/\/hobstop.ee\/lt\/parduotuve\/"},{"@type":"ListItem","position":3,"name":"Aliejiniai da\u017eai LB Extra-Fine 40ml"}]},{"@type":"WebSite","@id":"https:\/\/hobstop.ee\/lt\/#website","url":"https:\/\/hobstop.ee\/lt\/","name":"Skizze","description":"Dail\u0117s, pom\u0117gi\u0173 ir mokykliniai reikm\u0117nys","publisher":{"@id":"https:\/\/hobstop.ee\/lt\/#organization"},"potentialAction":[{"@type":"SearchAction","target":{"@type":"EntryPoint","urlTemplate":"https:\/\/hobstop.ee\/lt\/?s={search_term_string}"},"query-input":{"@type":"PropertyValueSpecification","valueRequired":true,"valueName":"search_term_string"}}],"inLanguage":"lt"},{"@type":"Organization","@id":"https:\/\/hobstop.ee\/lt\/#organization","name":"Vunder AS","url":"https:\/\/hobstop.ee\/lt\/","logo":{"@type":"ImageObject","inLanguage":"lt","@id":"https:\/\/hobstop.ee\/lt\/#\/schema\/logo\/image\/","url":"https:\/\/hobstop.ee\/media\/vunder-logo.png","contentUrl":"https:\/\/hobstop.ee\/media\/vunder-logo.png","width":127,"height":55,"caption":"Vunder AS"},"image":{"@id":"https:\/\/hobstop.ee\/lt\/#\/schema\/logo\/image\/"},"sameAs":["http:\/\/www.facebook.com\/VunderSkizze"]}]}},"_links":{"self":[{"href":"https:\/\/hobstop.ee\/lt\/wp-json\/wp\/v2\/product\/300601","targetHints":{"allow":["GET"]}}],"collection":[{"href":"https:\/\/hobstop.ee\/lt\/wp-json\/wp\/v2\/product"}],"about":[{"href":"https:\/\/hobstop.ee\/lt\/wp-json\/wp\/v2\/types\/product"}],"replies":[{"embeddable":true,"href":"https:\/\/hobstop.ee\/lt\/wp-json\/wp\/v2\/comments?post=300601"}],"wp:featuredmedia":[{"embeddable":true,"href":"https:\/\/hobstop.ee\/lt\/wp-json\/wp\/v2\/media\/301129"}],"wp:attachment":[{"href":"https:\/\/hobstop.ee\/lt\/wp-json\/wp\/v2\/media?parent=300601"}],"wp:term":[{"taxonomy":"product_cat","embeddable":true,"href":"https:\/\/hobstop.ee\/lt\/wp-json\/wp\/v2\/product_cat?post=300601"},{"taxonomy":"product_tag","embeddable":true,"href":"https:\/\/hobstop.ee\/lt\/wp-json\/wp\/v2\/product_tag?post=300601"}],"curies":[{"name":"wp","href":"https:\/\/api.w.org\/{rel}","templated":true}]}}