{"id":306310,"date":"2018-02-14T13:43:27","date_gmt":"2018-02-14T11:43:27","guid":{"rendered":"https:\/\/sharks.ee\/vunder_2019\/lt\/product\/medine-dezute-rayher-apvalus\/"},"modified":"2018-02-14T13:43:27","modified_gmt":"2018-02-14T11:43:27","slug":"medine-dezute-rayher-apvalus","status":"publish","type":"product","link":"https:\/\/hobstop.ee\/lt\/produktas\/medine-dezute-rayher-apvalus\/","title":{"rendered":"Medin\u0117 d\u0117\u017eut\u0117 Rayher apvalus"},"content":{"rendered":"<p>Medinei d\u0117\u017eutei suteikite k\u016brybi\u0161ko unikalumo. Unikali pakuot\u0117 \u2013 tai pirmas \u017eingsnis \u012f asmenin\u0117s dovanos suk\u016brim\u0105. Medin\u0117 d\u0117\u017eut\u0117 puikiai tinka nedideliems daiktams, pavyzd\u017eiui pa\u010di\u0173 pagamintiems juvelyriniams dirbiniams sud\u0117ti. Gra\u017eiai dekoruota d\u0117\u017eut\u0117 yra puiki galimyb\u0117 suteikti J\u016bs\u0173 \u017einutei asmeni\u0161kumo. Norint b\u016bti unikaliu, Jums tereikia da\u017e\u0173 ir papuo\u0161al\u0173!<\/p>\n","protected":false},"excerpt":{"rendered":"<p>Medinei d\u0117\u017eutei suteikite k\u016brybi\u0161ko unikalumo. Unikali pakuot\u0117 \u2013 tai pirmas \u017eingsnis \u012f asmenin\u0117s dovanos suk\u016brim\u0105. Medin\u0117 d\u0117\u017eut\u0117 puikiai tinka nedideliems daiktams, pavyzd\u017eiui pa\u010di\u0173 pagamintiems juvelyriniams dirbiniams sud\u0117ti. Gra\u017eiai dekoruota d\u0117\u017eut\u0117 yra puiki galimyb\u0117 suteikti J\u016bs\u0173 \u017einutei asmeni\u0161kumo. Norint b\u016bti unikaliu, Jums tereikia da\u017e\u0173 ir papuo\u0161al\u0173!<\/p>\n","protected":false},"featured_media":306794,"comment_status":"closed","ping_status":"closed","template":"","meta":{"_acf_changed":false,"ep_exclude_from_search":false},"product_cat":[20156,17919,14986],"product_tag":[],"class_list":{"0":"post-306310","1":"product","2":"type-product","3":"status-publish","4":"has-post-thumbnail","6":"product_cat-medis","7":"product_cat-pomegiu-prekes","8":"product_cat-ruosinys","10":"first","11":"instock","12":"taxable","13":"shipping-taxable","14":"purchasable","15":"product-type-simple"},"acf":[],"yoast_head":"<!-- This site is optimized with the Yoast SEO plugin v24.1 - https:\/\/yoast.com\/wordpress\/plugins\/seo\/ -->\n<title>Medin\u0117 d\u0117\u017eut\u0117 Rayher apvalus &#8211; Skizze<\/title>\n<meta name=\"robots\" content=\"noindex, follow, max-snippet:-1, max-image-preview:large, max-video-preview:-1\" \/>\n<meta property=\"og:locale\" content=\"lt_LT\" \/>\n<meta property=\"og:type\" content=\"article\" \/>\n<meta property=\"og:title\" content=\"Medin\u0117 d\u0117\u017eut\u0117 Rayher apvalus &#8211; Skizze\" \/>\n<meta property=\"og:description\" content=\"Medinei d\u0117\u017eutei suteikite k\u016brybi\u0161ko unikalumo. Unikali pakuot\u0117 \u2013 tai pirmas \u017eingsnis \u012f asmenin\u0117s dovanos suk\u016brim\u0105. Medin\u0117 d\u0117\u017eut\u0117 puikiai tinka nedideliems daiktams, pavyzd\u017eiui pa\u010di\u0173 pagamintiems juvelyriniams dirbiniams sud\u0117ti. Gra\u017eiai dekoruota d\u0117\u017eut\u0117 yra puiki galimyb\u0117 suteikti J\u016bs\u0173 \u017einutei asmeni\u0161kumo. Norint b\u016bti unikaliu, Jums tereikia da\u017e\u0173 ir papuo\u0161al\u0173!\" \/>\n<meta property=\"og:url\" content=\"https:\/\/hobstop.ee\/lt\/produktas\/medine-dezute-rayher-apvalus\/\" \/>\n<meta property=\"og:site_name\" content=\"Skizze\" \/>\n<meta property=\"article:publisher\" content=\"http:\/\/www.facebook.com\/VunderSkizze\" \/>\n<meta property=\"og:image\" content=\"https:\/\/hobstop.ee\/media\/4698.jpg\" \/>\n\t<meta property=\"og:image:width\" content=\"1024\" \/>\n\t<meta property=\"og:image:height\" content=\"768\" \/>\n\t<meta property=\"og:image:type\" content=\"image\/jpeg\" \/>\n<meta name=\"twitter:card\" content=\"summary_large_image\" \/>\n<script type=\"application\/ld+json\" class=\"yoast-schema-graph\">{\"@context\":\"https:\/\/schema.org\",\"@graph\":[{\"@type\":\"WebPage\",\"@id\":\"https:\/\/hobstop.ee\/lt\/produktas\/medine-dezute-rayher-apvalus\/\",\"url\":\"https:\/\/hobstop.ee\/lt\/produktas\/medine-dezute-rayher-apvalus\/\",\"name\":\"Medin\u0117 d\u0117\u017eut\u0117 Rayher apvalus &#8211; Skizze\",\"isPartOf\":{\"@id\":\"https:\/\/hobstop.ee\/lt\/#website\"},\"primaryImageOfPage\":{\"@id\":\"https:\/\/hobstop.ee\/lt\/produktas\/medine-dezute-rayher-apvalus\/#primaryimage\"},\"image\":{\"@id\":\"https:\/\/hobstop.ee\/lt\/produktas\/medine-dezute-rayher-apvalus\/#primaryimage\"},\"thumbnailUrl\":\"https:\/\/hobstop.ee\/media\/4698.jpg\",\"datePublished\":\"2018-02-14T11:43:27+00:00\",\"dateModified\":\"2018-02-14T11:43:27+00:00\",\"breadcrumb\":{\"@id\":\"https:\/\/hobstop.ee\/lt\/produktas\/medine-dezute-rayher-apvalus\/#breadcrumb\"},\"inLanguage\":\"lt\",\"potentialAction\":[{\"@type\":\"ReadAction\",\"target\":[\"https:\/\/hobstop.ee\/lt\/produktas\/medine-dezute-rayher-apvalus\/\"]}]},{\"@type\":\"ImageObject\",\"inLanguage\":\"lt\",\"@id\":\"https:\/\/hobstop.ee\/lt\/produktas\/medine-dezute-rayher-apvalus\/#primaryimage\",\"url\":\"https:\/\/hobstop.ee\/media\/4698.jpg\",\"contentUrl\":\"https:\/\/hobstop.ee\/media\/4698.jpg\",\"width\":1024,\"height\":768},{\"@type\":\"BreadcrumbList\",\"@id\":\"https:\/\/hobstop.ee\/lt\/produktas\/medine-dezute-rayher-apvalus\/#breadcrumb\",\"itemListElement\":[{\"@type\":\"ListItem\",\"position\":1,\"name\":\"Avaleht\",\"item\":\"https:\/\/hobstop.ee\/lt\/\"},{\"@type\":\"ListItem\",\"position\":2,\"name\":\"Parduotuv\u0117\",\"item\":\"https:\/\/hobstop.ee\/lt\/parduotuve\/\"},{\"@type\":\"ListItem\",\"position\":3,\"name\":\"Medin\u0117 d\u0117\u017eut\u0117 Rayher apvalus\"}]},{\"@type\":\"WebSite\",\"@id\":\"https:\/\/hobstop.ee\/lt\/#website\",\"url\":\"https:\/\/hobstop.ee\/lt\/\",\"name\":\"Skizze\",\"description\":\"Dail\u0117s, pom\u0117gi\u0173 ir mokykliniai reikm\u0117nys\",\"publisher\":{\"@id\":\"https:\/\/hobstop.ee\/lt\/#organization\"},\"potentialAction\":[{\"@type\":\"SearchAction\",\"target\":{\"@type\":\"EntryPoint\",\"urlTemplate\":\"https:\/\/hobstop.ee\/lt\/?s={search_term_string}\"},\"query-input\":{\"@type\":\"PropertyValueSpecification\",\"valueRequired\":true,\"valueName\":\"search_term_string\"}}],\"inLanguage\":\"lt\"},{\"@type\":\"Organization\",\"@id\":\"https:\/\/hobstop.ee\/lt\/#organization\",\"name\":\"Vunder AS\",\"url\":\"https:\/\/hobstop.ee\/lt\/\",\"logo\":{\"@type\":\"ImageObject\",\"inLanguage\":\"lt\",\"@id\":\"https:\/\/hobstop.ee\/lt\/#\/schema\/logo\/image\/\",\"url\":\"https:\/\/hobstop.ee\/media\/vunder-logo.png\",\"contentUrl\":\"https:\/\/hobstop.ee\/media\/vunder-logo.png\",\"width\":127,\"height\":55,\"caption\":\"Vunder AS\"},\"image\":{\"@id\":\"https:\/\/hobstop.ee\/lt\/#\/schema\/logo\/image\/\"},\"sameAs\":[\"http:\/\/www.facebook.com\/VunderSkizze\"]}]}<\/script>\n<!-- \/ Yoast SEO plugin. -->","yoast_head_json":{"title":"Medin\u0117 d\u0117\u017eut\u0117 Rayher apvalus &#8211; Skizze","robots":{"index":"noindex","follow":"follow","max-snippet":"max-snippet:-1","max-image-preview":"max-image-preview:large","max-video-preview":"max-video-preview:-1"},"og_locale":"lt_LT","og_type":"article","og_title":"Medin\u0117 d\u0117\u017eut\u0117 Rayher apvalus &#8211; Skizze","og_description":"Medinei d\u0117\u017eutei suteikite k\u016brybi\u0161ko unikalumo. Unikali pakuot\u0117 \u2013 tai pirmas \u017eingsnis \u012f asmenin\u0117s dovanos suk\u016brim\u0105. Medin\u0117 d\u0117\u017eut\u0117 puikiai tinka nedideliems daiktams, pavyzd\u017eiui pa\u010di\u0173 pagamintiems juvelyriniams dirbiniams sud\u0117ti. Gra\u017eiai dekoruota d\u0117\u017eut\u0117 yra puiki galimyb\u0117 suteikti J\u016bs\u0173 \u017einutei asmeni\u0161kumo. Norint b\u016bti unikaliu, Jums tereikia da\u017e\u0173 ir papuo\u0161al\u0173!","og_url":"https:\/\/hobstop.ee\/lt\/produktas\/medine-dezute-rayher-apvalus\/","og_site_name":"Skizze","article_publisher":"http:\/\/www.facebook.com\/VunderSkizze","og_image":[{"width":1024,"height":768,"url":"https:\/\/hobstop.ee\/media\/4698.jpg","type":"image\/jpeg"}],"twitter_card":"summary_large_image","schema":{"@context":"https:\/\/schema.org","@graph":[{"@type":"WebPage","@id":"https:\/\/hobstop.ee\/lt\/produktas\/medine-dezute-rayher-apvalus\/","url":"https:\/\/hobstop.ee\/lt\/produktas\/medine-dezute-rayher-apvalus\/","name":"Medin\u0117 d\u0117\u017eut\u0117 Rayher apvalus &#8211; Skizze","isPartOf":{"@id":"https:\/\/hobstop.ee\/lt\/#website"},"primaryImageOfPage":{"@id":"https:\/\/hobstop.ee\/lt\/produktas\/medine-dezute-rayher-apvalus\/#primaryimage"},"image":{"@id":"https:\/\/hobstop.ee\/lt\/produktas\/medine-dezute-rayher-apvalus\/#primaryimage"},"thumbnailUrl":"https:\/\/hobstop.ee\/media\/4698.jpg","datePublished":"2018-02-14T11:43:27+00:00","dateModified":"2018-02-14T11:43:27+00:00","breadcrumb":{"@id":"https:\/\/hobstop.ee\/lt\/produktas\/medine-dezute-rayher-apvalus\/#breadcrumb"},"inLanguage":"lt","potentialAction":[{"@type":"ReadAction","target":["https:\/\/hobstop.ee\/lt\/produktas\/medine-dezute-rayher-apvalus\/"]}]},{"@type":"ImageObject","inLanguage":"lt","@id":"https:\/\/hobstop.ee\/lt\/produktas\/medine-dezute-rayher-apvalus\/#primaryimage","url":"https:\/\/hobstop.ee\/media\/4698.jpg","contentUrl":"https:\/\/hobstop.ee\/media\/4698.jpg","width":1024,"height":768},{"@type":"BreadcrumbList","@id":"https:\/\/hobstop.ee\/lt\/produktas\/medine-dezute-rayher-apvalus\/#breadcrumb","itemListElement":[{"@type":"ListItem","position":1,"name":"Avaleht","item":"https:\/\/hobstop.ee\/lt\/"},{"@type":"ListItem","position":2,"name":"Parduotuv\u0117","item":"https:\/\/hobstop.ee\/lt\/parduotuve\/"},{"@type":"ListItem","position":3,"name":"Medin\u0117 d\u0117\u017eut\u0117 Rayher apvalus"}]},{"@type":"WebSite","@id":"https:\/\/hobstop.ee\/lt\/#website","url":"https:\/\/hobstop.ee\/lt\/","name":"Skizze","description":"Dail\u0117s, pom\u0117gi\u0173 ir mokykliniai reikm\u0117nys","publisher":{"@id":"https:\/\/hobstop.ee\/lt\/#organization"},"potentialAction":[{"@type":"SearchAction","target":{"@type":"EntryPoint","urlTemplate":"https:\/\/hobstop.ee\/lt\/?s={search_term_string}"},"query-input":{"@type":"PropertyValueSpecification","valueRequired":true,"valueName":"search_term_string"}}],"inLanguage":"lt"},{"@type":"Organization","@id":"https:\/\/hobstop.ee\/lt\/#organization","name":"Vunder AS","url":"https:\/\/hobstop.ee\/lt\/","logo":{"@type":"ImageObject","inLanguage":"lt","@id":"https:\/\/hobstop.ee\/lt\/#\/schema\/logo\/image\/","url":"https:\/\/hobstop.ee\/media\/vunder-logo.png","contentUrl":"https:\/\/hobstop.ee\/media\/vunder-logo.png","width":127,"height":55,"caption":"Vunder AS"},"image":{"@id":"https:\/\/hobstop.ee\/lt\/#\/schema\/logo\/image\/"},"sameAs":["http:\/\/www.facebook.com\/VunderSkizze"]}]}},"_links":{"self":[{"href":"https:\/\/hobstop.ee\/lt\/wp-json\/wp\/v2\/product\/306310","targetHints":{"allow":["GET"]}}],"collection":[{"href":"https:\/\/hobstop.ee\/lt\/wp-json\/wp\/v2\/product"}],"about":[{"href":"https:\/\/hobstop.ee\/lt\/wp-json\/wp\/v2\/types\/product"}],"replies":[{"embeddable":true,"href":"https:\/\/hobstop.ee\/lt\/wp-json\/wp\/v2\/comments?post=306310"}],"wp:featuredmedia":[{"embeddable":true,"href":"https:\/\/hobstop.ee\/lt\/wp-json\/wp\/v2\/media\/306794"}],"wp:attachment":[{"href":"https:\/\/hobstop.ee\/lt\/wp-json\/wp\/v2\/media?parent=306310"}],"wp:term":[{"taxonomy":"product_cat","embeddable":true,"href":"https:\/\/hobstop.ee\/lt\/wp-json\/wp\/v2\/product_cat?post=306310"},{"taxonomy":"product_tag","embeddable":true,"href":"https:\/\/hobstop.ee\/lt\/wp-json\/wp\/v2\/product_tag?post=306310"}],"curies":[{"name":"wp","href":"https:\/\/api.w.org\/{rel}","templated":true}]}}