{"id":306326,"date":"2018-02-14T13:43:31","date_gmt":"2018-02-14T11:43:31","guid":{"rendered":"https:\/\/sharks.ee\/vunder_2019\/lt\/product\/muilo-priedas-rayher-aloe-vera\/"},"modified":"2018-02-14T13:43:31","modified_gmt":"2018-02-14T11:43:31","slug":"muilo-priedas-rayher-aloe-vera","status":"publish","type":"product","link":"https:\/\/hobstop.ee\/lt\/produktas\/muilo-priedas-rayher-aloe-vera\/","title":{"rendered":"Muilo priedas Rayher aloe vera"},"content":{"rendered":"<p>Turint tinkamas sudedam\u0105sias dalis ir receptus muil\u0105 pagaminti yra taip pat lengva, kaip kepti pyragus \u2013 i\u0161lietas formoje, su meile sumai\u0161ytas ir meni\u0161kai dekoruotas muilas tampa tikru \u0161edevru. Galite pasirinkti norimas sudedam\u0105sias dalis ir jas derinti, taip, kaip norite \u2013 formas, spalvas, kvapus &#8230; taip, kaip jums labiausiai patinka. Vonios kambaryje pad\u0117tas J\u016bs\u0173 sukurtas dekoratyvinis muilas visada patrauks d\u0117mes\u012f, be to visada bus puiki nedidel\u0117 dovana.<br \/>\nOd\u0105 tausojan\u010dio muilo priedas \u201eAloe Vera\u201c su dykum\u0173 alijo\u0161iumi yra skirtas prid\u0117ti \u012f rank\u0173 darbo muil\u0105, vonios burbulus, vonios druskas ir minkom\u0105 muil\u0105. Ramina streso apimt\u0105, jautri\u0105 ar u\u017edegimo apimt\u0105 od\u0105, turi lyginant\u012f ir gaivinant\u012f poveik\u012f. Visi\u0161kai neutralus, pH \u2013 3,5\u20134,7.<\/p>\n","protected":false},"excerpt":{"rendered":"<p>Turint tinkamas sudedam\u0105sias dalis ir receptus muil\u0105 pagaminti yra taip pat lengva, kaip kepti pyragus \u2013 i\u0161lietas formoje, su meile sumai\u0161ytas ir meni\u0161kai dekoruotas muilas tampa tikru \u0161edevru. Galite pasirinkti norimas sudedam\u0105sias dalis ir jas derinti, taip, kaip norite \u2013 formas, spalvas, kvapus &#8230; taip, kaip jums labiausiai patinka. Vonios kambaryje pad\u0117tas J\u016bs\u0173 sukurtas dekoratyvinis muilas visada patrauks d\u0117mes\u012f, be to visada bus puiki nedidel\u0117 dovana. Od\u0105 tausojan\u010dio muilo priedas \u201eAloe Vera\u201c su dykum\u0173 alijo\u0161iumi yra skirtas prid\u0117ti \u012f rank\u0173 darbo muil\u0105, vonios burbulus, vonios druskas ir minkom\u0105 muil\u0105. Ramina streso apimt\u0105, jautri\u0105 ar u\u017edegimo apimt\u0105 od\u0105, turi lyginant\u012f ir gaivinant\u012f poveik\u012f. Visi\u0161kai neutralus, pH \u2013 3,5\u20134,7.<\/p>\n","protected":false},"featured_media":306810,"comment_status":"closed","ping_status":"closed","template":"","meta":{"_acf_changed":false,"ep_exclude_from_search":false},"product_cat":[20274,17919,20239],"product_tag":[],"class_list":{"0":"post-306326","1":"product","2":"type-product","3":"status-publish","4":"has-post-thumbnail","6":"product_cat-muilo-gamyba","7":"product_cat-pomegiu-prekes","8":"product_cat-priedai-2","10":"first","11":"instock","12":"taxable","13":"shipping-taxable","14":"purchasable","15":"product-type-simple"},"acf":[],"yoast_head":"<!-- This site is optimized with the Yoast SEO plugin v24.1 - https:\/\/yoast.com\/wordpress\/plugins\/seo\/ -->\n<title>Muilo priedas Rayher aloe vera &#8211; Skizze<\/title>\n<meta name=\"robots\" content=\"noindex, follow, max-snippet:-1, max-image-preview:large, max-video-preview:-1\" \/>\n<meta property=\"og:locale\" content=\"lt_LT\" \/>\n<meta property=\"og:type\" content=\"article\" \/>\n<meta property=\"og:title\" content=\"Muilo priedas Rayher aloe vera &#8211; Skizze\" \/>\n<meta property=\"og:description\" content=\"Turint tinkamas sudedam\u0105sias dalis ir receptus muil\u0105 pagaminti yra taip pat lengva, kaip kepti pyragus \u2013 i\u0161lietas formoje, su meile sumai\u0161ytas ir meni\u0161kai dekoruotas muilas tampa tikru \u0161edevru. Galite pasirinkti norimas sudedam\u0105sias dalis ir jas derinti, taip, kaip norite \u2013 formas, spalvas, kvapus &#8230; taip, kaip jums labiausiai patinka. Vonios kambaryje pad\u0117tas J\u016bs\u0173 sukurtas dekoratyvinis muilas visada patrauks d\u0117mes\u012f, be to visada bus puiki nedidel\u0117 dovana. Od\u0105 tausojan\u010dio muilo priedas \u201eAloe Vera\u201c su dykum\u0173 alijo\u0161iumi yra skirtas prid\u0117ti \u012f rank\u0173 darbo muil\u0105, vonios burbulus, vonios druskas ir minkom\u0105 muil\u0105. Ramina streso apimt\u0105, jautri\u0105 ar u\u017edegimo apimt\u0105 od\u0105, turi lyginant\u012f ir gaivinant\u012f poveik\u012f. Visi\u0161kai neutralus, pH \u2013 3,5\u20134,7.\" \/>\n<meta property=\"og:url\" content=\"https:\/\/hobstop.ee\/lt\/produktas\/muilo-priedas-rayher-aloe-vera\/\" \/>\n<meta property=\"og:site_name\" content=\"Skizze\" \/>\n<meta property=\"article:publisher\" content=\"http:\/\/www.facebook.com\/VunderSkizze\" \/>\n<meta property=\"og:image\" content=\"https:\/\/hobstop.ee\/media\/4738.jpg\" \/>\n\t<meta property=\"og:image:width\" content=\"1024\" \/>\n\t<meta property=\"og:image:height\" content=\"768\" \/>\n\t<meta property=\"og:image:type\" content=\"image\/jpeg\" \/>\n<meta name=\"twitter:card\" content=\"summary_large_image\" \/>\n<meta name=\"twitter:label1\" content=\"Est. reading time\" \/>\n\t<meta name=\"twitter:data1\" content=\"1 minute\" \/>\n<script type=\"application\/ld+json\" class=\"yoast-schema-graph\">{\"@context\":\"https:\/\/schema.org\",\"@graph\":[{\"@type\":\"WebPage\",\"@id\":\"https:\/\/hobstop.ee\/lt\/produktas\/muilo-priedas-rayher-aloe-vera\/\",\"url\":\"https:\/\/hobstop.ee\/lt\/produktas\/muilo-priedas-rayher-aloe-vera\/\",\"name\":\"Muilo priedas Rayher aloe vera &#8211; Skizze\",\"isPartOf\":{\"@id\":\"https:\/\/hobstop.ee\/lt\/#website\"},\"primaryImageOfPage\":{\"@id\":\"https:\/\/hobstop.ee\/lt\/produktas\/muilo-priedas-rayher-aloe-vera\/#primaryimage\"},\"image\":{\"@id\":\"https:\/\/hobstop.ee\/lt\/produktas\/muilo-priedas-rayher-aloe-vera\/#primaryimage\"},\"thumbnailUrl\":\"https:\/\/hobstop.ee\/media\/4738.jpg\",\"datePublished\":\"2018-02-14T11:43:31+00:00\",\"dateModified\":\"2018-02-14T11:43:31+00:00\",\"breadcrumb\":{\"@id\":\"https:\/\/hobstop.ee\/lt\/produktas\/muilo-priedas-rayher-aloe-vera\/#breadcrumb\"},\"inLanguage\":\"lt\",\"potentialAction\":[{\"@type\":\"ReadAction\",\"target\":[\"https:\/\/hobstop.ee\/lt\/produktas\/muilo-priedas-rayher-aloe-vera\/\"]}]},{\"@type\":\"ImageObject\",\"inLanguage\":\"lt\",\"@id\":\"https:\/\/hobstop.ee\/lt\/produktas\/muilo-priedas-rayher-aloe-vera\/#primaryimage\",\"url\":\"https:\/\/hobstop.ee\/media\/4738.jpg\",\"contentUrl\":\"https:\/\/hobstop.ee\/media\/4738.jpg\",\"width\":1024,\"height\":768},{\"@type\":\"BreadcrumbList\",\"@id\":\"https:\/\/hobstop.ee\/lt\/produktas\/muilo-priedas-rayher-aloe-vera\/#breadcrumb\",\"itemListElement\":[{\"@type\":\"ListItem\",\"position\":1,\"name\":\"Avaleht\",\"item\":\"https:\/\/hobstop.ee\/lt\/\"},{\"@type\":\"ListItem\",\"position\":2,\"name\":\"Parduotuv\u0117\",\"item\":\"https:\/\/hobstop.ee\/lt\/parduotuve\/\"},{\"@type\":\"ListItem\",\"position\":3,\"name\":\"Muilo priedas Rayher aloe vera\"}]},{\"@type\":\"WebSite\",\"@id\":\"https:\/\/hobstop.ee\/lt\/#website\",\"url\":\"https:\/\/hobstop.ee\/lt\/\",\"name\":\"Skizze\",\"description\":\"Dail\u0117s, pom\u0117gi\u0173 ir mokykliniai reikm\u0117nys\",\"publisher\":{\"@id\":\"https:\/\/hobstop.ee\/lt\/#organization\"},\"potentialAction\":[{\"@type\":\"SearchAction\",\"target\":{\"@type\":\"EntryPoint\",\"urlTemplate\":\"https:\/\/hobstop.ee\/lt\/?s={search_term_string}\"},\"query-input\":{\"@type\":\"PropertyValueSpecification\",\"valueRequired\":true,\"valueName\":\"search_term_string\"}}],\"inLanguage\":\"lt\"},{\"@type\":\"Organization\",\"@id\":\"https:\/\/hobstop.ee\/lt\/#organization\",\"name\":\"Vunder AS\",\"url\":\"https:\/\/hobstop.ee\/lt\/\",\"logo\":{\"@type\":\"ImageObject\",\"inLanguage\":\"lt\",\"@id\":\"https:\/\/hobstop.ee\/lt\/#\/schema\/logo\/image\/\",\"url\":\"https:\/\/hobstop.ee\/media\/vunder-logo.png\",\"contentUrl\":\"https:\/\/hobstop.ee\/media\/vunder-logo.png\",\"width\":127,\"height\":55,\"caption\":\"Vunder AS\"},\"image\":{\"@id\":\"https:\/\/hobstop.ee\/lt\/#\/schema\/logo\/image\/\"},\"sameAs\":[\"http:\/\/www.facebook.com\/VunderSkizze\"]}]}<\/script>\n<!-- \/ Yoast SEO plugin. -->","yoast_head_json":{"title":"Muilo priedas Rayher aloe vera &#8211; Skizze","robots":{"index":"noindex","follow":"follow","max-snippet":"max-snippet:-1","max-image-preview":"max-image-preview:large","max-video-preview":"max-video-preview:-1"},"og_locale":"lt_LT","og_type":"article","og_title":"Muilo priedas Rayher aloe vera &#8211; Skizze","og_description":"Turint tinkamas sudedam\u0105sias dalis ir receptus muil\u0105 pagaminti yra taip pat lengva, kaip kepti pyragus \u2013 i\u0161lietas formoje, su meile sumai\u0161ytas ir meni\u0161kai dekoruotas muilas tampa tikru \u0161edevru. Galite pasirinkti norimas sudedam\u0105sias dalis ir jas derinti, taip, kaip norite \u2013 formas, spalvas, kvapus &#8230; taip, kaip jums labiausiai patinka. Vonios kambaryje pad\u0117tas J\u016bs\u0173 sukurtas dekoratyvinis muilas visada patrauks d\u0117mes\u012f, be to visada bus puiki nedidel\u0117 dovana. Od\u0105 tausojan\u010dio muilo priedas \u201eAloe Vera\u201c su dykum\u0173 alijo\u0161iumi yra skirtas prid\u0117ti \u012f rank\u0173 darbo muil\u0105, vonios burbulus, vonios druskas ir minkom\u0105 muil\u0105. Ramina streso apimt\u0105, jautri\u0105 ar u\u017edegimo apimt\u0105 od\u0105, turi lyginant\u012f ir gaivinant\u012f poveik\u012f. Visi\u0161kai neutralus, pH \u2013 3,5\u20134,7.","og_url":"https:\/\/hobstop.ee\/lt\/produktas\/muilo-priedas-rayher-aloe-vera\/","og_site_name":"Skizze","article_publisher":"http:\/\/www.facebook.com\/VunderSkizze","og_image":[{"width":1024,"height":768,"url":"https:\/\/hobstop.ee\/media\/4738.jpg","type":"image\/jpeg"}],"twitter_card":"summary_large_image","twitter_misc":{"Est. reading time":"1 minute"},"schema":{"@context":"https:\/\/schema.org","@graph":[{"@type":"WebPage","@id":"https:\/\/hobstop.ee\/lt\/produktas\/muilo-priedas-rayher-aloe-vera\/","url":"https:\/\/hobstop.ee\/lt\/produktas\/muilo-priedas-rayher-aloe-vera\/","name":"Muilo priedas Rayher aloe vera &#8211; Skizze","isPartOf":{"@id":"https:\/\/hobstop.ee\/lt\/#website"},"primaryImageOfPage":{"@id":"https:\/\/hobstop.ee\/lt\/produktas\/muilo-priedas-rayher-aloe-vera\/#primaryimage"},"image":{"@id":"https:\/\/hobstop.ee\/lt\/produktas\/muilo-priedas-rayher-aloe-vera\/#primaryimage"},"thumbnailUrl":"https:\/\/hobstop.ee\/media\/4738.jpg","datePublished":"2018-02-14T11:43:31+00:00","dateModified":"2018-02-14T11:43:31+00:00","breadcrumb":{"@id":"https:\/\/hobstop.ee\/lt\/produktas\/muilo-priedas-rayher-aloe-vera\/#breadcrumb"},"inLanguage":"lt","potentialAction":[{"@type":"ReadAction","target":["https:\/\/hobstop.ee\/lt\/produktas\/muilo-priedas-rayher-aloe-vera\/"]}]},{"@type":"ImageObject","inLanguage":"lt","@id":"https:\/\/hobstop.ee\/lt\/produktas\/muilo-priedas-rayher-aloe-vera\/#primaryimage","url":"https:\/\/hobstop.ee\/media\/4738.jpg","contentUrl":"https:\/\/hobstop.ee\/media\/4738.jpg","width":1024,"height":768},{"@type":"BreadcrumbList","@id":"https:\/\/hobstop.ee\/lt\/produktas\/muilo-priedas-rayher-aloe-vera\/#breadcrumb","itemListElement":[{"@type":"ListItem","position":1,"name":"Avaleht","item":"https:\/\/hobstop.ee\/lt\/"},{"@type":"ListItem","position":2,"name":"Parduotuv\u0117","item":"https:\/\/hobstop.ee\/lt\/parduotuve\/"},{"@type":"ListItem","position":3,"name":"Muilo priedas Rayher aloe vera"}]},{"@type":"WebSite","@id":"https:\/\/hobstop.ee\/lt\/#website","url":"https:\/\/hobstop.ee\/lt\/","name":"Skizze","description":"Dail\u0117s, pom\u0117gi\u0173 ir mokykliniai reikm\u0117nys","publisher":{"@id":"https:\/\/hobstop.ee\/lt\/#organization"},"potentialAction":[{"@type":"SearchAction","target":{"@type":"EntryPoint","urlTemplate":"https:\/\/hobstop.ee\/lt\/?s={search_term_string}"},"query-input":{"@type":"PropertyValueSpecification","valueRequired":true,"valueName":"search_term_string"}}],"inLanguage":"lt"},{"@type":"Organization","@id":"https:\/\/hobstop.ee\/lt\/#organization","name":"Vunder AS","url":"https:\/\/hobstop.ee\/lt\/","logo":{"@type":"ImageObject","inLanguage":"lt","@id":"https:\/\/hobstop.ee\/lt\/#\/schema\/logo\/image\/","url":"https:\/\/hobstop.ee\/media\/vunder-logo.png","contentUrl":"https:\/\/hobstop.ee\/media\/vunder-logo.png","width":127,"height":55,"caption":"Vunder AS"},"image":{"@id":"https:\/\/hobstop.ee\/lt\/#\/schema\/logo\/image\/"},"sameAs":["http:\/\/www.facebook.com\/VunderSkizze"]}]}},"_links":{"self":[{"href":"https:\/\/hobstop.ee\/lt\/wp-json\/wp\/v2\/product\/306326","targetHints":{"allow":["GET"]}}],"collection":[{"href":"https:\/\/hobstop.ee\/lt\/wp-json\/wp\/v2\/product"}],"about":[{"href":"https:\/\/hobstop.ee\/lt\/wp-json\/wp\/v2\/types\/product"}],"replies":[{"embeddable":true,"href":"https:\/\/hobstop.ee\/lt\/wp-json\/wp\/v2\/comments?post=306326"}],"wp:featuredmedia":[{"embeddable":true,"href":"https:\/\/hobstop.ee\/lt\/wp-json\/wp\/v2\/media\/306810"}],"wp:attachment":[{"href":"https:\/\/hobstop.ee\/lt\/wp-json\/wp\/v2\/media?parent=306326"}],"wp:term":[{"taxonomy":"product_cat","embeddable":true,"href":"https:\/\/hobstop.ee\/lt\/wp-json\/wp\/v2\/product_cat?post=306326"},{"taxonomy":"product_tag","embeddable":true,"href":"https:\/\/hobstop.ee\/lt\/wp-json\/wp\/v2\/product_tag?post=306326"}],"curies":[{"name":"wp","href":"https:\/\/api.w.org\/{rel}","templated":true}]}}