{"id":306330,"date":"2018-02-14T13:43:32","date_gmt":"2018-02-14T11:43:32","guid":{"rendered":"https:\/\/sharks.ee\/vunder_2019\/lt\/product\/muilo-priedas-rayher-putu-koncentratas\/"},"modified":"2018-02-14T13:43:32","modified_gmt":"2018-02-14T11:43:32","slug":"muilo-priedas-rayher-putu-koncentratas","status":"publish","type":"product","link":"https:\/\/hobstop.ee\/lt\/produktas\/muilo-priedas-rayher-putu-koncentratas\/","title":{"rendered":"Muilo priedas Rayher put\u0173 koncentratas"},"content":{"rendered":"<p>Turint tinkamas sudedam\u0105sias dalis ir receptus muil\u0105 pagaminti yra taip pat lengva, kaip kepti pyragus \u2013 i\u0161lietas formoje, su meile sumai\u0161ytas ir meni\u0161kai dekoruotas muilas tampa tikru \u0161edevru. Galite pasirinkti norimas sudedam\u0105sias dalis ir jas derinti, taip, kaip norite \u2013 formas, spalvas, kvapus &#8230; taip, kaip jums labiausiai patinka. Vonios kambaryje pad\u0117tas J\u016bs\u0173 sukurtas dekoratyvinis muilas visada patrauks d\u0117mes\u012f, be to visada bus puiki nedidel\u0117 dovana.<br \/>\nPrid\u0117jus putojimo priedo \u201eRayher\u201c, J\u016bs\u0173 rank\u0173 darbo muilai nuostabiai suputos! \u012e paruo\u0161t\u0105 muilo mi\u0161in\u012f prid\u0117kite 1\u20133 proc. priedo ir r\u016bpestingai i\u0161mai\u0161ykite.<\/p>\n","protected":false},"excerpt":{"rendered":"<p>Turint tinkamas sudedam\u0105sias dalis ir receptus muil\u0105 pagaminti yra taip pat lengva, kaip kepti pyragus \u2013 i\u0161lietas formoje, su meile sumai\u0161ytas ir meni\u0161kai dekoruotas muilas tampa tikru \u0161edevru. Galite pasirinkti norimas sudedam\u0105sias dalis ir jas derinti, taip, kaip norite \u2013 formas, spalvas, kvapus &#8230; taip, kaip jums labiausiai patinka. Vonios kambaryje pad\u0117tas J\u016bs\u0173 sukurtas dekoratyvinis muilas visada patrauks d\u0117mes\u012f, be to visada bus puiki nedidel\u0117 dovana. Prid\u0117jus putojimo priedo \u201eRayher\u201c, J\u016bs\u0173 rank\u0173 darbo muilai nuostabiai suputos! \u012e paruo\u0161t\u0105 muilo mi\u0161in\u012f prid\u0117kite 1\u20133 proc. priedo ir r\u016bpestingai i\u0161mai\u0161ykite.<\/p>\n","protected":false},"featured_media":306814,"comment_status":"closed","ping_status":"closed","template":"","meta":{"_acf_changed":false,"ep_exclude_from_search":false},"product_cat":[20274,17919,20239],"product_tag":[],"class_list":{"0":"post-306330","1":"product","2":"type-product","3":"status-publish","4":"has-post-thumbnail","6":"product_cat-muilo-gamyba","7":"product_cat-pomegiu-prekes","8":"product_cat-priedai-2","10":"first","11":"instock","12":"taxable","13":"shipping-taxable","14":"purchasable","15":"product-type-simple"},"acf":[],"yoast_head":"<!-- This site is optimized with the Yoast SEO plugin v24.1 - https:\/\/yoast.com\/wordpress\/plugins\/seo\/ -->\n<title>Muilo priedas Rayher put\u0173 koncentratas &#8211; Skizze<\/title>\n<meta name=\"robots\" content=\"noindex, follow, max-snippet:-1, max-image-preview:large, max-video-preview:-1\" \/>\n<meta property=\"og:locale\" content=\"lt_LT\" \/>\n<meta property=\"og:type\" content=\"article\" \/>\n<meta property=\"og:title\" content=\"Muilo priedas Rayher put\u0173 koncentratas &#8211; Skizze\" \/>\n<meta property=\"og:description\" content=\"Turint tinkamas sudedam\u0105sias dalis ir receptus muil\u0105 pagaminti yra taip pat lengva, kaip kepti pyragus \u2013 i\u0161lietas formoje, su meile sumai\u0161ytas ir meni\u0161kai dekoruotas muilas tampa tikru \u0161edevru. Galite pasirinkti norimas sudedam\u0105sias dalis ir jas derinti, taip, kaip norite \u2013 formas, spalvas, kvapus &#8230; taip, kaip jums labiausiai patinka. Vonios kambaryje pad\u0117tas J\u016bs\u0173 sukurtas dekoratyvinis muilas visada patrauks d\u0117mes\u012f, be to visada bus puiki nedidel\u0117 dovana. Prid\u0117jus putojimo priedo \u201eRayher\u201c, J\u016bs\u0173 rank\u0173 darbo muilai nuostabiai suputos! \u012e paruo\u0161t\u0105 muilo mi\u0161in\u012f prid\u0117kite 1\u20133 proc. priedo ir r\u016bpestingai i\u0161mai\u0161ykite.\" \/>\n<meta property=\"og:url\" content=\"https:\/\/hobstop.ee\/lt\/produktas\/muilo-priedas-rayher-putu-koncentratas\/\" \/>\n<meta property=\"og:site_name\" content=\"Skizze\" \/>\n<meta property=\"article:publisher\" content=\"http:\/\/www.facebook.com\/VunderSkizze\" \/>\n<meta property=\"og:image\" content=\"https:\/\/hobstop.ee\/media\/4739.jpg\" \/>\n\t<meta property=\"og:image:width\" content=\"1024\" \/>\n\t<meta property=\"og:image:height\" content=\"768\" \/>\n\t<meta property=\"og:image:type\" content=\"image\/jpeg\" \/>\n<meta name=\"twitter:card\" content=\"summary_large_image\" \/>\n<script type=\"application\/ld+json\" class=\"yoast-schema-graph\">{\"@context\":\"https:\/\/schema.org\",\"@graph\":[{\"@type\":\"WebPage\",\"@id\":\"https:\/\/hobstop.ee\/lt\/produktas\/muilo-priedas-rayher-putu-koncentratas\/\",\"url\":\"https:\/\/hobstop.ee\/lt\/produktas\/muilo-priedas-rayher-putu-koncentratas\/\",\"name\":\"Muilo priedas Rayher put\u0173 koncentratas &#8211; Skizze\",\"isPartOf\":{\"@id\":\"https:\/\/hobstop.ee\/lt\/#website\"},\"primaryImageOfPage\":{\"@id\":\"https:\/\/hobstop.ee\/lt\/produktas\/muilo-priedas-rayher-putu-koncentratas\/#primaryimage\"},\"image\":{\"@id\":\"https:\/\/hobstop.ee\/lt\/produktas\/muilo-priedas-rayher-putu-koncentratas\/#primaryimage\"},\"thumbnailUrl\":\"https:\/\/hobstop.ee\/media\/4739.jpg\",\"datePublished\":\"2018-02-14T11:43:32+00:00\",\"dateModified\":\"2018-02-14T11:43:32+00:00\",\"breadcrumb\":{\"@id\":\"https:\/\/hobstop.ee\/lt\/produktas\/muilo-priedas-rayher-putu-koncentratas\/#breadcrumb\"},\"inLanguage\":\"lt\",\"potentialAction\":[{\"@type\":\"ReadAction\",\"target\":[\"https:\/\/hobstop.ee\/lt\/produktas\/muilo-priedas-rayher-putu-koncentratas\/\"]}]},{\"@type\":\"ImageObject\",\"inLanguage\":\"lt\",\"@id\":\"https:\/\/hobstop.ee\/lt\/produktas\/muilo-priedas-rayher-putu-koncentratas\/#primaryimage\",\"url\":\"https:\/\/hobstop.ee\/media\/4739.jpg\",\"contentUrl\":\"https:\/\/hobstop.ee\/media\/4739.jpg\",\"width\":1024,\"height\":768},{\"@type\":\"BreadcrumbList\",\"@id\":\"https:\/\/hobstop.ee\/lt\/produktas\/muilo-priedas-rayher-putu-koncentratas\/#breadcrumb\",\"itemListElement\":[{\"@type\":\"ListItem\",\"position\":1,\"name\":\"Avaleht\",\"item\":\"https:\/\/hobstop.ee\/lt\/\"},{\"@type\":\"ListItem\",\"position\":2,\"name\":\"Parduotuv\u0117\",\"item\":\"https:\/\/hobstop.ee\/lt\/parduotuve\/\"},{\"@type\":\"ListItem\",\"position\":3,\"name\":\"Muilo priedas Rayher put\u0173 koncentratas\"}]},{\"@type\":\"WebSite\",\"@id\":\"https:\/\/hobstop.ee\/lt\/#website\",\"url\":\"https:\/\/hobstop.ee\/lt\/\",\"name\":\"Skizze\",\"description\":\"Dail\u0117s, pom\u0117gi\u0173 ir mokykliniai reikm\u0117nys\",\"publisher\":{\"@id\":\"https:\/\/hobstop.ee\/lt\/#organization\"},\"potentialAction\":[{\"@type\":\"SearchAction\",\"target\":{\"@type\":\"EntryPoint\",\"urlTemplate\":\"https:\/\/hobstop.ee\/lt\/?s={search_term_string}\"},\"query-input\":{\"@type\":\"PropertyValueSpecification\",\"valueRequired\":true,\"valueName\":\"search_term_string\"}}],\"inLanguage\":\"lt\"},{\"@type\":\"Organization\",\"@id\":\"https:\/\/hobstop.ee\/lt\/#organization\",\"name\":\"Vunder AS\",\"url\":\"https:\/\/hobstop.ee\/lt\/\",\"logo\":{\"@type\":\"ImageObject\",\"inLanguage\":\"lt\",\"@id\":\"https:\/\/hobstop.ee\/lt\/#\/schema\/logo\/image\/\",\"url\":\"https:\/\/hobstop.ee\/media\/vunder-logo.png\",\"contentUrl\":\"https:\/\/hobstop.ee\/media\/vunder-logo.png\",\"width\":127,\"height\":55,\"caption\":\"Vunder AS\"},\"image\":{\"@id\":\"https:\/\/hobstop.ee\/lt\/#\/schema\/logo\/image\/\"},\"sameAs\":[\"http:\/\/www.facebook.com\/VunderSkizze\"]}]}<\/script>\n<!-- \/ Yoast SEO plugin. -->","yoast_head_json":{"title":"Muilo priedas Rayher put\u0173 koncentratas &#8211; Skizze","robots":{"index":"noindex","follow":"follow","max-snippet":"max-snippet:-1","max-image-preview":"max-image-preview:large","max-video-preview":"max-video-preview:-1"},"og_locale":"lt_LT","og_type":"article","og_title":"Muilo priedas Rayher put\u0173 koncentratas &#8211; Skizze","og_description":"Turint tinkamas sudedam\u0105sias dalis ir receptus muil\u0105 pagaminti yra taip pat lengva, kaip kepti pyragus \u2013 i\u0161lietas formoje, su meile sumai\u0161ytas ir meni\u0161kai dekoruotas muilas tampa tikru \u0161edevru. Galite pasirinkti norimas sudedam\u0105sias dalis ir jas derinti, taip, kaip norite \u2013 formas, spalvas, kvapus &#8230; taip, kaip jums labiausiai patinka. Vonios kambaryje pad\u0117tas J\u016bs\u0173 sukurtas dekoratyvinis muilas visada patrauks d\u0117mes\u012f, be to visada bus puiki nedidel\u0117 dovana. Prid\u0117jus putojimo priedo \u201eRayher\u201c, J\u016bs\u0173 rank\u0173 darbo muilai nuostabiai suputos! \u012e paruo\u0161t\u0105 muilo mi\u0161in\u012f prid\u0117kite 1\u20133 proc. priedo ir r\u016bpestingai i\u0161mai\u0161ykite.","og_url":"https:\/\/hobstop.ee\/lt\/produktas\/muilo-priedas-rayher-putu-koncentratas\/","og_site_name":"Skizze","article_publisher":"http:\/\/www.facebook.com\/VunderSkizze","og_image":[{"width":1024,"height":768,"url":"https:\/\/hobstop.ee\/media\/4739.jpg","type":"image\/jpeg"}],"twitter_card":"summary_large_image","schema":{"@context":"https:\/\/schema.org","@graph":[{"@type":"WebPage","@id":"https:\/\/hobstop.ee\/lt\/produktas\/muilo-priedas-rayher-putu-koncentratas\/","url":"https:\/\/hobstop.ee\/lt\/produktas\/muilo-priedas-rayher-putu-koncentratas\/","name":"Muilo priedas Rayher put\u0173 koncentratas &#8211; Skizze","isPartOf":{"@id":"https:\/\/hobstop.ee\/lt\/#website"},"primaryImageOfPage":{"@id":"https:\/\/hobstop.ee\/lt\/produktas\/muilo-priedas-rayher-putu-koncentratas\/#primaryimage"},"image":{"@id":"https:\/\/hobstop.ee\/lt\/produktas\/muilo-priedas-rayher-putu-koncentratas\/#primaryimage"},"thumbnailUrl":"https:\/\/hobstop.ee\/media\/4739.jpg","datePublished":"2018-02-14T11:43:32+00:00","dateModified":"2018-02-14T11:43:32+00:00","breadcrumb":{"@id":"https:\/\/hobstop.ee\/lt\/produktas\/muilo-priedas-rayher-putu-koncentratas\/#breadcrumb"},"inLanguage":"lt","potentialAction":[{"@type":"ReadAction","target":["https:\/\/hobstop.ee\/lt\/produktas\/muilo-priedas-rayher-putu-koncentratas\/"]}]},{"@type":"ImageObject","inLanguage":"lt","@id":"https:\/\/hobstop.ee\/lt\/produktas\/muilo-priedas-rayher-putu-koncentratas\/#primaryimage","url":"https:\/\/hobstop.ee\/media\/4739.jpg","contentUrl":"https:\/\/hobstop.ee\/media\/4739.jpg","width":1024,"height":768},{"@type":"BreadcrumbList","@id":"https:\/\/hobstop.ee\/lt\/produktas\/muilo-priedas-rayher-putu-koncentratas\/#breadcrumb","itemListElement":[{"@type":"ListItem","position":1,"name":"Avaleht","item":"https:\/\/hobstop.ee\/lt\/"},{"@type":"ListItem","position":2,"name":"Parduotuv\u0117","item":"https:\/\/hobstop.ee\/lt\/parduotuve\/"},{"@type":"ListItem","position":3,"name":"Muilo priedas Rayher put\u0173 koncentratas"}]},{"@type":"WebSite","@id":"https:\/\/hobstop.ee\/lt\/#website","url":"https:\/\/hobstop.ee\/lt\/","name":"Skizze","description":"Dail\u0117s, pom\u0117gi\u0173 ir mokykliniai reikm\u0117nys","publisher":{"@id":"https:\/\/hobstop.ee\/lt\/#organization"},"potentialAction":[{"@type":"SearchAction","target":{"@type":"EntryPoint","urlTemplate":"https:\/\/hobstop.ee\/lt\/?s={search_term_string}"},"query-input":{"@type":"PropertyValueSpecification","valueRequired":true,"valueName":"search_term_string"}}],"inLanguage":"lt"},{"@type":"Organization","@id":"https:\/\/hobstop.ee\/lt\/#organization","name":"Vunder AS","url":"https:\/\/hobstop.ee\/lt\/","logo":{"@type":"ImageObject","inLanguage":"lt","@id":"https:\/\/hobstop.ee\/lt\/#\/schema\/logo\/image\/","url":"https:\/\/hobstop.ee\/media\/vunder-logo.png","contentUrl":"https:\/\/hobstop.ee\/media\/vunder-logo.png","width":127,"height":55,"caption":"Vunder AS"},"image":{"@id":"https:\/\/hobstop.ee\/lt\/#\/schema\/logo\/image\/"},"sameAs":["http:\/\/www.facebook.com\/VunderSkizze"]}]}},"_links":{"self":[{"href":"https:\/\/hobstop.ee\/lt\/wp-json\/wp\/v2\/product\/306330","targetHints":{"allow":["GET"]}}],"collection":[{"href":"https:\/\/hobstop.ee\/lt\/wp-json\/wp\/v2\/product"}],"about":[{"href":"https:\/\/hobstop.ee\/lt\/wp-json\/wp\/v2\/types\/product"}],"replies":[{"embeddable":true,"href":"https:\/\/hobstop.ee\/lt\/wp-json\/wp\/v2\/comments?post=306330"}],"wp:featuredmedia":[{"embeddable":true,"href":"https:\/\/hobstop.ee\/lt\/wp-json\/wp\/v2\/media\/306814"}],"wp:attachment":[{"href":"https:\/\/hobstop.ee\/lt\/wp-json\/wp\/v2\/media?parent=306330"}],"wp:term":[{"taxonomy":"product_cat","embeddable":true,"href":"https:\/\/hobstop.ee\/lt\/wp-json\/wp\/v2\/product_cat?post=306330"},{"taxonomy":"product_tag","embeddable":true,"href":"https:\/\/hobstop.ee\/lt\/wp-json\/wp\/v2\/product_tag?post=306330"}],"curies":[{"name":"wp","href":"https:\/\/api.w.org\/{rel}","templated":true}]}}