{"id":306346,"date":"2018-02-14T13:43:36","date_gmt":"2018-02-14T11:43:36","guid":{"rendered":"https:\/\/sharks.ee\/vunder_2019\/lt\/product\/formele-muilui-rayher\/"},"modified":"2018-02-14T13:43:36","modified_gmt":"2018-02-14T11:43:36","slug":"formele-muilui-rayher","status":"publish","type":"product","link":"https:\/\/hobstop.ee\/lt\/produktas\/formele-muilui-rayher\/","title":{"rendered":"Formel\u0117 muilui Rayher"},"content":{"rendered":"<p>Turint tinkamas sudedam\u0105sias dalis ir receptus muil\u0105 pagaminti yra taip pat lengva, kaip kepti pyragus \u2013 i\u0161lietas formoje, su meile sumai\u0161ytas ir meni\u0161kai dekoruotas muilas tampa tikru \u0161edevru. Galite pasirinkti norimas sudedam\u0105sias dalis ir jas derinti, taip, kaip norite \u2013 formas, spalvas, kvapus &#8230; taip, kaip jums labiausiai patinka. Vonios kambaryje pad\u0117tas J\u016bs\u0173 sukurtas dekoratyvinis muilas visada patrauks d\u0117mes\u012f, be to visada bus puiki nedidel\u0117 dovana.<br \/>\nSuteikite savo muilams paprast\u0105 keturkamp\u0119 form\u0105 su specialia \u201eRayher\u201c \u012fspaud\u0173 kli\u0161e. Pakanka ir nuostabi\u0173 paprast\u0173 form\u0173, ta\u010diau unikalumo muilams suteiks \u201eRayher\u201c reljefin\u0117s \u012fspaud\u0173 kli\u0161\u0117s. I\u0161lietus muilo gabalus galima supjaustyti norimo dyd\u017eio porcijomis. Visi\u0161kai skaidrus ir tvirtas PET plastikas yra labai patvarus ir gali b\u016bti panaudotas pakartotinai. Tinka ne tik muilui, bet ir kitoms liejimo technikoms, pavyzd\u017eiui cementui arba va\u0161kui. Atsparus kar\u0161\u010diui iki 60\u00b0C.<\/p>\n","protected":false},"excerpt":{"rendered":"<p>Turint tinkamas sudedam\u0105sias dalis ir receptus muil\u0105 pagaminti yra taip pat lengva, kaip kepti pyragus \u2013 i\u0161lietas formoje, su meile sumai\u0161ytas ir meni\u0161kai dekoruotas muilas tampa tikru \u0161edevru. Galite pasirinkti norimas sudedam\u0105sias dalis ir jas derinti, taip, kaip norite \u2013 formas, spalvas, kvapus &#8230; taip, kaip jums labiausiai patinka. Vonios kambaryje pad\u0117tas J\u016bs\u0173 sukurtas dekoratyvinis muilas visada patrauks d\u0117mes\u012f, be to visada bus puiki nedidel\u0117 dovana. Suteikite savo muilams paprast\u0105 keturkamp\u0119 form\u0105 su specialia \u201eRayher\u201c \u012fspaud\u0173 kli\u0161e. Pakanka ir nuostabi\u0173 paprast\u0173 form\u0173, ta\u010diau unikalumo muilams suteiks \u201eRayher\u201c reljefin\u0117s \u012fspaud\u0173 kli\u0161\u0117s. I\u0161lietus muilo gabalus galima supjaustyti norimo dyd\u017eio porcijomis. Visi\u0161kai skaidrus ir tvirtas PET plastikas yra labai patvarus ir gali b\u016bti panaudotas pakartotinai. Tinka ne tik muilui, bet ir kitoms liejimo technikoms, pavyzd\u017eiui cementui arba va\u0161kui. Atsparus kar\u0161\u010diui iki 60\u00b0C.<\/p>\n","protected":false},"featured_media":306830,"comment_status":"closed","ping_status":"closed","template":"","meta":{"_acf_changed":false,"ep_exclude_from_search":false},"product_cat":[20280,20274,17919],"product_tag":[],"class_list":{"0":"post-306346","1":"product","2":"type-product","3":"status-publish","4":"has-post-thumbnail","6":"product_cat-formos-2","7":"product_cat-muilo-gamyba","8":"product_cat-pomegiu-prekes","10":"first","11":"instock","12":"taxable","13":"shipping-taxable","14":"purchasable","15":"product-type-simple"},"acf":[],"yoast_head":"<!-- This site is optimized with the Yoast SEO plugin v24.1 - https:\/\/yoast.com\/wordpress\/plugins\/seo\/ -->\n<title>Formel\u0117 muilui Rayher &#8211; Skizze<\/title>\n<meta name=\"robots\" content=\"noindex, follow, max-snippet:-1, max-image-preview:large, max-video-preview:-1\" \/>\n<meta property=\"og:locale\" content=\"lt_LT\" \/>\n<meta property=\"og:type\" content=\"article\" \/>\n<meta property=\"og:title\" content=\"Formel\u0117 muilui Rayher &#8211; Skizze\" \/>\n<meta property=\"og:description\" content=\"Turint tinkamas sudedam\u0105sias dalis ir receptus muil\u0105 pagaminti yra taip pat lengva, kaip kepti pyragus \u2013 i\u0161lietas formoje, su meile sumai\u0161ytas ir meni\u0161kai dekoruotas muilas tampa tikru \u0161edevru. Galite pasirinkti norimas sudedam\u0105sias dalis ir jas derinti, taip, kaip norite \u2013 formas, spalvas, kvapus &#8230; taip, kaip jums labiausiai patinka. Vonios kambaryje pad\u0117tas J\u016bs\u0173 sukurtas dekoratyvinis muilas visada patrauks d\u0117mes\u012f, be to visada bus puiki nedidel\u0117 dovana. Suteikite savo muilams paprast\u0105 keturkamp\u0119 form\u0105 su specialia \u201eRayher\u201c \u012fspaud\u0173 kli\u0161e. Pakanka ir nuostabi\u0173 paprast\u0173 form\u0173, ta\u010diau unikalumo muilams suteiks \u201eRayher\u201c reljefin\u0117s \u012fspaud\u0173 kli\u0161\u0117s. I\u0161lietus muilo gabalus galima supjaustyti norimo dyd\u017eio porcijomis. Visi\u0161kai skaidrus ir tvirtas PET plastikas yra labai patvarus ir gali b\u016bti panaudotas pakartotinai. Tinka ne tik muilui, bet ir kitoms liejimo technikoms, pavyzd\u017eiui cementui arba va\u0161kui. Atsparus kar\u0161\u010diui iki 60\u00b0C.\" \/>\n<meta property=\"og:url\" content=\"https:\/\/hobstop.ee\/lt\/produktas\/formele-muilui-rayher\/\" \/>\n<meta property=\"og:site_name\" content=\"Skizze\" \/>\n<meta property=\"article:publisher\" content=\"http:\/\/www.facebook.com\/VunderSkizze\" \/>\n<meta property=\"og:image\" content=\"https:\/\/hobstop.ee\/media\/4743.jpg\" \/>\n\t<meta property=\"og:image:width\" content=\"1024\" \/>\n\t<meta property=\"og:image:height\" content=\"768\" \/>\n\t<meta property=\"og:image:type\" content=\"image\/jpeg\" \/>\n<meta name=\"twitter:card\" content=\"summary_large_image\" \/>\n<meta name=\"twitter:label1\" content=\"Est. reading time\" \/>\n\t<meta name=\"twitter:data1\" content=\"1 minute\" \/>\n<script type=\"application\/ld+json\" class=\"yoast-schema-graph\">{\"@context\":\"https:\/\/schema.org\",\"@graph\":[{\"@type\":\"WebPage\",\"@id\":\"https:\/\/hobstop.ee\/lt\/produktas\/formele-muilui-rayher\/\",\"url\":\"https:\/\/hobstop.ee\/lt\/produktas\/formele-muilui-rayher\/\",\"name\":\"Formel\u0117 muilui Rayher &#8211; Skizze\",\"isPartOf\":{\"@id\":\"https:\/\/hobstop.ee\/lt\/#website\"},\"primaryImageOfPage\":{\"@id\":\"https:\/\/hobstop.ee\/lt\/produktas\/formele-muilui-rayher\/#primaryimage\"},\"image\":{\"@id\":\"https:\/\/hobstop.ee\/lt\/produktas\/formele-muilui-rayher\/#primaryimage\"},\"thumbnailUrl\":\"https:\/\/hobstop.ee\/media\/4743.jpg\",\"datePublished\":\"2018-02-14T11:43:36+00:00\",\"dateModified\":\"2018-02-14T11:43:36+00:00\",\"breadcrumb\":{\"@id\":\"https:\/\/hobstop.ee\/lt\/produktas\/formele-muilui-rayher\/#breadcrumb\"},\"inLanguage\":\"lt\",\"potentialAction\":[{\"@type\":\"ReadAction\",\"target\":[\"https:\/\/hobstop.ee\/lt\/produktas\/formele-muilui-rayher\/\"]}]},{\"@type\":\"ImageObject\",\"inLanguage\":\"lt\",\"@id\":\"https:\/\/hobstop.ee\/lt\/produktas\/formele-muilui-rayher\/#primaryimage\",\"url\":\"https:\/\/hobstop.ee\/media\/4743.jpg\",\"contentUrl\":\"https:\/\/hobstop.ee\/media\/4743.jpg\",\"width\":1024,\"height\":768},{\"@type\":\"BreadcrumbList\",\"@id\":\"https:\/\/hobstop.ee\/lt\/produktas\/formele-muilui-rayher\/#breadcrumb\",\"itemListElement\":[{\"@type\":\"ListItem\",\"position\":1,\"name\":\"Avaleht\",\"item\":\"https:\/\/hobstop.ee\/lt\/\"},{\"@type\":\"ListItem\",\"position\":2,\"name\":\"Parduotuv\u0117\",\"item\":\"https:\/\/hobstop.ee\/lt\/parduotuve\/\"},{\"@type\":\"ListItem\",\"position\":3,\"name\":\"Formel\u0117 muilui Rayher\"}]},{\"@type\":\"WebSite\",\"@id\":\"https:\/\/hobstop.ee\/lt\/#website\",\"url\":\"https:\/\/hobstop.ee\/lt\/\",\"name\":\"Skizze\",\"description\":\"Dail\u0117s, pom\u0117gi\u0173 ir mokykliniai reikm\u0117nys\",\"publisher\":{\"@id\":\"https:\/\/hobstop.ee\/lt\/#organization\"},\"potentialAction\":[{\"@type\":\"SearchAction\",\"target\":{\"@type\":\"EntryPoint\",\"urlTemplate\":\"https:\/\/hobstop.ee\/lt\/?s={search_term_string}\"},\"query-input\":{\"@type\":\"PropertyValueSpecification\",\"valueRequired\":true,\"valueName\":\"search_term_string\"}}],\"inLanguage\":\"lt\"},{\"@type\":\"Organization\",\"@id\":\"https:\/\/hobstop.ee\/lt\/#organization\",\"name\":\"Vunder AS\",\"url\":\"https:\/\/hobstop.ee\/lt\/\",\"logo\":{\"@type\":\"ImageObject\",\"inLanguage\":\"lt\",\"@id\":\"https:\/\/hobstop.ee\/lt\/#\/schema\/logo\/image\/\",\"url\":\"https:\/\/hobstop.ee\/media\/vunder-logo.png\",\"contentUrl\":\"https:\/\/hobstop.ee\/media\/vunder-logo.png\",\"width\":127,\"height\":55,\"caption\":\"Vunder AS\"},\"image\":{\"@id\":\"https:\/\/hobstop.ee\/lt\/#\/schema\/logo\/image\/\"},\"sameAs\":[\"http:\/\/www.facebook.com\/VunderSkizze\"]}]}<\/script>\n<!-- \/ Yoast SEO plugin. -->","yoast_head_json":{"title":"Formel\u0117 muilui Rayher &#8211; Skizze","robots":{"index":"noindex","follow":"follow","max-snippet":"max-snippet:-1","max-image-preview":"max-image-preview:large","max-video-preview":"max-video-preview:-1"},"og_locale":"lt_LT","og_type":"article","og_title":"Formel\u0117 muilui Rayher &#8211; Skizze","og_description":"Turint tinkamas sudedam\u0105sias dalis ir receptus muil\u0105 pagaminti yra taip pat lengva, kaip kepti pyragus \u2013 i\u0161lietas formoje, su meile sumai\u0161ytas ir meni\u0161kai dekoruotas muilas tampa tikru \u0161edevru. Galite pasirinkti norimas sudedam\u0105sias dalis ir jas derinti, taip, kaip norite \u2013 formas, spalvas, kvapus &#8230; taip, kaip jums labiausiai patinka. Vonios kambaryje pad\u0117tas J\u016bs\u0173 sukurtas dekoratyvinis muilas visada patrauks d\u0117mes\u012f, be to visada bus puiki nedidel\u0117 dovana. Suteikite savo muilams paprast\u0105 keturkamp\u0119 form\u0105 su specialia \u201eRayher\u201c \u012fspaud\u0173 kli\u0161e. Pakanka ir nuostabi\u0173 paprast\u0173 form\u0173, ta\u010diau unikalumo muilams suteiks \u201eRayher\u201c reljefin\u0117s \u012fspaud\u0173 kli\u0161\u0117s. I\u0161lietus muilo gabalus galima supjaustyti norimo dyd\u017eio porcijomis. Visi\u0161kai skaidrus ir tvirtas PET plastikas yra labai patvarus ir gali b\u016bti panaudotas pakartotinai. Tinka ne tik muilui, bet ir kitoms liejimo technikoms, pavyzd\u017eiui cementui arba va\u0161kui. Atsparus kar\u0161\u010diui iki 60\u00b0C.","og_url":"https:\/\/hobstop.ee\/lt\/produktas\/formele-muilui-rayher\/","og_site_name":"Skizze","article_publisher":"http:\/\/www.facebook.com\/VunderSkizze","og_image":[{"width":1024,"height":768,"url":"https:\/\/hobstop.ee\/media\/4743.jpg","type":"image\/jpeg"}],"twitter_card":"summary_large_image","twitter_misc":{"Est. reading time":"1 minute"},"schema":{"@context":"https:\/\/schema.org","@graph":[{"@type":"WebPage","@id":"https:\/\/hobstop.ee\/lt\/produktas\/formele-muilui-rayher\/","url":"https:\/\/hobstop.ee\/lt\/produktas\/formele-muilui-rayher\/","name":"Formel\u0117 muilui Rayher &#8211; Skizze","isPartOf":{"@id":"https:\/\/hobstop.ee\/lt\/#website"},"primaryImageOfPage":{"@id":"https:\/\/hobstop.ee\/lt\/produktas\/formele-muilui-rayher\/#primaryimage"},"image":{"@id":"https:\/\/hobstop.ee\/lt\/produktas\/formele-muilui-rayher\/#primaryimage"},"thumbnailUrl":"https:\/\/hobstop.ee\/media\/4743.jpg","datePublished":"2018-02-14T11:43:36+00:00","dateModified":"2018-02-14T11:43:36+00:00","breadcrumb":{"@id":"https:\/\/hobstop.ee\/lt\/produktas\/formele-muilui-rayher\/#breadcrumb"},"inLanguage":"lt","potentialAction":[{"@type":"ReadAction","target":["https:\/\/hobstop.ee\/lt\/produktas\/formele-muilui-rayher\/"]}]},{"@type":"ImageObject","inLanguage":"lt","@id":"https:\/\/hobstop.ee\/lt\/produktas\/formele-muilui-rayher\/#primaryimage","url":"https:\/\/hobstop.ee\/media\/4743.jpg","contentUrl":"https:\/\/hobstop.ee\/media\/4743.jpg","width":1024,"height":768},{"@type":"BreadcrumbList","@id":"https:\/\/hobstop.ee\/lt\/produktas\/formele-muilui-rayher\/#breadcrumb","itemListElement":[{"@type":"ListItem","position":1,"name":"Avaleht","item":"https:\/\/hobstop.ee\/lt\/"},{"@type":"ListItem","position":2,"name":"Parduotuv\u0117","item":"https:\/\/hobstop.ee\/lt\/parduotuve\/"},{"@type":"ListItem","position":3,"name":"Formel\u0117 muilui Rayher"}]},{"@type":"WebSite","@id":"https:\/\/hobstop.ee\/lt\/#website","url":"https:\/\/hobstop.ee\/lt\/","name":"Skizze","description":"Dail\u0117s, pom\u0117gi\u0173 ir mokykliniai reikm\u0117nys","publisher":{"@id":"https:\/\/hobstop.ee\/lt\/#organization"},"potentialAction":[{"@type":"SearchAction","target":{"@type":"EntryPoint","urlTemplate":"https:\/\/hobstop.ee\/lt\/?s={search_term_string}"},"query-input":{"@type":"PropertyValueSpecification","valueRequired":true,"valueName":"search_term_string"}}],"inLanguage":"lt"},{"@type":"Organization","@id":"https:\/\/hobstop.ee\/lt\/#organization","name":"Vunder AS","url":"https:\/\/hobstop.ee\/lt\/","logo":{"@type":"ImageObject","inLanguage":"lt","@id":"https:\/\/hobstop.ee\/lt\/#\/schema\/logo\/image\/","url":"https:\/\/hobstop.ee\/media\/vunder-logo.png","contentUrl":"https:\/\/hobstop.ee\/media\/vunder-logo.png","width":127,"height":55,"caption":"Vunder AS"},"image":{"@id":"https:\/\/hobstop.ee\/lt\/#\/schema\/logo\/image\/"},"sameAs":["http:\/\/www.facebook.com\/VunderSkizze"]}]}},"_links":{"self":[{"href":"https:\/\/hobstop.ee\/lt\/wp-json\/wp\/v2\/product\/306346","targetHints":{"allow":["GET"]}}],"collection":[{"href":"https:\/\/hobstop.ee\/lt\/wp-json\/wp\/v2\/product"}],"about":[{"href":"https:\/\/hobstop.ee\/lt\/wp-json\/wp\/v2\/types\/product"}],"replies":[{"embeddable":true,"href":"https:\/\/hobstop.ee\/lt\/wp-json\/wp\/v2\/comments?post=306346"}],"wp:featuredmedia":[{"embeddable":true,"href":"https:\/\/hobstop.ee\/lt\/wp-json\/wp\/v2\/media\/306830"}],"wp:attachment":[{"href":"https:\/\/hobstop.ee\/lt\/wp-json\/wp\/v2\/media?parent=306346"}],"wp:term":[{"taxonomy":"product_cat","embeddable":true,"href":"https:\/\/hobstop.ee\/lt\/wp-json\/wp\/v2\/product_cat?post=306346"},{"taxonomy":"product_tag","embeddable":true,"href":"https:\/\/hobstop.ee\/lt\/wp-json\/wp\/v2\/product_tag?post=306346"}],"curies":[{"name":"wp","href":"https:\/\/api.w.org\/{rel}","templated":true}]}}