{"id":306350,"date":"2018-02-14T13:43:37","date_gmt":"2018-02-14T11:43:37","guid":{"rendered":"https:\/\/sharks.ee\/vunder_2019\/lt\/product\/gipso-milteliai-raysin-200\/"},"modified":"2018-02-14T13:43:37","modified_gmt":"2018-02-14T11:43:37","slug":"gipso-milteliai-raysin-200","status":"publish","type":"product","link":"https:\/\/hobstop.ee\/lt\/produktas\/gipso-milteliai-raysin-200\/","title":{"rendered":"Gipso milteliai Raysin 200"},"content":{"rendered":"<p>Puikios kokyb\u0117s lipdymo mi\u0161inys (200 N\/qm) idealiai tinka reljefams, fig\u016br\u0117l\u0117ms, plytel\u0117ms, mozaikoms, dekoratyvin\u0117ms l\u0117k\u0161t\u0117ms ir ornamentams lipdyti. Puikus lygaus pavir\u0161iaus produktas, idealai tinkamas ambicingiems m\u0117g\u0117jams!<\/p>\n","protected":false},"excerpt":{"rendered":"<p>Puikios kokyb\u0117s lipdymo mi\u0161inys (200 N\/qm) idealiai tinka reljefams, fig\u016br\u0117l\u0117ms, plytel\u0117ms, mozaikoms, dekoratyvin\u0117ms l\u0117k\u0161t\u0117ms ir ornamentams lipdyti. Puikus lygaus pavir\u0161iaus produktas, idealai tinkamas ambicingiems m\u0117g\u0117jams!<\/p>\n","protected":false},"featured_media":308632,"comment_status":"closed","ping_status":"closed","template":"","meta":{"_acf_changed":false,"ep_exclude_from_search":false},"product_cat":[18187,20087,17919],"product_tag":[],"class_list":{"0":"post-306350","1":"product","2":"type-product","3":"status-publish","4":"has-post-thumbnail","6":"product_cat-gipsas","7":"product_cat-medziagos-ir-priemones-lipdymui","8":"product_cat-pomegiu-prekes","10":"first","11":"instock","12":"taxable","13":"shipping-taxable","14":"purchasable","15":"product-type-variable"},"acf":[],"yoast_head":"<!-- This site is optimized with the Yoast SEO plugin v24.1 - https:\/\/yoast.com\/wordpress\/plugins\/seo\/ -->\n<title>Gipso milteliai Raysin 200 &#8211; Skizze<\/title>\n<meta name=\"robots\" content=\"noindex, follow, max-snippet:-1, max-image-preview:large, max-video-preview:-1\" \/>\n<meta property=\"og:locale\" content=\"lt_LT\" \/>\n<meta property=\"og:type\" content=\"article\" \/>\n<meta property=\"og:title\" content=\"Gipso milteliai Raysin 200 &#8211; Skizze\" \/>\n<meta property=\"og:description\" content=\"Puikios kokyb\u0117s lipdymo mi\u0161inys (200 N\/qm) idealiai tinka reljefams, fig\u016br\u0117l\u0117ms, plytel\u0117ms, mozaikoms, dekoratyvin\u0117ms l\u0117k\u0161t\u0117ms ir ornamentams lipdyti. Puikus lygaus pavir\u0161iaus produktas, idealai tinkamas ambicingiems m\u0117g\u0117jams!\" \/>\n<meta property=\"og:url\" content=\"https:\/\/hobstop.ee\/lt\/produktas\/gipso-milteliai-raysin-200\/\" \/>\n<meta property=\"og:site_name\" content=\"Skizze\" \/>\n<meta property=\"article:publisher\" content=\"http:\/\/www.facebook.com\/VunderSkizze\" \/>\n<meta property=\"og:image\" content=\"https:\/\/hobstop.ee\/media\/4749.jpg\" \/>\n\t<meta property=\"og:image:width\" content=\"1024\" \/>\n\t<meta property=\"og:image:height\" content=\"768\" \/>\n\t<meta property=\"og:image:type\" content=\"image\/jpeg\" \/>\n<meta name=\"twitter:card\" content=\"summary_large_image\" \/>\n<script type=\"application\/ld+json\" class=\"yoast-schema-graph\">{\"@context\":\"https:\/\/schema.org\",\"@graph\":[{\"@type\":\"WebPage\",\"@id\":\"https:\/\/hobstop.ee\/lt\/produktas\/gipso-milteliai-raysin-200\/\",\"url\":\"https:\/\/hobstop.ee\/lt\/produktas\/gipso-milteliai-raysin-200\/\",\"name\":\"Gipso milteliai Raysin 200 &#8211; Skizze\",\"isPartOf\":{\"@id\":\"https:\/\/hobstop.ee\/lt\/#website\"},\"primaryImageOfPage\":{\"@id\":\"https:\/\/hobstop.ee\/lt\/produktas\/gipso-milteliai-raysin-200\/#primaryimage\"},\"image\":{\"@id\":\"https:\/\/hobstop.ee\/lt\/produktas\/gipso-milteliai-raysin-200\/#primaryimage\"},\"thumbnailUrl\":\"https:\/\/hobstop.ee\/media\/4749.jpg\",\"datePublished\":\"2018-02-14T11:43:37+00:00\",\"dateModified\":\"2018-02-14T11:43:37+00:00\",\"breadcrumb\":{\"@id\":\"https:\/\/hobstop.ee\/lt\/produktas\/gipso-milteliai-raysin-200\/#breadcrumb\"},\"inLanguage\":\"lt\",\"potentialAction\":[{\"@type\":\"ReadAction\",\"target\":[\"https:\/\/hobstop.ee\/lt\/produktas\/gipso-milteliai-raysin-200\/\"]}]},{\"@type\":\"ImageObject\",\"inLanguage\":\"lt\",\"@id\":\"https:\/\/hobstop.ee\/lt\/produktas\/gipso-milteliai-raysin-200\/#primaryimage\",\"url\":\"https:\/\/hobstop.ee\/media\/4749.jpg\",\"contentUrl\":\"https:\/\/hobstop.ee\/media\/4749.jpg\",\"width\":1024,\"height\":768},{\"@type\":\"BreadcrumbList\",\"@id\":\"https:\/\/hobstop.ee\/lt\/produktas\/gipso-milteliai-raysin-200\/#breadcrumb\",\"itemListElement\":[{\"@type\":\"ListItem\",\"position\":1,\"name\":\"Avaleht\",\"item\":\"https:\/\/hobstop.ee\/lt\/\"},{\"@type\":\"ListItem\",\"position\":2,\"name\":\"Parduotuv\u0117\",\"item\":\"https:\/\/hobstop.ee\/lt\/parduotuve\/\"},{\"@type\":\"ListItem\",\"position\":3,\"name\":\"Gipso milteliai Raysin 200\"}]},{\"@type\":\"WebSite\",\"@id\":\"https:\/\/hobstop.ee\/lt\/#website\",\"url\":\"https:\/\/hobstop.ee\/lt\/\",\"name\":\"Skizze\",\"description\":\"Dail\u0117s, pom\u0117gi\u0173 ir mokykliniai reikm\u0117nys\",\"publisher\":{\"@id\":\"https:\/\/hobstop.ee\/lt\/#organization\"},\"potentialAction\":[{\"@type\":\"SearchAction\",\"target\":{\"@type\":\"EntryPoint\",\"urlTemplate\":\"https:\/\/hobstop.ee\/lt\/?s={search_term_string}\"},\"query-input\":{\"@type\":\"PropertyValueSpecification\",\"valueRequired\":true,\"valueName\":\"search_term_string\"}}],\"inLanguage\":\"lt\"},{\"@type\":\"Organization\",\"@id\":\"https:\/\/hobstop.ee\/lt\/#organization\",\"name\":\"Vunder AS\",\"url\":\"https:\/\/hobstop.ee\/lt\/\",\"logo\":{\"@type\":\"ImageObject\",\"inLanguage\":\"lt\",\"@id\":\"https:\/\/hobstop.ee\/lt\/#\/schema\/logo\/image\/\",\"url\":\"https:\/\/hobstop.ee\/media\/vunder-logo.png\",\"contentUrl\":\"https:\/\/hobstop.ee\/media\/vunder-logo.png\",\"width\":127,\"height\":55,\"caption\":\"Vunder AS\"},\"image\":{\"@id\":\"https:\/\/hobstop.ee\/lt\/#\/schema\/logo\/image\/\"},\"sameAs\":[\"http:\/\/www.facebook.com\/VunderSkizze\"]}]}<\/script>\n<!-- \/ Yoast SEO plugin. -->","yoast_head_json":{"title":"Gipso milteliai Raysin 200 &#8211; Skizze","robots":{"index":"noindex","follow":"follow","max-snippet":"max-snippet:-1","max-image-preview":"max-image-preview:large","max-video-preview":"max-video-preview:-1"},"og_locale":"lt_LT","og_type":"article","og_title":"Gipso milteliai Raysin 200 &#8211; Skizze","og_description":"Puikios kokyb\u0117s lipdymo mi\u0161inys (200 N\/qm) idealiai tinka reljefams, fig\u016br\u0117l\u0117ms, plytel\u0117ms, mozaikoms, dekoratyvin\u0117ms l\u0117k\u0161t\u0117ms ir ornamentams lipdyti. Puikus lygaus pavir\u0161iaus produktas, idealai tinkamas ambicingiems m\u0117g\u0117jams!","og_url":"https:\/\/hobstop.ee\/lt\/produktas\/gipso-milteliai-raysin-200\/","og_site_name":"Skizze","article_publisher":"http:\/\/www.facebook.com\/VunderSkizze","og_image":[{"width":1024,"height":768,"url":"https:\/\/hobstop.ee\/media\/4749.jpg","type":"image\/jpeg"}],"twitter_card":"summary_large_image","schema":{"@context":"https:\/\/schema.org","@graph":[{"@type":"WebPage","@id":"https:\/\/hobstop.ee\/lt\/produktas\/gipso-milteliai-raysin-200\/","url":"https:\/\/hobstop.ee\/lt\/produktas\/gipso-milteliai-raysin-200\/","name":"Gipso milteliai Raysin 200 &#8211; Skizze","isPartOf":{"@id":"https:\/\/hobstop.ee\/lt\/#website"},"primaryImageOfPage":{"@id":"https:\/\/hobstop.ee\/lt\/produktas\/gipso-milteliai-raysin-200\/#primaryimage"},"image":{"@id":"https:\/\/hobstop.ee\/lt\/produktas\/gipso-milteliai-raysin-200\/#primaryimage"},"thumbnailUrl":"https:\/\/hobstop.ee\/media\/4749.jpg","datePublished":"2018-02-14T11:43:37+00:00","dateModified":"2018-02-14T11:43:37+00:00","breadcrumb":{"@id":"https:\/\/hobstop.ee\/lt\/produktas\/gipso-milteliai-raysin-200\/#breadcrumb"},"inLanguage":"lt","potentialAction":[{"@type":"ReadAction","target":["https:\/\/hobstop.ee\/lt\/produktas\/gipso-milteliai-raysin-200\/"]}]},{"@type":"ImageObject","inLanguage":"lt","@id":"https:\/\/hobstop.ee\/lt\/produktas\/gipso-milteliai-raysin-200\/#primaryimage","url":"https:\/\/hobstop.ee\/media\/4749.jpg","contentUrl":"https:\/\/hobstop.ee\/media\/4749.jpg","width":1024,"height":768},{"@type":"BreadcrumbList","@id":"https:\/\/hobstop.ee\/lt\/produktas\/gipso-milteliai-raysin-200\/#breadcrumb","itemListElement":[{"@type":"ListItem","position":1,"name":"Avaleht","item":"https:\/\/hobstop.ee\/lt\/"},{"@type":"ListItem","position":2,"name":"Parduotuv\u0117","item":"https:\/\/hobstop.ee\/lt\/parduotuve\/"},{"@type":"ListItem","position":3,"name":"Gipso milteliai Raysin 200"}]},{"@type":"WebSite","@id":"https:\/\/hobstop.ee\/lt\/#website","url":"https:\/\/hobstop.ee\/lt\/","name":"Skizze","description":"Dail\u0117s, pom\u0117gi\u0173 ir mokykliniai reikm\u0117nys","publisher":{"@id":"https:\/\/hobstop.ee\/lt\/#organization"},"potentialAction":[{"@type":"SearchAction","target":{"@type":"EntryPoint","urlTemplate":"https:\/\/hobstop.ee\/lt\/?s={search_term_string}"},"query-input":{"@type":"PropertyValueSpecification","valueRequired":true,"valueName":"search_term_string"}}],"inLanguage":"lt"},{"@type":"Organization","@id":"https:\/\/hobstop.ee\/lt\/#organization","name":"Vunder AS","url":"https:\/\/hobstop.ee\/lt\/","logo":{"@type":"ImageObject","inLanguage":"lt","@id":"https:\/\/hobstop.ee\/lt\/#\/schema\/logo\/image\/","url":"https:\/\/hobstop.ee\/media\/vunder-logo.png","contentUrl":"https:\/\/hobstop.ee\/media\/vunder-logo.png","width":127,"height":55,"caption":"Vunder AS"},"image":{"@id":"https:\/\/hobstop.ee\/lt\/#\/schema\/logo\/image\/"},"sameAs":["http:\/\/www.facebook.com\/VunderSkizze"]}]}},"_links":{"self":[{"href":"https:\/\/hobstop.ee\/lt\/wp-json\/wp\/v2\/product\/306350","targetHints":{"allow":["GET"]}}],"collection":[{"href":"https:\/\/hobstop.ee\/lt\/wp-json\/wp\/v2\/product"}],"about":[{"href":"https:\/\/hobstop.ee\/lt\/wp-json\/wp\/v2\/types\/product"}],"replies":[{"embeddable":true,"href":"https:\/\/hobstop.ee\/lt\/wp-json\/wp\/v2\/comments?post=306350"}],"wp:featuredmedia":[{"embeddable":true,"href":"https:\/\/hobstop.ee\/lt\/wp-json\/wp\/v2\/media\/308632"}],"wp:attachment":[{"href":"https:\/\/hobstop.ee\/lt\/wp-json\/wp\/v2\/media?parent=306350"}],"wp:term":[{"taxonomy":"product_cat","embeddable":true,"href":"https:\/\/hobstop.ee\/lt\/wp-json\/wp\/v2\/product_cat?post=306350"},{"taxonomy":"product_tag","embeddable":true,"href":"https:\/\/hobstop.ee\/lt\/wp-json\/wp\/v2\/product_tag?post=306350"}],"curies":[{"name":"wp","href":"https:\/\/api.w.org\/{rel}","templated":true}]}}