{"id":306354,"date":"2018-02-14T13:43:39","date_gmt":"2018-02-14T11:43:39","guid":{"rendered":"https:\/\/sharks.ee\/vunder_2019\/lt\/product\/zymeklis-pilot-pintor-f\/"},"modified":"2018-02-14T13:43:39","modified_gmt":"2018-02-14T11:43:39","slug":"zymeklis-pilot-pintor-f","status":"publish","type":"product","link":"https:\/\/hobstop.ee\/lt\/produktas\/zymeklis-pilot-pintor-f\/","title":{"rendered":"\u017dymeklis Pilot Pintor F"},"content":{"rendered":"<p>I\u0161laisvinkite savo vaizduot\u0119! \u017dymekliai \u201ePilot Pintor\u201c pad\u0117s pasireik\u0161ti J\u016bs\u0173 k\u016brybiniam talentui. Norite atnaujinti drabu\u017eius, suteikti asmeni\u0161kumo daiktams, pritaikyti baldus ar dekoruoti l\u0117k\u0161tes? \u017dymekliai \u201ePilot Pintor\u201c pad\u0117s \u012fgyvendinti visus J\u016bs\u0173 sumanymus ant \u012fvairiausi\u0173 med\u017eiag\u0173. Puikiai tinka pie\u0161imui, spalvinimui, dekoravimui, \u017eym\u0117jimui, ra\u0161ymui, kaligrafijai ir t.t. Itin gerai dengiantis, vandens pagrindu pagamintas ir gausus pigment\u0173 tu\u0161as dengia bet kok\u012f, net ir tamsiausi\u0105 pavir\u0161i\u0173. Tinka popieriui, stiklui, keramikai, plastikui, metalui, audiniui&#8230; Su \u017eymekliais \u201ePilot Pintor\u201c galima dekoruoti visas med\u017eiagas, net ir poringas. \u017dymekliai \u201ePilot Pintor\u201c tinka dekoravimui, pritaikymui, \u012fvaizd\u017eiui kurti ir pakeisti, skrebinimui ir kt. Rezultatas \u2013 J\u016bs\u0173 \u012fkv\u0117pimo spalva!<br \/>\n&#8211; \u012evairiems pavir\u0161iams<br \/>\n&#8211; Itin gerai dengiantys<br \/>\n&#8211; 24 spalvos, kurias galima tarpusavyje mai\u0161yti ir i\u0161gauti begal\u0119 nauj\u0173 atspalvi\u0173<br \/>\n&#8211; F galiuko dydis 2,90mm, ra\u0161ymo plotis 1,00mm<\/p>\n","protected":false},"excerpt":{"rendered":"<p>I\u0161laisvinkite savo vaizduot\u0119! \u017dymekliai \u201ePilot Pintor\u201c pad\u0117s pasireik\u0161ti J\u016bs\u0173 k\u016brybiniam talentui. Norite atnaujinti drabu\u017eius, suteikti asmeni\u0161kumo daiktams, pritaikyti baldus ar dekoruoti l\u0117k\u0161tes? \u017dymekliai \u201ePilot Pintor\u201c pad\u0117s \u012fgyvendinti visus J\u016bs\u0173 sumanymus ant \u012fvairiausi\u0173 med\u017eiag\u0173. Puikiai tinka pie\u0161imui, spalvinimui, dekoravimui, \u017eym\u0117jimui, ra\u0161ymui, kaligrafijai ir t.t. Itin gerai dengiantis, vandens pagrindu pagamintas ir gausus pigment\u0173 tu\u0161as dengia bet kok\u012f, net ir tamsiausi\u0105 pavir\u0161i\u0173. Tinka popieriui, stiklui, keramikai, plastikui, metalui, audiniui&#8230; Su \u017eymekliais \u201ePilot Pintor\u201c galima dekoruoti visas med\u017eiagas, net ir poringas. \u017dymekliai \u201ePilot Pintor\u201c tinka dekoravimui, pritaikymui, \u012fvaizd\u017eiui kurti ir pakeisti, skrebinimui ir kt. Rezultatas \u2013 J\u016bs\u0173 \u012fkv\u0117pimo spalva! &#8211; \u012evairiems pavir\u0161iams &#8211; Itin gerai dengiantys &#8211; 24 spalvos, kurias galima tarpusavyje mai\u0161yti ir i\u0161gauti begal\u0119 nauj\u0173 atspalvi\u0173 &#8211; F galiuko dydis 2,90mm, ra\u0161ymo plotis 1,00mm<\/p>\n","protected":false},"featured_media":306838,"comment_status":"closed","ping_status":"closed","template":"","meta":{"_acf_changed":false,"ep_exclude_from_search":false},"product_cat":[239,17919,14930],"product_tag":[],"class_list":{"0":"post-306354","1":"product","2":"type-product","3":"status-publish","4":"has-post-thumbnail","6":"product_cat-aerosoolvarvid","7":"product_cat-pomegiu-prekes","8":"product_cat-zymekliai-2","10":"first","11":"instock","12":"taxable","13":"shipping-taxable","14":"purchasable","15":"product-type-simple"},"acf":[],"yoast_head":"<!-- This site is optimized with the Yoast SEO plugin v24.1 - https:\/\/yoast.com\/wordpress\/plugins\/seo\/ -->\n<title>\u017dymeklis Pilot Pintor F &#8211; Skizze<\/title>\n<meta name=\"robots\" content=\"noindex, follow, max-snippet:-1, max-image-preview:large, max-video-preview:-1\" \/>\n<meta property=\"og:locale\" content=\"lt_LT\" \/>\n<meta property=\"og:type\" content=\"article\" \/>\n<meta property=\"og:title\" content=\"\u017dymeklis Pilot Pintor F &#8211; Skizze\" \/>\n<meta property=\"og:description\" content=\"I\u0161laisvinkite savo vaizduot\u0119! \u017dymekliai \u201ePilot Pintor\u201c pad\u0117s pasireik\u0161ti J\u016bs\u0173 k\u016brybiniam talentui. Norite atnaujinti drabu\u017eius, suteikti asmeni\u0161kumo daiktams, pritaikyti baldus ar dekoruoti l\u0117k\u0161tes? \u017dymekliai \u201ePilot Pintor\u201c pad\u0117s \u012fgyvendinti visus J\u016bs\u0173 sumanymus ant \u012fvairiausi\u0173 med\u017eiag\u0173. Puikiai tinka pie\u0161imui, spalvinimui, dekoravimui, \u017eym\u0117jimui, ra\u0161ymui, kaligrafijai ir t.t. Itin gerai dengiantis, vandens pagrindu pagamintas ir gausus pigment\u0173 tu\u0161as dengia bet kok\u012f, net ir tamsiausi\u0105 pavir\u0161i\u0173. Tinka popieriui, stiklui, keramikai, plastikui, metalui, audiniui&#8230; Su \u017eymekliais \u201ePilot Pintor\u201c galima dekoruoti visas med\u017eiagas, net ir poringas. \u017dymekliai \u201ePilot Pintor\u201c tinka dekoravimui, pritaikymui, \u012fvaizd\u017eiui kurti ir pakeisti, skrebinimui ir kt. Rezultatas \u2013 J\u016bs\u0173 \u012fkv\u0117pimo spalva! &#8211; \u012evairiems pavir\u0161iams &#8211; Itin gerai dengiantys &#8211; 24 spalvos, kurias galima tarpusavyje mai\u0161yti ir i\u0161gauti begal\u0119 nauj\u0173 atspalvi\u0173 &#8211; F galiuko dydis 2,90mm, ra\u0161ymo plotis 1,00mm\" \/>\n<meta property=\"og:url\" content=\"https:\/\/hobstop.ee\/lt\/produktas\/zymeklis-pilot-pintor-f\/\" \/>\n<meta property=\"og:site_name\" content=\"Skizze\" \/>\n<meta property=\"article:publisher\" content=\"http:\/\/www.facebook.com\/VunderSkizze\" \/>\n<meta property=\"og:image\" content=\"https:\/\/hobstop.ee\/media\/4750.jpg\" \/>\n\t<meta property=\"og:image:width\" content=\"1024\" \/>\n\t<meta property=\"og:image:height\" content=\"768\" \/>\n\t<meta property=\"og:image:type\" content=\"image\/jpeg\" \/>\n<meta name=\"twitter:card\" content=\"summary_large_image\" \/>\n<meta name=\"twitter:label1\" content=\"Est. reading time\" \/>\n\t<meta name=\"twitter:data1\" content=\"1 minute\" \/>\n<script type=\"application\/ld+json\" class=\"yoast-schema-graph\">{\"@context\":\"https:\/\/schema.org\",\"@graph\":[{\"@type\":\"WebPage\",\"@id\":\"https:\/\/hobstop.ee\/lt\/produktas\/zymeklis-pilot-pintor-f\/\",\"url\":\"https:\/\/hobstop.ee\/lt\/produktas\/zymeklis-pilot-pintor-f\/\",\"name\":\"\u017dymeklis Pilot Pintor F &#8211; Skizze\",\"isPartOf\":{\"@id\":\"https:\/\/hobstop.ee\/lt\/#website\"},\"primaryImageOfPage\":{\"@id\":\"https:\/\/hobstop.ee\/lt\/produktas\/zymeklis-pilot-pintor-f\/#primaryimage\"},\"image\":{\"@id\":\"https:\/\/hobstop.ee\/lt\/produktas\/zymeklis-pilot-pintor-f\/#primaryimage\"},\"thumbnailUrl\":\"https:\/\/hobstop.ee\/media\/4750.jpg\",\"datePublished\":\"2018-02-14T11:43:39+00:00\",\"dateModified\":\"2018-02-14T11:43:39+00:00\",\"breadcrumb\":{\"@id\":\"https:\/\/hobstop.ee\/lt\/produktas\/zymeklis-pilot-pintor-f\/#breadcrumb\"},\"inLanguage\":\"lt\",\"potentialAction\":[{\"@type\":\"ReadAction\",\"target\":[\"https:\/\/hobstop.ee\/lt\/produktas\/zymeklis-pilot-pintor-f\/\"]}]},{\"@type\":\"ImageObject\",\"inLanguage\":\"lt\",\"@id\":\"https:\/\/hobstop.ee\/lt\/produktas\/zymeklis-pilot-pintor-f\/#primaryimage\",\"url\":\"https:\/\/hobstop.ee\/media\/4750.jpg\",\"contentUrl\":\"https:\/\/hobstop.ee\/media\/4750.jpg\",\"width\":1024,\"height\":768},{\"@type\":\"BreadcrumbList\",\"@id\":\"https:\/\/hobstop.ee\/lt\/produktas\/zymeklis-pilot-pintor-f\/#breadcrumb\",\"itemListElement\":[{\"@type\":\"ListItem\",\"position\":1,\"name\":\"Avaleht\",\"item\":\"https:\/\/hobstop.ee\/lt\/\"},{\"@type\":\"ListItem\",\"position\":2,\"name\":\"Parduotuv\u0117\",\"item\":\"https:\/\/hobstop.ee\/lt\/parduotuve\/\"},{\"@type\":\"ListItem\",\"position\":3,\"name\":\"\u017dymeklis Pilot Pintor F\"}]},{\"@type\":\"WebSite\",\"@id\":\"https:\/\/hobstop.ee\/lt\/#website\",\"url\":\"https:\/\/hobstop.ee\/lt\/\",\"name\":\"Skizze\",\"description\":\"Dail\u0117s, pom\u0117gi\u0173 ir mokykliniai reikm\u0117nys\",\"publisher\":{\"@id\":\"https:\/\/hobstop.ee\/lt\/#organization\"},\"potentialAction\":[{\"@type\":\"SearchAction\",\"target\":{\"@type\":\"EntryPoint\",\"urlTemplate\":\"https:\/\/hobstop.ee\/lt\/?s={search_term_string}\"},\"query-input\":{\"@type\":\"PropertyValueSpecification\",\"valueRequired\":true,\"valueName\":\"search_term_string\"}}],\"inLanguage\":\"lt\"},{\"@type\":\"Organization\",\"@id\":\"https:\/\/hobstop.ee\/lt\/#organization\",\"name\":\"Vunder AS\",\"url\":\"https:\/\/hobstop.ee\/lt\/\",\"logo\":{\"@type\":\"ImageObject\",\"inLanguage\":\"lt\",\"@id\":\"https:\/\/hobstop.ee\/lt\/#\/schema\/logo\/image\/\",\"url\":\"https:\/\/hobstop.ee\/media\/vunder-logo.png\",\"contentUrl\":\"https:\/\/hobstop.ee\/media\/vunder-logo.png\",\"width\":127,\"height\":55,\"caption\":\"Vunder AS\"},\"image\":{\"@id\":\"https:\/\/hobstop.ee\/lt\/#\/schema\/logo\/image\/\"},\"sameAs\":[\"http:\/\/www.facebook.com\/VunderSkizze\"]}]}<\/script>\n<!-- \/ Yoast SEO plugin. -->","yoast_head_json":{"title":"\u017dymeklis Pilot Pintor F &#8211; Skizze","robots":{"index":"noindex","follow":"follow","max-snippet":"max-snippet:-1","max-image-preview":"max-image-preview:large","max-video-preview":"max-video-preview:-1"},"og_locale":"lt_LT","og_type":"article","og_title":"\u017dymeklis Pilot Pintor F &#8211; Skizze","og_description":"I\u0161laisvinkite savo vaizduot\u0119! \u017dymekliai \u201ePilot Pintor\u201c pad\u0117s pasireik\u0161ti J\u016bs\u0173 k\u016brybiniam talentui. Norite atnaujinti drabu\u017eius, suteikti asmeni\u0161kumo daiktams, pritaikyti baldus ar dekoruoti l\u0117k\u0161tes? \u017dymekliai \u201ePilot Pintor\u201c pad\u0117s \u012fgyvendinti visus J\u016bs\u0173 sumanymus ant \u012fvairiausi\u0173 med\u017eiag\u0173. Puikiai tinka pie\u0161imui, spalvinimui, dekoravimui, \u017eym\u0117jimui, ra\u0161ymui, kaligrafijai ir t.t. Itin gerai dengiantis, vandens pagrindu pagamintas ir gausus pigment\u0173 tu\u0161as dengia bet kok\u012f, net ir tamsiausi\u0105 pavir\u0161i\u0173. Tinka popieriui, stiklui, keramikai, plastikui, metalui, audiniui&#8230; Su \u017eymekliais \u201ePilot Pintor\u201c galima dekoruoti visas med\u017eiagas, net ir poringas. \u017dymekliai \u201ePilot Pintor\u201c tinka dekoravimui, pritaikymui, \u012fvaizd\u017eiui kurti ir pakeisti, skrebinimui ir kt. Rezultatas \u2013 J\u016bs\u0173 \u012fkv\u0117pimo spalva! &#8211; \u012evairiems pavir\u0161iams &#8211; Itin gerai dengiantys &#8211; 24 spalvos, kurias galima tarpusavyje mai\u0161yti ir i\u0161gauti begal\u0119 nauj\u0173 atspalvi\u0173 &#8211; F galiuko dydis 2,90mm, ra\u0161ymo plotis 1,00mm","og_url":"https:\/\/hobstop.ee\/lt\/produktas\/zymeklis-pilot-pintor-f\/","og_site_name":"Skizze","article_publisher":"http:\/\/www.facebook.com\/VunderSkizze","og_image":[{"width":1024,"height":768,"url":"https:\/\/hobstop.ee\/media\/4750.jpg","type":"image\/jpeg"}],"twitter_card":"summary_large_image","twitter_misc":{"Est. reading time":"1 minute"},"schema":{"@context":"https:\/\/schema.org","@graph":[{"@type":"WebPage","@id":"https:\/\/hobstop.ee\/lt\/produktas\/zymeklis-pilot-pintor-f\/","url":"https:\/\/hobstop.ee\/lt\/produktas\/zymeklis-pilot-pintor-f\/","name":"\u017dymeklis Pilot Pintor F &#8211; Skizze","isPartOf":{"@id":"https:\/\/hobstop.ee\/lt\/#website"},"primaryImageOfPage":{"@id":"https:\/\/hobstop.ee\/lt\/produktas\/zymeklis-pilot-pintor-f\/#primaryimage"},"image":{"@id":"https:\/\/hobstop.ee\/lt\/produktas\/zymeklis-pilot-pintor-f\/#primaryimage"},"thumbnailUrl":"https:\/\/hobstop.ee\/media\/4750.jpg","datePublished":"2018-02-14T11:43:39+00:00","dateModified":"2018-02-14T11:43:39+00:00","breadcrumb":{"@id":"https:\/\/hobstop.ee\/lt\/produktas\/zymeklis-pilot-pintor-f\/#breadcrumb"},"inLanguage":"lt","potentialAction":[{"@type":"ReadAction","target":["https:\/\/hobstop.ee\/lt\/produktas\/zymeklis-pilot-pintor-f\/"]}]},{"@type":"ImageObject","inLanguage":"lt","@id":"https:\/\/hobstop.ee\/lt\/produktas\/zymeklis-pilot-pintor-f\/#primaryimage","url":"https:\/\/hobstop.ee\/media\/4750.jpg","contentUrl":"https:\/\/hobstop.ee\/media\/4750.jpg","width":1024,"height":768},{"@type":"BreadcrumbList","@id":"https:\/\/hobstop.ee\/lt\/produktas\/zymeklis-pilot-pintor-f\/#breadcrumb","itemListElement":[{"@type":"ListItem","position":1,"name":"Avaleht","item":"https:\/\/hobstop.ee\/lt\/"},{"@type":"ListItem","position":2,"name":"Parduotuv\u0117","item":"https:\/\/hobstop.ee\/lt\/parduotuve\/"},{"@type":"ListItem","position":3,"name":"\u017dymeklis Pilot Pintor F"}]},{"@type":"WebSite","@id":"https:\/\/hobstop.ee\/lt\/#website","url":"https:\/\/hobstop.ee\/lt\/","name":"Skizze","description":"Dail\u0117s, pom\u0117gi\u0173 ir mokykliniai reikm\u0117nys","publisher":{"@id":"https:\/\/hobstop.ee\/lt\/#organization"},"potentialAction":[{"@type":"SearchAction","target":{"@type":"EntryPoint","urlTemplate":"https:\/\/hobstop.ee\/lt\/?s={search_term_string}"},"query-input":{"@type":"PropertyValueSpecification","valueRequired":true,"valueName":"search_term_string"}}],"inLanguage":"lt"},{"@type":"Organization","@id":"https:\/\/hobstop.ee\/lt\/#organization","name":"Vunder AS","url":"https:\/\/hobstop.ee\/lt\/","logo":{"@type":"ImageObject","inLanguage":"lt","@id":"https:\/\/hobstop.ee\/lt\/#\/schema\/logo\/image\/","url":"https:\/\/hobstop.ee\/media\/vunder-logo.png","contentUrl":"https:\/\/hobstop.ee\/media\/vunder-logo.png","width":127,"height":55,"caption":"Vunder AS"},"image":{"@id":"https:\/\/hobstop.ee\/lt\/#\/schema\/logo\/image\/"},"sameAs":["http:\/\/www.facebook.com\/VunderSkizze"]}]}},"_links":{"self":[{"href":"https:\/\/hobstop.ee\/lt\/wp-json\/wp\/v2\/product\/306354","targetHints":{"allow":["GET"]}}],"collection":[{"href":"https:\/\/hobstop.ee\/lt\/wp-json\/wp\/v2\/product"}],"about":[{"href":"https:\/\/hobstop.ee\/lt\/wp-json\/wp\/v2\/types\/product"}],"replies":[{"embeddable":true,"href":"https:\/\/hobstop.ee\/lt\/wp-json\/wp\/v2\/comments?post=306354"}],"wp:featuredmedia":[{"embeddable":true,"href":"https:\/\/hobstop.ee\/lt\/wp-json\/wp\/v2\/media\/306838"}],"wp:attachment":[{"href":"https:\/\/hobstop.ee\/lt\/wp-json\/wp\/v2\/media?parent=306354"}],"wp:term":[{"taxonomy":"product_cat","embeddable":true,"href":"https:\/\/hobstop.ee\/lt\/wp-json\/wp\/v2\/product_cat?post=306354"},{"taxonomy":"product_tag","embeddable":true,"href":"https:\/\/hobstop.ee\/lt\/wp-json\/wp\/v2\/product_tag?post=306354"}],"curies":[{"name":"wp","href":"https:\/\/api.w.org\/{rel}","templated":true}]}}