{"id":310173,"date":"2018-04-30T13:41:55","date_gmt":"2018-04-30T10:41:55","guid":{"rendered":"https:\/\/sharks.ee\/vunder_2019\/lt\/product\/speciali-priemone-aliejiniams-dazams-sennelier-green-for-oil-skiediklis\/"},"modified":"2018-04-30T13:41:55","modified_gmt":"2018-04-30T10:41:55","slug":"speciali-priemone-aliejiniams-dazams-sennelier-green-for-oil-skiediklis","status":"publish","type":"product","link":"https:\/\/hobstop.ee\/lt\/produktas\/speciali-priemone-aliejiniams-dazams-sennelier-green-for-oil-skiediklis\/","title":{"rendered":"Speciali priemon\u0117 aliejiniams da\u017eams Sennelier Green for Oil skiediklis"},"content":{"rendered":"<p>Sud\u0117tyje benzino turint\u012f tirpikl\u012f pakeiskite ir da\u017eus skieskite su \u201eGreen for Oil\u201c tirpikliu, kuris yra pagamintas i\u0161 augalini\u0173 med\u017eiag\u0173. Tirpiklis \u201eGreen for Oil\u201c yra naudojamas tokiu pa\u010diu b\u016bdu, kaip ir \u012fprastas tirpiklis. Produkt\u0105 sumai\u0161ykite su da\u017eais, kad jie b\u016bt\u0173 skystesni ir tikt\u0173 pie\u0161inio pagrindui dengti.<\/p>\n<p>Skiediklis \u201eSennelier Green for Oil\u201c priklauso bioskiedikli\u0173 serijai ir yra saugesnis ir ekologi\u0161kesnis nei kiti tradiciniai skiedikliai. Tradiciniai skiedikliai yra labai veiksmingi, ta\u010diau r\u016bpest\u012f kelia j\u0173 lakumas ir sud\u0117tyje esantis benzinas. Skiediklis \u201eSennelier Green for Oil\u201c turi tokias pa\u010dias savybes,  kaip ir kitos priemon\u0117s. Serijos \u201eGreen For Oil\u201c produktai yra nat\u016bral\u016bs, pagaminti i\u0161 augalini\u0173, gyv\u016bnini\u0173 arba mineralini\u0173 \u017ealiav\u0173. Jie atitinka sanitarini\u0173 ir aplinkosaugos standart\u0173 reikalavimus, nes yra pagaminti i\u0161 tvari\u0173 sud\u0117tini\u0173 med\u017eiag\u0173. Bioskiediklis \u201eGreen for Oil\u201c yra priskirtas prie netoksini\u0173 med\u017eiag\u0173 pagal CE 1272\/08 ir nekenkia sveikatai bei aplinkai.<\/p>\n","protected":false},"excerpt":{"rendered":"<p>Sud\u0117tyje benzino turint\u012f tirpikl\u012f pakeiskite ir da\u017eus skieskite su \u201eGreen for Oil\u201c tirpikliu, kuris yra pagamintas i\u0161 augalini\u0173 med\u017eiag\u0173. Tirpiklis \u201eGreen for Oil\u201c yra naudojamas tokiu pa\u010diu b\u016bdu, kaip ir \u012fprastas tirpiklis. Produkt\u0105 sumai\u0161ykite su da\u017eais, kad jie b\u016bt\u0173 skystesni ir tikt\u0173 pie\u0161inio pagrindui dengti. Skiediklis \u201eSennelier Green for Oil\u201c priklauso bioskiedikli\u0173 serijai ir yra saugesnis ir ekologi\u0161kesnis nei kiti tradiciniai skiedikliai. Tradiciniai skiedikliai yra labai veiksmingi, ta\u010diau r\u016bpest\u012f kelia j\u0173 lakumas ir sud\u0117tyje esantis benzinas. Skiediklis \u201eSennelier Green for Oil\u201c turi tokias pa\u010dias savybes, kaip ir kitos priemon\u0117s. Serijos \u201eGreen For Oil\u201c produktai yra nat\u016bral\u016bs, pagaminti i\u0161 augalini\u0173, gyv\u016bnini\u0173 arba mineralini\u0173 \u017ealiav\u0173. Jie atitinka sanitarini\u0173 ir aplinkosaugos standart\u0173 reikalavimus, nes yra pagaminti i\u0161 tvari\u0173 sud\u0117tini\u0173 med\u017eiag\u0173. Bioskiediklis \u201eGreen for Oil\u201c yra priskirtas prie netoksini\u0173 med\u017eiag\u0173 pagal CE 1272\/08 ir nekenkia sveikatai bei aplinkai.<\/p>\n","protected":false},"featured_media":310305,"comment_status":"closed","ping_status":"closed","template":"","meta":{"_acf_changed":false,"ep_exclude_from_search":false},"product_cat":[17351,16124,17981],"product_tag":[],"class_list":{"0":"post-310173","1":"product","2":"type-product","3":"status-publish","4":"has-post-thumbnail","6":"product_cat-aliejiniu-dazu-priedai","7":"product_cat-dailes-prekes","8":"product_cat-dazai-ir-priedai-tapybai","10":"first","11":"instock","12":"taxable","13":"shipping-taxable","14":"purchasable","15":"product-type-simple"},"acf":[],"yoast_head":"<!-- This site is optimized with the Yoast SEO plugin v24.1 - https:\/\/yoast.com\/wordpress\/plugins\/seo\/ -->\n<title>Speciali priemon\u0117 aliejiniams da\u017eams Sennelier Green for Oil skiediklis &#8211; Skizze<\/title>\n<meta name=\"robots\" content=\"noindex, follow, max-snippet:-1, max-image-preview:large, max-video-preview:-1\" \/>\n<meta property=\"og:locale\" content=\"lt_LT\" \/>\n<meta property=\"og:type\" content=\"article\" \/>\n<meta property=\"og:title\" content=\"Speciali priemon\u0117 aliejiniams da\u017eams Sennelier Green for Oil skiediklis &#8211; Skizze\" \/>\n<meta property=\"og:description\" content=\"Sud\u0117tyje benzino turint\u012f tirpikl\u012f pakeiskite ir da\u017eus skieskite su \u201eGreen for Oil\u201c tirpikliu, kuris yra pagamintas i\u0161 augalini\u0173 med\u017eiag\u0173. Tirpiklis \u201eGreen for Oil\u201c yra naudojamas tokiu pa\u010diu b\u016bdu, kaip ir \u012fprastas tirpiklis. Produkt\u0105 sumai\u0161ykite su da\u017eais, kad jie b\u016bt\u0173 skystesni ir tikt\u0173 pie\u0161inio pagrindui dengti. Skiediklis \u201eSennelier Green for Oil\u201c priklauso bioskiedikli\u0173 serijai ir yra saugesnis ir ekologi\u0161kesnis nei kiti tradiciniai skiedikliai. Tradiciniai skiedikliai yra labai veiksmingi, ta\u010diau r\u016bpest\u012f kelia j\u0173 lakumas ir sud\u0117tyje esantis benzinas. Skiediklis \u201eSennelier Green for Oil\u201c turi tokias pa\u010dias savybes, kaip ir kitos priemon\u0117s. Serijos \u201eGreen For Oil\u201c produktai yra nat\u016bral\u016bs, pagaminti i\u0161 augalini\u0173, gyv\u016bnini\u0173 arba mineralini\u0173 \u017ealiav\u0173. Jie atitinka sanitarini\u0173 ir aplinkosaugos standart\u0173 reikalavimus, nes yra pagaminti i\u0161 tvari\u0173 sud\u0117tini\u0173 med\u017eiag\u0173. Bioskiediklis \u201eGreen for Oil\u201c yra priskirtas prie netoksini\u0173 med\u017eiag\u0173 pagal CE 1272\/08 ir nekenkia sveikatai bei aplinkai.\" \/>\n<meta property=\"og:url\" content=\"https:\/\/hobstop.ee\/lt\/produktas\/speciali-priemone-aliejiniams-dazams-sennelier-green-for-oil-skiediklis\/\" \/>\n<meta property=\"og:site_name\" content=\"Skizze\" \/>\n<meta property=\"article:publisher\" content=\"http:\/\/www.facebook.com\/VunderSkizze\" \/>\n<meta property=\"og:image\" content=\"https:\/\/hobstop.ee\/media\/4653.jpg\" \/>\n\t<meta property=\"og:image:width\" content=\"1024\" \/>\n\t<meta property=\"og:image:height\" content=\"768\" \/>\n\t<meta property=\"og:image:type\" content=\"image\/jpeg\" \/>\n<meta name=\"twitter:card\" content=\"summary_large_image\" \/>\n<meta name=\"twitter:label1\" content=\"Est. reading time\" \/>\n\t<meta name=\"twitter:data1\" content=\"1 minute\" \/>\n<script type=\"application\/ld+json\" class=\"yoast-schema-graph\">{\"@context\":\"https:\/\/schema.org\",\"@graph\":[{\"@type\":\"WebPage\",\"@id\":\"https:\/\/hobstop.ee\/lt\/produktas\/speciali-priemone-aliejiniams-dazams-sennelier-green-for-oil-skiediklis\/\",\"url\":\"https:\/\/hobstop.ee\/lt\/produktas\/speciali-priemone-aliejiniams-dazams-sennelier-green-for-oil-skiediklis\/\",\"name\":\"Speciali priemon\u0117 aliejiniams da\u017eams Sennelier Green for Oil skiediklis &#8211; Skizze\",\"isPartOf\":{\"@id\":\"https:\/\/hobstop.ee\/lt\/#website\"},\"primaryImageOfPage\":{\"@id\":\"https:\/\/hobstop.ee\/lt\/produktas\/speciali-priemone-aliejiniams-dazams-sennelier-green-for-oil-skiediklis\/#primaryimage\"},\"image\":{\"@id\":\"https:\/\/hobstop.ee\/lt\/produktas\/speciali-priemone-aliejiniams-dazams-sennelier-green-for-oil-skiediklis\/#primaryimage\"},\"thumbnailUrl\":\"https:\/\/hobstop.ee\/media\/4653.jpg\",\"datePublished\":\"2018-04-30T10:41:55+00:00\",\"dateModified\":\"2018-04-30T10:41:55+00:00\",\"breadcrumb\":{\"@id\":\"https:\/\/hobstop.ee\/lt\/produktas\/speciali-priemone-aliejiniams-dazams-sennelier-green-for-oil-skiediklis\/#breadcrumb\"},\"inLanguage\":\"lt\",\"potentialAction\":[{\"@type\":\"ReadAction\",\"target\":[\"https:\/\/hobstop.ee\/lt\/produktas\/speciali-priemone-aliejiniams-dazams-sennelier-green-for-oil-skiediklis\/\"]}]},{\"@type\":\"ImageObject\",\"inLanguage\":\"lt\",\"@id\":\"https:\/\/hobstop.ee\/lt\/produktas\/speciali-priemone-aliejiniams-dazams-sennelier-green-for-oil-skiediklis\/#primaryimage\",\"url\":\"https:\/\/hobstop.ee\/media\/4653.jpg\",\"contentUrl\":\"https:\/\/hobstop.ee\/media\/4653.jpg\",\"width\":1024,\"height\":768},{\"@type\":\"BreadcrumbList\",\"@id\":\"https:\/\/hobstop.ee\/lt\/produktas\/speciali-priemone-aliejiniams-dazams-sennelier-green-for-oil-skiediklis\/#breadcrumb\",\"itemListElement\":[{\"@type\":\"ListItem\",\"position\":1,\"name\":\"Avaleht\",\"item\":\"https:\/\/hobstop.ee\/lt\/\"},{\"@type\":\"ListItem\",\"position\":2,\"name\":\"Parduotuv\u0117\",\"item\":\"https:\/\/hobstop.ee\/lt\/parduotuve\/\"},{\"@type\":\"ListItem\",\"position\":3,\"name\":\"Speciali priemon\u0117 aliejiniams da\u017eams Sennelier Green for Oil skiediklis\"}]},{\"@type\":\"WebSite\",\"@id\":\"https:\/\/hobstop.ee\/lt\/#website\",\"url\":\"https:\/\/hobstop.ee\/lt\/\",\"name\":\"Skizze\",\"description\":\"Dail\u0117s, pom\u0117gi\u0173 ir mokykliniai reikm\u0117nys\",\"publisher\":{\"@id\":\"https:\/\/hobstop.ee\/lt\/#organization\"},\"potentialAction\":[{\"@type\":\"SearchAction\",\"target\":{\"@type\":\"EntryPoint\",\"urlTemplate\":\"https:\/\/hobstop.ee\/lt\/?s={search_term_string}\"},\"query-input\":{\"@type\":\"PropertyValueSpecification\",\"valueRequired\":true,\"valueName\":\"search_term_string\"}}],\"inLanguage\":\"lt\"},{\"@type\":\"Organization\",\"@id\":\"https:\/\/hobstop.ee\/lt\/#organization\",\"name\":\"Vunder AS\",\"url\":\"https:\/\/hobstop.ee\/lt\/\",\"logo\":{\"@type\":\"ImageObject\",\"inLanguage\":\"lt\",\"@id\":\"https:\/\/hobstop.ee\/lt\/#\/schema\/logo\/image\/\",\"url\":\"https:\/\/hobstop.ee\/media\/vunder-logo.png\",\"contentUrl\":\"https:\/\/hobstop.ee\/media\/vunder-logo.png\",\"width\":127,\"height\":55,\"caption\":\"Vunder AS\"},\"image\":{\"@id\":\"https:\/\/hobstop.ee\/lt\/#\/schema\/logo\/image\/\"},\"sameAs\":[\"http:\/\/www.facebook.com\/VunderSkizze\"]}]}<\/script>\n<!-- \/ Yoast SEO plugin. -->","yoast_head_json":{"title":"Speciali priemon\u0117 aliejiniams da\u017eams Sennelier Green for Oil skiediklis &#8211; Skizze","robots":{"index":"noindex","follow":"follow","max-snippet":"max-snippet:-1","max-image-preview":"max-image-preview:large","max-video-preview":"max-video-preview:-1"},"og_locale":"lt_LT","og_type":"article","og_title":"Speciali priemon\u0117 aliejiniams da\u017eams Sennelier Green for Oil skiediklis &#8211; Skizze","og_description":"Sud\u0117tyje benzino turint\u012f tirpikl\u012f pakeiskite ir da\u017eus skieskite su \u201eGreen for Oil\u201c tirpikliu, kuris yra pagamintas i\u0161 augalini\u0173 med\u017eiag\u0173. Tirpiklis \u201eGreen for Oil\u201c yra naudojamas tokiu pa\u010diu b\u016bdu, kaip ir \u012fprastas tirpiklis. Produkt\u0105 sumai\u0161ykite su da\u017eais, kad jie b\u016bt\u0173 skystesni ir tikt\u0173 pie\u0161inio pagrindui dengti. Skiediklis \u201eSennelier Green for Oil\u201c priklauso bioskiedikli\u0173 serijai ir yra saugesnis ir ekologi\u0161kesnis nei kiti tradiciniai skiedikliai. Tradiciniai skiedikliai yra labai veiksmingi, ta\u010diau r\u016bpest\u012f kelia j\u0173 lakumas ir sud\u0117tyje esantis benzinas. Skiediklis \u201eSennelier Green for Oil\u201c turi tokias pa\u010dias savybes, kaip ir kitos priemon\u0117s. Serijos \u201eGreen For Oil\u201c produktai yra nat\u016bral\u016bs, pagaminti i\u0161 augalini\u0173, gyv\u016bnini\u0173 arba mineralini\u0173 \u017ealiav\u0173. Jie atitinka sanitarini\u0173 ir aplinkosaugos standart\u0173 reikalavimus, nes yra pagaminti i\u0161 tvari\u0173 sud\u0117tini\u0173 med\u017eiag\u0173. Bioskiediklis \u201eGreen for Oil\u201c yra priskirtas prie netoksini\u0173 med\u017eiag\u0173 pagal CE 1272\/08 ir nekenkia sveikatai bei aplinkai.","og_url":"https:\/\/hobstop.ee\/lt\/produktas\/speciali-priemone-aliejiniams-dazams-sennelier-green-for-oil-skiediklis\/","og_site_name":"Skizze","article_publisher":"http:\/\/www.facebook.com\/VunderSkizze","og_image":[{"width":1024,"height":768,"url":"https:\/\/hobstop.ee\/media\/4653.jpg","type":"image\/jpeg"}],"twitter_card":"summary_large_image","twitter_misc":{"Est. reading time":"1 minute"},"schema":{"@context":"https:\/\/schema.org","@graph":[{"@type":"WebPage","@id":"https:\/\/hobstop.ee\/lt\/produktas\/speciali-priemone-aliejiniams-dazams-sennelier-green-for-oil-skiediklis\/","url":"https:\/\/hobstop.ee\/lt\/produktas\/speciali-priemone-aliejiniams-dazams-sennelier-green-for-oil-skiediklis\/","name":"Speciali priemon\u0117 aliejiniams da\u017eams Sennelier Green for Oil skiediklis &#8211; Skizze","isPartOf":{"@id":"https:\/\/hobstop.ee\/lt\/#website"},"primaryImageOfPage":{"@id":"https:\/\/hobstop.ee\/lt\/produktas\/speciali-priemone-aliejiniams-dazams-sennelier-green-for-oil-skiediklis\/#primaryimage"},"image":{"@id":"https:\/\/hobstop.ee\/lt\/produktas\/speciali-priemone-aliejiniams-dazams-sennelier-green-for-oil-skiediklis\/#primaryimage"},"thumbnailUrl":"https:\/\/hobstop.ee\/media\/4653.jpg","datePublished":"2018-04-30T10:41:55+00:00","dateModified":"2018-04-30T10:41:55+00:00","breadcrumb":{"@id":"https:\/\/hobstop.ee\/lt\/produktas\/speciali-priemone-aliejiniams-dazams-sennelier-green-for-oil-skiediklis\/#breadcrumb"},"inLanguage":"lt","potentialAction":[{"@type":"ReadAction","target":["https:\/\/hobstop.ee\/lt\/produktas\/speciali-priemone-aliejiniams-dazams-sennelier-green-for-oil-skiediklis\/"]}]},{"@type":"ImageObject","inLanguage":"lt","@id":"https:\/\/hobstop.ee\/lt\/produktas\/speciali-priemone-aliejiniams-dazams-sennelier-green-for-oil-skiediklis\/#primaryimage","url":"https:\/\/hobstop.ee\/media\/4653.jpg","contentUrl":"https:\/\/hobstop.ee\/media\/4653.jpg","width":1024,"height":768},{"@type":"BreadcrumbList","@id":"https:\/\/hobstop.ee\/lt\/produktas\/speciali-priemone-aliejiniams-dazams-sennelier-green-for-oil-skiediklis\/#breadcrumb","itemListElement":[{"@type":"ListItem","position":1,"name":"Avaleht","item":"https:\/\/hobstop.ee\/lt\/"},{"@type":"ListItem","position":2,"name":"Parduotuv\u0117","item":"https:\/\/hobstop.ee\/lt\/parduotuve\/"},{"@type":"ListItem","position":3,"name":"Speciali priemon\u0117 aliejiniams da\u017eams Sennelier Green for Oil skiediklis"}]},{"@type":"WebSite","@id":"https:\/\/hobstop.ee\/lt\/#website","url":"https:\/\/hobstop.ee\/lt\/","name":"Skizze","description":"Dail\u0117s, pom\u0117gi\u0173 ir mokykliniai reikm\u0117nys","publisher":{"@id":"https:\/\/hobstop.ee\/lt\/#organization"},"potentialAction":[{"@type":"SearchAction","target":{"@type":"EntryPoint","urlTemplate":"https:\/\/hobstop.ee\/lt\/?s={search_term_string}"},"query-input":{"@type":"PropertyValueSpecification","valueRequired":true,"valueName":"search_term_string"}}],"inLanguage":"lt"},{"@type":"Organization","@id":"https:\/\/hobstop.ee\/lt\/#organization","name":"Vunder AS","url":"https:\/\/hobstop.ee\/lt\/","logo":{"@type":"ImageObject","inLanguage":"lt","@id":"https:\/\/hobstop.ee\/lt\/#\/schema\/logo\/image\/","url":"https:\/\/hobstop.ee\/media\/vunder-logo.png","contentUrl":"https:\/\/hobstop.ee\/media\/vunder-logo.png","width":127,"height":55,"caption":"Vunder AS"},"image":{"@id":"https:\/\/hobstop.ee\/lt\/#\/schema\/logo\/image\/"},"sameAs":["http:\/\/www.facebook.com\/VunderSkizze"]}]}},"_links":{"self":[{"href":"https:\/\/hobstop.ee\/lt\/wp-json\/wp\/v2\/product\/310173","targetHints":{"allow":["GET"]}}],"collection":[{"href":"https:\/\/hobstop.ee\/lt\/wp-json\/wp\/v2\/product"}],"about":[{"href":"https:\/\/hobstop.ee\/lt\/wp-json\/wp\/v2\/types\/product"}],"replies":[{"embeddable":true,"href":"https:\/\/hobstop.ee\/lt\/wp-json\/wp\/v2\/comments?post=310173"}],"wp:featuredmedia":[{"embeddable":true,"href":"https:\/\/hobstop.ee\/lt\/wp-json\/wp\/v2\/media\/310305"}],"wp:attachment":[{"href":"https:\/\/hobstop.ee\/lt\/wp-json\/wp\/v2\/media?parent=310173"}],"wp:term":[{"taxonomy":"product_cat","embeddable":true,"href":"https:\/\/hobstop.ee\/lt\/wp-json\/wp\/v2\/product_cat?post=310173"},{"taxonomy":"product_tag","embeddable":true,"href":"https:\/\/hobstop.ee\/lt\/wp-json\/wp\/v2\/product_tag?post=310173"}],"curies":[{"name":"wp","href":"https:\/\/api.w.org\/{rel}","templated":true}]}}