{"id":310185,"date":"2018-04-30T13:41:57","date_gmt":"2018-04-30T10:41:57","guid":{"rendered":"https:\/\/sharks.ee\/vunder_2019\/lt\/product\/valymo-priemone-teptukams-sennelier-green-for-oil\/"},"modified":"2018-04-30T13:41:57","modified_gmt":"2018-04-30T10:41:57","slug":"valymo-priemone-teptukams-sennelier-green-for-oil","status":"publish","type":"product","link":"https:\/\/hobstop.ee\/lt\/produktas\/valymo-priemone-teptukams-sennelier-green-for-oil\/","title":{"rendered":"Valymo priemon\u0117 teptukams Sennelier Green for Oil"},"content":{"rendered":"<p>Netoksinis skystas valiklis \u201eGreen for Oil\u201c pad\u0117s Jums i\u0161saugoti \u012frankius. Puikiai i\u0161valo teptukus, menteles, paletes ir \u012fvairias talpas.<\/p>\n<p>Skiediklis \u201eSennelier Green for Oil\u201c priklauso bioskiedikli\u0173 serijai ir yra saugesnis ir ekologi\u0161kesnis nei kiti tradiciniai skiedikliai. Tradiciniai skiedikliai yra labai veiksmingi, ta\u010diau r\u016bpest\u012f kelia j\u0173 lakumas ir sud\u0117tyje esantis benzinas. Skiediklis \u201eSennelier Green for Oil\u201c turi tokias pa\u010dias savybes,  kaip ir kitos priemon\u0117s. Serijos \u201eGreen For Oil\u201c produktai yra nat\u016bral\u016bs, pagaminti i\u0161 augalini\u0173, gyv\u016bnini\u0173 arba mineralini\u0173 \u017ealiav\u0173. Jie atitinka sanitarini\u0173 ir aplinkosaugos standart\u0173 reikalavimus, nes yra pagaminti i\u0161 tvari\u0173 sud\u0117tini\u0173 med\u017eiag\u0173. Bioskiediklis \u201eGreen for Oil\u201c yra priskirtas prie netoksini\u0173 med\u017eiag\u0173 pagal CE 1272\/08 ir nekenkia sveikatai bei aplinkai.<\/p>\n","protected":false},"excerpt":{"rendered":"<p>Netoksinis skystas valiklis \u201eGreen for Oil\u201c pad\u0117s Jums i\u0161saugoti \u012frankius. Puikiai i\u0161valo teptukus, menteles, paletes ir \u012fvairias talpas. Skiediklis \u201eSennelier Green for Oil\u201c priklauso bioskiedikli\u0173 serijai ir yra saugesnis ir ekologi\u0161kesnis nei kiti tradiciniai skiedikliai. Tradiciniai skiedikliai yra labai veiksmingi, ta\u010diau r\u016bpest\u012f kelia j\u0173 lakumas ir sud\u0117tyje esantis benzinas. Skiediklis \u201eSennelier Green for Oil\u201c turi tokias pa\u010dias savybes, kaip ir kitos priemon\u0117s. Serijos \u201eGreen For Oil\u201c produktai yra nat\u016bral\u016bs, pagaminti i\u0161 augalini\u0173, gyv\u016bnini\u0173 arba mineralini\u0173 \u017ealiav\u0173. Jie atitinka sanitarini\u0173 ir aplinkosaugos standart\u0173 reikalavimus, nes yra pagaminti i\u0161 tvari\u0173 sud\u0117tini\u0173 med\u017eiag\u0173. Bioskiediklis \u201eGreen for Oil\u201c yra priskirtas prie netoksini\u0173 med\u017eiag\u0173 pagal CE 1272\/08 ir nekenkia sveikatai bei aplinkai.<\/p>\n","protected":false},"featured_media":310317,"comment_status":"closed","ping_status":"closed","template":"","meta":{"_acf_changed":false,"ep_exclude_from_search":false},"product_cat":[16124,17981,18762],"product_tag":[],"class_list":{"0":"post-310185","1":"product","2":"type-product","3":"status-publish","4":"has-post-thumbnail","6":"product_cat-dailes-prekes","7":"product_cat-dazai-ir-priedai-tapybai","8":"product_cat-ivairus-24","10":"first","11":"instock","12":"taxable","13":"shipping-taxable","14":"purchasable","15":"product-type-simple"},"acf":[],"yoast_head":"<!-- This site is optimized with the Yoast SEO plugin v24.1 - https:\/\/yoast.com\/wordpress\/plugins\/seo\/ -->\n<title>Valymo priemon\u0117 teptukams Sennelier Green for Oil &#8211; Skizze<\/title>\n<meta name=\"robots\" content=\"noindex, follow, max-snippet:-1, max-image-preview:large, max-video-preview:-1\" \/>\n<meta property=\"og:locale\" content=\"lt_LT\" \/>\n<meta property=\"og:type\" content=\"article\" \/>\n<meta property=\"og:title\" content=\"Valymo priemon\u0117 teptukams Sennelier Green for Oil &#8211; Skizze\" \/>\n<meta property=\"og:description\" content=\"Netoksinis skystas valiklis \u201eGreen for Oil\u201c pad\u0117s Jums i\u0161saugoti \u012frankius. Puikiai i\u0161valo teptukus, menteles, paletes ir \u012fvairias talpas. Skiediklis \u201eSennelier Green for Oil\u201c priklauso bioskiedikli\u0173 serijai ir yra saugesnis ir ekologi\u0161kesnis nei kiti tradiciniai skiedikliai. Tradiciniai skiedikliai yra labai veiksmingi, ta\u010diau r\u016bpest\u012f kelia j\u0173 lakumas ir sud\u0117tyje esantis benzinas. Skiediklis \u201eSennelier Green for Oil\u201c turi tokias pa\u010dias savybes, kaip ir kitos priemon\u0117s. Serijos \u201eGreen For Oil\u201c produktai yra nat\u016bral\u016bs, pagaminti i\u0161 augalini\u0173, gyv\u016bnini\u0173 arba mineralini\u0173 \u017ealiav\u0173. Jie atitinka sanitarini\u0173 ir aplinkosaugos standart\u0173 reikalavimus, nes yra pagaminti i\u0161 tvari\u0173 sud\u0117tini\u0173 med\u017eiag\u0173. Bioskiediklis \u201eGreen for Oil\u201c yra priskirtas prie netoksini\u0173 med\u017eiag\u0173 pagal CE 1272\/08 ir nekenkia sveikatai bei aplinkai.\" \/>\n<meta property=\"og:url\" content=\"https:\/\/hobstop.ee\/lt\/produktas\/valymo-priemone-teptukams-sennelier-green-for-oil\/\" \/>\n<meta property=\"og:site_name\" content=\"Skizze\" \/>\n<meta property=\"article:publisher\" content=\"http:\/\/www.facebook.com\/VunderSkizze\" \/>\n<meta property=\"og:image\" content=\"https:\/\/hobstop.ee\/media\/4658.jpg\" \/>\n\t<meta property=\"og:image:width\" content=\"1024\" \/>\n\t<meta property=\"og:image:height\" content=\"768\" \/>\n\t<meta property=\"og:image:type\" content=\"image\/jpeg\" \/>\n<meta name=\"twitter:card\" content=\"summary_large_image\" \/>\n<meta name=\"twitter:label1\" content=\"Est. reading time\" \/>\n\t<meta name=\"twitter:data1\" content=\"1 minute\" \/>\n<script type=\"application\/ld+json\" class=\"yoast-schema-graph\">{\"@context\":\"https:\/\/schema.org\",\"@graph\":[{\"@type\":\"WebPage\",\"@id\":\"https:\/\/hobstop.ee\/lt\/produktas\/valymo-priemone-teptukams-sennelier-green-for-oil\/\",\"url\":\"https:\/\/hobstop.ee\/lt\/produktas\/valymo-priemone-teptukams-sennelier-green-for-oil\/\",\"name\":\"Valymo priemon\u0117 teptukams Sennelier Green for Oil &#8211; Skizze\",\"isPartOf\":{\"@id\":\"https:\/\/hobstop.ee\/lt\/#website\"},\"primaryImageOfPage\":{\"@id\":\"https:\/\/hobstop.ee\/lt\/produktas\/valymo-priemone-teptukams-sennelier-green-for-oil\/#primaryimage\"},\"image\":{\"@id\":\"https:\/\/hobstop.ee\/lt\/produktas\/valymo-priemone-teptukams-sennelier-green-for-oil\/#primaryimage\"},\"thumbnailUrl\":\"https:\/\/hobstop.ee\/media\/4658.jpg\",\"datePublished\":\"2018-04-30T10:41:57+00:00\",\"dateModified\":\"2018-04-30T10:41:57+00:00\",\"breadcrumb\":{\"@id\":\"https:\/\/hobstop.ee\/lt\/produktas\/valymo-priemone-teptukams-sennelier-green-for-oil\/#breadcrumb\"},\"inLanguage\":\"lt\",\"potentialAction\":[{\"@type\":\"ReadAction\",\"target\":[\"https:\/\/hobstop.ee\/lt\/produktas\/valymo-priemone-teptukams-sennelier-green-for-oil\/\"]}]},{\"@type\":\"ImageObject\",\"inLanguage\":\"lt\",\"@id\":\"https:\/\/hobstop.ee\/lt\/produktas\/valymo-priemone-teptukams-sennelier-green-for-oil\/#primaryimage\",\"url\":\"https:\/\/hobstop.ee\/media\/4658.jpg\",\"contentUrl\":\"https:\/\/hobstop.ee\/media\/4658.jpg\",\"width\":1024,\"height\":768},{\"@type\":\"BreadcrumbList\",\"@id\":\"https:\/\/hobstop.ee\/lt\/produktas\/valymo-priemone-teptukams-sennelier-green-for-oil\/#breadcrumb\",\"itemListElement\":[{\"@type\":\"ListItem\",\"position\":1,\"name\":\"Avaleht\",\"item\":\"https:\/\/hobstop.ee\/lt\/\"},{\"@type\":\"ListItem\",\"position\":2,\"name\":\"Parduotuv\u0117\",\"item\":\"https:\/\/hobstop.ee\/lt\/parduotuve\/\"},{\"@type\":\"ListItem\",\"position\":3,\"name\":\"Valymo priemon\u0117 teptukams Sennelier Green for Oil\"}]},{\"@type\":\"WebSite\",\"@id\":\"https:\/\/hobstop.ee\/lt\/#website\",\"url\":\"https:\/\/hobstop.ee\/lt\/\",\"name\":\"Skizze\",\"description\":\"Dail\u0117s, pom\u0117gi\u0173 ir mokykliniai reikm\u0117nys\",\"publisher\":{\"@id\":\"https:\/\/hobstop.ee\/lt\/#organization\"},\"potentialAction\":[{\"@type\":\"SearchAction\",\"target\":{\"@type\":\"EntryPoint\",\"urlTemplate\":\"https:\/\/hobstop.ee\/lt\/?s={search_term_string}\"},\"query-input\":{\"@type\":\"PropertyValueSpecification\",\"valueRequired\":true,\"valueName\":\"search_term_string\"}}],\"inLanguage\":\"lt\"},{\"@type\":\"Organization\",\"@id\":\"https:\/\/hobstop.ee\/lt\/#organization\",\"name\":\"Vunder AS\",\"url\":\"https:\/\/hobstop.ee\/lt\/\",\"logo\":{\"@type\":\"ImageObject\",\"inLanguage\":\"lt\",\"@id\":\"https:\/\/hobstop.ee\/lt\/#\/schema\/logo\/image\/\",\"url\":\"https:\/\/hobstop.ee\/media\/vunder-logo.png\",\"contentUrl\":\"https:\/\/hobstop.ee\/media\/vunder-logo.png\",\"width\":127,\"height\":55,\"caption\":\"Vunder AS\"},\"image\":{\"@id\":\"https:\/\/hobstop.ee\/lt\/#\/schema\/logo\/image\/\"},\"sameAs\":[\"http:\/\/www.facebook.com\/VunderSkizze\"]}]}<\/script>\n<!-- \/ Yoast SEO plugin. -->","yoast_head_json":{"title":"Valymo priemon\u0117 teptukams Sennelier Green for Oil &#8211; Skizze","robots":{"index":"noindex","follow":"follow","max-snippet":"max-snippet:-1","max-image-preview":"max-image-preview:large","max-video-preview":"max-video-preview:-1"},"og_locale":"lt_LT","og_type":"article","og_title":"Valymo priemon\u0117 teptukams Sennelier Green for Oil &#8211; Skizze","og_description":"Netoksinis skystas valiklis \u201eGreen for Oil\u201c pad\u0117s Jums i\u0161saugoti \u012frankius. Puikiai i\u0161valo teptukus, menteles, paletes ir \u012fvairias talpas. Skiediklis \u201eSennelier Green for Oil\u201c priklauso bioskiedikli\u0173 serijai ir yra saugesnis ir ekologi\u0161kesnis nei kiti tradiciniai skiedikliai. Tradiciniai skiedikliai yra labai veiksmingi, ta\u010diau r\u016bpest\u012f kelia j\u0173 lakumas ir sud\u0117tyje esantis benzinas. Skiediklis \u201eSennelier Green for Oil\u201c turi tokias pa\u010dias savybes, kaip ir kitos priemon\u0117s. Serijos \u201eGreen For Oil\u201c produktai yra nat\u016bral\u016bs, pagaminti i\u0161 augalini\u0173, gyv\u016bnini\u0173 arba mineralini\u0173 \u017ealiav\u0173. Jie atitinka sanitarini\u0173 ir aplinkosaugos standart\u0173 reikalavimus, nes yra pagaminti i\u0161 tvari\u0173 sud\u0117tini\u0173 med\u017eiag\u0173. Bioskiediklis \u201eGreen for Oil\u201c yra priskirtas prie netoksini\u0173 med\u017eiag\u0173 pagal CE 1272\/08 ir nekenkia sveikatai bei aplinkai.","og_url":"https:\/\/hobstop.ee\/lt\/produktas\/valymo-priemone-teptukams-sennelier-green-for-oil\/","og_site_name":"Skizze","article_publisher":"http:\/\/www.facebook.com\/VunderSkizze","og_image":[{"width":1024,"height":768,"url":"https:\/\/hobstop.ee\/media\/4658.jpg","type":"image\/jpeg"}],"twitter_card":"summary_large_image","twitter_misc":{"Est. reading time":"1 minute"},"schema":{"@context":"https:\/\/schema.org","@graph":[{"@type":"WebPage","@id":"https:\/\/hobstop.ee\/lt\/produktas\/valymo-priemone-teptukams-sennelier-green-for-oil\/","url":"https:\/\/hobstop.ee\/lt\/produktas\/valymo-priemone-teptukams-sennelier-green-for-oil\/","name":"Valymo priemon\u0117 teptukams Sennelier Green for Oil &#8211; Skizze","isPartOf":{"@id":"https:\/\/hobstop.ee\/lt\/#website"},"primaryImageOfPage":{"@id":"https:\/\/hobstop.ee\/lt\/produktas\/valymo-priemone-teptukams-sennelier-green-for-oil\/#primaryimage"},"image":{"@id":"https:\/\/hobstop.ee\/lt\/produktas\/valymo-priemone-teptukams-sennelier-green-for-oil\/#primaryimage"},"thumbnailUrl":"https:\/\/hobstop.ee\/media\/4658.jpg","datePublished":"2018-04-30T10:41:57+00:00","dateModified":"2018-04-30T10:41:57+00:00","breadcrumb":{"@id":"https:\/\/hobstop.ee\/lt\/produktas\/valymo-priemone-teptukams-sennelier-green-for-oil\/#breadcrumb"},"inLanguage":"lt","potentialAction":[{"@type":"ReadAction","target":["https:\/\/hobstop.ee\/lt\/produktas\/valymo-priemone-teptukams-sennelier-green-for-oil\/"]}]},{"@type":"ImageObject","inLanguage":"lt","@id":"https:\/\/hobstop.ee\/lt\/produktas\/valymo-priemone-teptukams-sennelier-green-for-oil\/#primaryimage","url":"https:\/\/hobstop.ee\/media\/4658.jpg","contentUrl":"https:\/\/hobstop.ee\/media\/4658.jpg","width":1024,"height":768},{"@type":"BreadcrumbList","@id":"https:\/\/hobstop.ee\/lt\/produktas\/valymo-priemone-teptukams-sennelier-green-for-oil\/#breadcrumb","itemListElement":[{"@type":"ListItem","position":1,"name":"Avaleht","item":"https:\/\/hobstop.ee\/lt\/"},{"@type":"ListItem","position":2,"name":"Parduotuv\u0117","item":"https:\/\/hobstop.ee\/lt\/parduotuve\/"},{"@type":"ListItem","position":3,"name":"Valymo priemon\u0117 teptukams Sennelier Green for Oil"}]},{"@type":"WebSite","@id":"https:\/\/hobstop.ee\/lt\/#website","url":"https:\/\/hobstop.ee\/lt\/","name":"Skizze","description":"Dail\u0117s, pom\u0117gi\u0173 ir mokykliniai reikm\u0117nys","publisher":{"@id":"https:\/\/hobstop.ee\/lt\/#organization"},"potentialAction":[{"@type":"SearchAction","target":{"@type":"EntryPoint","urlTemplate":"https:\/\/hobstop.ee\/lt\/?s={search_term_string}"},"query-input":{"@type":"PropertyValueSpecification","valueRequired":true,"valueName":"search_term_string"}}],"inLanguage":"lt"},{"@type":"Organization","@id":"https:\/\/hobstop.ee\/lt\/#organization","name":"Vunder AS","url":"https:\/\/hobstop.ee\/lt\/","logo":{"@type":"ImageObject","inLanguage":"lt","@id":"https:\/\/hobstop.ee\/lt\/#\/schema\/logo\/image\/","url":"https:\/\/hobstop.ee\/media\/vunder-logo.png","contentUrl":"https:\/\/hobstop.ee\/media\/vunder-logo.png","width":127,"height":55,"caption":"Vunder AS"},"image":{"@id":"https:\/\/hobstop.ee\/lt\/#\/schema\/logo\/image\/"},"sameAs":["http:\/\/www.facebook.com\/VunderSkizze"]}]}},"_links":{"self":[{"href":"https:\/\/hobstop.ee\/lt\/wp-json\/wp\/v2\/product\/310185","targetHints":{"allow":["GET"]}}],"collection":[{"href":"https:\/\/hobstop.ee\/lt\/wp-json\/wp\/v2\/product"}],"about":[{"href":"https:\/\/hobstop.ee\/lt\/wp-json\/wp\/v2\/types\/product"}],"replies":[{"embeddable":true,"href":"https:\/\/hobstop.ee\/lt\/wp-json\/wp\/v2\/comments?post=310185"}],"wp:featuredmedia":[{"embeddable":true,"href":"https:\/\/hobstop.ee\/lt\/wp-json\/wp\/v2\/media\/310317"}],"wp:attachment":[{"href":"https:\/\/hobstop.ee\/lt\/wp-json\/wp\/v2\/media?parent=310185"}],"wp:term":[{"taxonomy":"product_cat","embeddable":true,"href":"https:\/\/hobstop.ee\/lt\/wp-json\/wp\/v2\/product_cat?post=310185"},{"taxonomy":"product_tag","embeddable":true,"href":"https:\/\/hobstop.ee\/lt\/wp-json\/wp\/v2\/product_tag?post=310185"}],"curies":[{"name":"wp","href":"https:\/\/api.w.org\/{rel}","templated":true}]}}