{"id":310193,"date":"2018-04-30T13:41:59","date_gmt":"2018-04-30T10:41:59","guid":{"rendered":"https:\/\/sharks.ee\/vunder_2019\/lt\/product\/sidabro-misinys-silverdesign\/"},"modified":"2018-04-30T13:41:59","modified_gmt":"2018-04-30T10:41:59","slug":"sidabro-misinys-silverdesign","status":"publish","type":"product","link":"https:\/\/hobstop.ee\/lt\/produktas\/sidabro-misinys-silverdesign\/","title":{"rendered":"Sidabro mi\u0161inys Silverdesign"},"content":{"rendered":"<p>Sidabro mi\u0161inys Silverdesign MPMix \u2013 tai milteliai, kuriuos sumai\u0161ius su vandeniu, yra gaunama pana\u0161i \u012f mol\u012f tekst\u016bra, kuri naudojama sidabro gamini\u0173, kuri\u0173 grynumas yra 99,99%, gamybai. Tai n\u0117ra i\u0161 anksto paruo\u0161tas molis, kaip dauguma kit\u0173 metalo moli\u0173, bet tai yra sausas sidabro metalo mi\u0161inys. L\u0117tai \u012fpilkite distiliuoto vandens i\u0161 \u0161virk\u0161to ir mai\u0161ykite, naudodami plastikin\u012f \u0161auk\u0161tel\u012f, kol susidaro daugiau ar ma\u017eiau vienoda metalin\u0117 molio mas\u0117. Savo juvelyrinius dirbinius pagamintus i\u0161 Silverdesign sidabro milteli\u0173, galite tonuoti, lakuoti ar suteikti blizgesio poliruojant. Milteli\u0173 pavidale J\u016bs galite laikyti med\u017eiag\u0105 neribot\u0105 laik\u0105, nesijaudinant d\u0117l sud\u017ei\u016bvimo \u012f kiet\u0105 mas\u0119.<\/p>\n","protected":false},"excerpt":{"rendered":"<p>Sidabro mi\u0161inys Silverdesign MPMix \u2013 tai milteliai, kuriuos sumai\u0161ius su vandeniu, yra gaunama pana\u0161i \u012f mol\u012f tekst\u016bra, kuri naudojama sidabro gamini\u0173, kuri\u0173 grynumas yra 99,99%, gamybai. Tai n\u0117ra i\u0161 anksto paruo\u0161tas molis, kaip dauguma kit\u0173 metalo moli\u0173, bet tai yra sausas sidabro metalo mi\u0161inys. L\u0117tai \u012fpilkite distiliuoto vandens i\u0161 \u0161virk\u0161to ir mai\u0161ykite, naudodami plastikin\u012f \u0161auk\u0161tel\u012f, kol susidaro daugiau ar ma\u017eiau vienoda metalin\u0117 molio mas\u0117. Savo juvelyrinius dirbinius pagamintus i\u0161 Silverdesign sidabro milteli\u0173, galite tonuoti, lakuoti ar suteikti blizgesio poliruojant. Milteli\u0173 pavidale J\u016bs galite laikyti med\u017eiag\u0105 neribot\u0105 laik\u0105, nesijaudinant d\u0117l sud\u017ei\u016bvimo \u012f kiet\u0105 mas\u0119.<\/p>\n","protected":false},"featured_media":310325,"comment_status":"closed","ping_status":"closed","template":"","meta":{"_acf_changed":false,"ep_exclude_from_search":false},"product_cat":[20084,19688,17919],"product_tag":[],"class_list":{"0":"post-310193","1":"product","2":"type-product","3":"status-publish","4":"has-post-thumbnail","6":"product_cat-ivairus-2","7":"product_cat-papuosalu-ruosimas","8":"product_cat-pomegiu-prekes","10":"first","11":"instock","12":"taxable","13":"shipping-taxable","14":"purchasable","15":"product-type-simple"},"acf":[],"yoast_head":"<!-- This site is optimized with the Yoast SEO plugin v24.1 - https:\/\/yoast.com\/wordpress\/plugins\/seo\/ -->\n<title>Sidabro mi\u0161inys Silverdesign &#8211; Skizze<\/title>\n<meta name=\"robots\" content=\"noindex, follow, max-snippet:-1, max-image-preview:large, max-video-preview:-1\" \/>\n<meta property=\"og:locale\" content=\"lt_LT\" \/>\n<meta property=\"og:type\" content=\"article\" \/>\n<meta property=\"og:title\" content=\"Sidabro mi\u0161inys Silverdesign &#8211; Skizze\" \/>\n<meta property=\"og:description\" content=\"Sidabro mi\u0161inys Silverdesign MPMix \u2013 tai milteliai, kuriuos sumai\u0161ius su vandeniu, yra gaunama pana\u0161i \u012f mol\u012f tekst\u016bra, kuri naudojama sidabro gamini\u0173, kuri\u0173 grynumas yra 99,99%, gamybai. Tai n\u0117ra i\u0161 anksto paruo\u0161tas molis, kaip dauguma kit\u0173 metalo moli\u0173, bet tai yra sausas sidabro metalo mi\u0161inys. L\u0117tai \u012fpilkite distiliuoto vandens i\u0161 \u0161virk\u0161to ir mai\u0161ykite, naudodami plastikin\u012f \u0161auk\u0161tel\u012f, kol susidaro daugiau ar ma\u017eiau vienoda metalin\u0117 molio mas\u0117. Savo juvelyrinius dirbinius pagamintus i\u0161 Silverdesign sidabro milteli\u0173, galite tonuoti, lakuoti ar suteikti blizgesio poliruojant. Milteli\u0173 pavidale J\u016bs galite laikyti med\u017eiag\u0105 neribot\u0105 laik\u0105, nesijaudinant d\u0117l sud\u017ei\u016bvimo \u012f kiet\u0105 mas\u0119.\" \/>\n<meta property=\"og:url\" content=\"https:\/\/hobstop.ee\/lt\/produktas\/sidabro-misinys-silverdesign\/\" \/>\n<meta property=\"og:site_name\" content=\"Skizze\" \/>\n<meta property=\"article:publisher\" content=\"http:\/\/www.facebook.com\/VunderSkizze\" \/>\n<meta property=\"og:image\" content=\"https:\/\/hobstop.ee\/media\/4756.jpg\" \/>\n\t<meta property=\"og:image:width\" content=\"1024\" \/>\n\t<meta property=\"og:image:height\" content=\"768\" \/>\n\t<meta property=\"og:image:type\" content=\"image\/jpeg\" \/>\n<meta name=\"twitter:card\" content=\"summary_large_image\" \/>\n<meta name=\"twitter:label1\" content=\"Est. reading time\" \/>\n\t<meta name=\"twitter:data1\" content=\"1 minute\" \/>\n<script type=\"application\/ld+json\" class=\"yoast-schema-graph\">{\"@context\":\"https:\/\/schema.org\",\"@graph\":[{\"@type\":\"WebPage\",\"@id\":\"https:\/\/hobstop.ee\/lt\/produktas\/sidabro-misinys-silverdesign\/\",\"url\":\"https:\/\/hobstop.ee\/lt\/produktas\/sidabro-misinys-silverdesign\/\",\"name\":\"Sidabro mi\u0161inys Silverdesign &#8211; Skizze\",\"isPartOf\":{\"@id\":\"https:\/\/hobstop.ee\/lt\/#website\"},\"primaryImageOfPage\":{\"@id\":\"https:\/\/hobstop.ee\/lt\/produktas\/sidabro-misinys-silverdesign\/#primaryimage\"},\"image\":{\"@id\":\"https:\/\/hobstop.ee\/lt\/produktas\/sidabro-misinys-silverdesign\/#primaryimage\"},\"thumbnailUrl\":\"https:\/\/hobstop.ee\/media\/4756.jpg\",\"datePublished\":\"2018-04-30T10:41:59+00:00\",\"dateModified\":\"2018-04-30T10:41:59+00:00\",\"breadcrumb\":{\"@id\":\"https:\/\/hobstop.ee\/lt\/produktas\/sidabro-misinys-silverdesign\/#breadcrumb\"},\"inLanguage\":\"lt\",\"potentialAction\":[{\"@type\":\"ReadAction\",\"target\":[\"https:\/\/hobstop.ee\/lt\/produktas\/sidabro-misinys-silverdesign\/\"]}]},{\"@type\":\"ImageObject\",\"inLanguage\":\"lt\",\"@id\":\"https:\/\/hobstop.ee\/lt\/produktas\/sidabro-misinys-silverdesign\/#primaryimage\",\"url\":\"https:\/\/hobstop.ee\/media\/4756.jpg\",\"contentUrl\":\"https:\/\/hobstop.ee\/media\/4756.jpg\",\"width\":1024,\"height\":768},{\"@type\":\"BreadcrumbList\",\"@id\":\"https:\/\/hobstop.ee\/lt\/produktas\/sidabro-misinys-silverdesign\/#breadcrumb\",\"itemListElement\":[{\"@type\":\"ListItem\",\"position\":1,\"name\":\"Avaleht\",\"item\":\"https:\/\/hobstop.ee\/lt\/\"},{\"@type\":\"ListItem\",\"position\":2,\"name\":\"Parduotuv\u0117\",\"item\":\"https:\/\/hobstop.ee\/lt\/parduotuve\/\"},{\"@type\":\"ListItem\",\"position\":3,\"name\":\"Sidabro mi\u0161inys Silverdesign\"}]},{\"@type\":\"WebSite\",\"@id\":\"https:\/\/hobstop.ee\/lt\/#website\",\"url\":\"https:\/\/hobstop.ee\/lt\/\",\"name\":\"Skizze\",\"description\":\"Dail\u0117s, pom\u0117gi\u0173 ir mokykliniai reikm\u0117nys\",\"publisher\":{\"@id\":\"https:\/\/hobstop.ee\/lt\/#organization\"},\"potentialAction\":[{\"@type\":\"SearchAction\",\"target\":{\"@type\":\"EntryPoint\",\"urlTemplate\":\"https:\/\/hobstop.ee\/lt\/?s={search_term_string}\"},\"query-input\":{\"@type\":\"PropertyValueSpecification\",\"valueRequired\":true,\"valueName\":\"search_term_string\"}}],\"inLanguage\":\"lt\"},{\"@type\":\"Organization\",\"@id\":\"https:\/\/hobstop.ee\/lt\/#organization\",\"name\":\"Vunder AS\",\"url\":\"https:\/\/hobstop.ee\/lt\/\",\"logo\":{\"@type\":\"ImageObject\",\"inLanguage\":\"lt\",\"@id\":\"https:\/\/hobstop.ee\/lt\/#\/schema\/logo\/image\/\",\"url\":\"https:\/\/hobstop.ee\/media\/vunder-logo.png\",\"contentUrl\":\"https:\/\/hobstop.ee\/media\/vunder-logo.png\",\"width\":127,\"height\":55,\"caption\":\"Vunder AS\"},\"image\":{\"@id\":\"https:\/\/hobstop.ee\/lt\/#\/schema\/logo\/image\/\"},\"sameAs\":[\"http:\/\/www.facebook.com\/VunderSkizze\"]}]}<\/script>\n<!-- \/ Yoast SEO plugin. -->","yoast_head_json":{"title":"Sidabro mi\u0161inys Silverdesign &#8211; Skizze","robots":{"index":"noindex","follow":"follow","max-snippet":"max-snippet:-1","max-image-preview":"max-image-preview:large","max-video-preview":"max-video-preview:-1"},"og_locale":"lt_LT","og_type":"article","og_title":"Sidabro mi\u0161inys Silverdesign &#8211; Skizze","og_description":"Sidabro mi\u0161inys Silverdesign MPMix \u2013 tai milteliai, kuriuos sumai\u0161ius su vandeniu, yra gaunama pana\u0161i \u012f mol\u012f tekst\u016bra, kuri naudojama sidabro gamini\u0173, kuri\u0173 grynumas yra 99,99%, gamybai. Tai n\u0117ra i\u0161 anksto paruo\u0161tas molis, kaip dauguma kit\u0173 metalo moli\u0173, bet tai yra sausas sidabro metalo mi\u0161inys. L\u0117tai \u012fpilkite distiliuoto vandens i\u0161 \u0161virk\u0161to ir mai\u0161ykite, naudodami plastikin\u012f \u0161auk\u0161tel\u012f, kol susidaro daugiau ar ma\u017eiau vienoda metalin\u0117 molio mas\u0117. Savo juvelyrinius dirbinius pagamintus i\u0161 Silverdesign sidabro milteli\u0173, galite tonuoti, lakuoti ar suteikti blizgesio poliruojant. Milteli\u0173 pavidale J\u016bs galite laikyti med\u017eiag\u0105 neribot\u0105 laik\u0105, nesijaudinant d\u0117l sud\u017ei\u016bvimo \u012f kiet\u0105 mas\u0119.","og_url":"https:\/\/hobstop.ee\/lt\/produktas\/sidabro-misinys-silverdesign\/","og_site_name":"Skizze","article_publisher":"http:\/\/www.facebook.com\/VunderSkizze","og_image":[{"width":1024,"height":768,"url":"https:\/\/hobstop.ee\/media\/4756.jpg","type":"image\/jpeg"}],"twitter_card":"summary_large_image","twitter_misc":{"Est. reading time":"1 minute"},"schema":{"@context":"https:\/\/schema.org","@graph":[{"@type":"WebPage","@id":"https:\/\/hobstop.ee\/lt\/produktas\/sidabro-misinys-silverdesign\/","url":"https:\/\/hobstop.ee\/lt\/produktas\/sidabro-misinys-silverdesign\/","name":"Sidabro mi\u0161inys Silverdesign &#8211; Skizze","isPartOf":{"@id":"https:\/\/hobstop.ee\/lt\/#website"},"primaryImageOfPage":{"@id":"https:\/\/hobstop.ee\/lt\/produktas\/sidabro-misinys-silverdesign\/#primaryimage"},"image":{"@id":"https:\/\/hobstop.ee\/lt\/produktas\/sidabro-misinys-silverdesign\/#primaryimage"},"thumbnailUrl":"https:\/\/hobstop.ee\/media\/4756.jpg","datePublished":"2018-04-30T10:41:59+00:00","dateModified":"2018-04-30T10:41:59+00:00","breadcrumb":{"@id":"https:\/\/hobstop.ee\/lt\/produktas\/sidabro-misinys-silverdesign\/#breadcrumb"},"inLanguage":"lt","potentialAction":[{"@type":"ReadAction","target":["https:\/\/hobstop.ee\/lt\/produktas\/sidabro-misinys-silverdesign\/"]}]},{"@type":"ImageObject","inLanguage":"lt","@id":"https:\/\/hobstop.ee\/lt\/produktas\/sidabro-misinys-silverdesign\/#primaryimage","url":"https:\/\/hobstop.ee\/media\/4756.jpg","contentUrl":"https:\/\/hobstop.ee\/media\/4756.jpg","width":1024,"height":768},{"@type":"BreadcrumbList","@id":"https:\/\/hobstop.ee\/lt\/produktas\/sidabro-misinys-silverdesign\/#breadcrumb","itemListElement":[{"@type":"ListItem","position":1,"name":"Avaleht","item":"https:\/\/hobstop.ee\/lt\/"},{"@type":"ListItem","position":2,"name":"Parduotuv\u0117","item":"https:\/\/hobstop.ee\/lt\/parduotuve\/"},{"@type":"ListItem","position":3,"name":"Sidabro mi\u0161inys Silverdesign"}]},{"@type":"WebSite","@id":"https:\/\/hobstop.ee\/lt\/#website","url":"https:\/\/hobstop.ee\/lt\/","name":"Skizze","description":"Dail\u0117s, pom\u0117gi\u0173 ir mokykliniai reikm\u0117nys","publisher":{"@id":"https:\/\/hobstop.ee\/lt\/#organization"},"potentialAction":[{"@type":"SearchAction","target":{"@type":"EntryPoint","urlTemplate":"https:\/\/hobstop.ee\/lt\/?s={search_term_string}"},"query-input":{"@type":"PropertyValueSpecification","valueRequired":true,"valueName":"search_term_string"}}],"inLanguage":"lt"},{"@type":"Organization","@id":"https:\/\/hobstop.ee\/lt\/#organization","name":"Vunder AS","url":"https:\/\/hobstop.ee\/lt\/","logo":{"@type":"ImageObject","inLanguage":"lt","@id":"https:\/\/hobstop.ee\/lt\/#\/schema\/logo\/image\/","url":"https:\/\/hobstop.ee\/media\/vunder-logo.png","contentUrl":"https:\/\/hobstop.ee\/media\/vunder-logo.png","width":127,"height":55,"caption":"Vunder AS"},"image":{"@id":"https:\/\/hobstop.ee\/lt\/#\/schema\/logo\/image\/"},"sameAs":["http:\/\/www.facebook.com\/VunderSkizze"]}]}},"_links":{"self":[{"href":"https:\/\/hobstop.ee\/lt\/wp-json\/wp\/v2\/product\/310193","targetHints":{"allow":["GET"]}}],"collection":[{"href":"https:\/\/hobstop.ee\/lt\/wp-json\/wp\/v2\/product"}],"about":[{"href":"https:\/\/hobstop.ee\/lt\/wp-json\/wp\/v2\/types\/product"}],"replies":[{"embeddable":true,"href":"https:\/\/hobstop.ee\/lt\/wp-json\/wp\/v2\/comments?post=310193"}],"wp:featuredmedia":[{"embeddable":true,"href":"https:\/\/hobstop.ee\/lt\/wp-json\/wp\/v2\/media\/310325"}],"wp:attachment":[{"href":"https:\/\/hobstop.ee\/lt\/wp-json\/wp\/v2\/media?parent=310193"}],"wp:term":[{"taxonomy":"product_cat","embeddable":true,"href":"https:\/\/hobstop.ee\/lt\/wp-json\/wp\/v2\/product_cat?post=310193"},{"taxonomy":"product_tag","embeddable":true,"href":"https:\/\/hobstop.ee\/lt\/wp-json\/wp\/v2\/product_tag?post=310193"}],"curies":[{"name":"wp","href":"https:\/\/api.w.org\/{rel}","templated":true}]}}