{"id":311896,"date":"2018-06-28T14:14:56","date_gmt":"2018-06-28T11:14:56","guid":{"rendered":"https:\/\/sharks.ee\/vunder_2019\/lt\/product\/mozaikos-akmenys-rayher-artdecor-deluxe-2x2cm\/"},"modified":"2018-06-28T14:14:56","modified_gmt":"2018-06-28T11:14:56","slug":"mozaikos-akmenys-rayher-artdecor-deluxe-2x2cm","status":"publish","type":"product","link":"https:\/\/hobstop.ee\/lt\/produktas\/mozaikos-akmenys-rayher-artdecor-deluxe-2x2cm\/","title":{"rendered":"Mozaikos akmenys Rayher ArtDecor Deluxe 2x2cm"},"content":{"rendered":"<p>\u201eRayher ArtDecor\u201c stiklo mozaika yra i\u0161lieti formoje, o nei\u0161pjauta, kaip \u012fprasti \u201eTiffany\u201c stiklo mozaikos akmenys. Mozaikos pavir\u0161ius yra lygus ir atrodo tarsi akmuo. Mozaikos apa\u010dia yra grubl\u0117ta, tod\u0117l yra pakankamai vietos klijams u\u017etepti. Spalvoto stiklo mozaika  \u201eArtDecor Deluxe\u201c su marmuro imitacijos blizgiais aukso ir vario spalvos metaliniais intarpais. Atspari blukimui ir \u0161al\u010diui.<\/p>\n","protected":false},"excerpt":{"rendered":"<p>\u201eRayher ArtDecor\u201c stiklo mozaika yra i\u0161lieti formoje, o nei\u0161pjauta, kaip \u012fprasti \u201eTiffany\u201c stiklo mozaikos akmenys. Mozaikos pavir\u0161ius yra lygus ir atrodo tarsi akmuo. Mozaikos apa\u010dia yra grubl\u0117ta, tod\u0117l yra pakankamai vietos klijams u\u017etepti. Spalvoto stiklo mozaika \u201eArtDecor Deluxe\u201c su marmuro imitacijos blizgiais aukso ir vario spalvos metaliniais intarpais. Atspari blukimui ir \u0161al\u010diui.<\/p>\n","protected":false},"featured_media":312939,"comment_status":"closed","ping_status":"closed","template":"","meta":{"_acf_changed":false,"ep_exclude_from_search":false},"product_cat":[20245,20248,17919],"product_tag":[],"class_list":{"0":"post-311896","1":"product","2":"type-product","3":"status-publish","4":"has-post-thumbnail","6":"product_cat-mozaika-2","7":"product_cat-mozaikos-akmenys","8":"product_cat-pomegiu-prekes","10":"first","11":"instock","12":"taxable","13":"shipping-taxable","14":"product-type-simple"},"acf":[],"yoast_head":"<!-- This site is optimized with the Yoast SEO plugin v24.1 - https:\/\/yoast.com\/wordpress\/plugins\/seo\/ -->\n<title>Mozaikos akmenys Rayher ArtDecor Deluxe 2x2cm &#8211; Skizze<\/title>\n<meta name=\"robots\" content=\"noindex, follow, max-snippet:-1, max-image-preview:large, max-video-preview:-1\" \/>\n<meta property=\"og:locale\" content=\"lt_LT\" \/>\n<meta property=\"og:type\" content=\"article\" \/>\n<meta property=\"og:title\" content=\"Mozaikos akmenys Rayher ArtDecor Deluxe 2x2cm &#8211; Skizze\" \/>\n<meta property=\"og:description\" content=\"\u201eRayher ArtDecor\u201c stiklo mozaika yra i\u0161lieti formoje, o nei\u0161pjauta, kaip \u012fprasti \u201eTiffany\u201c stiklo mozaikos akmenys. Mozaikos pavir\u0161ius yra lygus ir atrodo tarsi akmuo. Mozaikos apa\u010dia yra grubl\u0117ta, tod\u0117l yra pakankamai vietos klijams u\u017etepti. Spalvoto stiklo mozaika \u201eArtDecor Deluxe\u201c su marmuro imitacijos blizgiais aukso ir vario spalvos metaliniais intarpais. Atspari blukimui ir \u0161al\u010diui.\" \/>\n<meta property=\"og:url\" content=\"https:\/\/hobstop.ee\/lt\/produktas\/mozaikos-akmenys-rayher-artdecor-deluxe-2x2cm\/\" \/>\n<meta property=\"og:site_name\" content=\"Skizze\" \/>\n<meta property=\"article:publisher\" content=\"http:\/\/www.facebook.com\/VunderSkizze\" \/>\n<meta property=\"og:image\" content=\"https:\/\/hobstop.ee\/media\/4671.jpg\" \/>\n\t<meta property=\"og:image:width\" content=\"1024\" \/>\n\t<meta property=\"og:image:height\" content=\"769\" \/>\n\t<meta property=\"og:image:type\" content=\"image\/jpeg\" \/>\n<meta name=\"twitter:card\" content=\"summary_large_image\" \/>\n<script type=\"application\/ld+json\" class=\"yoast-schema-graph\">{\"@context\":\"https:\/\/schema.org\",\"@graph\":[{\"@type\":\"WebPage\",\"@id\":\"https:\/\/hobstop.ee\/lt\/produktas\/mozaikos-akmenys-rayher-artdecor-deluxe-2x2cm\/\",\"url\":\"https:\/\/hobstop.ee\/lt\/produktas\/mozaikos-akmenys-rayher-artdecor-deluxe-2x2cm\/\",\"name\":\"Mozaikos akmenys Rayher ArtDecor Deluxe 2x2cm &#8211; Skizze\",\"isPartOf\":{\"@id\":\"https:\/\/hobstop.ee\/lt\/#website\"},\"primaryImageOfPage\":{\"@id\":\"https:\/\/hobstop.ee\/lt\/produktas\/mozaikos-akmenys-rayher-artdecor-deluxe-2x2cm\/#primaryimage\"},\"image\":{\"@id\":\"https:\/\/hobstop.ee\/lt\/produktas\/mozaikos-akmenys-rayher-artdecor-deluxe-2x2cm\/#primaryimage\"},\"thumbnailUrl\":\"https:\/\/hobstop.ee\/media\/4671.jpg\",\"datePublished\":\"2018-06-28T11:14:56+00:00\",\"dateModified\":\"2018-06-28T11:14:56+00:00\",\"breadcrumb\":{\"@id\":\"https:\/\/hobstop.ee\/lt\/produktas\/mozaikos-akmenys-rayher-artdecor-deluxe-2x2cm\/#breadcrumb\"},\"inLanguage\":\"lt\",\"potentialAction\":[{\"@type\":\"ReadAction\",\"target\":[\"https:\/\/hobstop.ee\/lt\/produktas\/mozaikos-akmenys-rayher-artdecor-deluxe-2x2cm\/\"]}]},{\"@type\":\"ImageObject\",\"inLanguage\":\"lt\",\"@id\":\"https:\/\/hobstop.ee\/lt\/produktas\/mozaikos-akmenys-rayher-artdecor-deluxe-2x2cm\/#primaryimage\",\"url\":\"https:\/\/hobstop.ee\/media\/4671.jpg\",\"contentUrl\":\"https:\/\/hobstop.ee\/media\/4671.jpg\",\"width\":1024,\"height\":769},{\"@type\":\"BreadcrumbList\",\"@id\":\"https:\/\/hobstop.ee\/lt\/produktas\/mozaikos-akmenys-rayher-artdecor-deluxe-2x2cm\/#breadcrumb\",\"itemListElement\":[{\"@type\":\"ListItem\",\"position\":1,\"name\":\"Avaleht\",\"item\":\"https:\/\/hobstop.ee\/lt\/\"},{\"@type\":\"ListItem\",\"position\":2,\"name\":\"Parduotuv\u0117\",\"item\":\"https:\/\/hobstop.ee\/lt\/parduotuve\/\"},{\"@type\":\"ListItem\",\"position\":3,\"name\":\"Mozaikos akmenys Rayher ArtDecor Deluxe 2x2cm\"}]},{\"@type\":\"WebSite\",\"@id\":\"https:\/\/hobstop.ee\/lt\/#website\",\"url\":\"https:\/\/hobstop.ee\/lt\/\",\"name\":\"Skizze\",\"description\":\"Dail\u0117s, pom\u0117gi\u0173 ir mokykliniai reikm\u0117nys\",\"publisher\":{\"@id\":\"https:\/\/hobstop.ee\/lt\/#organization\"},\"potentialAction\":[{\"@type\":\"SearchAction\",\"target\":{\"@type\":\"EntryPoint\",\"urlTemplate\":\"https:\/\/hobstop.ee\/lt\/?s={search_term_string}\"},\"query-input\":{\"@type\":\"PropertyValueSpecification\",\"valueRequired\":true,\"valueName\":\"search_term_string\"}}],\"inLanguage\":\"lt\"},{\"@type\":\"Organization\",\"@id\":\"https:\/\/hobstop.ee\/lt\/#organization\",\"name\":\"Vunder AS\",\"url\":\"https:\/\/hobstop.ee\/lt\/\",\"logo\":{\"@type\":\"ImageObject\",\"inLanguage\":\"lt\",\"@id\":\"https:\/\/hobstop.ee\/lt\/#\/schema\/logo\/image\/\",\"url\":\"https:\/\/hobstop.ee\/media\/vunder-logo.png\",\"contentUrl\":\"https:\/\/hobstop.ee\/media\/vunder-logo.png\",\"width\":127,\"height\":55,\"caption\":\"Vunder AS\"},\"image\":{\"@id\":\"https:\/\/hobstop.ee\/lt\/#\/schema\/logo\/image\/\"},\"sameAs\":[\"http:\/\/www.facebook.com\/VunderSkizze\"]}]}<\/script>\n<!-- \/ Yoast SEO plugin. -->","yoast_head_json":{"title":"Mozaikos akmenys Rayher ArtDecor Deluxe 2x2cm &#8211; Skizze","robots":{"index":"noindex","follow":"follow","max-snippet":"max-snippet:-1","max-image-preview":"max-image-preview:large","max-video-preview":"max-video-preview:-1"},"og_locale":"lt_LT","og_type":"article","og_title":"Mozaikos akmenys Rayher ArtDecor Deluxe 2x2cm &#8211; Skizze","og_description":"\u201eRayher ArtDecor\u201c stiklo mozaika yra i\u0161lieti formoje, o nei\u0161pjauta, kaip \u012fprasti \u201eTiffany\u201c stiklo mozaikos akmenys. Mozaikos pavir\u0161ius yra lygus ir atrodo tarsi akmuo. Mozaikos apa\u010dia yra grubl\u0117ta, tod\u0117l yra pakankamai vietos klijams u\u017etepti. Spalvoto stiklo mozaika \u201eArtDecor Deluxe\u201c su marmuro imitacijos blizgiais aukso ir vario spalvos metaliniais intarpais. Atspari blukimui ir \u0161al\u010diui.","og_url":"https:\/\/hobstop.ee\/lt\/produktas\/mozaikos-akmenys-rayher-artdecor-deluxe-2x2cm\/","og_site_name":"Skizze","article_publisher":"http:\/\/www.facebook.com\/VunderSkizze","og_image":[{"width":1024,"height":769,"url":"https:\/\/hobstop.ee\/media\/4671.jpg","type":"image\/jpeg"}],"twitter_card":"summary_large_image","schema":{"@context":"https:\/\/schema.org","@graph":[{"@type":"WebPage","@id":"https:\/\/hobstop.ee\/lt\/produktas\/mozaikos-akmenys-rayher-artdecor-deluxe-2x2cm\/","url":"https:\/\/hobstop.ee\/lt\/produktas\/mozaikos-akmenys-rayher-artdecor-deluxe-2x2cm\/","name":"Mozaikos akmenys Rayher ArtDecor Deluxe 2x2cm &#8211; Skizze","isPartOf":{"@id":"https:\/\/hobstop.ee\/lt\/#website"},"primaryImageOfPage":{"@id":"https:\/\/hobstop.ee\/lt\/produktas\/mozaikos-akmenys-rayher-artdecor-deluxe-2x2cm\/#primaryimage"},"image":{"@id":"https:\/\/hobstop.ee\/lt\/produktas\/mozaikos-akmenys-rayher-artdecor-deluxe-2x2cm\/#primaryimage"},"thumbnailUrl":"https:\/\/hobstop.ee\/media\/4671.jpg","datePublished":"2018-06-28T11:14:56+00:00","dateModified":"2018-06-28T11:14:56+00:00","breadcrumb":{"@id":"https:\/\/hobstop.ee\/lt\/produktas\/mozaikos-akmenys-rayher-artdecor-deluxe-2x2cm\/#breadcrumb"},"inLanguage":"lt","potentialAction":[{"@type":"ReadAction","target":["https:\/\/hobstop.ee\/lt\/produktas\/mozaikos-akmenys-rayher-artdecor-deluxe-2x2cm\/"]}]},{"@type":"ImageObject","inLanguage":"lt","@id":"https:\/\/hobstop.ee\/lt\/produktas\/mozaikos-akmenys-rayher-artdecor-deluxe-2x2cm\/#primaryimage","url":"https:\/\/hobstop.ee\/media\/4671.jpg","contentUrl":"https:\/\/hobstop.ee\/media\/4671.jpg","width":1024,"height":769},{"@type":"BreadcrumbList","@id":"https:\/\/hobstop.ee\/lt\/produktas\/mozaikos-akmenys-rayher-artdecor-deluxe-2x2cm\/#breadcrumb","itemListElement":[{"@type":"ListItem","position":1,"name":"Avaleht","item":"https:\/\/hobstop.ee\/lt\/"},{"@type":"ListItem","position":2,"name":"Parduotuv\u0117","item":"https:\/\/hobstop.ee\/lt\/parduotuve\/"},{"@type":"ListItem","position":3,"name":"Mozaikos akmenys Rayher ArtDecor Deluxe 2x2cm"}]},{"@type":"WebSite","@id":"https:\/\/hobstop.ee\/lt\/#website","url":"https:\/\/hobstop.ee\/lt\/","name":"Skizze","description":"Dail\u0117s, pom\u0117gi\u0173 ir mokykliniai reikm\u0117nys","publisher":{"@id":"https:\/\/hobstop.ee\/lt\/#organization"},"potentialAction":[{"@type":"SearchAction","target":{"@type":"EntryPoint","urlTemplate":"https:\/\/hobstop.ee\/lt\/?s={search_term_string}"},"query-input":{"@type":"PropertyValueSpecification","valueRequired":true,"valueName":"search_term_string"}}],"inLanguage":"lt"},{"@type":"Organization","@id":"https:\/\/hobstop.ee\/lt\/#organization","name":"Vunder AS","url":"https:\/\/hobstop.ee\/lt\/","logo":{"@type":"ImageObject","inLanguage":"lt","@id":"https:\/\/hobstop.ee\/lt\/#\/schema\/logo\/image\/","url":"https:\/\/hobstop.ee\/media\/vunder-logo.png","contentUrl":"https:\/\/hobstop.ee\/media\/vunder-logo.png","width":127,"height":55,"caption":"Vunder AS"},"image":{"@id":"https:\/\/hobstop.ee\/lt\/#\/schema\/logo\/image\/"},"sameAs":["http:\/\/www.facebook.com\/VunderSkizze"]}]}},"_links":{"self":[{"href":"https:\/\/hobstop.ee\/lt\/wp-json\/wp\/v2\/product\/311896","targetHints":{"allow":["GET"]}}],"collection":[{"href":"https:\/\/hobstop.ee\/lt\/wp-json\/wp\/v2\/product"}],"about":[{"href":"https:\/\/hobstop.ee\/lt\/wp-json\/wp\/v2\/types\/product"}],"replies":[{"embeddable":true,"href":"https:\/\/hobstop.ee\/lt\/wp-json\/wp\/v2\/comments?post=311896"}],"wp:featuredmedia":[{"embeddable":true,"href":"https:\/\/hobstop.ee\/lt\/wp-json\/wp\/v2\/media\/312939"}],"wp:attachment":[{"href":"https:\/\/hobstop.ee\/lt\/wp-json\/wp\/v2\/media?parent=311896"}],"wp:term":[{"taxonomy":"product_cat","embeddable":true,"href":"https:\/\/hobstop.ee\/lt\/wp-json\/wp\/v2\/product_cat?post=311896"},{"taxonomy":"product_tag","embeddable":true,"href":"https:\/\/hobstop.ee\/lt\/wp-json\/wp\/v2\/product_tag?post=311896"}],"curies":[{"name":"wp","href":"https:\/\/api.w.org\/{rel}","templated":true}]}}