{"id":311908,"date":"2018-06-28T14:15:01","date_gmt":"2018-06-28T11:15:01","guid":{"rendered":"https:\/\/sharks.ee\/vunder_2019\/lt\/product\/klijai-mozaikos-akmenims-rayher\/"},"modified":"2018-06-28T14:15:01","modified_gmt":"2018-06-28T11:15:01","slug":"klijai-mozaikos-akmenims-rayher","status":"publish","type":"product","link":"https:\/\/hobstop.ee\/lt\/produktas\/klijai-mozaikos-akmenims-rayher\/","title":{"rendered":"Klijai mozaikos akmenims Rayher"},"content":{"rendered":"<p>Mozaikos klijavimo klijai. T\u016bbel\u0117s gale yra \u012ftaisytas suktukas, kur\u012f pasukant klijai bus i\u0161naudoti iki paskutinio la\u0161elio. Mozaikos klijus \u201eRayher\u201c galima naudoti net ir \u017eemesn\u0117je nei 0\u00b0C temperat\u016broje, tod\u0117l mozaika galite papuo\u0161ti net ir lauke naudojamus daiktus.<\/p>\n","protected":false},"excerpt":{"rendered":"<p>Mozaikos klijavimo klijai. T\u016bbel\u0117s gale yra \u012ftaisytas suktukas, kur\u012f pasukant klijai bus i\u0161naudoti iki paskutinio la\u0161elio. Mozaikos klijus \u201eRayher\u201c galima naudoti net ir \u017eemesn\u0117je nei 0\u00b0C temperat\u016broje, tod\u0117l mozaika galite papuo\u0161ti net ir lauke naudojamus daiktus.<\/p>\n","protected":false},"featured_media":312923,"comment_status":"closed","ping_status":"closed","template":"","meta":{"_acf_changed":false,"ep_exclude_from_search":false},"product_cat":[20254,20245,17919],"product_tag":[],"class_list":{"0":"post-311908","1":"product","2":"type-product","3":"status-publish","4":"has-post-thumbnail","6":"product_cat-jungiamieji-misiniai-ir-klijai-mozaikoms","7":"product_cat-mozaika-2","8":"product_cat-pomegiu-prekes","10":"first","11":"instock","12":"taxable","13":"shipping-taxable","14":"product-type-simple"},"acf":[],"yoast_head":"<!-- This site is optimized with the Yoast SEO plugin v24.1 - https:\/\/yoast.com\/wordpress\/plugins\/seo\/ -->\n<title>Klijai mozaikos akmenims Rayher &#8211; Skizze<\/title>\n<meta name=\"robots\" content=\"noindex, follow, max-snippet:-1, max-image-preview:large, max-video-preview:-1\" \/>\n<meta property=\"og:locale\" content=\"lt_LT\" \/>\n<meta property=\"og:type\" content=\"article\" \/>\n<meta property=\"og:title\" content=\"Klijai mozaikos akmenims Rayher &#8211; Skizze\" \/>\n<meta property=\"og:description\" content=\"Mozaikos klijavimo klijai. T\u016bbel\u0117s gale yra \u012ftaisytas suktukas, kur\u012f pasukant klijai bus i\u0161naudoti iki paskutinio la\u0161elio. Mozaikos klijus \u201eRayher\u201c galima naudoti net ir \u017eemesn\u0117je nei 0\u00b0C temperat\u016broje, tod\u0117l mozaika galite papuo\u0161ti net ir lauke naudojamus daiktus.\" \/>\n<meta property=\"og:url\" content=\"https:\/\/hobstop.ee\/lt\/produktas\/klijai-mozaikos-akmenims-rayher\/\" \/>\n<meta property=\"og:site_name\" content=\"Skizze\" \/>\n<meta property=\"article:publisher\" content=\"http:\/\/www.facebook.com\/VunderSkizze\" \/>\n<meta property=\"og:image\" content=\"https:\/\/hobstop.ee\/media\/4685.jpg\" \/>\n\t<meta property=\"og:image:width\" content=\"1024\" \/>\n\t<meta property=\"og:image:height\" content=\"768\" \/>\n\t<meta property=\"og:image:type\" content=\"image\/jpeg\" \/>\n<meta name=\"twitter:card\" content=\"summary_large_image\" \/>\n<script type=\"application\/ld+json\" class=\"yoast-schema-graph\">{\"@context\":\"https:\/\/schema.org\",\"@graph\":[{\"@type\":\"WebPage\",\"@id\":\"https:\/\/hobstop.ee\/lt\/produktas\/klijai-mozaikos-akmenims-rayher\/\",\"url\":\"https:\/\/hobstop.ee\/lt\/produktas\/klijai-mozaikos-akmenims-rayher\/\",\"name\":\"Klijai mozaikos akmenims Rayher &#8211; Skizze\",\"isPartOf\":{\"@id\":\"https:\/\/hobstop.ee\/lt\/#website\"},\"primaryImageOfPage\":{\"@id\":\"https:\/\/hobstop.ee\/lt\/produktas\/klijai-mozaikos-akmenims-rayher\/#primaryimage\"},\"image\":{\"@id\":\"https:\/\/hobstop.ee\/lt\/produktas\/klijai-mozaikos-akmenims-rayher\/#primaryimage\"},\"thumbnailUrl\":\"https:\/\/hobstop.ee\/media\/4685.jpg\",\"datePublished\":\"2018-06-28T11:15:01+00:00\",\"dateModified\":\"2018-06-28T11:15:01+00:00\",\"breadcrumb\":{\"@id\":\"https:\/\/hobstop.ee\/lt\/produktas\/klijai-mozaikos-akmenims-rayher\/#breadcrumb\"},\"inLanguage\":\"lt\",\"potentialAction\":[{\"@type\":\"ReadAction\",\"target\":[\"https:\/\/hobstop.ee\/lt\/produktas\/klijai-mozaikos-akmenims-rayher\/\"]}]},{\"@type\":\"ImageObject\",\"inLanguage\":\"lt\",\"@id\":\"https:\/\/hobstop.ee\/lt\/produktas\/klijai-mozaikos-akmenims-rayher\/#primaryimage\",\"url\":\"https:\/\/hobstop.ee\/media\/4685.jpg\",\"contentUrl\":\"https:\/\/hobstop.ee\/media\/4685.jpg\",\"width\":1024,\"height\":768},{\"@type\":\"BreadcrumbList\",\"@id\":\"https:\/\/hobstop.ee\/lt\/produktas\/klijai-mozaikos-akmenims-rayher\/#breadcrumb\",\"itemListElement\":[{\"@type\":\"ListItem\",\"position\":1,\"name\":\"Avaleht\",\"item\":\"https:\/\/hobstop.ee\/lt\/\"},{\"@type\":\"ListItem\",\"position\":2,\"name\":\"Parduotuv\u0117\",\"item\":\"https:\/\/hobstop.ee\/lt\/parduotuve\/\"},{\"@type\":\"ListItem\",\"position\":3,\"name\":\"Klijai mozaikos akmenims Rayher\"}]},{\"@type\":\"WebSite\",\"@id\":\"https:\/\/hobstop.ee\/lt\/#website\",\"url\":\"https:\/\/hobstop.ee\/lt\/\",\"name\":\"Skizze\",\"description\":\"Dail\u0117s, pom\u0117gi\u0173 ir mokykliniai reikm\u0117nys\",\"publisher\":{\"@id\":\"https:\/\/hobstop.ee\/lt\/#organization\"},\"potentialAction\":[{\"@type\":\"SearchAction\",\"target\":{\"@type\":\"EntryPoint\",\"urlTemplate\":\"https:\/\/hobstop.ee\/lt\/?s={search_term_string}\"},\"query-input\":{\"@type\":\"PropertyValueSpecification\",\"valueRequired\":true,\"valueName\":\"search_term_string\"}}],\"inLanguage\":\"lt\"},{\"@type\":\"Organization\",\"@id\":\"https:\/\/hobstop.ee\/lt\/#organization\",\"name\":\"Vunder AS\",\"url\":\"https:\/\/hobstop.ee\/lt\/\",\"logo\":{\"@type\":\"ImageObject\",\"inLanguage\":\"lt\",\"@id\":\"https:\/\/hobstop.ee\/lt\/#\/schema\/logo\/image\/\",\"url\":\"https:\/\/hobstop.ee\/media\/vunder-logo.png\",\"contentUrl\":\"https:\/\/hobstop.ee\/media\/vunder-logo.png\",\"width\":127,\"height\":55,\"caption\":\"Vunder AS\"},\"image\":{\"@id\":\"https:\/\/hobstop.ee\/lt\/#\/schema\/logo\/image\/\"},\"sameAs\":[\"http:\/\/www.facebook.com\/VunderSkizze\"]}]}<\/script>\n<!-- \/ Yoast SEO plugin. -->","yoast_head_json":{"title":"Klijai mozaikos akmenims Rayher &#8211; Skizze","robots":{"index":"noindex","follow":"follow","max-snippet":"max-snippet:-1","max-image-preview":"max-image-preview:large","max-video-preview":"max-video-preview:-1"},"og_locale":"lt_LT","og_type":"article","og_title":"Klijai mozaikos akmenims Rayher &#8211; Skizze","og_description":"Mozaikos klijavimo klijai. T\u016bbel\u0117s gale yra \u012ftaisytas suktukas, kur\u012f pasukant klijai bus i\u0161naudoti iki paskutinio la\u0161elio. Mozaikos klijus \u201eRayher\u201c galima naudoti net ir \u017eemesn\u0117je nei 0\u00b0C temperat\u016broje, tod\u0117l mozaika galite papuo\u0161ti net ir lauke naudojamus daiktus.","og_url":"https:\/\/hobstop.ee\/lt\/produktas\/klijai-mozaikos-akmenims-rayher\/","og_site_name":"Skizze","article_publisher":"http:\/\/www.facebook.com\/VunderSkizze","og_image":[{"width":1024,"height":768,"url":"https:\/\/hobstop.ee\/media\/4685.jpg","type":"image\/jpeg"}],"twitter_card":"summary_large_image","schema":{"@context":"https:\/\/schema.org","@graph":[{"@type":"WebPage","@id":"https:\/\/hobstop.ee\/lt\/produktas\/klijai-mozaikos-akmenims-rayher\/","url":"https:\/\/hobstop.ee\/lt\/produktas\/klijai-mozaikos-akmenims-rayher\/","name":"Klijai mozaikos akmenims Rayher &#8211; Skizze","isPartOf":{"@id":"https:\/\/hobstop.ee\/lt\/#website"},"primaryImageOfPage":{"@id":"https:\/\/hobstop.ee\/lt\/produktas\/klijai-mozaikos-akmenims-rayher\/#primaryimage"},"image":{"@id":"https:\/\/hobstop.ee\/lt\/produktas\/klijai-mozaikos-akmenims-rayher\/#primaryimage"},"thumbnailUrl":"https:\/\/hobstop.ee\/media\/4685.jpg","datePublished":"2018-06-28T11:15:01+00:00","dateModified":"2018-06-28T11:15:01+00:00","breadcrumb":{"@id":"https:\/\/hobstop.ee\/lt\/produktas\/klijai-mozaikos-akmenims-rayher\/#breadcrumb"},"inLanguage":"lt","potentialAction":[{"@type":"ReadAction","target":["https:\/\/hobstop.ee\/lt\/produktas\/klijai-mozaikos-akmenims-rayher\/"]}]},{"@type":"ImageObject","inLanguage":"lt","@id":"https:\/\/hobstop.ee\/lt\/produktas\/klijai-mozaikos-akmenims-rayher\/#primaryimage","url":"https:\/\/hobstop.ee\/media\/4685.jpg","contentUrl":"https:\/\/hobstop.ee\/media\/4685.jpg","width":1024,"height":768},{"@type":"BreadcrumbList","@id":"https:\/\/hobstop.ee\/lt\/produktas\/klijai-mozaikos-akmenims-rayher\/#breadcrumb","itemListElement":[{"@type":"ListItem","position":1,"name":"Avaleht","item":"https:\/\/hobstop.ee\/lt\/"},{"@type":"ListItem","position":2,"name":"Parduotuv\u0117","item":"https:\/\/hobstop.ee\/lt\/parduotuve\/"},{"@type":"ListItem","position":3,"name":"Klijai mozaikos akmenims Rayher"}]},{"@type":"WebSite","@id":"https:\/\/hobstop.ee\/lt\/#website","url":"https:\/\/hobstop.ee\/lt\/","name":"Skizze","description":"Dail\u0117s, pom\u0117gi\u0173 ir mokykliniai reikm\u0117nys","publisher":{"@id":"https:\/\/hobstop.ee\/lt\/#organization"},"potentialAction":[{"@type":"SearchAction","target":{"@type":"EntryPoint","urlTemplate":"https:\/\/hobstop.ee\/lt\/?s={search_term_string}"},"query-input":{"@type":"PropertyValueSpecification","valueRequired":true,"valueName":"search_term_string"}}],"inLanguage":"lt"},{"@type":"Organization","@id":"https:\/\/hobstop.ee\/lt\/#organization","name":"Vunder AS","url":"https:\/\/hobstop.ee\/lt\/","logo":{"@type":"ImageObject","inLanguage":"lt","@id":"https:\/\/hobstop.ee\/lt\/#\/schema\/logo\/image\/","url":"https:\/\/hobstop.ee\/media\/vunder-logo.png","contentUrl":"https:\/\/hobstop.ee\/media\/vunder-logo.png","width":127,"height":55,"caption":"Vunder AS"},"image":{"@id":"https:\/\/hobstop.ee\/lt\/#\/schema\/logo\/image\/"},"sameAs":["http:\/\/www.facebook.com\/VunderSkizze"]}]}},"_links":{"self":[{"href":"https:\/\/hobstop.ee\/lt\/wp-json\/wp\/v2\/product\/311908","targetHints":{"allow":["GET"]}}],"collection":[{"href":"https:\/\/hobstop.ee\/lt\/wp-json\/wp\/v2\/product"}],"about":[{"href":"https:\/\/hobstop.ee\/lt\/wp-json\/wp\/v2\/types\/product"}],"replies":[{"embeddable":true,"href":"https:\/\/hobstop.ee\/lt\/wp-json\/wp\/v2\/comments?post=311908"}],"wp:featuredmedia":[{"embeddable":true,"href":"https:\/\/hobstop.ee\/lt\/wp-json\/wp\/v2\/media\/312923"}],"wp:attachment":[{"href":"https:\/\/hobstop.ee\/lt\/wp-json\/wp\/v2\/media?parent=311908"}],"wp:term":[{"taxonomy":"product_cat","embeddable":true,"href":"https:\/\/hobstop.ee\/lt\/wp-json\/wp\/v2\/product_cat?post=311908"},{"taxonomy":"product_tag","embeddable":true,"href":"https:\/\/hobstop.ee\/lt\/wp-json\/wp\/v2\/product_tag?post=311908"}],"curies":[{"name":"wp","href":"https:\/\/api.w.org\/{rel}","templated":true}]}}