{"id":311912,"date":"2018-06-28T14:15:02","date_gmt":"2018-06-28T11:15:02","guid":{"rendered":"https:\/\/sharks.ee\/vunder_2019\/lt\/product\/klise-ispaudui-rayher\/"},"modified":"2018-06-28T14:15:02","modified_gmt":"2018-06-28T11:15:02","slug":"klise-ispaudui-rayher","status":"publish","type":"product","link":"https:\/\/hobstop.ee\/lt\/produktas\/klise-ispaudui-rayher\/","title":{"rendered":"Kli\u0161\u0117 \u012fspaudui Rayher"},"content":{"rendered":"<p>Auk\u0161tos kokyb\u0117s, stabili\u0173 matmen\u0173 \u012fterpimo plok\u0161t\u0117s, skirtos darbams i\u0161 cemento, \u201eRaysin\u201c ar muilui lieti. Tiesiog \u012fd\u0117kite j\u0105 \u012f form\u0105 su \u017eemyn nukreiptu motyvu, u\u017epilkite skyst\u0105 mas\u0119, o sukiet\u0117jus liejiniui j\u0105 nuimkite. Visada galima panaudoti i\u0161 naujo!<\/p>\n","protected":false},"excerpt":{"rendered":"<p>Auk\u0161tos kokyb\u0117s, stabili\u0173 matmen\u0173 \u012fterpimo plok\u0161t\u0117s, skirtos darbams i\u0161 cemento, \u201eRaysin\u201c ar muilui lieti. Tiesiog \u012fd\u0117kite j\u0105 \u012f form\u0105 su \u017eemyn nukreiptu motyvu, u\u017epilkite skyst\u0105 mas\u0119, o sukiet\u0117jus liejiniui j\u0105 nuimkite. Visada galima panaudoti i\u0161 naujo!<\/p>\n","protected":false},"featured_media":312404,"comment_status":"closed","ping_status":"closed","template":"","meta":{"_acf_changed":false,"ep_exclude_from_search":false},"product_cat":[20280,20274,17919],"product_tag":[],"class_list":{"0":"post-311912","1":"product","2":"type-product","3":"status-publish","4":"has-post-thumbnail","6":"product_cat-formos-2","7":"product_cat-muilo-gamyba","8":"product_cat-pomegiu-prekes","10":"first","11":"instock","12":"taxable","13":"shipping-taxable","14":"purchasable","15":"product-type-simple"},"acf":[],"yoast_head":"<!-- This site is optimized with the Yoast SEO plugin v24.1 - https:\/\/yoast.com\/wordpress\/plugins\/seo\/ -->\n<title>Kli\u0161\u0117 \u012fspaudui Rayher &#8211; Skizze<\/title>\n<meta name=\"robots\" content=\"noindex, follow, max-snippet:-1, max-image-preview:large, max-video-preview:-1\" \/>\n<meta property=\"og:locale\" content=\"lt_LT\" \/>\n<meta property=\"og:type\" content=\"article\" \/>\n<meta property=\"og:title\" content=\"Kli\u0161\u0117 \u012fspaudui Rayher &#8211; Skizze\" \/>\n<meta property=\"og:description\" content=\"Auk\u0161tos kokyb\u0117s, stabili\u0173 matmen\u0173 \u012fterpimo plok\u0161t\u0117s, skirtos darbams i\u0161 cemento, \u201eRaysin\u201c ar muilui lieti. Tiesiog \u012fd\u0117kite j\u0105 \u012f form\u0105 su \u017eemyn nukreiptu motyvu, u\u017epilkite skyst\u0105 mas\u0119, o sukiet\u0117jus liejiniui j\u0105 nuimkite. Visada galima panaudoti i\u0161 naujo!\" \/>\n<meta property=\"og:url\" content=\"https:\/\/hobstop.ee\/lt\/produktas\/klise-ispaudui-rayher\/\" \/>\n<meta property=\"og:site_name\" content=\"Skizze\" \/>\n<meta property=\"article:publisher\" content=\"http:\/\/www.facebook.com\/VunderSkizze\" \/>\n<meta property=\"og:image\" content=\"https:\/\/hobstop.ee\/media\/4688.jpg\" \/>\n\t<meta property=\"og:image:width\" content=\"1024\" \/>\n\t<meta property=\"og:image:height\" content=\"768\" \/>\n\t<meta property=\"og:image:type\" content=\"image\/jpeg\" \/>\n<meta name=\"twitter:card\" content=\"summary_large_image\" \/>\n<script type=\"application\/ld+json\" class=\"yoast-schema-graph\">{\"@context\":\"https:\/\/schema.org\",\"@graph\":[{\"@type\":\"WebPage\",\"@id\":\"https:\/\/hobstop.ee\/lt\/produktas\/klise-ispaudui-rayher\/\",\"url\":\"https:\/\/hobstop.ee\/lt\/produktas\/klise-ispaudui-rayher\/\",\"name\":\"Kli\u0161\u0117 \u012fspaudui Rayher &#8211; Skizze\",\"isPartOf\":{\"@id\":\"https:\/\/hobstop.ee\/lt\/#website\"},\"primaryImageOfPage\":{\"@id\":\"https:\/\/hobstop.ee\/lt\/produktas\/klise-ispaudui-rayher\/#primaryimage\"},\"image\":{\"@id\":\"https:\/\/hobstop.ee\/lt\/produktas\/klise-ispaudui-rayher\/#primaryimage\"},\"thumbnailUrl\":\"https:\/\/hobstop.ee\/media\/4688.jpg\",\"datePublished\":\"2018-06-28T11:15:02+00:00\",\"dateModified\":\"2018-06-28T11:15:02+00:00\",\"breadcrumb\":{\"@id\":\"https:\/\/hobstop.ee\/lt\/produktas\/klise-ispaudui-rayher\/#breadcrumb\"},\"inLanguage\":\"lt\",\"potentialAction\":[{\"@type\":\"ReadAction\",\"target\":[\"https:\/\/hobstop.ee\/lt\/produktas\/klise-ispaudui-rayher\/\"]}]},{\"@type\":\"ImageObject\",\"inLanguage\":\"lt\",\"@id\":\"https:\/\/hobstop.ee\/lt\/produktas\/klise-ispaudui-rayher\/#primaryimage\",\"url\":\"https:\/\/hobstop.ee\/media\/4688.jpg\",\"contentUrl\":\"https:\/\/hobstop.ee\/media\/4688.jpg\",\"width\":1024,\"height\":768},{\"@type\":\"BreadcrumbList\",\"@id\":\"https:\/\/hobstop.ee\/lt\/produktas\/klise-ispaudui-rayher\/#breadcrumb\",\"itemListElement\":[{\"@type\":\"ListItem\",\"position\":1,\"name\":\"Avaleht\",\"item\":\"https:\/\/hobstop.ee\/lt\/\"},{\"@type\":\"ListItem\",\"position\":2,\"name\":\"Parduotuv\u0117\",\"item\":\"https:\/\/hobstop.ee\/lt\/parduotuve\/\"},{\"@type\":\"ListItem\",\"position\":3,\"name\":\"Kli\u0161\u0117 \u012fspaudui Rayher\"}]},{\"@type\":\"WebSite\",\"@id\":\"https:\/\/hobstop.ee\/lt\/#website\",\"url\":\"https:\/\/hobstop.ee\/lt\/\",\"name\":\"Skizze\",\"description\":\"Dail\u0117s, pom\u0117gi\u0173 ir mokykliniai reikm\u0117nys\",\"publisher\":{\"@id\":\"https:\/\/hobstop.ee\/lt\/#organization\"},\"potentialAction\":[{\"@type\":\"SearchAction\",\"target\":{\"@type\":\"EntryPoint\",\"urlTemplate\":\"https:\/\/hobstop.ee\/lt\/?s={search_term_string}\"},\"query-input\":{\"@type\":\"PropertyValueSpecification\",\"valueRequired\":true,\"valueName\":\"search_term_string\"}}],\"inLanguage\":\"lt\"},{\"@type\":\"Organization\",\"@id\":\"https:\/\/hobstop.ee\/lt\/#organization\",\"name\":\"Vunder AS\",\"url\":\"https:\/\/hobstop.ee\/lt\/\",\"logo\":{\"@type\":\"ImageObject\",\"inLanguage\":\"lt\",\"@id\":\"https:\/\/hobstop.ee\/lt\/#\/schema\/logo\/image\/\",\"url\":\"https:\/\/hobstop.ee\/media\/vunder-logo.png\",\"contentUrl\":\"https:\/\/hobstop.ee\/media\/vunder-logo.png\",\"width\":127,\"height\":55,\"caption\":\"Vunder AS\"},\"image\":{\"@id\":\"https:\/\/hobstop.ee\/lt\/#\/schema\/logo\/image\/\"},\"sameAs\":[\"http:\/\/www.facebook.com\/VunderSkizze\"]}]}<\/script>\n<!-- \/ Yoast SEO plugin. -->","yoast_head_json":{"title":"Kli\u0161\u0117 \u012fspaudui Rayher &#8211; Skizze","robots":{"index":"noindex","follow":"follow","max-snippet":"max-snippet:-1","max-image-preview":"max-image-preview:large","max-video-preview":"max-video-preview:-1"},"og_locale":"lt_LT","og_type":"article","og_title":"Kli\u0161\u0117 \u012fspaudui Rayher &#8211; Skizze","og_description":"Auk\u0161tos kokyb\u0117s, stabili\u0173 matmen\u0173 \u012fterpimo plok\u0161t\u0117s, skirtos darbams i\u0161 cemento, \u201eRaysin\u201c ar muilui lieti. Tiesiog \u012fd\u0117kite j\u0105 \u012f form\u0105 su \u017eemyn nukreiptu motyvu, u\u017epilkite skyst\u0105 mas\u0119, o sukiet\u0117jus liejiniui j\u0105 nuimkite. Visada galima panaudoti i\u0161 naujo!","og_url":"https:\/\/hobstop.ee\/lt\/produktas\/klise-ispaudui-rayher\/","og_site_name":"Skizze","article_publisher":"http:\/\/www.facebook.com\/VunderSkizze","og_image":[{"width":1024,"height":768,"url":"https:\/\/hobstop.ee\/media\/4688.jpg","type":"image\/jpeg"}],"twitter_card":"summary_large_image","schema":{"@context":"https:\/\/schema.org","@graph":[{"@type":"WebPage","@id":"https:\/\/hobstop.ee\/lt\/produktas\/klise-ispaudui-rayher\/","url":"https:\/\/hobstop.ee\/lt\/produktas\/klise-ispaudui-rayher\/","name":"Kli\u0161\u0117 \u012fspaudui Rayher &#8211; Skizze","isPartOf":{"@id":"https:\/\/hobstop.ee\/lt\/#website"},"primaryImageOfPage":{"@id":"https:\/\/hobstop.ee\/lt\/produktas\/klise-ispaudui-rayher\/#primaryimage"},"image":{"@id":"https:\/\/hobstop.ee\/lt\/produktas\/klise-ispaudui-rayher\/#primaryimage"},"thumbnailUrl":"https:\/\/hobstop.ee\/media\/4688.jpg","datePublished":"2018-06-28T11:15:02+00:00","dateModified":"2018-06-28T11:15:02+00:00","breadcrumb":{"@id":"https:\/\/hobstop.ee\/lt\/produktas\/klise-ispaudui-rayher\/#breadcrumb"},"inLanguage":"lt","potentialAction":[{"@type":"ReadAction","target":["https:\/\/hobstop.ee\/lt\/produktas\/klise-ispaudui-rayher\/"]}]},{"@type":"ImageObject","inLanguage":"lt","@id":"https:\/\/hobstop.ee\/lt\/produktas\/klise-ispaudui-rayher\/#primaryimage","url":"https:\/\/hobstop.ee\/media\/4688.jpg","contentUrl":"https:\/\/hobstop.ee\/media\/4688.jpg","width":1024,"height":768},{"@type":"BreadcrumbList","@id":"https:\/\/hobstop.ee\/lt\/produktas\/klise-ispaudui-rayher\/#breadcrumb","itemListElement":[{"@type":"ListItem","position":1,"name":"Avaleht","item":"https:\/\/hobstop.ee\/lt\/"},{"@type":"ListItem","position":2,"name":"Parduotuv\u0117","item":"https:\/\/hobstop.ee\/lt\/parduotuve\/"},{"@type":"ListItem","position":3,"name":"Kli\u0161\u0117 \u012fspaudui Rayher"}]},{"@type":"WebSite","@id":"https:\/\/hobstop.ee\/lt\/#website","url":"https:\/\/hobstop.ee\/lt\/","name":"Skizze","description":"Dail\u0117s, pom\u0117gi\u0173 ir mokykliniai reikm\u0117nys","publisher":{"@id":"https:\/\/hobstop.ee\/lt\/#organization"},"potentialAction":[{"@type":"SearchAction","target":{"@type":"EntryPoint","urlTemplate":"https:\/\/hobstop.ee\/lt\/?s={search_term_string}"},"query-input":{"@type":"PropertyValueSpecification","valueRequired":true,"valueName":"search_term_string"}}],"inLanguage":"lt"},{"@type":"Organization","@id":"https:\/\/hobstop.ee\/lt\/#organization","name":"Vunder AS","url":"https:\/\/hobstop.ee\/lt\/","logo":{"@type":"ImageObject","inLanguage":"lt","@id":"https:\/\/hobstop.ee\/lt\/#\/schema\/logo\/image\/","url":"https:\/\/hobstop.ee\/media\/vunder-logo.png","contentUrl":"https:\/\/hobstop.ee\/media\/vunder-logo.png","width":127,"height":55,"caption":"Vunder AS"},"image":{"@id":"https:\/\/hobstop.ee\/lt\/#\/schema\/logo\/image\/"},"sameAs":["http:\/\/www.facebook.com\/VunderSkizze"]}]}},"_links":{"self":[{"href":"https:\/\/hobstop.ee\/lt\/wp-json\/wp\/v2\/product\/311912","targetHints":{"allow":["GET"]}}],"collection":[{"href":"https:\/\/hobstop.ee\/lt\/wp-json\/wp\/v2\/product"}],"about":[{"href":"https:\/\/hobstop.ee\/lt\/wp-json\/wp\/v2\/types\/product"}],"replies":[{"embeddable":true,"href":"https:\/\/hobstop.ee\/lt\/wp-json\/wp\/v2\/comments?post=311912"}],"wp:featuredmedia":[{"embeddable":true,"href":"https:\/\/hobstop.ee\/lt\/wp-json\/wp\/v2\/media\/312404"}],"wp:attachment":[{"href":"https:\/\/hobstop.ee\/lt\/wp-json\/wp\/v2\/media?parent=311912"}],"wp:term":[{"taxonomy":"product_cat","embeddable":true,"href":"https:\/\/hobstop.ee\/lt\/wp-json\/wp\/v2\/product_cat?post=311912"},{"taxonomy":"product_tag","embeddable":true,"href":"https:\/\/hobstop.ee\/lt\/wp-json\/wp\/v2\/product_tag?post=311912"}],"curies":[{"name":"wp","href":"https:\/\/api.w.org\/{rel}","templated":true}]}}