{"id":311924,"date":"2018-06-28T14:15:07","date_gmt":"2018-06-28T11:15:07","guid":{"rendered":"https:\/\/sharks.ee\/vunder_2019\/lt\/product\/siuvinejimo-pagrindas-daylight-stitchsmart-pastatomas\/"},"modified":"2018-06-28T14:15:07","modified_gmt":"2018-06-28T11:15:07","slug":"siuvinejimo-pagrindas-daylight-stitchsmart-pastatomas","status":"publish","type":"product","link":"https:\/\/hobstop.ee\/lt\/produktas\/siuvinejimo-pagrindas-daylight-stitchsmart-pastatomas\/","title":{"rendered":"Siuvin\u0117jimo pagrindas Daylight StitchSmart pastatomas"},"content":{"rendered":"<p>Puikus siuvin\u0117jimo pagalbininkas. Tvirtas pagrindo laikiklis stabiliai laiko r\u0117m\u0105 ar \u017eied\u0105. Unikali sukamoji sistema bet kuriuo metu leid\u017eia r\u0117m\u0105 pakelti ir j\u012f pasukti 360\u00b0 kampu. Greitai surenkamas, galima naudoti jau po keli\u0173 sekund\u017ei\u0173. Prakti\u0161kas, stabilus, reguliuojamo auk\u0161\u010dio&#8230; siuvin\u0117jimas bus dar patogesnis su \u201eDaylight\u201c siuvin\u0117jimo stovu!<br \/>\n&#8211; Lengvai surenkamas, galima naudoti jau po keli\u0173 sekund\u017ei\u0173.<br \/>\n&#8211; Reguliuojamo auk\u0161\u010dio, patogu siuvin\u0117ti.<br \/>\n&#8211; Tvirtas laikiklis stabiliai laiko r\u0117m\u0105 ar \u017eied\u0105.<br \/>\n&#8211; Unikali sukamoji sistema leid\u017eia stov\u0105 pakelti ir j\u012f pasukti 360\u00b0 kampu.<br \/>\n&#8211; R\u0117mo komplekte n\u0117ra.<br \/>\n&#8211; Atskirai galima \u012fsigyti LED \u0161viestuv\u0105 su didinimo stiklu \u201eStitchSmart\u201c ir schem\u0173 laikikl\u012f.<\/p>\n","protected":false},"excerpt":{"rendered":"<p>Puikus siuvin\u0117jimo pagalbininkas. Tvirtas pagrindo laikiklis stabiliai laiko r\u0117m\u0105 ar \u017eied\u0105. Unikali sukamoji sistema bet kuriuo metu leid\u017eia r\u0117m\u0105 pakelti ir j\u012f pasukti 360\u00b0 kampu. Greitai surenkamas, galima naudoti jau po keli\u0173 sekund\u017ei\u0173. Prakti\u0161kas, stabilus, reguliuojamo auk\u0161\u010dio&#8230; siuvin\u0117jimas bus dar patogesnis su \u201eDaylight\u201c siuvin\u0117jimo stovu! &#8211; Lengvai surenkamas, galima naudoti jau po keli\u0173 sekund\u017ei\u0173. &#8211; Reguliuojamo auk\u0161\u010dio, patogu siuvin\u0117ti. &#8211; Tvirtas laikiklis stabiliai laiko r\u0117m\u0105 ar \u017eied\u0105. &#8211; Unikali sukamoji sistema leid\u017eia stov\u0105 pakelti ir j\u012f pasukti 360\u00b0 kampu. &#8211; R\u0117mo komplekte n\u0117ra. &#8211; Atskirai galima \u012fsigyti LED \u0161viestuv\u0105 su didinimo stiklu \u201eStitchSmart\u201c ir schem\u0173 laikikl\u012f.<\/p>\n","protected":false},"featured_media":0,"comment_status":"closed","ping_status":"closed","template":"","meta":{"_acf_changed":false,"ep_exclude_from_search":false},"product_cat":[19871,17919,19895],"product_tag":[],"class_list":{"0":"post-311924","1":"product","2":"type-product","3":"status-publish","5":"product_cat-mezgimo-irankiai","6":"product_cat-pomegiu-prekes","7":"product_cat-rankdarbiai-lt","9":"first","10":"outofstock","11":"taxable","12":"shipping-taxable","13":"purchasable","14":"product-type-simple"},"acf":[],"yoast_head":"<!-- This site is optimized with the Yoast SEO plugin v24.1 - https:\/\/yoast.com\/wordpress\/plugins\/seo\/ -->\n<title>Siuvin\u0117jimo pagrindas Daylight StitchSmart pastatomas &#8211; Skizze<\/title>\n<meta name=\"robots\" content=\"noindex, follow, max-snippet:-1, max-image-preview:large, max-video-preview:-1\" \/>\n<meta property=\"og:locale\" content=\"lt_LT\" \/>\n<meta property=\"og:type\" content=\"article\" \/>\n<meta property=\"og:title\" content=\"Siuvin\u0117jimo pagrindas Daylight StitchSmart pastatomas &#8211; Skizze\" \/>\n<meta property=\"og:description\" content=\"Puikus siuvin\u0117jimo pagalbininkas. Tvirtas pagrindo laikiklis stabiliai laiko r\u0117m\u0105 ar \u017eied\u0105. Unikali sukamoji sistema bet kuriuo metu leid\u017eia r\u0117m\u0105 pakelti ir j\u012f pasukti 360\u00b0 kampu. Greitai surenkamas, galima naudoti jau po keli\u0173 sekund\u017ei\u0173. Prakti\u0161kas, stabilus, reguliuojamo auk\u0161\u010dio&#8230; siuvin\u0117jimas bus dar patogesnis su \u201eDaylight\u201c siuvin\u0117jimo stovu! &#8211; Lengvai surenkamas, galima naudoti jau po keli\u0173 sekund\u017ei\u0173. &#8211; Reguliuojamo auk\u0161\u010dio, patogu siuvin\u0117ti. &#8211; Tvirtas laikiklis stabiliai laiko r\u0117m\u0105 ar \u017eied\u0105. &#8211; Unikali sukamoji sistema leid\u017eia stov\u0105 pakelti ir j\u012f pasukti 360\u00b0 kampu. &#8211; R\u0117mo komplekte n\u0117ra. &#8211; Atskirai galima \u012fsigyti LED \u0161viestuv\u0105 su didinimo stiklu \u201eStitchSmart\u201c ir schem\u0173 laikikl\u012f.\" \/>\n<meta property=\"og:url\" content=\"https:\/\/hobstop.ee\/lt\/produktas\/siuvinejimo-pagrindas-daylight-stitchsmart-pastatomas\/\" \/>\n<meta property=\"og:site_name\" content=\"Skizze\" \/>\n<meta property=\"article:publisher\" content=\"http:\/\/www.facebook.com\/VunderSkizze\" \/>\n<meta name=\"twitter:card\" content=\"summary_large_image\" \/>\n<meta name=\"twitter:label1\" content=\"Est. reading time\" \/>\n\t<meta name=\"twitter:data1\" content=\"1 minute\" \/>\n<script type=\"application\/ld+json\" class=\"yoast-schema-graph\">{\"@context\":\"https:\/\/schema.org\",\"@graph\":[{\"@type\":\"WebPage\",\"@id\":\"https:\/\/hobstop.ee\/lt\/produktas\/siuvinejimo-pagrindas-daylight-stitchsmart-pastatomas\/\",\"url\":\"https:\/\/hobstop.ee\/lt\/produktas\/siuvinejimo-pagrindas-daylight-stitchsmart-pastatomas\/\",\"name\":\"Siuvin\u0117jimo pagrindas Daylight StitchSmart pastatomas &#8211; Skizze\",\"isPartOf\":{\"@id\":\"https:\/\/hobstop.ee\/lt\/#website\"},\"datePublished\":\"2018-06-28T11:15:07+00:00\",\"dateModified\":\"2018-06-28T11:15:07+00:00\",\"breadcrumb\":{\"@id\":\"https:\/\/hobstop.ee\/lt\/produktas\/siuvinejimo-pagrindas-daylight-stitchsmart-pastatomas\/#breadcrumb\"},\"inLanguage\":\"lt\",\"potentialAction\":[{\"@type\":\"ReadAction\",\"target\":[\"https:\/\/hobstop.ee\/lt\/produktas\/siuvinejimo-pagrindas-daylight-stitchsmart-pastatomas\/\"]}]},{\"@type\":\"BreadcrumbList\",\"@id\":\"https:\/\/hobstop.ee\/lt\/produktas\/siuvinejimo-pagrindas-daylight-stitchsmart-pastatomas\/#breadcrumb\",\"itemListElement\":[{\"@type\":\"ListItem\",\"position\":1,\"name\":\"Avaleht\",\"item\":\"https:\/\/hobstop.ee\/lt\/\"},{\"@type\":\"ListItem\",\"position\":2,\"name\":\"Parduotuv\u0117\",\"item\":\"https:\/\/hobstop.ee\/lt\/parduotuve\/\"},{\"@type\":\"ListItem\",\"position\":3,\"name\":\"Siuvin\u0117jimo pagrindas Daylight StitchSmart pastatomas\"}]},{\"@type\":\"WebSite\",\"@id\":\"https:\/\/hobstop.ee\/lt\/#website\",\"url\":\"https:\/\/hobstop.ee\/lt\/\",\"name\":\"Skizze\",\"description\":\"Dail\u0117s, pom\u0117gi\u0173 ir mokykliniai reikm\u0117nys\",\"publisher\":{\"@id\":\"https:\/\/hobstop.ee\/lt\/#organization\"},\"potentialAction\":[{\"@type\":\"SearchAction\",\"target\":{\"@type\":\"EntryPoint\",\"urlTemplate\":\"https:\/\/hobstop.ee\/lt\/?s={search_term_string}\"},\"query-input\":{\"@type\":\"PropertyValueSpecification\",\"valueRequired\":true,\"valueName\":\"search_term_string\"}}],\"inLanguage\":\"lt\"},{\"@type\":\"Organization\",\"@id\":\"https:\/\/hobstop.ee\/lt\/#organization\",\"name\":\"Vunder AS\",\"url\":\"https:\/\/hobstop.ee\/lt\/\",\"logo\":{\"@type\":\"ImageObject\",\"inLanguage\":\"lt\",\"@id\":\"https:\/\/hobstop.ee\/lt\/#\/schema\/logo\/image\/\",\"url\":\"https:\/\/hobstop.ee\/media\/vunder-logo.png\",\"contentUrl\":\"https:\/\/hobstop.ee\/media\/vunder-logo.png\",\"width\":127,\"height\":55,\"caption\":\"Vunder AS\"},\"image\":{\"@id\":\"https:\/\/hobstop.ee\/lt\/#\/schema\/logo\/image\/\"},\"sameAs\":[\"http:\/\/www.facebook.com\/VunderSkizze\"]}]}<\/script>\n<!-- \/ Yoast SEO plugin. -->","yoast_head_json":{"title":"Siuvin\u0117jimo pagrindas Daylight StitchSmart pastatomas &#8211; Skizze","robots":{"index":"noindex","follow":"follow","max-snippet":"max-snippet:-1","max-image-preview":"max-image-preview:large","max-video-preview":"max-video-preview:-1"},"og_locale":"lt_LT","og_type":"article","og_title":"Siuvin\u0117jimo pagrindas Daylight StitchSmart pastatomas &#8211; Skizze","og_description":"Puikus siuvin\u0117jimo pagalbininkas. Tvirtas pagrindo laikiklis stabiliai laiko r\u0117m\u0105 ar \u017eied\u0105. Unikali sukamoji sistema bet kuriuo metu leid\u017eia r\u0117m\u0105 pakelti ir j\u012f pasukti 360\u00b0 kampu. Greitai surenkamas, galima naudoti jau po keli\u0173 sekund\u017ei\u0173. Prakti\u0161kas, stabilus, reguliuojamo auk\u0161\u010dio&#8230; siuvin\u0117jimas bus dar patogesnis su \u201eDaylight\u201c siuvin\u0117jimo stovu! &#8211; Lengvai surenkamas, galima naudoti jau po keli\u0173 sekund\u017ei\u0173. &#8211; Reguliuojamo auk\u0161\u010dio, patogu siuvin\u0117ti. &#8211; Tvirtas laikiklis stabiliai laiko r\u0117m\u0105 ar \u017eied\u0105. &#8211; Unikali sukamoji sistema leid\u017eia stov\u0105 pakelti ir j\u012f pasukti 360\u00b0 kampu. &#8211; R\u0117mo komplekte n\u0117ra. &#8211; Atskirai galima \u012fsigyti LED \u0161viestuv\u0105 su didinimo stiklu \u201eStitchSmart\u201c ir schem\u0173 laikikl\u012f.","og_url":"https:\/\/hobstop.ee\/lt\/produktas\/siuvinejimo-pagrindas-daylight-stitchsmart-pastatomas\/","og_site_name":"Skizze","article_publisher":"http:\/\/www.facebook.com\/VunderSkizze","twitter_card":"summary_large_image","twitter_misc":{"Est. reading time":"1 minute"},"schema":{"@context":"https:\/\/schema.org","@graph":[{"@type":"WebPage","@id":"https:\/\/hobstop.ee\/lt\/produktas\/siuvinejimo-pagrindas-daylight-stitchsmart-pastatomas\/","url":"https:\/\/hobstop.ee\/lt\/produktas\/siuvinejimo-pagrindas-daylight-stitchsmart-pastatomas\/","name":"Siuvin\u0117jimo pagrindas Daylight StitchSmart pastatomas &#8211; Skizze","isPartOf":{"@id":"https:\/\/hobstop.ee\/lt\/#website"},"datePublished":"2018-06-28T11:15:07+00:00","dateModified":"2018-06-28T11:15:07+00:00","breadcrumb":{"@id":"https:\/\/hobstop.ee\/lt\/produktas\/siuvinejimo-pagrindas-daylight-stitchsmart-pastatomas\/#breadcrumb"},"inLanguage":"lt","potentialAction":[{"@type":"ReadAction","target":["https:\/\/hobstop.ee\/lt\/produktas\/siuvinejimo-pagrindas-daylight-stitchsmart-pastatomas\/"]}]},{"@type":"BreadcrumbList","@id":"https:\/\/hobstop.ee\/lt\/produktas\/siuvinejimo-pagrindas-daylight-stitchsmart-pastatomas\/#breadcrumb","itemListElement":[{"@type":"ListItem","position":1,"name":"Avaleht","item":"https:\/\/hobstop.ee\/lt\/"},{"@type":"ListItem","position":2,"name":"Parduotuv\u0117","item":"https:\/\/hobstop.ee\/lt\/parduotuve\/"},{"@type":"ListItem","position":3,"name":"Siuvin\u0117jimo pagrindas Daylight StitchSmart pastatomas"}]},{"@type":"WebSite","@id":"https:\/\/hobstop.ee\/lt\/#website","url":"https:\/\/hobstop.ee\/lt\/","name":"Skizze","description":"Dail\u0117s, pom\u0117gi\u0173 ir mokykliniai reikm\u0117nys","publisher":{"@id":"https:\/\/hobstop.ee\/lt\/#organization"},"potentialAction":[{"@type":"SearchAction","target":{"@type":"EntryPoint","urlTemplate":"https:\/\/hobstop.ee\/lt\/?s={search_term_string}"},"query-input":{"@type":"PropertyValueSpecification","valueRequired":true,"valueName":"search_term_string"}}],"inLanguage":"lt"},{"@type":"Organization","@id":"https:\/\/hobstop.ee\/lt\/#organization","name":"Vunder AS","url":"https:\/\/hobstop.ee\/lt\/","logo":{"@type":"ImageObject","inLanguage":"lt","@id":"https:\/\/hobstop.ee\/lt\/#\/schema\/logo\/image\/","url":"https:\/\/hobstop.ee\/media\/vunder-logo.png","contentUrl":"https:\/\/hobstop.ee\/media\/vunder-logo.png","width":127,"height":55,"caption":"Vunder AS"},"image":{"@id":"https:\/\/hobstop.ee\/lt\/#\/schema\/logo\/image\/"},"sameAs":["http:\/\/www.facebook.com\/VunderSkizze"]}]}},"_links":{"self":[{"href":"https:\/\/hobstop.ee\/lt\/wp-json\/wp\/v2\/product\/311924","targetHints":{"allow":["GET"]}}],"collection":[{"href":"https:\/\/hobstop.ee\/lt\/wp-json\/wp\/v2\/product"}],"about":[{"href":"https:\/\/hobstop.ee\/lt\/wp-json\/wp\/v2\/types\/product"}],"replies":[{"embeddable":true,"href":"https:\/\/hobstop.ee\/lt\/wp-json\/wp\/v2\/comments?post=311924"}],"wp:attachment":[{"href":"https:\/\/hobstop.ee\/lt\/wp-json\/wp\/v2\/media?parent=311924"}],"wp:term":[{"taxonomy":"product_cat","embeddable":true,"href":"https:\/\/hobstop.ee\/lt\/wp-json\/wp\/v2\/product_cat?post=311924"},{"taxonomy":"product_tag","embeddable":true,"href":"https:\/\/hobstop.ee\/lt\/wp-json\/wp\/v2\/product_tag?post=311924"}],"curies":[{"name":"wp","href":"https:\/\/api.w.org\/{rel}","templated":true}]}}