{"id":311928,"date":"2018-06-28T14:15:08","date_gmt":"2018-06-28T11:15:08","guid":{"rendered":"https:\/\/sharks.ee\/vunder_2019\/lt\/product\/drobe-ritinyje-caravaggio-gruntuota-medvilne-503\/"},"modified":"2018-06-28T14:15:08","modified_gmt":"2018-06-28T11:15:08","slug":"drobe-ritinyje-caravaggio-gruntuota-medvilne-503","status":"publish","type":"product","link":"https:\/\/hobstop.ee\/lt\/produktas\/drobe-ritinyje-caravaggio-gruntuota-medvilne-503\/","title":{"rendered":"Drob\u0117 ritinyje Caravaggio gruntuota medviln\u0117 503"},"content":{"rendered":"<p>Du kartus gruntuota stambios  tekst\u016bros dailininkams skirta drob\u0117 i\u0161 medviln\u0117s, u\u017epakalin\u0117 dalis spalvota. Sunki drob\u0117 su solid\u017eia ry\u0161kia tekst\u016bra, tinkanti freskoms ir dideliems paveikslams tapyti. Universalus gruntas, tinkantis aliejiniams, akriliniams, mai\u0161ytiems da\u017eams ir temperai. Ritinyje yra 10 metr\u0173.<\/p>\n","protected":false},"excerpt":{"rendered":"<p>Du kartus gruntuota stambios tekst\u016bros dailininkams skirta drob\u0117 i\u0161 medviln\u0117s, u\u017epakalin\u0117 dalis spalvota. Sunki drob\u0117 su solid\u017eia ry\u0161kia tekst\u016bra, tinkanti freskoms ir dideliems paveikslams tapyti. Universalus gruntas, tinkantis aliejiniams, akriliniams, mai\u0161ytiems da\u017eams ir temperai. Ritinyje yra 10 metr\u0173.<\/p>\n","protected":false},"featured_media":354956,"comment_status":"closed","ping_status":"closed","template":"","meta":{"_acf_changed":false,"ep_exclude_from_search":false},"product_cat":[16124,17978,18350],"product_tag":[],"class_list":{"0":"post-311928","1":"product","2":"type-product","3":"status-publish","4":"has-post-thumbnail","6":"product_cat-dailes-prekes","7":"product_cat-drobes-ir-tapybos-priedai","8":"product_cat-drobes-ritiniuose","10":"first","11":"instock","12":"taxable","13":"shipping-taxable","14":"product-type-simple"},"acf":[],"yoast_head":"<!-- This site is optimized with the Yoast SEO plugin v24.1 - https:\/\/yoast.com\/wordpress\/plugins\/seo\/ -->\n<title>Drob\u0117 ritinyje Caravaggio gruntuota medviln\u0117 503 &#8211; Skizze<\/title>\n<meta name=\"robots\" content=\"noindex, follow, max-snippet:-1, max-image-preview:large, max-video-preview:-1\" \/>\n<meta property=\"og:locale\" content=\"lt_LT\" \/>\n<meta property=\"og:type\" content=\"article\" \/>\n<meta property=\"og:title\" content=\"Drob\u0117 ritinyje Caravaggio gruntuota medviln\u0117 503 &#8211; Skizze\" \/>\n<meta property=\"og:description\" content=\"Du kartus gruntuota stambios tekst\u016bros dailininkams skirta drob\u0117 i\u0161 medviln\u0117s, u\u017epakalin\u0117 dalis spalvota. Sunki drob\u0117 su solid\u017eia ry\u0161kia tekst\u016bra, tinkanti freskoms ir dideliems paveikslams tapyti. Universalus gruntas, tinkantis aliejiniams, akriliniams, mai\u0161ytiems da\u017eams ir temperai. Ritinyje yra 10 metr\u0173.\" \/>\n<meta property=\"og:url\" content=\"https:\/\/hobstop.ee\/lt\/produktas\/drobe-ritinyje-caravaggio-gruntuota-medvilne-503\/\" \/>\n<meta property=\"og:site_name\" content=\"Skizze\" \/>\n<meta property=\"article:publisher\" content=\"http:\/\/www.facebook.com\/VunderSkizze\" \/>\n<meta property=\"og:image\" content=\"https:\/\/hobstop.ee\/media\/4753.jpg\" \/>\n\t<meta property=\"og:image:width\" content=\"1024\" \/>\n\t<meta property=\"og:image:height\" content=\"768\" \/>\n\t<meta property=\"og:image:type\" content=\"image\/jpeg\" \/>\n<meta name=\"twitter:card\" content=\"summary_large_image\" \/>\n<script type=\"application\/ld+json\" class=\"yoast-schema-graph\">{\"@context\":\"https:\/\/schema.org\",\"@graph\":[{\"@type\":\"WebPage\",\"@id\":\"https:\/\/hobstop.ee\/lt\/produktas\/drobe-ritinyje-caravaggio-gruntuota-medvilne-503\/\",\"url\":\"https:\/\/hobstop.ee\/lt\/produktas\/drobe-ritinyje-caravaggio-gruntuota-medvilne-503\/\",\"name\":\"Drob\u0117 ritinyje Caravaggio gruntuota medviln\u0117 503 &#8211; Skizze\",\"isPartOf\":{\"@id\":\"https:\/\/hobstop.ee\/lt\/#website\"},\"primaryImageOfPage\":{\"@id\":\"https:\/\/hobstop.ee\/lt\/produktas\/drobe-ritinyje-caravaggio-gruntuota-medvilne-503\/#primaryimage\"},\"image\":{\"@id\":\"https:\/\/hobstop.ee\/lt\/produktas\/drobe-ritinyje-caravaggio-gruntuota-medvilne-503\/#primaryimage\"},\"thumbnailUrl\":\"https:\/\/hobstop.ee\/media\/4753.jpg\",\"datePublished\":\"2018-06-28T11:15:08+00:00\",\"dateModified\":\"2018-06-28T11:15:08+00:00\",\"breadcrumb\":{\"@id\":\"https:\/\/hobstop.ee\/lt\/produktas\/drobe-ritinyje-caravaggio-gruntuota-medvilne-503\/#breadcrumb\"},\"inLanguage\":\"lt\",\"potentialAction\":[{\"@type\":\"ReadAction\",\"target\":[\"https:\/\/hobstop.ee\/lt\/produktas\/drobe-ritinyje-caravaggio-gruntuota-medvilne-503\/\"]}]},{\"@type\":\"ImageObject\",\"inLanguage\":\"lt\",\"@id\":\"https:\/\/hobstop.ee\/lt\/produktas\/drobe-ritinyje-caravaggio-gruntuota-medvilne-503\/#primaryimage\",\"url\":\"https:\/\/hobstop.ee\/media\/4753.jpg\",\"contentUrl\":\"https:\/\/hobstop.ee\/media\/4753.jpg\",\"width\":1024,\"height\":768},{\"@type\":\"BreadcrumbList\",\"@id\":\"https:\/\/hobstop.ee\/lt\/produktas\/drobe-ritinyje-caravaggio-gruntuota-medvilne-503\/#breadcrumb\",\"itemListElement\":[{\"@type\":\"ListItem\",\"position\":1,\"name\":\"Avaleht\",\"item\":\"https:\/\/hobstop.ee\/lt\/\"},{\"@type\":\"ListItem\",\"position\":2,\"name\":\"Parduotuv\u0117\",\"item\":\"https:\/\/hobstop.ee\/lt\/parduotuve\/\"},{\"@type\":\"ListItem\",\"position\":3,\"name\":\"Drob\u0117 ritinyje Caravaggio gruntuota medviln\u0117 503\"}]},{\"@type\":\"WebSite\",\"@id\":\"https:\/\/hobstop.ee\/lt\/#website\",\"url\":\"https:\/\/hobstop.ee\/lt\/\",\"name\":\"Skizze\",\"description\":\"Dail\u0117s, pom\u0117gi\u0173 ir mokykliniai reikm\u0117nys\",\"publisher\":{\"@id\":\"https:\/\/hobstop.ee\/lt\/#organization\"},\"potentialAction\":[{\"@type\":\"SearchAction\",\"target\":{\"@type\":\"EntryPoint\",\"urlTemplate\":\"https:\/\/hobstop.ee\/lt\/?s={search_term_string}\"},\"query-input\":{\"@type\":\"PropertyValueSpecification\",\"valueRequired\":true,\"valueName\":\"search_term_string\"}}],\"inLanguage\":\"lt\"},{\"@type\":\"Organization\",\"@id\":\"https:\/\/hobstop.ee\/lt\/#organization\",\"name\":\"Vunder AS\",\"url\":\"https:\/\/hobstop.ee\/lt\/\",\"logo\":{\"@type\":\"ImageObject\",\"inLanguage\":\"lt\",\"@id\":\"https:\/\/hobstop.ee\/lt\/#\/schema\/logo\/image\/\",\"url\":\"https:\/\/hobstop.ee\/media\/vunder-logo.png\",\"contentUrl\":\"https:\/\/hobstop.ee\/media\/vunder-logo.png\",\"width\":127,\"height\":55,\"caption\":\"Vunder AS\"},\"image\":{\"@id\":\"https:\/\/hobstop.ee\/lt\/#\/schema\/logo\/image\/\"},\"sameAs\":[\"http:\/\/www.facebook.com\/VunderSkizze\"]}]}<\/script>\n<!-- \/ Yoast SEO plugin. -->","yoast_head_json":{"title":"Drob\u0117 ritinyje Caravaggio gruntuota medviln\u0117 503 &#8211; Skizze","robots":{"index":"noindex","follow":"follow","max-snippet":"max-snippet:-1","max-image-preview":"max-image-preview:large","max-video-preview":"max-video-preview:-1"},"og_locale":"lt_LT","og_type":"article","og_title":"Drob\u0117 ritinyje Caravaggio gruntuota medviln\u0117 503 &#8211; Skizze","og_description":"Du kartus gruntuota stambios tekst\u016bros dailininkams skirta drob\u0117 i\u0161 medviln\u0117s, u\u017epakalin\u0117 dalis spalvota. Sunki drob\u0117 su solid\u017eia ry\u0161kia tekst\u016bra, tinkanti freskoms ir dideliems paveikslams tapyti. Universalus gruntas, tinkantis aliejiniams, akriliniams, mai\u0161ytiems da\u017eams ir temperai. Ritinyje yra 10 metr\u0173.","og_url":"https:\/\/hobstop.ee\/lt\/produktas\/drobe-ritinyje-caravaggio-gruntuota-medvilne-503\/","og_site_name":"Skizze","article_publisher":"http:\/\/www.facebook.com\/VunderSkizze","og_image":[{"width":1024,"height":768,"url":"https:\/\/hobstop.ee\/media\/4753.jpg","type":"image\/jpeg"}],"twitter_card":"summary_large_image","schema":{"@context":"https:\/\/schema.org","@graph":[{"@type":"WebPage","@id":"https:\/\/hobstop.ee\/lt\/produktas\/drobe-ritinyje-caravaggio-gruntuota-medvilne-503\/","url":"https:\/\/hobstop.ee\/lt\/produktas\/drobe-ritinyje-caravaggio-gruntuota-medvilne-503\/","name":"Drob\u0117 ritinyje Caravaggio gruntuota medviln\u0117 503 &#8211; Skizze","isPartOf":{"@id":"https:\/\/hobstop.ee\/lt\/#website"},"primaryImageOfPage":{"@id":"https:\/\/hobstop.ee\/lt\/produktas\/drobe-ritinyje-caravaggio-gruntuota-medvilne-503\/#primaryimage"},"image":{"@id":"https:\/\/hobstop.ee\/lt\/produktas\/drobe-ritinyje-caravaggio-gruntuota-medvilne-503\/#primaryimage"},"thumbnailUrl":"https:\/\/hobstop.ee\/media\/4753.jpg","datePublished":"2018-06-28T11:15:08+00:00","dateModified":"2018-06-28T11:15:08+00:00","breadcrumb":{"@id":"https:\/\/hobstop.ee\/lt\/produktas\/drobe-ritinyje-caravaggio-gruntuota-medvilne-503\/#breadcrumb"},"inLanguage":"lt","potentialAction":[{"@type":"ReadAction","target":["https:\/\/hobstop.ee\/lt\/produktas\/drobe-ritinyje-caravaggio-gruntuota-medvilne-503\/"]}]},{"@type":"ImageObject","inLanguage":"lt","@id":"https:\/\/hobstop.ee\/lt\/produktas\/drobe-ritinyje-caravaggio-gruntuota-medvilne-503\/#primaryimage","url":"https:\/\/hobstop.ee\/media\/4753.jpg","contentUrl":"https:\/\/hobstop.ee\/media\/4753.jpg","width":1024,"height":768},{"@type":"BreadcrumbList","@id":"https:\/\/hobstop.ee\/lt\/produktas\/drobe-ritinyje-caravaggio-gruntuota-medvilne-503\/#breadcrumb","itemListElement":[{"@type":"ListItem","position":1,"name":"Avaleht","item":"https:\/\/hobstop.ee\/lt\/"},{"@type":"ListItem","position":2,"name":"Parduotuv\u0117","item":"https:\/\/hobstop.ee\/lt\/parduotuve\/"},{"@type":"ListItem","position":3,"name":"Drob\u0117 ritinyje Caravaggio gruntuota medviln\u0117 503"}]},{"@type":"WebSite","@id":"https:\/\/hobstop.ee\/lt\/#website","url":"https:\/\/hobstop.ee\/lt\/","name":"Skizze","description":"Dail\u0117s, pom\u0117gi\u0173 ir mokykliniai reikm\u0117nys","publisher":{"@id":"https:\/\/hobstop.ee\/lt\/#organization"},"potentialAction":[{"@type":"SearchAction","target":{"@type":"EntryPoint","urlTemplate":"https:\/\/hobstop.ee\/lt\/?s={search_term_string}"},"query-input":{"@type":"PropertyValueSpecification","valueRequired":true,"valueName":"search_term_string"}}],"inLanguage":"lt"},{"@type":"Organization","@id":"https:\/\/hobstop.ee\/lt\/#organization","name":"Vunder AS","url":"https:\/\/hobstop.ee\/lt\/","logo":{"@type":"ImageObject","inLanguage":"lt","@id":"https:\/\/hobstop.ee\/lt\/#\/schema\/logo\/image\/","url":"https:\/\/hobstop.ee\/media\/vunder-logo.png","contentUrl":"https:\/\/hobstop.ee\/media\/vunder-logo.png","width":127,"height":55,"caption":"Vunder AS"},"image":{"@id":"https:\/\/hobstop.ee\/lt\/#\/schema\/logo\/image\/"},"sameAs":["http:\/\/www.facebook.com\/VunderSkizze"]}]}},"_links":{"self":[{"href":"https:\/\/hobstop.ee\/lt\/wp-json\/wp\/v2\/product\/311928","targetHints":{"allow":["GET"]}}],"collection":[{"href":"https:\/\/hobstop.ee\/lt\/wp-json\/wp\/v2\/product"}],"about":[{"href":"https:\/\/hobstop.ee\/lt\/wp-json\/wp\/v2\/types\/product"}],"replies":[{"embeddable":true,"href":"https:\/\/hobstop.ee\/lt\/wp-json\/wp\/v2\/comments?post=311928"}],"wp:featuredmedia":[{"embeddable":true,"href":"https:\/\/hobstop.ee\/lt\/wp-json\/wp\/v2\/media\/354956"}],"wp:attachment":[{"href":"https:\/\/hobstop.ee\/lt\/wp-json\/wp\/v2\/media?parent=311928"}],"wp:term":[{"taxonomy":"product_cat","embeddable":true,"href":"https:\/\/hobstop.ee\/lt\/wp-json\/wp\/v2\/product_cat?post=311928"},{"taxonomy":"product_tag","embeddable":true,"href":"https:\/\/hobstop.ee\/lt\/wp-json\/wp\/v2\/product_tag?post=311928"}],"curies":[{"name":"wp","href":"https:\/\/api.w.org\/{rel}","templated":true}]}}