{"id":311936,"date":"2018-06-28T14:15:11","date_gmt":"2018-06-28T11:15:11","guid":{"rendered":"https:\/\/sharks.ee\/vunder_2019\/lt\/product\/drobe-ritinyje-caravaggio-gruntuota-linaspoliesteris-562\/"},"modified":"2018-06-28T14:15:11","modified_gmt":"2018-06-28T11:15:11","slug":"drobe-ritinyje-caravaggio-gruntuota-linaspoliesteris-562","status":"publish","type":"product","link":"https:\/\/hobstop.ee\/lt\/produktas\/drobe-ritinyje-caravaggio-gruntuota-linaspoliesteris-562\/","title":{"rendered":"Drob\u0117 ritinyje Caravaggio gruntuota linas\/poliesteris 562"},"content":{"rendered":"<p>Tris kartus gruntuota dailininkams skirta drob\u0117 su tekst\u016bra; sud\u0117tis: 50 % linas, 50 % poliesteris. Gerai \u012ftempiama, nes sud\u0117tyje yra puikios kokyb\u0117s ilgapluo\u0161\u010diai linai ir atsparus poliesteris. Unikalus, patentuotos technologijos gruntas u\u017etikrina puikios tekst\u016bros, tvirt\u0105 ir elasting\u0105 pavir\u0161i\u0173, itin tinkant\u012f tapyti au\u0161tos kokyb\u0117s aliejiniais da\u017eais. Universalus gruntas, tinkantis aliejiniams, akriliniams, mai\u0161ytiems da\u017eams ir temperai. Ritinyje yra 10 metr\u0173.<\/p>\n","protected":false},"excerpt":{"rendered":"<p>Tris kartus gruntuota dailininkams skirta drob\u0117 su tekst\u016bra; sud\u0117tis: 50 % linas, 50 % poliesteris. Gerai \u012ftempiama, nes sud\u0117tyje yra puikios kokyb\u0117s ilgapluo\u0161\u010diai linai ir atsparus poliesteris. Unikalus, patentuotos technologijos gruntas u\u017etikrina puikios tekst\u016bros, tvirt\u0105 ir elasting\u0105 pavir\u0161i\u0173, itin tinkant\u012f tapyti au\u0161tos kokyb\u0117s aliejiniais da\u017eais. Universalus gruntas, tinkantis aliejiniams, akriliniams, mai\u0161ytiems da\u017eams ir temperai. Ritinyje yra 10 metr\u0173.<\/p>\n","protected":false},"featured_media":0,"comment_status":"closed","ping_status":"closed","template":"","meta":{"_acf_changed":false,"ep_exclude_from_search":false},"product_cat":[16124,17978,18350],"product_tag":[],"class_list":{"0":"post-311936","1":"product","2":"type-product","3":"status-publish","5":"product_cat-dailes-prekes","6":"product_cat-drobes-ir-tapybos-priedai","7":"product_cat-drobes-ritiniuose","9":"first","10":"instock","11":"taxable","12":"shipping-taxable","13":"product-type-simple"},"acf":[],"yoast_head":"<!-- This site is optimized with the Yoast SEO plugin v24.1 - https:\/\/yoast.com\/wordpress\/plugins\/seo\/ -->\n<title>Drob\u0117 ritinyje Caravaggio gruntuota linas\/poliesteris 562 &#8211; Skizze<\/title>\n<meta name=\"robots\" content=\"noindex, follow, max-snippet:-1, max-image-preview:large, max-video-preview:-1\" \/>\n<meta property=\"og:locale\" content=\"lt_LT\" \/>\n<meta property=\"og:type\" content=\"article\" \/>\n<meta property=\"og:title\" content=\"Drob\u0117 ritinyje Caravaggio gruntuota linas\/poliesteris 562 &#8211; Skizze\" \/>\n<meta property=\"og:description\" content=\"Tris kartus gruntuota dailininkams skirta drob\u0117 su tekst\u016bra; sud\u0117tis: 50 % linas, 50 % poliesteris. Gerai \u012ftempiama, nes sud\u0117tyje yra puikios kokyb\u0117s ilgapluo\u0161\u010diai linai ir atsparus poliesteris. Unikalus, patentuotos technologijos gruntas u\u017etikrina puikios tekst\u016bros, tvirt\u0105 ir elasting\u0105 pavir\u0161i\u0173, itin tinkant\u012f tapyti au\u0161tos kokyb\u0117s aliejiniais da\u017eais. Universalus gruntas, tinkantis aliejiniams, akriliniams, mai\u0161ytiems da\u017eams ir temperai. Ritinyje yra 10 metr\u0173.\" \/>\n<meta property=\"og:url\" content=\"https:\/\/hobstop.ee\/lt\/produktas\/drobe-ritinyje-caravaggio-gruntuota-linaspoliesteris-562\/\" \/>\n<meta property=\"og:site_name\" content=\"Skizze\" \/>\n<meta property=\"article:publisher\" content=\"http:\/\/www.facebook.com\/VunderSkizze\" \/>\n<meta name=\"twitter:card\" content=\"summary_large_image\" \/>\n<script type=\"application\/ld+json\" class=\"yoast-schema-graph\">{\"@context\":\"https:\/\/schema.org\",\"@graph\":[{\"@type\":\"WebPage\",\"@id\":\"https:\/\/hobstop.ee\/lt\/produktas\/drobe-ritinyje-caravaggio-gruntuota-linaspoliesteris-562\/\",\"url\":\"https:\/\/hobstop.ee\/lt\/produktas\/drobe-ritinyje-caravaggio-gruntuota-linaspoliesteris-562\/\",\"name\":\"Drob\u0117 ritinyje Caravaggio gruntuota linas\/poliesteris 562 &#8211; Skizze\",\"isPartOf\":{\"@id\":\"https:\/\/hobstop.ee\/lt\/#website\"},\"datePublished\":\"2018-06-28T11:15:11+00:00\",\"dateModified\":\"2018-06-28T11:15:11+00:00\",\"breadcrumb\":{\"@id\":\"https:\/\/hobstop.ee\/lt\/produktas\/drobe-ritinyje-caravaggio-gruntuota-linaspoliesteris-562\/#breadcrumb\"},\"inLanguage\":\"lt\",\"potentialAction\":[{\"@type\":\"ReadAction\",\"target\":[\"https:\/\/hobstop.ee\/lt\/produktas\/drobe-ritinyje-caravaggio-gruntuota-linaspoliesteris-562\/\"]}]},{\"@type\":\"BreadcrumbList\",\"@id\":\"https:\/\/hobstop.ee\/lt\/produktas\/drobe-ritinyje-caravaggio-gruntuota-linaspoliesteris-562\/#breadcrumb\",\"itemListElement\":[{\"@type\":\"ListItem\",\"position\":1,\"name\":\"Avaleht\",\"item\":\"https:\/\/hobstop.ee\/lt\/\"},{\"@type\":\"ListItem\",\"position\":2,\"name\":\"Parduotuv\u0117\",\"item\":\"https:\/\/hobstop.ee\/lt\/parduotuve\/\"},{\"@type\":\"ListItem\",\"position\":3,\"name\":\"Drob\u0117 ritinyje Caravaggio gruntuota linas\/poliesteris 562\"}]},{\"@type\":\"WebSite\",\"@id\":\"https:\/\/hobstop.ee\/lt\/#website\",\"url\":\"https:\/\/hobstop.ee\/lt\/\",\"name\":\"Skizze\",\"description\":\"Dail\u0117s, pom\u0117gi\u0173 ir mokykliniai reikm\u0117nys\",\"publisher\":{\"@id\":\"https:\/\/hobstop.ee\/lt\/#organization\"},\"potentialAction\":[{\"@type\":\"SearchAction\",\"target\":{\"@type\":\"EntryPoint\",\"urlTemplate\":\"https:\/\/hobstop.ee\/lt\/?s={search_term_string}\"},\"query-input\":{\"@type\":\"PropertyValueSpecification\",\"valueRequired\":true,\"valueName\":\"search_term_string\"}}],\"inLanguage\":\"lt\"},{\"@type\":\"Organization\",\"@id\":\"https:\/\/hobstop.ee\/lt\/#organization\",\"name\":\"Vunder AS\",\"url\":\"https:\/\/hobstop.ee\/lt\/\",\"logo\":{\"@type\":\"ImageObject\",\"inLanguage\":\"lt\",\"@id\":\"https:\/\/hobstop.ee\/lt\/#\/schema\/logo\/image\/\",\"url\":\"https:\/\/hobstop.ee\/media\/vunder-logo.png\",\"contentUrl\":\"https:\/\/hobstop.ee\/media\/vunder-logo.png\",\"width\":127,\"height\":55,\"caption\":\"Vunder AS\"},\"image\":{\"@id\":\"https:\/\/hobstop.ee\/lt\/#\/schema\/logo\/image\/\"},\"sameAs\":[\"http:\/\/www.facebook.com\/VunderSkizze\"]}]}<\/script>\n<!-- \/ Yoast SEO plugin. -->","yoast_head_json":{"title":"Drob\u0117 ritinyje Caravaggio gruntuota linas\/poliesteris 562 &#8211; Skizze","robots":{"index":"noindex","follow":"follow","max-snippet":"max-snippet:-1","max-image-preview":"max-image-preview:large","max-video-preview":"max-video-preview:-1"},"og_locale":"lt_LT","og_type":"article","og_title":"Drob\u0117 ritinyje Caravaggio gruntuota linas\/poliesteris 562 &#8211; Skizze","og_description":"Tris kartus gruntuota dailininkams skirta drob\u0117 su tekst\u016bra; sud\u0117tis: 50 % linas, 50 % poliesteris. Gerai \u012ftempiama, nes sud\u0117tyje yra puikios kokyb\u0117s ilgapluo\u0161\u010diai linai ir atsparus poliesteris. Unikalus, patentuotos technologijos gruntas u\u017etikrina puikios tekst\u016bros, tvirt\u0105 ir elasting\u0105 pavir\u0161i\u0173, itin tinkant\u012f tapyti au\u0161tos kokyb\u0117s aliejiniais da\u017eais. Universalus gruntas, tinkantis aliejiniams, akriliniams, mai\u0161ytiems da\u017eams ir temperai. Ritinyje yra 10 metr\u0173.","og_url":"https:\/\/hobstop.ee\/lt\/produktas\/drobe-ritinyje-caravaggio-gruntuota-linaspoliesteris-562\/","og_site_name":"Skizze","article_publisher":"http:\/\/www.facebook.com\/VunderSkizze","twitter_card":"summary_large_image","schema":{"@context":"https:\/\/schema.org","@graph":[{"@type":"WebPage","@id":"https:\/\/hobstop.ee\/lt\/produktas\/drobe-ritinyje-caravaggio-gruntuota-linaspoliesteris-562\/","url":"https:\/\/hobstop.ee\/lt\/produktas\/drobe-ritinyje-caravaggio-gruntuota-linaspoliesteris-562\/","name":"Drob\u0117 ritinyje Caravaggio gruntuota linas\/poliesteris 562 &#8211; Skizze","isPartOf":{"@id":"https:\/\/hobstop.ee\/lt\/#website"},"datePublished":"2018-06-28T11:15:11+00:00","dateModified":"2018-06-28T11:15:11+00:00","breadcrumb":{"@id":"https:\/\/hobstop.ee\/lt\/produktas\/drobe-ritinyje-caravaggio-gruntuota-linaspoliesteris-562\/#breadcrumb"},"inLanguage":"lt","potentialAction":[{"@type":"ReadAction","target":["https:\/\/hobstop.ee\/lt\/produktas\/drobe-ritinyje-caravaggio-gruntuota-linaspoliesteris-562\/"]}]},{"@type":"BreadcrumbList","@id":"https:\/\/hobstop.ee\/lt\/produktas\/drobe-ritinyje-caravaggio-gruntuota-linaspoliesteris-562\/#breadcrumb","itemListElement":[{"@type":"ListItem","position":1,"name":"Avaleht","item":"https:\/\/hobstop.ee\/lt\/"},{"@type":"ListItem","position":2,"name":"Parduotuv\u0117","item":"https:\/\/hobstop.ee\/lt\/parduotuve\/"},{"@type":"ListItem","position":3,"name":"Drob\u0117 ritinyje Caravaggio gruntuota linas\/poliesteris 562"}]},{"@type":"WebSite","@id":"https:\/\/hobstop.ee\/lt\/#website","url":"https:\/\/hobstop.ee\/lt\/","name":"Skizze","description":"Dail\u0117s, pom\u0117gi\u0173 ir mokykliniai reikm\u0117nys","publisher":{"@id":"https:\/\/hobstop.ee\/lt\/#organization"},"potentialAction":[{"@type":"SearchAction","target":{"@type":"EntryPoint","urlTemplate":"https:\/\/hobstop.ee\/lt\/?s={search_term_string}"},"query-input":{"@type":"PropertyValueSpecification","valueRequired":true,"valueName":"search_term_string"}}],"inLanguage":"lt"},{"@type":"Organization","@id":"https:\/\/hobstop.ee\/lt\/#organization","name":"Vunder AS","url":"https:\/\/hobstop.ee\/lt\/","logo":{"@type":"ImageObject","inLanguage":"lt","@id":"https:\/\/hobstop.ee\/lt\/#\/schema\/logo\/image\/","url":"https:\/\/hobstop.ee\/media\/vunder-logo.png","contentUrl":"https:\/\/hobstop.ee\/media\/vunder-logo.png","width":127,"height":55,"caption":"Vunder AS"},"image":{"@id":"https:\/\/hobstop.ee\/lt\/#\/schema\/logo\/image\/"},"sameAs":["http:\/\/www.facebook.com\/VunderSkizze"]}]}},"_links":{"self":[{"href":"https:\/\/hobstop.ee\/lt\/wp-json\/wp\/v2\/product\/311936","targetHints":{"allow":["GET"]}}],"collection":[{"href":"https:\/\/hobstop.ee\/lt\/wp-json\/wp\/v2\/product"}],"about":[{"href":"https:\/\/hobstop.ee\/lt\/wp-json\/wp\/v2\/types\/product"}],"replies":[{"embeddable":true,"href":"https:\/\/hobstop.ee\/lt\/wp-json\/wp\/v2\/comments?post=311936"}],"wp:attachment":[{"href":"https:\/\/hobstop.ee\/lt\/wp-json\/wp\/v2\/media?parent=311936"}],"wp:term":[{"taxonomy":"product_cat","embeddable":true,"href":"https:\/\/hobstop.ee\/lt\/wp-json\/wp\/v2\/product_cat?post=311936"},{"taxonomy":"product_tag","embeddable":true,"href":"https:\/\/hobstop.ee\/lt\/wp-json\/wp\/v2\/product_tag?post=311936"}],"curies":[{"name":"wp","href":"https:\/\/api.w.org\/{rel}","templated":true}]}}