{"id":311940,"date":"2018-06-28T14:15:13","date_gmt":"2018-06-28T11:15:13","guid":{"rendered":"https:\/\/sharks.ee\/vunder_2019\/lt\/product\/akvareliniu-dazu-kubeliu-12-rinkinys-sennelier-aqua-mini\/"},"modified":"2018-06-28T14:15:13","modified_gmt":"2018-06-28T11:15:13","slug":"akvareliniu-dazu-kubeliu-12-rinkinys-sennelier-aqua-mini","status":"publish","type":"product","link":"https:\/\/hobstop.ee\/lt\/produktas\/akvareliniu-dazu-kubeliu-12-rinkinys-sennelier-aqua-mini\/","title":{"rendered":"Akvarelini\u0173 da\u017e\u0173 kubeli\u0173 1\/2 rinkinys Sennelier Aqua-mini"},"content":{"rendered":"<p>\u0160i i\u0161skirtin\u0117 ir itin auk\u0161tos kokyb\u0117s akvarel\u0117 savo ry\u0161kiomis \u0161variomis spalvomis J\u016bs\u0173 darbus padarys dar labiau \u012ftikinamais. Da\u017eai yra puikiai mai\u0161omi, galima i\u0161gauti nuostabiai i\u0161rai\u0161kingus spalv\u0173 atspalvius. Medus \u201eL&#8217;Aquarelle Sennelier\u201c da\u017euose yra naudojamas ne tik kaip konservantas, bet ir kaip da\u017eams nuostab\u0173 spindes\u012f ir mink\u0161tum\u0105 suteikiantis priedas. Sud\u0117tyje esanti didesn\u0117 dalis medaus prailgina da\u017e\u0173 naudojimo laik\u0105, spalvoms suteikia ry\u0161kumo ir intensyvumo. Nat\u016bralios sud\u0117ties da\u017eai yra vientisos konsistencijos ir tekst\u016bros, ry\u0161ki\u0173 ir stipri\u0173 atspalvi\u0173. Gumiarabikas ir medaus derinys pasi\u017eymi puikioms dengiamumo savyb\u0117mis ir suteikia \u012fdomius pereinamus efektus. Bazin\u0117 med\u017eiaga mai\u0161oma su pigmentais ir tradiciniu b\u016bdu, kad pasta ne\u012fkaist\u0173, r\u016bpestingai sutrinama l\u0117tai besisukan\u010diomis girnomis. Prie\u0161 24 valandas iki mai\u0161ant su ri\u0161am\u0105ja med\u017eiaga, \u201eSennelier\u201c pigmentai yra sudr\u0117kinami i\u0161valytu nuo mineralini\u0173 drusk\u0173 vandeniu. Tai pagerina da\u017e\u0173 ir ri\u0161amosios med\u017eiagos susimai\u0161ym\u0105, o spalvos su\u017e\u0117ri visu gra\u017eumu.<\/p>\n","protected":false},"excerpt":{"rendered":"<p>\u0160i i\u0161skirtin\u0117 ir itin auk\u0161tos kokyb\u0117s akvarel\u0117 savo ry\u0161kiomis \u0161variomis spalvomis J\u016bs\u0173 darbus padarys dar labiau \u012ftikinamais. Da\u017eai yra puikiai mai\u0161omi, galima i\u0161gauti nuostabiai i\u0161rai\u0161kingus spalv\u0173 atspalvius. Medus \u201eL&#8217;Aquarelle Sennelier\u201c da\u017euose yra naudojamas ne tik kaip konservantas, bet ir kaip da\u017eams nuostab\u0173 spindes\u012f ir mink\u0161tum\u0105 suteikiantis priedas. Sud\u0117tyje esanti didesn\u0117 dalis medaus prailgina da\u017e\u0173 naudojimo laik\u0105, spalvoms suteikia ry\u0161kumo ir intensyvumo. Nat\u016bralios sud\u0117ties da\u017eai yra vientisos konsistencijos ir tekst\u016bros, ry\u0161ki\u0173 ir stipri\u0173 atspalvi\u0173. Gumiarabikas ir medaus derinys pasi\u017eymi puikioms dengiamumo savyb\u0117mis ir suteikia \u012fdomius pereinamus efektus. Bazin\u0117 med\u017eiaga mai\u0161oma su pigmentais ir tradiciniu b\u016bdu, kad pasta ne\u012fkaist\u0173, r\u016bpestingai sutrinama l\u0117tai besisukan\u010diomis girnomis. Prie\u0161 24 valandas iki mai\u0161ant su ri\u0161am\u0105ja med\u017eiaga, \u201eSennelier\u201c pigmentai yra sudr\u0117kinami i\u0161valytu nuo mineralini\u0173 drusk\u0173 vandeniu. Tai pagerina da\u017e\u0173 ir ri\u0161amosios med\u017eiagos susimai\u0161ym\u0105, o spalvos su\u017e\u0117ri visu gra\u017eumu.<\/p>\n","protected":false},"featured_media":312947,"comment_status":"closed","ping_status":"closed","template":"","meta":{"_acf_changed":false,"ep_exclude_from_search":false},"product_cat":[19001,16124,17981],"product_tag":[],"class_list":{"0":"post-311940","1":"product","2":"type-product","3":"status-publish","4":"has-post-thumbnail","6":"product_cat-akvareliniai-dazai-3","7":"product_cat-dailes-prekes","8":"product_cat-dazai-ir-priedai-tapybai","10":"first","11":"instock","12":"taxable","13":"shipping-taxable","14":"purchasable","15":"product-type-simple"},"acf":[],"yoast_head":"<!-- This site is optimized with the Yoast SEO plugin v24.1 - https:\/\/yoast.com\/wordpress\/plugins\/seo\/ -->\n<title>Akvarelini\u0173 da\u017e\u0173 kubeli\u0173 1\/2 rinkinys Sennelier Aqua-mini &#8211; Skizze<\/title>\n<meta name=\"robots\" content=\"noindex, follow, max-snippet:-1, max-image-preview:large, max-video-preview:-1\" \/>\n<meta property=\"og:locale\" content=\"lt_LT\" \/>\n<meta property=\"og:type\" content=\"article\" \/>\n<meta property=\"og:title\" content=\"Akvarelini\u0173 da\u017e\u0173 kubeli\u0173 1\/2 rinkinys Sennelier Aqua-mini &#8211; Skizze\" \/>\n<meta property=\"og:description\" content=\"\u0160i i\u0161skirtin\u0117 ir itin auk\u0161tos kokyb\u0117s akvarel\u0117 savo ry\u0161kiomis \u0161variomis spalvomis J\u016bs\u0173 darbus padarys dar labiau \u012ftikinamais. Da\u017eai yra puikiai mai\u0161omi, galima i\u0161gauti nuostabiai i\u0161rai\u0161kingus spalv\u0173 atspalvius. Medus \u201eL&#8217;Aquarelle Sennelier\u201c da\u017euose yra naudojamas ne tik kaip konservantas, bet ir kaip da\u017eams nuostab\u0173 spindes\u012f ir mink\u0161tum\u0105 suteikiantis priedas. Sud\u0117tyje esanti didesn\u0117 dalis medaus prailgina da\u017e\u0173 naudojimo laik\u0105, spalvoms suteikia ry\u0161kumo ir intensyvumo. Nat\u016bralios sud\u0117ties da\u017eai yra vientisos konsistencijos ir tekst\u016bros, ry\u0161ki\u0173 ir stipri\u0173 atspalvi\u0173. Gumiarabikas ir medaus derinys pasi\u017eymi puikioms dengiamumo savyb\u0117mis ir suteikia \u012fdomius pereinamus efektus. Bazin\u0117 med\u017eiaga mai\u0161oma su pigmentais ir tradiciniu b\u016bdu, kad pasta ne\u012fkaist\u0173, r\u016bpestingai sutrinama l\u0117tai besisukan\u010diomis girnomis. Prie\u0161 24 valandas iki mai\u0161ant su ri\u0161am\u0105ja med\u017eiaga, \u201eSennelier\u201c pigmentai yra sudr\u0117kinami i\u0161valytu nuo mineralini\u0173 drusk\u0173 vandeniu. Tai pagerina da\u017e\u0173 ir ri\u0161amosios med\u017eiagos susimai\u0161ym\u0105, o spalvos su\u017e\u0117ri visu gra\u017eumu.\" \/>\n<meta property=\"og:url\" content=\"https:\/\/hobstop.ee\/lt\/produktas\/akvareliniu-dazu-kubeliu-12-rinkinys-sennelier-aqua-mini\/\" \/>\n<meta property=\"og:site_name\" content=\"Skizze\" \/>\n<meta property=\"article:publisher\" content=\"http:\/\/www.facebook.com\/VunderSkizze\" \/>\n<meta property=\"og:image\" content=\"https:\/\/hobstop.ee\/media\/4760.jpg\" \/>\n\t<meta property=\"og:image:width\" content=\"1024\" \/>\n\t<meta property=\"og:image:height\" content=\"768\" \/>\n\t<meta property=\"og:image:type\" content=\"image\/jpeg\" \/>\n<meta name=\"twitter:card\" content=\"summary_large_image\" \/>\n<meta name=\"twitter:label1\" content=\"Est. reading time\" \/>\n\t<meta name=\"twitter:data1\" content=\"1 minute\" \/>\n<script type=\"application\/ld+json\" class=\"yoast-schema-graph\">{\"@context\":\"https:\/\/schema.org\",\"@graph\":[{\"@type\":\"WebPage\",\"@id\":\"https:\/\/hobstop.ee\/lt\/produktas\/akvareliniu-dazu-kubeliu-12-rinkinys-sennelier-aqua-mini\/\",\"url\":\"https:\/\/hobstop.ee\/lt\/produktas\/akvareliniu-dazu-kubeliu-12-rinkinys-sennelier-aqua-mini\/\",\"name\":\"Akvarelini\u0173 da\u017e\u0173 kubeli\u0173 1\/2 rinkinys Sennelier Aqua-mini &#8211; Skizze\",\"isPartOf\":{\"@id\":\"https:\/\/hobstop.ee\/lt\/#website\"},\"primaryImageOfPage\":{\"@id\":\"https:\/\/hobstop.ee\/lt\/produktas\/akvareliniu-dazu-kubeliu-12-rinkinys-sennelier-aqua-mini\/#primaryimage\"},\"image\":{\"@id\":\"https:\/\/hobstop.ee\/lt\/produktas\/akvareliniu-dazu-kubeliu-12-rinkinys-sennelier-aqua-mini\/#primaryimage\"},\"thumbnailUrl\":\"https:\/\/hobstop.ee\/media\/4760.jpg\",\"datePublished\":\"2018-06-28T11:15:13+00:00\",\"dateModified\":\"2018-06-28T11:15:13+00:00\",\"breadcrumb\":{\"@id\":\"https:\/\/hobstop.ee\/lt\/produktas\/akvareliniu-dazu-kubeliu-12-rinkinys-sennelier-aqua-mini\/#breadcrumb\"},\"inLanguage\":\"lt\",\"potentialAction\":[{\"@type\":\"ReadAction\",\"target\":[\"https:\/\/hobstop.ee\/lt\/produktas\/akvareliniu-dazu-kubeliu-12-rinkinys-sennelier-aqua-mini\/\"]}]},{\"@type\":\"ImageObject\",\"inLanguage\":\"lt\",\"@id\":\"https:\/\/hobstop.ee\/lt\/produktas\/akvareliniu-dazu-kubeliu-12-rinkinys-sennelier-aqua-mini\/#primaryimage\",\"url\":\"https:\/\/hobstop.ee\/media\/4760.jpg\",\"contentUrl\":\"https:\/\/hobstop.ee\/media\/4760.jpg\",\"width\":1024,\"height\":768},{\"@type\":\"BreadcrumbList\",\"@id\":\"https:\/\/hobstop.ee\/lt\/produktas\/akvareliniu-dazu-kubeliu-12-rinkinys-sennelier-aqua-mini\/#breadcrumb\",\"itemListElement\":[{\"@type\":\"ListItem\",\"position\":1,\"name\":\"Avaleht\",\"item\":\"https:\/\/hobstop.ee\/lt\/\"},{\"@type\":\"ListItem\",\"position\":2,\"name\":\"Parduotuv\u0117\",\"item\":\"https:\/\/hobstop.ee\/lt\/parduotuve\/\"},{\"@type\":\"ListItem\",\"position\":3,\"name\":\"Akvarelini\u0173 da\u017e\u0173 kubeli\u0173 1\/2 rinkinys Sennelier Aqua-mini\"}]},{\"@type\":\"WebSite\",\"@id\":\"https:\/\/hobstop.ee\/lt\/#website\",\"url\":\"https:\/\/hobstop.ee\/lt\/\",\"name\":\"Skizze\",\"description\":\"Dail\u0117s, pom\u0117gi\u0173 ir mokykliniai reikm\u0117nys\",\"publisher\":{\"@id\":\"https:\/\/hobstop.ee\/lt\/#organization\"},\"potentialAction\":[{\"@type\":\"SearchAction\",\"target\":{\"@type\":\"EntryPoint\",\"urlTemplate\":\"https:\/\/hobstop.ee\/lt\/?s={search_term_string}\"},\"query-input\":{\"@type\":\"PropertyValueSpecification\",\"valueRequired\":true,\"valueName\":\"search_term_string\"}}],\"inLanguage\":\"lt\"},{\"@type\":\"Organization\",\"@id\":\"https:\/\/hobstop.ee\/lt\/#organization\",\"name\":\"Vunder AS\",\"url\":\"https:\/\/hobstop.ee\/lt\/\",\"logo\":{\"@type\":\"ImageObject\",\"inLanguage\":\"lt\",\"@id\":\"https:\/\/hobstop.ee\/lt\/#\/schema\/logo\/image\/\",\"url\":\"https:\/\/hobstop.ee\/media\/vunder-logo.png\",\"contentUrl\":\"https:\/\/hobstop.ee\/media\/vunder-logo.png\",\"width\":127,\"height\":55,\"caption\":\"Vunder AS\"},\"image\":{\"@id\":\"https:\/\/hobstop.ee\/lt\/#\/schema\/logo\/image\/\"},\"sameAs\":[\"http:\/\/www.facebook.com\/VunderSkizze\"]}]}<\/script>\n<!-- \/ Yoast SEO plugin. -->","yoast_head_json":{"title":"Akvarelini\u0173 da\u017e\u0173 kubeli\u0173 1\/2 rinkinys Sennelier Aqua-mini &#8211; Skizze","robots":{"index":"noindex","follow":"follow","max-snippet":"max-snippet:-1","max-image-preview":"max-image-preview:large","max-video-preview":"max-video-preview:-1"},"og_locale":"lt_LT","og_type":"article","og_title":"Akvarelini\u0173 da\u017e\u0173 kubeli\u0173 1\/2 rinkinys Sennelier Aqua-mini &#8211; Skizze","og_description":"\u0160i i\u0161skirtin\u0117 ir itin auk\u0161tos kokyb\u0117s akvarel\u0117 savo ry\u0161kiomis \u0161variomis spalvomis J\u016bs\u0173 darbus padarys dar labiau \u012ftikinamais. Da\u017eai yra puikiai mai\u0161omi, galima i\u0161gauti nuostabiai i\u0161rai\u0161kingus spalv\u0173 atspalvius. Medus \u201eL&#8217;Aquarelle Sennelier\u201c da\u017euose yra naudojamas ne tik kaip konservantas, bet ir kaip da\u017eams nuostab\u0173 spindes\u012f ir mink\u0161tum\u0105 suteikiantis priedas. Sud\u0117tyje esanti didesn\u0117 dalis medaus prailgina da\u017e\u0173 naudojimo laik\u0105, spalvoms suteikia ry\u0161kumo ir intensyvumo. Nat\u016bralios sud\u0117ties da\u017eai yra vientisos konsistencijos ir tekst\u016bros, ry\u0161ki\u0173 ir stipri\u0173 atspalvi\u0173. Gumiarabikas ir medaus derinys pasi\u017eymi puikioms dengiamumo savyb\u0117mis ir suteikia \u012fdomius pereinamus efektus. Bazin\u0117 med\u017eiaga mai\u0161oma su pigmentais ir tradiciniu b\u016bdu, kad pasta ne\u012fkaist\u0173, r\u016bpestingai sutrinama l\u0117tai besisukan\u010diomis girnomis. Prie\u0161 24 valandas iki mai\u0161ant su ri\u0161am\u0105ja med\u017eiaga, \u201eSennelier\u201c pigmentai yra sudr\u0117kinami i\u0161valytu nuo mineralini\u0173 drusk\u0173 vandeniu. Tai pagerina da\u017e\u0173 ir ri\u0161amosios med\u017eiagos susimai\u0161ym\u0105, o spalvos su\u017e\u0117ri visu gra\u017eumu.","og_url":"https:\/\/hobstop.ee\/lt\/produktas\/akvareliniu-dazu-kubeliu-12-rinkinys-sennelier-aqua-mini\/","og_site_name":"Skizze","article_publisher":"http:\/\/www.facebook.com\/VunderSkizze","og_image":[{"width":1024,"height":768,"url":"https:\/\/hobstop.ee\/media\/4760.jpg","type":"image\/jpeg"}],"twitter_card":"summary_large_image","twitter_misc":{"Est. reading time":"1 minute"},"schema":{"@context":"https:\/\/schema.org","@graph":[{"@type":"WebPage","@id":"https:\/\/hobstop.ee\/lt\/produktas\/akvareliniu-dazu-kubeliu-12-rinkinys-sennelier-aqua-mini\/","url":"https:\/\/hobstop.ee\/lt\/produktas\/akvareliniu-dazu-kubeliu-12-rinkinys-sennelier-aqua-mini\/","name":"Akvarelini\u0173 da\u017e\u0173 kubeli\u0173 1\/2 rinkinys Sennelier Aqua-mini &#8211; Skizze","isPartOf":{"@id":"https:\/\/hobstop.ee\/lt\/#website"},"primaryImageOfPage":{"@id":"https:\/\/hobstop.ee\/lt\/produktas\/akvareliniu-dazu-kubeliu-12-rinkinys-sennelier-aqua-mini\/#primaryimage"},"image":{"@id":"https:\/\/hobstop.ee\/lt\/produktas\/akvareliniu-dazu-kubeliu-12-rinkinys-sennelier-aqua-mini\/#primaryimage"},"thumbnailUrl":"https:\/\/hobstop.ee\/media\/4760.jpg","datePublished":"2018-06-28T11:15:13+00:00","dateModified":"2018-06-28T11:15:13+00:00","breadcrumb":{"@id":"https:\/\/hobstop.ee\/lt\/produktas\/akvareliniu-dazu-kubeliu-12-rinkinys-sennelier-aqua-mini\/#breadcrumb"},"inLanguage":"lt","potentialAction":[{"@type":"ReadAction","target":["https:\/\/hobstop.ee\/lt\/produktas\/akvareliniu-dazu-kubeliu-12-rinkinys-sennelier-aqua-mini\/"]}]},{"@type":"ImageObject","inLanguage":"lt","@id":"https:\/\/hobstop.ee\/lt\/produktas\/akvareliniu-dazu-kubeliu-12-rinkinys-sennelier-aqua-mini\/#primaryimage","url":"https:\/\/hobstop.ee\/media\/4760.jpg","contentUrl":"https:\/\/hobstop.ee\/media\/4760.jpg","width":1024,"height":768},{"@type":"BreadcrumbList","@id":"https:\/\/hobstop.ee\/lt\/produktas\/akvareliniu-dazu-kubeliu-12-rinkinys-sennelier-aqua-mini\/#breadcrumb","itemListElement":[{"@type":"ListItem","position":1,"name":"Avaleht","item":"https:\/\/hobstop.ee\/lt\/"},{"@type":"ListItem","position":2,"name":"Parduotuv\u0117","item":"https:\/\/hobstop.ee\/lt\/parduotuve\/"},{"@type":"ListItem","position":3,"name":"Akvarelini\u0173 da\u017e\u0173 kubeli\u0173 1\/2 rinkinys Sennelier Aqua-mini"}]},{"@type":"WebSite","@id":"https:\/\/hobstop.ee\/lt\/#website","url":"https:\/\/hobstop.ee\/lt\/","name":"Skizze","description":"Dail\u0117s, pom\u0117gi\u0173 ir mokykliniai reikm\u0117nys","publisher":{"@id":"https:\/\/hobstop.ee\/lt\/#organization"},"potentialAction":[{"@type":"SearchAction","target":{"@type":"EntryPoint","urlTemplate":"https:\/\/hobstop.ee\/lt\/?s={search_term_string}"},"query-input":{"@type":"PropertyValueSpecification","valueRequired":true,"valueName":"search_term_string"}}],"inLanguage":"lt"},{"@type":"Organization","@id":"https:\/\/hobstop.ee\/lt\/#organization","name":"Vunder AS","url":"https:\/\/hobstop.ee\/lt\/","logo":{"@type":"ImageObject","inLanguage":"lt","@id":"https:\/\/hobstop.ee\/lt\/#\/schema\/logo\/image\/","url":"https:\/\/hobstop.ee\/media\/vunder-logo.png","contentUrl":"https:\/\/hobstop.ee\/media\/vunder-logo.png","width":127,"height":55,"caption":"Vunder AS"},"image":{"@id":"https:\/\/hobstop.ee\/lt\/#\/schema\/logo\/image\/"},"sameAs":["http:\/\/www.facebook.com\/VunderSkizze"]}]}},"_links":{"self":[{"href":"https:\/\/hobstop.ee\/lt\/wp-json\/wp\/v2\/product\/311940","targetHints":{"allow":["GET"]}}],"collection":[{"href":"https:\/\/hobstop.ee\/lt\/wp-json\/wp\/v2\/product"}],"about":[{"href":"https:\/\/hobstop.ee\/lt\/wp-json\/wp\/v2\/types\/product"}],"replies":[{"embeddable":true,"href":"https:\/\/hobstop.ee\/lt\/wp-json\/wp\/v2\/comments?post=311940"}],"wp:featuredmedia":[{"embeddable":true,"href":"https:\/\/hobstop.ee\/lt\/wp-json\/wp\/v2\/media\/312947"}],"wp:attachment":[{"href":"https:\/\/hobstop.ee\/lt\/wp-json\/wp\/v2\/media?parent=311940"}],"wp:term":[{"taxonomy":"product_cat","embeddable":true,"href":"https:\/\/hobstop.ee\/lt\/wp-json\/wp\/v2\/product_cat?post=311940"},{"taxonomy":"product_tag","embeddable":true,"href":"https:\/\/hobstop.ee\/lt\/wp-json\/wp\/v2\/product_tag?post=311940"}],"curies":[{"name":"wp","href":"https:\/\/api.w.org\/{rel}","templated":true}]}}