{"id":311944,"date":"2018-06-28T14:15:14","date_gmt":"2018-06-28T11:15:14","guid":{"rendered":"https:\/\/sharks.ee\/vunder_2019\/lt\/product\/zymeklis-monami-pro\/"},"modified":"2018-06-28T14:15:14","modified_gmt":"2018-06-28T11:15:14","slug":"zymeklis-monami-pro","status":"publish","type":"product","link":"https:\/\/hobstop.ee\/lt\/produktas\/zymeklis-monami-pro\/","title":{"rendered":"\u017dymeklis Monami Pro"},"content":{"rendered":"<p>Profesionalams skirtu neper\u0161vie\u010diamos spalvos markeriu \u201eMonami Pro Paint Marker\u201c galima ra\u0161yti ant plieno, medienos, plastiko ir stiklo, taip pat ant riebi\u0173 pavir\u0161i\u0173. Patogu laikyti su savimi, nes korpusas yra pagamintas i\u0161 atsparaus plastiko su \u012ftaisytu gnybtu, o alkoholio pagrindu pagamint\u0173 da\u017e\u0173 sud\u0117tyje n\u0117ra ksileno, tod\u0117l n\u0117ra nemalonaus kvapo. Tvirtu galiuku patogu ra\u0161yti ant grubl\u0117t\u0173 pavir\u0161i\u0173.<\/p>\n","protected":false},"excerpt":{"rendered":"<p>Profesionalams skirtu neper\u0161vie\u010diamos spalvos markeriu \u201eMonami Pro Paint Marker\u201c galima ra\u0161yti ant plieno, medienos, plastiko ir stiklo, taip pat ant riebi\u0173 pavir\u0161i\u0173. Patogu laikyti su savimi, nes korpusas yra pagamintas i\u0161 atsparaus plastiko su \u012ftaisytu gnybtu, o alkoholio pagrindu pagamint\u0173 da\u017e\u0173 sud\u0117tyje n\u0117ra ksileno, tod\u0117l n\u0117ra nemalonaus kvapo. Tvirtu galiuku patogu ra\u0161yti ant grubl\u0117t\u0173 pavir\u0161i\u0173.<\/p>\n","protected":false},"featured_media":312424,"comment_status":"closed","ping_status":"closed","template":"","meta":{"_acf_changed":false,"ep_exclude_from_search":false},"product_cat":[17042,19697],"product_tag":[],"class_list":{"0":"post-311944","1":"product","2":"type-product","3":"status-publish","4":"has-post-thumbnail","6":"product_cat-rasymo-priemones-2","7":"product_cat-zymekliai","9":"first","10":"instock","11":"taxable","12":"shipping-taxable","13":"purchasable","14":"product-type-simple"},"acf":[],"yoast_head":"<!-- This site is optimized with the Yoast SEO plugin v24.1 - https:\/\/yoast.com\/wordpress\/plugins\/seo\/ -->\n<title>\u017dymeklis Monami Pro &#8211; Skizze<\/title>\n<meta name=\"robots\" content=\"noindex, follow, max-snippet:-1, max-image-preview:large, max-video-preview:-1\" \/>\n<meta property=\"og:locale\" content=\"lt_LT\" \/>\n<meta property=\"og:type\" content=\"article\" \/>\n<meta property=\"og:title\" content=\"\u017dymeklis Monami Pro &#8211; Skizze\" \/>\n<meta property=\"og:description\" content=\"Profesionalams skirtu neper\u0161vie\u010diamos spalvos markeriu \u201eMonami Pro Paint Marker\u201c galima ra\u0161yti ant plieno, medienos, plastiko ir stiklo, taip pat ant riebi\u0173 pavir\u0161i\u0173. Patogu laikyti su savimi, nes korpusas yra pagamintas i\u0161 atsparaus plastiko su \u012ftaisytu gnybtu, o alkoholio pagrindu pagamint\u0173 da\u017e\u0173 sud\u0117tyje n\u0117ra ksileno, tod\u0117l n\u0117ra nemalonaus kvapo. Tvirtu galiuku patogu ra\u0161yti ant grubl\u0117t\u0173 pavir\u0161i\u0173.\" \/>\n<meta property=\"og:url\" content=\"https:\/\/hobstop.ee\/lt\/produktas\/zymeklis-monami-pro\/\" \/>\n<meta property=\"og:site_name\" content=\"Skizze\" \/>\n<meta property=\"article:publisher\" content=\"http:\/\/www.facebook.com\/VunderSkizze\" \/>\n<meta property=\"og:image\" content=\"https:\/\/hobstop.ee\/media\/4761.jpg\" \/>\n\t<meta property=\"og:image:width\" content=\"1024\" \/>\n\t<meta property=\"og:image:height\" content=\"768\" \/>\n\t<meta property=\"og:image:type\" content=\"image\/jpeg\" \/>\n<meta name=\"twitter:card\" content=\"summary_large_image\" \/>\n<script type=\"application\/ld+json\" class=\"yoast-schema-graph\">{\"@context\":\"https:\/\/schema.org\",\"@graph\":[{\"@type\":\"WebPage\",\"@id\":\"https:\/\/hobstop.ee\/lt\/produktas\/zymeklis-monami-pro\/\",\"url\":\"https:\/\/hobstop.ee\/lt\/produktas\/zymeklis-monami-pro\/\",\"name\":\"\u017dymeklis Monami Pro &#8211; Skizze\",\"isPartOf\":{\"@id\":\"https:\/\/hobstop.ee\/lt\/#website\"},\"primaryImageOfPage\":{\"@id\":\"https:\/\/hobstop.ee\/lt\/produktas\/zymeklis-monami-pro\/#primaryimage\"},\"image\":{\"@id\":\"https:\/\/hobstop.ee\/lt\/produktas\/zymeklis-monami-pro\/#primaryimage\"},\"thumbnailUrl\":\"https:\/\/hobstop.ee\/media\/4761.jpg\",\"datePublished\":\"2018-06-28T11:15:14+00:00\",\"dateModified\":\"2018-06-28T11:15:14+00:00\",\"breadcrumb\":{\"@id\":\"https:\/\/hobstop.ee\/lt\/produktas\/zymeklis-monami-pro\/#breadcrumb\"},\"inLanguage\":\"lt\",\"potentialAction\":[{\"@type\":\"ReadAction\",\"target\":[\"https:\/\/hobstop.ee\/lt\/produktas\/zymeklis-monami-pro\/\"]}]},{\"@type\":\"ImageObject\",\"inLanguage\":\"lt\",\"@id\":\"https:\/\/hobstop.ee\/lt\/produktas\/zymeklis-monami-pro\/#primaryimage\",\"url\":\"https:\/\/hobstop.ee\/media\/4761.jpg\",\"contentUrl\":\"https:\/\/hobstop.ee\/media\/4761.jpg\",\"width\":1024,\"height\":768},{\"@type\":\"BreadcrumbList\",\"@id\":\"https:\/\/hobstop.ee\/lt\/produktas\/zymeklis-monami-pro\/#breadcrumb\",\"itemListElement\":[{\"@type\":\"ListItem\",\"position\":1,\"name\":\"Avaleht\",\"item\":\"https:\/\/hobstop.ee\/lt\/\"},{\"@type\":\"ListItem\",\"position\":2,\"name\":\"Parduotuv\u0117\",\"item\":\"https:\/\/hobstop.ee\/lt\/parduotuve\/\"},{\"@type\":\"ListItem\",\"position\":3,\"name\":\"\u017dymeklis Monami Pro\"}]},{\"@type\":\"WebSite\",\"@id\":\"https:\/\/hobstop.ee\/lt\/#website\",\"url\":\"https:\/\/hobstop.ee\/lt\/\",\"name\":\"Skizze\",\"description\":\"Dail\u0117s, pom\u0117gi\u0173 ir mokykliniai reikm\u0117nys\",\"publisher\":{\"@id\":\"https:\/\/hobstop.ee\/lt\/#organization\"},\"potentialAction\":[{\"@type\":\"SearchAction\",\"target\":{\"@type\":\"EntryPoint\",\"urlTemplate\":\"https:\/\/hobstop.ee\/lt\/?s={search_term_string}\"},\"query-input\":{\"@type\":\"PropertyValueSpecification\",\"valueRequired\":true,\"valueName\":\"search_term_string\"}}],\"inLanguage\":\"lt\"},{\"@type\":\"Organization\",\"@id\":\"https:\/\/hobstop.ee\/lt\/#organization\",\"name\":\"Vunder AS\",\"url\":\"https:\/\/hobstop.ee\/lt\/\",\"logo\":{\"@type\":\"ImageObject\",\"inLanguage\":\"lt\",\"@id\":\"https:\/\/hobstop.ee\/lt\/#\/schema\/logo\/image\/\",\"url\":\"https:\/\/hobstop.ee\/media\/vunder-logo.png\",\"contentUrl\":\"https:\/\/hobstop.ee\/media\/vunder-logo.png\",\"width\":127,\"height\":55,\"caption\":\"Vunder AS\"},\"image\":{\"@id\":\"https:\/\/hobstop.ee\/lt\/#\/schema\/logo\/image\/\"},\"sameAs\":[\"http:\/\/www.facebook.com\/VunderSkizze\"]}]}<\/script>\n<!-- \/ Yoast SEO plugin. -->","yoast_head_json":{"title":"\u017dymeklis Monami Pro &#8211; Skizze","robots":{"index":"noindex","follow":"follow","max-snippet":"max-snippet:-1","max-image-preview":"max-image-preview:large","max-video-preview":"max-video-preview:-1"},"og_locale":"lt_LT","og_type":"article","og_title":"\u017dymeklis Monami Pro &#8211; Skizze","og_description":"Profesionalams skirtu neper\u0161vie\u010diamos spalvos markeriu \u201eMonami Pro Paint Marker\u201c galima ra\u0161yti ant plieno, medienos, plastiko ir stiklo, taip pat ant riebi\u0173 pavir\u0161i\u0173. Patogu laikyti su savimi, nes korpusas yra pagamintas i\u0161 atsparaus plastiko su \u012ftaisytu gnybtu, o alkoholio pagrindu pagamint\u0173 da\u017e\u0173 sud\u0117tyje n\u0117ra ksileno, tod\u0117l n\u0117ra nemalonaus kvapo. Tvirtu galiuku patogu ra\u0161yti ant grubl\u0117t\u0173 pavir\u0161i\u0173.","og_url":"https:\/\/hobstop.ee\/lt\/produktas\/zymeklis-monami-pro\/","og_site_name":"Skizze","article_publisher":"http:\/\/www.facebook.com\/VunderSkizze","og_image":[{"width":1024,"height":768,"url":"https:\/\/hobstop.ee\/media\/4761.jpg","type":"image\/jpeg"}],"twitter_card":"summary_large_image","schema":{"@context":"https:\/\/schema.org","@graph":[{"@type":"WebPage","@id":"https:\/\/hobstop.ee\/lt\/produktas\/zymeklis-monami-pro\/","url":"https:\/\/hobstop.ee\/lt\/produktas\/zymeklis-monami-pro\/","name":"\u017dymeklis Monami Pro &#8211; Skizze","isPartOf":{"@id":"https:\/\/hobstop.ee\/lt\/#website"},"primaryImageOfPage":{"@id":"https:\/\/hobstop.ee\/lt\/produktas\/zymeklis-monami-pro\/#primaryimage"},"image":{"@id":"https:\/\/hobstop.ee\/lt\/produktas\/zymeklis-monami-pro\/#primaryimage"},"thumbnailUrl":"https:\/\/hobstop.ee\/media\/4761.jpg","datePublished":"2018-06-28T11:15:14+00:00","dateModified":"2018-06-28T11:15:14+00:00","breadcrumb":{"@id":"https:\/\/hobstop.ee\/lt\/produktas\/zymeklis-monami-pro\/#breadcrumb"},"inLanguage":"lt","potentialAction":[{"@type":"ReadAction","target":["https:\/\/hobstop.ee\/lt\/produktas\/zymeklis-monami-pro\/"]}]},{"@type":"ImageObject","inLanguage":"lt","@id":"https:\/\/hobstop.ee\/lt\/produktas\/zymeklis-monami-pro\/#primaryimage","url":"https:\/\/hobstop.ee\/media\/4761.jpg","contentUrl":"https:\/\/hobstop.ee\/media\/4761.jpg","width":1024,"height":768},{"@type":"BreadcrumbList","@id":"https:\/\/hobstop.ee\/lt\/produktas\/zymeklis-monami-pro\/#breadcrumb","itemListElement":[{"@type":"ListItem","position":1,"name":"Avaleht","item":"https:\/\/hobstop.ee\/lt\/"},{"@type":"ListItem","position":2,"name":"Parduotuv\u0117","item":"https:\/\/hobstop.ee\/lt\/parduotuve\/"},{"@type":"ListItem","position":3,"name":"\u017dymeklis Monami Pro"}]},{"@type":"WebSite","@id":"https:\/\/hobstop.ee\/lt\/#website","url":"https:\/\/hobstop.ee\/lt\/","name":"Skizze","description":"Dail\u0117s, pom\u0117gi\u0173 ir mokykliniai reikm\u0117nys","publisher":{"@id":"https:\/\/hobstop.ee\/lt\/#organization"},"potentialAction":[{"@type":"SearchAction","target":{"@type":"EntryPoint","urlTemplate":"https:\/\/hobstop.ee\/lt\/?s={search_term_string}"},"query-input":{"@type":"PropertyValueSpecification","valueRequired":true,"valueName":"search_term_string"}}],"inLanguage":"lt"},{"@type":"Organization","@id":"https:\/\/hobstop.ee\/lt\/#organization","name":"Vunder AS","url":"https:\/\/hobstop.ee\/lt\/","logo":{"@type":"ImageObject","inLanguage":"lt","@id":"https:\/\/hobstop.ee\/lt\/#\/schema\/logo\/image\/","url":"https:\/\/hobstop.ee\/media\/vunder-logo.png","contentUrl":"https:\/\/hobstop.ee\/media\/vunder-logo.png","width":127,"height":55,"caption":"Vunder AS"},"image":{"@id":"https:\/\/hobstop.ee\/lt\/#\/schema\/logo\/image\/"},"sameAs":["http:\/\/www.facebook.com\/VunderSkizze"]}]}},"_links":{"self":[{"href":"https:\/\/hobstop.ee\/lt\/wp-json\/wp\/v2\/product\/311944","targetHints":{"allow":["GET"]}}],"collection":[{"href":"https:\/\/hobstop.ee\/lt\/wp-json\/wp\/v2\/product"}],"about":[{"href":"https:\/\/hobstop.ee\/lt\/wp-json\/wp\/v2\/types\/product"}],"replies":[{"embeddable":true,"href":"https:\/\/hobstop.ee\/lt\/wp-json\/wp\/v2\/comments?post=311944"}],"wp:featuredmedia":[{"embeddable":true,"href":"https:\/\/hobstop.ee\/lt\/wp-json\/wp\/v2\/media\/312424"}],"wp:attachment":[{"href":"https:\/\/hobstop.ee\/lt\/wp-json\/wp\/v2\/media?parent=311944"}],"wp:term":[{"taxonomy":"product_cat","embeddable":true,"href":"https:\/\/hobstop.ee\/lt\/wp-json\/wp\/v2\/product_cat?post=311944"},{"taxonomy":"product_tag","embeddable":true,"href":"https:\/\/hobstop.ee\/lt\/wp-json\/wp\/v2\/product_tag?post=311944"}],"curies":[{"name":"wp","href":"https:\/\/api.w.org\/{rel}","templated":true}]}}