{"id":311956,"date":"2018-06-28T14:15:19","date_gmt":"2018-06-28T11:15:19","guid":{"rendered":"https:\/\/sharks.ee\/vunder_2019\/lt\/product\/zymeklis-monami-sigmaflo-permanent-f-122\/"},"modified":"2018-06-28T14:15:19","modified_gmt":"2018-06-28T11:15:19","slug":"zymeklis-monami-sigmaflo-permanent-f-122","status":"publish","type":"product","link":"https:\/\/hobstop.ee\/lt\/produktas\/zymeklis-monami-sigmaflo-permanent-f-122\/","title":{"rendered":"\u017dymeklis Monami SigmaFlo Permanent F 122"},"content":{"rendered":"<p>Permanentinis markeris plonu galiuku \u201eMonami SigmaFlo F 122\u201c ra\u0161o plonai ir subtiliai. Alkoholio pagrindu pagamintais da\u017eais tinka ra\u0161yti ant \u012fvairi\u0173 pavir\u0161i\u0173 \u2013 stiklo, plastiko, metalo, medienos ir pan. Tiesiogin\u0117 da\u017e\u0173 padavimo sistema u\u017etikrina ilg\u0105 naudojim\u0105, yra ry\u0161kios spalvos, ilgiau nei\u0161d\u017ei\u016bsta neu\u017edengus dangtelio nei kiti filtro tipo markeriai. Ra\u0161o ry\u0161kiai ir vienodai iki paskutinio da\u017e\u0173 la\u0161o.<\/p>\n","protected":false},"excerpt":{"rendered":"<p>Permanentinis markeris plonu galiuku \u201eMonami SigmaFlo F 122\u201c ra\u0161o plonai ir subtiliai. Alkoholio pagrindu pagamintais da\u017eais tinka ra\u0161yti ant \u012fvairi\u0173 pavir\u0161i\u0173 \u2013 stiklo, plastiko, metalo, medienos ir pan. Tiesiogin\u0117 da\u017e\u0173 padavimo sistema u\u017etikrina ilg\u0105 naudojim\u0105, yra ry\u0161kios spalvos, ilgiau nei\u0161d\u017ei\u016bsta neu\u017edengus dangtelio nei kiti filtro tipo markeriai. Ra\u0161o ry\u0161kiai ir vienodai iki paskutinio da\u017e\u0173 la\u0161o.<\/p>\n","protected":false},"featured_media":312436,"comment_status":"closed","ping_status":"closed","template":"","meta":{"_acf_changed":false,"ep_exclude_from_search":false},"product_cat":[17042,19697],"product_tag":[],"class_list":{"0":"post-311956","1":"product","2":"type-product","3":"status-publish","4":"has-post-thumbnail","6":"product_cat-rasymo-priemones-2","7":"product_cat-zymekliai","9":"first","10":"instock","11":"taxable","12":"shipping-taxable","13":"purchasable","14":"product-type-simple"},"acf":[],"yoast_head":"<!-- This site is optimized with the Yoast SEO plugin v24.1 - https:\/\/yoast.com\/wordpress\/plugins\/seo\/ -->\n<title>\u017dymeklis Monami SigmaFlo Permanent F 122 &#8211; Skizze<\/title>\n<meta name=\"robots\" content=\"noindex, follow, max-snippet:-1, max-image-preview:large, max-video-preview:-1\" \/>\n<meta property=\"og:locale\" content=\"lt_LT\" \/>\n<meta property=\"og:type\" content=\"article\" \/>\n<meta property=\"og:title\" content=\"\u017dymeklis Monami SigmaFlo Permanent F 122 &#8211; Skizze\" \/>\n<meta property=\"og:description\" content=\"Permanentinis markeris plonu galiuku \u201eMonami SigmaFlo F 122\u201c ra\u0161o plonai ir subtiliai. Alkoholio pagrindu pagamintais da\u017eais tinka ra\u0161yti ant \u012fvairi\u0173 pavir\u0161i\u0173 \u2013 stiklo, plastiko, metalo, medienos ir pan. Tiesiogin\u0117 da\u017e\u0173 padavimo sistema u\u017etikrina ilg\u0105 naudojim\u0105, yra ry\u0161kios spalvos, ilgiau nei\u0161d\u017ei\u016bsta neu\u017edengus dangtelio nei kiti filtro tipo markeriai. Ra\u0161o ry\u0161kiai ir vienodai iki paskutinio da\u017e\u0173 la\u0161o.\" \/>\n<meta property=\"og:url\" content=\"https:\/\/hobstop.ee\/lt\/produktas\/zymeklis-monami-sigmaflo-permanent-f-122\/\" \/>\n<meta property=\"og:site_name\" content=\"Skizze\" \/>\n<meta property=\"article:publisher\" content=\"http:\/\/www.facebook.com\/VunderSkizze\" \/>\n<meta property=\"og:image\" content=\"https:\/\/hobstop.ee\/media\/4764.jpg\" \/>\n\t<meta property=\"og:image:width\" content=\"1024\" \/>\n\t<meta property=\"og:image:height\" content=\"768\" \/>\n\t<meta property=\"og:image:type\" content=\"image\/jpeg\" \/>\n<meta name=\"twitter:card\" content=\"summary_large_image\" \/>\n<script type=\"application\/ld+json\" class=\"yoast-schema-graph\">{\"@context\":\"https:\/\/schema.org\",\"@graph\":[{\"@type\":\"WebPage\",\"@id\":\"https:\/\/hobstop.ee\/lt\/produktas\/zymeklis-monami-sigmaflo-permanent-f-122\/\",\"url\":\"https:\/\/hobstop.ee\/lt\/produktas\/zymeklis-monami-sigmaflo-permanent-f-122\/\",\"name\":\"\u017dymeklis Monami SigmaFlo Permanent F 122 &#8211; Skizze\",\"isPartOf\":{\"@id\":\"https:\/\/hobstop.ee\/lt\/#website\"},\"primaryImageOfPage\":{\"@id\":\"https:\/\/hobstop.ee\/lt\/produktas\/zymeklis-monami-sigmaflo-permanent-f-122\/#primaryimage\"},\"image\":{\"@id\":\"https:\/\/hobstop.ee\/lt\/produktas\/zymeklis-monami-sigmaflo-permanent-f-122\/#primaryimage\"},\"thumbnailUrl\":\"https:\/\/hobstop.ee\/media\/4764.jpg\",\"datePublished\":\"2018-06-28T11:15:19+00:00\",\"dateModified\":\"2018-06-28T11:15:19+00:00\",\"breadcrumb\":{\"@id\":\"https:\/\/hobstop.ee\/lt\/produktas\/zymeklis-monami-sigmaflo-permanent-f-122\/#breadcrumb\"},\"inLanguage\":\"lt\",\"potentialAction\":[{\"@type\":\"ReadAction\",\"target\":[\"https:\/\/hobstop.ee\/lt\/produktas\/zymeklis-monami-sigmaflo-permanent-f-122\/\"]}]},{\"@type\":\"ImageObject\",\"inLanguage\":\"lt\",\"@id\":\"https:\/\/hobstop.ee\/lt\/produktas\/zymeklis-monami-sigmaflo-permanent-f-122\/#primaryimage\",\"url\":\"https:\/\/hobstop.ee\/media\/4764.jpg\",\"contentUrl\":\"https:\/\/hobstop.ee\/media\/4764.jpg\",\"width\":1024,\"height\":768},{\"@type\":\"BreadcrumbList\",\"@id\":\"https:\/\/hobstop.ee\/lt\/produktas\/zymeklis-monami-sigmaflo-permanent-f-122\/#breadcrumb\",\"itemListElement\":[{\"@type\":\"ListItem\",\"position\":1,\"name\":\"Avaleht\",\"item\":\"https:\/\/hobstop.ee\/lt\/\"},{\"@type\":\"ListItem\",\"position\":2,\"name\":\"Parduotuv\u0117\",\"item\":\"https:\/\/hobstop.ee\/lt\/parduotuve\/\"},{\"@type\":\"ListItem\",\"position\":3,\"name\":\"\u017dymeklis Monami SigmaFlo Permanent F 122\"}]},{\"@type\":\"WebSite\",\"@id\":\"https:\/\/hobstop.ee\/lt\/#website\",\"url\":\"https:\/\/hobstop.ee\/lt\/\",\"name\":\"Skizze\",\"description\":\"Dail\u0117s, pom\u0117gi\u0173 ir mokykliniai reikm\u0117nys\",\"publisher\":{\"@id\":\"https:\/\/hobstop.ee\/lt\/#organization\"},\"potentialAction\":[{\"@type\":\"SearchAction\",\"target\":{\"@type\":\"EntryPoint\",\"urlTemplate\":\"https:\/\/hobstop.ee\/lt\/?s={search_term_string}\"},\"query-input\":{\"@type\":\"PropertyValueSpecification\",\"valueRequired\":true,\"valueName\":\"search_term_string\"}}],\"inLanguage\":\"lt\"},{\"@type\":\"Organization\",\"@id\":\"https:\/\/hobstop.ee\/lt\/#organization\",\"name\":\"Vunder AS\",\"url\":\"https:\/\/hobstop.ee\/lt\/\",\"logo\":{\"@type\":\"ImageObject\",\"inLanguage\":\"lt\",\"@id\":\"https:\/\/hobstop.ee\/lt\/#\/schema\/logo\/image\/\",\"url\":\"https:\/\/hobstop.ee\/media\/vunder-logo.png\",\"contentUrl\":\"https:\/\/hobstop.ee\/media\/vunder-logo.png\",\"width\":127,\"height\":55,\"caption\":\"Vunder AS\"},\"image\":{\"@id\":\"https:\/\/hobstop.ee\/lt\/#\/schema\/logo\/image\/\"},\"sameAs\":[\"http:\/\/www.facebook.com\/VunderSkizze\"]}]}<\/script>\n<!-- \/ Yoast SEO plugin. -->","yoast_head_json":{"title":"\u017dymeklis Monami SigmaFlo Permanent F 122 &#8211; Skizze","robots":{"index":"noindex","follow":"follow","max-snippet":"max-snippet:-1","max-image-preview":"max-image-preview:large","max-video-preview":"max-video-preview:-1"},"og_locale":"lt_LT","og_type":"article","og_title":"\u017dymeklis Monami SigmaFlo Permanent F 122 &#8211; Skizze","og_description":"Permanentinis markeris plonu galiuku \u201eMonami SigmaFlo F 122\u201c ra\u0161o plonai ir subtiliai. Alkoholio pagrindu pagamintais da\u017eais tinka ra\u0161yti ant \u012fvairi\u0173 pavir\u0161i\u0173 \u2013 stiklo, plastiko, metalo, medienos ir pan. Tiesiogin\u0117 da\u017e\u0173 padavimo sistema u\u017etikrina ilg\u0105 naudojim\u0105, yra ry\u0161kios spalvos, ilgiau nei\u0161d\u017ei\u016bsta neu\u017edengus dangtelio nei kiti filtro tipo markeriai. Ra\u0161o ry\u0161kiai ir vienodai iki paskutinio da\u017e\u0173 la\u0161o.","og_url":"https:\/\/hobstop.ee\/lt\/produktas\/zymeklis-monami-sigmaflo-permanent-f-122\/","og_site_name":"Skizze","article_publisher":"http:\/\/www.facebook.com\/VunderSkizze","og_image":[{"width":1024,"height":768,"url":"https:\/\/hobstop.ee\/media\/4764.jpg","type":"image\/jpeg"}],"twitter_card":"summary_large_image","schema":{"@context":"https:\/\/schema.org","@graph":[{"@type":"WebPage","@id":"https:\/\/hobstop.ee\/lt\/produktas\/zymeklis-monami-sigmaflo-permanent-f-122\/","url":"https:\/\/hobstop.ee\/lt\/produktas\/zymeklis-monami-sigmaflo-permanent-f-122\/","name":"\u017dymeklis Monami SigmaFlo Permanent F 122 &#8211; Skizze","isPartOf":{"@id":"https:\/\/hobstop.ee\/lt\/#website"},"primaryImageOfPage":{"@id":"https:\/\/hobstop.ee\/lt\/produktas\/zymeklis-monami-sigmaflo-permanent-f-122\/#primaryimage"},"image":{"@id":"https:\/\/hobstop.ee\/lt\/produktas\/zymeklis-monami-sigmaflo-permanent-f-122\/#primaryimage"},"thumbnailUrl":"https:\/\/hobstop.ee\/media\/4764.jpg","datePublished":"2018-06-28T11:15:19+00:00","dateModified":"2018-06-28T11:15:19+00:00","breadcrumb":{"@id":"https:\/\/hobstop.ee\/lt\/produktas\/zymeklis-monami-sigmaflo-permanent-f-122\/#breadcrumb"},"inLanguage":"lt","potentialAction":[{"@type":"ReadAction","target":["https:\/\/hobstop.ee\/lt\/produktas\/zymeklis-monami-sigmaflo-permanent-f-122\/"]}]},{"@type":"ImageObject","inLanguage":"lt","@id":"https:\/\/hobstop.ee\/lt\/produktas\/zymeklis-monami-sigmaflo-permanent-f-122\/#primaryimage","url":"https:\/\/hobstop.ee\/media\/4764.jpg","contentUrl":"https:\/\/hobstop.ee\/media\/4764.jpg","width":1024,"height":768},{"@type":"BreadcrumbList","@id":"https:\/\/hobstop.ee\/lt\/produktas\/zymeklis-monami-sigmaflo-permanent-f-122\/#breadcrumb","itemListElement":[{"@type":"ListItem","position":1,"name":"Avaleht","item":"https:\/\/hobstop.ee\/lt\/"},{"@type":"ListItem","position":2,"name":"Parduotuv\u0117","item":"https:\/\/hobstop.ee\/lt\/parduotuve\/"},{"@type":"ListItem","position":3,"name":"\u017dymeklis Monami SigmaFlo Permanent F 122"}]},{"@type":"WebSite","@id":"https:\/\/hobstop.ee\/lt\/#website","url":"https:\/\/hobstop.ee\/lt\/","name":"Skizze","description":"Dail\u0117s, pom\u0117gi\u0173 ir mokykliniai reikm\u0117nys","publisher":{"@id":"https:\/\/hobstop.ee\/lt\/#organization"},"potentialAction":[{"@type":"SearchAction","target":{"@type":"EntryPoint","urlTemplate":"https:\/\/hobstop.ee\/lt\/?s={search_term_string}"},"query-input":{"@type":"PropertyValueSpecification","valueRequired":true,"valueName":"search_term_string"}}],"inLanguage":"lt"},{"@type":"Organization","@id":"https:\/\/hobstop.ee\/lt\/#organization","name":"Vunder AS","url":"https:\/\/hobstop.ee\/lt\/","logo":{"@type":"ImageObject","inLanguage":"lt","@id":"https:\/\/hobstop.ee\/lt\/#\/schema\/logo\/image\/","url":"https:\/\/hobstop.ee\/media\/vunder-logo.png","contentUrl":"https:\/\/hobstop.ee\/media\/vunder-logo.png","width":127,"height":55,"caption":"Vunder AS"},"image":{"@id":"https:\/\/hobstop.ee\/lt\/#\/schema\/logo\/image\/"},"sameAs":["http:\/\/www.facebook.com\/VunderSkizze"]}]}},"_links":{"self":[{"href":"https:\/\/hobstop.ee\/lt\/wp-json\/wp\/v2\/product\/311956","targetHints":{"allow":["GET"]}}],"collection":[{"href":"https:\/\/hobstop.ee\/lt\/wp-json\/wp\/v2\/product"}],"about":[{"href":"https:\/\/hobstop.ee\/lt\/wp-json\/wp\/v2\/types\/product"}],"replies":[{"embeddable":true,"href":"https:\/\/hobstop.ee\/lt\/wp-json\/wp\/v2\/comments?post=311956"}],"wp:featuredmedia":[{"embeddable":true,"href":"https:\/\/hobstop.ee\/lt\/wp-json\/wp\/v2\/media\/312436"}],"wp:attachment":[{"href":"https:\/\/hobstop.ee\/lt\/wp-json\/wp\/v2\/media?parent=311956"}],"wp:term":[{"taxonomy":"product_cat","embeddable":true,"href":"https:\/\/hobstop.ee\/lt\/wp-json\/wp\/v2\/product_cat?post=311956"},{"taxonomy":"product_tag","embeddable":true,"href":"https:\/\/hobstop.ee\/lt\/wp-json\/wp\/v2\/product_tag?post=311956"}],"curies":[{"name":"wp","href":"https:\/\/api.w.org\/{rel}","templated":true}]}}