{"id":311972,"date":"2018-06-28T14:15:25","date_gmt":"2018-06-28T11:15:25","guid":{"rendered":"https:\/\/sharks.ee\/vunder_2019\/lt\/product\/teptukas-raphael-kolinsky-s-8404-apvalus\/"},"modified":"2018-06-28T14:15:25","modified_gmt":"2018-06-28T11:15:25","slug":"teptukas-raphael-kolinsky-s-8404-apvalus","status":"publish","type":"product","link":"https:\/\/hobstop.ee\/lt\/produktas\/teptukas-raphael-kolinsky-s-8404-apvalus\/","title":{"rendered":"Teptukas Raphael Kolinsky S 8404 apvalus"},"content":{"rendered":"<p>Kolinsky sabalas, dar \u017einomas, kaip Sibiro audin\u0117, yra Rusijos ir Kinijos \u0161iaur\u0117je paplit\u0119s gyv\u016bnas. Jo kailis yra nepakartojamai tamprus, elastingas ir tvirtas. Unikalus rusvas auksu blizgantis raudonas pluo\u0161tas puikiai tinka subtiliems ir tiksliems darbams. Plaukeliai puikiai sulaiko da\u017eus, tod\u0117l tai yra idealus pluo\u0161tas \u012fvairi\u0173 r\u016b\u0161i\u0173 meninink\u0173 teptukams. \u0160ie teptukai yra lyginami su \u201eRolls Royce\u201c \u2013  tam tikrais istorijos laikotarpiais j\u0173 pluo\u0161to gramas kainavo brangiau nei gramas aukso. Kad b\u016bt\u0173 garantuota kokyb\u0117, kiekvienas \u201eS\u201c teptukas yra i\u0161bandomas individualiai. Su nikeliuoto \u017ealvario mova.<br \/>\nTapymo technika: akvareliniai da\u017eai<br \/>\nNaudojimas: detal\u0117s, kont\u016brai<\/p>\n","protected":false},"excerpt":{"rendered":"<p>Kolinsky sabalas, dar \u017einomas, kaip Sibiro audin\u0117, yra Rusijos ir Kinijos \u0161iaur\u0117je paplit\u0119s gyv\u016bnas. Jo kailis yra nepakartojamai tamprus, elastingas ir tvirtas. Unikalus rusvas auksu blizgantis raudonas pluo\u0161tas puikiai tinka subtiliems ir tiksliems darbams. Plaukeliai puikiai sulaiko da\u017eus, tod\u0117l tai yra idealus pluo\u0161tas \u012fvairi\u0173 r\u016b\u0161i\u0173 meninink\u0173 teptukams. \u0160ie teptukai yra lyginami su \u201eRolls Royce\u201c \u2013 tam tikrais istorijos laikotarpiais j\u0173 pluo\u0161to gramas kainavo brangiau nei gramas aukso. Kad b\u016bt\u0173 garantuota kokyb\u0117, kiekvienas \u201eS\u201c teptukas yra i\u0161bandomas individualiai. Su nikeliuoto \u017ealvario mova. Tapymo technika: akvareliniai da\u017eai Naudojimas: detal\u0117s, kont\u016brai<\/p>\n","protected":false},"featured_media":312452,"comment_status":"closed","ping_status":"closed","template":"","meta":{"_acf_changed":false,"ep_exclude_from_search":false},"product_cat":[16124,18393,18651],"product_tag":[],"class_list":{"0":"post-311972","1":"product","2":"type-product","3":"status-publish","4":"has-post-thumbnail","6":"product_cat-dailes-prekes","7":"product_cat-sabalo-plauko-teptukai","8":"product_cat-teptukai-ir-irankiai-tapymui","10":"first","11":"instock","12":"taxable","13":"shipping-taxable","14":"purchasable","15":"product-type-simple"},"acf":[],"yoast_head":"<!-- This site is optimized with the Yoast SEO plugin v24.1 - https:\/\/yoast.com\/wordpress\/plugins\/seo\/ -->\n<title>Teptukas Raphael Kolinsky S 8404 apvalus &#8211; Skizze<\/title>\n<meta name=\"robots\" content=\"noindex, follow, max-snippet:-1, max-image-preview:large, max-video-preview:-1\" \/>\n<meta property=\"og:locale\" content=\"lt_LT\" \/>\n<meta property=\"og:type\" content=\"article\" \/>\n<meta property=\"og:title\" content=\"Teptukas Raphael Kolinsky S 8404 apvalus &#8211; Skizze\" \/>\n<meta property=\"og:description\" content=\"Kolinsky sabalas, dar \u017einomas, kaip Sibiro audin\u0117, yra Rusijos ir Kinijos \u0161iaur\u0117je paplit\u0119s gyv\u016bnas. Jo kailis yra nepakartojamai tamprus, elastingas ir tvirtas. Unikalus rusvas auksu blizgantis raudonas pluo\u0161tas puikiai tinka subtiliems ir tiksliems darbams. Plaukeliai puikiai sulaiko da\u017eus, tod\u0117l tai yra idealus pluo\u0161tas \u012fvairi\u0173 r\u016b\u0161i\u0173 meninink\u0173 teptukams. \u0160ie teptukai yra lyginami su \u201eRolls Royce\u201c \u2013 tam tikrais istorijos laikotarpiais j\u0173 pluo\u0161to gramas kainavo brangiau nei gramas aukso. Kad b\u016bt\u0173 garantuota kokyb\u0117, kiekvienas \u201eS\u201c teptukas yra i\u0161bandomas individualiai. Su nikeliuoto \u017ealvario mova. Tapymo technika: akvareliniai da\u017eai Naudojimas: detal\u0117s, kont\u016brai\" \/>\n<meta property=\"og:url\" content=\"https:\/\/hobstop.ee\/lt\/produktas\/teptukas-raphael-kolinsky-s-8404-apvalus\/\" \/>\n<meta property=\"og:site_name\" content=\"Skizze\" \/>\n<meta property=\"article:publisher\" content=\"http:\/\/www.facebook.com\/VunderSkizze\" \/>\n<meta property=\"og:image\" content=\"https:\/\/hobstop.ee\/media\/4770.jpg\" \/>\n\t<meta property=\"og:image:width\" content=\"1024\" \/>\n\t<meta property=\"og:image:height\" content=\"768\" \/>\n\t<meta property=\"og:image:type\" content=\"image\/jpeg\" \/>\n<meta name=\"twitter:card\" content=\"summary_large_image\" \/>\n<meta name=\"twitter:label1\" content=\"Est. reading time\" \/>\n\t<meta name=\"twitter:data1\" content=\"1 minute\" \/>\n<script type=\"application\/ld+json\" class=\"yoast-schema-graph\">{\"@context\":\"https:\/\/schema.org\",\"@graph\":[{\"@type\":\"WebPage\",\"@id\":\"https:\/\/hobstop.ee\/lt\/produktas\/teptukas-raphael-kolinsky-s-8404-apvalus\/\",\"url\":\"https:\/\/hobstop.ee\/lt\/produktas\/teptukas-raphael-kolinsky-s-8404-apvalus\/\",\"name\":\"Teptukas Raphael Kolinsky S 8404 apvalus &#8211; Skizze\",\"isPartOf\":{\"@id\":\"https:\/\/hobstop.ee\/lt\/#website\"},\"primaryImageOfPage\":{\"@id\":\"https:\/\/hobstop.ee\/lt\/produktas\/teptukas-raphael-kolinsky-s-8404-apvalus\/#primaryimage\"},\"image\":{\"@id\":\"https:\/\/hobstop.ee\/lt\/produktas\/teptukas-raphael-kolinsky-s-8404-apvalus\/#primaryimage\"},\"thumbnailUrl\":\"https:\/\/hobstop.ee\/media\/4770.jpg\",\"datePublished\":\"2018-06-28T11:15:25+00:00\",\"dateModified\":\"2018-06-28T11:15:25+00:00\",\"breadcrumb\":{\"@id\":\"https:\/\/hobstop.ee\/lt\/produktas\/teptukas-raphael-kolinsky-s-8404-apvalus\/#breadcrumb\"},\"inLanguage\":\"lt\",\"potentialAction\":[{\"@type\":\"ReadAction\",\"target\":[\"https:\/\/hobstop.ee\/lt\/produktas\/teptukas-raphael-kolinsky-s-8404-apvalus\/\"]}]},{\"@type\":\"ImageObject\",\"inLanguage\":\"lt\",\"@id\":\"https:\/\/hobstop.ee\/lt\/produktas\/teptukas-raphael-kolinsky-s-8404-apvalus\/#primaryimage\",\"url\":\"https:\/\/hobstop.ee\/media\/4770.jpg\",\"contentUrl\":\"https:\/\/hobstop.ee\/media\/4770.jpg\",\"width\":1024,\"height\":768},{\"@type\":\"BreadcrumbList\",\"@id\":\"https:\/\/hobstop.ee\/lt\/produktas\/teptukas-raphael-kolinsky-s-8404-apvalus\/#breadcrumb\",\"itemListElement\":[{\"@type\":\"ListItem\",\"position\":1,\"name\":\"Avaleht\",\"item\":\"https:\/\/hobstop.ee\/lt\/\"},{\"@type\":\"ListItem\",\"position\":2,\"name\":\"Parduotuv\u0117\",\"item\":\"https:\/\/hobstop.ee\/lt\/parduotuve\/\"},{\"@type\":\"ListItem\",\"position\":3,\"name\":\"Teptukas Raphael Kolinsky S 8404 apvalus\"}]},{\"@type\":\"WebSite\",\"@id\":\"https:\/\/hobstop.ee\/lt\/#website\",\"url\":\"https:\/\/hobstop.ee\/lt\/\",\"name\":\"Skizze\",\"description\":\"Dail\u0117s, pom\u0117gi\u0173 ir mokykliniai reikm\u0117nys\",\"publisher\":{\"@id\":\"https:\/\/hobstop.ee\/lt\/#organization\"},\"potentialAction\":[{\"@type\":\"SearchAction\",\"target\":{\"@type\":\"EntryPoint\",\"urlTemplate\":\"https:\/\/hobstop.ee\/lt\/?s={search_term_string}\"},\"query-input\":{\"@type\":\"PropertyValueSpecification\",\"valueRequired\":true,\"valueName\":\"search_term_string\"}}],\"inLanguage\":\"lt\"},{\"@type\":\"Organization\",\"@id\":\"https:\/\/hobstop.ee\/lt\/#organization\",\"name\":\"Vunder AS\",\"url\":\"https:\/\/hobstop.ee\/lt\/\",\"logo\":{\"@type\":\"ImageObject\",\"inLanguage\":\"lt\",\"@id\":\"https:\/\/hobstop.ee\/lt\/#\/schema\/logo\/image\/\",\"url\":\"https:\/\/hobstop.ee\/media\/vunder-logo.png\",\"contentUrl\":\"https:\/\/hobstop.ee\/media\/vunder-logo.png\",\"width\":127,\"height\":55,\"caption\":\"Vunder AS\"},\"image\":{\"@id\":\"https:\/\/hobstop.ee\/lt\/#\/schema\/logo\/image\/\"},\"sameAs\":[\"http:\/\/www.facebook.com\/VunderSkizze\"]}]}<\/script>\n<!-- \/ Yoast SEO plugin. -->","yoast_head_json":{"title":"Teptukas Raphael Kolinsky S 8404 apvalus &#8211; Skizze","robots":{"index":"noindex","follow":"follow","max-snippet":"max-snippet:-1","max-image-preview":"max-image-preview:large","max-video-preview":"max-video-preview:-1"},"og_locale":"lt_LT","og_type":"article","og_title":"Teptukas Raphael Kolinsky S 8404 apvalus &#8211; Skizze","og_description":"Kolinsky sabalas, dar \u017einomas, kaip Sibiro audin\u0117, yra Rusijos ir Kinijos \u0161iaur\u0117je paplit\u0119s gyv\u016bnas. Jo kailis yra nepakartojamai tamprus, elastingas ir tvirtas. Unikalus rusvas auksu blizgantis raudonas pluo\u0161tas puikiai tinka subtiliems ir tiksliems darbams. Plaukeliai puikiai sulaiko da\u017eus, tod\u0117l tai yra idealus pluo\u0161tas \u012fvairi\u0173 r\u016b\u0161i\u0173 meninink\u0173 teptukams. \u0160ie teptukai yra lyginami su \u201eRolls Royce\u201c \u2013 tam tikrais istorijos laikotarpiais j\u0173 pluo\u0161to gramas kainavo brangiau nei gramas aukso. Kad b\u016bt\u0173 garantuota kokyb\u0117, kiekvienas \u201eS\u201c teptukas yra i\u0161bandomas individualiai. Su nikeliuoto \u017ealvario mova. Tapymo technika: akvareliniai da\u017eai Naudojimas: detal\u0117s, kont\u016brai","og_url":"https:\/\/hobstop.ee\/lt\/produktas\/teptukas-raphael-kolinsky-s-8404-apvalus\/","og_site_name":"Skizze","article_publisher":"http:\/\/www.facebook.com\/VunderSkizze","og_image":[{"width":1024,"height":768,"url":"https:\/\/hobstop.ee\/media\/4770.jpg","type":"image\/jpeg"}],"twitter_card":"summary_large_image","twitter_misc":{"Est. reading time":"1 minute"},"schema":{"@context":"https:\/\/schema.org","@graph":[{"@type":"WebPage","@id":"https:\/\/hobstop.ee\/lt\/produktas\/teptukas-raphael-kolinsky-s-8404-apvalus\/","url":"https:\/\/hobstop.ee\/lt\/produktas\/teptukas-raphael-kolinsky-s-8404-apvalus\/","name":"Teptukas Raphael Kolinsky S 8404 apvalus &#8211; Skizze","isPartOf":{"@id":"https:\/\/hobstop.ee\/lt\/#website"},"primaryImageOfPage":{"@id":"https:\/\/hobstop.ee\/lt\/produktas\/teptukas-raphael-kolinsky-s-8404-apvalus\/#primaryimage"},"image":{"@id":"https:\/\/hobstop.ee\/lt\/produktas\/teptukas-raphael-kolinsky-s-8404-apvalus\/#primaryimage"},"thumbnailUrl":"https:\/\/hobstop.ee\/media\/4770.jpg","datePublished":"2018-06-28T11:15:25+00:00","dateModified":"2018-06-28T11:15:25+00:00","breadcrumb":{"@id":"https:\/\/hobstop.ee\/lt\/produktas\/teptukas-raphael-kolinsky-s-8404-apvalus\/#breadcrumb"},"inLanguage":"lt","potentialAction":[{"@type":"ReadAction","target":["https:\/\/hobstop.ee\/lt\/produktas\/teptukas-raphael-kolinsky-s-8404-apvalus\/"]}]},{"@type":"ImageObject","inLanguage":"lt","@id":"https:\/\/hobstop.ee\/lt\/produktas\/teptukas-raphael-kolinsky-s-8404-apvalus\/#primaryimage","url":"https:\/\/hobstop.ee\/media\/4770.jpg","contentUrl":"https:\/\/hobstop.ee\/media\/4770.jpg","width":1024,"height":768},{"@type":"BreadcrumbList","@id":"https:\/\/hobstop.ee\/lt\/produktas\/teptukas-raphael-kolinsky-s-8404-apvalus\/#breadcrumb","itemListElement":[{"@type":"ListItem","position":1,"name":"Avaleht","item":"https:\/\/hobstop.ee\/lt\/"},{"@type":"ListItem","position":2,"name":"Parduotuv\u0117","item":"https:\/\/hobstop.ee\/lt\/parduotuve\/"},{"@type":"ListItem","position":3,"name":"Teptukas Raphael Kolinsky S 8404 apvalus"}]},{"@type":"WebSite","@id":"https:\/\/hobstop.ee\/lt\/#website","url":"https:\/\/hobstop.ee\/lt\/","name":"Skizze","description":"Dail\u0117s, pom\u0117gi\u0173 ir mokykliniai reikm\u0117nys","publisher":{"@id":"https:\/\/hobstop.ee\/lt\/#organization"},"potentialAction":[{"@type":"SearchAction","target":{"@type":"EntryPoint","urlTemplate":"https:\/\/hobstop.ee\/lt\/?s={search_term_string}"},"query-input":{"@type":"PropertyValueSpecification","valueRequired":true,"valueName":"search_term_string"}}],"inLanguage":"lt"},{"@type":"Organization","@id":"https:\/\/hobstop.ee\/lt\/#organization","name":"Vunder AS","url":"https:\/\/hobstop.ee\/lt\/","logo":{"@type":"ImageObject","inLanguage":"lt","@id":"https:\/\/hobstop.ee\/lt\/#\/schema\/logo\/image\/","url":"https:\/\/hobstop.ee\/media\/vunder-logo.png","contentUrl":"https:\/\/hobstop.ee\/media\/vunder-logo.png","width":127,"height":55,"caption":"Vunder AS"},"image":{"@id":"https:\/\/hobstop.ee\/lt\/#\/schema\/logo\/image\/"},"sameAs":["http:\/\/www.facebook.com\/VunderSkizze"]}]}},"_links":{"self":[{"href":"https:\/\/hobstop.ee\/lt\/wp-json\/wp\/v2\/product\/311972","targetHints":{"allow":["GET"]}}],"collection":[{"href":"https:\/\/hobstop.ee\/lt\/wp-json\/wp\/v2\/product"}],"about":[{"href":"https:\/\/hobstop.ee\/lt\/wp-json\/wp\/v2\/types\/product"}],"replies":[{"embeddable":true,"href":"https:\/\/hobstop.ee\/lt\/wp-json\/wp\/v2\/comments?post=311972"}],"wp:featuredmedia":[{"embeddable":true,"href":"https:\/\/hobstop.ee\/lt\/wp-json\/wp\/v2\/media\/312452"}],"wp:attachment":[{"href":"https:\/\/hobstop.ee\/lt\/wp-json\/wp\/v2\/media?parent=311972"}],"wp:term":[{"taxonomy":"product_cat","embeddable":true,"href":"https:\/\/hobstop.ee\/lt\/wp-json\/wp\/v2\/product_cat?post=311972"},{"taxonomy":"product_tag","embeddable":true,"href":"https:\/\/hobstop.ee\/lt\/wp-json\/wp\/v2\/product_tag?post=311972"}],"curies":[{"name":"wp","href":"https:\/\/api.w.org\/{rel}","templated":true}]}}