{"id":311976,"date":"2018-06-28T14:15:26","date_gmt":"2018-06-28T11:15:26","guid":{"rendered":"https:\/\/sharks.ee\/vunder_2019\/lt\/product\/reples-drobei-sennelier\/"},"modified":"2018-06-28T14:15:26","modified_gmt":"2018-06-28T11:15:26","slug":"reples-drobei-sennelier","status":"publish","type":"product","link":"https:\/\/hobstop.ee\/lt\/produktas\/reples-drobei-sennelier\/","title":{"rendered":"Repl\u0117s drobei Sennelier"},"content":{"rendered":"<p>Repl\u0117s drobei \u012ftempti ant por\u0117mio. Repl\u0117s leid\u017eia saugiai suimti drob\u0119 ir tampa tarsi svertas \u012ftempiant drob\u0119. Drobi\u0173 repl\u0117s yra skirtos menininkams, kurie \u012ftempia drob\u0119 patys, taip pat didesn\u0117ms drob\u0117ms \u012ftempti. Repl\u0117s drobei \u012ftempti \u201eSennelier\u201c yra pagamintos i\u0161 ketaus, su spyruokle ir fiksuojan\u010diu \u017eiedu. \u017dnypli\u0173 plotis yra 70mm.<\/p>\n","protected":false},"excerpt":{"rendered":"<p>Repl\u0117s drobei \u012ftempti ant por\u0117mio. Repl\u0117s leid\u017eia saugiai suimti drob\u0119 ir tampa tarsi svertas \u012ftempiant drob\u0119. Drobi\u0173 repl\u0117s yra skirtos menininkams, kurie \u012ftempia drob\u0119 patys, taip pat didesn\u0117ms drob\u0117ms \u012ftempti. Repl\u0117s drobei \u012ftempti \u201eSennelier\u201c yra pagamintos i\u0161 ketaus, su spyruokle ir fiksuojan\u010diu \u017eiedu. \u017dnypli\u0173 plotis yra 70mm.<\/p>\n","protected":false},"featured_media":312456,"comment_status":"closed","ping_status":"closed","template":"","meta":{"_acf_changed":false,"ep_exclude_from_search":false},"product_cat":[16124,18768,18651],"product_tag":[],"class_list":{"0":"post-311976","1":"product","2":"type-product","3":"status-publish","4":"has-post-thumbnail","6":"product_cat-dailes-prekes","7":"product_cat-ivairus-26","8":"product_cat-teptukai-ir-irankiai-tapymui","10":"first","11":"instock","12":"taxable","13":"shipping-taxable","14":"purchasable","15":"product-type-simple"},"acf":[],"yoast_head":"<!-- This site is optimized with the Yoast SEO plugin v24.1 - https:\/\/yoast.com\/wordpress\/plugins\/seo\/ -->\n<title>Repl\u0117s drobei Sennelier &#8211; Skizze<\/title>\n<meta name=\"robots\" content=\"noindex, follow, max-snippet:-1, max-image-preview:large, max-video-preview:-1\" \/>\n<meta property=\"og:locale\" content=\"lt_LT\" \/>\n<meta property=\"og:type\" content=\"article\" \/>\n<meta property=\"og:title\" content=\"Repl\u0117s drobei Sennelier &#8211; Skizze\" \/>\n<meta property=\"og:description\" content=\"Repl\u0117s drobei \u012ftempti ant por\u0117mio. Repl\u0117s leid\u017eia saugiai suimti drob\u0119 ir tampa tarsi svertas \u012ftempiant drob\u0119. Drobi\u0173 repl\u0117s yra skirtos menininkams, kurie \u012ftempia drob\u0119 patys, taip pat didesn\u0117ms drob\u0117ms \u012ftempti. Repl\u0117s drobei \u012ftempti \u201eSennelier\u201c yra pagamintos i\u0161 ketaus, su spyruokle ir fiksuojan\u010diu \u017eiedu. \u017dnypli\u0173 plotis yra 70mm.\" \/>\n<meta property=\"og:url\" content=\"https:\/\/hobstop.ee\/lt\/produktas\/reples-drobei-sennelier\/\" \/>\n<meta property=\"og:site_name\" content=\"Skizze\" \/>\n<meta property=\"article:publisher\" content=\"http:\/\/www.facebook.com\/VunderSkizze\" \/>\n<meta property=\"og:image\" content=\"https:\/\/hobstop.ee\/media\/4771.jpg\" \/>\n\t<meta property=\"og:image:width\" content=\"1024\" \/>\n\t<meta property=\"og:image:height\" content=\"768\" \/>\n\t<meta property=\"og:image:type\" content=\"image\/jpeg\" \/>\n<meta name=\"twitter:card\" content=\"summary_large_image\" \/>\n<script type=\"application\/ld+json\" class=\"yoast-schema-graph\">{\"@context\":\"https:\/\/schema.org\",\"@graph\":[{\"@type\":\"WebPage\",\"@id\":\"https:\/\/hobstop.ee\/lt\/produktas\/reples-drobei-sennelier\/\",\"url\":\"https:\/\/hobstop.ee\/lt\/produktas\/reples-drobei-sennelier\/\",\"name\":\"Repl\u0117s drobei Sennelier &#8211; Skizze\",\"isPartOf\":{\"@id\":\"https:\/\/www.hobstop.ee\/lt\/#website\"},\"primaryImageOfPage\":{\"@id\":\"https:\/\/hobstop.ee\/lt\/produktas\/reples-drobei-sennelier\/#primaryimage\"},\"image\":{\"@id\":\"https:\/\/hobstop.ee\/lt\/produktas\/reples-drobei-sennelier\/#primaryimage\"},\"thumbnailUrl\":\"https:\/\/hobstop.ee\/media\/4771.jpg\",\"datePublished\":\"2018-06-28T11:15:26+00:00\",\"dateModified\":\"2018-06-28T11:15:26+00:00\",\"breadcrumb\":{\"@id\":\"https:\/\/hobstop.ee\/lt\/produktas\/reples-drobei-sennelier\/#breadcrumb\"},\"inLanguage\":\"lt\",\"potentialAction\":[{\"@type\":\"ReadAction\",\"target\":[\"https:\/\/hobstop.ee\/lt\/produktas\/reples-drobei-sennelier\/\"]}]},{\"@type\":\"ImageObject\",\"inLanguage\":\"lt\",\"@id\":\"https:\/\/hobstop.ee\/lt\/produktas\/reples-drobei-sennelier\/#primaryimage\",\"url\":\"https:\/\/hobstop.ee\/media\/4771.jpg\",\"contentUrl\":\"https:\/\/hobstop.ee\/media\/4771.jpg\",\"width\":1024,\"height\":768},{\"@type\":\"BreadcrumbList\",\"@id\":\"https:\/\/hobstop.ee\/lt\/produktas\/reples-drobei-sennelier\/#breadcrumb\",\"itemListElement\":[{\"@type\":\"ListItem\",\"position\":1,\"name\":\"Avaleht\",\"item\":\"https:\/\/hobstop.ee\/lt\/\"},{\"@type\":\"ListItem\",\"position\":2,\"name\":\"Parduotuv\u0117\",\"item\":\"https:\/\/www.hobstop.ee\/lt\/parduotuve\/\"},{\"@type\":\"ListItem\",\"position\":3,\"name\":\"Repl\u0117s drobei Sennelier\"}]},{\"@type\":\"WebSite\",\"@id\":\"https:\/\/www.hobstop.ee\/lt\/#website\",\"url\":\"https:\/\/www.hobstop.ee\/lt\/\",\"name\":\"Skizze\",\"description\":\"Dail\u0117s, pom\u0117gi\u0173 ir mokykliniai reikm\u0117nys\",\"publisher\":{\"@id\":\"https:\/\/www.hobstop.ee\/lt\/#organization\"},\"potentialAction\":[{\"@type\":\"SearchAction\",\"target\":{\"@type\":\"EntryPoint\",\"urlTemplate\":\"https:\/\/www.hobstop.ee\/lt\/?s={search_term_string}\"},\"query-input\":{\"@type\":\"PropertyValueSpecification\",\"valueRequired\":true,\"valueName\":\"search_term_string\"}}],\"inLanguage\":\"lt\"},{\"@type\":\"Organization\",\"@id\":\"https:\/\/www.hobstop.ee\/lt\/#organization\",\"name\":\"Vunder AS\",\"url\":\"https:\/\/www.hobstop.ee\/lt\/\",\"logo\":{\"@type\":\"ImageObject\",\"inLanguage\":\"lt\",\"@id\":\"https:\/\/www.hobstop.ee\/lt\/#\/schema\/logo\/image\/\",\"url\":\"https:\/\/hobstop.ee\/media\/vunder-logo.png\",\"contentUrl\":\"https:\/\/hobstop.ee\/media\/vunder-logo.png\",\"width\":127,\"height\":55,\"caption\":\"Vunder AS\"},\"image\":{\"@id\":\"https:\/\/www.hobstop.ee\/lt\/#\/schema\/logo\/image\/\"},\"sameAs\":[\"http:\/\/www.facebook.com\/VunderSkizze\"]}]}<\/script>\n<!-- \/ Yoast SEO plugin. -->","yoast_head_json":{"title":"Repl\u0117s drobei Sennelier &#8211; Skizze","robots":{"index":"noindex","follow":"follow","max-snippet":"max-snippet:-1","max-image-preview":"max-image-preview:large","max-video-preview":"max-video-preview:-1"},"og_locale":"lt_LT","og_type":"article","og_title":"Repl\u0117s drobei Sennelier &#8211; Skizze","og_description":"Repl\u0117s drobei \u012ftempti ant por\u0117mio. Repl\u0117s leid\u017eia saugiai suimti drob\u0119 ir tampa tarsi svertas \u012ftempiant drob\u0119. Drobi\u0173 repl\u0117s yra skirtos menininkams, kurie \u012ftempia drob\u0119 patys, taip pat didesn\u0117ms drob\u0117ms \u012ftempti. Repl\u0117s drobei \u012ftempti \u201eSennelier\u201c yra pagamintos i\u0161 ketaus, su spyruokle ir fiksuojan\u010diu \u017eiedu. \u017dnypli\u0173 plotis yra 70mm.","og_url":"https:\/\/hobstop.ee\/lt\/produktas\/reples-drobei-sennelier\/","og_site_name":"Skizze","article_publisher":"http:\/\/www.facebook.com\/VunderSkizze","og_image":[{"width":1024,"height":768,"url":"https:\/\/hobstop.ee\/media\/4771.jpg","type":"image\/jpeg"}],"twitter_card":"summary_large_image","schema":{"@context":"https:\/\/schema.org","@graph":[{"@type":"WebPage","@id":"https:\/\/hobstop.ee\/lt\/produktas\/reples-drobei-sennelier\/","url":"https:\/\/hobstop.ee\/lt\/produktas\/reples-drobei-sennelier\/","name":"Repl\u0117s drobei Sennelier &#8211; Skizze","isPartOf":{"@id":"https:\/\/www.hobstop.ee\/lt\/#website"},"primaryImageOfPage":{"@id":"https:\/\/hobstop.ee\/lt\/produktas\/reples-drobei-sennelier\/#primaryimage"},"image":{"@id":"https:\/\/hobstop.ee\/lt\/produktas\/reples-drobei-sennelier\/#primaryimage"},"thumbnailUrl":"https:\/\/hobstop.ee\/media\/4771.jpg","datePublished":"2018-06-28T11:15:26+00:00","dateModified":"2018-06-28T11:15:26+00:00","breadcrumb":{"@id":"https:\/\/hobstop.ee\/lt\/produktas\/reples-drobei-sennelier\/#breadcrumb"},"inLanguage":"lt","potentialAction":[{"@type":"ReadAction","target":["https:\/\/hobstop.ee\/lt\/produktas\/reples-drobei-sennelier\/"]}]},{"@type":"ImageObject","inLanguage":"lt","@id":"https:\/\/hobstop.ee\/lt\/produktas\/reples-drobei-sennelier\/#primaryimage","url":"https:\/\/hobstop.ee\/media\/4771.jpg","contentUrl":"https:\/\/hobstop.ee\/media\/4771.jpg","width":1024,"height":768},{"@type":"BreadcrumbList","@id":"https:\/\/hobstop.ee\/lt\/produktas\/reples-drobei-sennelier\/#breadcrumb","itemListElement":[{"@type":"ListItem","position":1,"name":"Avaleht","item":"https:\/\/hobstop.ee\/lt\/"},{"@type":"ListItem","position":2,"name":"Parduotuv\u0117","item":"https:\/\/www.hobstop.ee\/lt\/parduotuve\/"},{"@type":"ListItem","position":3,"name":"Repl\u0117s drobei Sennelier"}]},{"@type":"WebSite","@id":"https:\/\/www.hobstop.ee\/lt\/#website","url":"https:\/\/www.hobstop.ee\/lt\/","name":"Skizze","description":"Dail\u0117s, pom\u0117gi\u0173 ir mokykliniai reikm\u0117nys","publisher":{"@id":"https:\/\/www.hobstop.ee\/lt\/#organization"},"potentialAction":[{"@type":"SearchAction","target":{"@type":"EntryPoint","urlTemplate":"https:\/\/www.hobstop.ee\/lt\/?s={search_term_string}"},"query-input":{"@type":"PropertyValueSpecification","valueRequired":true,"valueName":"search_term_string"}}],"inLanguage":"lt"},{"@type":"Organization","@id":"https:\/\/www.hobstop.ee\/lt\/#organization","name":"Vunder AS","url":"https:\/\/www.hobstop.ee\/lt\/","logo":{"@type":"ImageObject","inLanguage":"lt","@id":"https:\/\/www.hobstop.ee\/lt\/#\/schema\/logo\/image\/","url":"https:\/\/hobstop.ee\/media\/vunder-logo.png","contentUrl":"https:\/\/hobstop.ee\/media\/vunder-logo.png","width":127,"height":55,"caption":"Vunder AS"},"image":{"@id":"https:\/\/www.hobstop.ee\/lt\/#\/schema\/logo\/image\/"},"sameAs":["http:\/\/www.facebook.com\/VunderSkizze"]}]}},"_links":{"self":[{"href":"https:\/\/hobstop.ee\/lt\/wp-json\/wp\/v2\/product\/311976","targetHints":{"allow":["GET"]}}],"collection":[{"href":"https:\/\/hobstop.ee\/lt\/wp-json\/wp\/v2\/product"}],"about":[{"href":"https:\/\/hobstop.ee\/lt\/wp-json\/wp\/v2\/types\/product"}],"replies":[{"embeddable":true,"href":"https:\/\/hobstop.ee\/lt\/wp-json\/wp\/v2\/comments?post=311976"}],"wp:featuredmedia":[{"embeddable":true,"href":"https:\/\/hobstop.ee\/lt\/wp-json\/wp\/v2\/media\/312456"}],"wp:attachment":[{"href":"https:\/\/hobstop.ee\/lt\/wp-json\/wp\/v2\/media?parent=311976"}],"wp:term":[{"taxonomy":"product_cat","embeddable":true,"href":"https:\/\/hobstop.ee\/lt\/wp-json\/wp\/v2\/product_cat?post=311976"},{"taxonomy":"product_tag","embeddable":true,"href":"https:\/\/hobstop.ee\/lt\/wp-json\/wp\/v2\/product_tag?post=311976"}],"curies":[{"name":"wp","href":"https:\/\/api.w.org\/{rel}","templated":true}]}}